{"id":6390,"date":"2022-09-22T13:14:57","date_gmt":"2022-09-22T11:14:57","guid":{"rendered":"https:\/\/www.lraloeverashop.eu\/isencao-de-responsabilidade-de-informacoes-medicas\/"},"modified":"2024-05-19T09:14:17","modified_gmt":"2024-05-19T07:14:17","slug":"isencao-de-responsabilidade-medica","status":"publish","type":"page","link":"https:\/\/www.lraloeverashop.eu\/pt-pt\/isencao-de-responsabilidade-medica\/","title":{"rendered":"ISEN\u00c7\u00c3O DE RESPONSABILIDADE M\u00c9DICA"},"content":{"rendered":"\n<p class=\"has-medium-font-size\"><strong><mark style=\"background-color:rgba(0, 0, 0, 0)\" class=\"has-inline-color has-theme-palette-3-color\">1<strong>)&nbsp;<\/strong>N\u00c3O ACONSELHAMOS<\/mark><\/strong><\/p>\n\n\n\n<p>1.1 Nosso site cont\u00e9m informa\u00e7\u00f5es m\u00e9dicas gerais.<br>1.2 A informa\u00e7\u00e3o m\u00e9dica n\u00e3o \u00e9 um conselho e n\u00e3o deve ser tratada como tal.<\/p>\n\n\n\n<p class=\"has-medium-font-size\"><strong><mark style=\"background-color:rgba(0, 0, 0, 0)\" class=\"has-inline-color has-theme-palette-3-color\">2<strong>)&nbsp;<\/strong>N\u00c3O GARANTIMOS<\/mark><\/strong><\/p>\n\n\n\n<p>2.1 As informa\u00e7\u00f5es m\u00e9dicas em nosso site s\u00e3o fornecidas sem qualquer representa\u00e7\u00e3o ou garantia, expressa ou impl\u00edcita.<br>2.2 Sem limitar o escopo da Se\u00e7\u00e3o 2.1, n\u00e3o garantimos ou representamos que as informa\u00e7\u00f5es m\u00e9dicas neste site:<\/p>\n\n\n\n<p>(a) estar\u00e3o dispon\u00edveis constantemente, ou de maneira alguma; ou<\/p>\n\n\n\n<p>(b) sejam verdadeiras, precisas, completas, atuais ou n\u00e3o enganosas.<\/p>\n\n\n\n<p class=\"has-medium-font-size\"><strong><mark style=\"background-color:rgba(0, 0, 0, 0)\" class=\"has-inline-color has-theme-palette-3-color\">3<strong>)&nbsp;<\/strong>ASSIST\u00caNCIA M\u00c9DICA<\/mark><\/strong><\/p>\n\n\n\n<p>3.1 N\u00e3o deve tomar as informa\u00e7\u00f5es em nosso site como uma alternativa ao conselho do seu m\u00e9dico ou outro profissional de sa\u00fade.<br>3.2 Se tiver alguma d\u00favida espec\u00edfica sobre qualquer assunto m\u00e9dico, deve <a href=\"https:\/\/www.medis.pt\/\">consultar seu m\u00e9dico<\/a> ou outro profissional de sa\u00fade.<br>3.3 Se achar que pode estar sofrendo de qualquer condi\u00e7\u00e3o m\u00e9dica, deve procurar atendimento m\u00e9dico imediatamente.<br>3.4 Nunca deve adiar a procura de aconselhamento m\u00e9dico, ignorar o conselho m\u00e9dico ou interromper o tratamento m\u00e9dico devido \u00e0s informa\u00e7\u00f5es em nosso site.<\/p>\n\n\n\n<p class=\"has-medium-font-size\"><strong><mark style=\"background-color:rgba(0, 0, 0, 0)\" class=\"has-inline-color has-theme-palette-3-color\">4<strong>)&nbsp;<\/strong> FUN\u00c7\u00d5ES INTERATIVAS<\/mark><\/strong><\/p>\n\n\n\n<p>4.1 Nosso site inclui recursos interativos que permitem aos usu\u00e1rios se comunicarem conosco.<br>4.2 Deve reconhecer que, devido \u00e0 natureza limitada da comunica\u00e7\u00e3o por meio dos recursos interativos do nosso site, qualquer<br>4.3 Qualquer assist\u00eancia que possa receber usando os recursos interativos de <a href=\"https:\/\/www.lraloeverashop.eu\/pt-pt\">nosso site<\/a> n\u00e3o constitui um conselho m\u00e9dico e, portanto, n\u00e3o deve ser considerada sem a confirma\u00e7\u00e3o independente adicional.<\/p>\n\n\n\n<p class=\"has-medium-font-size\"><strong><mark style=\"background-color:rgba(0, 0, 0, 0)\" class=\"has-inline-color has-theme-palette-3-color\">5<strong>)&nbsp;<\/strong>LIMITES PARA AS ISEN\u00c7\u00d5ES DE RESPONSABILIDADE<\/mark><\/strong><\/p>\n\n\n\n<p>5.1 Nada neste aviso de isen\u00e7\u00e3o de responsabilidade:<\/p>\n\n\n\n<p>(a) limita ou exclui qualquer responsabilidade por morte ou danos pessoais resultantes de neglig\u00eancia;<\/p>\n\n\n\n<p>(b) limita ou exclui qualquer responsabilidade por fraude ou m\u00e1 interpreta\u00e7\u00e3o fraudulenta;<\/p>\n\n\n\n<p>(c) limita qualquer responsabilidade de qualquer forma que n\u00e3o seja permitida pela lei aplic\u00e1vel; ou<\/p>\n\n\n\n<p>(d) exclui qualquer responsabilidade que n\u00e3o possa ser exclu\u00edda pela legisla\u00e7\u00e3o aplic\u00e1vel.<\/p>\n","protected":false},"excerpt":{"rendered":"<p>1)&nbsp;N\u00c3O ACONSELHAMOS 1.1 Nosso site cont\u00e9m informa\u00e7\u00f5es m\u00e9dicas gerais.1.2 A informa\u00e7\u00e3o m\u00e9dica n\u00e3o \u00e9 um conselho e n\u00e3o deve ser tratada como tal. 2)&nbsp;N\u00c3O GARANTIMOS 2.1 As informa\u00e7\u00f5es m\u00e9dicas em nosso site s\u00e3o fornecidas sem qualquer representa\u00e7\u00e3o ou garantia, expressa ou impl\u00edcita.2.2 Sem limitar o escopo da Se\u00e7\u00e3o 2.1, n\u00e3o garantimos ou representamos que as&#8230;<\/p>\n","protected":false},"author":2,"featured_media":0,"parent":0,"menu_order":0,"comment_status":"closed","ping_status":"closed","template":"","meta":{"_kad_blocks_custom_css":"","_kad_blocks_head_custom_js":"","_kad_blocks_body_custom_js":"","_kad_blocks_footer_custom_js":"","_kadence_starter_templates_imported_post":false,"_kad_post_transparent":"","_kad_post_title":"","_kad_post_layout":"","_kad_post_sidebar_id":"","_kad_post_content_style":"","_kad_post_vertical_padding":"","_kad_post_feature":"","_kad_post_feature_position":"","_kad_post_header":false,"_kad_post_footer":false,"_kad_post_classname":"","footnotes":""},"class_list":["post-6390","page","type-page","status-publish","hentry"],"yoast_head":"<!-- This site is optimized with the Yoast SEO Premium plugin v27.6 (Yoast SEO v27.6) - https:\/\/yoast.com\/product\/yoast-seo-premium-wordpress\/ -->\n<title>Isen\u00e7\u00e3o De Responsabilidade M\u00e9dica Loja Lr Aloe Vera<\/title>\n<meta name=\"description\" content=\"Isen\u00e7\u00e3o de responsabilidade m\u00e9dica cont\u00e9m informa\u00e7\u00f5es gerais. Se voc\u00ea tiver alguma d\u00favida espec\u00edfica, consulte seu m\u00e9dico.\" \/>\n<meta name=\"robots\" content=\"index, follow, max-snippet:-1, max-image-preview:large, max-video-preview:-1\" \/>\n<link rel=\"canonical\" href=\"https:\/\/www.lraloeverashop.eu\/pt-pt\/isencao-de-responsabilidade-medica\/\" \/>\n<meta property=\"og:locale\" content=\"pt_PT\" \/>\n<meta property=\"og:type\" content=\"article\" \/>\n<meta property=\"og:title\" content=\"ISEN\u00c7\u00c3O DE RESPONSABILIDADE M\u00c9DICA\" \/>\n<meta property=\"og:description\" content=\"Isen\u00e7\u00e3o de responsabilidade m\u00e9dica cont\u00e9m informa\u00e7\u00f5es gerais. Se voc\u00ea tiver alguma d\u00favida espec\u00edfica, consulte seu m\u00e9dico.\" \/>\n<meta property=\"og:url\" content=\"https:\/\/www.lraloeverashop.eu\/pt-pt\/isencao-de-responsabilidade-medica\/\" \/>\n<meta property=\"og:site_name\" content=\"Lr Loja Aloe Vera\" \/>\n<meta property=\"article:publisher\" content=\"https:\/\/www.facebook.com\/lraloeverashop.eu\" \/>\n<meta property=\"article:modified_time\" content=\"2024-05-19T07:14:17+00:00\" \/>\n<meta property=\"og:image\" content=\"https:\/\/www.lraloeverashop.eu\/wp-content\/uploads\/2022\/10\/Zeitgard-Pro-Skin-Care.jpg\" \/>\n\t<meta property=\"og:image:width\" content=\"1607\" \/>\n\t<meta property=\"og:image:height\" content=\"707\" \/>\n\t<meta property=\"og:image:type\" content=\"image\/jpeg\" \/>\n<meta name=\"twitter:card\" content=\"summary_large_image\" \/>\n<meta name=\"twitter:site\" content=\"@natur__kosmetik\" \/>\n<script type=\"application\/ld+json\" class=\"yoast-schema-graph\">{\"@context\":\"https:\\\/\\\/schema.org\",\"@graph\":[{\"@type\":\"WebPage\",\"@id\":\"https:\\\/\\\/www.lraloeverashop.eu\\\/pt-pt\\\/isencao-de-responsabilidade-medica\\\/\",\"url\":\"https:\\\/\\\/www.lraloeverashop.eu\\\/pt-pt\\\/isencao-de-responsabilidade-medica\\\/\",\"name\":\"Isen\u00e7\u00e3o De Responsabilidade M\u00e9dica Loja Lr Aloe Vera\",\"isPartOf\":{\"@id\":\"https:\\\/\\\/www.lraloeverashop.eu\\\/pt-pt\\\/#website\"},\"datePublished\":\"2022-09-22T11:14:57+00:00\",\"dateModified\":\"2024-05-19T07:14:17+00:00\",\"description\":\"Isen\u00e7\u00e3o de responsabilidade m\u00e9dica cont\u00e9m informa\u00e7\u00f5es gerais. Se voc\u00ea tiver alguma d\u00favida espec\u00edfica, consulte seu m\u00e9dico.\",\"breadcrumb\":{\"@id\":\"https:\\\/\\\/www.lraloeverashop.eu\\\/pt-pt\\\/isencao-de-responsabilidade-medica\\\/#breadcrumb\"},\"inLanguage\":\"pt-PT\",\"potentialAction\":[{\"@type\":\"ReadAction\",\"target\":[\"https:\\\/\\\/www.lraloeverashop.eu\\\/pt-pt\\\/isencao-de-responsabilidade-medica\\\/\"]}]},{\"@type\":\"BreadcrumbList\",\"@id\":\"https:\\\/\\\/www.lraloeverashop.eu\\\/pt-pt\\\/isencao-de-responsabilidade-medica\\\/#breadcrumb\",\"itemListElement\":[{\"@type\":\"ListItem\",\"position\":1,\"name\":\"Home\",\"item\":\"https:\\\/\\\/www.lraloeverashop.eu\\\/pt-pt\\\/\"},{\"@type\":\"ListItem\",\"position\":2,\"name\":\"ISEN\u00c7\u00c3O DE RESPONSABILIDADE M\u00c9DICA\"}]},{\"@type\":\"WebSite\",\"@id\":\"https:\\\/\\\/www.lraloeverashop.eu\\\/pt-pt\\\/#website\",\"url\":\"https:\\\/\\\/www.lraloeverashop.eu\\\/pt-pt\\\/\",\"name\":\"Lr Loja Aloe Vera\",\"description\":\"High Quality Lr Aloe Vera Gel, Aloe Vera Cream and Shampoo\",\"publisher\":{\"@id\":\"https:\\\/\\\/www.lraloeverashop.eu\\\/pt-pt\\\/#organization\"},\"alternateName\":\"LR\",\"potentialAction\":[{\"@type\":\"SearchAction\",\"target\":{\"@type\":\"EntryPoint\",\"urlTemplate\":\"https:\\\/\\\/www.lraloeverashop.eu\\\/pt-pt\\\/?s={search_term_string}\"},\"query-input\":{\"@type\":\"PropertyValueSpecification\",\"valueRequired\":true,\"valueName\":\"search_term_string\"}}],\"inLanguage\":\"pt-PT\"},{\"@type\":\"Organization\",\"@id\":\"https:\\\/\\\/www.lraloeverashop.eu\\\/pt-pt\\\/#organization\",\"name\":\"Loja Lr Aloe Vera\",\"alternateName\":\"LR\",\"url\":\"https:\\\/\\\/www.lraloeverashop.eu\\\/pt-pt\\\/\",\"logo\":{\"@type\":\"ImageObject\",\"inLanguage\":\"pt-PT\",\"@id\":\"https:\\\/\\\/www.lraloeverashop.eu\\\/pt-pt\\\/#\\\/schema\\\/logo\\\/image\\\/\",\"url\":\"https:\\\/\\\/www.lraloeverashop.eu\\\/wp-content\\\/uploads\\\/2022\\\/09\\\/cropped-Lr-Aloe-Vera-Shop.jpg\",\"contentUrl\":\"https:\\\/\\\/www.lraloeverashop.eu\\\/wp-content\\\/uploads\\\/2022\\\/09\\\/cropped-Lr-Aloe-Vera-Shop.jpg\",\"width\":228,\"height\":76,\"caption\":\"Loja Lr Aloe Vera\"},\"image\":{\"@id\":\"https:\\\/\\\/www.lraloeverashop.eu\\\/pt-pt\\\/#\\\/schema\\\/logo\\\/image\\\/\"},\"sameAs\":[\"https:\\\/\\\/www.facebook.com\\\/lraloeverashop.eu\",\"https:\\\/\\\/x.com\\\/natur__kosmetik\",\"https:\\\/\\\/www.youtube.com\\\/channel\\\/UC5oN7BJ8nfYb8RpVtjwDEBA\",\"https:\\\/\\\/www.instagram.com\\\/lrbeautyeu\\\/\"],\"description\":\"Loja Lr Aloe Vera \u00e9 o seu destino de confian\u00e7a para os produtos de sa\u00fade e beleza premium da LR, fabricados na Alemanha. Oferecemos solu\u00e7\u00f5es de alta qualidade para o cuidado da pele, nutri\u00e7\u00e3o e antienvelhecimento \u00e0 base de Alo\u00e9 Vera, elaboradas com ingredientes puros e apoiadas em investiga\u00e7\u00e3o cient\u00edfica. Descubra o cuidado natural que regenera, protege e revitaliza a sua pele \u2014 e aproveite as ofertas mensais exclusivas nos nossos produtos LR Alo\u00e9 Vera mais vendidos.\\nComece hoje mesmo a sua jornada de cuidados naturais com a pele e sinta a diferen\u00e7a.\",\"email\":\"info@lraloeverashop.eu\",\"telephone\":\"+49 17670609653\",\"legalName\":\"Lr Aloe Vera Shop\",\"foundingDate\":\"2018-04-21\",\"numberOfEmployees\":{\"@type\":\"QuantitativeValue\",\"minValue\":\"1\",\"maxValue\":\"10\"}}]}<\/script>\n<!-- \/ Yoast SEO Premium plugin. -->","yoast_head_json":{"title":"Isen\u00e7\u00e3o De Responsabilidade M\u00e9dica Loja Lr Aloe Vera","description":"Isen\u00e7\u00e3o de responsabilidade m\u00e9dica cont\u00e9m informa\u00e7\u00f5es gerais. Se voc\u00ea tiver alguma d\u00favida espec\u00edfica, consulte seu m\u00e9dico.","robots":{"index":"index","follow":"follow","max-snippet":"max-snippet:-1","max-image-preview":"max-image-preview:large","max-video-preview":"max-video-preview:-1"},"canonical":"https:\/\/www.lraloeverashop.eu\/pt-pt\/isencao-de-responsabilidade-medica\/","og_locale":"pt_PT","og_type":"article","og_title":"ISEN\u00c7\u00c3O DE RESPONSABILIDADE M\u00c9DICA","og_description":"Isen\u00e7\u00e3o de responsabilidade m\u00e9dica cont\u00e9m informa\u00e7\u00f5es gerais. Se voc\u00ea tiver alguma d\u00favida espec\u00edfica, consulte seu m\u00e9dico.","og_url":"https:\/\/www.lraloeverashop.eu\/pt-pt\/isencao-de-responsabilidade-medica\/","og_site_name":"Lr Loja Aloe Vera","article_publisher":"https:\/\/www.facebook.com\/lraloeverashop.eu","article_modified_time":"2024-05-19T07:14:17+00:00","og_image":[{"width":1607,"height":707,"url":"https:\/\/www.lraloeverashop.eu\/wp-content\/uploads\/2022\/10\/Zeitgard-Pro-Skin-Care.jpg","type":"image\/jpeg"}],"twitter_card":"summary_large_image","twitter_site":"@natur__kosmetik","schema":{"@context":"https:\/\/schema.org","@graph":[{"@type":"WebPage","@id":"https:\/\/www.lraloeverashop.eu\/pt-pt\/isencao-de-responsabilidade-medica\/","url":"https:\/\/www.lraloeverashop.eu\/pt-pt\/isencao-de-responsabilidade-medica\/","name":"Isen\u00e7\u00e3o De Responsabilidade M\u00e9dica Loja Lr Aloe Vera","isPartOf":{"@id":"https:\/\/www.lraloeverashop.eu\/pt-pt\/#website"},"datePublished":"2022-09-22T11:14:57+00:00","dateModified":"2024-05-19T07:14:17+00:00","description":"Isen\u00e7\u00e3o de responsabilidade m\u00e9dica cont\u00e9m informa\u00e7\u00f5es gerais. Se voc\u00ea tiver alguma d\u00favida espec\u00edfica, consulte seu m\u00e9dico.","breadcrumb":{"@id":"https:\/\/www.lraloeverashop.eu\/pt-pt\/isencao-de-responsabilidade-medica\/#breadcrumb"},"inLanguage":"pt-PT","potentialAction":[{"@type":"ReadAction","target":["https:\/\/www.lraloeverashop.eu\/pt-pt\/isencao-de-responsabilidade-medica\/"]}]},{"@type":"BreadcrumbList","@id":"https:\/\/www.lraloeverashop.eu\/pt-pt\/isencao-de-responsabilidade-medica\/#breadcrumb","itemListElement":[{"@type":"ListItem","position":1,"name":"Home","item":"https:\/\/www.lraloeverashop.eu\/pt-pt\/"},{"@type":"ListItem","position":2,"name":"ISEN\u00c7\u00c3O DE RESPONSABILIDADE M\u00c9DICA"}]},{"@type":"WebSite","@id":"https:\/\/www.lraloeverashop.eu\/pt-pt\/#website","url":"https:\/\/www.lraloeverashop.eu\/pt-pt\/","name":"Lr Loja Aloe Vera","description":"High Quality Lr Aloe Vera Gel, Aloe Vera Cream and Shampoo","publisher":{"@id":"https:\/\/www.lraloeverashop.eu\/pt-pt\/#organization"},"alternateName":"LR","potentialAction":[{"@type":"SearchAction","target":{"@type":"EntryPoint","urlTemplate":"https:\/\/www.lraloeverashop.eu\/pt-pt\/?s={search_term_string}"},"query-input":{"@type":"PropertyValueSpecification","valueRequired":true,"valueName":"search_term_string"}}],"inLanguage":"pt-PT"},{"@type":"Organization","@id":"https:\/\/www.lraloeverashop.eu\/pt-pt\/#organization","name":"Loja Lr Aloe Vera","alternateName":"LR","url":"https:\/\/www.lraloeverashop.eu\/pt-pt\/","logo":{"@type":"ImageObject","inLanguage":"pt-PT","@id":"https:\/\/www.lraloeverashop.eu\/pt-pt\/#\/schema\/logo\/image\/","url":"https:\/\/www.lraloeverashop.eu\/wp-content\/uploads\/2022\/09\/cropped-Lr-Aloe-Vera-Shop.jpg","contentUrl":"https:\/\/www.lraloeverashop.eu\/wp-content\/uploads\/2022\/09\/cropped-Lr-Aloe-Vera-Shop.jpg","width":228,"height":76,"caption":"Loja Lr Aloe Vera"},"image":{"@id":"https:\/\/www.lraloeverashop.eu\/pt-pt\/#\/schema\/logo\/image\/"},"sameAs":["https:\/\/www.facebook.com\/lraloeverashop.eu","https:\/\/x.com\/natur__kosmetik","https:\/\/www.youtube.com\/channel\/UC5oN7BJ8nfYb8RpVtjwDEBA","https:\/\/www.instagram.com\/lrbeautyeu\/"],"description":"Loja Lr Aloe Vera \u00e9 o seu destino de confian\u00e7a para os produtos de sa\u00fade e beleza premium da LR, fabricados na Alemanha. Oferecemos solu\u00e7\u00f5es de alta qualidade para o cuidado da pele, nutri\u00e7\u00e3o e antienvelhecimento \u00e0 base de Alo\u00e9 Vera, elaboradas com ingredientes puros e apoiadas em investiga\u00e7\u00e3o cient\u00edfica. Descubra o cuidado natural que regenera, protege e revitaliza a sua pele \u2014 e aproveite as ofertas mensais exclusivas nos nossos produtos LR Alo\u00e9 Vera mais vendidos.\nComece hoje mesmo a sua jornada de cuidados naturais com a pele e sinta a diferen\u00e7a.","email":"info@lraloeverashop.eu","telephone":"+49 17670609653","legalName":"Lr Aloe Vera Shop","foundingDate":"2018-04-21","numberOfEmployees":{"@type":"QuantitativeValue","minValue":"1","maxValue":"10"}}]}},"taxonomy_info":[],"featured_image_src_large":false,"author_info":{"display_name":"Stanislav Rurik","author_link":"https:\/\/www.lraloeverashop.eu\/pt-pt\/author\/admin_stanislavrurik\/"},"comment_info":0,"_links":{"self":[{"href":"https:\/\/www.lraloeverashop.eu\/pt-pt\/wp-json\/wp\/v2\/pages\/6390","targetHints":{"allow":["GET"]}}],"collection":[{"href":"https:\/\/www.lraloeverashop.eu\/pt-pt\/wp-json\/wp\/v2\/pages"}],"about":[{"href":"https:\/\/www.lraloeverashop.eu\/pt-pt\/wp-json\/wp\/v2\/types\/page"}],"author":[{"embeddable":true,"href":"https:\/\/www.lraloeverashop.eu\/pt-pt\/wp-json\/wp\/v2\/users\/2"}],"replies":[{"embeddable":true,"href":"https:\/\/www.lraloeverashop.eu\/pt-pt\/wp-json\/wp\/v2\/comments?post=6390"}],"version-history":[{"count":0,"href":"https:\/\/www.lraloeverashop.eu\/pt-pt\/wp-json\/wp\/v2\/pages\/6390\/revisions"}],"wp:attachment":[{"href":"https:\/\/www.lraloeverashop.eu\/pt-pt\/wp-json\/wp\/v2\/media?parent=6390"}],"curies":[{"name":"wp","href":"https:\/\/api.w.org\/{rel}","templated":true}]}}