{"id":6264,"date":"2022-09-24T16:59:00","date_gmt":"2022-09-24T14:59:00","guid":{"rendered":"https:\/\/www.lraloeverashop.eu\/imprint\/"},"modified":"2025-04-13T16:01:10","modified_gmt":"2025-04-13T14:01:10","slug":"imprint","status":"publish","type":"page","link":"https:\/\/www.lraloeverashop.eu\/pt-pt\/imprint\/","title":{"rendered":"Imprint"},"content":{"rendered":"\n<figure class=\"wp-block-image size-full\"><img loading=\"lazy\" decoding=\"async\" width=\"228\" height=\"76\" src=\"https:\/\/www.lraloeverashop.eu\/wp-content\/uploads\/2022\/09\/cropped-Lr-Aloe-Vera-Shop.jpg\" alt=\"\" class=\"wp-image-1358\"\/><\/figure>\n\n<h2 class=\"wp-block-heading\" id=\"h-lr-aloe-vera-shop\">Loja Lr Aloe Vera<\/h2>\n\n<h4 class=\"wp-block-heading has-small-font-size\" id=\"h-independent-distributor-of-lr-aloe-vera-products\" style=\"text-transform:uppercase\">Lr Health &amp; Beauty &#8211; Distribuidor independente<\/h4>\n\n<p>Stanislav Rurik<br\/>Schillerstr. 8<br\/>70771 Leinfelden-Echterdingen<br\/>Alemanha<\/p>\n\n<p>Tel.: +49 176 70609653<br\/>e-mail: info@lraloeverashop.eu<\/p>\n\n<p>N\u00famero de identifica\u00e7\u00e3o do imposto sobre as vendas: DE337598875<\/p>\n\n<p>Plataforma da Comiss\u00e3o Europeia para a resolu\u00e7\u00e3o de lit\u00edgios online: <a href=\"https:\/\/ec.europa.eu\/consumers\/odr\">https:\/\/ec.europa.eu\/consumers\/odr<\/a><\/p>\n\n<p>N\u00e3o somos obrigados nem estamos dispostos a participar em procedimentos de resolu\u00e7\u00e3o de lit\u00edgios perante um conselho de arbitragem de consumidores.<\/p>\n","protected":false},"excerpt":{"rendered":"<p>Loja Lr Aloe Vera Lr Health &amp; Beauty &#8211; Distribuidor independente Stanislav RurikSchillerstr. 870771 Leinfelden-EchterdingenAlemanha Tel.: +49 176 70609653e-mail: info@lraloeverashop.eu N\u00famero de identifica\u00e7\u00e3o do imposto sobre as vendas: DE337598875 Plataforma da Comiss\u00e3o Europeia para a resolu\u00e7\u00e3o de lit\u00edgios online: https:\/\/ec.europa.eu\/consumers\/odr N\u00e3o somos obrigados nem estamos dispostos a participar em procedimentos de resolu\u00e7\u00e3o de lit\u00edgios perante&#8230;<\/p>\n","protected":false},"author":2,"featured_media":0,"parent":0,"menu_order":0,"comment_status":"closed","ping_status":"closed","template":"","meta":{"_kad_blocks_custom_css":"","_kad_blocks_head_custom_js":"","_kad_blocks_body_custom_js":"","_kad_blocks_footer_custom_js":"","_kadence_starter_templates_imported_post":false,"_kad_post_transparent":"","_kad_post_title":"","_kad_post_layout":"","_kad_post_sidebar_id":"","_kad_post_content_style":"","_kad_post_vertical_padding":"","_kad_post_feature":"","_kad_post_feature_position":"","_kad_post_header":false,"_kad_post_footer":false,"_kad_post_classname":"","footnotes":""},"class_list":["post-6264","page","type-page","status-publish","hentry"],"yoast_head":"<!-- This site is optimized with the Yoast SEO Premium plugin v27.6 (Yoast SEO v27.6) - https:\/\/yoast.com\/product\/yoast-seo-premium-wordpress\/ -->\n<title>Imprint Loja Lr Aloe Vera - Distribuidor Independente de Lr<\/title>\n<meta name=\"description\" content=\"Imprint Loja Lr Aloe Vera - Distribuidor Independente da Lr Health &amp; Beauty na Uni\u00e3o Europeia. T: +49 17670609653 E: info@lraloeverashop.eu\" \/>\n<meta name=\"robots\" content=\"index, follow, max-snippet:-1, max-image-preview:large, max-video-preview:-1\" \/>\n<link rel=\"canonical\" href=\"https:\/\/www.lraloeverashop.eu\/pt-pt\/imprint\/\" \/>\n<meta property=\"og:locale\" content=\"pt_PT\" \/>\n<meta property=\"og:type\" content=\"article\" \/>\n<meta property=\"og:title\" content=\"Imprint\" \/>\n<meta property=\"og:description\" content=\"Imprint Loja Lr Aloe Vera - Distribuidor Independente da Lr Health &amp; Beauty na Uni\u00e3o Europeia. T: +49 17670609653 E: info@lraloeverashop.eu\" \/>\n<meta property=\"og:url\" content=\"https:\/\/www.lraloeverashop.eu\/pt-pt\/imprint\/\" \/>\n<meta property=\"og:site_name\" content=\"Lr Loja Aloe Vera\" \/>\n<meta property=\"article:publisher\" content=\"https:\/\/www.facebook.com\/lraloeverashop.eu\" \/>\n<meta property=\"article:modified_time\" content=\"2025-04-13T14:01:10+00:00\" \/>\n<meta property=\"og:image\" content=\"https:\/\/www.lraloeverashop.eu\/wp-content\/uploads\/2022\/09\/cropped-Lr-Aloe-Vera-Shop.jpg\" \/>\n\t<meta property=\"og:image:width\" content=\"228\" \/>\n\t<meta property=\"og:image:height\" content=\"76\" \/>\n\t<meta property=\"og:image:type\" content=\"image\/jpeg\" \/>\n<meta name=\"twitter:card\" content=\"summary_large_image\" \/>\n<meta name=\"twitter:site\" content=\"@natur__kosmetik\" \/>\n<script type=\"application\/ld+json\" class=\"yoast-schema-graph\">{\"@context\":\"https:\\\/\\\/schema.org\",\"@graph\":[{\"@type\":\"WebPage\",\"@id\":\"https:\\\/\\\/www.lraloeverashop.eu\\\/pt-pt\\\/imprint\\\/\",\"url\":\"https:\\\/\\\/www.lraloeverashop.eu\\\/pt-pt\\\/imprint\\\/\",\"name\":\"Imprint Loja Lr Aloe Vera - Distribuidor Independente de Lr\",\"isPartOf\":{\"@id\":\"https:\\\/\\\/www.lraloeverashop.eu\\\/pt-pt\\\/#website\"},\"primaryImageOfPage\":{\"@id\":\"https:\\\/\\\/www.lraloeverashop.eu\\\/pt-pt\\\/imprint\\\/#primaryimage\"},\"image\":{\"@id\":\"https:\\\/\\\/www.lraloeverashop.eu\\\/pt-pt\\\/imprint\\\/#primaryimage\"},\"thumbnailUrl\":\"https:\\\/\\\/www.lraloeverashop.eu\\\/wp-content\\\/uploads\\\/2022\\\/09\\\/cropped-Lr-Aloe-Vera-Shop.jpg\",\"datePublished\":\"2022-09-24T14:59:00+00:00\",\"dateModified\":\"2025-04-13T14:01:10+00:00\",\"description\":\"Imprint Loja Lr Aloe Vera - Distribuidor Independente da Lr Health & Beauty na Uni\u00e3o Europeia. T: +49 17670609653 E: info@lraloeverashop.eu\",\"breadcrumb\":{\"@id\":\"https:\\\/\\\/www.lraloeverashop.eu\\\/pt-pt\\\/imprint\\\/#breadcrumb\"},\"inLanguage\":\"pt-PT\",\"potentialAction\":[{\"@type\":\"ReadAction\",\"target\":[\"https:\\\/\\\/www.lraloeverashop.eu\\\/pt-pt\\\/imprint\\\/\"]}]},{\"@type\":\"ImageObject\",\"inLanguage\":\"pt-PT\",\"@id\":\"https:\\\/\\\/www.lraloeverashop.eu\\\/pt-pt\\\/imprint\\\/#primaryimage\",\"url\":\"https:\\\/\\\/www.lraloeverashop.eu\\\/wp-content\\\/uploads\\\/2022\\\/09\\\/cropped-Lr-Aloe-Vera-Shop.jpg\",\"contentUrl\":\"https:\\\/\\\/www.lraloeverashop.eu\\\/wp-content\\\/uploads\\\/2022\\\/09\\\/cropped-Lr-Aloe-Vera-Shop.jpg\"},{\"@type\":\"BreadcrumbList\",\"@id\":\"https:\\\/\\\/www.lraloeverashop.eu\\\/pt-pt\\\/imprint\\\/#breadcrumb\",\"itemListElement\":[{\"@type\":\"ListItem\",\"position\":1,\"name\":\"Home\",\"item\":\"https:\\\/\\\/www.lraloeverashop.eu\\\/pt-pt\\\/\"},{\"@type\":\"ListItem\",\"position\":2,\"name\":\"Imprint\"}]},{\"@type\":\"WebSite\",\"@id\":\"https:\\\/\\\/www.lraloeverashop.eu\\\/pt-pt\\\/#website\",\"url\":\"https:\\\/\\\/www.lraloeverashop.eu\\\/pt-pt\\\/\",\"name\":\"Lr Loja Aloe Vera\",\"description\":\"High Quality Lr Aloe Vera Gel, Aloe Vera Cream and Shampoo\",\"publisher\":{\"@id\":\"https:\\\/\\\/www.lraloeverashop.eu\\\/pt-pt\\\/#organization\"},\"alternateName\":\"LR\",\"potentialAction\":[{\"@type\":\"SearchAction\",\"target\":{\"@type\":\"EntryPoint\",\"urlTemplate\":\"https:\\\/\\\/www.lraloeverashop.eu\\\/pt-pt\\\/?s={search_term_string}\"},\"query-input\":{\"@type\":\"PropertyValueSpecification\",\"valueRequired\":true,\"valueName\":\"search_term_string\"}}],\"inLanguage\":\"pt-PT\"},{\"@type\":\"Organization\",\"@id\":\"https:\\\/\\\/www.lraloeverashop.eu\\\/pt-pt\\\/#organization\",\"name\":\"Loja Lr Aloe Vera\",\"alternateName\":\"LR\",\"url\":\"https:\\\/\\\/www.lraloeverashop.eu\\\/pt-pt\\\/\",\"logo\":{\"@type\":\"ImageObject\",\"inLanguage\":\"pt-PT\",\"@id\":\"https:\\\/\\\/www.lraloeverashop.eu\\\/pt-pt\\\/#\\\/schema\\\/logo\\\/image\\\/\",\"url\":\"https:\\\/\\\/www.lraloeverashop.eu\\\/wp-content\\\/uploads\\\/2022\\\/09\\\/cropped-Lr-Aloe-Vera-Shop.jpg\",\"contentUrl\":\"https:\\\/\\\/www.lraloeverashop.eu\\\/wp-content\\\/uploads\\\/2022\\\/09\\\/cropped-Lr-Aloe-Vera-Shop.jpg\",\"width\":228,\"height\":76,\"caption\":\"Loja Lr Aloe Vera\"},\"image\":{\"@id\":\"https:\\\/\\\/www.lraloeverashop.eu\\\/pt-pt\\\/#\\\/schema\\\/logo\\\/image\\\/\"},\"sameAs\":[\"https:\\\/\\\/www.facebook.com\\\/lraloeverashop.eu\",\"https:\\\/\\\/x.com\\\/natur__kosmetik\",\"https:\\\/\\\/www.youtube.com\\\/channel\\\/UC5oN7BJ8nfYb8RpVtjwDEBA\",\"https:\\\/\\\/www.instagram.com\\\/lrbeautyeu\\\/\"],\"description\":\"Loja Lr Aloe Vera \u00e9 o seu destino de confian\u00e7a para os produtos de sa\u00fade e beleza premium da LR, fabricados na Alemanha. Oferecemos solu\u00e7\u00f5es de alta qualidade para o cuidado da pele, nutri\u00e7\u00e3o e antienvelhecimento \u00e0 base de Alo\u00e9 Vera, elaboradas com ingredientes puros e apoiadas em investiga\u00e7\u00e3o cient\u00edfica. Descubra o cuidado natural que regenera, protege e revitaliza a sua pele \u2014 e aproveite as ofertas mensais exclusivas nos nossos produtos LR Alo\u00e9 Vera mais vendidos.\\nComece hoje mesmo a sua jornada de cuidados naturais com a pele e sinta a diferen\u00e7a.\",\"email\":\"info@lraloeverashop.eu\",\"telephone\":\"+49 17670609653\",\"legalName\":\"Lr Aloe Vera Shop\",\"foundingDate\":\"2018-04-21\",\"numberOfEmployees\":{\"@type\":\"QuantitativeValue\",\"minValue\":\"1\",\"maxValue\":\"10\"}}]}<\/script>\n<!-- \/ Yoast SEO Premium plugin. -->","yoast_head_json":{"title":"Imprint Loja Lr Aloe Vera - Distribuidor Independente de Lr","description":"Imprint Loja Lr Aloe Vera - Distribuidor Independente da Lr Health & Beauty na Uni\u00e3o Europeia. T: +49 17670609653 E: info@lraloeverashop.eu","robots":{"index":"index","follow":"follow","max-snippet":"max-snippet:-1","max-image-preview":"max-image-preview:large","max-video-preview":"max-video-preview:-1"},"canonical":"https:\/\/www.lraloeverashop.eu\/pt-pt\/imprint\/","og_locale":"pt_PT","og_type":"article","og_title":"Imprint","og_description":"Imprint Loja Lr Aloe Vera - Distribuidor Independente da Lr Health & Beauty na Uni\u00e3o Europeia. T: +49 17670609653 E: info@lraloeverashop.eu","og_url":"https:\/\/www.lraloeverashop.eu\/pt-pt\/imprint\/","og_site_name":"Lr Loja Aloe Vera","article_publisher":"https:\/\/www.facebook.com\/lraloeverashop.eu","article_modified_time":"2025-04-13T14:01:10+00:00","og_image":[{"width":228,"height":76,"url":"https:\/\/www.lraloeverashop.eu\/wp-content\/uploads\/2022\/09\/cropped-Lr-Aloe-Vera-Shop.jpg","type":"image\/jpeg"}],"twitter_card":"summary_large_image","twitter_site":"@natur__kosmetik","schema":{"@context":"https:\/\/schema.org","@graph":[{"@type":"WebPage","@id":"https:\/\/www.lraloeverashop.eu\/pt-pt\/imprint\/","url":"https:\/\/www.lraloeverashop.eu\/pt-pt\/imprint\/","name":"Imprint Loja Lr Aloe Vera - Distribuidor Independente de Lr","isPartOf":{"@id":"https:\/\/www.lraloeverashop.eu\/pt-pt\/#website"},"primaryImageOfPage":{"@id":"https:\/\/www.lraloeverashop.eu\/pt-pt\/imprint\/#primaryimage"},"image":{"@id":"https:\/\/www.lraloeverashop.eu\/pt-pt\/imprint\/#primaryimage"},"thumbnailUrl":"https:\/\/www.lraloeverashop.eu\/wp-content\/uploads\/2022\/09\/cropped-Lr-Aloe-Vera-Shop.jpg","datePublished":"2022-09-24T14:59:00+00:00","dateModified":"2025-04-13T14:01:10+00:00","description":"Imprint Loja Lr Aloe Vera - Distribuidor Independente da Lr Health & Beauty na Uni\u00e3o Europeia. T: +49 17670609653 E: info@lraloeverashop.eu","breadcrumb":{"@id":"https:\/\/www.lraloeverashop.eu\/pt-pt\/imprint\/#breadcrumb"},"inLanguage":"pt-PT","potentialAction":[{"@type":"ReadAction","target":["https:\/\/www.lraloeverashop.eu\/pt-pt\/imprint\/"]}]},{"@type":"ImageObject","inLanguage":"pt-PT","@id":"https:\/\/www.lraloeverashop.eu\/pt-pt\/imprint\/#primaryimage","url":"https:\/\/www.lraloeverashop.eu\/wp-content\/uploads\/2022\/09\/cropped-Lr-Aloe-Vera-Shop.jpg","contentUrl":"https:\/\/www.lraloeverashop.eu\/wp-content\/uploads\/2022\/09\/cropped-Lr-Aloe-Vera-Shop.jpg"},{"@type":"BreadcrumbList","@id":"https:\/\/www.lraloeverashop.eu\/pt-pt\/imprint\/#breadcrumb","itemListElement":[{"@type":"ListItem","position":1,"name":"Home","item":"https:\/\/www.lraloeverashop.eu\/pt-pt\/"},{"@type":"ListItem","position":2,"name":"Imprint"}]},{"@type":"WebSite","@id":"https:\/\/www.lraloeverashop.eu\/pt-pt\/#website","url":"https:\/\/www.lraloeverashop.eu\/pt-pt\/","name":"Lr Loja Aloe Vera","description":"High Quality Lr Aloe Vera Gel, Aloe Vera Cream and Shampoo","publisher":{"@id":"https:\/\/www.lraloeverashop.eu\/pt-pt\/#organization"},"alternateName":"LR","potentialAction":[{"@type":"SearchAction","target":{"@type":"EntryPoint","urlTemplate":"https:\/\/www.lraloeverashop.eu\/pt-pt\/?s={search_term_string}"},"query-input":{"@type":"PropertyValueSpecification","valueRequired":true,"valueName":"search_term_string"}}],"inLanguage":"pt-PT"},{"@type":"Organization","@id":"https:\/\/www.lraloeverashop.eu\/pt-pt\/#organization","name":"Loja Lr Aloe Vera","alternateName":"LR","url":"https:\/\/www.lraloeverashop.eu\/pt-pt\/","logo":{"@type":"ImageObject","inLanguage":"pt-PT","@id":"https:\/\/www.lraloeverashop.eu\/pt-pt\/#\/schema\/logo\/image\/","url":"https:\/\/www.lraloeverashop.eu\/wp-content\/uploads\/2022\/09\/cropped-Lr-Aloe-Vera-Shop.jpg","contentUrl":"https:\/\/www.lraloeverashop.eu\/wp-content\/uploads\/2022\/09\/cropped-Lr-Aloe-Vera-Shop.jpg","width":228,"height":76,"caption":"Loja Lr Aloe Vera"},"image":{"@id":"https:\/\/www.lraloeverashop.eu\/pt-pt\/#\/schema\/logo\/image\/"},"sameAs":["https:\/\/www.facebook.com\/lraloeverashop.eu","https:\/\/x.com\/natur__kosmetik","https:\/\/www.youtube.com\/channel\/UC5oN7BJ8nfYb8RpVtjwDEBA","https:\/\/www.instagram.com\/lrbeautyeu\/"],"description":"Loja Lr Aloe Vera \u00e9 o seu destino de confian\u00e7a para os produtos de sa\u00fade e beleza premium da LR, fabricados na Alemanha. Oferecemos solu\u00e7\u00f5es de alta qualidade para o cuidado da pele, nutri\u00e7\u00e3o e antienvelhecimento \u00e0 base de Alo\u00e9 Vera, elaboradas com ingredientes puros e apoiadas em investiga\u00e7\u00e3o cient\u00edfica. Descubra o cuidado natural que regenera, protege e revitaliza a sua pele \u2014 e aproveite as ofertas mensais exclusivas nos nossos produtos LR Alo\u00e9 Vera mais vendidos.\nComece hoje mesmo a sua jornada de cuidados naturais com a pele e sinta a diferen\u00e7a.","email":"info@lraloeverashop.eu","telephone":"+49 17670609653","legalName":"Lr Aloe Vera Shop","foundingDate":"2018-04-21","numberOfEmployees":{"@type":"QuantitativeValue","minValue":"1","maxValue":"10"}}]}},"taxonomy_info":[],"featured_image_src_large":false,"author_info":{"display_name":"Stanislav Rurik","author_link":"https:\/\/www.lraloeverashop.eu\/pt-pt\/author\/admin_stanislavrurik\/"},"comment_info":0,"_links":{"self":[{"href":"https:\/\/www.lraloeverashop.eu\/pt-pt\/wp-json\/wp\/v2\/pages\/6264","targetHints":{"allow":["GET"]}}],"collection":[{"href":"https:\/\/www.lraloeverashop.eu\/pt-pt\/wp-json\/wp\/v2\/pages"}],"about":[{"href":"https:\/\/www.lraloeverashop.eu\/pt-pt\/wp-json\/wp\/v2\/types\/page"}],"author":[{"embeddable":true,"href":"https:\/\/www.lraloeverashop.eu\/pt-pt\/wp-json\/wp\/v2\/users\/2"}],"replies":[{"embeddable":true,"href":"https:\/\/www.lraloeverashop.eu\/pt-pt\/wp-json\/wp\/v2\/comments?post=6264"}],"version-history":[{"count":0,"href":"https:\/\/www.lraloeverashop.eu\/pt-pt\/wp-json\/wp\/v2\/pages\/6264\/revisions"}],"wp:attachment":[{"href":"https:\/\/www.lraloeverashop.eu\/pt-pt\/wp-json\/wp\/v2\/media?parent=6264"}],"curies":[{"name":"wp","href":"https:\/\/api.w.org\/{rel}","templated":true}]}}