{"id":30130,"date":"2024-11-04T17:28:57","date_gmt":"2024-11-04T16:28:57","guid":{"rendered":"https:\/\/www.lraloeverashop.eu\/product\/zestaw-do-pielegnacji-twarzy-beauty-diamonds\/"},"modified":"2026-04-05T15:50:38","modified_gmt":"2026-04-05T13:50:38","slug":"zestaw-do-pielegnacji-twarzy-beauty-diamonds","status":"publish","type":"product","link":"https:\/\/www.lraloeverashop.eu\/pl\/produkt\/zestaw-do-pielegnacji-twarzy-beauty-diamonds\/","title":{"rendered":"Zestaw do Piel\u0119gnacji twarzy Beauty Diamonds"},"content":{"rendered":"<p>&nbsp;<\/p>\n<h2>Zestaw do piel\u0119gnacji twarzy Beauty Diamonds<\/h2>\n<p><span style=\"font-size: 18px;\"><strong>Zestaw do piel\u0119gnacji twarzy Beauty Diamonds z efektem przeciwstarzeniowym<\/strong><\/span><\/p>\n<p>Zestaw Beauty Diamonds zapewnia Twojej sk\u00f3rze promienny wygl\u0105d oraz optymaln\u0105 piel\u0119gnacj\u0119 ka\u017cdego dnia.<\/p>\n<p><strong>Krem na dzie\u0144 Beauty Diamonds<\/strong> intensywnie od\u017cywia sk\u00f3r\u0119 i wzmacnia j\u0105 z dnia na dzie\u0144 poprzez stymulacj\u0119 produkcji kolagenu \u2013 sk\u00f3ra staje si\u0119 wyra\u017anie bardziej j\u0119drna i wyg\u0142adzona. Zapewnia jedwabist\u0105 mi\u0119kko\u015b\u0107 oraz redukuje zmarszczki. Ekstrakt z rokitnika uj\u0119drnia sk\u00f3r\u0119 i wspiera harmonijny kontur twarzy. Dla j\u0119drnej i aksamitnie g\u0142adkiej sk\u00f3ry.<\/p>\n<p><strong>Od\u017cywczy krem na noc Beauty Diamonds<\/strong> pomaga zredukowa\u0107 widoczne oznaki starzenia podczas snu. W czasie nocnej regeneracji naturalny mechanizm ochrony kom\u00f3rek sk\u00f3ry jest aktywowany dzi\u0119ki synergicznemu kompleksowi dw\u00f3ch opatentowanych peptyd\u00f3w (Replexium\u2122). Rano sk\u00f3ra jest bardziej j\u0119drna, elastyczna i mi\u0119kka.<\/p>\n<p><strong>Krem i maska pod oczy Beauty Diamonds<\/strong> wzmacnia sk\u00f3r\u0119 po 40. roku \u017cycia i widocznie redukuje zmarszczki. Oparty na w\u0142a\u015bciwo\u015bciach diament\u00f3w w po\u0142\u0105czeniu z proteinami, spowalnia proces starzenia sk\u00f3ry i wzmacnia mechanizmy ochronne kom\u00f3rek. Nowa formu\u0142a zawiera innowacyjny system transportu sk\u0142adnik\u00f3w aktywnych oraz enkapsulowany sk\u0142adnik, kt\u00f3ry redukuje zmarszczki i ich g\u0142\u0119boko\u015b\u0107.<\/p>\n<p>&nbsp;<\/p>\n<h2>Dla kogo jest ten zestaw?<\/h2>\n<p><strong>Zestaw do piel\u0119gnacji twarzy Beauty Diamonds Dla kobiet:<\/strong><\/p>\n<ul>\n<li>oko\u0142o 40. roku \u017cycia,<\/li>\n<li>z such\u0105 i wymagaj\u0105c\u0105 sk\u00f3r\u0105,<\/li>\n<li>ceni\u0105cych luksusow\u0105 piel\u0119gnacj\u0119,<\/li>\n<li>kt\u00f3re chc\u0105 wygl\u0105da\u0107 promiennie,<\/li>\n<li>kt\u00f3re pragn\u0105 zredukowa\u0107 zmarszczki,<\/li>\n<li>kt\u00f3re chc\u0105 poprawi\u0107 elastyczno\u015b\u0107 sk\u00f3ry.<\/li>\n<\/ul>\n<p>&nbsp;<\/p>\n<h2>Dlaczego warto wybra\u0107 ten zestaw?<\/h2>\n<p>Uj\u0119drniaj\u0105cy Zestaw do piel\u0119gnacji twarzy Beauty Diamonds wzmacnia sk\u00f3r\u0119 po 40. roku \u017cycia i widocznie redukuje zmarszczki. Dzi\u0119ki w\u0142a\u015bciwo\u015bciom diament\u00f3w i protein spowalnia proces starzenia oraz wzmacnia naturaln\u0105 ochron\u0119 kom\u00f3rek sk\u00f3ry. Nowa formu\u0142a zawiera innowacyjny system transportu substancji aktywnych oraz enkapsulowane sk\u0142adniki redukuj\u0105ce zmarszczki i ich g\u0142\u0119boko\u015b\u0107.<\/p>\n<p>Dla maksymalnej skuteczno\u015bci zaleca si\u0119 stosowanie w po\u0142\u0105czeniu z \u017belazkiem do Twarzy na Zmarszczki Zeitgard Pro<\/p>\n","protected":false},"excerpt":{"rendered":"<ul>\n<li><strong><span style=\"color: #ff0000;\">Oferta limitowana<\/span><\/strong><\/li>\n<li>Zestaw zawiera: 1 \u00d7 krem na dzie\u0144, 1 \u00d7 krem na noc oraz 1 \u00d7 krem pod oczy<\/li>\n<li>Po\u0142\u0105czenie sk\u0142adnik\u00f3w aktywnych na bazie diament\u00f3w i peptyd\u00f3w<\/li>\n<li>Z innowacyjnym systemem transportu substancji aktywnych<\/li>\n<li>Rekomendowany do stosowania \u017belazkiem do Twarzy Zeitgard Pro<\/li>\n<li>Redukuje zmarszczki i uj\u0119drnia sk\u00f3r\u0119<\/li>\n<\/ul>\n<p style=\"text-align: left;\"><span style=\"color: #ff0000;\"><a style=\"color: #ff0000;\" href=\"https:\/\/shop.lrworld.com\/openpao?PHP=0vFlt7jT938BEnBI3a6e9w%3D%3D\"><span style=\"font-size: 14pt;\"><strong>Zarejestruj si\u0119 i oszcz\u0119dzaj 35% przy ka\u017cdym zam\u00f3wieniu<\/strong><\/span><\/a><\/span><\/p>\n","protected":false},"featured_media":26877,"comment_status":"open","ping_status":"closed","template":"","meta":{"_kad_blocks_custom_css":"","_kad_blocks_head_custom_js":"","_kad_blocks_body_custom_js":"","_kad_blocks_footer_custom_js":"","_kadence_starter_templates_imported_post":false,"_kad_post_transparent":"default","_kad_post_title":"","_kad_post_layout":"default","_kad_post_sidebar_id":"","_kad_post_content_style":"default","_kad_post_vertical_padding":"default","_kad_post_feature":"","_kad_post_feature_position":"","_kad_post_header":false,"_kad_post_footer":false,"_kad_post_classname":""},"product_brand":[],"product_cat":[1075,1071,1069,1074],"product_tag":[1142,1143],"class_list":{"0":"post-30130","1":"product","2":"type-product","3":"status-publish","4":"has-post-thumbnail","6":"product_cat-beauty-diamonds-pl","7":"product_cat-kobiety-po-40","8":"product_cat-pielegnacja-anti-age","9":"product_cat-produkty-anti-age","10":"product_tag-zmarszczki-na-twarzy","11":"product_tag-zmarszczki-pod-oczami","13":"first","14":"instock","15":"taxable","16":"shipping-taxable","17":"purchasable","18":"product-type-simple","19":"entry","20":"content-bg","21":"loop-entry"},"yoast_head":"<!-- This site is optimized with the Yoast SEO Premium plugin v27.4 (Yoast SEO v27.4) - https:\/\/yoast.com\/product\/yoast-seo-premium-wordpress\/ -->\n<title>Zestaw do piel\u0119gnacji twarzy Beauty Diamonds \u2013 j\u0119drna sk\u00f3ra 40+<\/title>\n<meta name=\"description\" content=\"Zestaw do piel\u0119gnacji twarzy Beauty Diamonds 40+. Redukuje zmarszczki, uj\u0119drnia i roz\u015bwietla sk\u00f3r\u0119. Krem na dzie\u0144, noc i pod oczy \u2013 efekt luksusu.\" \/>\n<meta name=\"robots\" content=\"index, follow, max-snippet:-1, max-image-preview:large, max-video-preview:-1\" \/>\n<link rel=\"canonical\" href=\"https:\/\/www.lraloeverashop.eu\/pl\/produkt\/zestaw-do-pielegnacji-twarzy-beauty-diamonds\/\" \/>\n<meta property=\"og:locale\" content=\"pl_PL\" \/>\n<meta property=\"og:type\" content=\"article\" \/>\n<meta property=\"og:title\" content=\"Zestaw do Piel\u0119gnacji twarzy Beauty Diamonds\" \/>\n<meta property=\"og:description\" content=\"Zestaw do piel\u0119gnacji twarzy Beauty Diamonds 40+. Redukuje zmarszczki, uj\u0119drnia i roz\u015bwietla sk\u00f3r\u0119. Krem na dzie\u0144, noc i pod oczy \u2013 efekt luksusu.\" \/>\n<meta property=\"og:url\" content=\"https:\/\/www.lraloeverashop.eu\/pl\/produkt\/zestaw-do-pielegnacji-twarzy-beauty-diamonds\/\" \/>\n<meta property=\"og:site_name\" content=\"Lr Aloe Vera Shop\" \/>\n<meta property=\"article:publisher\" content=\"https:\/\/www.facebook.com\/lraloeverashop.eu\" \/>\n<meta property=\"article:modified_time\" content=\"2026-04-05T13:50:38+00:00\" \/>\n<meta property=\"og:image\" content=\"https:\/\/www.lraloeverashop.eu\/wp-content\/uploads\/2024\/11\/Beauty-Diamonds-Face-Care.jpg\" \/>\n\t<meta property=\"og:image:width\" content=\"1200\" \/>\n\t<meta property=\"og:image:height\" content=\"1200\" \/>\n\t<meta property=\"og:image:type\" content=\"image\/jpeg\" \/>\n<meta name=\"twitter:card\" content=\"summary_large_image\" \/>\n<meta name=\"twitter:site\" content=\"@natur__kosmetik\" \/>\n<script type=\"application\/ld+json\" class=\"yoast-schema-graph\">{\"@context\":\"https:\\\/\\\/schema.org\",\"@graph\":[{\"@type\":[\"WebPage\",\"ItemPage\"],\"@id\":\"https:\\\/\\\/www.lraloeverashop.eu\\\/pl\\\/produkt\\\/zestaw-do-pielegnacji-twarzy-beauty-diamonds\\\/\",\"url\":\"https:\\\/\\\/www.lraloeverashop.eu\\\/pl\\\/produkt\\\/zestaw-do-pielegnacji-twarzy-beauty-diamonds\\\/\",\"name\":\"Zestaw do piel\u0119gnacji twarzy Beauty Diamonds \u2013 j\u0119drna sk\u00f3ra 40+\",\"isPartOf\":{\"@id\":\"https:\\\/\\\/www.lraloeverashop.eu\\\/pl\\\/#website\"},\"primaryImageOfPage\":{\"@id\":\"https:\\\/\\\/www.lraloeverashop.eu\\\/pl\\\/produkt\\\/zestaw-do-pielegnacji-twarzy-beauty-diamonds\\\/#primaryimage\"},\"image\":{\"@id\":\"https:\\\/\\\/www.lraloeverashop.eu\\\/pl\\\/produkt\\\/zestaw-do-pielegnacji-twarzy-beauty-diamonds\\\/#primaryimage\"},\"thumbnailUrl\":\"https:\\\/\\\/www.lraloeverashop.eu\\\/wp-content\\\/uploads\\\/2024\\\/11\\\/Beauty-Diamonds-Face-Care.jpg\",\"datePublished\":\"2024-11-04T16:28:57+00:00\",\"dateModified\":\"2026-04-05T13:50:38+00:00\",\"description\":\"Zestaw do piel\u0119gnacji twarzy Beauty Diamonds 40+. Redukuje zmarszczki, uj\u0119drnia i roz\u015bwietla sk\u00f3r\u0119. Krem na dzie\u0144, noc i pod oczy \u2013 efekt luksusu.\",\"breadcrumb\":{\"@id\":\"https:\\\/\\\/www.lraloeverashop.eu\\\/pl\\\/produkt\\\/zestaw-do-pielegnacji-twarzy-beauty-diamonds\\\/#breadcrumb\"},\"inLanguage\":\"pl-PL\",\"potentialAction\":[{\"@type\":\"ReadAction\",\"target\":[\"https:\\\/\\\/www.lraloeverashop.eu\\\/pl\\\/produkt\\\/zestaw-do-pielegnacji-twarzy-beauty-diamonds\\\/\"]}]},{\"@type\":\"ImageObject\",\"inLanguage\":\"pl-PL\",\"@id\":\"https:\\\/\\\/www.lraloeverashop.eu\\\/pl\\\/produkt\\\/zestaw-do-pielegnacji-twarzy-beauty-diamonds\\\/#primaryimage\",\"url\":\"https:\\\/\\\/www.lraloeverashop.eu\\\/wp-content\\\/uploads\\\/2024\\\/11\\\/Beauty-Diamonds-Face-Care.jpg\",\"contentUrl\":\"https:\\\/\\\/www.lraloeverashop.eu\\\/wp-content\\\/uploads\\\/2024\\\/11\\\/Beauty-Diamonds-Face-Care.jpg\",\"width\":1200,\"height\":1200,\"caption\":\"Zestaw do Piel\u0119gnacji twarzy Beauty Diamonds z Lr Health & Beauty\"},{\"@type\":\"BreadcrumbList\",\"@id\":\"https:\\\/\\\/www.lraloeverashop.eu\\\/pl\\\/produkt\\\/zestaw-do-pielegnacji-twarzy-beauty-diamonds\\\/#breadcrumb\",\"itemListElement\":[{\"@type\":\"ListItem\",\"position\":1,\"name\":\"Home\",\"item\":\"https:\\\/\\\/www.lraloeverashop.eu\\\/pl\\\/\"},{\"@type\":\"ListItem\",\"position\":2,\"name\":\"Sklep\",\"item\":\"https:\\\/\\\/www.lraloeverashop.eu\\\/shop\\\/\"},{\"@type\":\"ListItem\",\"position\":3,\"name\":\"Zestaw do Piel\u0119gnacji twarzy Beauty Diamonds\"}]},{\"@type\":\"WebSite\",\"@id\":\"https:\\\/\\\/www.lraloeverashop.eu\\\/pl\\\/#website\",\"url\":\"https:\\\/\\\/www.lraloeverashop.eu\\\/pl\\\/\",\"name\":\"Lr Aloe Vera Shop\",\"description\":\"High Quality Lr Aloe Vera Gel, Aloe Vera Cream and Shampoo\",\"publisher\":{\"@id\":\"https:\\\/\\\/www.lraloeverashop.eu\\\/pl\\\/#organization\"},\"potentialAction\":[{\"@type\":\"SearchAction\",\"target\":{\"@type\":\"EntryPoint\",\"urlTemplate\":\"https:\\\/\\\/www.lraloeverashop.eu\\\/pl\\\/?s={search_term_string}\"},\"query-input\":{\"@type\":\"PropertyValueSpecification\",\"valueRequired\":true,\"valueName\":\"search_term_string\"}}],\"inLanguage\":\"pl-PL\"},{\"@type\":\"Organization\",\"@id\":\"https:\\\/\\\/www.lraloeverashop.eu\\\/pl\\\/#organization\",\"name\":\"Sklep Lr Aloe Vera\",\"alternateName\":\"LR\",\"url\":\"https:\\\/\\\/www.lraloeverashop.eu\\\/pl\\\/\",\"logo\":{\"@type\":\"ImageObject\",\"inLanguage\":\"pl-PL\",\"@id\":\"https:\\\/\\\/www.lraloeverashop.eu\\\/pl\\\/#\\\/schema\\\/logo\\\/image\\\/\",\"url\":\"https:\\\/\\\/www.lraloeverashop.eu\\\/wp-content\\\/uploads\\\/2022\\\/09\\\/cropped-Lr-Aloe-Vera-Shop.jpg\",\"contentUrl\":\"https:\\\/\\\/www.lraloeverashop.eu\\\/wp-content\\\/uploads\\\/2022\\\/09\\\/cropped-Lr-Aloe-Vera-Shop.jpg\",\"width\":228,\"height\":76,\"caption\":\"Sklep Lr Aloe Vera\"},\"image\":{\"@id\":\"https:\\\/\\\/www.lraloeverashop.eu\\\/pl\\\/#\\\/schema\\\/logo\\\/image\\\/\"},\"sameAs\":[\"https:\\\/\\\/www.facebook.com\\\/lraloeverashop.eu\",\"https:\\\/\\\/x.com\\\/natur__kosmetik\",\"https:\\\/\\\/www.youtube.com\\\/channel\\\/UC5oN7BJ8nfYb8RpVtjwDEBA\",\"https:\\\/\\\/www.instagram.com\\\/lrbeautyeu\\\/\"],\"description\":\"Sklep LR Aloe Vera to Twoje zaufane \u017ar\u00f3d\u0142o wysokiej jako\u015bci produkt\u00f3w LR Health & Beauty wyprodukowanych w Niemczech. Oferujemy wysokiej jako\u015bci produkty do piel\u0119gnacji sk\u00f3ry, od\u017cywiania i przeciwstarzeniowe z aloesem, stworzone z czystych sk\u0142adnik\u00f3w i poparte badaniami naukowymi. Odkryj naturaln\u0105 piel\u0119gnacj\u0119, kt\u00f3ra regeneruje, chroni i rewitalizuje Twoj\u0105 sk\u00f3r\u0119 \u2014 i korzystaj z ekskluzywnych comiesi\u0119cznych ofert na nasze bestsellerowe produkty LR Aloe Vera.\\nRozpocznij swoj\u0105 naturaln\u0105 piel\u0119gnacj\u0119 sk\u00f3ry ju\u017c dzi\u015b i poczuj r\u00f3\u017cnic\u0119.\",\"email\":\"info@lraloeverashop.eu\",\"telephone\":\"+49 17670609653\",\"legalName\":\"Lr Aloe Vera Shop\",\"foundingDate\":\"2018-04-21\",\"numberOfEmployees\":{\"@type\":\"QuantitativeValue\",\"minValue\":\"1\",\"maxValue\":\"10\"}}]}<\/script>\n<meta property=\"product:price:amount\" content=\"146.99\" \/>\n<meta property=\"product:price:currency\" content=\"EUR\" \/>\n<meta property=\"og:availability\" content=\"instock\" \/>\n<meta property=\"product:availability\" content=\"instock\" \/>\n<meta property=\"product:retailer_item_id\" content=\"28325-1PL\" \/>\n<meta property=\"product:condition\" content=\"new\" \/>\n<!-- \/ Yoast SEO Premium plugin. -->","yoast_head_json":{"title":"Zestaw do piel\u0119gnacji twarzy Beauty Diamonds \u2013 j\u0119drna sk\u00f3ra 40+","description":"Zestaw do piel\u0119gnacji twarzy Beauty Diamonds 40+. Redukuje zmarszczki, uj\u0119drnia i roz\u015bwietla sk\u00f3r\u0119. Krem na dzie\u0144, noc i pod oczy \u2013 efekt luksusu.","robots":{"index":"index","follow":"follow","max-snippet":"max-snippet:-1","max-image-preview":"max-image-preview:large","max-video-preview":"max-video-preview:-1"},"canonical":"https:\/\/www.lraloeverashop.eu\/pl\/produkt\/zestaw-do-pielegnacji-twarzy-beauty-diamonds\/","og_locale":"pl_PL","og_type":"article","og_title":"Zestaw do Piel\u0119gnacji twarzy Beauty Diamonds","og_description":"Zestaw do piel\u0119gnacji twarzy Beauty Diamonds 40+. Redukuje zmarszczki, uj\u0119drnia i roz\u015bwietla sk\u00f3r\u0119. Krem na dzie\u0144, noc i pod oczy \u2013 efekt luksusu.","og_url":"https:\/\/www.lraloeverashop.eu\/pl\/produkt\/zestaw-do-pielegnacji-twarzy-beauty-diamonds\/","og_site_name":"Lr Aloe Vera Shop","article_publisher":"https:\/\/www.facebook.com\/lraloeverashop.eu","article_modified_time":"2026-04-05T13:50:38+00:00","og_image":[{"width":1200,"height":1200,"url":"https:\/\/www.lraloeverashop.eu\/wp-content\/uploads\/2024\/11\/Beauty-Diamonds-Face-Care.jpg","type":"image\/jpeg"}],"twitter_card":"summary_large_image","twitter_site":"@natur__kosmetik","schema":{"@context":"https:\/\/schema.org","@graph":[{"@type":["WebPage","ItemPage"],"@id":"https:\/\/www.lraloeverashop.eu\/pl\/produkt\/zestaw-do-pielegnacji-twarzy-beauty-diamonds\/","url":"https:\/\/www.lraloeverashop.eu\/pl\/produkt\/zestaw-do-pielegnacji-twarzy-beauty-diamonds\/","name":"Zestaw do piel\u0119gnacji twarzy Beauty Diamonds \u2013 j\u0119drna sk\u00f3ra 40+","isPartOf":{"@id":"https:\/\/www.lraloeverashop.eu\/pl\/#website"},"primaryImageOfPage":{"@id":"https:\/\/www.lraloeverashop.eu\/pl\/produkt\/zestaw-do-pielegnacji-twarzy-beauty-diamonds\/#primaryimage"},"image":{"@id":"https:\/\/www.lraloeverashop.eu\/pl\/produkt\/zestaw-do-pielegnacji-twarzy-beauty-diamonds\/#primaryimage"},"thumbnailUrl":"https:\/\/www.lraloeverashop.eu\/wp-content\/uploads\/2024\/11\/Beauty-Diamonds-Face-Care.jpg","datePublished":"2024-11-04T16:28:57+00:00","dateModified":"2026-04-05T13:50:38+00:00","description":"Zestaw do piel\u0119gnacji twarzy Beauty Diamonds 40+. Redukuje zmarszczki, uj\u0119drnia i roz\u015bwietla sk\u00f3r\u0119. Krem na dzie\u0144, noc i pod oczy \u2013 efekt luksusu.","breadcrumb":{"@id":"https:\/\/www.lraloeverashop.eu\/pl\/produkt\/zestaw-do-pielegnacji-twarzy-beauty-diamonds\/#breadcrumb"},"inLanguage":"pl-PL","potentialAction":[{"@type":"ReadAction","target":["https:\/\/www.lraloeverashop.eu\/pl\/produkt\/zestaw-do-pielegnacji-twarzy-beauty-diamonds\/"]}]},{"@type":"ImageObject","inLanguage":"pl-PL","@id":"https:\/\/www.lraloeverashop.eu\/pl\/produkt\/zestaw-do-pielegnacji-twarzy-beauty-diamonds\/#primaryimage","url":"https:\/\/www.lraloeverashop.eu\/wp-content\/uploads\/2024\/11\/Beauty-Diamonds-Face-Care.jpg","contentUrl":"https:\/\/www.lraloeverashop.eu\/wp-content\/uploads\/2024\/11\/Beauty-Diamonds-Face-Care.jpg","width":1200,"height":1200,"caption":"Zestaw do Piel\u0119gnacji twarzy Beauty Diamonds z Lr Health & Beauty"},{"@type":"BreadcrumbList","@id":"https:\/\/www.lraloeverashop.eu\/pl\/produkt\/zestaw-do-pielegnacji-twarzy-beauty-diamonds\/#breadcrumb","itemListElement":[{"@type":"ListItem","position":1,"name":"Home","item":"https:\/\/www.lraloeverashop.eu\/pl\/"},{"@type":"ListItem","position":2,"name":"Sklep","item":"https:\/\/www.lraloeverashop.eu\/shop\/"},{"@type":"ListItem","position":3,"name":"Zestaw do Piel\u0119gnacji twarzy Beauty Diamonds"}]},{"@type":"WebSite","@id":"https:\/\/www.lraloeverashop.eu\/pl\/#website","url":"https:\/\/www.lraloeverashop.eu\/pl\/","name":"Lr Aloe Vera Shop","description":"High Quality Lr Aloe Vera Gel, Aloe Vera Cream and Shampoo","publisher":{"@id":"https:\/\/www.lraloeverashop.eu\/pl\/#organization"},"potentialAction":[{"@type":"SearchAction","target":{"@type":"EntryPoint","urlTemplate":"https:\/\/www.lraloeverashop.eu\/pl\/?s={search_term_string}"},"query-input":{"@type":"PropertyValueSpecification","valueRequired":true,"valueName":"search_term_string"}}],"inLanguage":"pl-PL"},{"@type":"Organization","@id":"https:\/\/www.lraloeverashop.eu\/pl\/#organization","name":"Sklep Lr Aloe Vera","alternateName":"LR","url":"https:\/\/www.lraloeverashop.eu\/pl\/","logo":{"@type":"ImageObject","inLanguage":"pl-PL","@id":"https:\/\/www.lraloeverashop.eu\/pl\/#\/schema\/logo\/image\/","url":"https:\/\/www.lraloeverashop.eu\/wp-content\/uploads\/2022\/09\/cropped-Lr-Aloe-Vera-Shop.jpg","contentUrl":"https:\/\/www.lraloeverashop.eu\/wp-content\/uploads\/2022\/09\/cropped-Lr-Aloe-Vera-Shop.jpg","width":228,"height":76,"caption":"Sklep Lr Aloe Vera"},"image":{"@id":"https:\/\/www.lraloeverashop.eu\/pl\/#\/schema\/logo\/image\/"},"sameAs":["https:\/\/www.facebook.com\/lraloeverashop.eu","https:\/\/x.com\/natur__kosmetik","https:\/\/www.youtube.com\/channel\/UC5oN7BJ8nfYb8RpVtjwDEBA","https:\/\/www.instagram.com\/lrbeautyeu\/"],"description":"Sklep LR Aloe Vera to Twoje zaufane \u017ar\u00f3d\u0142o wysokiej jako\u015bci produkt\u00f3w LR Health & Beauty wyprodukowanych w Niemczech. Oferujemy wysokiej jako\u015bci produkty do piel\u0119gnacji sk\u00f3ry, od\u017cywiania i przeciwstarzeniowe z aloesem, stworzone z czystych sk\u0142adnik\u00f3w i poparte badaniami naukowymi. Odkryj naturaln\u0105 piel\u0119gnacj\u0119, kt\u00f3ra regeneruje, chroni i rewitalizuje Twoj\u0105 sk\u00f3r\u0119 \u2014 i korzystaj z ekskluzywnych comiesi\u0119cznych ofert na nasze bestsellerowe produkty LR Aloe Vera.\nRozpocznij swoj\u0105 naturaln\u0105 piel\u0119gnacj\u0119 sk\u00f3ry ju\u017c dzi\u015b i poczuj r\u00f3\u017cnic\u0119.","email":"info@lraloeverashop.eu","telephone":"+49 17670609653","legalName":"Lr Aloe Vera Shop","foundingDate":"2018-04-21","numberOfEmployees":{"@type":"QuantitativeValue","minValue":"1","maxValue":"10"}}]},"product_price_amount":"146.99","product_price_currency":"EUR","og_availability":"instock","product_availability":"instock","product_retailer_item_id":"28325-1PL","product_condition":"new"},"taxonomy_info":{"product_cat":[{"value":1075,"label":"Beauty Diamonds"},{"value":1071,"label":"Kobiety po 40"},{"value":1069,"label":"Piel\u0119gnacja Anti Age"},{"value":1074,"label":"Produkty Anti Age"}],"product_tag":[{"value":1142,"label":"zmarszczki na twarzy"},{"value":1143,"label":"zmarszczki pod oczami"}]},"featured_image_src_large":["https:\/\/www.lraloeverashop.eu\/wp-content\/uploads\/2024\/11\/Beauty-Diamonds-Face-Care-1024x1024.jpg",1024,1024,true],"author_info":[],"comment_info":0,"_links":{"self":[{"href":"https:\/\/www.lraloeverashop.eu\/pl\/wp-json\/wp\/v2\/product\/30130","targetHints":{"allow":["GET"]}}],"collection":[{"href":"https:\/\/www.lraloeverashop.eu\/pl\/wp-json\/wp\/v2\/product"}],"about":[{"href":"https:\/\/www.lraloeverashop.eu\/pl\/wp-json\/wp\/v2\/types\/product"}],"replies":[{"embeddable":true,"href":"https:\/\/www.lraloeverashop.eu\/pl\/wp-json\/wp\/v2\/comments?post=30130"}],"wp:featuredmedia":[{"embeddable":true,"href":"https:\/\/www.lraloeverashop.eu\/pl\/wp-json\/wp\/v2\/media\/26877"}],"wp:attachment":[{"href":"https:\/\/www.lraloeverashop.eu\/pl\/wp-json\/wp\/v2\/media?parent=30130"}],"wp:term":[{"taxonomy":"product_brand","embeddable":true,"href":"https:\/\/www.lraloeverashop.eu\/pl\/wp-json\/wp\/v2\/product_brand?post=30130"},{"taxonomy":"product_cat","embeddable":true,"href":"https:\/\/www.lraloeverashop.eu\/pl\/wp-json\/wp\/v2\/product_cat?post=30130"},{"taxonomy":"product_tag","embeddable":true,"href":"https:\/\/www.lraloeverashop.eu\/pl\/wp-json\/wp\/v2\/product_tag?post=30130"}],"curies":[{"name":"wp","href":"https:\/\/api.w.org\/{rel}","templated":true}]}}