{"id":29901,"date":"2022-10-13T18:52:54","date_gmt":"2022-10-13T16:52:54","guid":{"rendered":"https:\/\/www.lraloeverashop.eu\/product\/mind-master-napoj-red\/"},"modified":"2026-02-27T18:17:04","modified_gmt":"2026-02-27T17:17:04","slug":"mind-master-napoj-red","status":"publish","type":"product","link":"https:\/\/www.lraloeverashop.eu\/pl\/produkt\/mind-master-napoj-red\/","title":{"rendered":"Mind Master Nap\u00f3j Red"},"content":{"rendered":"<h2><span style=\"font-size: 16pt;\"><strong>Mind Master Nap\u00f3j Red<\/strong><\/span><\/h2>\n<p><span style=\"font-size: 14pt;\"><strong>Mind Master Nap\u00f3j Red wspiera prawid\u0142owy metabolizm energetyczny<\/strong><\/span><\/p>\n<p>Praca, rodzina, sport i czas wolny \u2013 pogodzenie wszystkich obowi\u0105zk\u00f3w bywa wyczerpuj\u0105ce. Dlatego tak wa\u017cne jest, aby ka\u017cdego dnia dostarcza\u0107 organizmowi odpowiedni\u0105 ilo\u015b\u0107 witamin i pierwiastk\u00f3w \u015bladowych, kt\u00f3re wspieraj\u0105 r\u00f3wnowag\u0119 sk\u0142adnik\u00f3w od\u017cywczych.<\/p>\n<p><strong>Mind Master Nap\u00f3j Red dostarcza cennych mikrosk\u0142adnik\u00f3w, kt\u00f3re przyczyniaj\u0105 si\u0119 do:<\/strong><\/p>\n<ul>\n<li>prawid\u0142owego metabolizmu energetycznego,<\/li>\n<li>prawid\u0142owego funkcjonowania uk\u0142adu nerwowego,<\/li>\n<li>utrzymania prawid\u0142owych funkcji psychologicznych,<\/li>\n<li>zmniejszenia uczucia zm\u0119czenia i znu\u017cenia,<\/li>\n<li>prawid\u0142owych funkcji poznawczych,<\/li>\n<li>ochrony kom\u00f3rek przed stresem oksydacyjnym.<\/li>\n<\/ul>\n<p>&nbsp;<\/p>\n<h2><span style=\"font-size: 16pt;\"><strong>Twoje codzienne wsparcie w aktywnym stylu \u017cycia<\/strong><\/span><\/h2>\n<p>Mind Master Nap\u00f3j Red to idealny towarzysz dnia w pracy, w szkole, podczas treningu czy w podr\u00f3\u017cy. Wspiera codzienn\u0105, optymaln\u0105 poda\u017c sk\u0142adnik\u00f3w od\u017cywczych dla os\u00f3b prowadz\u0105cych aktywny tryb \u017cycia.<\/p>\n<p><strong>Naukowo potwierdzone przez EFSA*<\/strong><\/p>\n<ul>\n<li>Tiamina i witamina B12 przyczyniaj\u0105 si\u0119 do prawid\u0142owego metabolizmu energetycznego.<\/li>\n<li>Witamina B12 wspiera prawid\u0142owe funkcjonowanie uk\u0142adu nerwowego.<\/li>\n<li>Witamina B12 wspiera prawid\u0142owe funkcje psychologiczne.<\/li>\n<li>Witamina B12 i \u017celazo pomagaj\u0105 zmniejszy\u0107 uczucie zm\u0119czenia i znu\u017cenia.<\/li>\n<li>\u017belazo wspiera prawid\u0142owe funkcje poznawcze.<\/li>\n<li>Witamina E pomaga chroni\u0107 kom\u00f3rki przed stresem oksydacyjnym.<\/li>\n<\/ul>\n<p>&nbsp;<\/p>\n<h3><strong><span style=\"font-size: 16pt;\">Spos\u00f3b u\u017cycia<\/span><\/strong><\/h3>\n<p><strong>Zalecana dzienna porcja: <\/strong>Spo\u017cywa\u0107 80 ml preparatu Mind Master Nap\u00f3j Red raz dziennie, najlepiej po posi\u0142ku. W zale\u017cno\u015bci od preferencji mo\u017cna spo\u017cywa\u0107 bezpo\u015brednio lub rozcie\u0144czy\u0107 w wodzie b\u0105d\u017a soku. Przed u\u017cyciem wstrz\u0105sn\u0105\u0107. Po otwarciu przechowywa\u0107 w lod\u00f3wce.<\/p>\n<p>Nie przekracza\u0107 zalecanej dziennej porcji do spo\u017cycia.<br \/>\nSuplement diety nie mo\u017ce by\u0107 stosowany jako substytut zr\u00f3\u017cnicowanej i zbilansowanej diety oraz zdrowego trybu \u017cycia.<br \/>\nPrzechowywa\u0107 w miejscu niedost\u0119pnym dla dzieci.<\/p>\n<p>&nbsp;<\/p>\n<h3><span style=\"font-size: 16pt;\"><strong>Sk\u0105d pochodzi wyj\u0105tkowy smak?<\/strong><\/span><\/h3>\n<p>Smak jest w pe\u0142ni naturalny. Wynika z wysokiej zawarto\u015bci ekstrakt\u00f3w ro\u015blinnych, kt\u00f3re nadaj\u0105 lekko gorzk\u0105 nut\u0119. Baz\u0119 smakow\u0105 stanowi sok z czerwonych winogron. Ca\u0142o\u015b\u0107 dope\u0142nia stewia \u2013 naturalna substancja ro\u015blinna o wysokiej mocy s\u0142odz\u0105cej.<\/p>\n<h3><span style=\"font-size: 16pt;\"><strong>Czy Mind Master jest odpowiedni dla dzieci?<\/strong><\/span><\/h3>\n<p>Produkt mo\u017ce by\u0107 spo\u017cywany przez dzieci w wieku szkolnym oraz m\u0142odzie\u017c.<\/p>\n<h3><span style=\"font-size: 16pt;\"><strong>Czy Mind Master Nap\u00f3j Red jest odpowiedni dla os\u00f3b z cukrzyc\u0105?<\/strong><\/span><\/h3>\n<p>Produkt zawiera niewielk\u0105 ilo\u015b\u0107 cukr\u00f3w prostych w postaci dekstrozy. Dzienna porcja 80 ml odpowiada 0,87 wymiennika w\u0119glowodanowego. W przypadku w\u0105tpliwo\u015bci zaleca si\u0119 konsultacj\u0119 z lekarzem.<\/p>\n","protected":false},"excerpt":{"rendered":"<ul>\n<li>Suplement diety z wa\u017cnymi witaminami i pierwiastkami \u015bladowymi<\/li>\n<li>Dostarcza wysokiej jako\u015bci mikrosk\u0142adnik\u00f3w dla os\u00f3b prowadz\u0105cych aktywny styl \u017cycia<\/li>\n<li>Z witamin\u0105 E wspieraj\u0105c\u0105 ochron\u0119 kom\u00f3rek przed stresem oksydacyjnym<\/li>\n<li>O owocowym smaku czerwonych winogron<\/li>\n<li>Idealny towarzysz dnia \u2013 w pracy i w szkole<\/li>\n<li>Zawarto\u015b\u0107: 5 x 500 ml<\/li>\n<\/ul>\n<p style=\"text-align: left;\"><span style=\"color: #ff0000;\"><a style=\"color: #ff0000;\" href=\"https:\/\/shop.lrworld.com\/openpao?PHP=0vFlt7jT938BEnBI3a6e9w%3D%3D\"><span style=\"font-size: 14pt;\"><strong>Zarejestruj si\u0119 i oszcz\u0119dzaj 35% przy ka\u017cdym zam\u00f3wieniu<\/strong><\/span><\/a><\/span><\/p>\n","protected":false},"featured_media":27099,"comment_status":"open","ping_status":"closed","template":"","meta":{"_kad_blocks_custom_css":"","_kad_blocks_head_custom_js":"","_kad_blocks_body_custom_js":"","_kad_blocks_footer_custom_js":"","_kadence_starter_templates_imported_post":false,"_kad_post_transparent":"default","_kad_post_title":"","_kad_post_layout":"default","_kad_post_sidebar_id":"","_kad_post_content_style":"default","_kad_post_vertical_padding":"default","_kad_post_feature":"","_kad_post_feature_position":"","_kad_post_header":false,"_kad_post_footer":false,"_kad_post_classname":""},"product_brand":[],"product_cat":[1096,1099,1091,1100,1106],"product_tag":[1131],"class_list":{"0":"post-29901","1":"product","2":"type-product","3":"status-publish","4":"has-post-thumbnail","6":"product_cat-mind-master-pl","7":"product_cat-oszczedzaj-w-zestawie","8":"product_cat-produkty-specjalne","9":"product_cat-specjalisci","10":"product_cat-wydajnosc-energia","11":"product_tag-energia-pl","13":"first","14":"instock","15":"taxable","16":"shipping-taxable","17":"purchasable","18":"product-type-simple","19":"entry","20":"content-bg","21":"loop-entry"},"yoast_head":"<!-- This site is optimized with the Yoast SEO Premium plugin v27.4 (Yoast SEO v27.4) - https:\/\/yoast.com\/product\/yoast-seo-premium-wordpress\/ -->\n<title>Mind Master Nap\u00f3j Red \u2013 Wi\u0119cej Energii Bez Zm\u0119czenia<\/title>\n<meta name=\"description\" content=\"Brakuje Ci energii? Mind Master Nap\u00f3j Red wspiera koncentracj\u0119 i zmniejsza zm\u0119czenie. Dzia\u0142aj skuteczniej ka\u017cdego dnia \u2013 zam\u00f3w dzi\u015b!\" \/>\n<meta name=\"robots\" content=\"index, follow, max-snippet:-1, max-image-preview:large, max-video-preview:-1\" \/>\n<link rel=\"canonical\" href=\"https:\/\/www.lraloeverashop.eu\/pl\/produkt\/mind-master-napoj-red\/\" \/>\n<meta property=\"og:locale\" content=\"pl_PL\" \/>\n<meta property=\"og:type\" content=\"article\" \/>\n<meta property=\"og:title\" content=\"Mind Master Nap\u00f3j Red\" \/>\n<meta property=\"og:description\" content=\"Brakuje Ci energii? Mind Master Nap\u00f3j Red wspiera koncentracj\u0119 i zmniejsza zm\u0119czenie. Dzia\u0142aj skuteczniej ka\u017cdego dnia \u2013 zam\u00f3w dzi\u015b!\" \/>\n<meta property=\"og:url\" content=\"https:\/\/www.lraloeverashop.eu\/pl\/produkt\/mind-master-napoj-red\/\" \/>\n<meta property=\"og:site_name\" content=\"Lr Aloe Vera Shop\" \/>\n<meta property=\"article:publisher\" content=\"https:\/\/www.facebook.com\/lraloeverashop.eu\" \/>\n<meta property=\"article:modified_time\" content=\"2026-02-27T17:17:04+00:00\" \/>\n<meta property=\"og:image\" content=\"https:\/\/www.lraloeverashop.eu\/wp-content\/uploads\/2022\/10\/Mind-Master-Performance-Set-5-Red.jpg\" \/>\n\t<meta property=\"og:image:width\" content=\"1200\" \/>\n\t<meta property=\"og:image:height\" content=\"1200\" \/>\n\t<meta property=\"og:image:type\" content=\"image\/jpeg\" \/>\n<meta name=\"twitter:card\" content=\"summary_large_image\" \/>\n<meta name=\"twitter:site\" content=\"@natur__kosmetik\" \/>\n<script type=\"application\/ld+json\" class=\"yoast-schema-graph\">{\"@context\":\"https:\\\/\\\/schema.org\",\"@graph\":[{\"@type\":[\"WebPage\",\"ItemPage\"],\"@id\":\"https:\\\/\\\/www.lraloeverashop.eu\\\/pl\\\/produkt\\\/mind-master-napoj-red\\\/\",\"url\":\"https:\\\/\\\/www.lraloeverashop.eu\\\/pl\\\/produkt\\\/mind-master-napoj-red\\\/\",\"name\":\"Mind Master Nap\u00f3j Red \u2013 Wi\u0119cej Energii Bez Zm\u0119czenia\",\"isPartOf\":{\"@id\":\"https:\\\/\\\/www.lraloeverashop.eu\\\/pl\\\/#website\"},\"primaryImageOfPage\":{\"@id\":\"https:\\\/\\\/www.lraloeverashop.eu\\\/pl\\\/produkt\\\/mind-master-napoj-red\\\/#primaryimage\"},\"image\":{\"@id\":\"https:\\\/\\\/www.lraloeverashop.eu\\\/pl\\\/produkt\\\/mind-master-napoj-red\\\/#primaryimage\"},\"thumbnailUrl\":\"https:\\\/\\\/www.lraloeverashop.eu\\\/wp-content\\\/uploads\\\/2022\\\/10\\\/Mind-Master-Performance-Set-5-Red.jpg\",\"datePublished\":\"2022-10-13T16:52:54+00:00\",\"dateModified\":\"2026-02-27T17:17:04+00:00\",\"description\":\"Brakuje Ci energii? Mind Master Nap\u00f3j Red wspiera koncentracj\u0119 i zmniejsza zm\u0119czenie. Dzia\u0142aj skuteczniej ka\u017cdego dnia \u2013 zam\u00f3w dzi\u015b!\",\"breadcrumb\":{\"@id\":\"https:\\\/\\\/www.lraloeverashop.eu\\\/pl\\\/produkt\\\/mind-master-napoj-red\\\/#breadcrumb\"},\"inLanguage\":\"pl-PL\",\"potentialAction\":[{\"@type\":\"ReadAction\",\"target\":[\"https:\\\/\\\/www.lraloeverashop.eu\\\/pl\\\/produkt\\\/mind-master-napoj-red\\\/\"]}]},{\"@type\":\"ImageObject\",\"inLanguage\":\"pl-PL\",\"@id\":\"https:\\\/\\\/www.lraloeverashop.eu\\\/pl\\\/produkt\\\/mind-master-napoj-red\\\/#primaryimage\",\"url\":\"https:\\\/\\\/www.lraloeverashop.eu\\\/wp-content\\\/uploads\\\/2022\\\/10\\\/Mind-Master-Performance-Set-5-Red.jpg\",\"contentUrl\":\"https:\\\/\\\/www.lraloeverashop.eu\\\/wp-content\\\/uploads\\\/2022\\\/10\\\/Mind-Master-Performance-Set-5-Red.jpg\",\"width\":1200,\"height\":1200,\"caption\":\"Mind Master Nap\u00f3j Red 5Pak czerwony\"},{\"@type\":\"BreadcrumbList\",\"@id\":\"https:\\\/\\\/www.lraloeverashop.eu\\\/pl\\\/produkt\\\/mind-master-napoj-red\\\/#breadcrumb\",\"itemListElement\":[{\"@type\":\"ListItem\",\"position\":1,\"name\":\"Home\",\"item\":\"https:\\\/\\\/www.lraloeverashop.eu\\\/pl\\\/\"},{\"@type\":\"ListItem\",\"position\":2,\"name\":\"Sklep\",\"item\":\"https:\\\/\\\/www.lraloeverashop.eu\\\/shop\\\/\"},{\"@type\":\"ListItem\",\"position\":3,\"name\":\"Mind Master Nap\u00f3j Red\"}]},{\"@type\":\"WebSite\",\"@id\":\"https:\\\/\\\/www.lraloeverashop.eu\\\/pl\\\/#website\",\"url\":\"https:\\\/\\\/www.lraloeverashop.eu\\\/pl\\\/\",\"name\":\"Lr Aloe Vera Shop\",\"description\":\"High Quality Lr Aloe Vera Gel, Aloe Vera Cream and Shampoo\",\"publisher\":{\"@id\":\"https:\\\/\\\/www.lraloeverashop.eu\\\/pl\\\/#organization\"},\"potentialAction\":[{\"@type\":\"SearchAction\",\"target\":{\"@type\":\"EntryPoint\",\"urlTemplate\":\"https:\\\/\\\/www.lraloeverashop.eu\\\/pl\\\/?s={search_term_string}\"},\"query-input\":{\"@type\":\"PropertyValueSpecification\",\"valueRequired\":true,\"valueName\":\"search_term_string\"}}],\"inLanguage\":\"pl-PL\"},{\"@type\":\"Organization\",\"@id\":\"https:\\\/\\\/www.lraloeverashop.eu\\\/pl\\\/#organization\",\"name\":\"Sklep Lr Aloe Vera\",\"alternateName\":\"LR\",\"url\":\"https:\\\/\\\/www.lraloeverashop.eu\\\/pl\\\/\",\"logo\":{\"@type\":\"ImageObject\",\"inLanguage\":\"pl-PL\",\"@id\":\"https:\\\/\\\/www.lraloeverashop.eu\\\/pl\\\/#\\\/schema\\\/logo\\\/image\\\/\",\"url\":\"https:\\\/\\\/www.lraloeverashop.eu\\\/wp-content\\\/uploads\\\/2022\\\/09\\\/cropped-Lr-Aloe-Vera-Shop.jpg\",\"contentUrl\":\"https:\\\/\\\/www.lraloeverashop.eu\\\/wp-content\\\/uploads\\\/2022\\\/09\\\/cropped-Lr-Aloe-Vera-Shop.jpg\",\"width\":228,\"height\":76,\"caption\":\"Sklep Lr Aloe Vera\"},\"image\":{\"@id\":\"https:\\\/\\\/www.lraloeverashop.eu\\\/pl\\\/#\\\/schema\\\/logo\\\/image\\\/\"},\"sameAs\":[\"https:\\\/\\\/www.facebook.com\\\/lraloeverashop.eu\",\"https:\\\/\\\/x.com\\\/natur__kosmetik\",\"https:\\\/\\\/www.youtube.com\\\/channel\\\/UC5oN7BJ8nfYb8RpVtjwDEBA\",\"https:\\\/\\\/www.instagram.com\\\/lrbeautyeu\\\/\"],\"description\":\"Sklep LR Aloe Vera to Twoje zaufane \u017ar\u00f3d\u0142o wysokiej jako\u015bci produkt\u00f3w LR Health & Beauty wyprodukowanych w Niemczech. Oferujemy wysokiej jako\u015bci produkty do piel\u0119gnacji sk\u00f3ry, od\u017cywiania i przeciwstarzeniowe z aloesem, stworzone z czystych sk\u0142adnik\u00f3w i poparte badaniami naukowymi. Odkryj naturaln\u0105 piel\u0119gnacj\u0119, kt\u00f3ra regeneruje, chroni i rewitalizuje Twoj\u0105 sk\u00f3r\u0119 \u2014 i korzystaj z ekskluzywnych comiesi\u0119cznych ofert na nasze bestsellerowe produkty LR Aloe Vera.\\nRozpocznij swoj\u0105 naturaln\u0105 piel\u0119gnacj\u0119 sk\u00f3ry ju\u017c dzi\u015b i poczuj r\u00f3\u017cnic\u0119.\",\"email\":\"info@lraloeverashop.eu\",\"telephone\":\"+49 17670609653\",\"legalName\":\"Lr Aloe Vera Shop\",\"foundingDate\":\"2018-04-21\",\"numberOfEmployees\":{\"@type\":\"QuantitativeValue\",\"minValue\":\"1\",\"maxValue\":\"10\"}}]}<\/script>\n<meta property=\"product:price:amount\" content=\"96.49\" \/>\n<meta property=\"product:price:currency\" content=\"EUR\" \/>\n<meta property=\"og:availability\" content=\"instock\" \/>\n<meta property=\"product:availability\" content=\"instock\" \/>\n<meta property=\"product:retailer_item_id\" content=\"80905-R PL\" \/>\n<meta property=\"product:condition\" content=\"new\" \/>\n<!-- \/ Yoast SEO Premium plugin. -->","yoast_head_json":{"title":"Mind Master Nap\u00f3j Red \u2013 Wi\u0119cej Energii Bez Zm\u0119czenia","description":"Brakuje Ci energii? Mind Master Nap\u00f3j Red wspiera koncentracj\u0119 i zmniejsza zm\u0119czenie. Dzia\u0142aj skuteczniej ka\u017cdego dnia \u2013 zam\u00f3w dzi\u015b!","robots":{"index":"index","follow":"follow","max-snippet":"max-snippet:-1","max-image-preview":"max-image-preview:large","max-video-preview":"max-video-preview:-1"},"canonical":"https:\/\/www.lraloeverashop.eu\/pl\/produkt\/mind-master-napoj-red\/","og_locale":"pl_PL","og_type":"article","og_title":"Mind Master Nap\u00f3j Red","og_description":"Brakuje Ci energii? Mind Master Nap\u00f3j Red wspiera koncentracj\u0119 i zmniejsza zm\u0119czenie. Dzia\u0142aj skuteczniej ka\u017cdego dnia \u2013 zam\u00f3w dzi\u015b!","og_url":"https:\/\/www.lraloeverashop.eu\/pl\/produkt\/mind-master-napoj-red\/","og_site_name":"Lr Aloe Vera Shop","article_publisher":"https:\/\/www.facebook.com\/lraloeverashop.eu","article_modified_time":"2026-02-27T17:17:04+00:00","og_image":[{"width":1200,"height":1200,"url":"https:\/\/www.lraloeverashop.eu\/wp-content\/uploads\/2022\/10\/Mind-Master-Performance-Set-5-Red.jpg","type":"image\/jpeg"}],"twitter_card":"summary_large_image","twitter_site":"@natur__kosmetik","schema":{"@context":"https:\/\/schema.org","@graph":[{"@type":["WebPage","ItemPage"],"@id":"https:\/\/www.lraloeverashop.eu\/pl\/produkt\/mind-master-napoj-red\/","url":"https:\/\/www.lraloeverashop.eu\/pl\/produkt\/mind-master-napoj-red\/","name":"Mind Master Nap\u00f3j Red \u2013 Wi\u0119cej Energii Bez Zm\u0119czenia","isPartOf":{"@id":"https:\/\/www.lraloeverashop.eu\/pl\/#website"},"primaryImageOfPage":{"@id":"https:\/\/www.lraloeverashop.eu\/pl\/produkt\/mind-master-napoj-red\/#primaryimage"},"image":{"@id":"https:\/\/www.lraloeverashop.eu\/pl\/produkt\/mind-master-napoj-red\/#primaryimage"},"thumbnailUrl":"https:\/\/www.lraloeverashop.eu\/wp-content\/uploads\/2022\/10\/Mind-Master-Performance-Set-5-Red.jpg","datePublished":"2022-10-13T16:52:54+00:00","dateModified":"2026-02-27T17:17:04+00:00","description":"Brakuje Ci energii? Mind Master Nap\u00f3j Red wspiera koncentracj\u0119 i zmniejsza zm\u0119czenie. Dzia\u0142aj skuteczniej ka\u017cdego dnia \u2013 zam\u00f3w dzi\u015b!","breadcrumb":{"@id":"https:\/\/www.lraloeverashop.eu\/pl\/produkt\/mind-master-napoj-red\/#breadcrumb"},"inLanguage":"pl-PL","potentialAction":[{"@type":"ReadAction","target":["https:\/\/www.lraloeverashop.eu\/pl\/produkt\/mind-master-napoj-red\/"]}]},{"@type":"ImageObject","inLanguage":"pl-PL","@id":"https:\/\/www.lraloeverashop.eu\/pl\/produkt\/mind-master-napoj-red\/#primaryimage","url":"https:\/\/www.lraloeverashop.eu\/wp-content\/uploads\/2022\/10\/Mind-Master-Performance-Set-5-Red.jpg","contentUrl":"https:\/\/www.lraloeverashop.eu\/wp-content\/uploads\/2022\/10\/Mind-Master-Performance-Set-5-Red.jpg","width":1200,"height":1200,"caption":"Mind Master Nap\u00f3j Red 5Pak czerwony"},{"@type":"BreadcrumbList","@id":"https:\/\/www.lraloeverashop.eu\/pl\/produkt\/mind-master-napoj-red\/#breadcrumb","itemListElement":[{"@type":"ListItem","position":1,"name":"Home","item":"https:\/\/www.lraloeverashop.eu\/pl\/"},{"@type":"ListItem","position":2,"name":"Sklep","item":"https:\/\/www.lraloeverashop.eu\/shop\/"},{"@type":"ListItem","position":3,"name":"Mind Master Nap\u00f3j Red"}]},{"@type":"WebSite","@id":"https:\/\/www.lraloeverashop.eu\/pl\/#website","url":"https:\/\/www.lraloeverashop.eu\/pl\/","name":"Lr Aloe Vera Shop","description":"High Quality Lr Aloe Vera Gel, Aloe Vera Cream and Shampoo","publisher":{"@id":"https:\/\/www.lraloeverashop.eu\/pl\/#organization"},"potentialAction":[{"@type":"SearchAction","target":{"@type":"EntryPoint","urlTemplate":"https:\/\/www.lraloeverashop.eu\/pl\/?s={search_term_string}"},"query-input":{"@type":"PropertyValueSpecification","valueRequired":true,"valueName":"search_term_string"}}],"inLanguage":"pl-PL"},{"@type":"Organization","@id":"https:\/\/www.lraloeverashop.eu\/pl\/#organization","name":"Sklep Lr Aloe Vera","alternateName":"LR","url":"https:\/\/www.lraloeverashop.eu\/pl\/","logo":{"@type":"ImageObject","inLanguage":"pl-PL","@id":"https:\/\/www.lraloeverashop.eu\/pl\/#\/schema\/logo\/image\/","url":"https:\/\/www.lraloeverashop.eu\/wp-content\/uploads\/2022\/09\/cropped-Lr-Aloe-Vera-Shop.jpg","contentUrl":"https:\/\/www.lraloeverashop.eu\/wp-content\/uploads\/2022\/09\/cropped-Lr-Aloe-Vera-Shop.jpg","width":228,"height":76,"caption":"Sklep Lr Aloe Vera"},"image":{"@id":"https:\/\/www.lraloeverashop.eu\/pl\/#\/schema\/logo\/image\/"},"sameAs":["https:\/\/www.facebook.com\/lraloeverashop.eu","https:\/\/x.com\/natur__kosmetik","https:\/\/www.youtube.com\/channel\/UC5oN7BJ8nfYb8RpVtjwDEBA","https:\/\/www.instagram.com\/lrbeautyeu\/"],"description":"Sklep LR Aloe Vera to Twoje zaufane \u017ar\u00f3d\u0142o wysokiej jako\u015bci produkt\u00f3w LR Health & Beauty wyprodukowanych w Niemczech. Oferujemy wysokiej jako\u015bci produkty do piel\u0119gnacji sk\u00f3ry, od\u017cywiania i przeciwstarzeniowe z aloesem, stworzone z czystych sk\u0142adnik\u00f3w i poparte badaniami naukowymi. Odkryj naturaln\u0105 piel\u0119gnacj\u0119, kt\u00f3ra regeneruje, chroni i rewitalizuje Twoj\u0105 sk\u00f3r\u0119 \u2014 i korzystaj z ekskluzywnych comiesi\u0119cznych ofert na nasze bestsellerowe produkty LR Aloe Vera.\nRozpocznij swoj\u0105 naturaln\u0105 piel\u0119gnacj\u0119 sk\u00f3ry ju\u017c dzi\u015b i poczuj r\u00f3\u017cnic\u0119.","email":"info@lraloeverashop.eu","telephone":"+49 17670609653","legalName":"Lr Aloe Vera Shop","foundingDate":"2018-04-21","numberOfEmployees":{"@type":"QuantitativeValue","minValue":"1","maxValue":"10"}}]},"product_price_amount":"96.49","product_price_currency":"EUR","og_availability":"instock","product_availability":"instock","product_retailer_item_id":"80905-R PL","product_condition":"new"},"taxonomy_info":{"product_cat":[{"value":1096,"label":"Mind Master"},{"value":1099,"label":"Oszcz\u0119dzaj w zestawie"},{"value":1091,"label":"Produkty specjalne"},{"value":1100,"label":"Specjali\u015bci"},{"value":1106,"label":"Wydajno\u015b\u0107 i Energia"}],"product_tag":[{"value":1131,"label":"energia"}]},"featured_image_src_large":["https:\/\/www.lraloeverashop.eu\/wp-content\/uploads\/2022\/10\/Mind-Master-Performance-Set-5-Red-1024x1024.jpg",1024,1024,true],"author_info":[],"comment_info":0,"_links":{"self":[{"href":"https:\/\/www.lraloeverashop.eu\/pl\/wp-json\/wp\/v2\/product\/29901","targetHints":{"allow":["GET"]}}],"collection":[{"href":"https:\/\/www.lraloeverashop.eu\/pl\/wp-json\/wp\/v2\/product"}],"about":[{"href":"https:\/\/www.lraloeverashop.eu\/pl\/wp-json\/wp\/v2\/types\/product"}],"replies":[{"embeddable":true,"href":"https:\/\/www.lraloeverashop.eu\/pl\/wp-json\/wp\/v2\/comments?post=29901"}],"wp:featuredmedia":[{"embeddable":true,"href":"https:\/\/www.lraloeverashop.eu\/pl\/wp-json\/wp\/v2\/media\/27099"}],"wp:attachment":[{"href":"https:\/\/www.lraloeverashop.eu\/pl\/wp-json\/wp\/v2\/media?parent=29901"}],"wp:term":[{"taxonomy":"product_brand","embeddable":true,"href":"https:\/\/www.lraloeverashop.eu\/pl\/wp-json\/wp\/v2\/product_brand?post=29901"},{"taxonomy":"product_cat","embeddable":true,"href":"https:\/\/www.lraloeverashop.eu\/pl\/wp-json\/wp\/v2\/product_cat?post=29901"},{"taxonomy":"product_tag","embeddable":true,"href":"https:\/\/www.lraloeverashop.eu\/pl\/wp-json\/wp\/v2\/product_tag?post=29901"}],"curies":[{"name":"wp","href":"https:\/\/api.w.org\/{rel}","templated":true}]}}