{"id":29882,"date":"2022-10-15T07:43:52","date_gmt":"2022-10-15T05:43:52","guid":{"rendered":"https:\/\/www.lraloeverashop.eu\/product\/lr-woman-phyto-kapsulki\/"},"modified":"2022-10-15T07:43:52","modified_gmt":"2022-10-15T05:43:52","slug":"lr-woman-phyto-kapsulki","status":"publish","type":"product","link":"https:\/\/www.lraloeverashop.eu\/pl\/produkt\/lr-woman-phyto-kapsulki\/","title":{"rendered":"Lr Woman Phyto Kapsu\u0142ki"},"content":{"rendered":"<h2><span style=\"font-size: 16pt;\"><strong>Lr Woman Phyto Kapsu\u0142ki<\/strong><\/span><\/h2>\n<p><span style=\"font-size: 14pt;\"><strong>Lr Woman Phyto Kapsu\u0142ki z ekstraktem z czerwonej koniczyny<\/strong><\/span><\/p>\n<p>Lr Woman Phyto Kapsu\u0142ki to naturalne wsparcie dla kobiet w okresie menopauzy i premenopauzy. Zaawansowana formu\u0142a opracowana przez LR Health &amp; Beauty \u0142\u0105czy ekstrakt z czerwonej koniczyny pochodz\u0105cej z regionu Alp z kluczowymi minera\u0142ami i witamin\u0105 D3, aby wspiera\u0107 r\u00f3wnowag\u0119 hormonaln\u0105, zdrowie ko\u015bci oraz dobre samopoczucie.<\/p>\n<p>Produkt jest bez laktozy i glutenu, wyprodukowany w Niemczech zgodnie z wysokimi standardami jako\u015bci.<\/p>\n<h2><span style=\"font-size: 16pt;\"><strong>Jak dzia\u0142aj\u0105 Lr Woman Phyto Kapsu\u0142ki?<\/strong><\/span><\/h2>\n<h3><span style=\"font-size: 14pt;\"><strong>Naturalne wsparcie w \u0142agodzeniu objaw\u00f3w menopauzy<\/strong><\/span><\/h3>\n<p>Kapsu\u0142ki zawieraj\u0105 250 mg ekstraktu z czerwonej koniczyny, co odpowiada 50 mg izoflawon\u00f3w \u2013 naturalnych fitoestrogen\u00f3w. S\u0105 to ro\u015blinne zwi\u0105zki o dzia\u0142aniu podobnym do estrogen\u00f3w, kt\u00f3re mog\u0105 wspiera\u0107 organizm w okresie zmian hormonalnych.<\/p>\n<p>Regularne stosowanie mo\u017ce pom\u00f3c w redukcji takich objaw\u00f3w jak:<\/p>\n<ul>\n<li>uderzenia gor\u0105ca<\/li>\n<li>nadmierna potliwo\u015b\u0107<\/li>\n<li>dra\u017cliwo\u015b\u0107 i nerwowo\u015b\u0107<\/li>\n<li>zm\u0119czenie i problemy ze snem<\/li>\n<li>b\u00f3le g\u0142owy<\/li>\n<li>napi\u0119cie i tkliwo\u015b\u0107 piersi<\/li>\n<\/ul>\n<p>&nbsp;<\/p>\n<h3><span style=\"font-size: 14pt;\"><strong>Wsparcie ko\u015bci i profilaktyka osteoporozy<\/strong><\/span><\/h3>\n<p>Spadek poziomu estrogen\u00f3w w okresie menopauzy mo\u017ce przyczynia\u0107 si\u0119 do utraty masy kostnej.<br \/>\nFormu\u0142a zawiera:<\/p>\n<p><strong>Wap\u0144<\/strong> \u2013 wspiera utrzymanie prawid\u0142owej struktury ko\u015bci<br \/>\n<strong>Witamin\u0119 D3<\/strong> \u2013 pomaga w prawid\u0142owym wch\u0142anianiu wapnia i jego odk\u0142adaniu w tkance kostnej<br \/>\n<strong>Magnez<\/strong> \u2013 wspiera funkcjonowanie mi\u0119\u015bni i uk\u0142adu nerwowego<\/p>\n<p>To kompleksowe podej\u015bcie do ochrony zdrowia ko\u015bci w okresie klimakterium.<\/p>\n<p>&nbsp;<\/p>\n<h3><span style=\"font-size: 14pt;\"><strong>Ochrona serca i naczy\u0144 krwiono\u015bnych<\/strong><\/span><\/h3>\n<p>Izoflawony dzia\u0142aj\u0105 jako przeciwutleniacze i wspieraj\u0105 ochron\u0119 kom\u00f3rek przed stresem oksydacyjnym. Mog\u0105 r\u00f3wnie\u017c wspiera\u0107:<\/p>\n<ul>\n<li>utrzymanie prawid\u0142owego ci\u015bnienia krwi<\/li>\n<li>regulacj\u0119 poziomu cholesterolu<\/li>\n<li>ochron\u0119 naczy\u0144 krwiono\u015bnych przed procesami mia\u017cd\u017cycowymi<\/li>\n<\/ul>\n<p>&nbsp;<\/p>\n<h2><span style=\"font-size: 16pt;\"><strong>Synergia z Aloe Vera do Picia Freedom<\/strong><\/span><\/h2>\n<p>Dla maksymalnego efektu zaleca si\u0119 \u0142\u0105czenie Lr Woman Phyto Kapsu\u0142ki z Aloe Vera \u017belem do Picia Freedom. Aloes mo\u017ce wspiera\u0107 regulacj\u0119 kobiecego uk\u0142adu hormonalnego, a efekt synergii wzmacnia dzia\u0142anie profilaktyczne i wspieraj\u0105ce organizm.<\/p>\n<p>&nbsp;<\/p>\n<h2><span style=\"font-size: 16pt;\"><strong>Dla kogo przeznaczone s\u0105 Lr Woman Phyto Kapsu\u0142ki?<\/strong><\/span><\/h2>\n<p><strong>Kapsu\u0142ki s\u0105 przeznaczone dla:<\/strong><\/p>\n<ul>\n<li>kobiet w okresie premenopauzy i menopauzy<\/li>\n<li>kobiet odczuwaj\u0105cych objawy waha\u0144 hormonalnych<\/li>\n<li>kobiet dbaj\u0105cych o zdrowie ko\u015bci i serca<\/li>\n<li>kobiet z problemami wynikaj\u0105cymi z dominacji estrogenowej<\/li>\n<\/ul>\n<p>Kobiety w ci\u0105\u017cy i karmi\u0105ce piersi\u0105 powinny skonsultowa\u0107 si\u0119 z lekarzem przed rozpocz\u0119ciem suplementacji.<br \/>\nNie zaleca si\u0119 stosowania u dziewcz\u0105t w okresie dojrzewania.<\/p>\n<p>&nbsp;<\/p>\n<h2><span style=\"font-size: 16pt;\"><strong>Spos\u00f3b u\u017cycia<\/strong><\/span><\/h2>\n<p><strong>Zalecane dawkowanie:<\/strong> 3 x 1 kapsu\u0142ka dziennie, popijaj\u0105c niewielk\u0105 ilo\u015bci\u0105 p\u0142ynu, przed lub po posi\u0142ku.<\/p>\n<p>Nie przekracza\u0107 zalecanej dziennej porcji.<br \/>\nSuplement diety nie zast\u0119puje zr\u00f3\u017cnicowanej i zbilansowanej diety. Przechowywa\u0107 w ch\u0142odnym i suchym miejscu, poza zasi\u0119giem dzieci.<\/p>\n<p>&nbsp;<\/p>\n<h2><strong><span style=\"font-size: 16pt;\">Frequently asked questions<\/span><\/strong><\/h2>\n<p><strong>Co mo\u017cna zrobi\u0107 dla zdrowia ko\u015bci?<\/strong><br \/>\nRegularna aktywno\u015b\u0107 fizyczna \u2013 marsz, jazda na rowerze, p\u0142ywanie czy trening si\u0142owy \u2013 wspiera budow\u0119 i utrzymanie mocnej struktury kostnej. W okresie jesienno-zimowym warto zadba\u0107 o ekspozycj\u0119 na s\u0142o\u0144ce, aby wspiera\u0107 naturaln\u0105 syntez\u0119 witaminy D.<\/p>\n<p><strong>Jak dieta wp\u0142ywa na samopoczucie kobiet?<\/strong><br \/>\nZbilansowana dieta bogata w warzywa, owoce, ro\u015bliny str\u0105czkowe i produkty pe\u0142noziarniste dostarcza witamin, minera\u0142\u00f3w oraz fitozwi\u0105zk\u00f3w wspieraj\u0105cych r\u00f3wnowag\u0119 organizmu i op\u00f3\u017aniaj\u0105cych procesy starzenia.<\/p>\n","protected":false},"excerpt":{"rendered":"<ul>\n<li><span style=\"color: #ff0000;\"><strong>Oferta Limitowana<\/strong><\/span><\/li>\n<li>Dla dobrego samopoczucia kobiecego organizmu<\/li>\n<li>Z wapniem i witamin\u0105 D dla utrzymania zdrowych ko\u015bci<\/li>\n<li>Zawiera ekstrakt z czerwonej koniczyny<\/li>\n<li>Bez laktozy i glutenu<\/li>\n<li>Produkt wyprodukowany w Niemczech<\/li>\n<li>Zawarto\u015b\u0107: 2 x 90 kapsu\u0142ek<\/li>\n<\/ul>\n<p style=\"text-align: left;\"><span style=\"color: #ff0000;\"><a style=\"color: #ff0000;\" href=\"https:\/\/shop.lrworld.com\/openpao?PHP=0vFlt7jT938BEnBI3a6e9w%3D%3D\"><span style=\"font-size: 14pt;\"><strong>Zarejestruj si\u0119 i oszcz\u0119dzaj 35% przy ka\u017cdym zam\u00f3wieniu<\/strong><\/span><\/a><\/span><\/p>\n","protected":false},"featured_media":27302,"comment_status":"open","ping_status":"closed","template":"","meta":{"_kad_blocks_custom_css":"","_kad_blocks_head_custom_js":"","_kad_blocks_body_custom_js":"","_kad_blocks_footer_custom_js":"","_kadence_starter_templates_imported_post":false,"_kad_post_transparent":"default","_kad_post_title":"","_kad_post_layout":"default","_kad_post_sidebar_id":"","_kad_post_content_style":"default","_kad_post_vertical_padding":"default","_kad_post_feature":"","_kad_post_feature_position":"","_kad_post_header":false,"_kad_post_footer":false,"_kad_post_classname":""},"product_brand":[],"product_cat":[1090,1104,1100],"product_tag":[],"class_list":{"0":"post-29882","1":"product","2":"type-product","3":"status-publish","4":"has-post-thumbnail","6":"product_cat-oferty","7":"product_cat-rownowaga-hormonalna","8":"product_cat-specjalisci","10":"first","11":"outofstock","12":"sale","13":"taxable","14":"shipping-taxable","15":"purchasable","16":"product-type-simple","17":"entry","18":"content-bg","19":"loop-entry"},"yoast_head":"<!-- This site is optimized with the Yoast SEO Premium plugin v27.5 (Yoast SEO v27.5) - https:\/\/yoast.com\/product\/yoast-seo-premium-wordpress\/ -->\n<title>Lr Woman Phyto Kapsu\u0142ki \u2013 Naturalne Wsparcie Menopauzy<\/title>\n<meta name=\"description\" content=\"Lr Woman Phyto Kapsu\u0142ki z izoflawonami z czerwonej koniczyny wspieraj\u0105 komfort w menopauzie oraz zdrowie ko\u015bci. Zam\u00f3w teraz i poczuj r\u00f3\u017cnic\u0119!\" \/>\n<meta name=\"robots\" content=\"index, follow, max-snippet:-1, max-image-preview:large, max-video-preview:-1\" \/>\n<link rel=\"canonical\" href=\"https:\/\/www.lraloeverashop.eu\/pl\/produkt\/lr-woman-phyto-kapsulki\/\" \/>\n<meta property=\"og:locale\" content=\"pl_PL\" \/>\n<meta property=\"og:type\" content=\"article\" \/>\n<meta property=\"og:title\" content=\"Lr Woman Phyto Kapsu\u0142ki\" \/>\n<meta property=\"og:description\" content=\"Lr Woman Phyto Kapsu\u0142ki z izoflawonami z czerwonej koniczyny wspieraj\u0105 komfort w menopauzie oraz zdrowie ko\u015bci. Zam\u00f3w teraz i poczuj r\u00f3\u017cnic\u0119!\" \/>\n<meta property=\"og:url\" content=\"https:\/\/www.lraloeverashop.eu\/pl\/produkt\/lr-woman-phyto-kapsulki\/\" \/>\n<meta property=\"og:site_name\" content=\"Lr Aloe Vera Shop\" \/>\n<meta property=\"article:publisher\" content=\"https:\/\/www.facebook.com\/lraloeverashop.eu\" \/>\n<meta property=\"og:image\" content=\"https:\/\/www.lraloeverashop.eu\/wp-content\/uploads\/2022\/10\/phyto-2.jpg\" \/>\n\t<meta property=\"og:image:width\" content=\"1200\" \/>\n\t<meta property=\"og:image:height\" content=\"1200\" \/>\n\t<meta property=\"og:image:type\" content=\"image\/jpeg\" \/>\n<meta name=\"twitter:card\" content=\"summary_large_image\" \/>\n<meta name=\"twitter:site\" content=\"@natur__kosmetik\" \/>\n<script type=\"application\/ld+json\" class=\"yoast-schema-graph\">{\"@context\":\"https:\\\/\\\/schema.org\",\"@graph\":[{\"@type\":[\"WebPage\",\"ItemPage\"],\"@id\":\"https:\\\/\\\/www.lraloeverashop.eu\\\/pl\\\/produkt\\\/lr-woman-phyto-kapsulki\\\/\",\"url\":\"https:\\\/\\\/www.lraloeverashop.eu\\\/pl\\\/produkt\\\/lr-woman-phyto-kapsulki\\\/\",\"name\":\"Lr Woman Phyto Kapsu\u0142ki \u2013 Naturalne Wsparcie Menopauzy\",\"isPartOf\":{\"@id\":\"https:\\\/\\\/www.lraloeverashop.eu\\\/pl\\\/#website\"},\"primaryImageOfPage\":{\"@id\":\"https:\\\/\\\/www.lraloeverashop.eu\\\/pl\\\/produkt\\\/lr-woman-phyto-kapsulki\\\/#primaryimage\"},\"image\":{\"@id\":\"https:\\\/\\\/www.lraloeverashop.eu\\\/pl\\\/produkt\\\/lr-woman-phyto-kapsulki\\\/#primaryimage\"},\"thumbnailUrl\":\"https:\\\/\\\/www.lraloeverashop.eu\\\/wp-content\\\/uploads\\\/2022\\\/10\\\/phyto-2.jpg\",\"datePublished\":\"2022-10-15T05:43:52+00:00\",\"description\":\"Lr Woman Phyto Kapsu\u0142ki z izoflawonami z czerwonej koniczyny wspieraj\u0105 komfort w menopauzie oraz zdrowie ko\u015bci. Zam\u00f3w teraz i poczuj r\u00f3\u017cnic\u0119!\",\"breadcrumb\":{\"@id\":\"https:\\\/\\\/www.lraloeverashop.eu\\\/pl\\\/produkt\\\/lr-woman-phyto-kapsulki\\\/#breadcrumb\"},\"inLanguage\":\"pl-PL\",\"potentialAction\":[{\"@type\":\"ReadAction\",\"target\":[\"https:\\\/\\\/www.lraloeverashop.eu\\\/pl\\\/produkt\\\/lr-woman-phyto-kapsulki\\\/\"]}]},{\"@type\":\"ImageObject\",\"inLanguage\":\"pl-PL\",\"@id\":\"https:\\\/\\\/www.lraloeverashop.eu\\\/pl\\\/produkt\\\/lr-woman-phyto-kapsulki\\\/#primaryimage\",\"url\":\"https:\\\/\\\/www.lraloeverashop.eu\\\/wp-content\\\/uploads\\\/2022\\\/10\\\/phyto-2.jpg\",\"contentUrl\":\"https:\\\/\\\/www.lraloeverashop.eu\\\/wp-content\\\/uploads\\\/2022\\\/10\\\/phyto-2.jpg\",\"width\":1200,\"height\":1200,\"caption\":\"Lr Woman Phyto Kapsu\u0142ki Oferta limitowana\"},{\"@type\":\"BreadcrumbList\",\"@id\":\"https:\\\/\\\/www.lraloeverashop.eu\\\/pl\\\/produkt\\\/lr-woman-phyto-kapsulki\\\/#breadcrumb\",\"itemListElement\":[{\"@type\":\"ListItem\",\"position\":1,\"name\":\"Home\",\"item\":\"https:\\\/\\\/www.lraloeverashop.eu\\\/pl\\\/\"},{\"@type\":\"ListItem\",\"position\":2,\"name\":\"Sklep\",\"item\":\"https:\\\/\\\/www.lraloeverashop.eu\\\/pl\\\/sklep\\\/\"},{\"@type\":\"ListItem\",\"position\":3,\"name\":\"Lr Woman Phyto Kapsu\u0142ki\"}]},{\"@type\":\"WebSite\",\"@id\":\"https:\\\/\\\/www.lraloeverashop.eu\\\/pl\\\/#website\",\"url\":\"https:\\\/\\\/www.lraloeverashop.eu\\\/pl\\\/\",\"name\":\"Lr Aloe Vera Shop\",\"description\":\"High Quality Lr Aloe Vera Gel, Aloe Vera Cream and Shampoo\",\"publisher\":{\"@id\":\"https:\\\/\\\/www.lraloeverashop.eu\\\/pl\\\/#organization\"},\"alternateName\":\"LR\",\"potentialAction\":[{\"@type\":\"SearchAction\",\"target\":{\"@type\":\"EntryPoint\",\"urlTemplate\":\"https:\\\/\\\/www.lraloeverashop.eu\\\/pl\\\/?s={search_term_string}\"},\"query-input\":{\"@type\":\"PropertyValueSpecification\",\"valueRequired\":true,\"valueName\":\"search_term_string\"}}],\"inLanguage\":\"pl-PL\"},{\"@type\":\"Organization\",\"@id\":\"https:\\\/\\\/www.lraloeverashop.eu\\\/pl\\\/#organization\",\"name\":\"Sklep Lr Aloe Vera\",\"alternateName\":\"LR\",\"url\":\"https:\\\/\\\/www.lraloeverashop.eu\\\/pl\\\/\",\"logo\":{\"@type\":\"ImageObject\",\"inLanguage\":\"pl-PL\",\"@id\":\"https:\\\/\\\/www.lraloeverashop.eu\\\/pl\\\/#\\\/schema\\\/logo\\\/image\\\/\",\"url\":\"https:\\\/\\\/www.lraloeverashop.eu\\\/wp-content\\\/uploads\\\/2022\\\/09\\\/cropped-Lr-Aloe-Vera-Shop.jpg\",\"contentUrl\":\"https:\\\/\\\/www.lraloeverashop.eu\\\/wp-content\\\/uploads\\\/2022\\\/09\\\/cropped-Lr-Aloe-Vera-Shop.jpg\",\"width\":228,\"height\":76,\"caption\":\"Sklep Lr Aloe Vera\"},\"image\":{\"@id\":\"https:\\\/\\\/www.lraloeverashop.eu\\\/pl\\\/#\\\/schema\\\/logo\\\/image\\\/\"},\"sameAs\":[\"https:\\\/\\\/www.facebook.com\\\/lraloeverashop.eu\",\"https:\\\/\\\/x.com\\\/natur__kosmetik\",\"https:\\\/\\\/www.youtube.com\\\/channel\\\/UC5oN7BJ8nfYb8RpVtjwDEBA\",\"https:\\\/\\\/www.instagram.com\\\/lrbeautyeu\\\/\"],\"description\":\"Sklep LR Aloe Vera to Twoje zaufane \u017ar\u00f3d\u0142o wysokiej jako\u015bci produkt\u00f3w LR Health & Beauty wyprodukowanych w Niemczech. Oferujemy wysokiej jako\u015bci produkty do piel\u0119gnacji sk\u00f3ry, od\u017cywiania i przeciwstarzeniowe z aloesem, stworzone z czystych sk\u0142adnik\u00f3w i poparte badaniami naukowymi. Odkryj naturaln\u0105 piel\u0119gnacj\u0119, kt\u00f3ra regeneruje, chroni i rewitalizuje Twoj\u0105 sk\u00f3r\u0119 \u2014 i korzystaj z ekskluzywnych comiesi\u0119cznych ofert na nasze bestsellerowe produkty LR Aloe Vera.\\nRozpocznij swoj\u0105 naturaln\u0105 piel\u0119gnacj\u0119 sk\u00f3ry ju\u017c dzi\u015b i poczuj r\u00f3\u017cnic\u0119.\",\"email\":\"info@lraloeverashop.eu\",\"telephone\":\"+49 17670609653\",\"legalName\":\"Lr Aloe Vera Shop\",\"foundingDate\":\"2018-04-21\",\"numberOfEmployees\":{\"@type\":\"QuantitativeValue\",\"minValue\":\"1\",\"maxValue\":\"10\"}}]}<\/script>\n<meta property=\"product:price:amount\" content=\"55.99\" \/>\n<meta property=\"product:price:currency\" content=\"EUR\" \/>\n<meta property=\"og:availability\" content=\"out of stock\" \/>\n<meta property=\"product:availability\" content=\"out of stock\" \/>\n<meta property=\"product:retailer_item_id\" content=\"80522-1PL\" \/>\n<meta property=\"product:condition\" content=\"new\" \/>\n<!-- \/ Yoast SEO Premium plugin. -->","yoast_head_json":{"title":"Lr Woman Phyto Kapsu\u0142ki \u2013 Naturalne Wsparcie Menopauzy","description":"Lr Woman Phyto Kapsu\u0142ki z izoflawonami z czerwonej koniczyny wspieraj\u0105 komfort w menopauzie oraz zdrowie ko\u015bci. Zam\u00f3w teraz i poczuj r\u00f3\u017cnic\u0119!","robots":{"index":"index","follow":"follow","max-snippet":"max-snippet:-1","max-image-preview":"max-image-preview:large","max-video-preview":"max-video-preview:-1"},"canonical":"https:\/\/www.lraloeverashop.eu\/pl\/produkt\/lr-woman-phyto-kapsulki\/","og_locale":"pl_PL","og_type":"article","og_title":"Lr Woman Phyto Kapsu\u0142ki","og_description":"Lr Woman Phyto Kapsu\u0142ki z izoflawonami z czerwonej koniczyny wspieraj\u0105 komfort w menopauzie oraz zdrowie ko\u015bci. Zam\u00f3w teraz i poczuj r\u00f3\u017cnic\u0119!","og_url":"https:\/\/www.lraloeverashop.eu\/pl\/produkt\/lr-woman-phyto-kapsulki\/","og_site_name":"Lr Aloe Vera Shop","article_publisher":"https:\/\/www.facebook.com\/lraloeverashop.eu","og_image":[{"width":1200,"height":1200,"url":"https:\/\/www.lraloeverashop.eu\/wp-content\/uploads\/2022\/10\/phyto-2.jpg","type":"image\/jpeg"}],"twitter_card":"summary_large_image","twitter_site":"@natur__kosmetik","schema":{"@context":"https:\/\/schema.org","@graph":[{"@type":["WebPage","ItemPage"],"@id":"https:\/\/www.lraloeverashop.eu\/pl\/produkt\/lr-woman-phyto-kapsulki\/","url":"https:\/\/www.lraloeverashop.eu\/pl\/produkt\/lr-woman-phyto-kapsulki\/","name":"Lr Woman Phyto Kapsu\u0142ki \u2013 Naturalne Wsparcie Menopauzy","isPartOf":{"@id":"https:\/\/www.lraloeverashop.eu\/pl\/#website"},"primaryImageOfPage":{"@id":"https:\/\/www.lraloeverashop.eu\/pl\/produkt\/lr-woman-phyto-kapsulki\/#primaryimage"},"image":{"@id":"https:\/\/www.lraloeverashop.eu\/pl\/produkt\/lr-woman-phyto-kapsulki\/#primaryimage"},"thumbnailUrl":"https:\/\/www.lraloeverashop.eu\/wp-content\/uploads\/2022\/10\/phyto-2.jpg","datePublished":"2022-10-15T05:43:52+00:00","description":"Lr Woman Phyto Kapsu\u0142ki z izoflawonami z czerwonej koniczyny wspieraj\u0105 komfort w menopauzie oraz zdrowie ko\u015bci. Zam\u00f3w teraz i poczuj r\u00f3\u017cnic\u0119!","breadcrumb":{"@id":"https:\/\/www.lraloeverashop.eu\/pl\/produkt\/lr-woman-phyto-kapsulki\/#breadcrumb"},"inLanguage":"pl-PL","potentialAction":[{"@type":"ReadAction","target":["https:\/\/www.lraloeverashop.eu\/pl\/produkt\/lr-woman-phyto-kapsulki\/"]}]},{"@type":"ImageObject","inLanguage":"pl-PL","@id":"https:\/\/www.lraloeverashop.eu\/pl\/produkt\/lr-woman-phyto-kapsulki\/#primaryimage","url":"https:\/\/www.lraloeverashop.eu\/wp-content\/uploads\/2022\/10\/phyto-2.jpg","contentUrl":"https:\/\/www.lraloeverashop.eu\/wp-content\/uploads\/2022\/10\/phyto-2.jpg","width":1200,"height":1200,"caption":"Lr Woman Phyto Kapsu\u0142ki Oferta limitowana"},{"@type":"BreadcrumbList","@id":"https:\/\/www.lraloeverashop.eu\/pl\/produkt\/lr-woman-phyto-kapsulki\/#breadcrumb","itemListElement":[{"@type":"ListItem","position":1,"name":"Home","item":"https:\/\/www.lraloeverashop.eu\/pl\/"},{"@type":"ListItem","position":2,"name":"Sklep","item":"https:\/\/www.lraloeverashop.eu\/pl\/sklep\/"},{"@type":"ListItem","position":3,"name":"Lr Woman Phyto Kapsu\u0142ki"}]},{"@type":"WebSite","@id":"https:\/\/www.lraloeverashop.eu\/pl\/#website","url":"https:\/\/www.lraloeverashop.eu\/pl\/","name":"Lr Aloe Vera Shop","description":"High Quality Lr Aloe Vera Gel, Aloe Vera Cream and Shampoo","publisher":{"@id":"https:\/\/www.lraloeverashop.eu\/pl\/#organization"},"alternateName":"LR","potentialAction":[{"@type":"SearchAction","target":{"@type":"EntryPoint","urlTemplate":"https:\/\/www.lraloeverashop.eu\/pl\/?s={search_term_string}"},"query-input":{"@type":"PropertyValueSpecification","valueRequired":true,"valueName":"search_term_string"}}],"inLanguage":"pl-PL"},{"@type":"Organization","@id":"https:\/\/www.lraloeverashop.eu\/pl\/#organization","name":"Sklep Lr Aloe Vera","alternateName":"LR","url":"https:\/\/www.lraloeverashop.eu\/pl\/","logo":{"@type":"ImageObject","inLanguage":"pl-PL","@id":"https:\/\/www.lraloeverashop.eu\/pl\/#\/schema\/logo\/image\/","url":"https:\/\/www.lraloeverashop.eu\/wp-content\/uploads\/2022\/09\/cropped-Lr-Aloe-Vera-Shop.jpg","contentUrl":"https:\/\/www.lraloeverashop.eu\/wp-content\/uploads\/2022\/09\/cropped-Lr-Aloe-Vera-Shop.jpg","width":228,"height":76,"caption":"Sklep Lr Aloe Vera"},"image":{"@id":"https:\/\/www.lraloeverashop.eu\/pl\/#\/schema\/logo\/image\/"},"sameAs":["https:\/\/www.facebook.com\/lraloeverashop.eu","https:\/\/x.com\/natur__kosmetik","https:\/\/www.youtube.com\/channel\/UC5oN7BJ8nfYb8RpVtjwDEBA","https:\/\/www.instagram.com\/lrbeautyeu\/"],"description":"Sklep LR Aloe Vera to Twoje zaufane \u017ar\u00f3d\u0142o wysokiej jako\u015bci produkt\u00f3w LR Health & Beauty wyprodukowanych w Niemczech. Oferujemy wysokiej jako\u015bci produkty do piel\u0119gnacji sk\u00f3ry, od\u017cywiania i przeciwstarzeniowe z aloesem, stworzone z czystych sk\u0142adnik\u00f3w i poparte badaniami naukowymi. Odkryj naturaln\u0105 piel\u0119gnacj\u0119, kt\u00f3ra regeneruje, chroni i rewitalizuje Twoj\u0105 sk\u00f3r\u0119 \u2014 i korzystaj z ekskluzywnych comiesi\u0119cznych ofert na nasze bestsellerowe produkty LR Aloe Vera.\nRozpocznij swoj\u0105 naturaln\u0105 piel\u0119gnacj\u0119 sk\u00f3ry ju\u017c dzi\u015b i poczuj r\u00f3\u017cnic\u0119.","email":"info@lraloeverashop.eu","telephone":"+49 17670609653","legalName":"Lr Aloe Vera Shop","foundingDate":"2018-04-21","numberOfEmployees":{"@type":"QuantitativeValue","minValue":"1","maxValue":"10"}}]},"product_price_amount":"55.99","product_price_currency":"EUR","og_availability":"out of stock","product_availability":"out of stock","product_retailer_item_id":"80522-1PL","product_condition":"new"},"taxonomy_info":{"product_cat":[{"value":1090,"label":"Oferty"},{"value":1104,"label":"R\u00f3wnowaga hormonalna"},{"value":1100,"label":"Specjali\u015bci"}]},"featured_image_src_large":["https:\/\/www.lraloeverashop.eu\/wp-content\/uploads\/2022\/10\/phyto-2-1024x1024.jpg",1024,1024,true],"author_info":[],"comment_info":0,"_links":{"self":[{"href":"https:\/\/www.lraloeverashop.eu\/pl\/wp-json\/wp\/v2\/product\/29882","targetHints":{"allow":["GET"]}}],"collection":[{"href":"https:\/\/www.lraloeverashop.eu\/pl\/wp-json\/wp\/v2\/product"}],"about":[{"href":"https:\/\/www.lraloeverashop.eu\/pl\/wp-json\/wp\/v2\/types\/product"}],"replies":[{"embeddable":true,"href":"https:\/\/www.lraloeverashop.eu\/pl\/wp-json\/wp\/v2\/comments?post=29882"}],"wp:featuredmedia":[{"embeddable":true,"href":"https:\/\/www.lraloeverashop.eu\/pl\/wp-json\/wp\/v2\/media\/27302"}],"wp:attachment":[{"href":"https:\/\/www.lraloeverashop.eu\/pl\/wp-json\/wp\/v2\/media?parent=29882"}],"wp:term":[{"taxonomy":"product_brand","embeddable":true,"href":"https:\/\/www.lraloeverashop.eu\/pl\/wp-json\/wp\/v2\/product_brand?post=29882"},{"taxonomy":"product_cat","embeddable":true,"href":"https:\/\/www.lraloeverashop.eu\/pl\/wp-json\/wp\/v2\/product_cat?post=29882"},{"taxonomy":"product_tag","embeddable":true,"href":"https:\/\/www.lraloeverashop.eu\/pl\/wp-json\/wp\/v2\/product_tag?post=29882"}],"curies":[{"name":"wp","href":"https:\/\/api.w.org\/{rel}","templated":true}]}}