{"id":29877,"date":"2022-10-14T11:27:51","date_gmt":"2022-10-14T09:27:51","guid":{"rendered":"https:\/\/www.lraloeverashop.eu\/product\/suplement-na-menopauze\/"},"modified":"2026-02-22T08:10:05","modified_gmt":"2026-02-22T07:10:05","slug":"suplement-na-menopauze","status":"publish","type":"product","link":"https:\/\/www.lraloeverashop.eu\/pl\/produkt\/suplement-na-menopauze\/","title":{"rendered":"Suplement na Menopauz\u0119 Woman Phyto Kapsu\u0142ki"},"content":{"rendered":"<h2><span style=\"font-size: 16pt;\"><strong>Suplement na Menopauz\u0119 Woman Phyto Kapsu\u0142ki<\/strong><\/span><\/h2>\n<p><span style=\"font-size: 14pt;\"><strong>Suplement na Menopauz\u0119 Woman Phyto Kapsu\u0142ki &#8211; Naturalne wsparcie w okresie menopauzy<\/strong><\/span><\/p>\n<p>Suplement na Menopauz\u0119 Woman Phyto Kapsu\u0142ki od LR Health &amp; Beauty to kompleksowe, naturalne wsparcie organizmu kobiety w okresie klimakterium. Formu\u0142a zosta\u0142a opracowana z my\u015bl\u0105 o kobietach w okresie premenopauzy i menopauzy, kt\u00f3re chc\u0105 zachowa\u0107 r\u00f3wnowag\u0119 hormonaln\u0105, dobre samopoczucie oraz zdrowe ko\u015bci i serce.<\/p>\n<p>Produkt zawiera ekstrakt z czerwonej koniczyny pochodz\u0105cej z rejonu Alp, a tak\u017ce magnez, wap\u0144 i witamin\u0119 D3, kt\u00f3ra wspomaga odk\u0142adanie wapnia w ko\u015bciach. Preparat jest bez laktozy i glutenu.<\/p>\n<p>&nbsp;<\/p>\n<h2><span style=\"font-size: 16pt;\"><strong>Jak dzia\u0142a Suplement na Menopauz\u0119 Woman Phyto Kapsu\u0142ki?<\/strong><\/span><\/h2>\n<h3><strong><span style=\"font-size: 14pt;\">\u0141agodzenie objaw\u00f3w menopauzy<\/span><\/strong><\/h3>\n<p>Zawarte w\u00a0suplemencie na menopauz\u0119 izoflawony z czerwonej koniczyny (50 mg w porcji dziennej) to naturalne fitoestrogeny \u2013 substancje ro\u015blinne o dzia\u0142aniu podobnym do estrogenu. Mog\u0105 wspiera\u0107 organizm w redukcji typowych objaw\u00f3w menopauzy, takich jak:<\/p>\n<p>uderzenia gor\u0105ca, nadmierna potliwo\u015b\u0107, dra\u017cliwo\u015b\u0107 i nerwowo\u015b\u0107, zm\u0119czenie, zaburzenia snu, b\u00f3le g\u0142owy, napi\u0119cie piersi&#8230;.<\/p>\n<p>&nbsp;<\/p>\n<h3><strong><span style=\"font-size: 14pt;\">Wsparcie dla ko\u015bci i profilaktyka osteoporozy<\/span><\/strong><\/h3>\n<ul>\n<li><strong>Wap\u0144 i witamina D3<\/strong> pomagaj\u0105 w utrzymaniu zdrowych ko\u015bci.<\/li>\n<li><strong>Witamina D3<\/strong> wspiera prawid\u0142owe wch\u0142anianie wapnia i jego odk\u0142adanie w tkance kostnej.<\/li>\n<li><strong>Magnez<\/strong> wspiera funkcjonowanie mi\u0119\u015bni i uk\u0142adu nerwowego.<\/li>\n<\/ul>\n<p>Regularna suplementacja Suplementu na Menopauz\u0119 Woman Phyto Kapsu\u0142ki w okresie menopauzy jest szczeg\u00f3lnie istotna, poniewa\u017c spadek poziomu estrogen\u00f3w mo\u017ce przyczynia\u0107 si\u0119 do utraty masy kostnej.<\/p>\n<p>&nbsp;<\/p>\n<h3><strong><span style=\"font-size: 14pt;\">Wsparcie uk\u0142adu sercowo-naczyniowego<\/span><\/strong><\/h3>\n<p>Izoflawony dzia\u0142aj\u0105 jako przeciwutleniacze i pomagaj\u0105 chroni\u0107 kom\u00f3rki przed stresem oksydacyjnym. Wspieraj\u0105 ochron\u0119 naczy\u0144 krwiono\u015bnych przed procesami mia\u017cd\u017cycowymi, mog\u0105 wspomaga\u0107:<\/p>\n<ul>\n<li>utrzymanie prawid\u0142owego ci\u015bnienia krwi<\/li>\n<li>regulacj\u0119 poziomu cholesterolu<\/li>\n<\/ul>\n<p>&nbsp;<\/p>\n<h2><span style=\"font-size: 16pt;\"><strong>Synergia z Aloesem do Picia Freedom<\/strong><\/span><\/h2>\n<p>Dla jeszcze lepszych efekt\u00f3w zaleca si\u0119 stosowanie Suplementu na Menopauz\u0119 Woman Phyto Kapsu\u0142ki razem z Aloesem do Picia Freedom. Aloes mo\u017ce wspiera\u0107 r\u00f3wnowag\u0119 hormonaln\u0105 organizmu kobiety, a efekt synergii wzmacnia dzia\u0142anie profilaktyczne i wspieraj\u0105ce.<\/p>\n<p>&nbsp;<\/p>\n<h2><span style=\"font-size: 16pt;\"><strong>Dla kogo przeznaczony jest Suplement na Menopauz\u0119?<\/strong><\/span><\/h2>\n<ul>\n<li>dla kobiet w okresie premenopauzy i menopauzy<\/li>\n<li>dla kobiet z objawami dominacji estrogenowej<\/li>\n<li>dla kobiet, kt\u00f3re chc\u0105 zapobiega\u0107 osteoporozie<\/li>\n<li>dla kobiet dbaj\u0105cych o serce i naczynia krwiono\u015bne<\/li>\n<\/ul>\n<p>Kobiety w ci\u0105\u017cy i karmi\u0105ce piersi\u0105 powinny skonsultowa\u0107 stosowanie produktu z lekarzem.<br \/>\nNie zaleca si\u0119 stosowania u dziewcz\u0105t w okresie dojrzewania.<\/p>\n<p>&nbsp;<\/p>\n<h2><span style=\"font-size: 16pt;\"><strong>Jak stosowa\u0107 Suplement na Menopauz\u0119 Woman Phyto Kapsu\u0142ki<\/strong><\/span><\/h2>\n<p>Zalecane dawkowanie: 3 x 1 kapsu\u0142ka dziennie, popijaj\u0105c niewielk\u0105 ilo\u015bci\u0105 p\u0142ynu, przed lub po posi\u0142ku.<\/p>\n<p>Nie przekracza\u0107 zalecanej dziennej porcji do spo\u017cycia.<br \/>\nSuplement diety nie zast\u0119puje zr\u00f3\u017cnicowanej i zbilansowanej diety.<br \/>\nPrzechowywa\u0107 Suplement na Menopauz\u0119 w ch\u0142odnym i suchym miejscu, poza zasi\u0119giem dzieci.<\/p>\n<p>&nbsp;<\/p>\n<h2><span style=\"font-size: 16pt;\"><strong>Najcz\u0119\u015bciej zadawane pytania<\/strong><\/span><\/h2>\n<p><strong>Co mo\u017cna zrobi\u0107 dla zdrowia ko\u015bci?<\/strong><br \/>\nRegularna aktywno\u015b\u0107 fizyczna, taka jak marsz, jazda na rowerze, p\u0142ywanie czy trening si\u0142owy, wspiera budow\u0119 i utrzymanie stabilnej struktury kostnej. Ekspozycja na s\u0142o\u0144ce sprzyja naturalnej syntezie witaminy D, kt\u00f3ra odgrywa rol\u0119 w wielu procesach hormonalnych.<\/p>\n<p><strong>Jak dieta wp\u0142ywa na kobiece samopoczucie?<\/strong><br \/>\nZbilansowana dieta ro\u015blinna bogata w warzywa, owoce, ro\u015bliny str\u0105czkowe i pe\u0142noziarniste produkty dostarcza witamin, minera\u0142\u00f3w oraz fitozwi\u0105zk\u00f3w wspieraj\u0105cych organizm kobiety i op\u00f3\u017aniaj\u0105cych procesy starzenia.<\/p>\n","protected":false},"excerpt":{"rendered":"<ul>\n<li class=\"ai-optimize-22\">Dla dobrego samopoczucia kobiecego organizmu<\/li>\n<li class=\"ai-optimize-22\">Z wapniem i witamin\u0105 D dla utrzymania zdrowych ko\u015bci<\/li>\n<li class=\"ai-optimize-22\">Zawiera ekstrakt z czerwonej koniczyny<\/li>\n<li class=\"ai-optimize-22\">Bez laktozy i glutenu<\/li>\n<li class=\"ai-optimize-22\">Produkt wyprodukowany w Niemczech<\/li>\n<li class=\"ai-optimize-22\">Zawarto\u015b\u0107: 3 x 90 kapsu\u0142ek<\/li>\n<\/ul>\n<p style=\"text-align: left;\"><span style=\"color: #ff0000;\"><a style=\"color: #ff0000;\" href=\"https:\/\/shop.lrworld.com\/openpao?PHP=0vFlt7jT938BEnBI3a6e9w%3D%3D\"><span style=\"font-size: 14pt;\"><strong>Zarejestruj si\u0119 i oszcz\u0119dzaj 35% przy ka\u017cdym zam\u00f3wieniu<\/strong><\/span><\/a><\/span><\/p>\n","protected":false},"featured_media":27280,"comment_status":"open","ping_status":"closed","template":"","meta":{"_kad_blocks_custom_css":"","_kad_blocks_head_custom_js":"","_kad_blocks_body_custom_js":"","_kad_blocks_footer_custom_js":"","_kadence_starter_templates_imported_post":false,"_kad_post_transparent":"default","_kad_post_title":"","_kad_post_layout":"default","_kad_post_sidebar_id":"","_kad_post_content_style":"default","_kad_post_vertical_padding":"default","_kad_post_feature":"","_kad_post_feature_position":"","_kad_post_header":false,"_kad_post_footer":false,"_kad_post_classname":""},"product_brand":[],"product_cat":[1099,1104,1100],"product_tag":[],"class_list":{"0":"post-29877","1":"product","2":"type-product","3":"status-publish","4":"has-post-thumbnail","6":"product_cat-oszczedzaj-w-zestawie","7":"product_cat-rownowaga-hormonalna","8":"product_cat-specjalisci","10":"first","11":"instock","12":"taxable","13":"shipping-taxable","14":"purchasable","15":"product-type-simple","16":"entry","17":"content-bg","18":"loop-entry"},"yoast_head":"<!-- This site is optimized with the Yoast SEO Premium plugin v27.5 (Yoast SEO v27.5) - https:\/\/yoast.com\/product\/yoast-seo-premium-wordpress\/ -->\n<title>Suplement na Menopauz\u0119 Woman Phyto Kapsu\u0142ki \u2013 Ulga<\/title>\n<meta name=\"description\" content=\"Suplement na Menopauz\u0119 Woman Phyto Kapsu\u0142ki \u2013 premium formu\u0142a z czerwon\u0105 koniczyn\u0105, wapniem i wit. D3. Naturalne wsparcie menopauzy i ko\u015bci. Kup teraz.\" \/>\n<meta name=\"robots\" content=\"index, follow, max-snippet:-1, max-image-preview:large, max-video-preview:-1\" \/>\n<link rel=\"canonical\" href=\"https:\/\/www.lraloeverashop.eu\/pl\/produkt\/suplement-na-menopauze\/\" \/>\n<meta property=\"og:locale\" content=\"pl_PL\" \/>\n<meta property=\"og:type\" content=\"article\" \/>\n<meta property=\"og:title\" content=\"Suplement na Menopauz\u0119 Woman Phyto Kapsu\u0142ki\" \/>\n<meta property=\"og:description\" content=\"Suplement na Menopauz\u0119 Woman Phyto Kapsu\u0142ki \u2013 premium formu\u0142a z czerwon\u0105 koniczyn\u0105, wapniem i wit. D3. Naturalne wsparcie menopauzy i ko\u015bci. Kup teraz.\" \/>\n<meta property=\"og:url\" content=\"https:\/\/www.lraloeverashop.eu\/pl\/produkt\/suplement-na-menopauze\/\" \/>\n<meta property=\"og:site_name\" content=\"Lr Aloe Vera Shop\" \/>\n<meta property=\"article:publisher\" content=\"https:\/\/www.facebook.com\/lraloeverashop.eu\" \/>\n<meta property=\"article:modified_time\" content=\"2026-02-22T07:10:05+00:00\" \/>\n<meta property=\"og:image\" content=\"https:\/\/www.lraloeverashop.eu\/wp-content\/uploads\/2022\/10\/Woman-phyto-capsules-3-set.jpg\" \/>\n\t<meta property=\"og:image:width\" content=\"1200\" \/>\n\t<meta property=\"og:image:height\" content=\"1200\" \/>\n\t<meta property=\"og:image:type\" content=\"image\/jpeg\" \/>\n<meta name=\"twitter:card\" content=\"summary_large_image\" \/>\n<meta name=\"twitter:site\" content=\"@natur__kosmetik\" \/>\n<script type=\"application\/ld+json\" class=\"yoast-schema-graph\">{\"@context\":\"https:\\\/\\\/schema.org\",\"@graph\":[{\"@type\":[\"WebPage\",\"ItemPage\"],\"@id\":\"https:\\\/\\\/www.lraloeverashop.eu\\\/pl\\\/produkt\\\/suplement-na-menopauze\\\/\",\"url\":\"https:\\\/\\\/www.lraloeverashop.eu\\\/pl\\\/produkt\\\/suplement-na-menopauze\\\/\",\"name\":\"Suplement na Menopauz\u0119 Woman Phyto Kapsu\u0142ki \u2013 Ulga\",\"isPartOf\":{\"@id\":\"https:\\\/\\\/www.lraloeverashop.eu\\\/pl\\\/#website\"},\"primaryImageOfPage\":{\"@id\":\"https:\\\/\\\/www.lraloeverashop.eu\\\/pl\\\/produkt\\\/suplement-na-menopauze\\\/#primaryimage\"},\"image\":{\"@id\":\"https:\\\/\\\/www.lraloeverashop.eu\\\/pl\\\/produkt\\\/suplement-na-menopauze\\\/#primaryimage\"},\"thumbnailUrl\":\"https:\\\/\\\/www.lraloeverashop.eu\\\/wp-content\\\/uploads\\\/2022\\\/10\\\/Woman-phyto-capsules-3-set.jpg\",\"datePublished\":\"2022-10-14T09:27:51+00:00\",\"dateModified\":\"2026-02-22T07:10:05+00:00\",\"description\":\"Suplement na Menopauz\u0119 Woman Phyto Kapsu\u0142ki \u2013 premium formu\u0142a z czerwon\u0105 koniczyn\u0105, wapniem i wit. D3. Naturalne wsparcie menopauzy i ko\u015bci. Kup teraz.\",\"breadcrumb\":{\"@id\":\"https:\\\/\\\/www.lraloeverashop.eu\\\/pl\\\/produkt\\\/suplement-na-menopauze\\\/#breadcrumb\"},\"inLanguage\":\"pl-PL\",\"potentialAction\":[{\"@type\":\"ReadAction\",\"target\":[\"https:\\\/\\\/www.lraloeverashop.eu\\\/pl\\\/produkt\\\/suplement-na-menopauze\\\/\"]}]},{\"@type\":\"ImageObject\",\"inLanguage\":\"pl-PL\",\"@id\":\"https:\\\/\\\/www.lraloeverashop.eu\\\/pl\\\/produkt\\\/suplement-na-menopauze\\\/#primaryimage\",\"url\":\"https:\\\/\\\/www.lraloeverashop.eu\\\/wp-content\\\/uploads\\\/2022\\\/10\\\/Woman-phyto-capsules-3-set.jpg\",\"contentUrl\":\"https:\\\/\\\/www.lraloeverashop.eu\\\/wp-content\\\/uploads\\\/2022\\\/10\\\/Woman-phyto-capsules-3-set.jpg\",\"width\":1200,\"height\":1200,\"caption\":\"H2 Suplement na Menopauz\u0119 Woman Phyto Kapsu\u0142ki z wapniem i witamin\u0105 D\"},{\"@type\":\"BreadcrumbList\",\"@id\":\"https:\\\/\\\/www.lraloeverashop.eu\\\/pl\\\/produkt\\\/suplement-na-menopauze\\\/#breadcrumb\",\"itemListElement\":[{\"@type\":\"ListItem\",\"position\":1,\"name\":\"Home\",\"item\":\"https:\\\/\\\/www.lraloeverashop.eu\\\/pl\\\/\"},{\"@type\":\"ListItem\",\"position\":2,\"name\":\"Sklep\",\"item\":\"https:\\\/\\\/www.lraloeverashop.eu\\\/pl\\\/sklep\\\/\"},{\"@type\":\"ListItem\",\"position\":3,\"name\":\"Suplement na Menopauz\u0119 Woman Phyto Kapsu\u0142ki\"}]},{\"@type\":\"WebSite\",\"@id\":\"https:\\\/\\\/www.lraloeverashop.eu\\\/pl\\\/#website\",\"url\":\"https:\\\/\\\/www.lraloeverashop.eu\\\/pl\\\/\",\"name\":\"Lr Aloe Vera Shop\",\"description\":\"High Quality Lr Aloe Vera Gel, Aloe Vera Cream and Shampoo\",\"publisher\":{\"@id\":\"https:\\\/\\\/www.lraloeverashop.eu\\\/pl\\\/#organization\"},\"alternateName\":\"LR\",\"potentialAction\":[{\"@type\":\"SearchAction\",\"target\":{\"@type\":\"EntryPoint\",\"urlTemplate\":\"https:\\\/\\\/www.lraloeverashop.eu\\\/pl\\\/?s={search_term_string}\"},\"query-input\":{\"@type\":\"PropertyValueSpecification\",\"valueRequired\":true,\"valueName\":\"search_term_string\"}}],\"inLanguage\":\"pl-PL\"},{\"@type\":\"Organization\",\"@id\":\"https:\\\/\\\/www.lraloeverashop.eu\\\/pl\\\/#organization\",\"name\":\"Sklep Lr Aloe Vera\",\"alternateName\":\"LR\",\"url\":\"https:\\\/\\\/www.lraloeverashop.eu\\\/pl\\\/\",\"logo\":{\"@type\":\"ImageObject\",\"inLanguage\":\"pl-PL\",\"@id\":\"https:\\\/\\\/www.lraloeverashop.eu\\\/pl\\\/#\\\/schema\\\/logo\\\/image\\\/\",\"url\":\"https:\\\/\\\/www.lraloeverashop.eu\\\/wp-content\\\/uploads\\\/2022\\\/09\\\/cropped-Lr-Aloe-Vera-Shop.jpg\",\"contentUrl\":\"https:\\\/\\\/www.lraloeverashop.eu\\\/wp-content\\\/uploads\\\/2022\\\/09\\\/cropped-Lr-Aloe-Vera-Shop.jpg\",\"width\":228,\"height\":76,\"caption\":\"Sklep Lr Aloe Vera\"},\"image\":{\"@id\":\"https:\\\/\\\/www.lraloeverashop.eu\\\/pl\\\/#\\\/schema\\\/logo\\\/image\\\/\"},\"sameAs\":[\"https:\\\/\\\/www.facebook.com\\\/lraloeverashop.eu\",\"https:\\\/\\\/x.com\\\/natur__kosmetik\",\"https:\\\/\\\/www.youtube.com\\\/channel\\\/UC5oN7BJ8nfYb8RpVtjwDEBA\",\"https:\\\/\\\/www.instagram.com\\\/lrbeautyeu\\\/\"],\"description\":\"Sklep LR Aloe Vera to Twoje zaufane \u017ar\u00f3d\u0142o wysokiej jako\u015bci produkt\u00f3w LR Health & Beauty wyprodukowanych w Niemczech. Oferujemy wysokiej jako\u015bci produkty do piel\u0119gnacji sk\u00f3ry, od\u017cywiania i przeciwstarzeniowe z aloesem, stworzone z czystych sk\u0142adnik\u00f3w i poparte badaniami naukowymi. Odkryj naturaln\u0105 piel\u0119gnacj\u0119, kt\u00f3ra regeneruje, chroni i rewitalizuje Twoj\u0105 sk\u00f3r\u0119 \u2014 i korzystaj z ekskluzywnych comiesi\u0119cznych ofert na nasze bestsellerowe produkty LR Aloe Vera.\\nRozpocznij swoj\u0105 naturaln\u0105 piel\u0119gnacj\u0119 sk\u00f3ry ju\u017c dzi\u015b i poczuj r\u00f3\u017cnic\u0119.\",\"email\":\"info@lraloeverashop.eu\",\"telephone\":\"+49 17670609653\",\"legalName\":\"Lr Aloe Vera Shop\",\"foundingDate\":\"2018-04-21\",\"numberOfEmployees\":{\"@type\":\"QuantitativeValue\",\"minValue\":\"1\",\"maxValue\":\"10\"}}]}<\/script>\n<meta property=\"product:price:amount\" content=\"106.99\" \/>\n<meta property=\"product:price:currency\" content=\"EUR\" \/>\n<meta property=\"og:availability\" content=\"instock\" \/>\n<meta property=\"product:availability\" content=\"instock\" \/>\n<meta property=\"product:retailer_item_id\" content=\"80352-499PL\" \/>\n<meta property=\"product:condition\" content=\"new\" \/>\n<!-- \/ Yoast SEO Premium plugin. -->","yoast_head_json":{"title":"Suplement na Menopauz\u0119 Woman Phyto Kapsu\u0142ki \u2013 Ulga","description":"Suplement na Menopauz\u0119 Woman Phyto Kapsu\u0142ki \u2013 premium formu\u0142a z czerwon\u0105 koniczyn\u0105, wapniem i wit. D3. Naturalne wsparcie menopauzy i ko\u015bci. Kup teraz.","robots":{"index":"index","follow":"follow","max-snippet":"max-snippet:-1","max-image-preview":"max-image-preview:large","max-video-preview":"max-video-preview:-1"},"canonical":"https:\/\/www.lraloeverashop.eu\/pl\/produkt\/suplement-na-menopauze\/","og_locale":"pl_PL","og_type":"article","og_title":"Suplement na Menopauz\u0119 Woman Phyto Kapsu\u0142ki","og_description":"Suplement na Menopauz\u0119 Woman Phyto Kapsu\u0142ki \u2013 premium formu\u0142a z czerwon\u0105 koniczyn\u0105, wapniem i wit. D3. Naturalne wsparcie menopauzy i ko\u015bci. Kup teraz.","og_url":"https:\/\/www.lraloeverashop.eu\/pl\/produkt\/suplement-na-menopauze\/","og_site_name":"Lr Aloe Vera Shop","article_publisher":"https:\/\/www.facebook.com\/lraloeverashop.eu","article_modified_time":"2026-02-22T07:10:05+00:00","og_image":[{"width":1200,"height":1200,"url":"https:\/\/www.lraloeverashop.eu\/wp-content\/uploads\/2022\/10\/Woman-phyto-capsules-3-set.jpg","type":"image\/jpeg"}],"twitter_card":"summary_large_image","twitter_site":"@natur__kosmetik","schema":{"@context":"https:\/\/schema.org","@graph":[{"@type":["WebPage","ItemPage"],"@id":"https:\/\/www.lraloeverashop.eu\/pl\/produkt\/suplement-na-menopauze\/","url":"https:\/\/www.lraloeverashop.eu\/pl\/produkt\/suplement-na-menopauze\/","name":"Suplement na Menopauz\u0119 Woman Phyto Kapsu\u0142ki \u2013 Ulga","isPartOf":{"@id":"https:\/\/www.lraloeverashop.eu\/pl\/#website"},"primaryImageOfPage":{"@id":"https:\/\/www.lraloeverashop.eu\/pl\/produkt\/suplement-na-menopauze\/#primaryimage"},"image":{"@id":"https:\/\/www.lraloeverashop.eu\/pl\/produkt\/suplement-na-menopauze\/#primaryimage"},"thumbnailUrl":"https:\/\/www.lraloeverashop.eu\/wp-content\/uploads\/2022\/10\/Woman-phyto-capsules-3-set.jpg","datePublished":"2022-10-14T09:27:51+00:00","dateModified":"2026-02-22T07:10:05+00:00","description":"Suplement na Menopauz\u0119 Woman Phyto Kapsu\u0142ki \u2013 premium formu\u0142a z czerwon\u0105 koniczyn\u0105, wapniem i wit. D3. Naturalne wsparcie menopauzy i ko\u015bci. Kup teraz.","breadcrumb":{"@id":"https:\/\/www.lraloeverashop.eu\/pl\/produkt\/suplement-na-menopauze\/#breadcrumb"},"inLanguage":"pl-PL","potentialAction":[{"@type":"ReadAction","target":["https:\/\/www.lraloeverashop.eu\/pl\/produkt\/suplement-na-menopauze\/"]}]},{"@type":"ImageObject","inLanguage":"pl-PL","@id":"https:\/\/www.lraloeverashop.eu\/pl\/produkt\/suplement-na-menopauze\/#primaryimage","url":"https:\/\/www.lraloeverashop.eu\/wp-content\/uploads\/2022\/10\/Woman-phyto-capsules-3-set.jpg","contentUrl":"https:\/\/www.lraloeverashop.eu\/wp-content\/uploads\/2022\/10\/Woman-phyto-capsules-3-set.jpg","width":1200,"height":1200,"caption":"H2 Suplement na Menopauz\u0119 Woman Phyto Kapsu\u0142ki z wapniem i witamin\u0105 D"},{"@type":"BreadcrumbList","@id":"https:\/\/www.lraloeverashop.eu\/pl\/produkt\/suplement-na-menopauze\/#breadcrumb","itemListElement":[{"@type":"ListItem","position":1,"name":"Home","item":"https:\/\/www.lraloeverashop.eu\/pl\/"},{"@type":"ListItem","position":2,"name":"Sklep","item":"https:\/\/www.lraloeverashop.eu\/pl\/sklep\/"},{"@type":"ListItem","position":3,"name":"Suplement na Menopauz\u0119 Woman Phyto Kapsu\u0142ki"}]},{"@type":"WebSite","@id":"https:\/\/www.lraloeverashop.eu\/pl\/#website","url":"https:\/\/www.lraloeverashop.eu\/pl\/","name":"Lr Aloe Vera Shop","description":"High Quality Lr Aloe Vera Gel, Aloe Vera Cream and Shampoo","publisher":{"@id":"https:\/\/www.lraloeverashop.eu\/pl\/#organization"},"alternateName":"LR","potentialAction":[{"@type":"SearchAction","target":{"@type":"EntryPoint","urlTemplate":"https:\/\/www.lraloeverashop.eu\/pl\/?s={search_term_string}"},"query-input":{"@type":"PropertyValueSpecification","valueRequired":true,"valueName":"search_term_string"}}],"inLanguage":"pl-PL"},{"@type":"Organization","@id":"https:\/\/www.lraloeverashop.eu\/pl\/#organization","name":"Sklep Lr Aloe Vera","alternateName":"LR","url":"https:\/\/www.lraloeverashop.eu\/pl\/","logo":{"@type":"ImageObject","inLanguage":"pl-PL","@id":"https:\/\/www.lraloeverashop.eu\/pl\/#\/schema\/logo\/image\/","url":"https:\/\/www.lraloeverashop.eu\/wp-content\/uploads\/2022\/09\/cropped-Lr-Aloe-Vera-Shop.jpg","contentUrl":"https:\/\/www.lraloeverashop.eu\/wp-content\/uploads\/2022\/09\/cropped-Lr-Aloe-Vera-Shop.jpg","width":228,"height":76,"caption":"Sklep Lr Aloe Vera"},"image":{"@id":"https:\/\/www.lraloeverashop.eu\/pl\/#\/schema\/logo\/image\/"},"sameAs":["https:\/\/www.facebook.com\/lraloeverashop.eu","https:\/\/x.com\/natur__kosmetik","https:\/\/www.youtube.com\/channel\/UC5oN7BJ8nfYb8RpVtjwDEBA","https:\/\/www.instagram.com\/lrbeautyeu\/"],"description":"Sklep LR Aloe Vera to Twoje zaufane \u017ar\u00f3d\u0142o wysokiej jako\u015bci produkt\u00f3w LR Health & Beauty wyprodukowanych w Niemczech. Oferujemy wysokiej jako\u015bci produkty do piel\u0119gnacji sk\u00f3ry, od\u017cywiania i przeciwstarzeniowe z aloesem, stworzone z czystych sk\u0142adnik\u00f3w i poparte badaniami naukowymi. Odkryj naturaln\u0105 piel\u0119gnacj\u0119, kt\u00f3ra regeneruje, chroni i rewitalizuje Twoj\u0105 sk\u00f3r\u0119 \u2014 i korzystaj z ekskluzywnych comiesi\u0119cznych ofert na nasze bestsellerowe produkty LR Aloe Vera.\nRozpocznij swoj\u0105 naturaln\u0105 piel\u0119gnacj\u0119 sk\u00f3ry ju\u017c dzi\u015b i poczuj r\u00f3\u017cnic\u0119.","email":"info@lraloeverashop.eu","telephone":"+49 17670609653","legalName":"Lr Aloe Vera Shop","foundingDate":"2018-04-21","numberOfEmployees":{"@type":"QuantitativeValue","minValue":"1","maxValue":"10"}}]},"product_price_amount":"106.99","product_price_currency":"EUR","og_availability":"instock","product_availability":"instock","product_retailer_item_id":"80352-499PL","product_condition":"new"},"taxonomy_info":{"product_cat":[{"value":1099,"label":"Oszcz\u0119dzaj w zestawie"},{"value":1104,"label":"R\u00f3wnowaga hormonalna"},{"value":1100,"label":"Specjali\u015bci"}]},"featured_image_src_large":["https:\/\/www.lraloeverashop.eu\/wp-content\/uploads\/2022\/10\/Woman-phyto-capsules-3-set-1024x1024.jpg",1024,1024,true],"author_info":[],"comment_info":0,"_links":{"self":[{"href":"https:\/\/www.lraloeverashop.eu\/pl\/wp-json\/wp\/v2\/product\/29877","targetHints":{"allow":["GET"]}}],"collection":[{"href":"https:\/\/www.lraloeverashop.eu\/pl\/wp-json\/wp\/v2\/product"}],"about":[{"href":"https:\/\/www.lraloeverashop.eu\/pl\/wp-json\/wp\/v2\/types\/product"}],"replies":[{"embeddable":true,"href":"https:\/\/www.lraloeverashop.eu\/pl\/wp-json\/wp\/v2\/comments?post=29877"}],"wp:featuredmedia":[{"embeddable":true,"href":"https:\/\/www.lraloeverashop.eu\/pl\/wp-json\/wp\/v2\/media\/27280"}],"wp:attachment":[{"href":"https:\/\/www.lraloeverashop.eu\/pl\/wp-json\/wp\/v2\/media?parent=29877"}],"wp:term":[{"taxonomy":"product_brand","embeddable":true,"href":"https:\/\/www.lraloeverashop.eu\/pl\/wp-json\/wp\/v2\/product_brand?post=29877"},{"taxonomy":"product_cat","embeddable":true,"href":"https:\/\/www.lraloeverashop.eu\/pl\/wp-json\/wp\/v2\/product_cat?post=29877"},{"taxonomy":"product_tag","embeddable":true,"href":"https:\/\/www.lraloeverashop.eu\/pl\/wp-json\/wp\/v2\/product_tag?post=29877"}],"curies":[{"name":"wp","href":"https:\/\/api.w.org\/{rel}","templated":true}]}}