{"id":29872,"date":"2022-10-15T08:29:04","date_gmt":"2022-10-15T06:29:04","guid":{"rendered":"https:\/\/www.lraloeverashop.eu\/product\/lr-freedom-kapsulki\/"},"modified":"2026-02-21T19:35:17","modified_gmt":"2026-02-21T18:35:17","slug":"lr-freedom-kapsulki","status":"publish","type":"product","link":"https:\/\/www.lraloeverashop.eu\/pl\/produkt\/lr-freedom-kapsulki\/","title":{"rendered":"Lr Freedom Kapsu\u0142ki"},"content":{"rendered":"<h2><span style=\"font-size: 16pt;\"><strong>Lr Freedom Kapsu\u0142ki<\/strong><\/span><\/h2>\n<p><span style=\"font-size: 14pt;\"><strong>Lr Freedom Kapsu\u0142ki \u2013 najlepsze wsparcie dla uk\u0142adu mi\u0119\u015bniowo-szkieletowego<\/strong><\/span><\/p>\n<p>Lr Freedom Kapsu\u0142ki to kompleksowe wsparcie dla staw\u00f3w, ko\u015bci, mi\u0119\u015bni oraz tkanki \u0142\u0105cznej. Zdrowa chrz\u0105stka, mocne ko\u015bci i sprawne mi\u0119\u015bnie stanowi\u0105 fundament prawid\u0142owo funkcjonuj\u0105cego uk\u0142adu ruchu. Odpowiednia poda\u017c mikrosk\u0142adnik\u00f3w od\u017cywczych jest kluczowa \u2013 szczeg\u00f3lnie wraz z up\u0142ywem czasu, gdy naturalnie mo\u017ce dochodzi\u0107 do os\u0142abienia chrz\u0105stki i tkanki mi\u0119\u015bniowej.<\/p>\n<p>Zaawansowana formu\u0142a opracowana przez LR Health &amp; Beauty zosta\u0142a stworzona z my\u015bl\u0105 o osobach aktywnych oraz tych, kt\u00f3re chc\u0105 zachowa\u0107 mobilno\u015b\u0107 i komfort ruchu na d\u0142ugie lata.<\/p>\n<p>&nbsp;<\/p>\n<h2><span style=\"font-size: 16pt;\"><strong>Dlaczego warto wybra\u0107 Lr Freedom Kapsu\u0142ki?<\/strong><\/span><\/h2>\n<h3><span style=\"font-size: 14pt;\"><strong>Ochrona kom\u00f3rek przed stresem oksydacyjnym<\/strong><\/span><\/h3>\n<p>Intensywny tryb \u017cycia, wysi\u0142ek fizyczny czy stres sprzyjaj\u0105 powstawaniu wolnych rodnik\u00f3w.<\/p>\n<ul>\n<li><strong>Mangan i witamina E<\/strong> pomagaj\u0105 chroni\u0107 kom\u00f3rki przed stresem oksydacyjnym, wspieraj\u0105c naturalne mechanizmy obronne organizmu.<\/li>\n<\/ul>\n<p>&nbsp;<\/p>\n<h3><span style=\"font-size: 14pt;\"><strong>Utrzymanie zdrowych ko\u015bci i prawid\u0142owej tkanki \u0142\u0105cznej<\/strong><\/span><\/h3>\n<ul>\n<li><strong>Mangan i witamina D<\/strong> w Lr Freedom Kapsu\u0142kach przyczyniaj\u0105 si\u0119 do utrzymania prawid\u0142owej struktury ko\u015bci.<\/li>\n<li><strong>Mangan<\/strong> wspiera prawid\u0142owe tworzenie tkanki \u0142\u0105cznej.<\/li>\n<li><strong>Witamina D<\/strong> wspomaga prawid\u0142owe wch\u0142anianie i wykorzystanie wapnia oraz fosforu oraz pomaga utrzyma\u0107 w\u0142a\u015bciwy poziom wapnia we krwi.<\/li>\n<\/ul>\n<p>To kluczowe elementy dla zachowania stabilno\u015bci, wytrzyma\u0142o\u015bci i elastyczno\u015bci uk\u0142adu ruchu.<\/p>\n<p>&nbsp;<\/p>\n<h3><span style=\"font-size: 14pt;\"><strong>Wsparcie si\u0142y mi\u0119\u015bni i chrz\u0105stki stawowej<\/strong><\/span><\/h3>\n<ul>\n<li><strong>Witamina D<\/strong> przyczynia si\u0119 do utrzymania prawid\u0142owego funkcjonowania mi\u0119\u015bni.<\/li>\n<li><strong>Siarczan glukozaminy i siarczan chondroityny<\/strong> \u2013 podstawowe sk\u0142adniki budulcowe chrz\u0105stki i tkanek stawowych \u2013 wspieraj\u0105 struktur\u0119 staw\u00f3w.<\/li>\n<\/ul>\n<p>Szczeg\u00f3lnie kolana i biodra s\u0105 nara\u017cone na du\u017ce obci\u0105\u017cenia \u2013 d\u017awigaj\u0105 ci\u0119\u017car cia\u0142a, amortyzuj\u0105 wstrz\u0105sy i umo\u017cliwiaj\u0105 elastyczny ruch. P\u0142yn stawowy dzia\u0142a jak naturalna poduszka ochronna pomi\u0119dzy powierzchniami stawowymi. Odpowiednie wsparcie sk\u0142adnikami od\u017cywczymi pomaga utrzyma\u0107 ich prawid\u0142owe funkcjonowanie.<\/p>\n<p>&nbsp;<\/p>\n<h2><span style=\"font-size: 16pt;\"><strong>Dla kogo przeznaczony jest zestaw?<\/strong><\/span><\/h2>\n<p>Lr Freedom Kapsu\u0142ki przeznaczone:<\/p>\n<ul>\n<li>dla os\u00f3b aktywnych fizycznie<\/li>\n<li>dla os\u00f3b obci\u0105\u017caj\u0105cych stawy w pracy<\/li>\n<li>dla os\u00f3b w wieku \u015brednim i starszym<\/li>\n<li>dla wszystkich, kt\u00f3rzy chc\u0105 zadba\u0107 o ko\u015bci, mi\u0119\u015bnie i chrz\u0105stk\u0119 stawow\u0105<\/li>\n<\/ul>\n<p>&nbsp;<\/p>\n<h2><span style=\"font-size: 16pt;\"><strong>Jak stosowa\u0107 Lr Freedom Kapsu\u0142ki<\/strong><\/span><\/h2>\n<p>Przyjmowa\u0107 1 kapsu\u0142k\u0119 dwa razy dziennie, popijaj\u0105c odpowiedni\u0105 ilo\u015bci\u0105 p\u0142ynu, przed lub po posi\u0142ku.<\/p>\n<p>&nbsp;<\/p>\n<h2><span style=\"font-size: 16pt;\"><strong>Wa\u017cne informacje<\/strong><\/span><\/h2>\n<p>Nie przekracza\u0107 zalecanej dziennej porcji do spo\u017cycia.<br \/>\nSuplement diety nie zast\u0119puje zr\u00f3\u017cnicowanej i zbilansowanej diety oraz zdrowego stylu \u017cycia.<br \/>\nNie stosowa\u0107 Lr Freedom Kapsu\u0142ki w przypadku alergii na siarczan glukozaminy lub chondroityny.<br \/>\nNie stosowa\u0107 w przypadku alergii na skorupiaki.<br \/>\nPrzechowywa\u0107 w miejscu niedost\u0119pnym dla dzieci.<\/p>\n<p>&nbsp;<\/p>\n","protected":false},"excerpt":{"rendered":"<ul>\n<li>Oferta Limitowana<\/li>\n<li>Dostarcza antyoksydant\u00f3w chroni\u0105cych kom\u00f3rki przed stresem oksydacyjnym<\/li>\n<li>Wspiera utrzymanie prawid\u0142owej struktury ko\u015bci i tworzenie tkanki \u0142\u0105cznej<\/li>\n<li>Wspomaga si\u0142\u0119 mi\u0119\u015bni<\/li>\n<li>Zawiera siarczan glukozaminy i siarczan chondroityny \u2013 podstawowe sk\u0142adniki chrz\u0105stki<\/li>\n<li>Zawarto\u015b\u0107: 2 x 60 kapsu\u0142ek<\/li>\n<\/ul>\n<p style=\"text-align: left;\"><span style=\"color: #ff0000;\"><a style=\"color: #ff0000;\" href=\"https:\/\/shop.lrworld.com\/openpao?PHP=0vFlt7jT938BEnBI3a6e9w%3D%3D\"><span style=\"font-size: 14pt;\"><strong>Zarejestruj si\u0119 i oszcz\u0119dzaj 35% przy ka\u017cdym zam\u00f3wieniu<\/strong><\/span><\/a><\/span><\/p>\n","protected":false},"featured_media":27137,"comment_status":"open","ping_status":"closed","template":"","meta":{"_kad_blocks_custom_css":"","_kad_blocks_head_custom_js":"","_kad_blocks_body_custom_js":"","_kad_blocks_footer_custom_js":"","_kadence_starter_templates_imported_post":false,"_kad_post_transparent":"default","_kad_post_title":"","_kad_post_layout":"default","_kad_post_sidebar_id":"","_kad_post_content_style":"default","_kad_post_vertical_padding":"default","_kad_post_feature":"","_kad_post_feature_position":"","_kad_post_header":false,"_kad_post_footer":false,"_kad_post_classname":""},"product_brand":[],"product_cat":[1102,1090,1100],"product_tag":[1137],"class_list":{"0":"post-29872","1":"product","2":"type-product","3":"status-publish","4":"has-post-thumbnail","6":"product_cat-kosci-stawy-miesnie","7":"product_cat-oferty","8":"product_cat-specjalisci","9":"product_tag-bole-stawow","11":"first","12":"outofstock","13":"sale","14":"taxable","15":"shipping-taxable","16":"purchasable","17":"product-type-simple","18":"entry","19":"content-bg","20":"loop-entry"},"yoast_head":"<!-- This site is optimized with the Yoast SEO Premium plugin v27.4 (Yoast SEO v27.4) - https:\/\/yoast.com\/product\/yoast-seo-premium-wordpress\/ -->\n<title>Lr Freedom Kapsu\u0142ki Oferta Limitowana \u2013 Mocne Stawy i Ko\u015bci<\/title>\n<meta name=\"description\" content=\"Zadbaj o stawy i mi\u0119\u015bnie! Lr Freedom Kapsu\u0142ki z glukozamin\u0105, chondroityn\u0105 i wit. D. Zestaw 2x60 \u2013 wsparcie ka\u017cdego dnia. Zam\u00f3w teraz!\" \/>\n<meta name=\"robots\" content=\"index, follow, max-snippet:-1, max-image-preview:large, max-video-preview:-1\" \/>\n<link rel=\"canonical\" href=\"https:\/\/www.lraloeverashop.eu\/pl\/produkt\/lr-freedom-kapsulki\/\" \/>\n<meta property=\"og:locale\" content=\"pl_PL\" \/>\n<meta property=\"og:type\" content=\"article\" \/>\n<meta property=\"og:title\" content=\"Lr Freedom Kapsu\u0142ki\" \/>\n<meta property=\"og:description\" content=\"Zadbaj o stawy i mi\u0119\u015bnie! Lr Freedom Kapsu\u0142ki z glukozamin\u0105, chondroityn\u0105 i wit. D. Zestaw 2x60 \u2013 wsparcie ka\u017cdego dnia. Zam\u00f3w teraz!\" \/>\n<meta property=\"og:url\" content=\"https:\/\/www.lraloeverashop.eu\/pl\/produkt\/lr-freedom-kapsulki\/\" \/>\n<meta property=\"og:site_name\" content=\"Lr Aloe Vera Shop\" \/>\n<meta property=\"article:publisher\" content=\"https:\/\/www.facebook.com\/lraloeverashop.eu\" \/>\n<meta property=\"article:modified_time\" content=\"2026-02-21T18:35:17+00:00\" \/>\n<meta property=\"og:image\" content=\"https:\/\/www.lraloeverashop.eu\/wp-content\/uploads\/2022\/10\/Freedom-Capsules-double-Set.jpg\" \/>\n\t<meta property=\"og:image:width\" content=\"1200\" \/>\n\t<meta property=\"og:image:height\" content=\"1200\" \/>\n\t<meta property=\"og:image:type\" content=\"image\/jpeg\" \/>\n<meta name=\"twitter:card\" content=\"summary_large_image\" \/>\n<meta name=\"twitter:site\" content=\"@natur__kosmetik\" \/>\n<script type=\"application\/ld+json\" class=\"yoast-schema-graph\">{\"@context\":\"https:\\\/\\\/schema.org\",\"@graph\":[{\"@type\":[\"WebPage\",\"ItemPage\"],\"@id\":\"https:\\\/\\\/www.lraloeverashop.eu\\\/pl\\\/produkt\\\/lr-freedom-kapsulki\\\/\",\"url\":\"https:\\\/\\\/www.lraloeverashop.eu\\\/pl\\\/produkt\\\/lr-freedom-kapsulki\\\/\",\"name\":\"Lr Freedom Kapsu\u0142ki Oferta Limitowana \u2013 Mocne Stawy i Ko\u015bci\",\"isPartOf\":{\"@id\":\"https:\\\/\\\/www.lraloeverashop.eu\\\/pl\\\/#website\"},\"primaryImageOfPage\":{\"@id\":\"https:\\\/\\\/www.lraloeverashop.eu\\\/pl\\\/produkt\\\/lr-freedom-kapsulki\\\/#primaryimage\"},\"image\":{\"@id\":\"https:\\\/\\\/www.lraloeverashop.eu\\\/pl\\\/produkt\\\/lr-freedom-kapsulki\\\/#primaryimage\"},\"thumbnailUrl\":\"https:\\\/\\\/www.lraloeverashop.eu\\\/wp-content\\\/uploads\\\/2022\\\/10\\\/Freedom-Capsules-double-Set.jpg\",\"datePublished\":\"2022-10-15T06:29:04+00:00\",\"dateModified\":\"2026-02-21T18:35:17+00:00\",\"description\":\"Zadbaj o stawy i mi\u0119\u015bnie! Lr Freedom Kapsu\u0142ki z glukozamin\u0105, chondroityn\u0105 i wit. D. Zestaw 2x60 \u2013 wsparcie ka\u017cdego dnia. Zam\u00f3w teraz!\",\"breadcrumb\":{\"@id\":\"https:\\\/\\\/www.lraloeverashop.eu\\\/pl\\\/produkt\\\/lr-freedom-kapsulki\\\/#breadcrumb\"},\"inLanguage\":\"pl-PL\",\"potentialAction\":[{\"@type\":\"ReadAction\",\"target\":[\"https:\\\/\\\/www.lraloeverashop.eu\\\/pl\\\/produkt\\\/lr-freedom-kapsulki\\\/\"]}]},{\"@type\":\"ImageObject\",\"inLanguage\":\"pl-PL\",\"@id\":\"https:\\\/\\\/www.lraloeverashop.eu\\\/pl\\\/produkt\\\/lr-freedom-kapsulki\\\/#primaryimage\",\"url\":\"https:\\\/\\\/www.lraloeverashop.eu\\\/wp-content\\\/uploads\\\/2022\\\/10\\\/Freedom-Capsules-double-Set.jpg\",\"contentUrl\":\"https:\\\/\\\/www.lraloeverashop.eu\\\/wp-content\\\/uploads\\\/2022\\\/10\\\/Freedom-Capsules-double-Set.jpg\",\"width\":1200,\"height\":1200,\"caption\":\"Lr Freedom Kapsu\u0142ki dla os\u00f3b aktywnych fizycznie\"},{\"@type\":\"BreadcrumbList\",\"@id\":\"https:\\\/\\\/www.lraloeverashop.eu\\\/pl\\\/produkt\\\/lr-freedom-kapsulki\\\/#breadcrumb\",\"itemListElement\":[{\"@type\":\"ListItem\",\"position\":1,\"name\":\"Home\",\"item\":\"https:\\\/\\\/www.lraloeverashop.eu\\\/pl\\\/\"},{\"@type\":\"ListItem\",\"position\":2,\"name\":\"Sklep\",\"item\":\"https:\\\/\\\/www.lraloeverashop.eu\\\/pl\\\/sklep\\\/\"},{\"@type\":\"ListItem\",\"position\":3,\"name\":\"Lr Freedom Kapsu\u0142ki\"}]},{\"@type\":\"WebSite\",\"@id\":\"https:\\\/\\\/www.lraloeverashop.eu\\\/pl\\\/#website\",\"url\":\"https:\\\/\\\/www.lraloeverashop.eu\\\/pl\\\/\",\"name\":\"Lr Aloe Vera Shop\",\"description\":\"High Quality Lr Aloe Vera Gel, Aloe Vera Cream and Shampoo\",\"publisher\":{\"@id\":\"https:\\\/\\\/www.lraloeverashop.eu\\\/pl\\\/#organization\"},\"alternateName\":\"LR\",\"potentialAction\":[{\"@type\":\"SearchAction\",\"target\":{\"@type\":\"EntryPoint\",\"urlTemplate\":\"https:\\\/\\\/www.lraloeverashop.eu\\\/pl\\\/?s={search_term_string}\"},\"query-input\":{\"@type\":\"PropertyValueSpecification\",\"valueRequired\":true,\"valueName\":\"search_term_string\"}}],\"inLanguage\":\"pl-PL\"},{\"@type\":\"Organization\",\"@id\":\"https:\\\/\\\/www.lraloeverashop.eu\\\/pl\\\/#organization\",\"name\":\"Sklep Lr Aloe Vera\",\"alternateName\":\"LR\",\"url\":\"https:\\\/\\\/www.lraloeverashop.eu\\\/pl\\\/\",\"logo\":{\"@type\":\"ImageObject\",\"inLanguage\":\"pl-PL\",\"@id\":\"https:\\\/\\\/www.lraloeverashop.eu\\\/pl\\\/#\\\/schema\\\/logo\\\/image\\\/\",\"url\":\"https:\\\/\\\/www.lraloeverashop.eu\\\/wp-content\\\/uploads\\\/2022\\\/09\\\/cropped-Lr-Aloe-Vera-Shop.jpg\",\"contentUrl\":\"https:\\\/\\\/www.lraloeverashop.eu\\\/wp-content\\\/uploads\\\/2022\\\/09\\\/cropped-Lr-Aloe-Vera-Shop.jpg\",\"width\":228,\"height\":76,\"caption\":\"Sklep Lr Aloe Vera\"},\"image\":{\"@id\":\"https:\\\/\\\/www.lraloeverashop.eu\\\/pl\\\/#\\\/schema\\\/logo\\\/image\\\/\"},\"sameAs\":[\"https:\\\/\\\/www.facebook.com\\\/lraloeverashop.eu\",\"https:\\\/\\\/x.com\\\/natur__kosmetik\",\"https:\\\/\\\/www.youtube.com\\\/channel\\\/UC5oN7BJ8nfYb8RpVtjwDEBA\",\"https:\\\/\\\/www.instagram.com\\\/lrbeautyeu\\\/\"],\"description\":\"Sklep LR Aloe Vera to Twoje zaufane \u017ar\u00f3d\u0142o wysokiej jako\u015bci produkt\u00f3w LR Health & Beauty wyprodukowanych w Niemczech. Oferujemy wysokiej jako\u015bci produkty do piel\u0119gnacji sk\u00f3ry, od\u017cywiania i przeciwstarzeniowe z aloesem, stworzone z czystych sk\u0142adnik\u00f3w i poparte badaniami naukowymi. Odkryj naturaln\u0105 piel\u0119gnacj\u0119, kt\u00f3ra regeneruje, chroni i rewitalizuje Twoj\u0105 sk\u00f3r\u0119 \u2014 i korzystaj z ekskluzywnych comiesi\u0119cznych ofert na nasze bestsellerowe produkty LR Aloe Vera.\\nRozpocznij swoj\u0105 naturaln\u0105 piel\u0119gnacj\u0119 sk\u00f3ry ju\u017c dzi\u015b i poczuj r\u00f3\u017cnic\u0119.\",\"email\":\"info@lraloeverashop.eu\",\"telephone\":\"+49 17670609653\",\"legalName\":\"Lr Aloe Vera Shop\",\"foundingDate\":\"2018-04-21\",\"numberOfEmployees\":{\"@type\":\"QuantitativeValue\",\"minValue\":\"1\",\"maxValue\":\"10\"}}]}<\/script>\n<meta property=\"product:price:amount\" content=\"52.99\" \/>\n<meta property=\"product:price:currency\" content=\"EUR\" \/>\n<meta property=\"og:availability\" content=\"out of stock\" \/>\n<meta property=\"product:availability\" content=\"out of stock\" \/>\n<meta property=\"product:retailer_item_id\" content=\"80191-1PL\" \/>\n<meta property=\"product:condition\" content=\"new\" \/>\n<!-- \/ Yoast SEO Premium plugin. -->","yoast_head_json":{"title":"Lr Freedom Kapsu\u0142ki Oferta Limitowana \u2013 Mocne Stawy i Ko\u015bci","description":"Zadbaj o stawy i mi\u0119\u015bnie! Lr Freedom Kapsu\u0142ki z glukozamin\u0105, chondroityn\u0105 i wit. D. Zestaw 2x60 \u2013 wsparcie ka\u017cdego dnia. Zam\u00f3w teraz!","robots":{"index":"index","follow":"follow","max-snippet":"max-snippet:-1","max-image-preview":"max-image-preview:large","max-video-preview":"max-video-preview:-1"},"canonical":"https:\/\/www.lraloeverashop.eu\/pl\/produkt\/lr-freedom-kapsulki\/","og_locale":"pl_PL","og_type":"article","og_title":"Lr Freedom Kapsu\u0142ki","og_description":"Zadbaj o stawy i mi\u0119\u015bnie! Lr Freedom Kapsu\u0142ki z glukozamin\u0105, chondroityn\u0105 i wit. D. Zestaw 2x60 \u2013 wsparcie ka\u017cdego dnia. Zam\u00f3w teraz!","og_url":"https:\/\/www.lraloeverashop.eu\/pl\/produkt\/lr-freedom-kapsulki\/","og_site_name":"Lr Aloe Vera Shop","article_publisher":"https:\/\/www.facebook.com\/lraloeverashop.eu","article_modified_time":"2026-02-21T18:35:17+00:00","og_image":[{"width":1200,"height":1200,"url":"https:\/\/www.lraloeverashop.eu\/wp-content\/uploads\/2022\/10\/Freedom-Capsules-double-Set.jpg","type":"image\/jpeg"}],"twitter_card":"summary_large_image","twitter_site":"@natur__kosmetik","schema":{"@context":"https:\/\/schema.org","@graph":[{"@type":["WebPage","ItemPage"],"@id":"https:\/\/www.lraloeverashop.eu\/pl\/produkt\/lr-freedom-kapsulki\/","url":"https:\/\/www.lraloeverashop.eu\/pl\/produkt\/lr-freedom-kapsulki\/","name":"Lr Freedom Kapsu\u0142ki Oferta Limitowana \u2013 Mocne Stawy i Ko\u015bci","isPartOf":{"@id":"https:\/\/www.lraloeverashop.eu\/pl\/#website"},"primaryImageOfPage":{"@id":"https:\/\/www.lraloeverashop.eu\/pl\/produkt\/lr-freedom-kapsulki\/#primaryimage"},"image":{"@id":"https:\/\/www.lraloeverashop.eu\/pl\/produkt\/lr-freedom-kapsulki\/#primaryimage"},"thumbnailUrl":"https:\/\/www.lraloeverashop.eu\/wp-content\/uploads\/2022\/10\/Freedom-Capsules-double-Set.jpg","datePublished":"2022-10-15T06:29:04+00:00","dateModified":"2026-02-21T18:35:17+00:00","description":"Zadbaj o stawy i mi\u0119\u015bnie! Lr Freedom Kapsu\u0142ki z glukozamin\u0105, chondroityn\u0105 i wit. D. Zestaw 2x60 \u2013 wsparcie ka\u017cdego dnia. Zam\u00f3w teraz!","breadcrumb":{"@id":"https:\/\/www.lraloeverashop.eu\/pl\/produkt\/lr-freedom-kapsulki\/#breadcrumb"},"inLanguage":"pl-PL","potentialAction":[{"@type":"ReadAction","target":["https:\/\/www.lraloeverashop.eu\/pl\/produkt\/lr-freedom-kapsulki\/"]}]},{"@type":"ImageObject","inLanguage":"pl-PL","@id":"https:\/\/www.lraloeverashop.eu\/pl\/produkt\/lr-freedom-kapsulki\/#primaryimage","url":"https:\/\/www.lraloeverashop.eu\/wp-content\/uploads\/2022\/10\/Freedom-Capsules-double-Set.jpg","contentUrl":"https:\/\/www.lraloeverashop.eu\/wp-content\/uploads\/2022\/10\/Freedom-Capsules-double-Set.jpg","width":1200,"height":1200,"caption":"Lr Freedom Kapsu\u0142ki dla os\u00f3b aktywnych fizycznie"},{"@type":"BreadcrumbList","@id":"https:\/\/www.lraloeverashop.eu\/pl\/produkt\/lr-freedom-kapsulki\/#breadcrumb","itemListElement":[{"@type":"ListItem","position":1,"name":"Home","item":"https:\/\/www.lraloeverashop.eu\/pl\/"},{"@type":"ListItem","position":2,"name":"Sklep","item":"https:\/\/www.lraloeverashop.eu\/pl\/sklep\/"},{"@type":"ListItem","position":3,"name":"Lr Freedom Kapsu\u0142ki"}]},{"@type":"WebSite","@id":"https:\/\/www.lraloeverashop.eu\/pl\/#website","url":"https:\/\/www.lraloeverashop.eu\/pl\/","name":"Lr Aloe Vera Shop","description":"High Quality Lr Aloe Vera Gel, Aloe Vera Cream and Shampoo","publisher":{"@id":"https:\/\/www.lraloeverashop.eu\/pl\/#organization"},"alternateName":"LR","potentialAction":[{"@type":"SearchAction","target":{"@type":"EntryPoint","urlTemplate":"https:\/\/www.lraloeverashop.eu\/pl\/?s={search_term_string}"},"query-input":{"@type":"PropertyValueSpecification","valueRequired":true,"valueName":"search_term_string"}}],"inLanguage":"pl-PL"},{"@type":"Organization","@id":"https:\/\/www.lraloeverashop.eu\/pl\/#organization","name":"Sklep Lr Aloe Vera","alternateName":"LR","url":"https:\/\/www.lraloeverashop.eu\/pl\/","logo":{"@type":"ImageObject","inLanguage":"pl-PL","@id":"https:\/\/www.lraloeverashop.eu\/pl\/#\/schema\/logo\/image\/","url":"https:\/\/www.lraloeverashop.eu\/wp-content\/uploads\/2022\/09\/cropped-Lr-Aloe-Vera-Shop.jpg","contentUrl":"https:\/\/www.lraloeverashop.eu\/wp-content\/uploads\/2022\/09\/cropped-Lr-Aloe-Vera-Shop.jpg","width":228,"height":76,"caption":"Sklep Lr Aloe Vera"},"image":{"@id":"https:\/\/www.lraloeverashop.eu\/pl\/#\/schema\/logo\/image\/"},"sameAs":["https:\/\/www.facebook.com\/lraloeverashop.eu","https:\/\/x.com\/natur__kosmetik","https:\/\/www.youtube.com\/channel\/UC5oN7BJ8nfYb8RpVtjwDEBA","https:\/\/www.instagram.com\/lrbeautyeu\/"],"description":"Sklep LR Aloe Vera to Twoje zaufane \u017ar\u00f3d\u0142o wysokiej jako\u015bci produkt\u00f3w LR Health & Beauty wyprodukowanych w Niemczech. Oferujemy wysokiej jako\u015bci produkty do piel\u0119gnacji sk\u00f3ry, od\u017cywiania i przeciwstarzeniowe z aloesem, stworzone z czystych sk\u0142adnik\u00f3w i poparte badaniami naukowymi. Odkryj naturaln\u0105 piel\u0119gnacj\u0119, kt\u00f3ra regeneruje, chroni i rewitalizuje Twoj\u0105 sk\u00f3r\u0119 \u2014 i korzystaj z ekskluzywnych comiesi\u0119cznych ofert na nasze bestsellerowe produkty LR Aloe Vera.\nRozpocznij swoj\u0105 naturaln\u0105 piel\u0119gnacj\u0119 sk\u00f3ry ju\u017c dzi\u015b i poczuj r\u00f3\u017cnic\u0119.","email":"info@lraloeverashop.eu","telephone":"+49 17670609653","legalName":"Lr Aloe Vera Shop","foundingDate":"2018-04-21","numberOfEmployees":{"@type":"QuantitativeValue","minValue":"1","maxValue":"10"}}]},"product_price_amount":"52.99","product_price_currency":"EUR","og_availability":"out of stock","product_availability":"out of stock","product_retailer_item_id":"80191-1PL","product_condition":"new"},"taxonomy_info":{"product_cat":[{"value":1102,"label":"Ko\u015bci, stawy i mi\u0119\u015bnie"},{"value":1090,"label":"Oferty"},{"value":1100,"label":"Specjali\u015bci"}],"product_tag":[{"value":1137,"label":"b\u00f3le staw\u00f3w"}]},"featured_image_src_large":["https:\/\/www.lraloeverashop.eu\/wp-content\/uploads\/2022\/10\/Freedom-Capsules-double-Set-1024x1024.jpg",1024,1024,true],"author_info":[],"comment_info":0,"_links":{"self":[{"href":"https:\/\/www.lraloeverashop.eu\/pl\/wp-json\/wp\/v2\/product\/29872","targetHints":{"allow":["GET"]}}],"collection":[{"href":"https:\/\/www.lraloeverashop.eu\/pl\/wp-json\/wp\/v2\/product"}],"about":[{"href":"https:\/\/www.lraloeverashop.eu\/pl\/wp-json\/wp\/v2\/types\/product"}],"replies":[{"embeddable":true,"href":"https:\/\/www.lraloeverashop.eu\/pl\/wp-json\/wp\/v2\/comments?post=29872"}],"wp:featuredmedia":[{"embeddable":true,"href":"https:\/\/www.lraloeverashop.eu\/pl\/wp-json\/wp\/v2\/media\/27137"}],"wp:attachment":[{"href":"https:\/\/www.lraloeverashop.eu\/pl\/wp-json\/wp\/v2\/media?parent=29872"}],"wp:term":[{"taxonomy":"product_brand","embeddable":true,"href":"https:\/\/www.lraloeverashop.eu\/pl\/wp-json\/wp\/v2\/product_brand?post=29872"},{"taxonomy":"product_cat","embeddable":true,"href":"https:\/\/www.lraloeverashop.eu\/pl\/wp-json\/wp\/v2\/product_cat?post=29872"},{"taxonomy":"product_tag","embeddable":true,"href":"https:\/\/www.lraloeverashop.eu\/pl\/wp-json\/wp\/v2\/product_tag?post=29872"}],"curies":[{"name":"wp","href":"https:\/\/api.w.org\/{rel}","templated":true}]}}