{"id":29864,"date":"2022-10-15T12:43:38","date_gmt":"2022-10-15T10:43:38","guid":{"rendered":"https:\/\/www.lraloeverashop.eu\/product\/bialko-waniliowe-w-proszku-protein-power\/"},"modified":"2026-02-21T08:30:45","modified_gmt":"2026-02-21T07:30:45","slug":"bialko-waniliowe-w-proszku-protein-power","status":"publish","type":"product","link":"https:\/\/www.lraloeverashop.eu\/pl\/produkt\/bialko-waniliowe-w-proszku-protein-power\/","title":{"rendered":"Bia\u0142ko Waniliowe w Proszku Protein Power"},"content":{"rendered":"<h2><span style=\"font-size: 16pt;\"><strong>Bia\u0142ko Waniliowe w Proszku Protein Power<\/strong><\/span><\/h2>\n<p><span style=\"font-size: 14pt;\"><strong>Bia\u0142ko Waniliowe w Proszku Protein Power to Maksymalna moc bia\u0142ka dla Twoich mi\u0119\u015bni<\/strong><\/span><\/p>\n<p>Bia\u0142ko Waniliowe w Proszku Protein Power od LR Health &amp; Beauty to zaawansowany nap\u00f3j proteinowy stworzony dla os\u00f3b, kt\u00f3re chc\u0105 skutecznie budowa\u0107 i utrzyma\u0107 mas\u0119 mi\u0119\u015bniow\u0105, poprawi\u0107 regeneracj\u0119 oraz zadba\u0107 o sportow\u0105 sylwetk\u0119. Formu\u0142a zawiera a\u017c 80% wysokiej jako\u015bci bia\u0142ka o wysokiej warto\u015bci biologicznej, pochodz\u0105cego z 5 r\u00f3\u017cnych \u017ar\u00f3de\u0142, co zapewnia optymalny profil aminokwasowy i d\u0142ugotrwa\u0142e wsparcie organizmu.<\/p>\n<p>Je\u015bli trenujesz si\u0142owo, wytrzyma\u0142o\u015bciowo lub jeste\u015b w trakcie redukcji \u2013 to bia\u0142ko zosta\u0142o stworzone w\u0142a\u015bnie dla Ciebie.<\/p>\n<h2><span style=\"font-size: 16pt;\"><strong>Bia\u0142ko Waniliowe w Proszku &#8211; Zaawansowana formu\u0142a 5 \u017ar\u00f3de\u0142 bia\u0142ka<\/strong><\/span><\/h2>\n<p>Sekretem skuteczno\u015bci jest unikalna kombinacja bia\u0142ek:<\/p>\n<ul>\n<li>bia\u0142ko sojowe<\/li>\n<li>bia\u0142ko serwatkowe<\/li>\n<li>kazeinian wapnia<\/li>\n<li>bia\u0142ko mleczne<\/li>\n<li>bia\u0142ko jaja<\/li>\n<\/ul>\n<p>Takie po\u0142\u0105czenie wspiera zar\u00f3wno szybkie, jak i stopniowe uwalnianie aminokwas\u00f3w, co przek\u0142ada si\u0119 na efektywn\u0105 regeneracj\u0119 mi\u0119\u015bni po wysi\u0142ku oraz ich ochron\u0119 przed katabolizmem.<\/p>\n<h2><span style=\"font-size: 16pt;\"><strong>Wsparcie potwierdzone naukowo<\/strong><\/span><\/h2>\n<p>Zgodnie z opini\u0105 European Food Safety Authority (EFSA):<\/p>\n<ul>\n<li>Bia\u0142ko przyczynia si\u0119 do utrzymania i wzrostu masy mi\u0119\u015bniowej<\/li>\n<li>Magnez wspiera prawid\u0142ow\u0105 syntez\u0119 bia\u0142ka i funkcjonowanie mi\u0119\u015bni<\/li>\n<li>Witamina B6 wspomaga metabolizm bia\u0142ek i glikogenu<\/li>\n<\/ul>\n<p>Dzi\u0119ki dodatkowi magnezu i witaminy B6, Bia\u0142ko Waniliowe w Proszku Protein Power to nie tylko od\u017cywka, ale kompleksowe wsparcie metabolizmu i wydolno\u015bci organizmu.<\/p>\n<h2><span style=\"font-size: 16pt;\"><strong>Bia\u0142ko Waniliowe w Proszku Idealne\u00a0podczas budowy masy i redukcji<\/strong><\/span><\/h2>\n<p>Mi\u0119\u015bnie spalaj\u0105 wi\u0119cej energii ni\u017c tkanka t\u0142uszczowa \u2013 dlatego ich utrzymanie jest kluczowe zar\u00f3wno przy budowaniu masy, jak i podczas redukcji. Regularne stosowanie Protein Power pomaga:<\/p>\n<p><strong><span style=\"color: #008000;\">\u2714<\/span><\/strong> utrzyma\u0107 mas\u0119 mi\u0119\u015bniow\u0105 podczas diety<br \/>\n<strong><span style=\"color: #008000;\">\u2714<\/span><\/strong> wspiera\u0107 regeneracj\u0119 po treningu<br \/>\n<strong><span style=\"color: #008000;\">\u2714<\/span><\/strong> uzupe\u0142ni\u0107 dzienne zapotrzebowanie na bia\u0142ko<br \/>\n<strong><span style=\"color: #008000;\">\u2714<\/span><\/strong> wspom\u00f3c kontrol\u0119 wagi<\/p>\n<p>To doskona\u0142y wyb\u00f3r dla sportowc\u00f3w, os\u00f3b aktywnych oraz wszystkich, kt\u00f3rzy chc\u0105 \u015bwiadomie zadba\u0107 o swoj\u0105 sylwetk\u0119.<\/p>\n<h2><span style=\"font-size: 16pt;\"><strong>Pyszny waniliowy smak i \u0142atwe przygotowanie<\/strong><\/span><\/h2>\n<p>Kremowa, delikatna wanilia sprawia, \u017ce nap\u00f3j doskonale smakuje zar\u00f3wno z mlekiem, jak i z wod\u0105. Wystarczy wymiesza\u0107 12,5 g proszku z 125 ml mleka 1,5% lub 100 ml wody \u2013 najlepiej w shakerze \u2013 aby w kilka sekund przygotowa\u0107 pe\u0142nowarto\u015bciowy koktajl bia\u0142kowy.<\/p>\n<p>Zaleca si\u0119 spo\u017cywanie napoju wieczorem jako wsparcie nocnej regeneracji mi\u0119\u015bni.<\/p>\n<h2><span style=\"font-size: 16pt;\"><strong>Niemiecka jako\u015b\u0107 i kontrola produkcji<\/strong><\/span><\/h2>\n<p>Produkt wytwarzany jest w Niemczech zgodnie z rygorystycznymi standardami jako\u015bci LR. Ka\u017cdy etap \u2013 od selekcji surowc\u00f3w po pakowanie \u2013 podlega \u015bcis\u0142ej kontroli, co gwarantuje bezpiecze\u0144stwo i najwy\u017csz\u0105 jako\u015b\u0107.<\/p>\n<h3><span style=\"font-size: 16pt;\"><strong>Postaw na sprawdzon\u0105 formu\u0142\u0119 i zobacz r\u00f3\u017cnic\u0119<\/strong><\/span><\/h3>\n<p>Wybierz Bia\u0142ko Waniliowe w Proszku Protein Power i zapewnij swoim mi\u0119\u015bniom profesjonalne wsparcie ka\u017cdego dnia. Zam\u00f3w teraz i buduj silniejsz\u0105, bardziej wyrze\u017abion\u0105 sylwetk\u0119 z pomoc\u0105 wysokiej jako\u015bci bia\u0142ka.<\/p>\n","protected":false},"excerpt":{"rendered":"<ul>\n<li>Nap\u00f3j bia\u0142kowy w proszku wspieraj\u0105cy mas\u0119 mi\u0119\u015bniow\u0105<\/li>\n<li>Zawiera warto\u015bciowe bia\u0142ka i sk\u0142adniki od\u017cywcze, kt\u00f3re pomagaj\u0105 utrzyma\u0107 oraz zwi\u0119kszy\u0107 mas\u0119 mi\u0119\u015bniow\u0105<\/li>\n<li>Zawiera 80% bia\u0142ka z 5 r\u00f3\u017cnych \u017ar\u00f3de\u0142<\/li>\n<li>Z magnezem i witamin\u0105 B6<\/li>\n<li>Zawarto\u015b\u0107: 3 x 375 g<\/li>\n<\/ul>\n<p style=\"text-align: left;\"><span style=\"color: #ff0000;\"><a style=\"color: #ff0000;\" href=\"https:\/\/shop.lrworld.com\/openpao?PHP=0vFlt7jT938BEnBI3a6e9w%3D%3D\"><span style=\"font-size: 14pt;\"><strong>Zarejestruj si\u0119 i oszcz\u0119dzaj 35% przy ka\u017cdym zam\u00f3wieniu<\/strong><\/span><\/a><\/span><\/p>\n","protected":false},"featured_media":27109,"comment_status":"open","ping_status":"closed","template":"","meta":{"_kad_blocks_custom_css":"","_kad_blocks_head_custom_js":"","_kad_blocks_body_custom_js":"","_kad_blocks_footer_custom_js":"","_kadence_starter_templates_imported_post":false,"_kad_post_transparent":"default","_kad_post_title":"","_kad_post_layout":"default","_kad_post_sidebar_id":"","_kad_post_content_style":"default","_kad_post_vertical_padding":"default","_kad_post_feature":"","_kad_post_feature_position":"","_kad_post_header":false,"_kad_post_footer":false,"_kad_post_classname":""},"product_brand":[],"product_cat":[1102,1099,1100,1086,1085],"product_tag":[1126],"class_list":{"0":"post-29864","1":"product","2":"type-product","3":"status-publish","4":"has-post-thumbnail","6":"product_cat-kosci-stawy-miesnie","7":"product_cat-oszczedzaj-w-zestawie","8":"product_cat-specjalisci","9":"product_cat-towarzysz-diety","10":"product_cat-zamienniki-posilkow","11":"product_tag-dieta-pl","13":"first","14":"instock","15":"taxable","16":"shipping-taxable","17":"purchasable","18":"product-type-simple","19":"entry","20":"content-bg","21":"loop-entry"},"yoast_head":"<!-- This site is optimized with the Yoast SEO Premium plugin v27.4 (Yoast SEO v27.4) - https:\/\/yoast.com\/product\/yoast-seo-premium-wordpress\/ -->\n<title>Bia\u0142ko Waniliowe w Proszku Protein Power 80% | Buduj Mi\u0119\u015bnie<\/title>\n<meta name=\"description\" content=\"Bia\u0142ko Waniliowe w Proszku Protein Power z 5 \u017ar\u00f3de\u0142 bia\u0142ka. 80% protein + magnez i B6. Idealne na mas\u0119 i redukcj\u0119. Kup ju\u017c dzi\u015b i zobacz r\u00f3\u017cnic\u0119!\" \/>\n<meta name=\"robots\" content=\"index, follow, max-snippet:-1, max-image-preview:large, max-video-preview:-1\" \/>\n<link rel=\"canonical\" href=\"https:\/\/www.lraloeverashop.eu\/pl\/produkt\/bialko-waniliowe-w-proszku-protein-power\/\" \/>\n<meta property=\"og:locale\" content=\"pl_PL\" \/>\n<meta property=\"og:type\" content=\"article\" \/>\n<meta property=\"og:title\" content=\"Bia\u0142ko Waniliowe w Proszku Protein Power\" \/>\n<meta property=\"og:description\" content=\"Bia\u0142ko Waniliowe w Proszku Protein Power z 5 \u017ar\u00f3de\u0142 bia\u0142ka. 80% protein + magnez i B6. Idealne na mas\u0119 i redukcj\u0119. Kup ju\u017c dzi\u015b i zobacz r\u00f3\u017cnic\u0119!\" \/>\n<meta property=\"og:url\" content=\"https:\/\/www.lraloeverashop.eu\/pl\/produkt\/bialko-waniliowe-w-proszku-protein-power\/\" \/>\n<meta property=\"og:site_name\" content=\"Lr Aloe Vera Shop\" \/>\n<meta property=\"article:publisher\" content=\"https:\/\/www.facebook.com\/lraloeverashop.eu\" \/>\n<meta property=\"article:modified_time\" content=\"2026-02-21T07:30:45+00:00\" \/>\n<meta property=\"og:image\" content=\"https:\/\/www.lraloeverashop.eu\/wp-content\/uploads\/2022\/10\/Muscle-Protein-Drink-Set-3pcs.jpg\" \/>\n\t<meta property=\"og:image:width\" content=\"1200\" \/>\n\t<meta property=\"og:image:height\" content=\"1200\" \/>\n\t<meta property=\"og:image:type\" content=\"image\/jpeg\" \/>\n<meta name=\"twitter:card\" content=\"summary_large_image\" \/>\n<meta name=\"twitter:site\" content=\"@natur__kosmetik\" \/>\n<script type=\"application\/ld+json\" class=\"yoast-schema-graph\">{\"@context\":\"https:\\\/\\\/schema.org\",\"@graph\":[{\"@type\":[\"WebPage\",\"ItemPage\"],\"@id\":\"https:\\\/\\\/www.lraloeverashop.eu\\\/pl\\\/produkt\\\/bialko-waniliowe-w-proszku-protein-power\\\/\",\"url\":\"https:\\\/\\\/www.lraloeverashop.eu\\\/pl\\\/produkt\\\/bialko-waniliowe-w-proszku-protein-power\\\/\",\"name\":\"Bia\u0142ko Waniliowe w Proszku Protein Power 80% | Buduj Mi\u0119\u015bnie\",\"isPartOf\":{\"@id\":\"https:\\\/\\\/www.lraloeverashop.eu\\\/pl\\\/#website\"},\"primaryImageOfPage\":{\"@id\":\"https:\\\/\\\/www.lraloeverashop.eu\\\/pl\\\/produkt\\\/bialko-waniliowe-w-proszku-protein-power\\\/#primaryimage\"},\"image\":{\"@id\":\"https:\\\/\\\/www.lraloeverashop.eu\\\/pl\\\/produkt\\\/bialko-waniliowe-w-proszku-protein-power\\\/#primaryimage\"},\"thumbnailUrl\":\"https:\\\/\\\/www.lraloeverashop.eu\\\/wp-content\\\/uploads\\\/2022\\\/10\\\/Muscle-Protein-Drink-Set-3pcs.jpg\",\"datePublished\":\"2022-10-15T10:43:38+00:00\",\"dateModified\":\"2026-02-21T07:30:45+00:00\",\"description\":\"Bia\u0142ko Waniliowe w Proszku Protein Power z 5 \u017ar\u00f3de\u0142 bia\u0142ka. 80% protein + magnez i B6. Idealne na mas\u0119 i redukcj\u0119. Kup ju\u017c dzi\u015b i zobacz r\u00f3\u017cnic\u0119!\",\"breadcrumb\":{\"@id\":\"https:\\\/\\\/www.lraloeverashop.eu\\\/pl\\\/produkt\\\/bialko-waniliowe-w-proszku-protein-power\\\/#breadcrumb\"},\"inLanguage\":\"pl-PL\",\"potentialAction\":[{\"@type\":\"ReadAction\",\"target\":[\"https:\\\/\\\/www.lraloeverashop.eu\\\/pl\\\/produkt\\\/bialko-waniliowe-w-proszku-protein-power\\\/\"]}]},{\"@type\":\"ImageObject\",\"inLanguage\":\"pl-PL\",\"@id\":\"https:\\\/\\\/www.lraloeverashop.eu\\\/pl\\\/produkt\\\/bialko-waniliowe-w-proszku-protein-power\\\/#primaryimage\",\"url\":\"https:\\\/\\\/www.lraloeverashop.eu\\\/wp-content\\\/uploads\\\/2022\\\/10\\\/Muscle-Protein-Drink-Set-3pcs.jpg\",\"contentUrl\":\"https:\\\/\\\/www.lraloeverashop.eu\\\/wp-content\\\/uploads\\\/2022\\\/10\\\/Muscle-Protein-Drink-Set-3pcs.jpg\",\"width\":1200,\"height\":1200,\"caption\":\"Bia\u0142ko Waniliowe w Proszku Protein Power z magnezem i witamin\u0105 B6\"},{\"@type\":\"BreadcrumbList\",\"@id\":\"https:\\\/\\\/www.lraloeverashop.eu\\\/pl\\\/produkt\\\/bialko-waniliowe-w-proszku-protein-power\\\/#breadcrumb\",\"itemListElement\":[{\"@type\":\"ListItem\",\"position\":1,\"name\":\"Home\",\"item\":\"https:\\\/\\\/www.lraloeverashop.eu\\\/pl\\\/\"},{\"@type\":\"ListItem\",\"position\":2,\"name\":\"Sklep\",\"item\":\"https:\\\/\\\/www.lraloeverashop.eu\\\/shop\\\/\"},{\"@type\":\"ListItem\",\"position\":3,\"name\":\"Bia\u0142ko Waniliowe w Proszku Protein Power\"}]},{\"@type\":\"WebSite\",\"@id\":\"https:\\\/\\\/www.lraloeverashop.eu\\\/pl\\\/#website\",\"url\":\"https:\\\/\\\/www.lraloeverashop.eu\\\/pl\\\/\",\"name\":\"Lr Aloe Vera Shop\",\"description\":\"High Quality Lr Aloe Vera Gel, Aloe Vera Cream and Shampoo\",\"publisher\":{\"@id\":\"https:\\\/\\\/www.lraloeverashop.eu\\\/pl\\\/#organization\"},\"potentialAction\":[{\"@type\":\"SearchAction\",\"target\":{\"@type\":\"EntryPoint\",\"urlTemplate\":\"https:\\\/\\\/www.lraloeverashop.eu\\\/pl\\\/?s={search_term_string}\"},\"query-input\":{\"@type\":\"PropertyValueSpecification\",\"valueRequired\":true,\"valueName\":\"search_term_string\"}}],\"inLanguage\":\"pl-PL\"},{\"@type\":\"Organization\",\"@id\":\"https:\\\/\\\/www.lraloeverashop.eu\\\/pl\\\/#organization\",\"name\":\"Sklep Lr Aloe Vera\",\"alternateName\":\"LR\",\"url\":\"https:\\\/\\\/www.lraloeverashop.eu\\\/pl\\\/\",\"logo\":{\"@type\":\"ImageObject\",\"inLanguage\":\"pl-PL\",\"@id\":\"https:\\\/\\\/www.lraloeverashop.eu\\\/pl\\\/#\\\/schema\\\/logo\\\/image\\\/\",\"url\":\"https:\\\/\\\/www.lraloeverashop.eu\\\/wp-content\\\/uploads\\\/2022\\\/09\\\/cropped-Lr-Aloe-Vera-Shop.jpg\",\"contentUrl\":\"https:\\\/\\\/www.lraloeverashop.eu\\\/wp-content\\\/uploads\\\/2022\\\/09\\\/cropped-Lr-Aloe-Vera-Shop.jpg\",\"width\":228,\"height\":76,\"caption\":\"Sklep Lr Aloe Vera\"},\"image\":{\"@id\":\"https:\\\/\\\/www.lraloeverashop.eu\\\/pl\\\/#\\\/schema\\\/logo\\\/image\\\/\"},\"sameAs\":[\"https:\\\/\\\/www.facebook.com\\\/lraloeverashop.eu\",\"https:\\\/\\\/x.com\\\/natur__kosmetik\",\"https:\\\/\\\/www.youtube.com\\\/channel\\\/UC5oN7BJ8nfYb8RpVtjwDEBA\",\"https:\\\/\\\/www.instagram.com\\\/lrbeautyeu\\\/\"],\"description\":\"Sklep LR Aloe Vera to Twoje zaufane \u017ar\u00f3d\u0142o wysokiej jako\u015bci produkt\u00f3w LR Health & Beauty wyprodukowanych w Niemczech. Oferujemy wysokiej jako\u015bci produkty do piel\u0119gnacji sk\u00f3ry, od\u017cywiania i przeciwstarzeniowe z aloesem, stworzone z czystych sk\u0142adnik\u00f3w i poparte badaniami naukowymi. Odkryj naturaln\u0105 piel\u0119gnacj\u0119, kt\u00f3ra regeneruje, chroni i rewitalizuje Twoj\u0105 sk\u00f3r\u0119 \u2014 i korzystaj z ekskluzywnych comiesi\u0119cznych ofert na nasze bestsellerowe produkty LR Aloe Vera.\\nRozpocznij swoj\u0105 naturaln\u0105 piel\u0119gnacj\u0119 sk\u00f3ry ju\u017c dzi\u015b i poczuj r\u00f3\u017cnic\u0119.\",\"email\":\"info@lraloeverashop.eu\",\"telephone\":\"+49 17670609653\",\"legalName\":\"Lr Aloe Vera Shop\",\"foundingDate\":\"2018-04-21\",\"numberOfEmployees\":{\"@type\":\"QuantitativeValue\",\"minValue\":\"1\",\"maxValue\":\"10\"}}]}<\/script>\n<meta property=\"product:price:amount\" content=\"142.49\" \/>\n<meta property=\"product:price:currency\" content=\"EUR\" \/>\n<meta property=\"og:availability\" content=\"instock\" \/>\n<meta property=\"product:availability\" content=\"instock\" \/>\n<meta property=\"product:retailer_item_id\" content=\"80561-401PL\" \/>\n<meta property=\"product:condition\" content=\"new\" \/>\n<!-- \/ Yoast SEO Premium plugin. -->","yoast_head_json":{"title":"Bia\u0142ko Waniliowe w Proszku Protein Power 80% | Buduj Mi\u0119\u015bnie","description":"Bia\u0142ko Waniliowe w Proszku Protein Power z 5 \u017ar\u00f3de\u0142 bia\u0142ka. 80% protein + magnez i B6. Idealne na mas\u0119 i redukcj\u0119. Kup ju\u017c dzi\u015b i zobacz r\u00f3\u017cnic\u0119!","robots":{"index":"index","follow":"follow","max-snippet":"max-snippet:-1","max-image-preview":"max-image-preview:large","max-video-preview":"max-video-preview:-1"},"canonical":"https:\/\/www.lraloeverashop.eu\/pl\/produkt\/bialko-waniliowe-w-proszku-protein-power\/","og_locale":"pl_PL","og_type":"article","og_title":"Bia\u0142ko Waniliowe w Proszku Protein Power","og_description":"Bia\u0142ko Waniliowe w Proszku Protein Power z 5 \u017ar\u00f3de\u0142 bia\u0142ka. 80% protein + magnez i B6. Idealne na mas\u0119 i redukcj\u0119. Kup ju\u017c dzi\u015b i zobacz r\u00f3\u017cnic\u0119!","og_url":"https:\/\/www.lraloeverashop.eu\/pl\/produkt\/bialko-waniliowe-w-proszku-protein-power\/","og_site_name":"Lr Aloe Vera Shop","article_publisher":"https:\/\/www.facebook.com\/lraloeverashop.eu","article_modified_time":"2026-02-21T07:30:45+00:00","og_image":[{"width":1200,"height":1200,"url":"https:\/\/www.lraloeverashop.eu\/wp-content\/uploads\/2022\/10\/Muscle-Protein-Drink-Set-3pcs.jpg","type":"image\/jpeg"}],"twitter_card":"summary_large_image","twitter_site":"@natur__kosmetik","schema":{"@context":"https:\/\/schema.org","@graph":[{"@type":["WebPage","ItemPage"],"@id":"https:\/\/www.lraloeverashop.eu\/pl\/produkt\/bialko-waniliowe-w-proszku-protein-power\/","url":"https:\/\/www.lraloeverashop.eu\/pl\/produkt\/bialko-waniliowe-w-proszku-protein-power\/","name":"Bia\u0142ko Waniliowe w Proszku Protein Power 80% | Buduj Mi\u0119\u015bnie","isPartOf":{"@id":"https:\/\/www.lraloeverashop.eu\/pl\/#website"},"primaryImageOfPage":{"@id":"https:\/\/www.lraloeverashop.eu\/pl\/produkt\/bialko-waniliowe-w-proszku-protein-power\/#primaryimage"},"image":{"@id":"https:\/\/www.lraloeverashop.eu\/pl\/produkt\/bialko-waniliowe-w-proszku-protein-power\/#primaryimage"},"thumbnailUrl":"https:\/\/www.lraloeverashop.eu\/wp-content\/uploads\/2022\/10\/Muscle-Protein-Drink-Set-3pcs.jpg","datePublished":"2022-10-15T10:43:38+00:00","dateModified":"2026-02-21T07:30:45+00:00","description":"Bia\u0142ko Waniliowe w Proszku Protein Power z 5 \u017ar\u00f3de\u0142 bia\u0142ka. 80% protein + magnez i B6. Idealne na mas\u0119 i redukcj\u0119. Kup ju\u017c dzi\u015b i zobacz r\u00f3\u017cnic\u0119!","breadcrumb":{"@id":"https:\/\/www.lraloeverashop.eu\/pl\/produkt\/bialko-waniliowe-w-proszku-protein-power\/#breadcrumb"},"inLanguage":"pl-PL","potentialAction":[{"@type":"ReadAction","target":["https:\/\/www.lraloeverashop.eu\/pl\/produkt\/bialko-waniliowe-w-proszku-protein-power\/"]}]},{"@type":"ImageObject","inLanguage":"pl-PL","@id":"https:\/\/www.lraloeverashop.eu\/pl\/produkt\/bialko-waniliowe-w-proszku-protein-power\/#primaryimage","url":"https:\/\/www.lraloeverashop.eu\/wp-content\/uploads\/2022\/10\/Muscle-Protein-Drink-Set-3pcs.jpg","contentUrl":"https:\/\/www.lraloeverashop.eu\/wp-content\/uploads\/2022\/10\/Muscle-Protein-Drink-Set-3pcs.jpg","width":1200,"height":1200,"caption":"Bia\u0142ko Waniliowe w Proszku Protein Power z magnezem i witamin\u0105 B6"},{"@type":"BreadcrumbList","@id":"https:\/\/www.lraloeverashop.eu\/pl\/produkt\/bialko-waniliowe-w-proszku-protein-power\/#breadcrumb","itemListElement":[{"@type":"ListItem","position":1,"name":"Home","item":"https:\/\/www.lraloeverashop.eu\/pl\/"},{"@type":"ListItem","position":2,"name":"Sklep","item":"https:\/\/www.lraloeverashop.eu\/shop\/"},{"@type":"ListItem","position":3,"name":"Bia\u0142ko Waniliowe w Proszku Protein Power"}]},{"@type":"WebSite","@id":"https:\/\/www.lraloeverashop.eu\/pl\/#website","url":"https:\/\/www.lraloeverashop.eu\/pl\/","name":"Lr Aloe Vera Shop","description":"High Quality Lr Aloe Vera Gel, Aloe Vera Cream and Shampoo","publisher":{"@id":"https:\/\/www.lraloeverashop.eu\/pl\/#organization"},"potentialAction":[{"@type":"SearchAction","target":{"@type":"EntryPoint","urlTemplate":"https:\/\/www.lraloeverashop.eu\/pl\/?s={search_term_string}"},"query-input":{"@type":"PropertyValueSpecification","valueRequired":true,"valueName":"search_term_string"}}],"inLanguage":"pl-PL"},{"@type":"Organization","@id":"https:\/\/www.lraloeverashop.eu\/pl\/#organization","name":"Sklep Lr Aloe Vera","alternateName":"LR","url":"https:\/\/www.lraloeverashop.eu\/pl\/","logo":{"@type":"ImageObject","inLanguage":"pl-PL","@id":"https:\/\/www.lraloeverashop.eu\/pl\/#\/schema\/logo\/image\/","url":"https:\/\/www.lraloeverashop.eu\/wp-content\/uploads\/2022\/09\/cropped-Lr-Aloe-Vera-Shop.jpg","contentUrl":"https:\/\/www.lraloeverashop.eu\/wp-content\/uploads\/2022\/09\/cropped-Lr-Aloe-Vera-Shop.jpg","width":228,"height":76,"caption":"Sklep Lr Aloe Vera"},"image":{"@id":"https:\/\/www.lraloeverashop.eu\/pl\/#\/schema\/logo\/image\/"},"sameAs":["https:\/\/www.facebook.com\/lraloeverashop.eu","https:\/\/x.com\/natur__kosmetik","https:\/\/www.youtube.com\/channel\/UC5oN7BJ8nfYb8RpVtjwDEBA","https:\/\/www.instagram.com\/lrbeautyeu\/"],"description":"Sklep LR Aloe Vera to Twoje zaufane \u017ar\u00f3d\u0142o wysokiej jako\u015bci produkt\u00f3w LR Health & Beauty wyprodukowanych w Niemczech. Oferujemy wysokiej jako\u015bci produkty do piel\u0119gnacji sk\u00f3ry, od\u017cywiania i przeciwstarzeniowe z aloesem, stworzone z czystych sk\u0142adnik\u00f3w i poparte badaniami naukowymi. Odkryj naturaln\u0105 piel\u0119gnacj\u0119, kt\u00f3ra regeneruje, chroni i rewitalizuje Twoj\u0105 sk\u00f3r\u0119 \u2014 i korzystaj z ekskluzywnych comiesi\u0119cznych ofert na nasze bestsellerowe produkty LR Aloe Vera.\nRozpocznij swoj\u0105 naturaln\u0105 piel\u0119gnacj\u0119 sk\u00f3ry ju\u017c dzi\u015b i poczuj r\u00f3\u017cnic\u0119.","email":"info@lraloeverashop.eu","telephone":"+49 17670609653","legalName":"Lr Aloe Vera Shop","foundingDate":"2018-04-21","numberOfEmployees":{"@type":"QuantitativeValue","minValue":"1","maxValue":"10"}}]},"product_price_amount":"142.49","product_price_currency":"EUR","og_availability":"instock","product_availability":"instock","product_retailer_item_id":"80561-401PL","product_condition":"new"},"taxonomy_info":{"product_cat":[{"value":1102,"label":"Ko\u015bci, stawy i mi\u0119\u015bnie"},{"value":1099,"label":"Oszcz\u0119dzaj w zestawie"},{"value":1100,"label":"Specjali\u015bci"},{"value":1086,"label":"Towarzysz diety"},{"value":1085,"label":"Zamienniki posi\u0142k\u00f3w"}],"product_tag":[{"value":1126,"label":"dieta"}]},"featured_image_src_large":["https:\/\/www.lraloeverashop.eu\/wp-content\/uploads\/2022\/10\/Muscle-Protein-Drink-Set-3pcs-1024x1024.jpg",1024,1024,true],"author_info":[],"comment_info":0,"_links":{"self":[{"href":"https:\/\/www.lraloeverashop.eu\/pl\/wp-json\/wp\/v2\/product\/29864","targetHints":{"allow":["GET"]}}],"collection":[{"href":"https:\/\/www.lraloeverashop.eu\/pl\/wp-json\/wp\/v2\/product"}],"about":[{"href":"https:\/\/www.lraloeverashop.eu\/pl\/wp-json\/wp\/v2\/types\/product"}],"replies":[{"embeddable":true,"href":"https:\/\/www.lraloeverashop.eu\/pl\/wp-json\/wp\/v2\/comments?post=29864"}],"wp:featuredmedia":[{"embeddable":true,"href":"https:\/\/www.lraloeverashop.eu\/pl\/wp-json\/wp\/v2\/media\/27109"}],"wp:attachment":[{"href":"https:\/\/www.lraloeverashop.eu\/pl\/wp-json\/wp\/v2\/media?parent=29864"}],"wp:term":[{"taxonomy":"product_brand","embeddable":true,"href":"https:\/\/www.lraloeverashop.eu\/pl\/wp-json\/wp\/v2\/product_brand?post=29864"},{"taxonomy":"product_cat","embeddable":true,"href":"https:\/\/www.lraloeverashop.eu\/pl\/wp-json\/wp\/v2\/product_cat?post=29864"},{"taxonomy":"product_tag","embeddable":true,"href":"https:\/\/www.lraloeverashop.eu\/pl\/wp-json\/wp\/v2\/product_tag?post=29864"}],"curies":[{"name":"wp","href":"https:\/\/api.w.org\/{rel}","templated":true}]}}