{"id":29856,"date":"2022-10-17T20:04:35","date_gmt":"2022-10-17T18:04:35","guid":{"rendered":"https:\/\/www.lraloeverashop.eu\/product\/kremy-przeciwzmarszczkowe-nanogold\/"},"modified":"2026-02-20T18:50:56","modified_gmt":"2026-02-20T17:50:56","slug":"kremy-przeciwzmarszczkowe-nanogold","status":"publish","type":"product","link":"https:\/\/www.lraloeverashop.eu\/pl\/produkt\/kremy-przeciwzmarszczkowe-nanogold\/","title":{"rendered":"Kremy Przeciwzmarszczkowe Nanogold"},"content":{"rendered":"<h2><span style=\"font-size: 16pt;\"><strong>Kremy Przeciwzmarszczkowe Nanogold<\/strong><\/span><\/h2>\n<p><span style=\"font-size: 14pt;\"><strong>Kremy przeciwzmarszczkowe Nanogold \u2013 Luksusowa piel\u0119gnacja dzie\u0144 i noc<\/strong><\/span><\/p>\n<p>Kremy Przeciwzmarszczkowe Nanogold to ekskluzywny zestaw anti-aging zapewniaj\u0105cy wysokiej jako\u015bci piel\u0119gnacj\u0119 twarzy przez ca\u0142\u0105 dob\u0119. Po\u0142\u0105czenie luksusowych sk\u0142adnik\u00f3w, z\u0142ota oraz zaawansowanych kompleks\u00f3w aktywnych wspiera ochron\u0119 sk\u00f3ry przed przedwczesnym starzeniem i pomaga zachowa\u0107 jej m\u0142ody, promienny wygl\u0105d.<\/p>\n<p>&nbsp;<\/p>\n<h3><span style=\"font-size: 16pt;\"><strong>Krem Przeciwzmarszczkowy na dzien Nanogold<\/strong><\/span><\/h3>\n<p>Krem na dzie\u0144 chroni sk\u00f3r\u0119 i zapobiega przedwczesnemu starzeniu. Jedwabista, luksusowa konsystencja zwi\u0119ksza elastyczno\u015b\u0107 i odporno\u015b\u0107 sk\u00f3ry oraz wzmacnia jej barier\u0119 nawil\u017caj\u0105c\u0105.<\/p>\n<p>Olej z pestek moreli, proteiny, glikoproteiny oraz polisacharydy z soi stymuluj\u0105 naturalne funkcje regeneracyjne sk\u00f3ry i wspieraj\u0105 produkcj\u0119 kolagenu. Dzi\u0119ki temu sk\u00f3ra staje si\u0119 bardziej spr\u0119\u017cysta, wype\u0142niona i odporna na czynniki zewn\u0119trzne.<\/p>\n<p>Efekt: g\u0142adka, j\u0119drna i wyra\u017anie od\u015bwie\u017cona cera przez ca\u0142y dzie\u0144.<\/p>\n<p>&nbsp;<\/p>\n<h3><span style=\"font-size: 16pt;\"><strong>Krem Przeciwzmarszczkowy na noc Nanogold<\/strong><\/span><\/h3>\n<p>Krem na noc intensywnie od\u017cywia i regeneruje sk\u00f3r\u0119 podczas snu. Dzi\u0119ki ekstraktowi z mikroalg Euglena Gracilis wspiera naturalne procesy odnowy kom\u00f3rkowej oraz poprawia struktur\u0119 sk\u00f3ry.<\/p>\n<p>Bogata formu\u0142a sprawia, \u017ce zmarszczki i drobne linie staj\u0105 si\u0119 widocznie zredukowane, a sk\u00f3ra odzyskuje \u015bwie\u017co\u015b\u0107 i g\u0142adko\u015b\u0107 ju\u017c po przebudzeniu.<\/p>\n<p>Po\u0142\u0105czenie oleju jojoba i oliwy z oliwek, mas\u0142a shea oraz witaminy E sprawia, \u017ce cera wygl\u0105da na bardziej wypocz\u0119t\u0105, wyg\u0142adzon\u0105 i pe\u0142n\u0105 blasku \u2013 jak po d\u0142u\u017cszym \u015bnie.<\/p>\n<p>&nbsp;<\/p>\n<h3><span style=\"font-size: 16pt;\"><strong>Kremy Przeciwzmarszczkowe Nanogold Dla kobiet\u2026<\/strong><\/span><\/h3>\n<p>&#8230; od oko\u0142o 30. roku \u017cycia<br \/>\n&#8230; kt\u00f3re chc\u0105 zapobiega\u0107 pierwszym zmarszczkom<br \/>\n&#8230; pragn\u0105 chroni\u0107 sk\u00f3r\u0119 przed procesami starzenia<br \/>\n&#8230; ceni\u0105 luksusow\u0105, wysokiej jako\u015bci piel\u0119gnacj\u0119<\/p>\n<p>Zestaw \u0142\u0105czy luksusowe sk\u0142adniki z nowoczesn\u0105 technologi\u0105 piel\u0119gnacyjn\u0105. Regularne stosowanie wspiera j\u0119drno\u015b\u0107, wyg\u0142adzenie i naturalny blask sk\u00f3ry. To kompleksowa piel\u0119gnacja dzie\u0144 i noc dla kobiet, kt\u00f3re oczekuj\u0105 widocznych efekt\u00f3w i najwy\u017cszej jako\u015bci.<\/p>\n<p>Dla maksymalnej skuteczno\u015bci zaleca si\u0119 stosowanie w po\u0142\u0105czeniu z \u017belazkiem do Twarzy Zeitgard Pro<\/p>\n<p>&nbsp;<\/p>\n<h4><strong><span style=\"font-size: 16pt;\">Jak stosowa\u0107 Kremy Przeciwzmarszczkowe Nanogold<\/span><\/strong><\/h4>\n<p><strong>Krok 1:<\/strong> Rano po oczyszczeniu twarzy na\u0142\u00f3\u017c Nanogold Anti Aging Day Cream. Nast\u0119pnie mo\u017cesz wykona\u0107 makija\u017c.<\/p>\n<p><strong>Krok 2:<\/strong> Wieczorem na oczyszczon\u0105 sk\u00f3r\u0119 na\u0142\u00f3\u017c obficie Nanogold Anti Aging Night Cream.<\/p>\n<p>Dla maksymalnej skuteczno\u015bci:<\/p>\n<p><strong>Krok 1:<\/strong> Oczy\u015b\u0107 sk\u00f3r\u0119 Urz\u0105dzeniem do Oczyszczania Twarzy albo ko\u0144c\u00f3wki do peelingu twarzy Zeitgard Pro.<br \/>\n<strong>Krok 2:<\/strong> Na\u0142\u00f3\u017c krem Nanogold i wmasuj go z \u017belazkiem do Twarzy Zeitgard Pro. Masuj ka\u017cd\u0105 stron\u0119 twarzy oraz czo\u0142o przez oko\u0142o 30 sekund, wykonuj\u0105c ruchy koliste od \u015brodka na zewn\u0105trz oraz od do\u0142u ku g\u00f3rze.<\/p>\n","protected":false},"excerpt":{"rendered":"<ul>\n<li>Luksusowy zestaw Anti Aging<\/li>\n<li>Przeciw przedwczesnemu starzeniu sk\u00f3ry<\/li>\n<li>Zawiera 1 \u00d7 krem na dzie\u0144 i 1 \u00d7 krem na noc<\/li>\n<li>Wysokiej jako\u015bci piel\u0119gnacja ze z\u0142otem i proteinami jedwabiu<\/li>\n<li>Seria ZEITGARD Care System<\/li>\n<li>Wyprodukowano w Niemczech<\/li>\n<\/ul>\n<p style=\"text-align: left;\"><span style=\"color: #ff0000;\"><a style=\"color: #ff0000;\" href=\"https:\/\/shop.lrworld.com\/openpao?PHP=0vFlt7jT938BEnBI3a6e9w%3D%3D\"><span style=\"font-size: 14pt;\"><strong>Zarejestruj si\u0119 i oszcz\u0119dzaj 35% przy ka\u017cdym zam\u00f3wieniu<\/strong><\/span><\/a><\/span><\/p>\n","protected":false},"featured_media":27073,"comment_status":"open","ping_status":"closed","template":"","meta":{"_kad_blocks_custom_css":"","_kad_blocks_head_custom_js":"","_kad_blocks_body_custom_js":"","_kad_blocks_footer_custom_js":"","_kadence_starter_templates_imported_post":false,"_kad_post_transparent":"default","_kad_post_title":"","_kad_post_layout":"default","_kad_post_sidebar_id":"","_kad_post_content_style":"default","_kad_post_vertical_padding":"default","_kad_post_feature":"","_kad_post_feature_position":"","_kad_post_header":false,"_kad_post_footer":false,"_kad_post_classname":""},"product_brand":[],"product_cat":[1072,1076,1090,1069,1074],"product_tag":[1142],"class_list":{"0":"post-29856","1":"product","2":"type-product","3":"status-publish","4":"has-post-thumbnail","6":"product_cat-kobiety-do-40","7":"product_cat-nano-gold-pl","8":"product_cat-oferty","9":"product_cat-pielegnacja-anti-age","10":"product_cat-produkty-anti-age","11":"product_tag-zmarszczki-na-twarzy","13":"first","14":"outofstock","15":"sale","16":"taxable","17":"shipping-taxable","18":"purchasable","19":"product-type-simple","20":"entry","21":"content-bg","22":"loop-entry"},"yoast_head":"<!-- This site is optimized with the Yoast SEO Premium plugin v27.4 (Yoast SEO v27.4) - https:\/\/yoast.com\/product\/yoast-seo-premium-wordpress\/ -->\n<title>Kremy Przeciwzmarszczkowe Nanogold \u2013 Luksus 30+<\/title>\n<meta name=\"description\" content=\"Kremy przeciwzmarszczkowe Nanogold dzie\u0144 i noc. Luksus ze z\u0142otem wyg\u0142adza, uj\u0119drnia i chroni sk\u00f3r\u0119 30+. Efekt glow i m\u0142odszy wygl\u0105d \u2013 kup teraz!\" \/>\n<meta name=\"robots\" content=\"index, follow, max-snippet:-1, max-image-preview:large, max-video-preview:-1\" \/>\n<link rel=\"canonical\" href=\"https:\/\/www.lraloeverashop.eu\/pl\/produkt\/kremy-przeciwzmarszczkowe-nanogold\/\" \/>\n<meta property=\"og:locale\" content=\"pl_PL\" \/>\n<meta property=\"og:type\" content=\"article\" \/>\n<meta property=\"og:title\" content=\"Kremy Przeciwzmarszczkowe Nanogold\" \/>\n<meta property=\"og:description\" content=\"Kremy przeciwzmarszczkowe Nanogold dzie\u0144 i noc. Luksus ze z\u0142otem wyg\u0142adza, uj\u0119drnia i chroni sk\u00f3r\u0119 30+. Efekt glow i m\u0142odszy wygl\u0105d \u2013 kup teraz!\" \/>\n<meta property=\"og:url\" content=\"https:\/\/www.lraloeverashop.eu\/pl\/produkt\/kremy-przeciwzmarszczkowe-nanogold\/\" \/>\n<meta property=\"og:site_name\" content=\"Lr Aloe Vera Shop\" \/>\n<meta property=\"article:publisher\" content=\"https:\/\/www.facebook.com\/lraloeverashop.eu\" \/>\n<meta property=\"article:modified_time\" content=\"2026-02-20T17:50:56+00:00\" \/>\n<meta property=\"og:image\" content=\"https:\/\/www.lraloeverashop.eu\/wp-content\/uploads\/2022\/10\/Nano-Gold-set.jpg\" \/>\n\t<meta property=\"og:image:width\" content=\"1200\" \/>\n\t<meta property=\"og:image:height\" content=\"1200\" \/>\n\t<meta property=\"og:image:type\" content=\"image\/jpeg\" \/>\n<meta name=\"twitter:card\" content=\"summary_large_image\" \/>\n<meta name=\"twitter:site\" content=\"@natur__kosmetik\" \/>\n<script type=\"application\/ld+json\" class=\"yoast-schema-graph\">{\"@context\":\"https:\\\/\\\/schema.org\",\"@graph\":[{\"@type\":[\"WebPage\",\"ItemPage\"],\"@id\":\"https:\\\/\\\/www.lraloeverashop.eu\\\/pl\\\/produkt\\\/kremy-przeciwzmarszczkowe-nanogold\\\/\",\"url\":\"https:\\\/\\\/www.lraloeverashop.eu\\\/pl\\\/produkt\\\/kremy-przeciwzmarszczkowe-nanogold\\\/\",\"name\":\"Kremy Przeciwzmarszczkowe Nanogold \u2013 Luksus 30+\",\"isPartOf\":{\"@id\":\"https:\\\/\\\/www.lraloeverashop.eu\\\/pl\\\/#website\"},\"primaryImageOfPage\":{\"@id\":\"https:\\\/\\\/www.lraloeverashop.eu\\\/pl\\\/produkt\\\/kremy-przeciwzmarszczkowe-nanogold\\\/#primaryimage\"},\"image\":{\"@id\":\"https:\\\/\\\/www.lraloeverashop.eu\\\/pl\\\/produkt\\\/kremy-przeciwzmarszczkowe-nanogold\\\/#primaryimage\"},\"thumbnailUrl\":\"https:\\\/\\\/www.lraloeverashop.eu\\\/wp-content\\\/uploads\\\/2022\\\/10\\\/Nano-Gold-set.jpg\",\"datePublished\":\"2022-10-17T18:04:35+00:00\",\"dateModified\":\"2026-02-20T17:50:56+00:00\",\"description\":\"Kremy przeciwzmarszczkowe Nanogold dzie\u0144 i noc. Luksus ze z\u0142otem wyg\u0142adza, uj\u0119drnia i chroni sk\u00f3r\u0119 30+. Efekt glow i m\u0142odszy wygl\u0105d \u2013 kup teraz!\",\"breadcrumb\":{\"@id\":\"https:\\\/\\\/www.lraloeverashop.eu\\\/pl\\\/produkt\\\/kremy-przeciwzmarszczkowe-nanogold\\\/#breadcrumb\"},\"inLanguage\":\"pl-PL\",\"potentialAction\":[{\"@type\":\"ReadAction\",\"target\":[\"https:\\\/\\\/www.lraloeverashop.eu\\\/pl\\\/produkt\\\/kremy-przeciwzmarszczkowe-nanogold\\\/\"]}]},{\"@type\":\"ImageObject\",\"inLanguage\":\"pl-PL\",\"@id\":\"https:\\\/\\\/www.lraloeverashop.eu\\\/pl\\\/produkt\\\/kremy-przeciwzmarszczkowe-nanogold\\\/#primaryimage\",\"url\":\"https:\\\/\\\/www.lraloeverashop.eu\\\/wp-content\\\/uploads\\\/2022\\\/10\\\/Nano-Gold-set.jpg\",\"contentUrl\":\"https:\\\/\\\/www.lraloeverashop.eu\\\/wp-content\\\/uploads\\\/2022\\\/10\\\/Nano-Gold-set.jpg\",\"width\":1200,\"height\":1200,\"caption\":\"Kremy przeciwzmarszczkowe Nanogold na Noc i Dzien\"},{\"@type\":\"BreadcrumbList\",\"@id\":\"https:\\\/\\\/www.lraloeverashop.eu\\\/pl\\\/produkt\\\/kremy-przeciwzmarszczkowe-nanogold\\\/#breadcrumb\",\"itemListElement\":[{\"@type\":\"ListItem\",\"position\":1,\"name\":\"Home\",\"item\":\"https:\\\/\\\/www.lraloeverashop.eu\\\/pl\\\/\"},{\"@type\":\"ListItem\",\"position\":2,\"name\":\"Sklep\",\"item\":\"https:\\\/\\\/www.lraloeverashop.eu\\\/shop\\\/\"},{\"@type\":\"ListItem\",\"position\":3,\"name\":\"Kremy Przeciwzmarszczkowe Nanogold\"}]},{\"@type\":\"WebSite\",\"@id\":\"https:\\\/\\\/www.lraloeverashop.eu\\\/pl\\\/#website\",\"url\":\"https:\\\/\\\/www.lraloeverashop.eu\\\/pl\\\/\",\"name\":\"Lr Aloe Vera Shop\",\"description\":\"High Quality Lr Aloe Vera Gel, Aloe Vera Cream and Shampoo\",\"publisher\":{\"@id\":\"https:\\\/\\\/www.lraloeverashop.eu\\\/pl\\\/#organization\"},\"potentialAction\":[{\"@type\":\"SearchAction\",\"target\":{\"@type\":\"EntryPoint\",\"urlTemplate\":\"https:\\\/\\\/www.lraloeverashop.eu\\\/pl\\\/?s={search_term_string}\"},\"query-input\":{\"@type\":\"PropertyValueSpecification\",\"valueRequired\":true,\"valueName\":\"search_term_string\"}}],\"inLanguage\":\"pl-PL\"},{\"@type\":\"Organization\",\"@id\":\"https:\\\/\\\/www.lraloeverashop.eu\\\/pl\\\/#organization\",\"name\":\"Sklep Lr Aloe Vera\",\"alternateName\":\"LR\",\"url\":\"https:\\\/\\\/www.lraloeverashop.eu\\\/pl\\\/\",\"logo\":{\"@type\":\"ImageObject\",\"inLanguage\":\"pl-PL\",\"@id\":\"https:\\\/\\\/www.lraloeverashop.eu\\\/pl\\\/#\\\/schema\\\/logo\\\/image\\\/\",\"url\":\"https:\\\/\\\/www.lraloeverashop.eu\\\/wp-content\\\/uploads\\\/2022\\\/09\\\/cropped-Lr-Aloe-Vera-Shop.jpg\",\"contentUrl\":\"https:\\\/\\\/www.lraloeverashop.eu\\\/wp-content\\\/uploads\\\/2022\\\/09\\\/cropped-Lr-Aloe-Vera-Shop.jpg\",\"width\":228,\"height\":76,\"caption\":\"Sklep Lr Aloe Vera\"},\"image\":{\"@id\":\"https:\\\/\\\/www.lraloeverashop.eu\\\/pl\\\/#\\\/schema\\\/logo\\\/image\\\/\"},\"sameAs\":[\"https:\\\/\\\/www.facebook.com\\\/lraloeverashop.eu\",\"https:\\\/\\\/x.com\\\/natur__kosmetik\",\"https:\\\/\\\/www.youtube.com\\\/channel\\\/UC5oN7BJ8nfYb8RpVtjwDEBA\",\"https:\\\/\\\/www.instagram.com\\\/lrbeautyeu\\\/\"],\"description\":\"Sklep LR Aloe Vera to Twoje zaufane \u017ar\u00f3d\u0142o wysokiej jako\u015bci produkt\u00f3w LR Health & Beauty wyprodukowanych w Niemczech. Oferujemy wysokiej jako\u015bci produkty do piel\u0119gnacji sk\u00f3ry, od\u017cywiania i przeciwstarzeniowe z aloesem, stworzone z czystych sk\u0142adnik\u00f3w i poparte badaniami naukowymi. Odkryj naturaln\u0105 piel\u0119gnacj\u0119, kt\u00f3ra regeneruje, chroni i rewitalizuje Twoj\u0105 sk\u00f3r\u0119 \u2014 i korzystaj z ekskluzywnych comiesi\u0119cznych ofert na nasze bestsellerowe produkty LR Aloe Vera.\\nRozpocznij swoj\u0105 naturaln\u0105 piel\u0119gnacj\u0119 sk\u00f3ry ju\u017c dzi\u015b i poczuj r\u00f3\u017cnic\u0119.\",\"email\":\"info@lraloeverashop.eu\",\"telephone\":\"+49 17670609653\",\"legalName\":\"Lr Aloe Vera Shop\",\"foundingDate\":\"2018-04-21\",\"numberOfEmployees\":{\"@type\":\"QuantitativeValue\",\"minValue\":\"1\",\"maxValue\":\"10\"}}]}<\/script>\n<meta property=\"product:price:amount\" content=\"65.99\" \/>\n<meta property=\"product:price:currency\" content=\"EUR\" \/>\n<meta property=\"og:availability\" content=\"out of stock\" \/>\n<meta property=\"product:availability\" content=\"out of stock\" \/>\n<meta property=\"product:retailer_item_id\" content=\"28196-1PL\" \/>\n<meta property=\"product:condition\" content=\"new\" \/>\n<!-- \/ Yoast SEO Premium plugin. -->","yoast_head_json":{"title":"Kremy Przeciwzmarszczkowe Nanogold \u2013 Luksus 30+","description":"Kremy przeciwzmarszczkowe Nanogold dzie\u0144 i noc. Luksus ze z\u0142otem wyg\u0142adza, uj\u0119drnia i chroni sk\u00f3r\u0119 30+. Efekt glow i m\u0142odszy wygl\u0105d \u2013 kup teraz!","robots":{"index":"index","follow":"follow","max-snippet":"max-snippet:-1","max-image-preview":"max-image-preview:large","max-video-preview":"max-video-preview:-1"},"canonical":"https:\/\/www.lraloeverashop.eu\/pl\/produkt\/kremy-przeciwzmarszczkowe-nanogold\/","og_locale":"pl_PL","og_type":"article","og_title":"Kremy Przeciwzmarszczkowe Nanogold","og_description":"Kremy przeciwzmarszczkowe Nanogold dzie\u0144 i noc. Luksus ze z\u0142otem wyg\u0142adza, uj\u0119drnia i chroni sk\u00f3r\u0119 30+. Efekt glow i m\u0142odszy wygl\u0105d \u2013 kup teraz!","og_url":"https:\/\/www.lraloeverashop.eu\/pl\/produkt\/kremy-przeciwzmarszczkowe-nanogold\/","og_site_name":"Lr Aloe Vera Shop","article_publisher":"https:\/\/www.facebook.com\/lraloeverashop.eu","article_modified_time":"2026-02-20T17:50:56+00:00","og_image":[{"width":1200,"height":1200,"url":"https:\/\/www.lraloeverashop.eu\/wp-content\/uploads\/2022\/10\/Nano-Gold-set.jpg","type":"image\/jpeg"}],"twitter_card":"summary_large_image","twitter_site":"@natur__kosmetik","schema":{"@context":"https:\/\/schema.org","@graph":[{"@type":["WebPage","ItemPage"],"@id":"https:\/\/www.lraloeverashop.eu\/pl\/produkt\/kremy-przeciwzmarszczkowe-nanogold\/","url":"https:\/\/www.lraloeverashop.eu\/pl\/produkt\/kremy-przeciwzmarszczkowe-nanogold\/","name":"Kremy Przeciwzmarszczkowe Nanogold \u2013 Luksus 30+","isPartOf":{"@id":"https:\/\/www.lraloeverashop.eu\/pl\/#website"},"primaryImageOfPage":{"@id":"https:\/\/www.lraloeverashop.eu\/pl\/produkt\/kremy-przeciwzmarszczkowe-nanogold\/#primaryimage"},"image":{"@id":"https:\/\/www.lraloeverashop.eu\/pl\/produkt\/kremy-przeciwzmarszczkowe-nanogold\/#primaryimage"},"thumbnailUrl":"https:\/\/www.lraloeverashop.eu\/wp-content\/uploads\/2022\/10\/Nano-Gold-set.jpg","datePublished":"2022-10-17T18:04:35+00:00","dateModified":"2026-02-20T17:50:56+00:00","description":"Kremy przeciwzmarszczkowe Nanogold dzie\u0144 i noc. Luksus ze z\u0142otem wyg\u0142adza, uj\u0119drnia i chroni sk\u00f3r\u0119 30+. Efekt glow i m\u0142odszy wygl\u0105d \u2013 kup teraz!","breadcrumb":{"@id":"https:\/\/www.lraloeverashop.eu\/pl\/produkt\/kremy-przeciwzmarszczkowe-nanogold\/#breadcrumb"},"inLanguage":"pl-PL","potentialAction":[{"@type":"ReadAction","target":["https:\/\/www.lraloeverashop.eu\/pl\/produkt\/kremy-przeciwzmarszczkowe-nanogold\/"]}]},{"@type":"ImageObject","inLanguage":"pl-PL","@id":"https:\/\/www.lraloeverashop.eu\/pl\/produkt\/kremy-przeciwzmarszczkowe-nanogold\/#primaryimage","url":"https:\/\/www.lraloeverashop.eu\/wp-content\/uploads\/2022\/10\/Nano-Gold-set.jpg","contentUrl":"https:\/\/www.lraloeverashop.eu\/wp-content\/uploads\/2022\/10\/Nano-Gold-set.jpg","width":1200,"height":1200,"caption":"Kremy przeciwzmarszczkowe Nanogold na Noc i Dzien"},{"@type":"BreadcrumbList","@id":"https:\/\/www.lraloeverashop.eu\/pl\/produkt\/kremy-przeciwzmarszczkowe-nanogold\/#breadcrumb","itemListElement":[{"@type":"ListItem","position":1,"name":"Home","item":"https:\/\/www.lraloeverashop.eu\/pl\/"},{"@type":"ListItem","position":2,"name":"Sklep","item":"https:\/\/www.lraloeverashop.eu\/shop\/"},{"@type":"ListItem","position":3,"name":"Kremy Przeciwzmarszczkowe Nanogold"}]},{"@type":"WebSite","@id":"https:\/\/www.lraloeverashop.eu\/pl\/#website","url":"https:\/\/www.lraloeverashop.eu\/pl\/","name":"Lr Aloe Vera Shop","description":"High Quality Lr Aloe Vera Gel, Aloe Vera Cream and Shampoo","publisher":{"@id":"https:\/\/www.lraloeverashop.eu\/pl\/#organization"},"potentialAction":[{"@type":"SearchAction","target":{"@type":"EntryPoint","urlTemplate":"https:\/\/www.lraloeverashop.eu\/pl\/?s={search_term_string}"},"query-input":{"@type":"PropertyValueSpecification","valueRequired":true,"valueName":"search_term_string"}}],"inLanguage":"pl-PL"},{"@type":"Organization","@id":"https:\/\/www.lraloeverashop.eu\/pl\/#organization","name":"Sklep Lr Aloe Vera","alternateName":"LR","url":"https:\/\/www.lraloeverashop.eu\/pl\/","logo":{"@type":"ImageObject","inLanguage":"pl-PL","@id":"https:\/\/www.lraloeverashop.eu\/pl\/#\/schema\/logo\/image\/","url":"https:\/\/www.lraloeverashop.eu\/wp-content\/uploads\/2022\/09\/cropped-Lr-Aloe-Vera-Shop.jpg","contentUrl":"https:\/\/www.lraloeverashop.eu\/wp-content\/uploads\/2022\/09\/cropped-Lr-Aloe-Vera-Shop.jpg","width":228,"height":76,"caption":"Sklep Lr Aloe Vera"},"image":{"@id":"https:\/\/www.lraloeverashop.eu\/pl\/#\/schema\/logo\/image\/"},"sameAs":["https:\/\/www.facebook.com\/lraloeverashop.eu","https:\/\/x.com\/natur__kosmetik","https:\/\/www.youtube.com\/channel\/UC5oN7BJ8nfYb8RpVtjwDEBA","https:\/\/www.instagram.com\/lrbeautyeu\/"],"description":"Sklep LR Aloe Vera to Twoje zaufane \u017ar\u00f3d\u0142o wysokiej jako\u015bci produkt\u00f3w LR Health & Beauty wyprodukowanych w Niemczech. Oferujemy wysokiej jako\u015bci produkty do piel\u0119gnacji sk\u00f3ry, od\u017cywiania i przeciwstarzeniowe z aloesem, stworzone z czystych sk\u0142adnik\u00f3w i poparte badaniami naukowymi. Odkryj naturaln\u0105 piel\u0119gnacj\u0119, kt\u00f3ra regeneruje, chroni i rewitalizuje Twoj\u0105 sk\u00f3r\u0119 \u2014 i korzystaj z ekskluzywnych comiesi\u0119cznych ofert na nasze bestsellerowe produkty LR Aloe Vera.\nRozpocznij swoj\u0105 naturaln\u0105 piel\u0119gnacj\u0119 sk\u00f3ry ju\u017c dzi\u015b i poczuj r\u00f3\u017cnic\u0119.","email":"info@lraloeverashop.eu","telephone":"+49 17670609653","legalName":"Lr Aloe Vera Shop","foundingDate":"2018-04-21","numberOfEmployees":{"@type":"QuantitativeValue","minValue":"1","maxValue":"10"}}]},"product_price_amount":"65.99","product_price_currency":"EUR","og_availability":"out of stock","product_availability":"out of stock","product_retailer_item_id":"28196-1PL","product_condition":"new"},"taxonomy_info":{"product_cat":[{"value":1072,"label":"Kobiety do 40"},{"value":1076,"label":"Nano Gold"},{"value":1090,"label":"Oferty"},{"value":1069,"label":"Piel\u0119gnacja Anti Age"},{"value":1074,"label":"Produkty Anti Age"}],"product_tag":[{"value":1142,"label":"zmarszczki na twarzy"}]},"featured_image_src_large":["https:\/\/www.lraloeverashop.eu\/wp-content\/uploads\/2022\/10\/Nano-Gold-set-1024x1024.jpg",1024,1024,true],"author_info":[],"comment_info":0,"_links":{"self":[{"href":"https:\/\/www.lraloeverashop.eu\/pl\/wp-json\/wp\/v2\/product\/29856","targetHints":{"allow":["GET"]}}],"collection":[{"href":"https:\/\/www.lraloeverashop.eu\/pl\/wp-json\/wp\/v2\/product"}],"about":[{"href":"https:\/\/www.lraloeverashop.eu\/pl\/wp-json\/wp\/v2\/types\/product"}],"replies":[{"embeddable":true,"href":"https:\/\/www.lraloeverashop.eu\/pl\/wp-json\/wp\/v2\/comments?post=29856"}],"wp:featuredmedia":[{"embeddable":true,"href":"https:\/\/www.lraloeverashop.eu\/pl\/wp-json\/wp\/v2\/media\/27073"}],"wp:attachment":[{"href":"https:\/\/www.lraloeverashop.eu\/pl\/wp-json\/wp\/v2\/media?parent=29856"}],"wp:term":[{"taxonomy":"product_brand","embeddable":true,"href":"https:\/\/www.lraloeverashop.eu\/pl\/wp-json\/wp\/v2\/product_brand?post=29856"},{"taxonomy":"product_cat","embeddable":true,"href":"https:\/\/www.lraloeverashop.eu\/pl\/wp-json\/wp\/v2\/product_cat?post=29856"},{"taxonomy":"product_tag","embeddable":true,"href":"https:\/\/www.lraloeverashop.eu\/pl\/wp-json\/wp\/v2\/product_tag?post=29856"}],"curies":[{"name":"wp","href":"https:\/\/api.w.org\/{rel}","templated":true}]}}