{"id":29855,"date":"2022-10-20T11:57:25","date_gmt":"2022-10-20T09:57:25","guid":{"rendered":"https:\/\/www.lraloeverashop.eu\/product\/kremy-przeciwzmarszczkowe-beauty-diamonds\/"},"modified":"2026-02-20T18:20:09","modified_gmt":"2026-02-20T17:20:09","slug":"kremy-przeciwzmarszczkowe-beauty-diamonds","status":"publish","type":"product","link":"https:\/\/www.lraloeverashop.eu\/pl\/produkt\/kremy-przeciwzmarszczkowe-beauty-diamonds\/","title":{"rendered":"Kremy Przeciwzmarszczkowe Beauty Diamonds"},"content":{"rendered":"<h2><span style=\"font-size: 16pt;\"><strong>Beauty Diamonds Anti Aging Set<\/strong><\/span><\/h2>\n<p><span style=\"font-size: 14pt;\"><strong>Kremy przeciwzmarszczkowe Beauty Diamonds \u2013 Luksusowa piel\u0119gnacja sk\u00f3ry wymagaj\u0105cej<\/strong><\/span><\/p>\n<p>Kremy Przeciwzmarszczkowe Beauty Diamonds to ekskluzywny zestaw anti-aging stworzony z my\u015bl\u0105 o sk\u00f3rze wymagaj\u0105cej, kt\u00f3ra potrzebuje intensywnej regeneracji, wzmocnienia i widocznego wyg\u0142adzenia. Ten luksusowy duet zapewnia codzienny blask oraz optymaln\u0105 piel\u0119gnacj\u0119, wspieraj\u0105c naturalne mechanizmy ochronne sk\u00f3ry.<\/p>\n<p><strong>Przeciwzmarszczkowy Krem na Noc Beauty Diamonds<\/strong><br \/>\nOd\u017cywczy krem na noc pomaga redukowa\u0107 widoczne oznaki starzenia podczas snu. W czasie nocnej regeneracji sk\u00f3ry, synergiczne po\u0142\u0105czenie dw\u00f3ch opatentowanych peptyd\u00f3w (Replexium\u2122) stymuluje naturalny mechanizm ochrony kom\u00f3rek. Rano sk\u00f3ra jest wyra\u017anie j\u0119drniejsza, bardziej elastyczna i jedwabi\u015bcie mi\u0119kka w dotyku.<\/p>\n<p><strong>Przeciwzmarszczkowy Krem na Dzie\u0144 Beauty Diamonds<\/strong><br \/>\nKrem na dzie\u0144 intensywnie piel\u0119gnuje i wzmacnia sk\u00f3r\u0119, stymuluj\u0105c produkcj\u0119 kolagenu. Dzi\u0119ki temu cera wygl\u0105da na bardziej wype\u0142nion\u0105 i wyg\u0142adzon\u0105. Regularne stosowanie pomaga zmniejszy\u0107 widoczno\u015b\u0107 zmarszczek, a ekstrakt z rokitnika uj\u0119drnia sk\u00f3r\u0119 i podkre\u015bla harmonijne kontury twarzy. Rezultat: j\u0119drna, promienna i aksamitnie g\u0142adka sk\u00f3ra ka\u017cdego dnia.<\/p>\n<p>&nbsp;<\/p>\n<p><strong>Dla kobiet\u2026<\/strong><br \/>\n&#8230; od oko\u0142o 40. roku \u017cycia<br \/>\n&#8230; z such\u0105 i wymagaj\u0105c\u0105 sk\u00f3r\u0105<br \/>\n&#8230; ceni\u0105cych luksusow\u0105 piel\u0119gnacj\u0119<br \/>\n&#8230; kt\u00f3re pragn\u0105 promiennego wygl\u0105du<br \/>\n&#8230; chc\u0105cych zredukowa\u0107 zmarszczki<br \/>\n&#8230; marz\u0105cych o wi\u0119kszej elastyczno\u015bci sk\u00f3ry<\/p>\n<p>&nbsp;<\/p>\n<h3><span style=\"font-size: 16pt;\"><strong>Zaawansowana technologia przeciwstarzeniowa<\/strong><\/span><\/h3>\n<p>Uj\u0119drniaj\u0105ce Kremy przeciwzmarszczkowe Beauty Diamonds wzmacniaj\u0105 sk\u00f3r\u0119 po 40. roku \u017cycia i widocznie redukuj\u0105 zmarszczki. Formu\u0142a oparta na w\u0142a\u015bciwo\u015bciach diament\u00f3w w po\u0142\u0105czeniu z proteinami wspiera spowolnienie proces\u00f3w starzenia oraz wzmacnia naturalny mechanizm ochrony kom\u00f3rkowej.<\/p>\n<p>Nowa, udoskonalona receptura zawiera innowacyjny system transportu substancji aktywnych oraz kapsu\u0142kowany sk\u0142adnik redukuj\u0105cy g\u0142\u0119boko\u015b\u0107 zmarszczek, zapewniaj\u0105c jeszcze bardziej spektakularne efekty.<\/p>\n<p>Dla maksymalnej skuteczno\u015bci zaleca si\u0119 stosowanie w po\u0142\u0105czeniu z \u017belazkiem do Twarzy Zeitgard Pro.<\/p>\n<p>&nbsp;<\/p>\n<h3><span style=\"font-size: 16pt;\"><strong>Jak stosowa\u0107 Kremy Przeciwzmarszczkowe Beauty Diamonds<\/strong><\/span><\/h3>\n<p><strong>Krok 1:<\/strong> Oczy\u015b\u0107 sk\u00f3r\u0119 twarzy wod\u0105 lub u\u017cyj z Urz\u0105dzeniem do Oczyszczania Twarzy albo ko\u0144c\u00f3wki do peelingu twarzy Zeitgard Pro.<\/p>\n<p><strong>Krok 2:<\/strong> Na\u0142\u00f3\u017c produkty Beauty Diamonds i wmasuj d\u0142o\u0144mi lub przy u\u017cyciu \u017belazka do Twarzy Zeitgard Pro. Masuj lew\u0105 i praw\u0105 stron\u0119 twarzy oraz czo\u0142o przez oko\u0142o 30 sekund ka\u017cd\u0105 parti\u0119. Wykonuj ruchy koliste \u2013 od \u015brodka na zewn\u0105trz i od do\u0142u ku g\u00f3rze.<\/p>\n","protected":false},"excerpt":{"rendered":"<ul>\n<li>Zestaw do sk\u00f3ry wymagaj\u0105cej<\/li>\n<li>Zawiera 1 \u00d7 krem na dzie\u0144 oraz 1 \u00d7 krem na noc<\/li>\n<li>Kompleks sk\u0142adnik\u00f3w aktywnych oparty na diamentach i peptydach<\/li>\n<li>Innowacyjny system transportu substancji aktywnych<\/li>\n<li>Rekomendowany do stosowania z \u017belazkiem do Twarzy Zeitgard Pro<\/li>\n<\/ul>\n<p style=\"text-align: left;\"><span style=\"color: #ff0000;\"><a style=\"color: #ff0000;\" href=\"https:\/\/shop.lrworld.com\/openpao?PHP=0vFlt7jT938BEnBI3a6e9w%3D%3D\"><span style=\"font-size: 14pt;\"><strong>Zarejestruj si\u0119 i oszcz\u0119dzaj 35% przy ka\u017cdym zam\u00f3wieniu<\/strong><\/span><\/a><\/span><\/p>\n<p>&nbsp;<\/p>\n","protected":false},"featured_media":27053,"comment_status":"open","ping_status":"closed","template":"","meta":{"_kad_blocks_custom_css":"","_kad_blocks_head_custom_js":"","_kad_blocks_body_custom_js":"","_kad_blocks_footer_custom_js":"","_kadence_starter_templates_imported_post":false,"_kad_post_transparent":"default","_kad_post_title":"","_kad_post_layout":"default","_kad_post_sidebar_id":"","_kad_post_content_style":"default","_kad_post_vertical_padding":"default","_kad_post_feature":"","_kad_post_feature_position":"","_kad_post_header":false,"_kad_post_footer":false,"_kad_post_classname":""},"product_brand":[],"product_cat":[1075,1071,1069,1074],"product_tag":[1142],"class_list":{"0":"post-29855","1":"product","2":"type-product","3":"status-publish","4":"has-post-thumbnail","6":"product_cat-beauty-diamonds-pl","7":"product_cat-kobiety-po-40","8":"product_cat-pielegnacja-anti-age","9":"product_cat-produkty-anti-age","10":"product_tag-zmarszczki-na-twarzy","12":"first","13":"outofstock","14":"taxable","15":"shipping-taxable","16":"purchasable","17":"product-type-simple","18":"entry","19":"content-bg","20":"loop-entry"},"yoast_head":"<!-- This site is optimized with the Yoast SEO Premium plugin v27.5 (Yoast SEO v27.5) - https:\/\/yoast.com\/product\/yoast-seo-premium-wordpress\/ -->\n<title>Kremy przeciwzmarszczkowe Beauty Diamonds \u2013 Luksus 40+<\/title>\n<meta name=\"description\" content=\"Kremy Przeciwzmarszczkowe Beauty Diamonds 40+. Luksusowy zestaw z peptydami i diamentami wyg\u0142adza, uj\u0119drnia i redukuje zmarszczki. Kup teraz!\" \/>\n<meta name=\"robots\" content=\"index, follow, max-snippet:-1, max-image-preview:large, max-video-preview:-1\" \/>\n<link rel=\"canonical\" href=\"https:\/\/www.lraloeverashop.eu\/pl\/produkt\/kremy-przeciwzmarszczkowe-beauty-diamonds\/\" \/>\n<meta property=\"og:locale\" content=\"pl_PL\" \/>\n<meta property=\"og:type\" content=\"article\" \/>\n<meta property=\"og:title\" content=\"Kremy Przeciwzmarszczkowe Beauty Diamonds\" \/>\n<meta property=\"og:description\" content=\"Kremy Przeciwzmarszczkowe Beauty Diamonds 40+. Luksusowy zestaw z peptydami i diamentami wyg\u0142adza, uj\u0119drnia i redukuje zmarszczki. Kup teraz!\" \/>\n<meta property=\"og:url\" content=\"https:\/\/www.lraloeverashop.eu\/pl\/produkt\/kremy-przeciwzmarszczkowe-beauty-diamonds\/\" \/>\n<meta property=\"og:site_name\" content=\"Lr Aloe Vera Shop\" \/>\n<meta property=\"article:publisher\" content=\"https:\/\/www.facebook.com\/lraloeverashop.eu\" \/>\n<meta property=\"article:modified_time\" content=\"2026-02-20T17:20:09+00:00\" \/>\n<meta property=\"og:image\" content=\"https:\/\/www.lraloeverashop.eu\/wp-content\/uploads\/2022\/10\/Beauty-Diamonds-Anti-Aging-Set.jpg\" \/>\n\t<meta property=\"og:image:width\" content=\"1200\" \/>\n\t<meta property=\"og:image:height\" content=\"1200\" \/>\n\t<meta property=\"og:image:type\" content=\"image\/jpeg\" \/>\n<meta name=\"twitter:card\" content=\"summary_large_image\" \/>\n<meta name=\"twitter:site\" content=\"@natur__kosmetik\" \/>\n<script type=\"application\/ld+json\" class=\"yoast-schema-graph\">{\"@context\":\"https:\\\/\\\/schema.org\",\"@graph\":[{\"@type\":[\"WebPage\",\"ItemPage\"],\"@id\":\"https:\\\/\\\/www.lraloeverashop.eu\\\/pl\\\/produkt\\\/kremy-przeciwzmarszczkowe-beauty-diamonds\\\/\",\"url\":\"https:\\\/\\\/www.lraloeverashop.eu\\\/pl\\\/produkt\\\/kremy-przeciwzmarszczkowe-beauty-diamonds\\\/\",\"name\":\"Kremy przeciwzmarszczkowe Beauty Diamonds \u2013 Luksus 40+\",\"isPartOf\":{\"@id\":\"https:\\\/\\\/www.lraloeverashop.eu\\\/pl\\\/#website\"},\"primaryImageOfPage\":{\"@id\":\"https:\\\/\\\/www.lraloeverashop.eu\\\/pl\\\/produkt\\\/kremy-przeciwzmarszczkowe-beauty-diamonds\\\/#primaryimage\"},\"image\":{\"@id\":\"https:\\\/\\\/www.lraloeverashop.eu\\\/pl\\\/produkt\\\/kremy-przeciwzmarszczkowe-beauty-diamonds\\\/#primaryimage\"},\"thumbnailUrl\":\"https:\\\/\\\/www.lraloeverashop.eu\\\/wp-content\\\/uploads\\\/2022\\\/10\\\/Beauty-Diamonds-Anti-Aging-Set.jpg\",\"datePublished\":\"2022-10-20T09:57:25+00:00\",\"dateModified\":\"2026-02-20T17:20:09+00:00\",\"description\":\"Kremy Przeciwzmarszczkowe Beauty Diamonds 40+. Luksusowy zestaw z peptydami i diamentami wyg\u0142adza, uj\u0119drnia i redukuje zmarszczki. Kup teraz!\",\"breadcrumb\":{\"@id\":\"https:\\\/\\\/www.lraloeverashop.eu\\\/pl\\\/produkt\\\/kremy-przeciwzmarszczkowe-beauty-diamonds\\\/#breadcrumb\"},\"inLanguage\":\"pl-PL\",\"potentialAction\":[{\"@type\":\"ReadAction\",\"target\":[\"https:\\\/\\\/www.lraloeverashop.eu\\\/pl\\\/produkt\\\/kremy-przeciwzmarszczkowe-beauty-diamonds\\\/\"]}]},{\"@type\":\"ImageObject\",\"inLanguage\":\"pl-PL\",\"@id\":\"https:\\\/\\\/www.lraloeverashop.eu\\\/pl\\\/produkt\\\/kremy-przeciwzmarszczkowe-beauty-diamonds\\\/#primaryimage\",\"url\":\"https:\\\/\\\/www.lraloeverashop.eu\\\/wp-content\\\/uploads\\\/2022\\\/10\\\/Beauty-Diamonds-Anti-Aging-Set.jpg\",\"contentUrl\":\"https:\\\/\\\/www.lraloeverashop.eu\\\/wp-content\\\/uploads\\\/2022\\\/10\\\/Beauty-Diamonds-Anti-Aging-Set.jpg\",\"width\":1200,\"height\":1200,\"caption\":\"Kremy przeciwzmarszczkowe Beauty Diamonds Zestaw przeciwstarzeniowy\"},{\"@type\":\"BreadcrumbList\",\"@id\":\"https:\\\/\\\/www.lraloeverashop.eu\\\/pl\\\/produkt\\\/kremy-przeciwzmarszczkowe-beauty-diamonds\\\/#breadcrumb\",\"itemListElement\":[{\"@type\":\"ListItem\",\"position\":1,\"name\":\"Home\",\"item\":\"https:\\\/\\\/www.lraloeverashop.eu\\\/pl\\\/\"},{\"@type\":\"ListItem\",\"position\":2,\"name\":\"Sklep\",\"item\":\"https:\\\/\\\/www.lraloeverashop.eu\\\/pl\\\/sklep\\\/\"},{\"@type\":\"ListItem\",\"position\":3,\"name\":\"Kremy Przeciwzmarszczkowe Beauty Diamonds\"}]},{\"@type\":\"WebSite\",\"@id\":\"https:\\\/\\\/www.lraloeverashop.eu\\\/pl\\\/#website\",\"url\":\"https:\\\/\\\/www.lraloeverashop.eu\\\/pl\\\/\",\"name\":\"Lr Aloe Vera Shop\",\"description\":\"High Quality Lr Aloe Vera Gel, Aloe Vera Cream and Shampoo\",\"publisher\":{\"@id\":\"https:\\\/\\\/www.lraloeverashop.eu\\\/pl\\\/#organization\"},\"alternateName\":\"LR\",\"potentialAction\":[{\"@type\":\"SearchAction\",\"target\":{\"@type\":\"EntryPoint\",\"urlTemplate\":\"https:\\\/\\\/www.lraloeverashop.eu\\\/pl\\\/?s={search_term_string}\"},\"query-input\":{\"@type\":\"PropertyValueSpecification\",\"valueRequired\":true,\"valueName\":\"search_term_string\"}}],\"inLanguage\":\"pl-PL\"},{\"@type\":\"Organization\",\"@id\":\"https:\\\/\\\/www.lraloeverashop.eu\\\/pl\\\/#organization\",\"name\":\"Sklep Lr Aloe Vera\",\"alternateName\":\"LR\",\"url\":\"https:\\\/\\\/www.lraloeverashop.eu\\\/pl\\\/\",\"logo\":{\"@type\":\"ImageObject\",\"inLanguage\":\"pl-PL\",\"@id\":\"https:\\\/\\\/www.lraloeverashop.eu\\\/pl\\\/#\\\/schema\\\/logo\\\/image\\\/\",\"url\":\"https:\\\/\\\/www.lraloeverashop.eu\\\/wp-content\\\/uploads\\\/2022\\\/09\\\/cropped-Lr-Aloe-Vera-Shop.jpg\",\"contentUrl\":\"https:\\\/\\\/www.lraloeverashop.eu\\\/wp-content\\\/uploads\\\/2022\\\/09\\\/cropped-Lr-Aloe-Vera-Shop.jpg\",\"width\":228,\"height\":76,\"caption\":\"Sklep Lr Aloe Vera\"},\"image\":{\"@id\":\"https:\\\/\\\/www.lraloeverashop.eu\\\/pl\\\/#\\\/schema\\\/logo\\\/image\\\/\"},\"sameAs\":[\"https:\\\/\\\/www.facebook.com\\\/lraloeverashop.eu\",\"https:\\\/\\\/x.com\\\/natur__kosmetik\",\"https:\\\/\\\/www.youtube.com\\\/channel\\\/UC5oN7BJ8nfYb8RpVtjwDEBA\",\"https:\\\/\\\/www.instagram.com\\\/lrbeautyeu\\\/\"],\"description\":\"Sklep LR Aloe Vera to Twoje zaufane \u017ar\u00f3d\u0142o wysokiej jako\u015bci produkt\u00f3w LR Health & Beauty wyprodukowanych w Niemczech. Oferujemy wysokiej jako\u015bci produkty do piel\u0119gnacji sk\u00f3ry, od\u017cywiania i przeciwstarzeniowe z aloesem, stworzone z czystych sk\u0142adnik\u00f3w i poparte badaniami naukowymi. Odkryj naturaln\u0105 piel\u0119gnacj\u0119, kt\u00f3ra regeneruje, chroni i rewitalizuje Twoj\u0105 sk\u00f3r\u0119 \u2014 i korzystaj z ekskluzywnych comiesi\u0119cznych ofert na nasze bestsellerowe produkty LR Aloe Vera.\\nRozpocznij swoj\u0105 naturaln\u0105 piel\u0119gnacj\u0119 sk\u00f3ry ju\u017c dzi\u015b i poczuj r\u00f3\u017cnic\u0119.\",\"email\":\"info@lraloeverashop.eu\",\"telephone\":\"+49 17670609653\",\"legalName\":\"Lr Aloe Vera Shop\",\"foundingDate\":\"2018-04-21\",\"numberOfEmployees\":{\"@type\":\"QuantitativeValue\",\"minValue\":\"1\",\"maxValue\":\"10\"}}]}<\/script>\n<meta property=\"product:price:amount\" content=\"92.98\" \/>\n<meta property=\"product:price:currency\" content=\"EUR\" \/>\n<meta property=\"og:availability\" content=\"out of stock\" \/>\n<meta property=\"product:availability\" content=\"out of stock\" \/>\n<meta property=\"product:retailer_item_id\" content=\"28326PL\" \/>\n<meta property=\"product:condition\" content=\"new\" \/>\n<!-- \/ Yoast SEO Premium plugin. -->","yoast_head_json":{"title":"Kremy przeciwzmarszczkowe Beauty Diamonds \u2013 Luksus 40+","description":"Kremy Przeciwzmarszczkowe Beauty Diamonds 40+. Luksusowy zestaw z peptydami i diamentami wyg\u0142adza, uj\u0119drnia i redukuje zmarszczki. Kup teraz!","robots":{"index":"index","follow":"follow","max-snippet":"max-snippet:-1","max-image-preview":"max-image-preview:large","max-video-preview":"max-video-preview:-1"},"canonical":"https:\/\/www.lraloeverashop.eu\/pl\/produkt\/kremy-przeciwzmarszczkowe-beauty-diamonds\/","og_locale":"pl_PL","og_type":"article","og_title":"Kremy Przeciwzmarszczkowe Beauty Diamonds","og_description":"Kremy Przeciwzmarszczkowe Beauty Diamonds 40+. Luksusowy zestaw z peptydami i diamentami wyg\u0142adza, uj\u0119drnia i redukuje zmarszczki. Kup teraz!","og_url":"https:\/\/www.lraloeverashop.eu\/pl\/produkt\/kremy-przeciwzmarszczkowe-beauty-diamonds\/","og_site_name":"Lr Aloe Vera Shop","article_publisher":"https:\/\/www.facebook.com\/lraloeverashop.eu","article_modified_time":"2026-02-20T17:20:09+00:00","og_image":[{"width":1200,"height":1200,"url":"https:\/\/www.lraloeverashop.eu\/wp-content\/uploads\/2022\/10\/Beauty-Diamonds-Anti-Aging-Set.jpg","type":"image\/jpeg"}],"twitter_card":"summary_large_image","twitter_site":"@natur__kosmetik","schema":{"@context":"https:\/\/schema.org","@graph":[{"@type":["WebPage","ItemPage"],"@id":"https:\/\/www.lraloeverashop.eu\/pl\/produkt\/kremy-przeciwzmarszczkowe-beauty-diamonds\/","url":"https:\/\/www.lraloeverashop.eu\/pl\/produkt\/kremy-przeciwzmarszczkowe-beauty-diamonds\/","name":"Kremy przeciwzmarszczkowe Beauty Diamonds \u2013 Luksus 40+","isPartOf":{"@id":"https:\/\/www.lraloeverashop.eu\/pl\/#website"},"primaryImageOfPage":{"@id":"https:\/\/www.lraloeverashop.eu\/pl\/produkt\/kremy-przeciwzmarszczkowe-beauty-diamonds\/#primaryimage"},"image":{"@id":"https:\/\/www.lraloeverashop.eu\/pl\/produkt\/kremy-przeciwzmarszczkowe-beauty-diamonds\/#primaryimage"},"thumbnailUrl":"https:\/\/www.lraloeverashop.eu\/wp-content\/uploads\/2022\/10\/Beauty-Diamonds-Anti-Aging-Set.jpg","datePublished":"2022-10-20T09:57:25+00:00","dateModified":"2026-02-20T17:20:09+00:00","description":"Kremy Przeciwzmarszczkowe Beauty Diamonds 40+. Luksusowy zestaw z peptydami i diamentami wyg\u0142adza, uj\u0119drnia i redukuje zmarszczki. Kup teraz!","breadcrumb":{"@id":"https:\/\/www.lraloeverashop.eu\/pl\/produkt\/kremy-przeciwzmarszczkowe-beauty-diamonds\/#breadcrumb"},"inLanguage":"pl-PL","potentialAction":[{"@type":"ReadAction","target":["https:\/\/www.lraloeverashop.eu\/pl\/produkt\/kremy-przeciwzmarszczkowe-beauty-diamonds\/"]}]},{"@type":"ImageObject","inLanguage":"pl-PL","@id":"https:\/\/www.lraloeverashop.eu\/pl\/produkt\/kremy-przeciwzmarszczkowe-beauty-diamonds\/#primaryimage","url":"https:\/\/www.lraloeverashop.eu\/wp-content\/uploads\/2022\/10\/Beauty-Diamonds-Anti-Aging-Set.jpg","contentUrl":"https:\/\/www.lraloeverashop.eu\/wp-content\/uploads\/2022\/10\/Beauty-Diamonds-Anti-Aging-Set.jpg","width":1200,"height":1200,"caption":"Kremy przeciwzmarszczkowe Beauty Diamonds Zestaw przeciwstarzeniowy"},{"@type":"BreadcrumbList","@id":"https:\/\/www.lraloeverashop.eu\/pl\/produkt\/kremy-przeciwzmarszczkowe-beauty-diamonds\/#breadcrumb","itemListElement":[{"@type":"ListItem","position":1,"name":"Home","item":"https:\/\/www.lraloeverashop.eu\/pl\/"},{"@type":"ListItem","position":2,"name":"Sklep","item":"https:\/\/www.lraloeverashop.eu\/pl\/sklep\/"},{"@type":"ListItem","position":3,"name":"Kremy Przeciwzmarszczkowe Beauty Diamonds"}]},{"@type":"WebSite","@id":"https:\/\/www.lraloeverashop.eu\/pl\/#website","url":"https:\/\/www.lraloeverashop.eu\/pl\/","name":"Lr Aloe Vera Shop","description":"High Quality Lr Aloe Vera Gel, Aloe Vera Cream and Shampoo","publisher":{"@id":"https:\/\/www.lraloeverashop.eu\/pl\/#organization"},"alternateName":"LR","potentialAction":[{"@type":"SearchAction","target":{"@type":"EntryPoint","urlTemplate":"https:\/\/www.lraloeverashop.eu\/pl\/?s={search_term_string}"},"query-input":{"@type":"PropertyValueSpecification","valueRequired":true,"valueName":"search_term_string"}}],"inLanguage":"pl-PL"},{"@type":"Organization","@id":"https:\/\/www.lraloeverashop.eu\/pl\/#organization","name":"Sklep Lr Aloe Vera","alternateName":"LR","url":"https:\/\/www.lraloeverashop.eu\/pl\/","logo":{"@type":"ImageObject","inLanguage":"pl-PL","@id":"https:\/\/www.lraloeverashop.eu\/pl\/#\/schema\/logo\/image\/","url":"https:\/\/www.lraloeverashop.eu\/wp-content\/uploads\/2022\/09\/cropped-Lr-Aloe-Vera-Shop.jpg","contentUrl":"https:\/\/www.lraloeverashop.eu\/wp-content\/uploads\/2022\/09\/cropped-Lr-Aloe-Vera-Shop.jpg","width":228,"height":76,"caption":"Sklep Lr Aloe Vera"},"image":{"@id":"https:\/\/www.lraloeverashop.eu\/pl\/#\/schema\/logo\/image\/"},"sameAs":["https:\/\/www.facebook.com\/lraloeverashop.eu","https:\/\/x.com\/natur__kosmetik","https:\/\/www.youtube.com\/channel\/UC5oN7BJ8nfYb8RpVtjwDEBA","https:\/\/www.instagram.com\/lrbeautyeu\/"],"description":"Sklep LR Aloe Vera to Twoje zaufane \u017ar\u00f3d\u0142o wysokiej jako\u015bci produkt\u00f3w LR Health & Beauty wyprodukowanych w Niemczech. Oferujemy wysokiej jako\u015bci produkty do piel\u0119gnacji sk\u00f3ry, od\u017cywiania i przeciwstarzeniowe z aloesem, stworzone z czystych sk\u0142adnik\u00f3w i poparte badaniami naukowymi. Odkryj naturaln\u0105 piel\u0119gnacj\u0119, kt\u00f3ra regeneruje, chroni i rewitalizuje Twoj\u0105 sk\u00f3r\u0119 \u2014 i korzystaj z ekskluzywnych comiesi\u0119cznych ofert na nasze bestsellerowe produkty LR Aloe Vera.\nRozpocznij swoj\u0105 naturaln\u0105 piel\u0119gnacj\u0119 sk\u00f3ry ju\u017c dzi\u015b i poczuj r\u00f3\u017cnic\u0119.","email":"info@lraloeverashop.eu","telephone":"+49 17670609653","legalName":"Lr Aloe Vera Shop","foundingDate":"2018-04-21","numberOfEmployees":{"@type":"QuantitativeValue","minValue":"1","maxValue":"10"}}]},"product_price_amount":"92.98","product_price_currency":"EUR","og_availability":"out of stock","product_availability":"out of stock","product_retailer_item_id":"28326PL","product_condition":"new"},"taxonomy_info":{"product_cat":[{"value":1075,"label":"Beauty Diamonds"},{"value":1071,"label":"Kobiety po 40"},{"value":1069,"label":"Piel\u0119gnacja Anti Age"},{"value":1074,"label":"Produkty Anti Age"}],"product_tag":[{"value":1142,"label":"zmarszczki na twarzy"}]},"featured_image_src_large":["https:\/\/www.lraloeverashop.eu\/wp-content\/uploads\/2022\/10\/Beauty-Diamonds-Anti-Aging-Set-1024x1024.jpg",1024,1024,true],"author_info":[],"comment_info":0,"_links":{"self":[{"href":"https:\/\/www.lraloeverashop.eu\/pl\/wp-json\/wp\/v2\/product\/29855","targetHints":{"allow":["GET"]}}],"collection":[{"href":"https:\/\/www.lraloeverashop.eu\/pl\/wp-json\/wp\/v2\/product"}],"about":[{"href":"https:\/\/www.lraloeverashop.eu\/pl\/wp-json\/wp\/v2\/types\/product"}],"replies":[{"embeddable":true,"href":"https:\/\/www.lraloeverashop.eu\/pl\/wp-json\/wp\/v2\/comments?post=29855"}],"wp:featuredmedia":[{"embeddable":true,"href":"https:\/\/www.lraloeverashop.eu\/pl\/wp-json\/wp\/v2\/media\/27053"}],"wp:attachment":[{"href":"https:\/\/www.lraloeverashop.eu\/pl\/wp-json\/wp\/v2\/media?parent=29855"}],"wp:term":[{"taxonomy":"product_brand","embeddable":true,"href":"https:\/\/www.lraloeverashop.eu\/pl\/wp-json\/wp\/v2\/product_brand?post=29855"},{"taxonomy":"product_cat","embeddable":true,"href":"https:\/\/www.lraloeverashop.eu\/pl\/wp-json\/wp\/v2\/product_cat?post=29855"},{"taxonomy":"product_tag","embeddable":true,"href":"https:\/\/www.lraloeverashop.eu\/pl\/wp-json\/wp\/v2\/product_tag?post=29855"}],"curies":[{"name":"wp","href":"https:\/\/api.w.org\/{rel}","templated":true}]}}