{"id":29851,"date":"2022-10-22T08:09:28","date_gmt":"2022-10-22T06:09:28","guid":{"rendered":"https:\/\/www.lraloeverashop.eu\/product\/urzadzenie-kosmetyczne-lr-zeitgard-pro\/"},"modified":"2026-02-20T17:17:42","modified_gmt":"2026-02-20T16:17:42","slug":"urzadzenie-kosmetyczne-lr-zeitgard-pro","status":"publish","type":"product","link":"https:\/\/www.lraloeverashop.eu\/pl\/produkt\/urzadzenie-kosmetyczne-lr-zeitgard-pro\/","title":{"rendered":"Urz\u0105dzenie Kosmetyczne Lr Zeitgard Pro"},"content":{"rendered":"<h2><span style=\"font-size: 16pt; color: #000000;\"><strong>Urz\u0105dzenie Kosmetyczne Lr Zeitgard Pro<\/strong><\/span><\/h2>\n<p><span style=\"font-size: 14pt;\"><strong>Urz\u0105dzenie Kosmetyczne Lr Zeitgard Pro \u2013 Profesjonalna piel\u0119gnacja sk\u00f3ry na poziomie salonu<\/strong><\/span><\/p>\n<p>Zatrzymaj czas dzi\u0119ki zaawansowanemu systemowi piel\u0119gnacji klasy premium. Urz\u0105dzenie Kosmetyczne Lr Zeitgard Pro to innowacyjne po\u0142\u0105czenie nowoczesnych technologii, skutecznych sk\u0142adnik\u00f3w aktywnych, unikalnych tekstur oraz najwy\u017cszej jako\u015bci \u201eMade in Germany\u201d. Ten kompleksowy zestaw zosta\u0142 opracowany z my\u015bl\u0105 o trwa\u0142ych efektach \u2013 aby sk\u00f3ra nie tylko opiera\u0142a si\u0119 oznakom starzenia, ale z ka\u017cdym dniem wygl\u0105da\u0142a pi\u0119kniej i bardziej promiennie.<\/p>\n<p>Urz\u0105dzenie Kosmetyczne Lr Zeitgard Pro to zaawansowane urz\u0105dzenie high-tech, kt\u00f3re \u0142\u0105czy technologi\u0119 ultrad\u017awi\u0119k\u00f3w i oscylacji z czterema profesjonalnymi ko\u0144c\u00f3wkami kosmetycznymi o jako\u015bci gabinetowej. Inteligentny system automatycznie rozpoznaje pod\u0142\u0105czon\u0105 ko\u0144c\u00f3wk\u0119 i dostosowuje odpowiedni\u0105 technologi\u0119 dzia\u0142ania.<\/p>\n<p><iframe loading=\"lazy\" src=\"\/\/www.youtube.com\/embed\/roZwrxBxnjk?rel=0&amp;showinfo=0\" width=\"1280\" height=\"720\" frameborder=\"0\" allowfullscreen=\"allowfullscreen\"><span data-mce-type=\"bookmark\" style=\"display: inline-block; width: 0px; overflow: hidden; line-height: 0;\" class=\"mce_SELRES_start\">\ufeff<\/span><\/iframe><\/p>\n<p>&nbsp;<\/p>\n<h3><span style=\"font-size: 16pt;\"><strong>Zestaw zawiera:<\/strong><\/span><\/h3>\n<p><strong>Urz\u0105dzenie kosmetyczne Lr Zeitgard Pro:<\/strong> Lr Zeitgard Pro to indywidualnie dopasowany, naukowo opracowany, a jednocze\u015bnie prosty w obs\u0142udze system oczyszczania i piel\u0119gnacji. Odpowiada zar\u00f3wno na potrzeby sk\u00f3ry zwi\u0105zane z wiekiem, jak i na indywidualne problemy piel\u0119gnacyjne.<\/p>\n<p><strong>Ko\u0144c\u00f3wka do Oczyszczania Twarzy:<\/strong> Profesjonalna ko\u0144c\u00f3wka czyszcz\u0105ca z funkcj\u0105 oscylacji, przeznaczona do stosowania z Urz\u0105dzeniem Kosmetycznym Lr Zeitgard Pro. Idealna do codziennego porannego oczyszczania oraz wieczornego usuwania makija\u017cu i zanieczyszcze\u0144. Dok\u0142adne oczyszczanie jest podstaw\u0105 skutecznej piel\u0119gnacji \u2013 tylko czysta sk\u00f3ra mo\u017ce w pe\u0142ni wch\u0142on\u0105\u0107 cenne sk\u0142adniki aktywne aplikowanych p\u00f3\u017aniej kosmetyk\u00f3w.<\/p>\n<p><strong>Ko\u0144c\u00f3wka do Peelingu Twarzy:<\/strong> Intensywna ko\u0144c\u00f3wka peelinguj\u0105ca z technologi\u0105 ultrad\u017awi\u0119k\u00f3w. Wibracje ultrad\u017awi\u0119kowe skutecznie usuwaj\u0105 zanieczyszczenia, zask\u00f3rniki, martwe kom\u00f3rki nask\u00f3rka oraz nadmiar sebum. W po\u0142\u0105czeniu z Urz\u0105dzeniem Kosmetycznym Lr Zeitgard Pro sk\u00f3ra staje si\u0119 wyra\u017anie g\u0142adsza, czystsza i doskonale przygotowana na kolejne etapy piel\u0119gnacji.<\/p>\n<p><strong>Ko\u0144c\u00f3wka Anti Age:<\/strong> Skuteczna ko\u0144c\u00f3wka przeciwstarzeniowa z ultrad\u017awi\u0119kami. Wibracje dzia\u0142aj\u0105 jak pasywny trening mi\u0119\u015bni twarzy, poprawiaj\u0105 kontur, wspieraj\u0105 mikrokr\u0105\u017cenie i stymuluj\u0105 procesy biochemiczne w tkance. Wspomagaj\u0105 produkcj\u0119 kolagenu i elastyny, zwi\u0119kszaj\u0105 j\u0119drno\u015b\u0107 i elastyczno\u015b\u0107 sk\u00f3ry oraz redukuj\u0105 drobne zmarszczki.<\/p>\n<p><strong>Ko\u0144c\u00f3wka do masa\u017cu cia\u0142a:<\/strong> Uj\u0119drniaj\u0105ca ko\u0144c\u00f3wka do masa\u017cu cia\u0142a z ultrad\u017awi\u0119kami i wibracj\u0105. Zaprojektowana z my\u015bl\u0105 o uj\u0119drnianiu sk\u00f3ry ramion, brzucha, ud i po\u015bladk\u00f3w. Polecana kobietom od 25. roku \u017cycia, kt\u00f3re pragn\u0105 g\u0142adkiej sk\u00f3ry bez oznak cellulitu. Wspiera naturalne procesy detoksykacyjne organizmu poprzez uk\u0142ad naczyniowy i limfatyczny.<\/p>\n<p><strong>Wzmacniaj\u0105cy Krem do Cia\u0142a:<\/strong> Krem uj\u0119drniaj\u0105cy z systemem transportu substancji aktywnych zawiera kapsu\u0142kowane sk\u0142adniki wspieraj\u0105ce napi\u0119cie sk\u00f3ry i redukuj\u0105ce jej szorstko\u015b\u0107. Odbudowuje naturaln\u0105 struktur\u0119 kolagenu, intensywnie nawil\u017ca i wzmacnia barier\u0119 ochronn\u0105 dzi\u0119ki pantenolowi i witaminie E. Kwas hialuronowy widocznie wyg\u0142adza sk\u00f3r\u0119, poprawiaj\u0105c jej elastyczno\u015b\u0107 i spr\u0119\u017cysto\u015b\u0107.<\/p>\n<p><strong>Zeitgard Pro Krem do Mycia Twarzy:<\/strong> Krem oczyszczaj\u0105cy w po\u0142\u0105czeniu z ko\u0144c\u00f3wk\u0105 do oczyszczania twarzy delikatnie, ale skutecznie usuwa zanieczyszczenia. Zawiera ekstrakt z Harungana, kt\u00f3ry wspiera regeneracj\u0119 sk\u00f3ry i poprawia jej wygl\u0105d. Efekt: od\u015bwie\u017cona, zrewitalizowana i delikatnie zmatowiona cera.<\/p>\n<p><strong>Tonik do Twarzy Zeitgard Pro:<\/strong> Tonik przywraca sk\u00f3rze r\u00f3wnowag\u0119 po oczyszczaniu i peelingu kawitacyjnym. Z cynkiem, alantoin\u0105 i pantenolem wzmacnia naturaln\u0105 barier\u0119 ochronn\u0105 sk\u00f3ry. Ekstrakt z Harungana dzia\u0142a od\u015bwie\u017caj\u0105co i rewitalizuj\u0105co. Formu\u0142a bez alkoholu odpowiednia dla ka\u017cdego typu sk\u00f3ry przywraca naturalne pH.<\/p>\n<p>Urz\u0105dzenie Kosmetyczne Lr Zeitgard Pro do u\u017cytku domowego z wymiennymi ko\u0144c\u00f3wkami. Patent zg\u0142oszony w Niemczech: nr 10 2022 200 747.6.<\/p>\n","protected":false},"excerpt":{"rendered":"<ul>\n<li class=\"ai-optimize-22\">Zaawansowane urz\u0105dzenie kosmetyczne high-tech z technologi\u0105 ultrad\u017awi\u0119k\u00f3w i oscylacji<\/li>\n<li class=\"ai-optimize-22\">Cztery profesjonalne ko\u0144c\u00f3wki do twarzy i cia\u0142a<\/li>\n<li class=\"ai-optimize-22\">\u0141atwa wymiana ko\u0144c\u00f3wek dzi\u0119ki systemowi klik<\/li>\n<li class=\"ai-optimize-22\">Studio beauty w Twoim domu<\/li>\n<li class=\"ai-optimize-22\">Made in Germany<\/li>\n<\/ul>\n<p style=\"text-align: left;\"><span style=\"color: #ff0000;\"><a style=\"color: #ff0000;\" href=\"https:\/\/shop.lrworld.com\/openpao?PHP=0vFlt7jT938BEnBI3a6e9w%3D%3D\"><span style=\"font-size: 14pt;\"><strong>Zarejestruj si\u0119 i oszcz\u0119dzaj 35% przy ka\u017cdym zam\u00f3wieniu<\/strong><\/span><\/a><\/span><\/p>\n","protected":false},"featured_media":27055,"comment_status":"open","ping_status":"closed","template":"","meta":{"_kad_blocks_custom_css":"","_kad_blocks_head_custom_js":"","_kad_blocks_body_custom_js":"","_kad_blocks_footer_custom_js":"","_kadence_starter_templates_imported_post":false,"_kad_post_transparent":"default","_kad_post_title":"","_kad_post_layout":"default","_kad_post_sidebar_id":"","_kad_post_content_style":"default","_kad_post_vertical_padding":"default","_kad_post_feature":"","_kad_post_feature_position":"","_kad_post_header":false,"_kad_post_footer":false,"_kad_post_classname":""},"product_brand":[],"product_cat":[1072,1071,1070,1069,1080,1073],"product_tag":[1133,1142,1143],"class_list":{"0":"post-29851","1":"product","2":"type-product","3":"status-publish","4":"has-post-thumbnail","6":"product_cat-kobiety-do-40","7":"product_cat-kobiety-po-40","8":"product_cat-mezczyzni-powyzej-25-lat","9":"product_cat-pielegnacja-anti-age","10":"product_cat-zeitgard-pl","11":"product_cat-zeitgard-pro-pl","12":"product_tag-oczyszczanie-twarzy","13":"product_tag-zmarszczki-na-twarzy","14":"product_tag-zmarszczki-pod-oczami","16":"first","17":"instock","18":"taxable","19":"shipping-taxable","20":"purchasable","21":"product-type-simple","22":"entry","23":"content-bg","24":"loop-entry"},"yoast_head":"<!-- This site is optimized with the Yoast SEO Premium plugin v27.3 (Yoast SEO v27.3) - https:\/\/yoast.com\/product\/yoast-seo-premium-wordpress\/ -->\n<title>Urz\u0105dzenie Kosmetyczne Lr Zeitgard Pro \u2013 Salon w Domu<\/title>\n<meta name=\"description\" content=\"Urz\u0105dzenie Kosmetyczne Lr Zeitgard Pro \u2013 Piel\u0119gnacja, Oczyszczanie, Peeling i Wyg\u0142adzanie jak w salonie. Uj\u0119drnij i odm\u0142od\u017a sk\u00f3r\u0119 w domu. Zam\u00f3w dzi\u015b!\" \/>\n<meta name=\"robots\" content=\"index, follow, max-snippet:-1, max-image-preview:large, max-video-preview:-1\" \/>\n<link rel=\"canonical\" href=\"https:\/\/www.lraloeverashop.eu\/pl\/produkt\/urzadzenie-kosmetyczne-lr-zeitgard-pro\/\" \/>\n<meta property=\"og:locale\" content=\"pl_PL\" \/>\n<meta property=\"og:type\" content=\"article\" \/>\n<meta property=\"og:title\" content=\"Urz\u0105dzenie Kosmetyczne Lr Zeitgard Pro\" \/>\n<meta property=\"og:description\" content=\"Urz\u0105dzenie Kosmetyczne Lr Zeitgard Pro \u2013 Piel\u0119gnacja, Oczyszczanie, Peeling i Wyg\u0142adzanie jak w salonie. Uj\u0119drnij i odm\u0142od\u017a sk\u00f3r\u0119 w domu. Zam\u00f3w dzi\u015b!\" \/>\n<meta property=\"og:url\" content=\"https:\/\/www.lraloeverashop.eu\/pl\/produkt\/urzadzenie-kosmetyczne-lr-zeitgard-pro\/\" \/>\n<meta property=\"og:site_name\" content=\"Lr Aloe Vera Shop\" \/>\n<meta property=\"article:publisher\" content=\"https:\/\/www.facebook.com\/lraloeverashop.eu\" \/>\n<meta property=\"article:modified_time\" content=\"2026-02-20T16:17:42+00:00\" \/>\n<meta property=\"og:image\" content=\"https:\/\/www.lraloeverashop.eu\/wp-content\/uploads\/2022\/10\/Zeitgard-Pro-Skin-Care-Set.jpg\" \/>\n\t<meta property=\"og:image:width\" content=\"1200\" \/>\n\t<meta property=\"og:image:height\" content=\"1200\" \/>\n\t<meta property=\"og:image:type\" content=\"image\/jpeg\" \/>\n<meta name=\"twitter:card\" content=\"summary_large_image\" \/>\n<meta name=\"twitter:site\" content=\"@natur__kosmetik\" \/>\n<script type=\"application\/ld+json\" class=\"yoast-schema-graph\">{\"@context\":\"https:\\\/\\\/schema.org\",\"@graph\":[{\"@type\":[\"WebPage\",\"ItemPage\"],\"@id\":\"https:\\\/\\\/www.lraloeverashop.eu\\\/pl\\\/produkt\\\/urzadzenie-kosmetyczne-lr-zeitgard-pro\\\/\",\"url\":\"https:\\\/\\\/www.lraloeverashop.eu\\\/pl\\\/produkt\\\/urzadzenie-kosmetyczne-lr-zeitgard-pro\\\/\",\"name\":\"Urz\u0105dzenie Kosmetyczne Lr Zeitgard Pro \u2013 Salon w Domu\",\"isPartOf\":{\"@id\":\"https:\\\/\\\/www.lraloeverashop.eu\\\/pl\\\/#website\"},\"primaryImageOfPage\":{\"@id\":\"https:\\\/\\\/www.lraloeverashop.eu\\\/pl\\\/produkt\\\/urzadzenie-kosmetyczne-lr-zeitgard-pro\\\/#primaryimage\"},\"image\":{\"@id\":\"https:\\\/\\\/www.lraloeverashop.eu\\\/pl\\\/produkt\\\/urzadzenie-kosmetyczne-lr-zeitgard-pro\\\/#primaryimage\"},\"thumbnailUrl\":\"https:\\\/\\\/www.lraloeverashop.eu\\\/wp-content\\\/uploads\\\/2022\\\/10\\\/Zeitgard-Pro-Skin-Care-Set.jpg\",\"datePublished\":\"2022-10-22T06:09:28+00:00\",\"dateModified\":\"2026-02-20T16:17:42+00:00\",\"description\":\"Urz\u0105dzenie Kosmetyczne Lr Zeitgard Pro \u2013 Piel\u0119gnacja, Oczyszczanie, Peeling i Wyg\u0142adzanie jak w salonie. Uj\u0119drnij i odm\u0142od\u017a sk\u00f3r\u0119 w domu. Zam\u00f3w dzi\u015b!\",\"breadcrumb\":{\"@id\":\"https:\\\/\\\/www.lraloeverashop.eu\\\/pl\\\/produkt\\\/urzadzenie-kosmetyczne-lr-zeitgard-pro\\\/#breadcrumb\"},\"inLanguage\":\"pl-PL\",\"potentialAction\":[{\"@type\":\"ReadAction\",\"target\":[\"https:\\\/\\\/www.lraloeverashop.eu\\\/pl\\\/produkt\\\/urzadzenie-kosmetyczne-lr-zeitgard-pro\\\/\"]}]},{\"@type\":\"ImageObject\",\"inLanguage\":\"pl-PL\",\"@id\":\"https:\\\/\\\/www.lraloeverashop.eu\\\/pl\\\/produkt\\\/urzadzenie-kosmetyczne-lr-zeitgard-pro\\\/#primaryimage\",\"url\":\"https:\\\/\\\/www.lraloeverashop.eu\\\/wp-content\\\/uploads\\\/2022\\\/10\\\/Zeitgard-Pro-Skin-Care-Set.jpg\",\"contentUrl\":\"https:\\\/\\\/www.lraloeverashop.eu\\\/wp-content\\\/uploads\\\/2022\\\/10\\\/Zeitgard-Pro-Skin-Care-Set.jpg\",\"width\":1200,\"height\":1200,\"caption\":\"Urz\u0105dzenie kosmetyczne Lr Zeitgard Pro do piel\u0119gnacji sk\u00f3ry\"},{\"@type\":\"BreadcrumbList\",\"@id\":\"https:\\\/\\\/www.lraloeverashop.eu\\\/pl\\\/produkt\\\/urzadzenie-kosmetyczne-lr-zeitgard-pro\\\/#breadcrumb\",\"itemListElement\":[{\"@type\":\"ListItem\",\"position\":1,\"name\":\"Home\",\"item\":\"https:\\\/\\\/www.lraloeverashop.eu\\\/pl\\\/\"},{\"@type\":\"ListItem\",\"position\":2,\"name\":\"Sklep\",\"item\":\"https:\\\/\\\/www.lraloeverashop.eu\\\/shop\\\/\"},{\"@type\":\"ListItem\",\"position\":3,\"name\":\"Urz\u0105dzenie Kosmetyczne Lr Zeitgard Pro\"}]},{\"@type\":\"WebSite\",\"@id\":\"https:\\\/\\\/www.lraloeverashop.eu\\\/pl\\\/#website\",\"url\":\"https:\\\/\\\/www.lraloeverashop.eu\\\/pl\\\/\",\"name\":\"Lr Aloe Vera Shop\",\"description\":\"High Quality Lr Aloe Vera Gel, Aloe Vera Cream and Shampoo\",\"publisher\":{\"@id\":\"https:\\\/\\\/www.lraloeverashop.eu\\\/pl\\\/#organization\"},\"potentialAction\":[{\"@type\":\"SearchAction\",\"target\":{\"@type\":\"EntryPoint\",\"urlTemplate\":\"https:\\\/\\\/www.lraloeverashop.eu\\\/pl\\\/?s={search_term_string}\"},\"query-input\":{\"@type\":\"PropertyValueSpecification\",\"valueRequired\":true,\"valueName\":\"search_term_string\"}}],\"inLanguage\":\"pl-PL\"},{\"@type\":\"Organization\",\"@id\":\"https:\\\/\\\/www.lraloeverashop.eu\\\/pl\\\/#organization\",\"name\":\"Lr Aloe Vera Shop\",\"alternateName\":\"LR\",\"url\":\"https:\\\/\\\/www.lraloeverashop.eu\\\/pl\\\/\",\"logo\":{\"@type\":\"ImageObject\",\"inLanguage\":\"pl-PL\",\"@id\":\"https:\\\/\\\/www.lraloeverashop.eu\\\/pl\\\/#\\\/schema\\\/logo\\\/image\\\/\",\"url\":\"https:\\\/\\\/www.lraloeverashop.eu\\\/wp-content\\\/uploads\\\/2022\\\/09\\\/cropped-Lr-Aloe-Vera-Shop.jpg\",\"contentUrl\":\"https:\\\/\\\/www.lraloeverashop.eu\\\/wp-content\\\/uploads\\\/2022\\\/09\\\/cropped-Lr-Aloe-Vera-Shop.jpg\",\"width\":228,\"height\":76,\"caption\":\"Lr Aloe Vera Shop\"},\"image\":{\"@id\":\"https:\\\/\\\/www.lraloeverashop.eu\\\/pl\\\/#\\\/schema\\\/logo\\\/image\\\/\"},\"sameAs\":[\"https:\\\/\\\/www.facebook.com\\\/lraloeverashop.eu\",\"https:\\\/\\\/x.com\\\/natur__kosmetik\",\"https:\\\/\\\/www.youtube.com\\\/channel\\\/UC5oN7BJ8nfYb8RpVtjwDEBA\",\"https:\\\/\\\/www.instagram.com\\\/lrbeautyeu\\\/\"]}]}<\/script>\n<meta property=\"product:price:amount\" content=\"589.99\" \/>\n<meta property=\"product:price:currency\" content=\"EUR\" \/>\n<meta property=\"og:availability\" content=\"instock\" \/>\n<meta property=\"product:availability\" content=\"instock\" \/>\n<meta property=\"product:retailer_item_id\" content=\"70111-1PL\" \/>\n<meta property=\"product:condition\" content=\"new\" \/>\n<!-- \/ Yoast SEO Premium plugin. -->","yoast_head_json":{"title":"Urz\u0105dzenie Kosmetyczne Lr Zeitgard Pro \u2013 Salon w Domu","description":"Urz\u0105dzenie Kosmetyczne Lr Zeitgard Pro \u2013 Piel\u0119gnacja, Oczyszczanie, Peeling i Wyg\u0142adzanie jak w salonie. Uj\u0119drnij i odm\u0142od\u017a sk\u00f3r\u0119 w domu. Zam\u00f3w dzi\u015b!","robots":{"index":"index","follow":"follow","max-snippet":"max-snippet:-1","max-image-preview":"max-image-preview:large","max-video-preview":"max-video-preview:-1"},"canonical":"https:\/\/www.lraloeverashop.eu\/pl\/produkt\/urzadzenie-kosmetyczne-lr-zeitgard-pro\/","og_locale":"pl_PL","og_type":"article","og_title":"Urz\u0105dzenie Kosmetyczne Lr Zeitgard Pro","og_description":"Urz\u0105dzenie Kosmetyczne Lr Zeitgard Pro \u2013 Piel\u0119gnacja, Oczyszczanie, Peeling i Wyg\u0142adzanie jak w salonie. Uj\u0119drnij i odm\u0142od\u017a sk\u00f3r\u0119 w domu. Zam\u00f3w dzi\u015b!","og_url":"https:\/\/www.lraloeverashop.eu\/pl\/produkt\/urzadzenie-kosmetyczne-lr-zeitgard-pro\/","og_site_name":"Lr Aloe Vera Shop","article_publisher":"https:\/\/www.facebook.com\/lraloeverashop.eu","article_modified_time":"2026-02-20T16:17:42+00:00","og_image":[{"width":1200,"height":1200,"url":"https:\/\/www.lraloeverashop.eu\/wp-content\/uploads\/2022\/10\/Zeitgard-Pro-Skin-Care-Set.jpg","type":"image\/jpeg"}],"twitter_card":"summary_large_image","twitter_site":"@natur__kosmetik","schema":{"@context":"https:\/\/schema.org","@graph":[{"@type":["WebPage","ItemPage"],"@id":"https:\/\/www.lraloeverashop.eu\/pl\/produkt\/urzadzenie-kosmetyczne-lr-zeitgard-pro\/","url":"https:\/\/www.lraloeverashop.eu\/pl\/produkt\/urzadzenie-kosmetyczne-lr-zeitgard-pro\/","name":"Urz\u0105dzenie Kosmetyczne Lr Zeitgard Pro \u2013 Salon w Domu","isPartOf":{"@id":"https:\/\/www.lraloeverashop.eu\/pl\/#website"},"primaryImageOfPage":{"@id":"https:\/\/www.lraloeverashop.eu\/pl\/produkt\/urzadzenie-kosmetyczne-lr-zeitgard-pro\/#primaryimage"},"image":{"@id":"https:\/\/www.lraloeverashop.eu\/pl\/produkt\/urzadzenie-kosmetyczne-lr-zeitgard-pro\/#primaryimage"},"thumbnailUrl":"https:\/\/www.lraloeverashop.eu\/wp-content\/uploads\/2022\/10\/Zeitgard-Pro-Skin-Care-Set.jpg","datePublished":"2022-10-22T06:09:28+00:00","dateModified":"2026-02-20T16:17:42+00:00","description":"Urz\u0105dzenie Kosmetyczne Lr Zeitgard Pro \u2013 Piel\u0119gnacja, Oczyszczanie, Peeling i Wyg\u0142adzanie jak w salonie. Uj\u0119drnij i odm\u0142od\u017a sk\u00f3r\u0119 w domu. Zam\u00f3w dzi\u015b!","breadcrumb":{"@id":"https:\/\/www.lraloeverashop.eu\/pl\/produkt\/urzadzenie-kosmetyczne-lr-zeitgard-pro\/#breadcrumb"},"inLanguage":"pl-PL","potentialAction":[{"@type":"ReadAction","target":["https:\/\/www.lraloeverashop.eu\/pl\/produkt\/urzadzenie-kosmetyczne-lr-zeitgard-pro\/"]}]},{"@type":"ImageObject","inLanguage":"pl-PL","@id":"https:\/\/www.lraloeverashop.eu\/pl\/produkt\/urzadzenie-kosmetyczne-lr-zeitgard-pro\/#primaryimage","url":"https:\/\/www.lraloeverashop.eu\/wp-content\/uploads\/2022\/10\/Zeitgard-Pro-Skin-Care-Set.jpg","contentUrl":"https:\/\/www.lraloeverashop.eu\/wp-content\/uploads\/2022\/10\/Zeitgard-Pro-Skin-Care-Set.jpg","width":1200,"height":1200,"caption":"Urz\u0105dzenie kosmetyczne Lr Zeitgard Pro do piel\u0119gnacji sk\u00f3ry"},{"@type":"BreadcrumbList","@id":"https:\/\/www.lraloeverashop.eu\/pl\/produkt\/urzadzenie-kosmetyczne-lr-zeitgard-pro\/#breadcrumb","itemListElement":[{"@type":"ListItem","position":1,"name":"Home","item":"https:\/\/www.lraloeverashop.eu\/pl\/"},{"@type":"ListItem","position":2,"name":"Sklep","item":"https:\/\/www.lraloeverashop.eu\/shop\/"},{"@type":"ListItem","position":3,"name":"Urz\u0105dzenie Kosmetyczne Lr Zeitgard Pro"}]},{"@type":"WebSite","@id":"https:\/\/www.lraloeverashop.eu\/pl\/#website","url":"https:\/\/www.lraloeverashop.eu\/pl\/","name":"Lr Aloe Vera Shop","description":"High Quality Lr Aloe Vera Gel, Aloe Vera Cream and Shampoo","publisher":{"@id":"https:\/\/www.lraloeverashop.eu\/pl\/#organization"},"potentialAction":[{"@type":"SearchAction","target":{"@type":"EntryPoint","urlTemplate":"https:\/\/www.lraloeverashop.eu\/pl\/?s={search_term_string}"},"query-input":{"@type":"PropertyValueSpecification","valueRequired":true,"valueName":"search_term_string"}}],"inLanguage":"pl-PL"},{"@type":"Organization","@id":"https:\/\/www.lraloeverashop.eu\/pl\/#organization","name":"Lr Aloe Vera Shop","alternateName":"LR","url":"https:\/\/www.lraloeverashop.eu\/pl\/","logo":{"@type":"ImageObject","inLanguage":"pl-PL","@id":"https:\/\/www.lraloeverashop.eu\/pl\/#\/schema\/logo\/image\/","url":"https:\/\/www.lraloeverashop.eu\/wp-content\/uploads\/2022\/09\/cropped-Lr-Aloe-Vera-Shop.jpg","contentUrl":"https:\/\/www.lraloeverashop.eu\/wp-content\/uploads\/2022\/09\/cropped-Lr-Aloe-Vera-Shop.jpg","width":228,"height":76,"caption":"Lr Aloe Vera Shop"},"image":{"@id":"https:\/\/www.lraloeverashop.eu\/pl\/#\/schema\/logo\/image\/"},"sameAs":["https:\/\/www.facebook.com\/lraloeverashop.eu","https:\/\/x.com\/natur__kosmetik","https:\/\/www.youtube.com\/channel\/UC5oN7BJ8nfYb8RpVtjwDEBA","https:\/\/www.instagram.com\/lrbeautyeu\/"]}]},"product_price_amount":"589.99","product_price_currency":"EUR","og_availability":"instock","product_availability":"instock","product_retailer_item_id":"70111-1PL","product_condition":"new"},"taxonomy_info":{"product_cat":[{"value":1072,"label":"Kobiety do 40"},{"value":1071,"label":"Kobiety po 40"},{"value":1070,"label":"M\u0119\u017cczy\u017ani powy\u017cej 25 lat"},{"value":1069,"label":"Piel\u0119gnacja Anti Age"},{"value":1080,"label":"Zeitgard"},{"value":1073,"label":"Zeitgard Pro"}],"product_tag":[{"value":1133,"label":"oczyszczanie twarzy"},{"value":1142,"label":"zmarszczki na twarzy"},{"value":1143,"label":"zmarszczki pod oczami"}]},"featured_image_src_large":["https:\/\/www.lraloeverashop.eu\/wp-content\/uploads\/2022\/10\/Zeitgard-Pro-Skin-Care-Set-1024x1024.jpg",1024,1024,true],"author_info":[],"comment_info":0,"_links":{"self":[{"href":"https:\/\/www.lraloeverashop.eu\/pl\/wp-json\/wp\/v2\/product\/29851","targetHints":{"allow":["GET"]}}],"collection":[{"href":"https:\/\/www.lraloeverashop.eu\/pl\/wp-json\/wp\/v2\/product"}],"about":[{"href":"https:\/\/www.lraloeverashop.eu\/pl\/wp-json\/wp\/v2\/types\/product"}],"replies":[{"embeddable":true,"href":"https:\/\/www.lraloeverashop.eu\/pl\/wp-json\/wp\/v2\/comments?post=29851"}],"wp:featuredmedia":[{"embeddable":true,"href":"https:\/\/www.lraloeverashop.eu\/pl\/wp-json\/wp\/v2\/media\/27055"}],"wp:attachment":[{"href":"https:\/\/www.lraloeverashop.eu\/pl\/wp-json\/wp\/v2\/media?parent=29851"}],"wp:term":[{"taxonomy":"product_brand","embeddable":true,"href":"https:\/\/www.lraloeverashop.eu\/pl\/wp-json\/wp\/v2\/product_brand?post=29851"},{"taxonomy":"product_cat","embeddable":true,"href":"https:\/\/www.lraloeverashop.eu\/pl\/wp-json\/wp\/v2\/product_cat?post=29851"},{"taxonomy":"product_tag","embeddable":true,"href":"https:\/\/www.lraloeverashop.eu\/pl\/wp-json\/wp\/v2\/product_tag?post=29851"}],"curies":[{"name":"wp","href":"https:\/\/api.w.org\/{rel}","templated":true}]}}