{"id":29847,"date":"2023-01-06T21:18:52","date_gmt":"2023-01-06T20:18:52","guid":{"rendered":"https:\/\/www.lraloeverashop.eu\/product\/mind-master-extreme-energetyk\/"},"modified":"2026-04-29T20:28:12","modified_gmt":"2026-04-29T18:28:12","slug":"mind-master-extreme-energetyk","status":"publish","type":"product","link":"https:\/\/www.lraloeverashop.eu\/pl\/produkt\/mind-master-extreme-energetyk\/","title":{"rendered":"Mind Master Extreme Energetyk"},"content":{"rendered":"<h2><strong><span style=\"font-size: 16pt;\">Mind Master Extreme Energetyk<\/span><\/strong><\/h2>\n<p><strong><span style=\"font-size: 14pt;\">Mind Master Extreme Energetyk \u2013 Natychmiastowa Moc z Guaran\u0105 i Zielon\u0105 Herbat\u0105<\/span><\/strong><\/p>\n<p>Mind Master Extreme Energetyk w limitowanej ofercie to skoncentrowana dawka energii w praktycznym formacie \u201eto-go\u201d. Wystarczy rozerwa\u0107 saszetk\u0119, wsypa\u0107 zawarto\u015b\u0107 bezpo\u015brednio do ust \u2013 bez wody \u2013 i natychmiast rozpocz\u0105\u0107 dzia\u0142anie z pe\u0142n\u0105 moc\u0105. Ta innowacyjna formu\u0142a 2-w-1 zapewnia nie tylko intensywny zastrzyk energii, ale r\u00f3wnie\u017c ochron\u0119 przed stresem oksydacyjnym dzi\u0119ki skutecznym antyoksydantom.<\/p>\n<p>Formu\u0142a z guaran\u0105 dostarcza szybki, efektywny i \u201ezdrowy\u201d <a href=\"https:\/\/www.lraloeverashop.eu\/pl\/produkt\/mind-master-proszek-z-guarana\/\"><strong>impuls energetyczny dla umys\u0142u<\/strong><\/a> i cia\u0142a<span style=\"font-size: 14pt;\"><span style=\"font-size: 10pt;\"><sup>1,2,3,4<\/sup><\/span><\/span>. Por\u0119czna saszetka zmie\u015bci si\u0119 w ka\u017cdej kieszeni, dzi\u0119ki czemu mo\u017cesz mie\u0107 j\u0105 zawsze pod r\u0119k\u0105 \u2013 w pracy, na si\u0142owni, w podr\u00f3\u017cy czy przed wa\u017cnym spotkaniem.<\/p>\n<p>&nbsp;<\/p>\n<p style=\"text-align: left;\"><strong><span style=\"font-size: 14pt;\">Mind Master Extreme Energetyk &#8211; Ekstremalny zastrzyk energii dla umys\u0142u<span style=\"font-size: 10pt;\"><sup>4,5<\/sup><\/span>:<\/span><\/strong><\/p>\n<p><span style=\"color: #0000ff;\">\u2714<\/span> Pobudzenie w bardzo kr\u00f3tkim czasie<span style=\"font-size: 14pt;\"><span style=\"font-size: 10pt;\"><sup>1,2,3<\/sup><\/span><\/span><br \/>\n<span style=\"color: #0000ff;\">\u2714<\/span> Zwi\u0119kszona koncentracja i wydajno\u015b\u0107<span style=\"font-size: 14pt;\"><span style=\"font-size: 10pt;\"><sup>1,2,4<\/sup><\/span><\/span><br \/>\n<span style=\"color: #0000ff;\">\u2714<\/span> Wsparcie funkcji psychicznych dzi\u0119ki witaminom z grupy B<span style=\"font-size: 14pt;\"><span style=\"font-size: 10pt;\"><sup>4<\/sup><\/span><\/span><\/p>\n<p>&nbsp;<\/p>\n<p style=\"text-align: left;\"><strong><span style=\"font-size: 14pt;\">Ekstremalny zastrzyk energii dla cia\u0142a<span style=\"font-size: 10pt;\"><sup>1,2,3,5,6<\/sup><\/span><\/span><\/strong><\/p>\n<p><span style=\"color: #0000ff;\">\u2714<\/span> Szybkie uczucie witalno\u015bci<span style=\"font-size: 10pt;\"><sup>1,2<\/sup><\/span><br \/>\n<span style=\"color: #0000ff;\">\u2714<\/span> Wzrost wytrzyma\u0142o\u015bci i wydolno\u015bci<span style=\"font-size: 10pt;\"><sup>2,3<\/sup><\/span><br \/>\n<span style=\"color: #0000ff;\">\u2714<\/span> Wsparcie prawid\u0142owego funkcjonowania mi\u0119\u015bni<span style=\"font-size: 10pt;\"><sup>6<\/sup><\/span><\/p>\n<h3><strong><span style=\"font-size: 16pt;\">Sk\u0142adniki aktywne \u2013 naturalne super boostery<\/span><\/strong><\/h3>\n<p>Mind Master Extreme Energetyk zawiera starannie skomponowan\u0105 mieszank\u0119 sk\u0142adnik\u00f3w aktywnych, takich jak kofeina z guarany, ekstrakt z zielonej herbaty, tauryna, inozytol, aminokwasy BCAA, kompleks witamin i minera\u0142\u00f3w oraz koenzym Q10. To synergiczne po\u0142\u0105czenie zosta\u0142o opracowane, aby zapewni\u0107 szybkie i skuteczne wsparcie energii, koncentracji oraz <a href=\"https:\/\/www.lraloeverashop.eu\/pl\/produkt\/bialko-w-proszku-protein-power\/\"><strong>wydolno\u015bci organizmu<\/strong><\/a>.<\/p>\n<p>Jedna saszetka zawiera wi\u0119cej kofeiny ni\u017c fili\u017canka espresso lub tradycyjny nap\u00f3j energetyczny, dzi\u0119ki czemu dostarcza intensywnego impulsu pobudzaj\u0105cego w kr\u00f3tkim czasie. Dodatkowo Mind Master pokrywa 100% dziennego zapotrzebowania na sze\u015b\u0107 kluczowych witamin, w tym witamin\u0119 D, E oraz B12.<\/p>\n<p>Formu\u0142a jest wolna od cukru, glutenu i laktozy, a jej owocowy smak granatu sprawia, \u017ce spo\u017cycie jest przyjemne i wygodne \u2013 zawsze wtedy, gdy potrzebujesz <a href=\"https:\/\/www.lraloeverashop.eu\/pl\/mind-master-extreme-energetyk\/\"><strong>natychmiastowej energii<\/strong><\/a>.<\/p>\n<p>&nbsp;<\/p>\n<h3><strong><span style=\"font-size: 16pt;\">Jak stosowa\u0107 Mind Master Extreme Energetyk<\/span><\/strong><\/h3>\n<p>Rozerwij saszetk\u0119 i spo\u017cyj zawarto\u015b\u0107 bezpo\u015brednio \u2013 bez popijania wod\u0105. Idealne rozwi\u0105zanie, gdy potrzebujesz natychmiastowej energii.<\/p>\n<p>&nbsp;<\/p>\n<h3><strong><span style=\"font-size: 16pt;\">O\u015bwiadczenia zdrowotne:<\/span><\/strong><\/h3>\n<p>1) Witamina B12 pomaga zmniejszy\u0107 uczucie zm\u0119czenia i znu\u017cenia.<br \/>\n2) Kofeina z guarany pomaga zwi\u0119kszy\u0107 <a href=\"https:\/\/www.lraloeverashop.eu\/pl\/produkt\/mind-master-extreme-z-guarana\/\"><strong>czujno\u015b\u0107, koncentracj\u0119 i wydolno\u015b\u0107<\/strong><\/a>.<br \/>\n3) Witamina C przyczynia si\u0119 do prawid\u0142owego metabolizmu energetycznego.<br \/>\n4) Tiamina, witamina B6 i witamina B12 wspieraj\u0105 prawid\u0142owe funkcje psychiczne.<br \/>\n5) Witamina E, witamina C i selen pomagaj\u0105 chroni\u0107 kom\u00f3rki przed stresem oksydacyjnym.<br \/>\n6) Witamina D przyczynia si\u0119 do prawid\u0142owego funkcjonowania mi\u0119\u015bni.<\/p>\n","protected":false},"excerpt":{"rendered":"<ul>\n<li><span style=\"color: #ff0000;\"><strong>Oferta limitowana<\/strong><\/span><\/li>\n<li>Mocny zastrzyk energii dla umys\u0142u i cia\u0142a<span style=\"font-size: 10pt;\"><sup>2,3,4<\/sup><\/span><\/li>\n<li>Ochrona przed stresem oksydacyjnym<span style=\"font-size: 10pt;\"><sup>,1<\/sup><\/span><\/li>\n<li>Z naturalnymi boosterami: guarana i ekstrakt z zielonej herbaty<\/li>\n<li>Bez cukru<\/li>\n<li>Do bezpo\u015bredniego spo\u017cycia \u2013 bez wody<\/li>\n<li>Zawarto\u015b\u0107: 2 x 35g<\/li>\n<\/ul>\n<p style=\"text-align: left;\"><span style=\"color: #ff0000;\"><a style=\"color: #ff0000;\" href=\"https:\/\/shop.lrworld.com\/openpao?PHP=0vFlt7jT938BEnBI3a6e9w%3D%3D\"><span style=\"font-size: 14pt;\"><strong>Zarejestruj si\u0119 i oszcz\u0119dzaj 35% przy ka\u017cdym zam\u00f3wieniu<\/strong><\/span><\/a><\/span><\/p>\n","protected":false},"featured_media":27024,"comment_status":"open","ping_status":"closed","template":"","meta":{"_kad_blocks_custom_css":"","_kad_blocks_head_custom_js":"","_kad_blocks_body_custom_js":"","_kad_blocks_footer_custom_js":"","_kadence_starter_templates_imported_post":false,"_kad_post_transparent":"default","_kad_post_title":"","_kad_post_layout":"default","_kad_post_sidebar_id":"","_kad_post_content_style":"default","_kad_post_vertical_padding":"default","_kad_post_feature":"","_kad_post_feature_position":"","_kad_post_header":false,"_kad_post_footer":false,"_kad_post_classname":""},"product_brand":[],"product_cat":[1096,1090,1091,1100,1106],"product_tag":[1131],"class_list":{"0":"post-29847","1":"product","2":"type-product","3":"status-publish","4":"has-post-thumbnail","6":"product_cat-mind-master-pl","7":"product_cat-oferty","8":"product_cat-produkty-specjalne","9":"product_cat-specjalisci","10":"product_cat-wydajnosc-energia","11":"product_tag-energia-pl","13":"first","14":"outofstock","15":"sale","16":"taxable","17":"shipping-taxable","18":"purchasable","19":"product-type-simple","20":"entry","21":"content-bg","22":"loop-entry"},"yoast_head":"<!-- This site is optimized with the Yoast SEO Premium plugin v27.5 (Yoast SEO v27.5) - https:\/\/yoast.com\/product\/yoast-seo-premium-wordpress\/ -->\n<title>Mind Master Extreme Energetyk \u2013 Obud\u017a Sw\u00f3j Potencja\u0142<\/title>\n<meta name=\"description\" content=\"Mind Master Extreme Energetyk z guaran\u0105 i zielon\u0105 herbat\u0105. Natychmiastowa energia, koncentracja i ochrona antyoksydacyjna. Bez cukru \u2013 kup teraz!\" \/>\n<meta name=\"robots\" content=\"index, follow, max-snippet:-1, max-image-preview:large, max-video-preview:-1\" \/>\n<link rel=\"canonical\" href=\"https:\/\/www.lraloeverashop.eu\/pl\/produkt\/mind-master-extreme-energetyk\/\" \/>\n<meta property=\"og:locale\" content=\"pl_PL\" \/>\n<meta property=\"og:type\" content=\"article\" \/>\n<meta property=\"og:title\" content=\"Mind Master Extreme Energetyk\" \/>\n<meta property=\"og:description\" content=\"Mind Master Extreme Energetyk z guaran\u0105 i zielon\u0105 herbat\u0105. Natychmiastowa energia, koncentracja i ochrona antyoksydacyjna. Bez cukru \u2013 kup teraz!\" \/>\n<meta property=\"og:url\" content=\"https:\/\/www.lraloeverashop.eu\/pl\/produkt\/mind-master-extreme-energetyk\/\" \/>\n<meta property=\"og:site_name\" content=\"Lr Aloe Vera Shop\" \/>\n<meta property=\"article:publisher\" content=\"https:\/\/www.facebook.com\/lraloeverashop.eu\" \/>\n<meta property=\"article:modified_time\" content=\"2026-04-29T18:28:12+00:00\" \/>\n<meta property=\"og:image\" content=\"https:\/\/www.lraloeverashop.eu\/wp-content\/uploads\/2023\/01\/Mind-Master-Extreme-Limited-Offer.jpg\" \/>\n\t<meta property=\"og:image:width\" content=\"1200\" \/>\n\t<meta property=\"og:image:height\" content=\"1200\" \/>\n\t<meta property=\"og:image:type\" content=\"image\/jpeg\" \/>\n<meta name=\"twitter:card\" content=\"summary_large_image\" \/>\n<meta name=\"twitter:site\" content=\"@natur__kosmetik\" \/>\n<script type=\"application\/ld+json\" class=\"yoast-schema-graph\">{\"@context\":\"https:\\\/\\\/schema.org\",\"@graph\":[{\"@type\":[\"WebPage\",\"ItemPage\"],\"@id\":\"https:\\\/\\\/www.lraloeverashop.eu\\\/pl\\\/produkt\\\/mind-master-extreme-energetyk\\\/\",\"url\":\"https:\\\/\\\/www.lraloeverashop.eu\\\/pl\\\/produkt\\\/mind-master-extreme-energetyk\\\/\",\"name\":\"Mind Master Extreme Energetyk \u2013 Obud\u017a Sw\u00f3j Potencja\u0142\",\"isPartOf\":{\"@id\":\"https:\\\/\\\/www.lraloeverashop.eu\\\/pl\\\/#website\"},\"primaryImageOfPage\":{\"@id\":\"https:\\\/\\\/www.lraloeverashop.eu\\\/pl\\\/produkt\\\/mind-master-extreme-energetyk\\\/#primaryimage\"},\"image\":{\"@id\":\"https:\\\/\\\/www.lraloeverashop.eu\\\/pl\\\/produkt\\\/mind-master-extreme-energetyk\\\/#primaryimage\"},\"thumbnailUrl\":\"https:\\\/\\\/www.lraloeverashop.eu\\\/wp-content\\\/uploads\\\/2023\\\/01\\\/Mind-Master-Extreme-Limited-Offer.jpg\",\"datePublished\":\"2023-01-06T20:18:52+00:00\",\"dateModified\":\"2026-04-29T18:28:12+00:00\",\"description\":\"Mind Master Extreme Energetyk z guaran\u0105 i zielon\u0105 herbat\u0105. Natychmiastowa energia, koncentracja i ochrona antyoksydacyjna. Bez cukru \u2013 kup teraz!\",\"breadcrumb\":{\"@id\":\"https:\\\/\\\/www.lraloeverashop.eu\\\/pl\\\/produkt\\\/mind-master-extreme-energetyk\\\/#breadcrumb\"},\"inLanguage\":\"pl-PL\",\"potentialAction\":[{\"@type\":\"ReadAction\",\"target\":[\"https:\\\/\\\/www.lraloeverashop.eu\\\/pl\\\/produkt\\\/mind-master-extreme-energetyk\\\/\"]}]},{\"@type\":\"ImageObject\",\"inLanguage\":\"pl-PL\",\"@id\":\"https:\\\/\\\/www.lraloeverashop.eu\\\/pl\\\/produkt\\\/mind-master-extreme-energetyk\\\/#primaryimage\",\"url\":\"https:\\\/\\\/www.lraloeverashop.eu\\\/wp-content\\\/uploads\\\/2023\\\/01\\\/Mind-Master-Extreme-Limited-Offer.jpg\",\"contentUrl\":\"https:\\\/\\\/www.lraloeverashop.eu\\\/wp-content\\\/uploads\\\/2023\\\/01\\\/Mind-Master-Extreme-Limited-Offer.jpg\",\"width\":1200,\"height\":1200,\"caption\":\"Mind Master Extreme Energetyk w limitowanej ofercie z Guaran\u0105\"},{\"@type\":\"BreadcrumbList\",\"@id\":\"https:\\\/\\\/www.lraloeverashop.eu\\\/pl\\\/produkt\\\/mind-master-extreme-energetyk\\\/#breadcrumb\",\"itemListElement\":[{\"@type\":\"ListItem\",\"position\":1,\"name\":\"Home\",\"item\":\"https:\\\/\\\/www.lraloeverashop.eu\\\/pl\\\/\"},{\"@type\":\"ListItem\",\"position\":2,\"name\":\"Sklep\",\"item\":\"https:\\\/\\\/www.lraloeverashop.eu\\\/pl\\\/sklep\\\/\"},{\"@type\":\"ListItem\",\"position\":3,\"name\":\"Mind Master Extreme Energetyk\"}]},{\"@type\":\"WebSite\",\"@id\":\"https:\\\/\\\/www.lraloeverashop.eu\\\/pl\\\/#website\",\"url\":\"https:\\\/\\\/www.lraloeverashop.eu\\\/pl\\\/\",\"name\":\"Lr Aloe Vera Shop\",\"description\":\"High Quality Lr Aloe Vera Gel, Aloe Vera Cream and Shampoo\",\"publisher\":{\"@id\":\"https:\\\/\\\/www.lraloeverashop.eu\\\/pl\\\/#organization\"},\"alternateName\":\"LR\",\"potentialAction\":[{\"@type\":\"SearchAction\",\"target\":{\"@type\":\"EntryPoint\",\"urlTemplate\":\"https:\\\/\\\/www.lraloeverashop.eu\\\/pl\\\/?s={search_term_string}\"},\"query-input\":{\"@type\":\"PropertyValueSpecification\",\"valueRequired\":true,\"valueName\":\"search_term_string\"}}],\"inLanguage\":\"pl-PL\"},{\"@type\":\"Organization\",\"@id\":\"https:\\\/\\\/www.lraloeverashop.eu\\\/pl\\\/#organization\",\"name\":\"Sklep Lr Aloe Vera\",\"alternateName\":\"LR\",\"url\":\"https:\\\/\\\/www.lraloeverashop.eu\\\/pl\\\/\",\"logo\":{\"@type\":\"ImageObject\",\"inLanguage\":\"pl-PL\",\"@id\":\"https:\\\/\\\/www.lraloeverashop.eu\\\/pl\\\/#\\\/schema\\\/logo\\\/image\\\/\",\"url\":\"https:\\\/\\\/www.lraloeverashop.eu\\\/wp-content\\\/uploads\\\/2022\\\/09\\\/cropped-Lr-Aloe-Vera-Shop.jpg\",\"contentUrl\":\"https:\\\/\\\/www.lraloeverashop.eu\\\/wp-content\\\/uploads\\\/2022\\\/09\\\/cropped-Lr-Aloe-Vera-Shop.jpg\",\"width\":228,\"height\":76,\"caption\":\"Sklep Lr Aloe Vera\"},\"image\":{\"@id\":\"https:\\\/\\\/www.lraloeverashop.eu\\\/pl\\\/#\\\/schema\\\/logo\\\/image\\\/\"},\"sameAs\":[\"https:\\\/\\\/www.facebook.com\\\/lraloeverashop.eu\",\"https:\\\/\\\/x.com\\\/natur__kosmetik\",\"https:\\\/\\\/www.youtube.com\\\/channel\\\/UC5oN7BJ8nfYb8RpVtjwDEBA\",\"https:\\\/\\\/www.instagram.com\\\/lrbeautyeu\\\/\"],\"description\":\"Sklep LR Aloe Vera to Twoje zaufane \u017ar\u00f3d\u0142o wysokiej jako\u015bci produkt\u00f3w LR Health & Beauty wyprodukowanych w Niemczech. Oferujemy wysokiej jako\u015bci produkty do piel\u0119gnacji sk\u00f3ry, od\u017cywiania i przeciwstarzeniowe z aloesem, stworzone z czystych sk\u0142adnik\u00f3w i poparte badaniami naukowymi. Odkryj naturaln\u0105 piel\u0119gnacj\u0119, kt\u00f3ra regeneruje, chroni i rewitalizuje Twoj\u0105 sk\u00f3r\u0119 \u2014 i korzystaj z ekskluzywnych comiesi\u0119cznych ofert na nasze bestsellerowe produkty LR Aloe Vera.\\nRozpocznij swoj\u0105 naturaln\u0105 piel\u0119gnacj\u0119 sk\u00f3ry ju\u017c dzi\u015b i poczuj r\u00f3\u017cnic\u0119.\",\"email\":\"info@lraloeverashop.eu\",\"telephone\":\"+49 17670609653\",\"legalName\":\"Lr Aloe Vera Shop\",\"foundingDate\":\"2018-04-21\",\"numberOfEmployees\":{\"@type\":\"QuantitativeValue\",\"minValue\":\"1\",\"maxValue\":\"10\"}}]}<\/script>\n<meta property=\"product:price:amount\" content=\"56.99\" \/>\n<meta property=\"product:price:currency\" content=\"EUR\" \/>\n<meta property=\"og:availability\" content=\"out of stock\" \/>\n<meta property=\"product:availability\" content=\"out of stock\" \/>\n<meta property=\"product:retailer_item_id\" content=\"80982-101PL\" \/>\n<meta property=\"product:condition\" content=\"new\" \/>\n<!-- \/ Yoast SEO Premium plugin. -->","yoast_head_json":{"title":"Mind Master Extreme Energetyk \u2013 Obud\u017a Sw\u00f3j Potencja\u0142","description":"Mind Master Extreme Energetyk z guaran\u0105 i zielon\u0105 herbat\u0105. Natychmiastowa energia, koncentracja i ochrona antyoksydacyjna. Bez cukru \u2013 kup teraz!","robots":{"index":"index","follow":"follow","max-snippet":"max-snippet:-1","max-image-preview":"max-image-preview:large","max-video-preview":"max-video-preview:-1"},"canonical":"https:\/\/www.lraloeverashop.eu\/pl\/produkt\/mind-master-extreme-energetyk\/","og_locale":"pl_PL","og_type":"article","og_title":"Mind Master Extreme Energetyk","og_description":"Mind Master Extreme Energetyk z guaran\u0105 i zielon\u0105 herbat\u0105. Natychmiastowa energia, koncentracja i ochrona antyoksydacyjna. Bez cukru \u2013 kup teraz!","og_url":"https:\/\/www.lraloeverashop.eu\/pl\/produkt\/mind-master-extreme-energetyk\/","og_site_name":"Lr Aloe Vera Shop","article_publisher":"https:\/\/www.facebook.com\/lraloeverashop.eu","article_modified_time":"2026-04-29T18:28:12+00:00","og_image":[{"width":1200,"height":1200,"url":"https:\/\/www.lraloeverashop.eu\/wp-content\/uploads\/2023\/01\/Mind-Master-Extreme-Limited-Offer.jpg","type":"image\/jpeg"}],"twitter_card":"summary_large_image","twitter_site":"@natur__kosmetik","schema":{"@context":"https:\/\/schema.org","@graph":[{"@type":["WebPage","ItemPage"],"@id":"https:\/\/www.lraloeverashop.eu\/pl\/produkt\/mind-master-extreme-energetyk\/","url":"https:\/\/www.lraloeverashop.eu\/pl\/produkt\/mind-master-extreme-energetyk\/","name":"Mind Master Extreme Energetyk \u2013 Obud\u017a Sw\u00f3j Potencja\u0142","isPartOf":{"@id":"https:\/\/www.lraloeverashop.eu\/pl\/#website"},"primaryImageOfPage":{"@id":"https:\/\/www.lraloeverashop.eu\/pl\/produkt\/mind-master-extreme-energetyk\/#primaryimage"},"image":{"@id":"https:\/\/www.lraloeverashop.eu\/pl\/produkt\/mind-master-extreme-energetyk\/#primaryimage"},"thumbnailUrl":"https:\/\/www.lraloeverashop.eu\/wp-content\/uploads\/2023\/01\/Mind-Master-Extreme-Limited-Offer.jpg","datePublished":"2023-01-06T20:18:52+00:00","dateModified":"2026-04-29T18:28:12+00:00","description":"Mind Master Extreme Energetyk z guaran\u0105 i zielon\u0105 herbat\u0105. Natychmiastowa energia, koncentracja i ochrona antyoksydacyjna. Bez cukru \u2013 kup teraz!","breadcrumb":{"@id":"https:\/\/www.lraloeverashop.eu\/pl\/produkt\/mind-master-extreme-energetyk\/#breadcrumb"},"inLanguage":"pl-PL","potentialAction":[{"@type":"ReadAction","target":["https:\/\/www.lraloeverashop.eu\/pl\/produkt\/mind-master-extreme-energetyk\/"]}]},{"@type":"ImageObject","inLanguage":"pl-PL","@id":"https:\/\/www.lraloeverashop.eu\/pl\/produkt\/mind-master-extreme-energetyk\/#primaryimage","url":"https:\/\/www.lraloeverashop.eu\/wp-content\/uploads\/2023\/01\/Mind-Master-Extreme-Limited-Offer.jpg","contentUrl":"https:\/\/www.lraloeverashop.eu\/wp-content\/uploads\/2023\/01\/Mind-Master-Extreme-Limited-Offer.jpg","width":1200,"height":1200,"caption":"Mind Master Extreme Energetyk w limitowanej ofercie z Guaran\u0105"},{"@type":"BreadcrumbList","@id":"https:\/\/www.lraloeverashop.eu\/pl\/produkt\/mind-master-extreme-energetyk\/#breadcrumb","itemListElement":[{"@type":"ListItem","position":1,"name":"Home","item":"https:\/\/www.lraloeverashop.eu\/pl\/"},{"@type":"ListItem","position":2,"name":"Sklep","item":"https:\/\/www.lraloeverashop.eu\/pl\/sklep\/"},{"@type":"ListItem","position":3,"name":"Mind Master Extreme Energetyk"}]},{"@type":"WebSite","@id":"https:\/\/www.lraloeverashop.eu\/pl\/#website","url":"https:\/\/www.lraloeverashop.eu\/pl\/","name":"Lr Aloe Vera Shop","description":"High Quality Lr Aloe Vera Gel, Aloe Vera Cream and Shampoo","publisher":{"@id":"https:\/\/www.lraloeverashop.eu\/pl\/#organization"},"alternateName":"LR","potentialAction":[{"@type":"SearchAction","target":{"@type":"EntryPoint","urlTemplate":"https:\/\/www.lraloeverashop.eu\/pl\/?s={search_term_string}"},"query-input":{"@type":"PropertyValueSpecification","valueRequired":true,"valueName":"search_term_string"}}],"inLanguage":"pl-PL"},{"@type":"Organization","@id":"https:\/\/www.lraloeverashop.eu\/pl\/#organization","name":"Sklep Lr Aloe Vera","alternateName":"LR","url":"https:\/\/www.lraloeverashop.eu\/pl\/","logo":{"@type":"ImageObject","inLanguage":"pl-PL","@id":"https:\/\/www.lraloeverashop.eu\/pl\/#\/schema\/logo\/image\/","url":"https:\/\/www.lraloeverashop.eu\/wp-content\/uploads\/2022\/09\/cropped-Lr-Aloe-Vera-Shop.jpg","contentUrl":"https:\/\/www.lraloeverashop.eu\/wp-content\/uploads\/2022\/09\/cropped-Lr-Aloe-Vera-Shop.jpg","width":228,"height":76,"caption":"Sklep Lr Aloe Vera"},"image":{"@id":"https:\/\/www.lraloeverashop.eu\/pl\/#\/schema\/logo\/image\/"},"sameAs":["https:\/\/www.facebook.com\/lraloeverashop.eu","https:\/\/x.com\/natur__kosmetik","https:\/\/www.youtube.com\/channel\/UC5oN7BJ8nfYb8RpVtjwDEBA","https:\/\/www.instagram.com\/lrbeautyeu\/"],"description":"Sklep LR Aloe Vera to Twoje zaufane \u017ar\u00f3d\u0142o wysokiej jako\u015bci produkt\u00f3w LR Health & Beauty wyprodukowanych w Niemczech. Oferujemy wysokiej jako\u015bci produkty do piel\u0119gnacji sk\u00f3ry, od\u017cywiania i przeciwstarzeniowe z aloesem, stworzone z czystych sk\u0142adnik\u00f3w i poparte badaniami naukowymi. Odkryj naturaln\u0105 piel\u0119gnacj\u0119, kt\u00f3ra regeneruje, chroni i rewitalizuje Twoj\u0105 sk\u00f3r\u0119 \u2014 i korzystaj z ekskluzywnych comiesi\u0119cznych ofert na nasze bestsellerowe produkty LR Aloe Vera.\nRozpocznij swoj\u0105 naturaln\u0105 piel\u0119gnacj\u0119 sk\u00f3ry ju\u017c dzi\u015b i poczuj r\u00f3\u017cnic\u0119.","email":"info@lraloeverashop.eu","telephone":"+49 17670609653","legalName":"Lr Aloe Vera Shop","foundingDate":"2018-04-21","numberOfEmployees":{"@type":"QuantitativeValue","minValue":"1","maxValue":"10"}}]},"product_price_amount":"56.99","product_price_currency":"EUR","og_availability":"out of stock","product_availability":"out of stock","product_retailer_item_id":"80982-101PL","product_condition":"new"},"taxonomy_info":{"product_cat":[{"value":1096,"label":"Mind Master"},{"value":1090,"label":"Oferty"},{"value":1091,"label":"Produkty specjalne"},{"value":1100,"label":"Specjali\u015bci"},{"value":1106,"label":"Wydajno\u015b\u0107 i Energia"}],"product_tag":[{"value":1131,"label":"energia"}]},"featured_image_src_large":["https:\/\/www.lraloeverashop.eu\/wp-content\/uploads\/2023\/01\/Mind-Master-Extreme-Limited-Offer-1024x1024.jpg",1024,1024,true],"author_info":[],"comment_info":0,"_links":{"self":[{"href":"https:\/\/www.lraloeverashop.eu\/pl\/wp-json\/wp\/v2\/product\/29847","targetHints":{"allow":["GET"]}}],"collection":[{"href":"https:\/\/www.lraloeverashop.eu\/pl\/wp-json\/wp\/v2\/product"}],"about":[{"href":"https:\/\/www.lraloeverashop.eu\/pl\/wp-json\/wp\/v2\/types\/product"}],"replies":[{"embeddable":true,"href":"https:\/\/www.lraloeverashop.eu\/pl\/wp-json\/wp\/v2\/comments?post=29847"}],"wp:featuredmedia":[{"embeddable":true,"href":"https:\/\/www.lraloeverashop.eu\/pl\/wp-json\/wp\/v2\/media\/27024"}],"wp:attachment":[{"href":"https:\/\/www.lraloeverashop.eu\/pl\/wp-json\/wp\/v2\/media?parent=29847"}],"wp:term":[{"taxonomy":"product_brand","embeddable":true,"href":"https:\/\/www.lraloeverashop.eu\/pl\/wp-json\/wp\/v2\/product_brand?post=29847"},{"taxonomy":"product_cat","embeddable":true,"href":"https:\/\/www.lraloeverashop.eu\/pl\/wp-json\/wp\/v2\/product_cat?post=29847"},{"taxonomy":"product_tag","embeddable":true,"href":"https:\/\/www.lraloeverashop.eu\/pl\/wp-json\/wp\/v2\/product_tag?post=29847"}],"curies":[{"name":"wp","href":"https:\/\/api.w.org\/{rel}","templated":true}]}}