{"id":29840,"date":"2023-04-02T07:35:07","date_gmt":"2023-04-02T05:35:07","guid":{"rendered":"https:\/\/www.lraloeverashop.eu\/product\/aloesowa-pasta-do-zebow-bez-fluoru\/"},"modified":"2026-02-19T16:51:55","modified_gmt":"2026-02-19T15:51:55","slug":"aloesowa-pasta-do-zebow-bez-fluoru","status":"publish","type":"product","link":"https:\/\/www.lraloeverashop.eu\/pl\/produkt\/aloesowa-pasta-do-zebow-bez-fluoru\/","title":{"rendered":"Aloesowa Pasta do Z\u0119b\u00f3w bez Fluoru"},"content":{"rendered":"<h2><span style=\"font-size: 16pt;\"><strong>Aloesowa Pasta do Z\u0119b\u00f3w bez Fluoru<br \/>\n<\/strong><\/span><\/h2>\n<p><span style=\"font-size: 14pt;\"><strong>Aloesowa Pasta do Z\u0119b\u00f3w bez Fluoru \u2013 naturalna \u015bwie\u017co\u015b\u0107 i delikatna ochrona<\/strong><\/span><\/p>\n<p>Aloesowa Pasta do Z\u0119b\u00f3w bez Fluoru to nowoczesny produkt do codziennej higieny jamy ustnej w formie hydro\u017celu, zapewniaj\u0105cy delikatne, a jednocze\u015bnie dok\u0142adne oczyszczanie z\u0119b\u00f3w i dzi\u0105se\u0142. Zosta\u0142a opracowana z my\u015bl\u0105 o osobach, kt\u00f3re preferuj\u0105 piel\u0119gnacj\u0119 bez fluoru, a jednocze\u015bnie oczekuj\u0105 skutecznej ochrony i d\u0142ugotrwa\u0142ego uczucia \u015bwie\u017co\u015bci.<\/p>\n<p>Formu\u0142a zawiera a\u017c 43% Aloe Vera oraz ekstrakt z je\u017c\u00f3wki (echinacea), dzi\u0119ki czemu wspiera zdrowie dzi\u0105se\u0142 i zapewnia przyjemne uczucie czysto\u015bci w ca\u0142ej jamie ustnej. Pasta pomaga usuwa\u0107 osad naz\u0119bny i resztki pokarmu, kt\u00f3re mog\u0105 przyczynia\u0107 si\u0119 do powstawania pr\u00f3chnicy i stan\u00f3w zapalnych dzi\u0105se\u0142.<\/p>\n<p>Delikatna konsystencja hydro\u017celu sprawia, \u017ce Aloesowa Pasta do Z\u0119b\u00f3w bez Fluoru \u0142agodnie oczyszcza z\u0119by, nie podra\u017cniaj\u0105c wra\u017cliwych dzi\u0105se\u0142. Pozostawia \u015bwie\u017cy oddech oraz uczucie czysto\u015bci i komfortu na d\u0142ugi czas.<\/p>\n<p>&nbsp;<\/p>\n<h3><span style=\"font-size: 16pt;\"><strong>Naturalne wsparcie dla zdrowych dzi\u0105se\u0142<br \/>\n<\/strong><\/span><\/h3>\n<p>Po\u0142\u0105czenie wosku propolisowego i ekstraktu z je\u017c\u00f3wki wspiera kondycj\u0119 dzi\u0105se\u0142 podczas szczotkowania. Sk\u0142adniki te pomagaj\u0105 utrzyma\u0107 ich zdrowy wygl\u0105d i naturaln\u0105 r\u00f3wnowag\u0119.<\/p>\n<p>Je\u015bli masz bardzo wra\u017cliwe z\u0119by i dzi\u0105s\u0142a, mo\u017cesz si\u0119gn\u0105\u0107 po past\u0119 Sensitive z fluorem z serii LR Aloe Vera.<\/p>\n<p>&nbsp;<\/p>\n<h3><span style=\"font-size: 16pt;\"><strong>Dlaczego warto wybra\u0107 Aloesow\u0105 Past\u0119 do Z\u0119b\u00f3w bez Fluoru?<\/strong><\/span><\/h3>\n<ul>\n<li>43% Aloe Vera<\/li>\n<li>Bez fluoru<\/li>\n<li>Z ekstraktem z je\u017c\u00f3wki<\/li>\n<li>Delikatne i dok\u0142adne oczyszczanie<\/li>\n<li>Wspiera zdrowe dzi\u0105s\u0142a<\/li>\n<li>Zapewnia \u015bwie\u017cy oddech<\/li>\n<\/ul>\n<p>Aloesowa Pasta do Z\u0119b\u00f3w bez Fluoru to idealne rozwi\u0105zanie dla os\u00f3b poszukuj\u0105cych naturalnej, skutecznej i \u0142agodnej piel\u0119gnacji jamy ustnej.<\/p>\n<p>&nbsp;<\/p>\n<h3><span style=\"font-size: 16pt;\"><strong>Jak stosowa\u0107<\/strong><\/span><\/h3>\n<p>Zaleca si\u0119 szczotkowanie z\u0119b\u00f3w dwa do trzech razy dziennie oraz po posi\u0142kach. Aby mie\u0107 pewno\u015b\u0107, \u017ce wszystkie resztki zosta\u0142y usuni\u0119te, szczotkowanie powinno trwa\u0107 co najmniej dwie do trzech minut.<\/p>\n<p>&nbsp;<\/p>\n<h4><span style=\"font-size: 16pt;\"><strong>Czy wiesz, \u017ce?<\/strong><\/span><\/h4>\n<p>Po spo\u017cyciu kwa\u015bnych produkt\u00f3w, takich jak wino, owoce cytrusowe, soki owocowe, jogurt czy sa\u0142atki z dressingiem na bazie octu, nale\u017cy odczeka\u0107 co najmniej 30 minut przed szczotkowaniem z\u0119b\u00f3w. Kwasy mog\u0105 czasowo os\u0142abi\u0107 szkliwo. W kr\u00f3tkim czasie powierzchnia z\u0119ba ulega remineralizacji dzi\u0119ki dzia\u0142aniu \u015bliny.<\/p>\n","protected":false},"excerpt":{"rendered":"<ul>\n<li class=\"ai-optimize-22\">Oferta limitowana<\/li>\n<li class=\"ai-optimize-22\">Z 43% Aloe Vera<\/li>\n<li class=\"ai-optimize-22\">Z ekstraktem z je\u017c\u00f3wki<\/li>\n<li class=\"ai-optimize-22\">Kompleksowe oczyszczanie z\u0119b\u00f3w i dzi\u0105se\u0142<\/li>\n<li class=\"ai-optimize-22\">Zapewnia przyjemne uczucie \u015bwie\u017co\u015bci<\/li>\n<li class=\"ai-optimize-22\">Bez fluoru<\/li>\n<li class=\"ai-optimize-22\">Zawarto\u015b\u0107: 2 \u00d7 100 ml<\/li>\n<\/ul>\n<p style=\"text-align: left;\"><span style=\"color: #ff0000;\"><a style=\"color: #ff0000;\" href=\"https:\/\/shop.lrworld.com\/openpao?PHP=0vFlt7jT938BEnBI3a6e9w%3D%3D\"><span style=\"font-size: 14pt;\"><strong>Zarejestruj si\u0119 i oszcz\u0119dzaj 35% przy ka\u017cdym zam\u00f3wieniu<\/strong><\/span><\/a><\/span><\/p>\n","protected":false},"featured_media":27002,"comment_status":"open","ping_status":"closed","template":"","meta":{"_kad_blocks_custom_css":"","_kad_blocks_head_custom_js":"","_kad_blocks_body_custom_js":"","_kad_blocks_footer_custom_js":"","_kadence_starter_templates_imported_post":false,"_kad_post_transparent":"default","_kad_post_title":"","_kad_post_layout":"default","_kad_post_sidebar_id":"","_kad_post_content_style":"default","_kad_post_vertical_padding":"default","_kad_post_feature":"","_kad_post_feature_position":"","_kad_post_header":false,"_kad_post_footer":false,"_kad_post_classname":""},"product_brand":[],"product_cat":[1059,1090,1066],"product_tag":[1113,1119],"class_list":{"0":"post-29840","1":"product","2":"type-product","3":"status-publish","4":"has-post-thumbnail","6":"product_cat-aloe-vera-pl","7":"product_cat-oferty","8":"product_cat-pielegnacja-zebow","9":"product_tag-dziasla","10":"product_tag-zeby","12":"first","13":"outofstock","14":"sale","15":"taxable","16":"shipping-taxable","17":"purchasable","18":"product-type-simple","19":"entry","20":"content-bg","21":"loop-entry"},"yoast_head":"<!-- This site is optimized with the Yoast SEO Premium plugin v27.4 (Yoast SEO v27.4) - https:\/\/yoast.com\/product\/yoast-seo-premium-wordpress\/ -->\n<title>Aloesowa Pasta do Z\u0119b\u00f3w bez Fluoru \u2013 Wybierz Natur\u0119<\/title>\n<meta name=\"description\" content=\"Aloesowa Pasta do Z\u0119b\u00f3w bez Fluoru z 43% Aloe Vera i echinace\u0105. Delikatnie czy\u015bci, wspiera dzi\u0105s\u0142a i zapewnia \u015bwie\u017cy oddech. Zestaw 2\u00d7100 ml \u2013 kup teraz!\" \/>\n<meta name=\"robots\" content=\"index, follow, max-snippet:-1, max-image-preview:large, max-video-preview:-1\" \/>\n<link rel=\"canonical\" href=\"https:\/\/www.lraloeverashop.eu\/pl\/produkt\/aloesowa-pasta-do-zebow-bez-fluoru\/\" \/>\n<meta property=\"og:locale\" content=\"pl_PL\" \/>\n<meta property=\"og:type\" content=\"article\" \/>\n<meta property=\"og:title\" content=\"Aloesowa Pasta do Z\u0119b\u00f3w bez Fluoru\" \/>\n<meta property=\"og:description\" content=\"Aloesowa Pasta do Z\u0119b\u00f3w bez Fluoru z 43% Aloe Vera i echinace\u0105. Delikatnie czy\u015bci, wspiera dzi\u0105s\u0142a i zapewnia \u015bwie\u017cy oddech. Zestaw 2\u00d7100 ml \u2013 kup teraz!\" \/>\n<meta property=\"og:url\" content=\"https:\/\/www.lraloeverashop.eu\/pl\/produkt\/aloesowa-pasta-do-zebow-bez-fluoru\/\" \/>\n<meta property=\"og:site_name\" content=\"Lr Aloe Vera Shop\" \/>\n<meta property=\"article:publisher\" content=\"https:\/\/www.facebook.com\/lraloeverashop.eu\" \/>\n<meta property=\"article:modified_time\" content=\"2026-02-19T15:51:55+00:00\" \/>\n<meta property=\"og:image\" content=\"https:\/\/www.lraloeverashop.eu\/wp-content\/uploads\/2023\/04\/Tooth-Paste-without-fluoride-Set.jpeg\" \/>\n\t<meta property=\"og:image:width\" content=\"1200\" \/>\n\t<meta property=\"og:image:height\" content=\"1200\" \/>\n\t<meta property=\"og:image:type\" content=\"image\/jpeg\" \/>\n<meta name=\"twitter:card\" content=\"summary_large_image\" \/>\n<meta name=\"twitter:site\" content=\"@natur__kosmetik\" \/>\n<script type=\"application\/ld+json\" class=\"yoast-schema-graph\">{\"@context\":\"https:\\\/\\\/schema.org\",\"@graph\":[{\"@type\":[\"WebPage\",\"ItemPage\"],\"@id\":\"https:\\\/\\\/www.lraloeverashop.eu\\\/pl\\\/produkt\\\/aloesowa-pasta-do-zebow-bez-fluoru\\\/\",\"url\":\"https:\\\/\\\/www.lraloeverashop.eu\\\/pl\\\/produkt\\\/aloesowa-pasta-do-zebow-bez-fluoru\\\/\",\"name\":\"Aloesowa Pasta do Z\u0119b\u00f3w bez Fluoru \u2013 Wybierz Natur\u0119\",\"isPartOf\":{\"@id\":\"https:\\\/\\\/www.lraloeverashop.eu\\\/pl\\\/#website\"},\"primaryImageOfPage\":{\"@id\":\"https:\\\/\\\/www.lraloeverashop.eu\\\/pl\\\/produkt\\\/aloesowa-pasta-do-zebow-bez-fluoru\\\/#primaryimage\"},\"image\":{\"@id\":\"https:\\\/\\\/www.lraloeverashop.eu\\\/pl\\\/produkt\\\/aloesowa-pasta-do-zebow-bez-fluoru\\\/#primaryimage\"},\"thumbnailUrl\":\"https:\\\/\\\/www.lraloeverashop.eu\\\/wp-content\\\/uploads\\\/2023\\\/04\\\/Tooth-Paste-without-fluoride-Set.jpeg\",\"datePublished\":\"2023-04-02T05:35:07+00:00\",\"dateModified\":\"2026-02-19T15:51:55+00:00\",\"description\":\"Aloesowa Pasta do Z\u0119b\u00f3w bez Fluoru z 43% Aloe Vera i echinace\u0105. Delikatnie czy\u015bci, wspiera dzi\u0105s\u0142a i zapewnia \u015bwie\u017cy oddech. Zestaw 2\u00d7100 ml \u2013 kup teraz!\",\"breadcrumb\":{\"@id\":\"https:\\\/\\\/www.lraloeverashop.eu\\\/pl\\\/produkt\\\/aloesowa-pasta-do-zebow-bez-fluoru\\\/#breadcrumb\"},\"inLanguage\":\"pl-PL\",\"potentialAction\":[{\"@type\":\"ReadAction\",\"target\":[\"https:\\\/\\\/www.lraloeverashop.eu\\\/pl\\\/produkt\\\/aloesowa-pasta-do-zebow-bez-fluoru\\\/\"]}]},{\"@type\":\"ImageObject\",\"inLanguage\":\"pl-PL\",\"@id\":\"https:\\\/\\\/www.lraloeverashop.eu\\\/pl\\\/produkt\\\/aloesowa-pasta-do-zebow-bez-fluoru\\\/#primaryimage\",\"url\":\"https:\\\/\\\/www.lraloeverashop.eu\\\/wp-content\\\/uploads\\\/2023\\\/04\\\/Tooth-Paste-without-fluoride-Set.jpeg\",\"contentUrl\":\"https:\\\/\\\/www.lraloeverashop.eu\\\/wp-content\\\/uploads\\\/2023\\\/04\\\/Tooth-Paste-without-fluoride-Set.jpeg\",\"width\":1200,\"height\":1200,\"caption\":\"Aloesowa Pasta do Z\u0119b\u00f3w bez Fluoru wspiera zdrowe dzi\u0105s\u0142a\"},{\"@type\":\"BreadcrumbList\",\"@id\":\"https:\\\/\\\/www.lraloeverashop.eu\\\/pl\\\/produkt\\\/aloesowa-pasta-do-zebow-bez-fluoru\\\/#breadcrumb\",\"itemListElement\":[{\"@type\":\"ListItem\",\"position\":1,\"name\":\"Home\",\"item\":\"https:\\\/\\\/www.lraloeverashop.eu\\\/pl\\\/\"},{\"@type\":\"ListItem\",\"position\":2,\"name\":\"Sklep\",\"item\":\"https:\\\/\\\/www.lraloeverashop.eu\\\/shop\\\/\"},{\"@type\":\"ListItem\",\"position\":3,\"name\":\"Aloesowa Pasta do Z\u0119b\u00f3w bez Fluoru\"}]},{\"@type\":\"WebSite\",\"@id\":\"https:\\\/\\\/www.lraloeverashop.eu\\\/pl\\\/#website\",\"url\":\"https:\\\/\\\/www.lraloeverashop.eu\\\/pl\\\/\",\"name\":\"Lr Aloe Vera Shop\",\"description\":\"High Quality Lr Aloe Vera Gel, Aloe Vera Cream and Shampoo\",\"publisher\":{\"@id\":\"https:\\\/\\\/www.lraloeverashop.eu\\\/pl\\\/#organization\"},\"potentialAction\":[{\"@type\":\"SearchAction\",\"target\":{\"@type\":\"EntryPoint\",\"urlTemplate\":\"https:\\\/\\\/www.lraloeverashop.eu\\\/pl\\\/?s={search_term_string}\"},\"query-input\":{\"@type\":\"PropertyValueSpecification\",\"valueRequired\":true,\"valueName\":\"search_term_string\"}}],\"inLanguage\":\"pl-PL\"},{\"@type\":\"Organization\",\"@id\":\"https:\\\/\\\/www.lraloeverashop.eu\\\/pl\\\/#organization\",\"name\":\"Sklep Lr Aloe Vera\",\"alternateName\":\"LR\",\"url\":\"https:\\\/\\\/www.lraloeverashop.eu\\\/pl\\\/\",\"logo\":{\"@type\":\"ImageObject\",\"inLanguage\":\"pl-PL\",\"@id\":\"https:\\\/\\\/www.lraloeverashop.eu\\\/pl\\\/#\\\/schema\\\/logo\\\/image\\\/\",\"url\":\"https:\\\/\\\/www.lraloeverashop.eu\\\/wp-content\\\/uploads\\\/2022\\\/09\\\/cropped-Lr-Aloe-Vera-Shop.jpg\",\"contentUrl\":\"https:\\\/\\\/www.lraloeverashop.eu\\\/wp-content\\\/uploads\\\/2022\\\/09\\\/cropped-Lr-Aloe-Vera-Shop.jpg\",\"width\":228,\"height\":76,\"caption\":\"Sklep Lr Aloe Vera\"},\"image\":{\"@id\":\"https:\\\/\\\/www.lraloeverashop.eu\\\/pl\\\/#\\\/schema\\\/logo\\\/image\\\/\"},\"sameAs\":[\"https:\\\/\\\/www.facebook.com\\\/lraloeverashop.eu\",\"https:\\\/\\\/x.com\\\/natur__kosmetik\",\"https:\\\/\\\/www.youtube.com\\\/channel\\\/UC5oN7BJ8nfYb8RpVtjwDEBA\",\"https:\\\/\\\/www.instagram.com\\\/lrbeautyeu\\\/\"],\"description\":\"Sklep LR Aloe Vera to Twoje zaufane \u017ar\u00f3d\u0142o wysokiej jako\u015bci produkt\u00f3w LR Health & Beauty wyprodukowanych w Niemczech. Oferujemy wysokiej jako\u015bci produkty do piel\u0119gnacji sk\u00f3ry, od\u017cywiania i przeciwstarzeniowe z aloesem, stworzone z czystych sk\u0142adnik\u00f3w i poparte badaniami naukowymi. Odkryj naturaln\u0105 piel\u0119gnacj\u0119, kt\u00f3ra regeneruje, chroni i rewitalizuje Twoj\u0105 sk\u00f3r\u0119 \u2014 i korzystaj z ekskluzywnych comiesi\u0119cznych ofert na nasze bestsellerowe produkty LR Aloe Vera.\\nRozpocznij swoj\u0105 naturaln\u0105 piel\u0119gnacj\u0119 sk\u00f3ry ju\u017c dzi\u015b i poczuj r\u00f3\u017cnic\u0119.\",\"email\":\"info@lraloeverashop.eu\",\"telephone\":\"+49 17670609653\",\"legalName\":\"Lr Aloe Vera Shop\",\"foundingDate\":\"2018-04-21\",\"numberOfEmployees\":{\"@type\":\"QuantitativeValue\",\"minValue\":\"1\",\"maxValue\":\"10\"}}]}<\/script>\n<meta property=\"product:price:amount\" content=\"12.99\" \/>\n<meta property=\"product:price:currency\" content=\"EUR\" \/>\n<meta property=\"og:availability\" content=\"out of stock\" \/>\n<meta property=\"product:availability\" content=\"out of stock\" \/>\n<meta property=\"product:retailer_item_id\" content=\"20783-2PL\" \/>\n<meta property=\"product:condition\" content=\"new\" \/>\n<!-- \/ Yoast SEO Premium plugin. -->","yoast_head_json":{"title":"Aloesowa Pasta do Z\u0119b\u00f3w bez Fluoru \u2013 Wybierz Natur\u0119","description":"Aloesowa Pasta do Z\u0119b\u00f3w bez Fluoru z 43% Aloe Vera i echinace\u0105. Delikatnie czy\u015bci, wspiera dzi\u0105s\u0142a i zapewnia \u015bwie\u017cy oddech. Zestaw 2\u00d7100 ml \u2013 kup teraz!","robots":{"index":"index","follow":"follow","max-snippet":"max-snippet:-1","max-image-preview":"max-image-preview:large","max-video-preview":"max-video-preview:-1"},"canonical":"https:\/\/www.lraloeverashop.eu\/pl\/produkt\/aloesowa-pasta-do-zebow-bez-fluoru\/","og_locale":"pl_PL","og_type":"article","og_title":"Aloesowa Pasta do Z\u0119b\u00f3w bez Fluoru","og_description":"Aloesowa Pasta do Z\u0119b\u00f3w bez Fluoru z 43% Aloe Vera i echinace\u0105. Delikatnie czy\u015bci, wspiera dzi\u0105s\u0142a i zapewnia \u015bwie\u017cy oddech. Zestaw 2\u00d7100 ml \u2013 kup teraz!","og_url":"https:\/\/www.lraloeverashop.eu\/pl\/produkt\/aloesowa-pasta-do-zebow-bez-fluoru\/","og_site_name":"Lr Aloe Vera Shop","article_publisher":"https:\/\/www.facebook.com\/lraloeverashop.eu","article_modified_time":"2026-02-19T15:51:55+00:00","og_image":[{"width":1200,"height":1200,"url":"https:\/\/www.lraloeverashop.eu\/wp-content\/uploads\/2023\/04\/Tooth-Paste-without-fluoride-Set.jpeg","type":"image\/jpeg"}],"twitter_card":"summary_large_image","twitter_site":"@natur__kosmetik","schema":{"@context":"https:\/\/schema.org","@graph":[{"@type":["WebPage","ItemPage"],"@id":"https:\/\/www.lraloeverashop.eu\/pl\/produkt\/aloesowa-pasta-do-zebow-bez-fluoru\/","url":"https:\/\/www.lraloeverashop.eu\/pl\/produkt\/aloesowa-pasta-do-zebow-bez-fluoru\/","name":"Aloesowa Pasta do Z\u0119b\u00f3w bez Fluoru \u2013 Wybierz Natur\u0119","isPartOf":{"@id":"https:\/\/www.lraloeverashop.eu\/pl\/#website"},"primaryImageOfPage":{"@id":"https:\/\/www.lraloeverashop.eu\/pl\/produkt\/aloesowa-pasta-do-zebow-bez-fluoru\/#primaryimage"},"image":{"@id":"https:\/\/www.lraloeverashop.eu\/pl\/produkt\/aloesowa-pasta-do-zebow-bez-fluoru\/#primaryimage"},"thumbnailUrl":"https:\/\/www.lraloeverashop.eu\/wp-content\/uploads\/2023\/04\/Tooth-Paste-without-fluoride-Set.jpeg","datePublished":"2023-04-02T05:35:07+00:00","dateModified":"2026-02-19T15:51:55+00:00","description":"Aloesowa Pasta do Z\u0119b\u00f3w bez Fluoru z 43% Aloe Vera i echinace\u0105. Delikatnie czy\u015bci, wspiera dzi\u0105s\u0142a i zapewnia \u015bwie\u017cy oddech. Zestaw 2\u00d7100 ml \u2013 kup teraz!","breadcrumb":{"@id":"https:\/\/www.lraloeverashop.eu\/pl\/produkt\/aloesowa-pasta-do-zebow-bez-fluoru\/#breadcrumb"},"inLanguage":"pl-PL","potentialAction":[{"@type":"ReadAction","target":["https:\/\/www.lraloeverashop.eu\/pl\/produkt\/aloesowa-pasta-do-zebow-bez-fluoru\/"]}]},{"@type":"ImageObject","inLanguage":"pl-PL","@id":"https:\/\/www.lraloeverashop.eu\/pl\/produkt\/aloesowa-pasta-do-zebow-bez-fluoru\/#primaryimage","url":"https:\/\/www.lraloeverashop.eu\/wp-content\/uploads\/2023\/04\/Tooth-Paste-without-fluoride-Set.jpeg","contentUrl":"https:\/\/www.lraloeverashop.eu\/wp-content\/uploads\/2023\/04\/Tooth-Paste-without-fluoride-Set.jpeg","width":1200,"height":1200,"caption":"Aloesowa Pasta do Z\u0119b\u00f3w bez Fluoru wspiera zdrowe dzi\u0105s\u0142a"},{"@type":"BreadcrumbList","@id":"https:\/\/www.lraloeverashop.eu\/pl\/produkt\/aloesowa-pasta-do-zebow-bez-fluoru\/#breadcrumb","itemListElement":[{"@type":"ListItem","position":1,"name":"Home","item":"https:\/\/www.lraloeverashop.eu\/pl\/"},{"@type":"ListItem","position":2,"name":"Sklep","item":"https:\/\/www.lraloeverashop.eu\/shop\/"},{"@type":"ListItem","position":3,"name":"Aloesowa Pasta do Z\u0119b\u00f3w bez Fluoru"}]},{"@type":"WebSite","@id":"https:\/\/www.lraloeverashop.eu\/pl\/#website","url":"https:\/\/www.lraloeverashop.eu\/pl\/","name":"Lr Aloe Vera Shop","description":"High Quality Lr Aloe Vera Gel, Aloe Vera Cream and Shampoo","publisher":{"@id":"https:\/\/www.lraloeverashop.eu\/pl\/#organization"},"potentialAction":[{"@type":"SearchAction","target":{"@type":"EntryPoint","urlTemplate":"https:\/\/www.lraloeverashop.eu\/pl\/?s={search_term_string}"},"query-input":{"@type":"PropertyValueSpecification","valueRequired":true,"valueName":"search_term_string"}}],"inLanguage":"pl-PL"},{"@type":"Organization","@id":"https:\/\/www.lraloeverashop.eu\/pl\/#organization","name":"Sklep Lr Aloe Vera","alternateName":"LR","url":"https:\/\/www.lraloeverashop.eu\/pl\/","logo":{"@type":"ImageObject","inLanguage":"pl-PL","@id":"https:\/\/www.lraloeverashop.eu\/pl\/#\/schema\/logo\/image\/","url":"https:\/\/www.lraloeverashop.eu\/wp-content\/uploads\/2022\/09\/cropped-Lr-Aloe-Vera-Shop.jpg","contentUrl":"https:\/\/www.lraloeverashop.eu\/wp-content\/uploads\/2022\/09\/cropped-Lr-Aloe-Vera-Shop.jpg","width":228,"height":76,"caption":"Sklep Lr Aloe Vera"},"image":{"@id":"https:\/\/www.lraloeverashop.eu\/pl\/#\/schema\/logo\/image\/"},"sameAs":["https:\/\/www.facebook.com\/lraloeverashop.eu","https:\/\/x.com\/natur__kosmetik","https:\/\/www.youtube.com\/channel\/UC5oN7BJ8nfYb8RpVtjwDEBA","https:\/\/www.instagram.com\/lrbeautyeu\/"],"description":"Sklep LR Aloe Vera to Twoje zaufane \u017ar\u00f3d\u0142o wysokiej jako\u015bci produkt\u00f3w LR Health & Beauty wyprodukowanych w Niemczech. Oferujemy wysokiej jako\u015bci produkty do piel\u0119gnacji sk\u00f3ry, od\u017cywiania i przeciwstarzeniowe z aloesem, stworzone z czystych sk\u0142adnik\u00f3w i poparte badaniami naukowymi. Odkryj naturaln\u0105 piel\u0119gnacj\u0119, kt\u00f3ra regeneruje, chroni i rewitalizuje Twoj\u0105 sk\u00f3r\u0119 \u2014 i korzystaj z ekskluzywnych comiesi\u0119cznych ofert na nasze bestsellerowe produkty LR Aloe Vera.\nRozpocznij swoj\u0105 naturaln\u0105 piel\u0119gnacj\u0119 sk\u00f3ry ju\u017c dzi\u015b i poczuj r\u00f3\u017cnic\u0119.","email":"info@lraloeverashop.eu","telephone":"+49 17670609653","legalName":"Lr Aloe Vera Shop","foundingDate":"2018-04-21","numberOfEmployees":{"@type":"QuantitativeValue","minValue":"1","maxValue":"10"}}]},"product_price_amount":"12.99","product_price_currency":"EUR","og_availability":"out of stock","product_availability":"out of stock","product_retailer_item_id":"20783-2PL","product_condition":"new"},"taxonomy_info":{"product_cat":[{"value":1059,"label":"Aloe Vera"},{"value":1090,"label":"Oferty"},{"value":1066,"label":"Piel\u0119gnacja z\u0119b\u00f3w"}],"product_tag":[{"value":1113,"label":"Dzi\u0105s\u0142a"},{"value":1119,"label":"Z\u0119by"}]},"featured_image_src_large":["https:\/\/www.lraloeverashop.eu\/wp-content\/uploads\/2023\/04\/Tooth-Paste-without-fluoride-Set-1024x1024.jpeg",1024,1024,true],"author_info":[],"comment_info":0,"_links":{"self":[{"href":"https:\/\/www.lraloeverashop.eu\/pl\/wp-json\/wp\/v2\/product\/29840","targetHints":{"allow":["GET"]}}],"collection":[{"href":"https:\/\/www.lraloeverashop.eu\/pl\/wp-json\/wp\/v2\/product"}],"about":[{"href":"https:\/\/www.lraloeverashop.eu\/pl\/wp-json\/wp\/v2\/types\/product"}],"replies":[{"embeddable":true,"href":"https:\/\/www.lraloeverashop.eu\/pl\/wp-json\/wp\/v2\/comments?post=29840"}],"wp:featuredmedia":[{"embeddable":true,"href":"https:\/\/www.lraloeverashop.eu\/pl\/wp-json\/wp\/v2\/media\/27002"}],"wp:attachment":[{"href":"https:\/\/www.lraloeverashop.eu\/pl\/wp-json\/wp\/v2\/media?parent=29840"}],"wp:term":[{"taxonomy":"product_brand","embeddable":true,"href":"https:\/\/www.lraloeverashop.eu\/pl\/wp-json\/wp\/v2\/product_brand?post=29840"},{"taxonomy":"product_cat","embeddable":true,"href":"https:\/\/www.lraloeverashop.eu\/pl\/wp-json\/wp\/v2\/product_cat?post=29840"},{"taxonomy":"product_tag","embeddable":true,"href":"https:\/\/www.lraloeverashop.eu\/pl\/wp-json\/wp\/v2\/product_tag?post=29840"}],"curies":[{"name":"wp","href":"https:\/\/api.w.org\/{rel}","templated":true}]}}