{"id":29837,"date":"2023-04-02T17:59:18","date_gmt":"2023-04-02T15:59:18","guid":{"rendered":"https:\/\/www.lraloeverashop.eu\/product\/herbatka-ziolowa-na-odchudzanie\/"},"modified":"2026-04-29T19:30:11","modified_gmt":"2026-04-29T17:30:11","slug":"herbatka-ziolowa-na-odchudzanie","status":"publish","type":"product","link":"https:\/\/www.lraloeverashop.eu\/pl\/produkt\/herbatka-ziolowa-na-odchudzanie\/","title":{"rendered":"Herbatka Zio\u0142owa na Odchudzanie"},"content":{"rendered":"<h2><span style=\"font-size: 16pt;\"><strong>Herbatka Zio\u0142owa na Odchudzanie<\/strong><\/span><\/h2>\n<p><span style=\"font-size: 14pt;\"><strong>Herbatka Zio\u0142owa na Odchudzanie \u2013 naturalne wsparcie redukcji t\u0142uszczu<\/strong><\/span><\/p>\n<p>Herbatka Zio\u0142owa na Odchudzanie to starannie opracowana kompozycja zielonej herbaty, kt\u00f3ra wspiera organizm w procesie redukcji tkanki t\u0142uszczowej i pomaga ograniczy\u0107 zatrzymywanie wody w organizmie. Regularne picie odpowiedniej ilo\u015bci p\u0142yn\u00f3w jest niezwykle wa\u017cne w ci\u0105gu dnia \u2013 szczeg\u00f3lnie podczas stosowania diety. Ta aromatyczna herbatka u\u0142atwia utrzymanie prawid\u0142owego nawodnienia i <a href=\"https:\/\/www.lraloeverashop.eu\/pl\/produkt\/mind-master-extreme-z-guarana\/\"><strong>aktywnie<\/strong><\/a> wspiera Twoje cele sylwetkowe.<\/p>\n<p>Formu\u0142a dzia\u0142a naturalnie, <a href=\"https:\/\/www.lraloeverashop.eu\/pl\/produkt\/aloe-vera-do-picia-acai-pro\/\"><strong>wspieraj\u0105c procesy trawienne<\/strong><\/a> oraz r\u00f3wnowag\u0119 flory jelitowej. Herbatka Zio\u0142owa na Odchudzanie jest naturalna i nie posiada przeciwwskaza\u0144 do stosowania, dzi\u0119ki czemu mo\u017ce by\u0107 cz\u0119\u015bci\u0105 codziennej, zdrowej rutyny.<\/p>\n<p>Smaczny i delikatny aromat sprawia, \u017ce \u0142atwiej jest wypija\u0107 zalecan\u0105 ilo\u015b\u0107 p\u0142yn\u00f3w w ci\u0105gu dnia. Odpowiednie nawodnienie mo\u017ce przyczynia\u0107 si\u0119 do pobudzenia metabolizmu, co dodatkowo wspiera proces kontroli masy cia\u0142a.<\/p>\n<p>Podczas diety niezwykle istotne jest regularne dostarczanie organizmowi p\u0142yn\u00f3w. Herbatka Zio\u0142owa na Odchudzanie to idealny towarzysz <a href=\"https:\/\/www.lraloeverashop.eu\/pl\/czy-herbata-na-odchudzanie-moze-pomoc-w-utracie-wagi\/\"><strong>w okresie redukcji<\/strong><\/a> \u2013 pomaga wytrwa\u0107 w postanowieniach i wspiera codzienn\u0105 motywacj\u0119.<\/p>\n<p>&nbsp;<\/p>\n<h3><span style=\"font-size: 16pt;\"><strong>Jak stosowa\u0107<\/strong><\/span><\/h3>\n<p>Dodaj 1\u20132 czubate \u0142y\u017ceczki Herbatki Zio\u0142owej na Odchudzanie do du\u017cej fili\u017canki (oko\u0142o 200 ml) gor\u0105cej, lecz nie wrz\u0105cej wody. Parz pod przykryciem przez 5\u20137 minut, nast\u0119pnie przeced\u017a. Pij 3\u20134 fili\u017canki dziennie.<\/p>\n<p>Aby osi\u0105gn\u0105\u0107 zalecane spo\u017cycie oko\u0142o 1,5 litra p\u0142yn\u00f3w dziennie, warto przygotowa\u0107 ca\u0142y dzbanek Herbatki Zio\u0142owej na Odchudzanie i roz\u0142o\u017cy\u0107 jej picie w ci\u0105gu dnia. Zwr\u00f3\u0107 uwag\u0119 na czas parzenia \u2013 zbyt kr\u00f3tki lub zbyt d\u0142ugi mo\u017ce wp\u0142yn\u0105\u0107 na smak naparu.<\/p>\n<p>Pami\u0119taj o zr\u00f3\u017cnicowanej i zbilansowanej diecie oraz zdrowym stylu \u017cycia.<\/p>\n<p>&nbsp;<\/p>\n<h4><span style=\"font-size: 16pt;\"><strong>Czy wiesz, \u017ce?<\/strong><\/span><\/h4>\n<p>Niemieckie Towarzystwo \u017bywieniowe zaleca spo\u017cywanie oko\u0142o 1,5 litra wody lub <a href=\"https:\/\/www.lraloeverashop.eu\/pl\/produkt\/herbata-ziolowa-na-odchudzanie\/\"><strong>nies\u0142odzonych herbat<\/strong><\/a> dziennie. W zale\u017cno\u015bci od temperatury otoczenia, aktywno\u015bci fizycznej oraz podczas stosowania diety, zapotrzebowanie na p\u0142yny mo\u017ce by\u0107 jeszcze wi\u0119ksze.<\/p>\n","protected":false},"excerpt":{"rendered":"<ul>\n<li><span style=\"color: #ff0000;\"><strong>Oferta limitowana<\/strong><\/span><\/li>\n<li>Naturalny produkt bez przeciwwskaza\u0144<\/li>\n<li>Wspiera redukcj\u0119 t\u0142uszczu i zatrzymywania wody<\/li>\n<li>Wspomaga trawienie i flor\u0119 jelitow\u0105<\/li>\n<li>Wyprodukowano w Niemczech<\/li>\n<li>Zawarto\u015b\u0107: 2 \u00d7 250 g<\/li>\n<\/ul>\n<p style=\"text-align: left;\"><span style=\"color: #ff0000;\"><a style=\"color: #ff0000;\" href=\"https:\/\/shop.lrworld.com\/openpao?PHP=0vFlt7jT938BEnBI3a6e9w%3D%3D\"><span style=\"font-size: 14pt;\"><strong>Zarejestruj si\u0119 i oszcz\u0119dzaj 35% przy ka\u017cdym zam\u00f3wieniu<\/strong><\/span><\/a><\/span><\/p>\n","protected":false},"featured_media":27001,"comment_status":"open","ping_status":"closed","template":"","meta":{"_kad_blocks_custom_css":"","_kad_blocks_head_custom_js":"","_kad_blocks_body_custom_js":"","_kad_blocks_footer_custom_js":"","_kadence_starter_templates_imported_post":false,"_kad_post_transparent":"default","_kad_post_title":"","_kad_post_layout":"default","_kad_post_sidebar_id":"","_kad_post_content_style":"default","_kad_post_vertical_padding":"default","_kad_post_feature":"","_kad_post_feature_position":"","_kad_post_header":false,"_kad_post_footer":false,"_kad_post_classname":""},"product_brand":[],"product_cat":[1105,1090,1100,1086,1085],"product_tag":[1126],"class_list":{"0":"post-29837","1":"product","2":"type-product","3":"status-publish","4":"has-post-thumbnail","6":"product_cat-jelita-trawienie","7":"product_cat-oferty","8":"product_cat-specjalisci","9":"product_cat-towarzysz-diety","10":"product_cat-zamienniki-posilkow","11":"product_tag-dieta-pl","13":"first","14":"outofstock","15":"sale","16":"taxable","17":"shipping-taxable","18":"purchasable","19":"product-type-simple","20":"entry","21":"content-bg","22":"loop-entry"},"yoast_head":"<!-- This site is optimized with the Yoast SEO Premium plugin v27.5 (Yoast SEO v27.5) - https:\/\/yoast.com\/product\/yoast-seo-premium-wordpress\/ -->\n<title>Herbatka Zio\u0142owa na Odchudzanie \u2013 Zredukuj Wag\u0119 ju\u017c dzi\u015b<\/title>\n<meta name=\"description\" content=\"Herbatka Zio\u0142owa na Odchudzanie wspiera redukcj\u0119 t\u0142uszczu i nawodnienie. Naturalna zielona herbata, idealna podczas diety. Zam\u00f3w 2\u00d7250 g!\" \/>\n<meta name=\"robots\" content=\"index, follow, max-snippet:-1, max-image-preview:large, max-video-preview:-1\" \/>\n<link rel=\"canonical\" href=\"https:\/\/www.lraloeverashop.eu\/pl\/produkt\/herbatka-ziolowa-na-odchudzanie\/\" \/>\n<meta property=\"og:locale\" content=\"pl_PL\" \/>\n<meta property=\"og:type\" content=\"article\" \/>\n<meta property=\"og:title\" content=\"Herbatka Zio\u0142owa na Odchudzanie\" \/>\n<meta property=\"og:description\" content=\"Herbatka Zio\u0142owa na Odchudzanie wspiera redukcj\u0119 t\u0142uszczu i nawodnienie. Naturalna zielona herbata, idealna podczas diety. Zam\u00f3w 2\u00d7250 g!\" \/>\n<meta property=\"og:url\" content=\"https:\/\/www.lraloeverashop.eu\/pl\/produkt\/herbatka-ziolowa-na-odchudzanie\/\" \/>\n<meta property=\"og:site_name\" content=\"Lr Aloe Vera Shop\" \/>\n<meta property=\"article:publisher\" content=\"https:\/\/www.facebook.com\/lraloeverashop.eu\" \/>\n<meta property=\"article:modified_time\" content=\"2026-04-29T17:30:11+00:00\" \/>\n<meta property=\"og:image\" content=\"https:\/\/www.lraloeverashop.eu\/wp-content\/uploads\/2023\/04\/Weigh-Loss-Tea-Set.jpg\" \/>\n\t<meta property=\"og:image:width\" content=\"1200\" \/>\n\t<meta property=\"og:image:height\" content=\"1200\" \/>\n\t<meta property=\"og:image:type\" content=\"image\/jpeg\" \/>\n<meta name=\"twitter:card\" content=\"summary_large_image\" \/>\n<meta name=\"twitter:site\" content=\"@natur__kosmetik\" \/>\n<script type=\"application\/ld+json\" class=\"yoast-schema-graph\">{\"@context\":\"https:\\\/\\\/schema.org\",\"@graph\":[{\"@type\":[\"WebPage\",\"ItemPage\"],\"@id\":\"https:\\\/\\\/www.lraloeverashop.eu\\\/pl\\\/produkt\\\/herbatka-ziolowa-na-odchudzanie\\\/\",\"url\":\"https:\\\/\\\/www.lraloeverashop.eu\\\/pl\\\/produkt\\\/herbatka-ziolowa-na-odchudzanie\\\/\",\"name\":\"Herbatka Zio\u0142owa na Odchudzanie \u2013 Zredukuj Wag\u0119 ju\u017c dzi\u015b\",\"isPartOf\":{\"@id\":\"https:\\\/\\\/www.lraloeverashop.eu\\\/pl\\\/#website\"},\"primaryImageOfPage\":{\"@id\":\"https:\\\/\\\/www.lraloeverashop.eu\\\/pl\\\/produkt\\\/herbatka-ziolowa-na-odchudzanie\\\/#primaryimage\"},\"image\":{\"@id\":\"https:\\\/\\\/www.lraloeverashop.eu\\\/pl\\\/produkt\\\/herbatka-ziolowa-na-odchudzanie\\\/#primaryimage\"},\"thumbnailUrl\":\"https:\\\/\\\/www.lraloeverashop.eu\\\/wp-content\\\/uploads\\\/2023\\\/04\\\/Weigh-Loss-Tea-Set.jpg\",\"datePublished\":\"2023-04-02T15:59:18+00:00\",\"dateModified\":\"2026-04-29T17:30:11+00:00\",\"description\":\"Herbatka Zio\u0142owa na Odchudzanie wspiera redukcj\u0119 t\u0142uszczu i nawodnienie. Naturalna zielona herbata, idealna podczas diety. Zam\u00f3w 2\u00d7250 g!\",\"breadcrumb\":{\"@id\":\"https:\\\/\\\/www.lraloeverashop.eu\\\/pl\\\/produkt\\\/herbatka-ziolowa-na-odchudzanie\\\/#breadcrumb\"},\"inLanguage\":\"pl-PL\",\"potentialAction\":[{\"@type\":\"ReadAction\",\"target\":[\"https:\\\/\\\/www.lraloeverashop.eu\\\/pl\\\/produkt\\\/herbatka-ziolowa-na-odchudzanie\\\/\"]}]},{\"@type\":\"ImageObject\",\"inLanguage\":\"pl-PL\",\"@id\":\"https:\\\/\\\/www.lraloeverashop.eu\\\/pl\\\/produkt\\\/herbatka-ziolowa-na-odchudzanie\\\/#primaryimage\",\"url\":\"https:\\\/\\\/www.lraloeverashop.eu\\\/wp-content\\\/uploads\\\/2023\\\/04\\\/Weigh-Loss-Tea-Set.jpg\",\"contentUrl\":\"https:\\\/\\\/www.lraloeverashop.eu\\\/wp-content\\\/uploads\\\/2023\\\/04\\\/Weigh-Loss-Tea-Set.jpg\",\"width\":1200,\"height\":1200,\"caption\":\"Herbatka Zio\u0142owa na Odchudzanie dla redukcji t\u0142uszczu\"},{\"@type\":\"BreadcrumbList\",\"@id\":\"https:\\\/\\\/www.lraloeverashop.eu\\\/pl\\\/produkt\\\/herbatka-ziolowa-na-odchudzanie\\\/#breadcrumb\",\"itemListElement\":[{\"@type\":\"ListItem\",\"position\":1,\"name\":\"Home\",\"item\":\"https:\\\/\\\/www.lraloeverashop.eu\\\/pl\\\/\"},{\"@type\":\"ListItem\",\"position\":2,\"name\":\"Sklep\",\"item\":\"https:\\\/\\\/www.lraloeverashop.eu\\\/pl\\\/sklep\\\/\"},{\"@type\":\"ListItem\",\"position\":3,\"name\":\"Herbatka Zio\u0142owa na Odchudzanie\"}]},{\"@type\":\"WebSite\",\"@id\":\"https:\\\/\\\/www.lraloeverashop.eu\\\/pl\\\/#website\",\"url\":\"https:\\\/\\\/www.lraloeverashop.eu\\\/pl\\\/\",\"name\":\"Lr Aloe Vera Shop\",\"description\":\"High Quality Lr Aloe Vera Gel, Aloe Vera Cream and Shampoo\",\"publisher\":{\"@id\":\"https:\\\/\\\/www.lraloeverashop.eu\\\/pl\\\/#organization\"},\"alternateName\":\"LR\",\"potentialAction\":[{\"@type\":\"SearchAction\",\"target\":{\"@type\":\"EntryPoint\",\"urlTemplate\":\"https:\\\/\\\/www.lraloeverashop.eu\\\/pl\\\/?s={search_term_string}\"},\"query-input\":{\"@type\":\"PropertyValueSpecification\",\"valueRequired\":true,\"valueName\":\"search_term_string\"}}],\"inLanguage\":\"pl-PL\"},{\"@type\":\"Organization\",\"@id\":\"https:\\\/\\\/www.lraloeverashop.eu\\\/pl\\\/#organization\",\"name\":\"Sklep Lr Aloe Vera\",\"alternateName\":\"LR\",\"url\":\"https:\\\/\\\/www.lraloeverashop.eu\\\/pl\\\/\",\"logo\":{\"@type\":\"ImageObject\",\"inLanguage\":\"pl-PL\",\"@id\":\"https:\\\/\\\/www.lraloeverashop.eu\\\/pl\\\/#\\\/schema\\\/logo\\\/image\\\/\",\"url\":\"https:\\\/\\\/www.lraloeverashop.eu\\\/wp-content\\\/uploads\\\/2022\\\/09\\\/cropped-Lr-Aloe-Vera-Shop.jpg\",\"contentUrl\":\"https:\\\/\\\/www.lraloeverashop.eu\\\/wp-content\\\/uploads\\\/2022\\\/09\\\/cropped-Lr-Aloe-Vera-Shop.jpg\",\"width\":228,\"height\":76,\"caption\":\"Sklep Lr Aloe Vera\"},\"image\":{\"@id\":\"https:\\\/\\\/www.lraloeverashop.eu\\\/pl\\\/#\\\/schema\\\/logo\\\/image\\\/\"},\"sameAs\":[\"https:\\\/\\\/www.facebook.com\\\/lraloeverashop.eu\",\"https:\\\/\\\/x.com\\\/natur__kosmetik\",\"https:\\\/\\\/www.youtube.com\\\/channel\\\/UC5oN7BJ8nfYb8RpVtjwDEBA\",\"https:\\\/\\\/www.instagram.com\\\/lrbeautyeu\\\/\"],\"description\":\"Sklep LR Aloe Vera to Twoje zaufane \u017ar\u00f3d\u0142o wysokiej jako\u015bci produkt\u00f3w LR Health & Beauty wyprodukowanych w Niemczech. Oferujemy wysokiej jako\u015bci produkty do piel\u0119gnacji sk\u00f3ry, od\u017cywiania i przeciwstarzeniowe z aloesem, stworzone z czystych sk\u0142adnik\u00f3w i poparte badaniami naukowymi. Odkryj naturaln\u0105 piel\u0119gnacj\u0119, kt\u00f3ra regeneruje, chroni i rewitalizuje Twoj\u0105 sk\u00f3r\u0119 \u2014 i korzystaj z ekskluzywnych comiesi\u0119cznych ofert na nasze bestsellerowe produkty LR Aloe Vera.\\nRozpocznij swoj\u0105 naturaln\u0105 piel\u0119gnacj\u0119 sk\u00f3ry ju\u017c dzi\u015b i poczuj r\u00f3\u017cnic\u0119.\",\"email\":\"info@lraloeverashop.eu\",\"telephone\":\"+49 17670609653\",\"legalName\":\"Lr Aloe Vera Shop\",\"foundingDate\":\"2018-04-21\",\"numberOfEmployees\":{\"@type\":\"QuantitativeValue\",\"minValue\":\"1\",\"maxValue\":\"10\"}}]}<\/script>\n<meta property=\"product:price:amount\" content=\"38.99\" \/>\n<meta property=\"product:price:currency\" content=\"EUR\" \/>\n<meta property=\"og:availability\" content=\"out of stock\" \/>\n<meta property=\"product:availability\" content=\"out of stock\" \/>\n<meta property=\"product:retailer_item_id\" content=\"80399-1PL\" \/>\n<meta property=\"product:condition\" content=\"new\" \/>\n<!-- \/ Yoast SEO Premium plugin. -->","yoast_head_json":{"title":"Herbatka Zio\u0142owa na Odchudzanie \u2013 Zredukuj Wag\u0119 ju\u017c dzi\u015b","description":"Herbatka Zio\u0142owa na Odchudzanie wspiera redukcj\u0119 t\u0142uszczu i nawodnienie. Naturalna zielona herbata, idealna podczas diety. Zam\u00f3w 2\u00d7250 g!","robots":{"index":"index","follow":"follow","max-snippet":"max-snippet:-1","max-image-preview":"max-image-preview:large","max-video-preview":"max-video-preview:-1"},"canonical":"https:\/\/www.lraloeverashop.eu\/pl\/produkt\/herbatka-ziolowa-na-odchudzanie\/","og_locale":"pl_PL","og_type":"article","og_title":"Herbatka Zio\u0142owa na Odchudzanie","og_description":"Herbatka Zio\u0142owa na Odchudzanie wspiera redukcj\u0119 t\u0142uszczu i nawodnienie. Naturalna zielona herbata, idealna podczas diety. Zam\u00f3w 2\u00d7250 g!","og_url":"https:\/\/www.lraloeverashop.eu\/pl\/produkt\/herbatka-ziolowa-na-odchudzanie\/","og_site_name":"Lr Aloe Vera Shop","article_publisher":"https:\/\/www.facebook.com\/lraloeverashop.eu","article_modified_time":"2026-04-29T17:30:11+00:00","og_image":[{"width":1200,"height":1200,"url":"https:\/\/www.lraloeverashop.eu\/wp-content\/uploads\/2023\/04\/Weigh-Loss-Tea-Set.jpg","type":"image\/jpeg"}],"twitter_card":"summary_large_image","twitter_site":"@natur__kosmetik","schema":{"@context":"https:\/\/schema.org","@graph":[{"@type":["WebPage","ItemPage"],"@id":"https:\/\/www.lraloeverashop.eu\/pl\/produkt\/herbatka-ziolowa-na-odchudzanie\/","url":"https:\/\/www.lraloeverashop.eu\/pl\/produkt\/herbatka-ziolowa-na-odchudzanie\/","name":"Herbatka Zio\u0142owa na Odchudzanie \u2013 Zredukuj Wag\u0119 ju\u017c dzi\u015b","isPartOf":{"@id":"https:\/\/www.lraloeverashop.eu\/pl\/#website"},"primaryImageOfPage":{"@id":"https:\/\/www.lraloeverashop.eu\/pl\/produkt\/herbatka-ziolowa-na-odchudzanie\/#primaryimage"},"image":{"@id":"https:\/\/www.lraloeverashop.eu\/pl\/produkt\/herbatka-ziolowa-na-odchudzanie\/#primaryimage"},"thumbnailUrl":"https:\/\/www.lraloeverashop.eu\/wp-content\/uploads\/2023\/04\/Weigh-Loss-Tea-Set.jpg","datePublished":"2023-04-02T15:59:18+00:00","dateModified":"2026-04-29T17:30:11+00:00","description":"Herbatka Zio\u0142owa na Odchudzanie wspiera redukcj\u0119 t\u0142uszczu i nawodnienie. Naturalna zielona herbata, idealna podczas diety. Zam\u00f3w 2\u00d7250 g!","breadcrumb":{"@id":"https:\/\/www.lraloeverashop.eu\/pl\/produkt\/herbatka-ziolowa-na-odchudzanie\/#breadcrumb"},"inLanguage":"pl-PL","potentialAction":[{"@type":"ReadAction","target":["https:\/\/www.lraloeverashop.eu\/pl\/produkt\/herbatka-ziolowa-na-odchudzanie\/"]}]},{"@type":"ImageObject","inLanguage":"pl-PL","@id":"https:\/\/www.lraloeverashop.eu\/pl\/produkt\/herbatka-ziolowa-na-odchudzanie\/#primaryimage","url":"https:\/\/www.lraloeverashop.eu\/wp-content\/uploads\/2023\/04\/Weigh-Loss-Tea-Set.jpg","contentUrl":"https:\/\/www.lraloeverashop.eu\/wp-content\/uploads\/2023\/04\/Weigh-Loss-Tea-Set.jpg","width":1200,"height":1200,"caption":"Herbatka Zio\u0142owa na Odchudzanie dla redukcji t\u0142uszczu"},{"@type":"BreadcrumbList","@id":"https:\/\/www.lraloeverashop.eu\/pl\/produkt\/herbatka-ziolowa-na-odchudzanie\/#breadcrumb","itemListElement":[{"@type":"ListItem","position":1,"name":"Home","item":"https:\/\/www.lraloeverashop.eu\/pl\/"},{"@type":"ListItem","position":2,"name":"Sklep","item":"https:\/\/www.lraloeverashop.eu\/pl\/sklep\/"},{"@type":"ListItem","position":3,"name":"Herbatka Zio\u0142owa na Odchudzanie"}]},{"@type":"WebSite","@id":"https:\/\/www.lraloeverashop.eu\/pl\/#website","url":"https:\/\/www.lraloeverashop.eu\/pl\/","name":"Lr Aloe Vera Shop","description":"High Quality Lr Aloe Vera Gel, Aloe Vera Cream and Shampoo","publisher":{"@id":"https:\/\/www.lraloeverashop.eu\/pl\/#organization"},"alternateName":"LR","potentialAction":[{"@type":"SearchAction","target":{"@type":"EntryPoint","urlTemplate":"https:\/\/www.lraloeverashop.eu\/pl\/?s={search_term_string}"},"query-input":{"@type":"PropertyValueSpecification","valueRequired":true,"valueName":"search_term_string"}}],"inLanguage":"pl-PL"},{"@type":"Organization","@id":"https:\/\/www.lraloeverashop.eu\/pl\/#organization","name":"Sklep Lr Aloe Vera","alternateName":"LR","url":"https:\/\/www.lraloeverashop.eu\/pl\/","logo":{"@type":"ImageObject","inLanguage":"pl-PL","@id":"https:\/\/www.lraloeverashop.eu\/pl\/#\/schema\/logo\/image\/","url":"https:\/\/www.lraloeverashop.eu\/wp-content\/uploads\/2022\/09\/cropped-Lr-Aloe-Vera-Shop.jpg","contentUrl":"https:\/\/www.lraloeverashop.eu\/wp-content\/uploads\/2022\/09\/cropped-Lr-Aloe-Vera-Shop.jpg","width":228,"height":76,"caption":"Sklep Lr Aloe Vera"},"image":{"@id":"https:\/\/www.lraloeverashop.eu\/pl\/#\/schema\/logo\/image\/"},"sameAs":["https:\/\/www.facebook.com\/lraloeverashop.eu","https:\/\/x.com\/natur__kosmetik","https:\/\/www.youtube.com\/channel\/UC5oN7BJ8nfYb8RpVtjwDEBA","https:\/\/www.instagram.com\/lrbeautyeu\/"],"description":"Sklep LR Aloe Vera to Twoje zaufane \u017ar\u00f3d\u0142o wysokiej jako\u015bci produkt\u00f3w LR Health & Beauty wyprodukowanych w Niemczech. Oferujemy wysokiej jako\u015bci produkty do piel\u0119gnacji sk\u00f3ry, od\u017cywiania i przeciwstarzeniowe z aloesem, stworzone z czystych sk\u0142adnik\u00f3w i poparte badaniami naukowymi. Odkryj naturaln\u0105 piel\u0119gnacj\u0119, kt\u00f3ra regeneruje, chroni i rewitalizuje Twoj\u0105 sk\u00f3r\u0119 \u2014 i korzystaj z ekskluzywnych comiesi\u0119cznych ofert na nasze bestsellerowe produkty LR Aloe Vera.\nRozpocznij swoj\u0105 naturaln\u0105 piel\u0119gnacj\u0119 sk\u00f3ry ju\u017c dzi\u015b i poczuj r\u00f3\u017cnic\u0119.","email":"info@lraloeverashop.eu","telephone":"+49 17670609653","legalName":"Lr Aloe Vera Shop","foundingDate":"2018-04-21","numberOfEmployees":{"@type":"QuantitativeValue","minValue":"1","maxValue":"10"}}]},"product_price_amount":"38.99","product_price_currency":"EUR","og_availability":"out of stock","product_availability":"out of stock","product_retailer_item_id":"80399-1PL","product_condition":"new"},"taxonomy_info":{"product_cat":[{"value":1105,"label":"Jelita &amp; Trawienie"},{"value":1090,"label":"Oferty"},{"value":1100,"label":"Specjali\u015bci"},{"value":1086,"label":"Towarzysz diety"},{"value":1085,"label":"Zamienniki posi\u0142k\u00f3w"}],"product_tag":[{"value":1126,"label":"dieta"}]},"featured_image_src_large":["https:\/\/www.lraloeverashop.eu\/wp-content\/uploads\/2023\/04\/Weigh-Loss-Tea-Set-1024x1024.jpg",1024,1024,true],"author_info":[],"comment_info":0,"_links":{"self":[{"href":"https:\/\/www.lraloeverashop.eu\/pl\/wp-json\/wp\/v2\/product\/29837","targetHints":{"allow":["GET"]}}],"collection":[{"href":"https:\/\/www.lraloeverashop.eu\/pl\/wp-json\/wp\/v2\/product"}],"about":[{"href":"https:\/\/www.lraloeverashop.eu\/pl\/wp-json\/wp\/v2\/types\/product"}],"replies":[{"embeddable":true,"href":"https:\/\/www.lraloeverashop.eu\/pl\/wp-json\/wp\/v2\/comments?post=29837"}],"wp:featuredmedia":[{"embeddable":true,"href":"https:\/\/www.lraloeverashop.eu\/pl\/wp-json\/wp\/v2\/media\/27001"}],"wp:attachment":[{"href":"https:\/\/www.lraloeverashop.eu\/pl\/wp-json\/wp\/v2\/media?parent=29837"}],"wp:term":[{"taxonomy":"product_brand","embeddable":true,"href":"https:\/\/www.lraloeverashop.eu\/pl\/wp-json\/wp\/v2\/product_brand?post=29837"},{"taxonomy":"product_cat","embeddable":true,"href":"https:\/\/www.lraloeverashop.eu\/pl\/wp-json\/wp\/v2\/product_cat?post=29837"},{"taxonomy":"product_tag","embeddable":true,"href":"https:\/\/www.lraloeverashop.eu\/pl\/wp-json\/wp\/v2\/product_tag?post=29837"}],"curies":[{"name":"wp","href":"https:\/\/api.w.org\/{rel}","templated":true}]}}