{"id":29822,"date":"2023-11-01T11:49:13","date_gmt":"2023-11-01T10:49:13","guid":{"rendered":"https:\/\/www.lraloeverashop.eu\/product\/aloes-drink-immune-plus\/"},"modified":"2026-02-17T18:38:18","modified_gmt":"2026-02-17T17:38:18","slug":"aloes-drink-immune-plus","status":"publish","type":"product","link":"https:\/\/www.lraloeverashop.eu\/pl\/produkt\/aloes-drink-immune-plus\/","title":{"rendered":"Aloes Drink Immune Plus"},"content":{"rendered":"<h2><span style=\"font-size: 16pt; color: #000000;\"><strong>Aloes Drink Immune Plus<\/strong><\/span><\/h2>\n<p><span style=\"font-size: 14pt; color: #000000;\"><strong>Aloes Drink Immune Plus \u2013 85% \u017celu Aloe Vera i witamina C dla wsparcia odporno\u015bci<\/strong><\/span><\/p>\n<p>Aloes Drink Immune Plus to wyj\u0105tkowa formu\u0142a opracowana z my\u015bl\u0105 o kompleksowym wsparciu uk\u0142adu odporno\u015bciowego. Dzi\u0119ki wysokiej zawarto\u015bci 85% \u017celu Aloe Vera oraz dodatkowi witaminy C, cynku i selenu, nap\u00f3j dzia\u0142a wielokierunkowo, pomagaj\u0105c organizmowi utrzyma\u0107 naturaln\u0105 odporno\u015b\u0107 i witalno\u015b\u0107 ka\u017cdego dnia.<\/p>\n<p>Wspiera uk\u0142ad odporno\u015bciowy na trzy sposoby:<\/p>\n<p>&nbsp;<\/p>\n<p><span style=\"color: #800000;\"><strong>+ WZMACNIA:<\/strong> <\/span>Witamina C, cynk i selen przyczyniaj\u0105 si\u0119 do prawid\u0142owego funkcjonowania uk\u0142adu odporno\u015bciowego\u00b9.<\/p>\n<p><strong><span style=\"color: #800000;\">+ AKTYWUJE:<\/span><\/strong> Cynk odgrywa istotn\u0105 rol\u0119 w procesie podzia\u0142u kom\u00f3rek\u00b2 i wspiera prawid\u0142owe reakcje metaboliczne\u2076.<\/p>\n<p><span style=\"color: #800000;\"><strong>+ STYMULUJE:<\/strong><\/span> Witamina C wspiera prawid\u0142owy metabolizm energetyczny\u00b3 oraz pomaga chroni\u0107 kom\u00f3rki przed stresem oksydacyjnym\u2075.<\/p>\n<h3><span style=\"color: #000000;\"><strong><span style=\"font-size: 16pt;\">The multi-talented Aloe Vera<\/span><\/strong><\/span><\/h3>\n<p>Aloe Vera zawiera cenne substancje aktywne, takie jak acemannan, witaminy, mikroelementy, minera\u0142y i enzymy.<\/p>\n<p><span style=\"color: #800000;\"><strong>Imbir<\/strong> <\/span>dostarcza naturalnych olejk\u00f3w eterycznych oraz cennych minera\u0142\u00f3w.<br \/>\n<span style=\"color: #800000;\"><strong>Mi\u00f3d<\/strong> <\/span>zawiera bioaktywne substancje i przeciwutleniacze.<br \/>\n<strong><span style=\"color: #800000;\">Cytryna<\/span><\/strong> jest naturalnym \u017ar\u00f3d\u0142em witaminy C.<br \/>\n<strong><span style=\"color: #800000;\">Cynk i selen<\/span><\/strong> wspieraj\u0105 prawid\u0142owe funkcjonowanie uk\u0142adu odporno\u015bciowego\u00b9 i procesy metaboliczne.<\/p>\n<p>&nbsp;<\/p>\n<h3><span style=\"color: #000000;\"><strong><span style=\"font-size: 16pt;\">Wielozadaniowy aloes<\/span><\/strong><\/span><\/h3>\n<p>Dzi\u0119ki zawarto\u015bci witaminy C Aloe Vera Drinking Gels:<\/p>\n<ul>\n<li>Aloes Drink Immune Plus wspieraj\u0105 produkcj\u0119 energii\u2077<\/li>\n<li>Przyczyniaj\u0105 si\u0119 do prawid\u0142owego funkcjonowania uk\u0142adu odporno\u015bciowego\u2078<\/li>\n<li>Pomagaj\u0105 zmniejszy\u0107 uczucie zm\u0119czenia i znu\u017cenia\u2079<\/li>\n<li>Wspieraj\u0105 metabolizm\u2077<\/li>\n<li>Przyczyniaj\u0105 si\u0119 do prawid\u0142owej produkcji kolagenu dla zdrowia sk\u00f3ry, ko\u015bci i naczy\u0144 krwiono\u015bnych\u00b9\u2070<\/li>\n<\/ul>\n<p>&nbsp;<\/p>\n<p><span style=\"font-size: 12px;\"><sup>1<\/sup><\/span> Witamina C, cynk i selen przyczyniaj\u0105 si\u0119 do prawid\u0142owego funkcjonowania uk\u0142adu odporno\u015bciowego.<br \/>\n<span style=\"font-size: 12px;\"><sup>2<\/sup><\/span> Cynk odgrywa istotn\u0105 rol\u0119 w procesie podzia\u0142u kom\u00f3rek.<br \/>\n<span style=\"font-size: 12px;\"><sup>3<\/sup><\/span> Witamina C przyczynia si\u0119 do prawid\u0142owego przebiegu proces\u00f3w metabolicznych maj\u0105cych na celu produkcj\u0119 energii.<br \/>\n<span style=\"font-size: 12px;\"><sup>4<\/sup><\/span> \u017bele Aloe zawieraj\u0105 witamin\u0119 C, kt\u00f3ra przyczynia si\u0119 do prawid\u0142owego funkcjonowania uk\u0142adu odporno\u015bciowego.<br \/>\n<span style=\"font-size: 12px;\"><sup>5<\/sup><\/span> Witamina C pomaga w ochronie kom\u00f3rek przed stresem oksydacyjnym.<br \/>\n<span style=\"font-size: 12px;\"><sup>6<\/sup><\/span> Cynk przyczynia si\u0119 do utrzymania prawid\u0142owego metabolizmu kwasowo-zasadowego.<br \/>\n<span style=\"font-size: 12px;\"><sup>7<\/sup><\/span> \u017bele Aloe Vera zawieraj\u0105 witamin\u0119 C, kt\u00f3ra przyczynia si\u0119 do prawid\u0142owego przebiegu proces\u00f3w metabolicznych maj\u0105cych na celu produkcj\u0119 energii.<br \/>\n<span style=\"font-size: 12px;\"><sup>8<\/sup><\/span> Aloes Drink Immune Plus zawiera witamin\u0119 C, kt\u00f3ra przyczynia si\u0119 do prawid\u0142owego funkcjonowania uk\u0142adu odporno\u015bciowego.<br \/>\n<span style=\"font-size: 12px;\"><sup>9<\/sup><\/span> \u017bele do picia Aloe Vera zawieraj\u0105 witamin\u0119 C, kt\u00f3ra pomaga zmniejszy\u0107 uczucie zm\u0119czenia i znu\u017cenia oraz pomaga w regeneracji zredukowanej formy witaminy E.<br \/>\n<span style=\"font-size: 12px;\"><sup>10<\/sup><\/span> Witamina C przyczynia si\u0119 do prawid\u0142owej produkcji kolagenu w celu zapewnienia prawid\u0142owego funkcjonowania naczy\u0144 krwiono\u015bnych, ko\u015bci i sk\u00f3ry. Witamina C przyczynia si\u0119 r\u00f3wnie\u017c do prawid\u0142owego przebiegu proces\u00f3w metabolicznych maj\u0105cych na celu produkcj\u0119 energii oraz do prawid\u0142owego funkcjonowania uk\u0142adu nerwowego.<\/p>\n<p>&nbsp;<\/p>\n<h2><span style=\"color: #000000;\"><strong><span style=\"font-size: 16pt;\">Jak stosowa\u0107 Aloes Drink Immune Plus<\/span><\/strong><\/span><\/h2>\n<p>Zalecana dzienna porcja: 30 ml 3 razy dziennie przed posi\u0142kiem.<br \/>\nDzieci poni\u017cej 12 lat: 20 ml 2 razy dziennie.<\/p>\n<p>Mo\u017cna spo\u017cywa\u0107 bezpo\u015brednio, rozcie\u0144czy\u0107 w wodzie, pi\u0107 sch\u0142odzony lub w temperaturze pokojowej. Nie miesza\u0107 z wrz\u0105tkiem, aby nie obni\u017cy\u0107 skuteczno\u015bci sk\u0142adnik\u00f3w.<\/p>\n<p>Nie przekracza\u0107 zalecanej dziennej porcji.<br \/>\nProdukt nie zast\u0119puje zr\u00f3\u017cnicowanej diety i zdrowego stylu \u017cycia.<br \/>\nPrzechowywa\u0107 w lod\u00f3wce i poza zasi\u0119giem dzieci.<\/p>\n<p>&nbsp;<\/p>\n<h3><span style=\"color: #000000;\"><strong><span style=\"font-size: 16pt;\">Czy wiedzia\u0142e\u015b o tym?<\/span><\/strong><\/span><\/h3>\n<p><strong>Najwy\u017csza jako\u015b\u0107<\/strong><\/p>\n<p>Aloes Drink Immune Plus posiada certyfikaty SGS Institut Fresenius oraz IASC, potwierdzaj\u0105ce:<\/p>\n<p>Wysok\u0105 jako\u015b\u0107 i czysto\u015b\u0107 \u017celu Aloe Vera bez aloiny<br \/>\nZr\u00f3wnowa\u017cone uprawy w Meksyku<br \/>\nDelikatny proces produkcji i rygorystyczne standardy jako\u015bci<\/p>\n<p>&nbsp;<\/p>\n","protected":false},"excerpt":{"rendered":"<ul>\n<li><strong><span style=\"color: #ff0000;\">Oferta limitowana<\/span><\/strong><\/li>\n<li>Potr\u00f3jne wsparcie dla Twojego uk\u0142adu odporno\u015bciowego<\/li>\n<li>85% \u017celu Aloe Vera, z imbirem, cytryn\u0105 i miodem<\/li>\n<li>Z witamin\u0105 C, cynkiem i selenem\u00b9<\/li>\n<li>Najwy\u017csza jako\u015b\u0107 \u2013 wyprodukowano w Niemczech<\/li>\n<li>Zawarto\u015b\u0107: 2 \u00d7 1000 ml<\/li>\n<\/ul>\n<p style=\"text-align: left;\"><span style=\"color: #ff0000;\"><a style=\"color: #ff0000;\" href=\"https:\/\/shop.lrworld.com\/openpao?PHP=0vFlt7jT938BEnBI3a6e9w%3D%3D\"><span style=\"font-size: 14pt;\"><strong>Zarejestruj si\u0119 i oszcz\u0119dzaj 35% przy ka\u017cdym zam\u00f3wieniu<\/strong><\/span><\/a><\/span><\/p>\n","protected":false},"featured_media":27009,"comment_status":"open","ping_status":"closed","template":"","meta":{"_kad_blocks_custom_css":"","_kad_blocks_head_custom_js":"","_kad_blocks_body_custom_js":"","_kad_blocks_footer_custom_js":"","_kadence_starter_templates_imported_post":false,"_kad_post_transparent":"default","_kad_post_title":"","_kad_post_layout":"default","_kad_post_sidebar_id":"","_kad_post_content_style":"default","_kad_post_vertical_padding":"default","_kad_post_feature":"","_kad_post_feature_position":"","_kad_post_header":false,"_kad_post_footer":false,"_kad_post_classname":""},"product_brand":[],"product_cat":[1082,1105,1090,1099,1081,1100,1083],"product_tag":[1125,1136],"class_list":{"0":"post-29822","1":"product","2":"type-product","3":"status-publish","4":"has-post-thumbnail","6":"product_cat-zele-do-picia","7":"product_cat-jelita-trawienie","8":"product_cat-oferty","9":"product_cat-oszczedzaj-w-zestawie","10":"product_cat-podstawa","11":"product_cat-specjalisci","12":"product_cat-uklad-odpornosciowy","13":"product_tag-napoje-detoksykacyjne","14":"product_tag-wzmacniacz-odpornosci","16":"first","17":"instock","18":"sale","19":"taxable","20":"shipping-taxable","21":"purchasable","22":"product-type-simple","23":"entry","24":"content-bg","25":"loop-entry"},"yoast_head":"<!-- This site is optimized with the Yoast SEO Premium plugin v27.4 (Yoast SEO v27.4) - https:\/\/yoast.com\/product\/yoast-seo-premium-wordpress\/ -->\n<title>Aloes Drink Immune Plus \u2013 85% Aloesu + Witamina C<\/title>\n<meta name=\"description\" content=\"Aloes Drink Immune Plus 85% \u017celu Aloe Vera z wit. C, cynkiem i selenem. Naturalne wsparcie odporno\u015bci. Zam\u00f3w 2 \u00d7 1000 ml ju\u017c dzi\u015b! Oferta limitowana\" \/>\n<meta name=\"robots\" content=\"index, follow, max-snippet:-1, max-image-preview:large, max-video-preview:-1\" \/>\n<link rel=\"canonical\" href=\"https:\/\/www.lraloeverashop.eu\/pl\/produkt\/aloes-drink-immune-plus\/\" \/>\n<meta property=\"og:locale\" content=\"pl_PL\" \/>\n<meta property=\"og:type\" content=\"article\" \/>\n<meta property=\"og:title\" content=\"Aloes Drink Immune Plus\" \/>\n<meta property=\"og:description\" content=\"Aloes Drink Immune Plus 85% \u017celu Aloe Vera z wit. C, cynkiem i selenem. Naturalne wsparcie odporno\u015bci. Zam\u00f3w 2 \u00d7 1000 ml ju\u017c dzi\u015b! Oferta limitowana\" \/>\n<meta property=\"og:url\" content=\"https:\/\/www.lraloeverashop.eu\/pl\/produkt\/aloes-drink-immune-plus\/\" \/>\n<meta property=\"og:site_name\" content=\"Lr Aloe Vera Shop\" \/>\n<meta property=\"article:publisher\" content=\"https:\/\/www.facebook.com\/lraloeverashop.eu\" \/>\n<meta property=\"article:modified_time\" content=\"2026-02-17T17:38:18+00:00\" \/>\n<meta property=\"og:image\" content=\"https:\/\/www.lraloeverashop.eu\/wp-content\/uploads\/2023\/03\/Aloe-Vera-Gel-Immune-Plus-2-Pieces-Set.jpeg\" \/>\n\t<meta property=\"og:image:width\" content=\"1200\" \/>\n\t<meta property=\"og:image:height\" content=\"1200\" \/>\n\t<meta property=\"og:image:type\" content=\"image\/jpeg\" \/>\n<meta name=\"twitter:card\" content=\"summary_large_image\" \/>\n<meta name=\"twitter:site\" content=\"@natur__kosmetik\" \/>\n<script type=\"application\/ld+json\" class=\"yoast-schema-graph\">{\"@context\":\"https:\\\/\\\/schema.org\",\"@graph\":[{\"@type\":[\"WebPage\",\"ItemPage\"],\"@id\":\"https:\\\/\\\/www.lraloeverashop.eu\\\/pl\\\/produkt\\\/aloes-drink-immune-plus\\\/\",\"url\":\"https:\\\/\\\/www.lraloeverashop.eu\\\/pl\\\/produkt\\\/aloes-drink-immune-plus\\\/\",\"name\":\"Aloes Drink Immune Plus \u2013 85% Aloesu + Witamina C\",\"isPartOf\":{\"@id\":\"https:\\\/\\\/www.lraloeverashop.eu\\\/pl\\\/#website\"},\"primaryImageOfPage\":{\"@id\":\"https:\\\/\\\/www.lraloeverashop.eu\\\/pl\\\/produkt\\\/aloes-drink-immune-plus\\\/#primaryimage\"},\"image\":{\"@id\":\"https:\\\/\\\/www.lraloeverashop.eu\\\/pl\\\/produkt\\\/aloes-drink-immune-plus\\\/#primaryimage\"},\"thumbnailUrl\":\"https:\\\/\\\/www.lraloeverashop.eu\\\/wp-content\\\/uploads\\\/2023\\\/03\\\/Aloe-Vera-Gel-Immune-Plus-2-Pieces-Set.jpeg\",\"datePublished\":\"2023-11-01T10:49:13+00:00\",\"dateModified\":\"2026-02-17T17:38:18+00:00\",\"description\":\"Aloes Drink Immune Plus 85% \u017celu Aloe Vera z wit. C, cynkiem i selenem. Naturalne wsparcie odporno\u015bci. Zam\u00f3w 2 \u00d7 1000 ml ju\u017c dzi\u015b! Oferta limitowana\",\"breadcrumb\":{\"@id\":\"https:\\\/\\\/www.lraloeverashop.eu\\\/pl\\\/produkt\\\/aloes-drink-immune-plus\\\/#breadcrumb\"},\"inLanguage\":\"pl-PL\",\"potentialAction\":[{\"@type\":\"ReadAction\",\"target\":[\"https:\\\/\\\/www.lraloeverashop.eu\\\/pl\\\/produkt\\\/aloes-drink-immune-plus\\\/\"]}]},{\"@type\":\"ImageObject\",\"inLanguage\":\"pl-PL\",\"@id\":\"https:\\\/\\\/www.lraloeverashop.eu\\\/pl\\\/produkt\\\/aloes-drink-immune-plus\\\/#primaryimage\",\"url\":\"https:\\\/\\\/www.lraloeverashop.eu\\\/wp-content\\\/uploads\\\/2023\\\/03\\\/Aloe-Vera-Gel-Immune-Plus-2-Pieces-Set.jpeg\",\"contentUrl\":\"https:\\\/\\\/www.lraloeverashop.eu\\\/wp-content\\\/uploads\\\/2023\\\/03\\\/Aloe-Vera-Gel-Immune-Plus-2-Pieces-Set.jpeg\",\"width\":1200,\"height\":1200,\"caption\":\"Aloes Drink Immune Plus oferta limitowana\"},{\"@type\":\"BreadcrumbList\",\"@id\":\"https:\\\/\\\/www.lraloeverashop.eu\\\/pl\\\/produkt\\\/aloes-drink-immune-plus\\\/#breadcrumb\",\"itemListElement\":[{\"@type\":\"ListItem\",\"position\":1,\"name\":\"Home\",\"item\":\"https:\\\/\\\/www.lraloeverashop.eu\\\/pl\\\/\"},{\"@type\":\"ListItem\",\"position\":2,\"name\":\"Sklep\",\"item\":\"https:\\\/\\\/www.lraloeverashop.eu\\\/shop\\\/\"},{\"@type\":\"ListItem\",\"position\":3,\"name\":\"Aloes Drink Immune Plus\"}]},{\"@type\":\"WebSite\",\"@id\":\"https:\\\/\\\/www.lraloeverashop.eu\\\/pl\\\/#website\",\"url\":\"https:\\\/\\\/www.lraloeverashop.eu\\\/pl\\\/\",\"name\":\"Lr Aloe Vera Shop\",\"description\":\"High Quality Lr Aloe Vera Gel, Aloe Vera Cream and Shampoo\",\"publisher\":{\"@id\":\"https:\\\/\\\/www.lraloeverashop.eu\\\/pl\\\/#organization\"},\"potentialAction\":[{\"@type\":\"SearchAction\",\"target\":{\"@type\":\"EntryPoint\",\"urlTemplate\":\"https:\\\/\\\/www.lraloeverashop.eu\\\/pl\\\/?s={search_term_string}\"},\"query-input\":{\"@type\":\"PropertyValueSpecification\",\"valueRequired\":true,\"valueName\":\"search_term_string\"}}],\"inLanguage\":\"pl-PL\"},{\"@type\":\"Organization\",\"@id\":\"https:\\\/\\\/www.lraloeverashop.eu\\\/pl\\\/#organization\",\"name\":\"Sklep Lr Aloe Vera\",\"alternateName\":\"LR\",\"url\":\"https:\\\/\\\/www.lraloeverashop.eu\\\/pl\\\/\",\"logo\":{\"@type\":\"ImageObject\",\"inLanguage\":\"pl-PL\",\"@id\":\"https:\\\/\\\/www.lraloeverashop.eu\\\/pl\\\/#\\\/schema\\\/logo\\\/image\\\/\",\"url\":\"https:\\\/\\\/www.lraloeverashop.eu\\\/wp-content\\\/uploads\\\/2022\\\/09\\\/cropped-Lr-Aloe-Vera-Shop.jpg\",\"contentUrl\":\"https:\\\/\\\/www.lraloeverashop.eu\\\/wp-content\\\/uploads\\\/2022\\\/09\\\/cropped-Lr-Aloe-Vera-Shop.jpg\",\"width\":228,\"height\":76,\"caption\":\"Sklep Lr Aloe Vera\"},\"image\":{\"@id\":\"https:\\\/\\\/www.lraloeverashop.eu\\\/pl\\\/#\\\/schema\\\/logo\\\/image\\\/\"},\"sameAs\":[\"https:\\\/\\\/www.facebook.com\\\/lraloeverashop.eu\",\"https:\\\/\\\/x.com\\\/natur__kosmetik\",\"https:\\\/\\\/www.youtube.com\\\/channel\\\/UC5oN7BJ8nfYb8RpVtjwDEBA\",\"https:\\\/\\\/www.instagram.com\\\/lrbeautyeu\\\/\"],\"description\":\"Sklep LR Aloe Vera to Twoje zaufane \u017ar\u00f3d\u0142o wysokiej jako\u015bci produkt\u00f3w LR Health & Beauty wyprodukowanych w Niemczech. Oferujemy wysokiej jako\u015bci produkty do piel\u0119gnacji sk\u00f3ry, od\u017cywiania i przeciwstarzeniowe z aloesem, stworzone z czystych sk\u0142adnik\u00f3w i poparte badaniami naukowymi. Odkryj naturaln\u0105 piel\u0119gnacj\u0119, kt\u00f3ra regeneruje, chroni i rewitalizuje Twoj\u0105 sk\u00f3r\u0119 \u2014 i korzystaj z ekskluzywnych comiesi\u0119cznych ofert na nasze bestsellerowe produkty LR Aloe Vera.\\nRozpocznij swoj\u0105 naturaln\u0105 piel\u0119gnacj\u0119 sk\u00f3ry ju\u017c dzi\u015b i poczuj r\u00f3\u017cnic\u0119.\",\"email\":\"info@lraloeverashop.eu\",\"telephone\":\"+49 17670609653\",\"legalName\":\"Lr Aloe Vera Shop\",\"foundingDate\":\"2018-04-21\",\"numberOfEmployees\":{\"@type\":\"QuantitativeValue\",\"minValue\":\"1\",\"maxValue\":\"10\"}}]}<\/script>\n<meta property=\"product:price:amount\" content=\"86.99\" \/>\n<meta property=\"product:price:currency\" content=\"EUR\" \/>\n<meta property=\"og:availability\" content=\"instock\" \/>\n<meta property=\"product:availability\" content=\"instock\" \/>\n<meta property=\"product:retailer_item_id\" content=\"81002-1PL\" \/>\n<meta property=\"product:condition\" content=\"new\" \/>\n<!-- \/ Yoast SEO Premium plugin. -->","yoast_head_json":{"title":"Aloes Drink Immune Plus \u2013 85% Aloesu + Witamina C","description":"Aloes Drink Immune Plus 85% \u017celu Aloe Vera z wit. C, cynkiem i selenem. Naturalne wsparcie odporno\u015bci. Zam\u00f3w 2 \u00d7 1000 ml ju\u017c dzi\u015b! Oferta limitowana","robots":{"index":"index","follow":"follow","max-snippet":"max-snippet:-1","max-image-preview":"max-image-preview:large","max-video-preview":"max-video-preview:-1"},"canonical":"https:\/\/www.lraloeverashop.eu\/pl\/produkt\/aloes-drink-immune-plus\/","og_locale":"pl_PL","og_type":"article","og_title":"Aloes Drink Immune Plus","og_description":"Aloes Drink Immune Plus 85% \u017celu Aloe Vera z wit. C, cynkiem i selenem. Naturalne wsparcie odporno\u015bci. Zam\u00f3w 2 \u00d7 1000 ml ju\u017c dzi\u015b! Oferta limitowana","og_url":"https:\/\/www.lraloeverashop.eu\/pl\/produkt\/aloes-drink-immune-plus\/","og_site_name":"Lr Aloe Vera Shop","article_publisher":"https:\/\/www.facebook.com\/lraloeverashop.eu","article_modified_time":"2026-02-17T17:38:18+00:00","og_image":[{"width":1200,"height":1200,"url":"https:\/\/www.lraloeverashop.eu\/wp-content\/uploads\/2023\/03\/Aloe-Vera-Gel-Immune-Plus-2-Pieces-Set.jpeg","type":"image\/jpeg"}],"twitter_card":"summary_large_image","twitter_site":"@natur__kosmetik","schema":{"@context":"https:\/\/schema.org","@graph":[{"@type":["WebPage","ItemPage"],"@id":"https:\/\/www.lraloeverashop.eu\/pl\/produkt\/aloes-drink-immune-plus\/","url":"https:\/\/www.lraloeverashop.eu\/pl\/produkt\/aloes-drink-immune-plus\/","name":"Aloes Drink Immune Plus \u2013 85% Aloesu + Witamina C","isPartOf":{"@id":"https:\/\/www.lraloeverashop.eu\/pl\/#website"},"primaryImageOfPage":{"@id":"https:\/\/www.lraloeverashop.eu\/pl\/produkt\/aloes-drink-immune-plus\/#primaryimage"},"image":{"@id":"https:\/\/www.lraloeverashop.eu\/pl\/produkt\/aloes-drink-immune-plus\/#primaryimage"},"thumbnailUrl":"https:\/\/www.lraloeverashop.eu\/wp-content\/uploads\/2023\/03\/Aloe-Vera-Gel-Immune-Plus-2-Pieces-Set.jpeg","datePublished":"2023-11-01T10:49:13+00:00","dateModified":"2026-02-17T17:38:18+00:00","description":"Aloes Drink Immune Plus 85% \u017celu Aloe Vera z wit. C, cynkiem i selenem. Naturalne wsparcie odporno\u015bci. Zam\u00f3w 2 \u00d7 1000 ml ju\u017c dzi\u015b! Oferta limitowana","breadcrumb":{"@id":"https:\/\/www.lraloeverashop.eu\/pl\/produkt\/aloes-drink-immune-plus\/#breadcrumb"},"inLanguage":"pl-PL","potentialAction":[{"@type":"ReadAction","target":["https:\/\/www.lraloeverashop.eu\/pl\/produkt\/aloes-drink-immune-plus\/"]}]},{"@type":"ImageObject","inLanguage":"pl-PL","@id":"https:\/\/www.lraloeverashop.eu\/pl\/produkt\/aloes-drink-immune-plus\/#primaryimage","url":"https:\/\/www.lraloeverashop.eu\/wp-content\/uploads\/2023\/03\/Aloe-Vera-Gel-Immune-Plus-2-Pieces-Set.jpeg","contentUrl":"https:\/\/www.lraloeverashop.eu\/wp-content\/uploads\/2023\/03\/Aloe-Vera-Gel-Immune-Plus-2-Pieces-Set.jpeg","width":1200,"height":1200,"caption":"Aloes Drink Immune Plus oferta limitowana"},{"@type":"BreadcrumbList","@id":"https:\/\/www.lraloeverashop.eu\/pl\/produkt\/aloes-drink-immune-plus\/#breadcrumb","itemListElement":[{"@type":"ListItem","position":1,"name":"Home","item":"https:\/\/www.lraloeverashop.eu\/pl\/"},{"@type":"ListItem","position":2,"name":"Sklep","item":"https:\/\/www.lraloeverashop.eu\/shop\/"},{"@type":"ListItem","position":3,"name":"Aloes Drink Immune Plus"}]},{"@type":"WebSite","@id":"https:\/\/www.lraloeverashop.eu\/pl\/#website","url":"https:\/\/www.lraloeverashop.eu\/pl\/","name":"Lr Aloe Vera Shop","description":"High Quality Lr Aloe Vera Gel, Aloe Vera Cream and Shampoo","publisher":{"@id":"https:\/\/www.lraloeverashop.eu\/pl\/#organization"},"potentialAction":[{"@type":"SearchAction","target":{"@type":"EntryPoint","urlTemplate":"https:\/\/www.lraloeverashop.eu\/pl\/?s={search_term_string}"},"query-input":{"@type":"PropertyValueSpecification","valueRequired":true,"valueName":"search_term_string"}}],"inLanguage":"pl-PL"},{"@type":"Organization","@id":"https:\/\/www.lraloeverashop.eu\/pl\/#organization","name":"Sklep Lr Aloe Vera","alternateName":"LR","url":"https:\/\/www.lraloeverashop.eu\/pl\/","logo":{"@type":"ImageObject","inLanguage":"pl-PL","@id":"https:\/\/www.lraloeverashop.eu\/pl\/#\/schema\/logo\/image\/","url":"https:\/\/www.lraloeverashop.eu\/wp-content\/uploads\/2022\/09\/cropped-Lr-Aloe-Vera-Shop.jpg","contentUrl":"https:\/\/www.lraloeverashop.eu\/wp-content\/uploads\/2022\/09\/cropped-Lr-Aloe-Vera-Shop.jpg","width":228,"height":76,"caption":"Sklep Lr Aloe Vera"},"image":{"@id":"https:\/\/www.lraloeverashop.eu\/pl\/#\/schema\/logo\/image\/"},"sameAs":["https:\/\/www.facebook.com\/lraloeverashop.eu","https:\/\/x.com\/natur__kosmetik","https:\/\/www.youtube.com\/channel\/UC5oN7BJ8nfYb8RpVtjwDEBA","https:\/\/www.instagram.com\/lrbeautyeu\/"],"description":"Sklep LR Aloe Vera to Twoje zaufane \u017ar\u00f3d\u0142o wysokiej jako\u015bci produkt\u00f3w LR Health & Beauty wyprodukowanych w Niemczech. Oferujemy wysokiej jako\u015bci produkty do piel\u0119gnacji sk\u00f3ry, od\u017cywiania i przeciwstarzeniowe z aloesem, stworzone z czystych sk\u0142adnik\u00f3w i poparte badaniami naukowymi. Odkryj naturaln\u0105 piel\u0119gnacj\u0119, kt\u00f3ra regeneruje, chroni i rewitalizuje Twoj\u0105 sk\u00f3r\u0119 \u2014 i korzystaj z ekskluzywnych comiesi\u0119cznych ofert na nasze bestsellerowe produkty LR Aloe Vera.\nRozpocznij swoj\u0105 naturaln\u0105 piel\u0119gnacj\u0119 sk\u00f3ry ju\u017c dzi\u015b i poczuj r\u00f3\u017cnic\u0119.","email":"info@lraloeverashop.eu","telephone":"+49 17670609653","legalName":"Lr Aloe Vera Shop","foundingDate":"2018-04-21","numberOfEmployees":{"@type":"QuantitativeValue","minValue":"1","maxValue":"10"}}]},"product_price_amount":"86.99","product_price_currency":"EUR","og_availability":"instock","product_availability":"instock","product_retailer_item_id":"81002-1PL","product_condition":"new"},"taxonomy_info":{"product_cat":[{"value":1082,"label":"Aloesowe \u017bele do Picia"},{"value":1105,"label":"Jelita &amp; Trawienie"},{"value":1090,"label":"Oferty"},{"value":1099,"label":"Oszcz\u0119dzaj w zestawie"},{"value":1081,"label":"Podstawa"},{"value":1100,"label":"Specjali\u015bci"},{"value":1083,"label":"Uk\u0142ad odporno\u015bciowy i r\u00f3wnowaga"}],"product_tag":[{"value":1125,"label":"napoje detoksykacyjne"},{"value":1136,"label":"Wzmacniacz odporno\u015bci"}]},"featured_image_src_large":["https:\/\/www.lraloeverashop.eu\/wp-content\/uploads\/2023\/03\/Aloe-Vera-Gel-Immune-Plus-2-Pieces-Set-1024x1024.jpeg",1024,1024,true],"author_info":[],"comment_info":0,"_links":{"self":[{"href":"https:\/\/www.lraloeverashop.eu\/pl\/wp-json\/wp\/v2\/product\/29822","targetHints":{"allow":["GET"]}}],"collection":[{"href":"https:\/\/www.lraloeverashop.eu\/pl\/wp-json\/wp\/v2\/product"}],"about":[{"href":"https:\/\/www.lraloeverashop.eu\/pl\/wp-json\/wp\/v2\/types\/product"}],"replies":[{"embeddable":true,"href":"https:\/\/www.lraloeverashop.eu\/pl\/wp-json\/wp\/v2\/comments?post=29822"}],"wp:featuredmedia":[{"embeddable":true,"href":"https:\/\/www.lraloeverashop.eu\/pl\/wp-json\/wp\/v2\/media\/27009"}],"wp:attachment":[{"href":"https:\/\/www.lraloeverashop.eu\/pl\/wp-json\/wp\/v2\/media?parent=29822"}],"wp:term":[{"taxonomy":"product_brand","embeddable":true,"href":"https:\/\/www.lraloeverashop.eu\/pl\/wp-json\/wp\/v2\/product_brand?post=29822"},{"taxonomy":"product_cat","embeddable":true,"href":"https:\/\/www.lraloeverashop.eu\/pl\/wp-json\/wp\/v2\/product_cat?post=29822"},{"taxonomy":"product_tag","embeddable":true,"href":"https:\/\/www.lraloeverashop.eu\/pl\/wp-json\/wp\/v2\/product_tag?post=29822"}],"curies":[{"name":"wp","href":"https:\/\/api.w.org\/{rel}","templated":true}]}}