{"id":29818,"date":"2023-11-01T18:14:43","date_gmt":"2023-11-01T17:14:43","guid":{"rendered":"https:\/\/www.lraloeverashop.eu\/product\/aloe-vera-drink-brzoskwiniowy\/"},"modified":"2026-02-17T17:48:09","modified_gmt":"2026-02-17T16:48:09","slug":"aloe-vera-drink-brzoskwiniowy","status":"publish","type":"product","link":"https:\/\/www.lraloeverashop.eu\/pl\/produkt\/aloe-vera-drink-brzoskwiniowy\/","title":{"rendered":"Aloe Vera Drink Brzoskwiniowy"},"content":{"rendered":"<h2><span style=\"font-size: 16pt;\"><strong>Aloe Vera Drink Brzoskwiniowy<\/strong><\/span><\/h2>\n<p><span style=\"font-size: 14pt;\"><strong>Aloe Vera Drink Brzoskwiniowy \u2013 Odpowiedni r\u00f3wnie\u017c dla diabetyk\u00f3w<\/strong><\/span><\/p>\n<p>Aloes do Picia Brzoskwiniowy to wyj\u0105tkowa nowo\u015b\u0107, szczeg\u00f3lnie polecana osobom z cukrzyc\u0105 oraz wszystkim, kt\u00f3rzy zwracaj\u0105 uwag\u0119 na ograniczenie spo\u017cycia cukru. Produkt zawiera mniej kalorii, dzi\u0119ki czemu nie ma potrzeby ponownego przeliczania wymiennik\u00f3w w\u0119glowodanowych w codziennej diecie.<\/p>\n<p><strong>Zawiera jedynie 13,5 kJ, co czyni go lekkim i \u015bwiadomym wyborem dla os\u00f3b dbaj\u0105cych o poziom cukru we krwi oraz stabilny poziom insuliny.<\/strong><\/p>\n<p>Dla diabetyk\u00f3w niezwykle wa\u017cne jest utrzymywanie niskiego i kontrolowanego poziomu cukru w codziennym jad\u0142ospisie. Jednak obecnie r\u00f3wnie\u017c wiele os\u00f3b \u015bwiadomie dbaj\u0105cych o zdrowie ogranicza spo\u017cycie cukru. W\u0142a\u015bnie z my\u015bl\u0105 o tej grupie LR opracowa\u0142o Aloe Vera Drink Brzoskwiniowy.<\/p>\n<p>Nap\u00f3j sk\u0142ada si\u0119 w przewa\u017caj\u0105cej cz\u0119\u015bci z czystego \u017celu z li\u015bci Aloe Vera \u2013 a\u017c 98% jego sk\u0142adu to wysokiej jako\u015bci mi\u0105\u017csz aloesowy. Dzi\u0119ki temu wspiera organizm w naturalny spos\u00f3b i doskonale wpisuje si\u0119 w zr\u00f3wnowa\u017cony styl \u017cycia.<\/p>\n<p>Dodatkowo produkt pokrywa 100% dziennego zapotrzebowania na witamin\u0119 C, kt\u00f3ra wspiera prawid\u0142owe funkcjonowanie uk\u0142adu odporno\u015bciowego oraz pomaga chroni\u0107 kom\u00f3rki przed stresem oksydacyjnym.<\/p>\n<p>&nbsp;<\/p>\n<h3><strong><span style=\"font-size: 16pt;\">Dlaczego warto wybra\u0107 Aloe Vera Drink Brzoskwiniowy?<\/span><\/strong><\/h3>\n<ul>\n<li>Zawiera 98% czystego \u017celu Aloe Vera<\/li>\n<li>Niska kaloryczno\u015b\u0107 \u2013 tylko 13,5 kJ<\/li>\n<li>Odpowiedni r\u00f3wnie\u017c dla diabetyk\u00f3w<\/li>\n<li>Pokrywa 100% dziennego zapotrzebowania na witamin\u0119 C<\/li>\n<li>Delikatny proces produkcji, zachowuj\u0105cy cenne sk\u0142adniki<\/li>\n<li>Przyjemny, brzoskwiniowy smak<\/li>\n<\/ul>\n<p>To doskona\u0142y wyb\u00f3r dla os\u00f3b, kt\u00f3re chc\u0105 po\u0142\u0105czy\u0107 naturalne wsparcie organizmu z lekk\u0105, owocow\u0105 nut\u0105 smaku.<\/p>\n<h3><strong><span style=\"font-size: 16pt;\">Jak stosowa\u0107<\/span><\/strong><\/h3>\n<p><strong>Zalecane spo\u017cycie:<\/strong> 30 ml \u017celu Aloe Vera 3 razy dziennie, najlepiej przed posi\u0142kiem (w razie potrzeby mo\u017cna rozcie\u0144czy\u0107 wod\u0105 lub sokiem owocowym).<\/p>\n<p><strong>Pomys\u0142 na przepis:<\/strong><br \/>\nWypij Aloe Vera Drink Brzoskwiniowy z ulubionym sokiem owocowym lub dodaj do jogurtu, \u015bwie\u017cych owoc\u00f3w i musli, tworz\u0105c zdrowe, pe\u0142nowarto\u015bciowe \u015bniadanie.<\/p>\n<p>Przed u\u017cyciem dobrze wstrz\u0105sn\u0105\u0107. Po otwarciu przechowywa\u0107 w lod\u00f3wce i spo\u017cy\u0107 w kr\u00f3tkim czasie.<br \/>\nNie przekracza\u0107 zalecanej dziennej porcji. Suplementy diety nie zast\u0119puj\u0105 zr\u00f3\u017cnicowanej i zbilansowanej diety oraz zdrowego stylu \u017cycia.<br \/>\nPrzechowywa\u0107 w miejscu niedost\u0119pnym dla ma\u0142ych dzieci.<\/p>\n","protected":false},"excerpt":{"rendered":"<ul>\n<li><span style=\"color: #ff0000;\"><strong data-start=\"2371\" data-end=\"2392\">Oferta limitowana<\/strong><\/span><\/li>\n<li>Zawiera 98% czystego \u017celu Aloe Vera<\/li>\n<li>Pokrywa 100% zalecanej dziennej dawki witaminy C<\/li>\n<li>Szczeg\u00f3lnie delikatny proces produkcji<\/li>\n<li>Odpowiedni r\u00f3wnie\u017c dla diabetyk\u00f3w<\/li>\n<li>Zawarto\u015b\u0107: 2 \u00d7 1000 ml<\/li>\n<\/ul>\n<p style=\"text-align: left;\"><span style=\"color: #ff0000;\"><a style=\"color: #ff0000;\" href=\"https:\/\/shop.lrworld.com\/openpao?PHP=0vFlt7jT938BEnBI3a6e9w%3D%3D\"><span style=\"font-size: 14pt;\"><strong>Zarejestruj si\u0119 i oszcz\u0119dzaj 35% przy ka\u017cdym zam\u00f3wieniu<\/strong><\/span><\/a><\/span><\/p>\n","protected":false},"featured_media":27007,"comment_status":"open","ping_status":"closed","template":"","meta":{"_kad_blocks_custom_css":"","_kad_blocks_head_custom_js":"","_kad_blocks_body_custom_js":"","_kad_blocks_footer_custom_js":"","_kadence_starter_templates_imported_post":false,"_kad_post_transparent":"default","_kad_post_title":"","_kad_post_layout":"default","_kad_post_sidebar_id":"","_kad_post_content_style":"default","_kad_post_vertical_padding":"default","_kad_post_feature":"","_kad_post_feature_position":"","_kad_post_header":false,"_kad_post_footer":false,"_kad_post_classname":""},"product_brand":[],"product_cat":[1082,1105,1090,1099,1081,1100],"product_tag":[1125],"class_list":{"0":"post-29818","1":"product","2":"type-product","3":"status-publish","4":"has-post-thumbnail","6":"product_cat-zele-do-picia","7":"product_cat-jelita-trawienie","8":"product_cat-oferty","9":"product_cat-oszczedzaj-w-zestawie","10":"product_cat-podstawa","11":"product_cat-specjalisci","12":"product_tag-napoje-detoksykacyjne","14":"first","15":"instock","16":"sale","17":"taxable","18":"shipping-taxable","19":"purchasable","20":"product-type-simple","21":"entry","22":"content-bg","23":"loop-entry"},"yoast_head":"<!-- This site is optimized with the Yoast SEO Premium plugin v27.4 (Yoast SEO v27.4) - https:\/\/yoast.com\/product\/yoast-seo-premium-wordpress\/ -->\n<title>Aloe Vera Drink Brzoskwiniowy - 98% Aloesu Oferta Limitowana<\/title>\n<meta name=\"description\" content=\"Wybierz Aloe Vera Drink Brzoskwiniowy 98% aloesu. Niskokaloryczny, z witamin\u0105 C \u2013 idealny dla \u015bwiadomych zdrowia. Kup teraz 2 \u00d7 1000 ml!\" \/>\n<meta name=\"robots\" content=\"index, follow, max-snippet:-1, max-image-preview:large, max-video-preview:-1\" \/>\n<link rel=\"canonical\" href=\"https:\/\/www.lraloeverashop.eu\/pl\/produkt\/aloe-vera-drink-brzoskwiniowy\/\" \/>\n<meta property=\"og:locale\" content=\"pl_PL\" \/>\n<meta property=\"og:type\" content=\"article\" \/>\n<meta property=\"og:title\" content=\"Aloe Vera Drink Brzoskwiniowy\" \/>\n<meta property=\"og:description\" content=\"Wybierz Aloe Vera Drink Brzoskwiniowy 98% aloesu. Niskokaloryczny, z witamin\u0105 C \u2013 idealny dla \u015bwiadomych zdrowia. Kup teraz 2 \u00d7 1000 ml!\" \/>\n<meta property=\"og:url\" content=\"https:\/\/www.lraloeverashop.eu\/pl\/produkt\/aloe-vera-drink-brzoskwiniowy\/\" \/>\n<meta property=\"og:site_name\" content=\"Lr Aloe Vera Shop\" \/>\n<meta property=\"article:publisher\" content=\"https:\/\/www.facebook.com\/lraloeverashop.eu\" \/>\n<meta property=\"article:modified_time\" content=\"2026-02-17T16:48:09+00:00\" \/>\n<meta property=\"og:image\" content=\"https:\/\/www.lraloeverashop.eu\/wp-content\/uploads\/2023\/03\/Aloe-Vera-Gel-Peach-2-Pieces-Set.jpeg\" \/>\n\t<meta property=\"og:image:width\" content=\"1200\" \/>\n\t<meta property=\"og:image:height\" content=\"1200\" \/>\n\t<meta property=\"og:image:type\" content=\"image\/jpeg\" \/>\n<meta name=\"twitter:card\" content=\"summary_large_image\" \/>\n<meta name=\"twitter:site\" content=\"@natur__kosmetik\" \/>\n<script type=\"application\/ld+json\" class=\"yoast-schema-graph\">{\"@context\":\"https:\\\/\\\/schema.org\",\"@graph\":[{\"@type\":[\"WebPage\",\"ItemPage\"],\"@id\":\"https:\\\/\\\/www.lraloeverashop.eu\\\/pl\\\/produkt\\\/aloe-vera-drink-brzoskwiniowy\\\/\",\"url\":\"https:\\\/\\\/www.lraloeverashop.eu\\\/pl\\\/produkt\\\/aloe-vera-drink-brzoskwiniowy\\\/\",\"name\":\"Aloe Vera Drink Brzoskwiniowy - 98% Aloesu Oferta Limitowana\",\"isPartOf\":{\"@id\":\"https:\\\/\\\/www.lraloeverashop.eu\\\/pl\\\/#website\"},\"primaryImageOfPage\":{\"@id\":\"https:\\\/\\\/www.lraloeverashop.eu\\\/pl\\\/produkt\\\/aloe-vera-drink-brzoskwiniowy\\\/#primaryimage\"},\"image\":{\"@id\":\"https:\\\/\\\/www.lraloeverashop.eu\\\/pl\\\/produkt\\\/aloe-vera-drink-brzoskwiniowy\\\/#primaryimage\"},\"thumbnailUrl\":\"https:\\\/\\\/www.lraloeverashop.eu\\\/wp-content\\\/uploads\\\/2023\\\/03\\\/Aloe-Vera-Gel-Peach-2-Pieces-Set.jpeg\",\"datePublished\":\"2023-11-01T17:14:43+00:00\",\"dateModified\":\"2026-02-17T16:48:09+00:00\",\"description\":\"Wybierz Aloe Vera Drink Brzoskwiniowy 98% aloesu. Niskokaloryczny, z witamin\u0105 C \u2013 idealny dla \u015bwiadomych zdrowia. Kup teraz 2 \u00d7 1000 ml!\",\"breadcrumb\":{\"@id\":\"https:\\\/\\\/www.lraloeverashop.eu\\\/pl\\\/produkt\\\/aloe-vera-drink-brzoskwiniowy\\\/#breadcrumb\"},\"inLanguage\":\"pl-PL\",\"potentialAction\":[{\"@type\":\"ReadAction\",\"target\":[\"https:\\\/\\\/www.lraloeverashop.eu\\\/pl\\\/produkt\\\/aloe-vera-drink-brzoskwiniowy\\\/\"]}]},{\"@type\":\"ImageObject\",\"inLanguage\":\"pl-PL\",\"@id\":\"https:\\\/\\\/www.lraloeverashop.eu\\\/pl\\\/produkt\\\/aloe-vera-drink-brzoskwiniowy\\\/#primaryimage\",\"url\":\"https:\\\/\\\/www.lraloeverashop.eu\\\/wp-content\\\/uploads\\\/2023\\\/03\\\/Aloe-Vera-Gel-Peach-2-Pieces-Set.jpeg\",\"contentUrl\":\"https:\\\/\\\/www.lraloeverashop.eu\\\/wp-content\\\/uploads\\\/2023\\\/03\\\/Aloe-Vera-Gel-Peach-2-Pieces-Set.jpeg\",\"width\":1200,\"height\":1200,\"caption\":\"\u017bel aloesowy brzoskwiniowy zawiera tylko 13,5 kJ na porcj\u0119. Nadaje si\u0119 r\u00f3wnie\u017c dla diabetyk\u00f3w.\"},{\"@type\":\"BreadcrumbList\",\"@id\":\"https:\\\/\\\/www.lraloeverashop.eu\\\/pl\\\/produkt\\\/aloe-vera-drink-brzoskwiniowy\\\/#breadcrumb\",\"itemListElement\":[{\"@type\":\"ListItem\",\"position\":1,\"name\":\"Home\",\"item\":\"https:\\\/\\\/www.lraloeverashop.eu\\\/pl\\\/\"},{\"@type\":\"ListItem\",\"position\":2,\"name\":\"Sklep\",\"item\":\"https:\\\/\\\/www.lraloeverashop.eu\\\/shop\\\/\"},{\"@type\":\"ListItem\",\"position\":3,\"name\":\"Aloe Vera Drink Brzoskwiniowy\"}]},{\"@type\":\"WebSite\",\"@id\":\"https:\\\/\\\/www.lraloeverashop.eu\\\/pl\\\/#website\",\"url\":\"https:\\\/\\\/www.lraloeverashop.eu\\\/pl\\\/\",\"name\":\"Lr Aloe Vera Shop\",\"description\":\"High Quality Lr Aloe Vera Gel, Aloe Vera Cream and Shampoo\",\"publisher\":{\"@id\":\"https:\\\/\\\/www.lraloeverashop.eu\\\/pl\\\/#organization\"},\"potentialAction\":[{\"@type\":\"SearchAction\",\"target\":{\"@type\":\"EntryPoint\",\"urlTemplate\":\"https:\\\/\\\/www.lraloeverashop.eu\\\/pl\\\/?s={search_term_string}\"},\"query-input\":{\"@type\":\"PropertyValueSpecification\",\"valueRequired\":true,\"valueName\":\"search_term_string\"}}],\"inLanguage\":\"pl-PL\"},{\"@type\":\"Organization\",\"@id\":\"https:\\\/\\\/www.lraloeverashop.eu\\\/pl\\\/#organization\",\"name\":\"Sklep Lr Aloe Vera\",\"alternateName\":\"LR\",\"url\":\"https:\\\/\\\/www.lraloeverashop.eu\\\/pl\\\/\",\"logo\":{\"@type\":\"ImageObject\",\"inLanguage\":\"pl-PL\",\"@id\":\"https:\\\/\\\/www.lraloeverashop.eu\\\/pl\\\/#\\\/schema\\\/logo\\\/image\\\/\",\"url\":\"https:\\\/\\\/www.lraloeverashop.eu\\\/wp-content\\\/uploads\\\/2022\\\/09\\\/cropped-Lr-Aloe-Vera-Shop.jpg\",\"contentUrl\":\"https:\\\/\\\/www.lraloeverashop.eu\\\/wp-content\\\/uploads\\\/2022\\\/09\\\/cropped-Lr-Aloe-Vera-Shop.jpg\",\"width\":228,\"height\":76,\"caption\":\"Sklep Lr Aloe Vera\"},\"image\":{\"@id\":\"https:\\\/\\\/www.lraloeverashop.eu\\\/pl\\\/#\\\/schema\\\/logo\\\/image\\\/\"},\"sameAs\":[\"https:\\\/\\\/www.facebook.com\\\/lraloeverashop.eu\",\"https:\\\/\\\/x.com\\\/natur__kosmetik\",\"https:\\\/\\\/www.youtube.com\\\/channel\\\/UC5oN7BJ8nfYb8RpVtjwDEBA\",\"https:\\\/\\\/www.instagram.com\\\/lrbeautyeu\\\/\"],\"description\":\"Sklep LR Aloe Vera to Twoje zaufane \u017ar\u00f3d\u0142o wysokiej jako\u015bci produkt\u00f3w LR Health & Beauty wyprodukowanych w Niemczech. Oferujemy wysokiej jako\u015bci produkty do piel\u0119gnacji sk\u00f3ry, od\u017cywiania i przeciwstarzeniowe z aloesem, stworzone z czystych sk\u0142adnik\u00f3w i poparte badaniami naukowymi. Odkryj naturaln\u0105 piel\u0119gnacj\u0119, kt\u00f3ra regeneruje, chroni i rewitalizuje Twoj\u0105 sk\u00f3r\u0119 \u2014 i korzystaj z ekskluzywnych comiesi\u0119cznych ofert na nasze bestsellerowe produkty LR Aloe Vera.\\nRozpocznij swoj\u0105 naturaln\u0105 piel\u0119gnacj\u0119 sk\u00f3ry ju\u017c dzi\u015b i poczuj r\u00f3\u017cnic\u0119.\",\"email\":\"info@lraloeverashop.eu\",\"telephone\":\"+49 17670609653\",\"legalName\":\"Lr Aloe Vera Shop\",\"foundingDate\":\"2018-04-21\",\"numberOfEmployees\":{\"@type\":\"QuantitativeValue\",\"minValue\":\"1\",\"maxValue\":\"10\"}}]}<\/script>\n<meta property=\"product:price:amount\" content=\"76.99\" \/>\n<meta property=\"product:price:currency\" content=\"EUR\" \/>\n<meta property=\"og:availability\" content=\"instock\" \/>\n<meta property=\"product:availability\" content=\"instock\" \/>\n<meta property=\"product:retailer_item_id\" content=\"80779-680PL\" \/>\n<meta property=\"product:condition\" content=\"new\" \/>\n<!-- \/ Yoast SEO Premium plugin. -->","yoast_head_json":{"title":"Aloe Vera Drink Brzoskwiniowy - 98% Aloesu Oferta Limitowana","description":"Wybierz Aloe Vera Drink Brzoskwiniowy 98% aloesu. Niskokaloryczny, z witamin\u0105 C \u2013 idealny dla \u015bwiadomych zdrowia. Kup teraz 2 \u00d7 1000 ml!","robots":{"index":"index","follow":"follow","max-snippet":"max-snippet:-1","max-image-preview":"max-image-preview:large","max-video-preview":"max-video-preview:-1"},"canonical":"https:\/\/www.lraloeverashop.eu\/pl\/produkt\/aloe-vera-drink-brzoskwiniowy\/","og_locale":"pl_PL","og_type":"article","og_title":"Aloe Vera Drink Brzoskwiniowy","og_description":"Wybierz Aloe Vera Drink Brzoskwiniowy 98% aloesu. Niskokaloryczny, z witamin\u0105 C \u2013 idealny dla \u015bwiadomych zdrowia. Kup teraz 2 \u00d7 1000 ml!","og_url":"https:\/\/www.lraloeverashop.eu\/pl\/produkt\/aloe-vera-drink-brzoskwiniowy\/","og_site_name":"Lr Aloe Vera Shop","article_publisher":"https:\/\/www.facebook.com\/lraloeverashop.eu","article_modified_time":"2026-02-17T16:48:09+00:00","og_image":[{"width":1200,"height":1200,"url":"https:\/\/www.lraloeverashop.eu\/wp-content\/uploads\/2023\/03\/Aloe-Vera-Gel-Peach-2-Pieces-Set.jpeg","type":"image\/jpeg"}],"twitter_card":"summary_large_image","twitter_site":"@natur__kosmetik","schema":{"@context":"https:\/\/schema.org","@graph":[{"@type":["WebPage","ItemPage"],"@id":"https:\/\/www.lraloeverashop.eu\/pl\/produkt\/aloe-vera-drink-brzoskwiniowy\/","url":"https:\/\/www.lraloeverashop.eu\/pl\/produkt\/aloe-vera-drink-brzoskwiniowy\/","name":"Aloe Vera Drink Brzoskwiniowy - 98% Aloesu Oferta Limitowana","isPartOf":{"@id":"https:\/\/www.lraloeverashop.eu\/pl\/#website"},"primaryImageOfPage":{"@id":"https:\/\/www.lraloeverashop.eu\/pl\/produkt\/aloe-vera-drink-brzoskwiniowy\/#primaryimage"},"image":{"@id":"https:\/\/www.lraloeverashop.eu\/pl\/produkt\/aloe-vera-drink-brzoskwiniowy\/#primaryimage"},"thumbnailUrl":"https:\/\/www.lraloeverashop.eu\/wp-content\/uploads\/2023\/03\/Aloe-Vera-Gel-Peach-2-Pieces-Set.jpeg","datePublished":"2023-11-01T17:14:43+00:00","dateModified":"2026-02-17T16:48:09+00:00","description":"Wybierz Aloe Vera Drink Brzoskwiniowy 98% aloesu. Niskokaloryczny, z witamin\u0105 C \u2013 idealny dla \u015bwiadomych zdrowia. Kup teraz 2 \u00d7 1000 ml!","breadcrumb":{"@id":"https:\/\/www.lraloeverashop.eu\/pl\/produkt\/aloe-vera-drink-brzoskwiniowy\/#breadcrumb"},"inLanguage":"pl-PL","potentialAction":[{"@type":"ReadAction","target":["https:\/\/www.lraloeverashop.eu\/pl\/produkt\/aloe-vera-drink-brzoskwiniowy\/"]}]},{"@type":"ImageObject","inLanguage":"pl-PL","@id":"https:\/\/www.lraloeverashop.eu\/pl\/produkt\/aloe-vera-drink-brzoskwiniowy\/#primaryimage","url":"https:\/\/www.lraloeverashop.eu\/wp-content\/uploads\/2023\/03\/Aloe-Vera-Gel-Peach-2-Pieces-Set.jpeg","contentUrl":"https:\/\/www.lraloeverashop.eu\/wp-content\/uploads\/2023\/03\/Aloe-Vera-Gel-Peach-2-Pieces-Set.jpeg","width":1200,"height":1200,"caption":"\u017bel aloesowy brzoskwiniowy zawiera tylko 13,5 kJ na porcj\u0119. Nadaje si\u0119 r\u00f3wnie\u017c dla diabetyk\u00f3w."},{"@type":"BreadcrumbList","@id":"https:\/\/www.lraloeverashop.eu\/pl\/produkt\/aloe-vera-drink-brzoskwiniowy\/#breadcrumb","itemListElement":[{"@type":"ListItem","position":1,"name":"Home","item":"https:\/\/www.lraloeverashop.eu\/pl\/"},{"@type":"ListItem","position":2,"name":"Sklep","item":"https:\/\/www.lraloeverashop.eu\/shop\/"},{"@type":"ListItem","position":3,"name":"Aloe Vera Drink Brzoskwiniowy"}]},{"@type":"WebSite","@id":"https:\/\/www.lraloeverashop.eu\/pl\/#website","url":"https:\/\/www.lraloeverashop.eu\/pl\/","name":"Lr Aloe Vera Shop","description":"High Quality Lr Aloe Vera Gel, Aloe Vera Cream and Shampoo","publisher":{"@id":"https:\/\/www.lraloeverashop.eu\/pl\/#organization"},"potentialAction":[{"@type":"SearchAction","target":{"@type":"EntryPoint","urlTemplate":"https:\/\/www.lraloeverashop.eu\/pl\/?s={search_term_string}"},"query-input":{"@type":"PropertyValueSpecification","valueRequired":true,"valueName":"search_term_string"}}],"inLanguage":"pl-PL"},{"@type":"Organization","@id":"https:\/\/www.lraloeverashop.eu\/pl\/#organization","name":"Sklep Lr Aloe Vera","alternateName":"LR","url":"https:\/\/www.lraloeverashop.eu\/pl\/","logo":{"@type":"ImageObject","inLanguage":"pl-PL","@id":"https:\/\/www.lraloeverashop.eu\/pl\/#\/schema\/logo\/image\/","url":"https:\/\/www.lraloeverashop.eu\/wp-content\/uploads\/2022\/09\/cropped-Lr-Aloe-Vera-Shop.jpg","contentUrl":"https:\/\/www.lraloeverashop.eu\/wp-content\/uploads\/2022\/09\/cropped-Lr-Aloe-Vera-Shop.jpg","width":228,"height":76,"caption":"Sklep Lr Aloe Vera"},"image":{"@id":"https:\/\/www.lraloeverashop.eu\/pl\/#\/schema\/logo\/image\/"},"sameAs":["https:\/\/www.facebook.com\/lraloeverashop.eu","https:\/\/x.com\/natur__kosmetik","https:\/\/www.youtube.com\/channel\/UC5oN7BJ8nfYb8RpVtjwDEBA","https:\/\/www.instagram.com\/lrbeautyeu\/"],"description":"Sklep LR Aloe Vera to Twoje zaufane \u017ar\u00f3d\u0142o wysokiej jako\u015bci produkt\u00f3w LR Health & Beauty wyprodukowanych w Niemczech. Oferujemy wysokiej jako\u015bci produkty do piel\u0119gnacji sk\u00f3ry, od\u017cywiania i przeciwstarzeniowe z aloesem, stworzone z czystych sk\u0142adnik\u00f3w i poparte badaniami naukowymi. Odkryj naturaln\u0105 piel\u0119gnacj\u0119, kt\u00f3ra regeneruje, chroni i rewitalizuje Twoj\u0105 sk\u00f3r\u0119 \u2014 i korzystaj z ekskluzywnych comiesi\u0119cznych ofert na nasze bestsellerowe produkty LR Aloe Vera.\nRozpocznij swoj\u0105 naturaln\u0105 piel\u0119gnacj\u0119 sk\u00f3ry ju\u017c dzi\u015b i poczuj r\u00f3\u017cnic\u0119.","email":"info@lraloeverashop.eu","telephone":"+49 17670609653","legalName":"Lr Aloe Vera Shop","foundingDate":"2018-04-21","numberOfEmployees":{"@type":"QuantitativeValue","minValue":"1","maxValue":"10"}}]},"product_price_amount":"76.99","product_price_currency":"EUR","og_availability":"instock","product_availability":"instock","product_retailer_item_id":"80779-680PL","product_condition":"new"},"taxonomy_info":{"product_cat":[{"value":1082,"label":"Aloesowe \u017bele do Picia"},{"value":1105,"label":"Jelita &amp; Trawienie"},{"value":1090,"label":"Oferty"},{"value":1099,"label":"Oszcz\u0119dzaj w zestawie"},{"value":1081,"label":"Podstawa"},{"value":1100,"label":"Specjali\u015bci"}],"product_tag":[{"value":1125,"label":"napoje detoksykacyjne"}]},"featured_image_src_large":["https:\/\/www.lraloeverashop.eu\/wp-content\/uploads\/2023\/03\/Aloe-Vera-Gel-Peach-2-Pieces-Set-1024x1024.jpeg",1024,1024,true],"author_info":[],"comment_info":0,"_links":{"self":[{"href":"https:\/\/www.lraloeverashop.eu\/pl\/wp-json\/wp\/v2\/product\/29818","targetHints":{"allow":["GET"]}}],"collection":[{"href":"https:\/\/www.lraloeverashop.eu\/pl\/wp-json\/wp\/v2\/product"}],"about":[{"href":"https:\/\/www.lraloeverashop.eu\/pl\/wp-json\/wp\/v2\/types\/product"}],"replies":[{"embeddable":true,"href":"https:\/\/www.lraloeverashop.eu\/pl\/wp-json\/wp\/v2\/comments?post=29818"}],"wp:featuredmedia":[{"embeddable":true,"href":"https:\/\/www.lraloeverashop.eu\/pl\/wp-json\/wp\/v2\/media\/27007"}],"wp:attachment":[{"href":"https:\/\/www.lraloeverashop.eu\/pl\/wp-json\/wp\/v2\/media?parent=29818"}],"wp:term":[{"taxonomy":"product_brand","embeddable":true,"href":"https:\/\/www.lraloeverashop.eu\/pl\/wp-json\/wp\/v2\/product_brand?post=29818"},{"taxonomy":"product_cat","embeddable":true,"href":"https:\/\/www.lraloeverashop.eu\/pl\/wp-json\/wp\/v2\/product_cat?post=29818"},{"taxonomy":"product_tag","embeddable":true,"href":"https:\/\/www.lraloeverashop.eu\/pl\/wp-json\/wp\/v2\/product_tag?post=29818"}],"curies":[{"name":"wp","href":"https:\/\/api.w.org\/{rel}","templated":true}]}}