{"id":29810,"date":"2022-10-10T09:00:48","date_gmt":"2022-10-10T07:00:48","guid":{"rendered":"https:\/\/www.lraloeverashop.eu\/product\/zestaw-cbd-do-pielegnacji-ciala\/"},"modified":"2022-10-10T09:00:48","modified_gmt":"2022-10-10T07:00:48","slug":"zestaw-cbd-do-pielegnacji-ciala","status":"publish","type":"product","link":"https:\/\/www.lraloeverashop.eu\/pl\/produkt\/zestaw-cbd-do-pielegnacji-ciala\/","title":{"rendered":"Zestaw CBD do Piel\u0119gnacji Cia\u0142a"},"content":{"rendered":"<h2><strong><span style=\"font-size: 16pt;\">Zestaw CBD do Piel\u0119gnacji Cia\u0142a<\/span><\/strong><\/h2>\n<p><strong><span style=\"font-size: 14pt;\">Zestaw CBD do Piel\u0119gnacji Cia\u0142a \u2013 dla zrelaksowanej, oczyszczonej i mi\u0119kko od\u017cywionej sk\u00f3ry<\/span><\/strong><\/p>\n<p>Sucha, zestresowana i pozbawiona r\u00f3wnowagi sk\u00f3ra? Czas na skuteczny rytua\u0142 wellness w domowym zaciszu. Zestaw CBD do Piel\u0119gnacji Cia\u0142a zosta\u0142 opracowany, aby delikatnie oczyszcza\u0107, intensywnie nawil\u017ca\u0107 i przywraca\u0107 sk\u00f3rze komfort oraz naturaln\u0105 r\u00f3wnowag\u0119.<\/p>\n<p>To idealne rozwi\u0105zanie dla os\u00f3b, kt\u00f3re chc\u0105 po\u0142\u0105czy\u0107 skuteczn\u0105 piel\u0119gnacj\u0119 z dzia\u0142aniem koj\u0105cym i regeneruj\u0105cym. Starannie dobrana kompozycja aloesu, organicznego oleju z nasion konopi siewnych oraz CBD sprawia, \u017ce sk\u00f3ra staje si\u0119 wyra\u017anie g\u0142adsza, bardziej elastyczna i przyjemnie mi\u0119kka w dotyku.<\/p>\n<p><strong>Aloe Vera CBD Olejek pod prysznic<\/strong><br \/>\nAloe Vera CBD Olejek pod prysznic delikatnie oczyszcza zestresowan\u0105 sk\u00f3r\u0119, nie powoduj\u0105c jej przesuszenia. Formu\u0142a dzia\u0142a koj\u0105co i ochronnie, jednocze\u015bnie dostarczaj\u0105c sk\u00f3rze cennego nawil\u017cenia. Ju\u017c podczas k\u0105pieli sk\u00f3ra staje si\u0119 wyra\u017anie bardziej mi\u0119kka i od\u017cywiona.<\/p>\n<p>Olejkowa konsystencja sprawia, \u017ce produkt nie tylko myje, ale r\u00f3wnie\u017c wspiera naturaln\u0105 barier\u0119 ochronn\u0105 sk\u00f3ry, pozostawiaj\u0105c uczucie komfortu i relaksu.<\/p>\n<p><strong>Aloe Vera CBD Peeling do cia\u0142a<\/strong><br \/>\nAloe Vera CBD Peeling do cia\u0142a delikatnie, ale skutecznie usuwa martwy nask\u00f3rek, wyg\u0142adzaj\u0105c i od\u015bwie\u017caj\u0105c sk\u00f3r\u0119. Peeling z dodatkiem soli morskiej oczyszcza, jednocze\u015bnie piel\u0119gnuj\u0105c i nie powoduj\u0105c podra\u017cnie\u0144.<\/p>\n<p>Regularne stosowanie pomaga poprawi\u0107 struktur\u0119 sk\u00f3ry, wyr\u00f3wna\u0107 jej powierzchni\u0119 oraz zwi\u0119kszy\u0107 wch\u0142anianie sk\u0142adnik\u00f3w aktywnych z kolejnych etap\u00f3w piel\u0119gnacji.<\/p>\n<h3><strong><span style=\"font-size: 16pt;\">Sekret skuteczno\u015bci \u2013 Aloe Vera, olej konopny i CBD<\/span><\/strong><\/h3>\n<p>Wyj\u0105tkowe dzia\u0142anie linii Aloe Vera CBD Premium Body Care opiera si\u0119 na synergii trzech sk\u0142adnik\u00f3w:<\/p>\n<p>Aloe Vera intensywnie nawil\u017ca i wspiera regeneracj\u0119 sk\u00f3ry.<\/p>\n<p>Organiczny olej z nasion Cannabis Sativa \u2013 znany ze swoich w\u0142a\u015bciwo\u015bci ochronnych i koj\u0105cych, pomaga \u0142agodzi\u0107 podra\u017cnienia.<\/p>\n<p>CBD (Kannabidiol) \u2013 naturalny sk\u0142adnik pozyskiwany z li\u015bci i \u0142odyg konopi, dzia\u0142a relaksuj\u0105co na sk\u00f3r\u0119 sk\u0142onn\u0105 do zaczerwienie\u0144 oraz chroni j\u0105 przed negatywnym wp\u0142ywem czynnik\u00f3w zewn\u0119trznych.<\/p>\n<p>Po\u0142\u0105czenie tych sk\u0142adnik\u00f3w zapewnia zbalansowane, nawil\u017cone i odpr\u0119\u017cone uczucie sk\u00f3ry po ka\u017cdej k\u0105pieli.<\/p>\n<p>&nbsp;<\/p>\n<h3><strong><span style=\"font-size: 16pt;\">Jak stosowa\u0107<\/span><\/strong><\/h3>\n<p>Na\u0142\u00f3\u017c Aloe Vera CBD Peeling do cia\u0142a na wilgotn\u0105 sk\u00f3r\u0119 i masuj okr\u0119\u017cnymi ruchami. Nast\u0119pnie sp\u0142ucz letni\u0105 wod\u0105.<\/p>\n<p>Po peelingu wmasuj Aloe Vera CBD Olejek pod prysznic w zwil\u017con\u0105 sk\u00f3r\u0119, ciesz\u0105c si\u0119 uczuciem mi\u0119kko\u015bci i komfortu. Na koniec delikatnie sp\u0142ucz pod prysznicem.<\/p>\n<p>&nbsp;<\/p>\n<h4><span style=\"font-size: 16pt;\"><strong>Czy wiesz, \u017ce?<\/strong><\/span><\/h4>\n<p>Organiczny olej z nasion konopi siewnych znany jest z w\u0142a\u015bciwo\u015bci \u0142agodz\u0105cych i ochronnych. Pomaga uspokoi\u0107 podra\u017cnion\u0105 sk\u00f3r\u0119 i wspiera jej naturaln\u0105 barier\u0119 ochronn\u0105.<\/p>\n<p>CBD, czyli kannabidiol, to naturalny sk\u0142adnik ro\u015bliny konopi. W po\u0142\u0105czeniu z olejem z nasion konopi szczeg\u00f3lnie dobrze piel\u0119gnuje sk\u00f3r\u0119 zestresowan\u0105, wra\u017cliw\u0105 i sk\u0142onn\u0105 do zaczerwienie\u0144.<\/p>\n","protected":false},"excerpt":{"rendered":"<ul>\n<li>Zestaw do oczyszczania cia\u0142a dla ukojenia i mi\u0119kkiej sk\u00f3ry<\/li>\n<li>Olejek pod prysznic delikatnie oczyszcza i intensywnie nawil\u017ca<\/li>\n<li>Peeling z sol\u0105 morsk\u0105 wyg\u0142adza i koi sk\u00f3r\u0119<\/li>\n<li>Z aloesem, organicznym olejem z nasion konopi i CBD<\/li>\n<li>Relaksuje i chroni zestresowan\u0105 sk\u00f3r\u0119<\/li>\n<\/ul>\n<p style=\"text-align: left;\"><span style=\"color: #ff0000;\"><a style=\"color: #ff0000;\" href=\"https:\/\/shop.lrworld.com\/openpao?PHP=0vFlt7jT938BEnBI3a6e9w%3D%3D\"><span style=\"font-size: 14pt;\"><strong>Zarejestruj si\u0119 i oszcz\u0119dzaj 35% przy ka\u017cdym zam\u00f3wieniu<\/strong><\/span><\/a><\/span><\/p>\n","protected":false},"featured_media":27336,"comment_status":"open","ping_status":"closed","template":"","meta":{"_kad_blocks_custom_css":"","_kad_blocks_head_custom_js":"","_kad_blocks_body_custom_js":"","_kad_blocks_footer_custom_js":"","_kadence_starter_templates_imported_post":false,"_kad_post_transparent":"default","_kad_post_title":"","_kad_post_layout":"default","_kad_post_sidebar_id":"","_kad_post_content_style":"default","_kad_post_vertical_padding":"default","_kad_post_feature":"","_kad_post_feature_position":"","_kad_post_header":false,"_kad_post_footer":false,"_kad_post_classname":""},"product_brand":[],"product_cat":[1059,1062,1061],"product_tag":[1122],"class_list":{"0":"post-29810","1":"product","2":"type-product","3":"status-publish","4":"has-post-thumbnail","6":"product_cat-aloe-vera-pl","7":"product_cat-cbd-pl","8":"product_cat-pielegnacja-ciala","9":"product_tag-produkty-cbd","11":"first","12":"outofstock","13":"taxable","14":"shipping-taxable","15":"purchasable","16":"product-type-simple","17":"entry","18":"content-bg","19":"loop-entry"},"yoast_head":"<!-- This site is optimized with the Yoast SEO Premium plugin v27.4 (Yoast SEO v27.4) - https:\/\/yoast.com\/product\/yoast-seo-premium-wordpress\/ -->\n<title>Zestaw CBD do Piel\u0119gnacji Cia\u0142a \u2013 Relaks i Regeneracja<\/title>\n<meta name=\"description\" content=\"Zestaw CBD do Piel\u0119gnacji Cia\u0142a z aloesem i olejem konopnym. Koi, nawil\u017ca i regeneruje such\u0105, zestresowan\u0105 sk\u00f3r\u0119. Domowe SPA ka\u017cdego dnia.\" \/>\n<meta name=\"robots\" content=\"index, follow, max-snippet:-1, max-image-preview:large, max-video-preview:-1\" \/>\n<link rel=\"canonical\" href=\"https:\/\/www.lraloeverashop.eu\/pl\/produkt\/zestaw-cbd-do-pielegnacji-ciala\/\" \/>\n<meta property=\"og:locale\" content=\"pl_PL\" \/>\n<meta property=\"og:type\" content=\"article\" \/>\n<meta property=\"og:title\" content=\"Zestaw CBD do Piel\u0119gnacji Cia\u0142a\" \/>\n<meta property=\"og:description\" content=\"Zestaw CBD do Piel\u0119gnacji Cia\u0142a z aloesem i olejem konopnym. Koi, nawil\u017ca i regeneruje such\u0105, zestresowan\u0105 sk\u00f3r\u0119. Domowe SPA ka\u017cdego dnia.\" \/>\n<meta property=\"og:url\" content=\"https:\/\/www.lraloeverashop.eu\/pl\/produkt\/zestaw-cbd-do-pielegnacji-ciala\/\" \/>\n<meta property=\"og:site_name\" content=\"Lr Aloe Vera Shop\" \/>\n<meta property=\"article:publisher\" content=\"https:\/\/www.facebook.com\/lraloeverashop.eu\" \/>\n<meta property=\"og:image\" content=\"https:\/\/www.lraloeverashop.eu\/wp-content\/uploads\/2022\/10\/Lr-Aloe-Vera-CBD-Body-Cleansing-Set.jpg\" \/>\n\t<meta property=\"og:image:width\" content=\"1200\" \/>\n\t<meta property=\"og:image:height\" content=\"1200\" \/>\n\t<meta property=\"og:image:type\" content=\"image\/jpeg\" \/>\n<meta name=\"twitter:card\" content=\"summary_large_image\" \/>\n<meta name=\"twitter:site\" content=\"@natur__kosmetik\" \/>\n<script type=\"application\/ld+json\" class=\"yoast-schema-graph\">{\"@context\":\"https:\\\/\\\/schema.org\",\"@graph\":[{\"@type\":[\"WebPage\",\"ItemPage\"],\"@id\":\"https:\\\/\\\/www.lraloeverashop.eu\\\/pl\\\/produkt\\\/zestaw-cbd-do-pielegnacji-ciala\\\/\",\"url\":\"https:\\\/\\\/www.lraloeverashop.eu\\\/pl\\\/produkt\\\/zestaw-cbd-do-pielegnacji-ciala\\\/\",\"name\":\"Zestaw CBD do Piel\u0119gnacji Cia\u0142a \u2013 Relaks i Regeneracja\",\"isPartOf\":{\"@id\":\"https:\\\/\\\/www.lraloeverashop.eu\\\/pl\\\/#website\"},\"primaryImageOfPage\":{\"@id\":\"https:\\\/\\\/www.lraloeverashop.eu\\\/pl\\\/produkt\\\/zestaw-cbd-do-pielegnacji-ciala\\\/#primaryimage\"},\"image\":{\"@id\":\"https:\\\/\\\/www.lraloeverashop.eu\\\/pl\\\/produkt\\\/zestaw-cbd-do-pielegnacji-ciala\\\/#primaryimage\"},\"thumbnailUrl\":\"https:\\\/\\\/www.lraloeverashop.eu\\\/wp-content\\\/uploads\\\/2022\\\/10\\\/Lr-Aloe-Vera-CBD-Body-Cleansing-Set.jpg\",\"datePublished\":\"2022-10-10T07:00:48+00:00\",\"description\":\"Zestaw CBD do Piel\u0119gnacji Cia\u0142a z aloesem i olejem konopnym. Koi, nawil\u017ca i regeneruje such\u0105, zestresowan\u0105 sk\u00f3r\u0119. Domowe SPA ka\u017cdego dnia.\",\"breadcrumb\":{\"@id\":\"https:\\\/\\\/www.lraloeverashop.eu\\\/pl\\\/produkt\\\/zestaw-cbd-do-pielegnacji-ciala\\\/#breadcrumb\"},\"inLanguage\":\"pl-PL\",\"potentialAction\":[{\"@type\":\"ReadAction\",\"target\":[\"https:\\\/\\\/www.lraloeverashop.eu\\\/pl\\\/produkt\\\/zestaw-cbd-do-pielegnacji-ciala\\\/\"]}]},{\"@type\":\"ImageObject\",\"inLanguage\":\"pl-PL\",\"@id\":\"https:\\\/\\\/www.lraloeverashop.eu\\\/pl\\\/produkt\\\/zestaw-cbd-do-pielegnacji-ciala\\\/#primaryimage\",\"url\":\"https:\\\/\\\/www.lraloeverashop.eu\\\/wp-content\\\/uploads\\\/2022\\\/10\\\/Lr-Aloe-Vera-CBD-Body-Cleansing-Set.jpg\",\"contentUrl\":\"https:\\\/\\\/www.lraloeverashop.eu\\\/wp-content\\\/uploads\\\/2022\\\/10\\\/Lr-Aloe-Vera-CBD-Body-Cleansing-Set.jpg\",\"width\":1200,\"height\":1200,\"caption\":\"Zestaw do oczyszczania cia\u0142a Lr Aloe Vera CBD\"},{\"@type\":\"BreadcrumbList\",\"@id\":\"https:\\\/\\\/www.lraloeverashop.eu\\\/pl\\\/produkt\\\/zestaw-cbd-do-pielegnacji-ciala\\\/#breadcrumb\",\"itemListElement\":[{\"@type\":\"ListItem\",\"position\":1,\"name\":\"Home\",\"item\":\"https:\\\/\\\/www.lraloeverashop.eu\\\/pl\\\/\"},{\"@type\":\"ListItem\",\"position\":2,\"name\":\"Sklep\",\"item\":\"https:\\\/\\\/www.lraloeverashop.eu\\\/shop\\\/\"},{\"@type\":\"ListItem\",\"position\":3,\"name\":\"Zestaw CBD do Piel\u0119gnacji Cia\u0142a\"}]},{\"@type\":\"WebSite\",\"@id\":\"https:\\\/\\\/www.lraloeverashop.eu\\\/pl\\\/#website\",\"url\":\"https:\\\/\\\/www.lraloeverashop.eu\\\/pl\\\/\",\"name\":\"Lr Aloe Vera Shop\",\"description\":\"High Quality Lr Aloe Vera Gel, Aloe Vera Cream and Shampoo\",\"publisher\":{\"@id\":\"https:\\\/\\\/www.lraloeverashop.eu\\\/pl\\\/#organization\"},\"potentialAction\":[{\"@type\":\"SearchAction\",\"target\":{\"@type\":\"EntryPoint\",\"urlTemplate\":\"https:\\\/\\\/www.lraloeverashop.eu\\\/pl\\\/?s={search_term_string}\"},\"query-input\":{\"@type\":\"PropertyValueSpecification\",\"valueRequired\":true,\"valueName\":\"search_term_string\"}}],\"inLanguage\":\"pl-PL\"},{\"@type\":\"Organization\",\"@id\":\"https:\\\/\\\/www.lraloeverashop.eu\\\/pl\\\/#organization\",\"name\":\"Sklep Lr Aloe Vera\",\"alternateName\":\"LR\",\"url\":\"https:\\\/\\\/www.lraloeverashop.eu\\\/pl\\\/\",\"logo\":{\"@type\":\"ImageObject\",\"inLanguage\":\"pl-PL\",\"@id\":\"https:\\\/\\\/www.lraloeverashop.eu\\\/pl\\\/#\\\/schema\\\/logo\\\/image\\\/\",\"url\":\"https:\\\/\\\/www.lraloeverashop.eu\\\/wp-content\\\/uploads\\\/2022\\\/09\\\/cropped-Lr-Aloe-Vera-Shop.jpg\",\"contentUrl\":\"https:\\\/\\\/www.lraloeverashop.eu\\\/wp-content\\\/uploads\\\/2022\\\/09\\\/cropped-Lr-Aloe-Vera-Shop.jpg\",\"width\":228,\"height\":76,\"caption\":\"Sklep Lr Aloe Vera\"},\"image\":{\"@id\":\"https:\\\/\\\/www.lraloeverashop.eu\\\/pl\\\/#\\\/schema\\\/logo\\\/image\\\/\"},\"sameAs\":[\"https:\\\/\\\/www.facebook.com\\\/lraloeverashop.eu\",\"https:\\\/\\\/x.com\\\/natur__kosmetik\",\"https:\\\/\\\/www.youtube.com\\\/channel\\\/UC5oN7BJ8nfYb8RpVtjwDEBA\",\"https:\\\/\\\/www.instagram.com\\\/lrbeautyeu\\\/\"],\"description\":\"Sklep LR Aloe Vera to Twoje zaufane \u017ar\u00f3d\u0142o wysokiej jako\u015bci produkt\u00f3w LR Health & Beauty wyprodukowanych w Niemczech. Oferujemy wysokiej jako\u015bci produkty do piel\u0119gnacji sk\u00f3ry, od\u017cywiania i przeciwstarzeniowe z aloesem, stworzone z czystych sk\u0142adnik\u00f3w i poparte badaniami naukowymi. Odkryj naturaln\u0105 piel\u0119gnacj\u0119, kt\u00f3ra regeneruje, chroni i rewitalizuje Twoj\u0105 sk\u00f3r\u0119 \u2014 i korzystaj z ekskluzywnych comiesi\u0119cznych ofert na nasze bestsellerowe produkty LR Aloe Vera.\\nRozpocznij swoj\u0105 naturaln\u0105 piel\u0119gnacj\u0119 sk\u00f3ry ju\u017c dzi\u015b i poczuj r\u00f3\u017cnic\u0119.\",\"email\":\"info@lraloeverashop.eu\",\"telephone\":\"+49 17670609653\",\"legalName\":\"Lr Aloe Vera Shop\",\"foundingDate\":\"2018-04-21\",\"numberOfEmployees\":{\"@type\":\"QuantitativeValue\",\"minValue\":\"1\",\"maxValue\":\"10\"}}]}<\/script>\n<meta property=\"product:price:amount\" content=\"27.20\" \/>\n<meta property=\"product:price:currency\" content=\"EUR\" \/>\n<meta property=\"og:availability\" content=\"out of stock\" \/>\n<meta property=\"product:availability\" content=\"out of stock\" \/>\n<meta property=\"product:retailer_item_id\" content=\"20827-1PL\" \/>\n<meta property=\"product:condition\" content=\"new\" \/>\n<!-- \/ Yoast SEO Premium plugin. -->","yoast_head_json":{"title":"Zestaw CBD do Piel\u0119gnacji Cia\u0142a \u2013 Relaks i Regeneracja","description":"Zestaw CBD do Piel\u0119gnacji Cia\u0142a z aloesem i olejem konopnym. Koi, nawil\u017ca i regeneruje such\u0105, zestresowan\u0105 sk\u00f3r\u0119. Domowe SPA ka\u017cdego dnia.","robots":{"index":"index","follow":"follow","max-snippet":"max-snippet:-1","max-image-preview":"max-image-preview:large","max-video-preview":"max-video-preview:-1"},"canonical":"https:\/\/www.lraloeverashop.eu\/pl\/produkt\/zestaw-cbd-do-pielegnacji-ciala\/","og_locale":"pl_PL","og_type":"article","og_title":"Zestaw CBD do Piel\u0119gnacji Cia\u0142a","og_description":"Zestaw CBD do Piel\u0119gnacji Cia\u0142a z aloesem i olejem konopnym. Koi, nawil\u017ca i regeneruje such\u0105, zestresowan\u0105 sk\u00f3r\u0119. Domowe SPA ka\u017cdego dnia.","og_url":"https:\/\/www.lraloeverashop.eu\/pl\/produkt\/zestaw-cbd-do-pielegnacji-ciala\/","og_site_name":"Lr Aloe Vera Shop","article_publisher":"https:\/\/www.facebook.com\/lraloeverashop.eu","og_image":[{"width":1200,"height":1200,"url":"https:\/\/www.lraloeverashop.eu\/wp-content\/uploads\/2022\/10\/Lr-Aloe-Vera-CBD-Body-Cleansing-Set.jpg","type":"image\/jpeg"}],"twitter_card":"summary_large_image","twitter_site":"@natur__kosmetik","schema":{"@context":"https:\/\/schema.org","@graph":[{"@type":["WebPage","ItemPage"],"@id":"https:\/\/www.lraloeverashop.eu\/pl\/produkt\/zestaw-cbd-do-pielegnacji-ciala\/","url":"https:\/\/www.lraloeverashop.eu\/pl\/produkt\/zestaw-cbd-do-pielegnacji-ciala\/","name":"Zestaw CBD do Piel\u0119gnacji Cia\u0142a \u2013 Relaks i Regeneracja","isPartOf":{"@id":"https:\/\/www.lraloeverashop.eu\/pl\/#website"},"primaryImageOfPage":{"@id":"https:\/\/www.lraloeverashop.eu\/pl\/produkt\/zestaw-cbd-do-pielegnacji-ciala\/#primaryimage"},"image":{"@id":"https:\/\/www.lraloeverashop.eu\/pl\/produkt\/zestaw-cbd-do-pielegnacji-ciala\/#primaryimage"},"thumbnailUrl":"https:\/\/www.lraloeverashop.eu\/wp-content\/uploads\/2022\/10\/Lr-Aloe-Vera-CBD-Body-Cleansing-Set.jpg","datePublished":"2022-10-10T07:00:48+00:00","description":"Zestaw CBD do Piel\u0119gnacji Cia\u0142a z aloesem i olejem konopnym. Koi, nawil\u017ca i regeneruje such\u0105, zestresowan\u0105 sk\u00f3r\u0119. Domowe SPA ka\u017cdego dnia.","breadcrumb":{"@id":"https:\/\/www.lraloeverashop.eu\/pl\/produkt\/zestaw-cbd-do-pielegnacji-ciala\/#breadcrumb"},"inLanguage":"pl-PL","potentialAction":[{"@type":"ReadAction","target":["https:\/\/www.lraloeverashop.eu\/pl\/produkt\/zestaw-cbd-do-pielegnacji-ciala\/"]}]},{"@type":"ImageObject","inLanguage":"pl-PL","@id":"https:\/\/www.lraloeverashop.eu\/pl\/produkt\/zestaw-cbd-do-pielegnacji-ciala\/#primaryimage","url":"https:\/\/www.lraloeverashop.eu\/wp-content\/uploads\/2022\/10\/Lr-Aloe-Vera-CBD-Body-Cleansing-Set.jpg","contentUrl":"https:\/\/www.lraloeverashop.eu\/wp-content\/uploads\/2022\/10\/Lr-Aloe-Vera-CBD-Body-Cleansing-Set.jpg","width":1200,"height":1200,"caption":"Zestaw do oczyszczania cia\u0142a Lr Aloe Vera CBD"},{"@type":"BreadcrumbList","@id":"https:\/\/www.lraloeverashop.eu\/pl\/produkt\/zestaw-cbd-do-pielegnacji-ciala\/#breadcrumb","itemListElement":[{"@type":"ListItem","position":1,"name":"Home","item":"https:\/\/www.lraloeverashop.eu\/pl\/"},{"@type":"ListItem","position":2,"name":"Sklep","item":"https:\/\/www.lraloeverashop.eu\/shop\/"},{"@type":"ListItem","position":3,"name":"Zestaw CBD do Piel\u0119gnacji Cia\u0142a"}]},{"@type":"WebSite","@id":"https:\/\/www.lraloeverashop.eu\/pl\/#website","url":"https:\/\/www.lraloeverashop.eu\/pl\/","name":"Lr Aloe Vera Shop","description":"High Quality Lr Aloe Vera Gel, Aloe Vera Cream and Shampoo","publisher":{"@id":"https:\/\/www.lraloeverashop.eu\/pl\/#organization"},"potentialAction":[{"@type":"SearchAction","target":{"@type":"EntryPoint","urlTemplate":"https:\/\/www.lraloeverashop.eu\/pl\/?s={search_term_string}"},"query-input":{"@type":"PropertyValueSpecification","valueRequired":true,"valueName":"search_term_string"}}],"inLanguage":"pl-PL"},{"@type":"Organization","@id":"https:\/\/www.lraloeverashop.eu\/pl\/#organization","name":"Sklep Lr Aloe Vera","alternateName":"LR","url":"https:\/\/www.lraloeverashop.eu\/pl\/","logo":{"@type":"ImageObject","inLanguage":"pl-PL","@id":"https:\/\/www.lraloeverashop.eu\/pl\/#\/schema\/logo\/image\/","url":"https:\/\/www.lraloeverashop.eu\/wp-content\/uploads\/2022\/09\/cropped-Lr-Aloe-Vera-Shop.jpg","contentUrl":"https:\/\/www.lraloeverashop.eu\/wp-content\/uploads\/2022\/09\/cropped-Lr-Aloe-Vera-Shop.jpg","width":228,"height":76,"caption":"Sklep Lr Aloe Vera"},"image":{"@id":"https:\/\/www.lraloeverashop.eu\/pl\/#\/schema\/logo\/image\/"},"sameAs":["https:\/\/www.facebook.com\/lraloeverashop.eu","https:\/\/x.com\/natur__kosmetik","https:\/\/www.youtube.com\/channel\/UC5oN7BJ8nfYb8RpVtjwDEBA","https:\/\/www.instagram.com\/lrbeautyeu\/"],"description":"Sklep LR Aloe Vera to Twoje zaufane \u017ar\u00f3d\u0142o wysokiej jako\u015bci produkt\u00f3w LR Health & Beauty wyprodukowanych w Niemczech. Oferujemy wysokiej jako\u015bci produkty do piel\u0119gnacji sk\u00f3ry, od\u017cywiania i przeciwstarzeniowe z aloesem, stworzone z czystych sk\u0142adnik\u00f3w i poparte badaniami naukowymi. Odkryj naturaln\u0105 piel\u0119gnacj\u0119, kt\u00f3ra regeneruje, chroni i rewitalizuje Twoj\u0105 sk\u00f3r\u0119 \u2014 i korzystaj z ekskluzywnych comiesi\u0119cznych ofert na nasze bestsellerowe produkty LR Aloe Vera.\nRozpocznij swoj\u0105 naturaln\u0105 piel\u0119gnacj\u0119 sk\u00f3ry ju\u017c dzi\u015b i poczuj r\u00f3\u017cnic\u0119.","email":"info@lraloeverashop.eu","telephone":"+49 17670609653","legalName":"Lr Aloe Vera Shop","foundingDate":"2018-04-21","numberOfEmployees":{"@type":"QuantitativeValue","minValue":"1","maxValue":"10"}}]},"product_price_amount":"27.20","product_price_currency":"EUR","og_availability":"out of stock","product_availability":"out of stock","product_retailer_item_id":"20827-1PL","product_condition":"new"},"taxonomy_info":{"product_cat":[{"value":1059,"label":"Aloe Vera"},{"value":1062,"label":"CBD"},{"value":1061,"label":"Piel\u0119gnacja cia\u0142a"}],"product_tag":[{"value":1122,"label":"Produkty CBD"}]},"featured_image_src_large":["https:\/\/www.lraloeverashop.eu\/wp-content\/uploads\/2022\/10\/Lr-Aloe-Vera-CBD-Body-Cleansing-Set-1024x1024.jpg",1024,1024,true],"author_info":[],"comment_info":0,"_links":{"self":[{"href":"https:\/\/www.lraloeverashop.eu\/pl\/wp-json\/wp\/v2\/product\/29810","targetHints":{"allow":["GET"]}}],"collection":[{"href":"https:\/\/www.lraloeverashop.eu\/pl\/wp-json\/wp\/v2\/product"}],"about":[{"href":"https:\/\/www.lraloeverashop.eu\/pl\/wp-json\/wp\/v2\/types\/product"}],"replies":[{"embeddable":true,"href":"https:\/\/www.lraloeverashop.eu\/pl\/wp-json\/wp\/v2\/comments?post=29810"}],"wp:featuredmedia":[{"embeddable":true,"href":"https:\/\/www.lraloeverashop.eu\/pl\/wp-json\/wp\/v2\/media\/27336"}],"wp:attachment":[{"href":"https:\/\/www.lraloeverashop.eu\/pl\/wp-json\/wp\/v2\/media?parent=29810"}],"wp:term":[{"taxonomy":"product_brand","embeddable":true,"href":"https:\/\/www.lraloeverashop.eu\/pl\/wp-json\/wp\/v2\/product_brand?post=29810"},{"taxonomy":"product_cat","embeddable":true,"href":"https:\/\/www.lraloeverashop.eu\/pl\/wp-json\/wp\/v2\/product_cat?post=29810"},{"taxonomy":"product_tag","embeddable":true,"href":"https:\/\/www.lraloeverashop.eu\/pl\/wp-json\/wp\/v2\/product_tag?post=29810"}],"curies":[{"name":"wp","href":"https:\/\/api.w.org\/{rel}","templated":true}]}}