{"id":29807,"date":"2022-10-10T22:23:56","date_gmt":"2022-10-10T20:23:56","guid":{"rendered":"https:\/\/www.lraloeverashop.eu\/product\/zestaw-do-oczyszczania-twarzy-z-aloesem\/"},"modified":"2022-10-10T22:23:56","modified_gmt":"2022-10-10T20:23:56","slug":"zestaw-do-oczyszczania-twarzy-z-aloesem","status":"publish","type":"product","link":"https:\/\/www.lraloeverashop.eu\/pl\/produkt\/zestaw-do-oczyszczania-twarzy-z-aloesem\/","title":{"rendered":"Zestaw do Oczyszczania Twarzy z Aloesem"},"content":{"rendered":"<h2><span style=\"font-size: 16pt;\"><strong>Zestaw do Oczyszczania Twarzy z Aloesem<\/strong><\/span><\/h2>\n<p><strong><span style=\"font-size: 14pt;\">Zestaw do Oczyszczania Twarzy z Aloesem z mleczkiem oczyszczaj\u0105cym i tonikiem dla m\u0142odzie\u0144czego wygl\u0105du<\/span><\/strong><\/p>\n<p>Zestaw do Oczyszczania Twarzy z Aloesem z mleczkiem oczyszczaj\u0105cym i tonikiem skutecznie usuwa zanieczyszczenia oraz przygotowuje sk\u00f3r\u0119 do kolejnych etap\u00f3w codziennej piel\u0119gnacji. To idealne rozwi\u0105zanie dla os\u00f3b, kt\u00f3re chc\u0105 przywr\u00f3ci\u0107 cerze \u015bwie\u017co\u015b\u0107, r\u00f3wnowag\u0119 i naturalny blask.<\/p>\n<p>Mleczko oczyszczaj\u0105ce z Aloesem usuwa zanieczyszczenia i pozosta\u0142o\u015bci makija\u017cu. Oczyszcza delikatnie, jednocze\u015bnie chroni\u0105c wra\u017cliw\u0105 sk\u00f3r\u0119. G\u0142adkie mleczko z zawarto\u015bci\u0105 50% Aloe Vera oraz koj\u0105cym organicznym ekstraktem z dzikiej r\u00f3\u017cy przygotowuje sk\u00f3r\u0119 do od\u015bwie\u017caj\u0105cego dzia\u0142ania toniku.<\/p>\n<p><strong>Stosowanie:<\/strong><br \/>\nNak\u0142adaj mleczko rano i wieczorem opuszkami palc\u00f3w na lekko wilgotn\u0105 sk\u00f3r\u0119 twarzy, szyi i dekoltu. Omijaj okolice oczu. Nast\u0119pnie sp\u0142ucz letni\u0105 wod\u0105 i zastosuj Tonik.<\/p>\n<p>Tonik oczyszczaj\u0105cy z Aloesem skutecznie oczyszcza sk\u00f3r\u0119 i przygotowuje j\u0105 do kolejnych etap\u00f3w codziennej piel\u0119gnacji. Delikatna, bezalkoholowa formu\u0142a z 50% Aloe Vera oczyszcza i od\u015bwie\u017ca sk\u00f3r\u0119 po zastosowaniu mleczka oczyszczaj\u0105cego. Odblokowuje pory, usuwa pozosta\u0142o\u015bci makija\u017cu i zanieczyszczenia, nie naruszaj\u0105c naturalnej r\u00f3wnowagi sk\u00f3ry. Ekstrakt z dzikiej r\u00f3\u017cy dzia\u0142a wyj\u0105tkowo \u0142agodnie i koj\u0105co.<\/p>\n<p><strong>Stosowanie:<\/strong><br \/>\nNak\u0142adaj tonik rano i wieczorem po dok\u0142adnym oczyszczeniu twarzy. Nanie\u015b go na p\u0142atek kosmetyczny i delikatnie przetrzyj twarz, szyj\u0119 oraz dekolt, omijaj\u0105c okolice oczu. Nast\u0119pnie zastosuj Aloe Vera Krem na dzien lub Krem na noc.<\/p>\n<p>Regularne stosowanie zestawu sprawia, \u017ce sk\u00f3ra staje si\u0119 dok\u0142adnie oczyszczona, zrewitalizowana i odpowiednio nawil\u017cona \u2013 gotowa na kolejne kroki piel\u0119gnacyjne.<\/p>\n","protected":false},"excerpt":{"rendered":"<ul>\n<li><strong><span style=\"color: #ff0000;\">Oferta limitowana<\/span><\/strong><\/li>\n<li>Z 50% Aloe Vera i organicznym ekstraktem z dzikiej r\u00f3\u017cy<\/li>\n<li>1 \u00d7 Mleczko do demakija\u017cu Lr Aloe Vera<\/li>\n<li>1 \u00d7 ATonik do Twarzy Lr Aloe Vera<\/li>\n<li>Usuwa makija\u017c i zanieczyszczenia ze sk\u00f3ry<\/li>\n<li>Oczyszcza, rewitalizuje i nawil\u017ca sk\u00f3r\u0119<\/li>\n<li>Pojemno\u015b\u0107: 200 ml ka\u017cdy produkt<\/li>\n<\/ul>\n<p style=\"text-align: left;\"><span style=\"color: #ff0000;\"><a style=\"color: #ff0000;\" href=\"https:\/\/shop.lrworld.com\/openpao?PHP=0vFlt7jT938BEnBI3a6e9w%3D%3D\"><span style=\"font-size: 14pt;\"><strong>Zarejestruj si\u0119 i oszcz\u0119dzaj 35% przy ka\u017cdym zam\u00f3wieniu<\/strong><\/span><\/a><\/span><\/p>\n","protected":false},"featured_media":27292,"comment_status":"open","ping_status":"closed","template":"","meta":{"_kad_blocks_custom_css":"","_kad_blocks_head_custom_js":"","_kad_blocks_body_custom_js":"","_kad_blocks_footer_custom_js":"","_kadence_starter_templates_imported_post":false,"_kad_post_transparent":"default","_kad_post_title":"","_kad_post_layout":"default","_kad_post_sidebar_id":"","_kad_post_content_style":"default","_kad_post_vertical_padding":"default","_kad_post_feature":"","_kad_post_feature_position":"","_kad_post_header":false,"_kad_post_footer":false,"_kad_post_classname":""},"product_brand":[],"product_cat":[1059,1063],"product_tag":[1133,1132],"class_list":{"0":"post-29807","1":"product","2":"type-product","3":"status-publish","4":"has-post-thumbnail","6":"product_cat-aloe-vera-pl","7":"product_cat-pielegnacja-twarzy","8":"product_tag-oczyszczanie-twarzy","9":"product_tag-produkty-do-pielegnacji-twarzy","11":"first","12":"outofstock","13":"taxable","14":"shipping-taxable","15":"purchasable","16":"product-type-simple","17":"entry","18":"content-bg","19":"loop-entry"},"yoast_head":"<!-- This site is optimized with the Yoast SEO Premium plugin v27.4 (Yoast SEO v27.4) - https:\/\/yoast.com\/product\/yoast-seo-premium-wordpress\/ -->\n<title>Zestaw do Oczyszczania Twarzy z Aloesem<\/title>\n<meta name=\"description\" content=\"Zestaw do Oczyszczania Twarzy z Aloesem delikatnie usuwa makija\u017c, oczyszcza pory i nawil\u017ca sk\u00f3r\u0119. \u015awie\u017ca, promienna cera ka\u017cdego dnia.\" \/>\n<meta name=\"robots\" content=\"index, follow, max-snippet:-1, max-image-preview:large, max-video-preview:-1\" \/>\n<link rel=\"canonical\" href=\"https:\/\/www.lraloeverashop.eu\/pl\/produkt\/zestaw-do-oczyszczania-twarzy-z-aloesem\/\" \/>\n<meta property=\"og:locale\" content=\"pl_PL\" \/>\n<meta property=\"og:type\" content=\"article\" \/>\n<meta property=\"og:title\" content=\"Zestaw do Oczyszczania Twarzy z Aloesem\" \/>\n<meta property=\"og:description\" content=\"Zestaw do Oczyszczania Twarzy z Aloesem delikatnie usuwa makija\u017c, oczyszcza pory i nawil\u017ca sk\u00f3r\u0119. \u015awie\u017ca, promienna cera ka\u017cdego dnia.\" \/>\n<meta property=\"og:url\" content=\"https:\/\/www.lraloeverashop.eu\/pl\/produkt\/zestaw-do-oczyszczania-twarzy-z-aloesem\/\" \/>\n<meta property=\"og:site_name\" content=\"Lr Aloe Vera Shop\" \/>\n<meta property=\"article:publisher\" content=\"https:\/\/www.facebook.com\/lraloeverashop.eu\" \/>\n<meta property=\"og:image\" content=\"https:\/\/www.lraloeverashop.eu\/wp-content\/uploads\/2022\/10\/Aloe-Vera-Face-Wash-Cleansing-Set-Limited-Offer.jpg\" \/>\n\t<meta property=\"og:image:width\" content=\"1200\" \/>\n\t<meta property=\"og:image:height\" content=\"1200\" \/>\n\t<meta property=\"og:image:type\" content=\"image\/jpeg\" \/>\n<meta name=\"twitter:card\" content=\"summary_large_image\" \/>\n<meta name=\"twitter:site\" content=\"@natur__kosmetik\" \/>\n<script type=\"application\/ld+json\" class=\"yoast-schema-graph\">{\"@context\":\"https:\\\/\\\/schema.org\",\"@graph\":[{\"@type\":[\"WebPage\",\"ItemPage\"],\"@id\":\"https:\\\/\\\/www.lraloeverashop.eu\\\/pl\\\/produkt\\\/zestaw-do-oczyszczania-twarzy-z-aloesem\\\/\",\"url\":\"https:\\\/\\\/www.lraloeverashop.eu\\\/pl\\\/produkt\\\/zestaw-do-oczyszczania-twarzy-z-aloesem\\\/\",\"name\":\"Zestaw do Oczyszczania Twarzy z Aloesem\",\"isPartOf\":{\"@id\":\"https:\\\/\\\/www.lraloeverashop.eu\\\/pl\\\/#website\"},\"primaryImageOfPage\":{\"@id\":\"https:\\\/\\\/www.lraloeverashop.eu\\\/pl\\\/produkt\\\/zestaw-do-oczyszczania-twarzy-z-aloesem\\\/#primaryimage\"},\"image\":{\"@id\":\"https:\\\/\\\/www.lraloeverashop.eu\\\/pl\\\/produkt\\\/zestaw-do-oczyszczania-twarzy-z-aloesem\\\/#primaryimage\"},\"thumbnailUrl\":\"https:\\\/\\\/www.lraloeverashop.eu\\\/wp-content\\\/uploads\\\/2022\\\/10\\\/Aloe-Vera-Face-Wash-Cleansing-Set-Limited-Offer.jpg\",\"datePublished\":\"2022-10-10T20:23:56+00:00\",\"description\":\"Zestaw do Oczyszczania Twarzy z Aloesem delikatnie usuwa makija\u017c, oczyszcza pory i nawil\u017ca sk\u00f3r\u0119. \u015awie\u017ca, promienna cera ka\u017cdego dnia.\",\"breadcrumb\":{\"@id\":\"https:\\\/\\\/www.lraloeverashop.eu\\\/pl\\\/produkt\\\/zestaw-do-oczyszczania-twarzy-z-aloesem\\\/#breadcrumb\"},\"inLanguage\":\"pl-PL\",\"potentialAction\":[{\"@type\":\"ReadAction\",\"target\":[\"https:\\\/\\\/www.lraloeverashop.eu\\\/pl\\\/produkt\\\/zestaw-do-oczyszczania-twarzy-z-aloesem\\\/\"]}]},{\"@type\":\"ImageObject\",\"inLanguage\":\"pl-PL\",\"@id\":\"https:\\\/\\\/www.lraloeverashop.eu\\\/pl\\\/produkt\\\/zestaw-do-oczyszczania-twarzy-z-aloesem\\\/#primaryimage\",\"url\":\"https:\\\/\\\/www.lraloeverashop.eu\\\/wp-content\\\/uploads\\\/2022\\\/10\\\/Aloe-Vera-Face-Wash-Cleansing-Set-Limited-Offer.jpg\",\"contentUrl\":\"https:\\\/\\\/www.lraloeverashop.eu\\\/wp-content\\\/uploads\\\/2022\\\/10\\\/Aloe-Vera-Face-Wash-Cleansing-Set-Limited-Offer.jpg\",\"width\":1200,\"height\":1200,\"caption\":\"Zestaw do mycia twarzy Aloe Vera Oferta limitowana\"},{\"@type\":\"BreadcrumbList\",\"@id\":\"https:\\\/\\\/www.lraloeverashop.eu\\\/pl\\\/produkt\\\/zestaw-do-oczyszczania-twarzy-z-aloesem\\\/#breadcrumb\",\"itemListElement\":[{\"@type\":\"ListItem\",\"position\":1,\"name\":\"Home\",\"item\":\"https:\\\/\\\/www.lraloeverashop.eu\\\/pl\\\/\"},{\"@type\":\"ListItem\",\"position\":2,\"name\":\"Sklep\",\"item\":\"https:\\\/\\\/www.lraloeverashop.eu\\\/pl\\\/sklep\\\/\"},{\"@type\":\"ListItem\",\"position\":3,\"name\":\"Zestaw do Oczyszczania Twarzy z Aloesem\"}]},{\"@type\":\"WebSite\",\"@id\":\"https:\\\/\\\/www.lraloeverashop.eu\\\/pl\\\/#website\",\"url\":\"https:\\\/\\\/www.lraloeverashop.eu\\\/pl\\\/\",\"name\":\"Lr Aloe Vera Shop\",\"description\":\"High Quality Lr Aloe Vera Gel, Aloe Vera Cream and Shampoo\",\"publisher\":{\"@id\":\"https:\\\/\\\/www.lraloeverashop.eu\\\/pl\\\/#organization\"},\"alternateName\":\"LR\",\"potentialAction\":[{\"@type\":\"SearchAction\",\"target\":{\"@type\":\"EntryPoint\",\"urlTemplate\":\"https:\\\/\\\/www.lraloeverashop.eu\\\/pl\\\/?s={search_term_string}\"},\"query-input\":{\"@type\":\"PropertyValueSpecification\",\"valueRequired\":true,\"valueName\":\"search_term_string\"}}],\"inLanguage\":\"pl-PL\"},{\"@type\":\"Organization\",\"@id\":\"https:\\\/\\\/www.lraloeverashop.eu\\\/pl\\\/#organization\",\"name\":\"Sklep Lr Aloe Vera\",\"alternateName\":\"LR\",\"url\":\"https:\\\/\\\/www.lraloeverashop.eu\\\/pl\\\/\",\"logo\":{\"@type\":\"ImageObject\",\"inLanguage\":\"pl-PL\",\"@id\":\"https:\\\/\\\/www.lraloeverashop.eu\\\/pl\\\/#\\\/schema\\\/logo\\\/image\\\/\",\"url\":\"https:\\\/\\\/www.lraloeverashop.eu\\\/wp-content\\\/uploads\\\/2022\\\/09\\\/cropped-Lr-Aloe-Vera-Shop.jpg\",\"contentUrl\":\"https:\\\/\\\/www.lraloeverashop.eu\\\/wp-content\\\/uploads\\\/2022\\\/09\\\/cropped-Lr-Aloe-Vera-Shop.jpg\",\"width\":228,\"height\":76,\"caption\":\"Sklep Lr Aloe Vera\"},\"image\":{\"@id\":\"https:\\\/\\\/www.lraloeverashop.eu\\\/pl\\\/#\\\/schema\\\/logo\\\/image\\\/\"},\"sameAs\":[\"https:\\\/\\\/www.facebook.com\\\/lraloeverashop.eu\",\"https:\\\/\\\/x.com\\\/natur__kosmetik\",\"https:\\\/\\\/www.youtube.com\\\/channel\\\/UC5oN7BJ8nfYb8RpVtjwDEBA\",\"https:\\\/\\\/www.instagram.com\\\/lrbeautyeu\\\/\"],\"description\":\"Sklep LR Aloe Vera to Twoje zaufane \u017ar\u00f3d\u0142o wysokiej jako\u015bci produkt\u00f3w LR Health & Beauty wyprodukowanych w Niemczech. Oferujemy wysokiej jako\u015bci produkty do piel\u0119gnacji sk\u00f3ry, od\u017cywiania i przeciwstarzeniowe z aloesem, stworzone z czystych sk\u0142adnik\u00f3w i poparte badaniami naukowymi. Odkryj naturaln\u0105 piel\u0119gnacj\u0119, kt\u00f3ra regeneruje, chroni i rewitalizuje Twoj\u0105 sk\u00f3r\u0119 \u2014 i korzystaj z ekskluzywnych comiesi\u0119cznych ofert na nasze bestsellerowe produkty LR Aloe Vera.\\nRozpocznij swoj\u0105 naturaln\u0105 piel\u0119gnacj\u0119 sk\u00f3ry ju\u017c dzi\u015b i poczuj r\u00f3\u017cnic\u0119.\",\"email\":\"info@lraloeverashop.eu\",\"telephone\":\"+49 17670609653\",\"legalName\":\"Lr Aloe Vera Shop\",\"foundingDate\":\"2018-04-21\",\"numberOfEmployees\":{\"@type\":\"QuantitativeValue\",\"minValue\":\"1\",\"maxValue\":\"10\"}}]}<\/script>\n<meta property=\"product:price:amount\" content=\"22.99\" \/>\n<meta property=\"product:price:currency\" content=\"EUR\" \/>\n<meta property=\"og:availability\" content=\"out of stock\" \/>\n<meta property=\"product:availability\" content=\"out of stock\" \/>\n<meta property=\"product:retailer_item_id\" content=\"20781-1PL\" \/>\n<meta property=\"product:condition\" content=\"new\" \/>\n<!-- \/ Yoast SEO Premium plugin. -->","yoast_head_json":{"title":"Zestaw do Oczyszczania Twarzy z Aloesem","description":"Zestaw do Oczyszczania Twarzy z Aloesem delikatnie usuwa makija\u017c, oczyszcza pory i nawil\u017ca sk\u00f3r\u0119. \u015awie\u017ca, promienna cera ka\u017cdego dnia.","robots":{"index":"index","follow":"follow","max-snippet":"max-snippet:-1","max-image-preview":"max-image-preview:large","max-video-preview":"max-video-preview:-1"},"canonical":"https:\/\/www.lraloeverashop.eu\/pl\/produkt\/zestaw-do-oczyszczania-twarzy-z-aloesem\/","og_locale":"pl_PL","og_type":"article","og_title":"Zestaw do Oczyszczania Twarzy z Aloesem","og_description":"Zestaw do Oczyszczania Twarzy z Aloesem delikatnie usuwa makija\u017c, oczyszcza pory i nawil\u017ca sk\u00f3r\u0119. \u015awie\u017ca, promienna cera ka\u017cdego dnia.","og_url":"https:\/\/www.lraloeverashop.eu\/pl\/produkt\/zestaw-do-oczyszczania-twarzy-z-aloesem\/","og_site_name":"Lr Aloe Vera Shop","article_publisher":"https:\/\/www.facebook.com\/lraloeverashop.eu","og_image":[{"width":1200,"height":1200,"url":"https:\/\/www.lraloeverashop.eu\/wp-content\/uploads\/2022\/10\/Aloe-Vera-Face-Wash-Cleansing-Set-Limited-Offer.jpg","type":"image\/jpeg"}],"twitter_card":"summary_large_image","twitter_site":"@natur__kosmetik","schema":{"@context":"https:\/\/schema.org","@graph":[{"@type":["WebPage","ItemPage"],"@id":"https:\/\/www.lraloeverashop.eu\/pl\/produkt\/zestaw-do-oczyszczania-twarzy-z-aloesem\/","url":"https:\/\/www.lraloeverashop.eu\/pl\/produkt\/zestaw-do-oczyszczania-twarzy-z-aloesem\/","name":"Zestaw do Oczyszczania Twarzy z Aloesem","isPartOf":{"@id":"https:\/\/www.lraloeverashop.eu\/pl\/#website"},"primaryImageOfPage":{"@id":"https:\/\/www.lraloeverashop.eu\/pl\/produkt\/zestaw-do-oczyszczania-twarzy-z-aloesem\/#primaryimage"},"image":{"@id":"https:\/\/www.lraloeverashop.eu\/pl\/produkt\/zestaw-do-oczyszczania-twarzy-z-aloesem\/#primaryimage"},"thumbnailUrl":"https:\/\/www.lraloeverashop.eu\/wp-content\/uploads\/2022\/10\/Aloe-Vera-Face-Wash-Cleansing-Set-Limited-Offer.jpg","datePublished":"2022-10-10T20:23:56+00:00","description":"Zestaw do Oczyszczania Twarzy z Aloesem delikatnie usuwa makija\u017c, oczyszcza pory i nawil\u017ca sk\u00f3r\u0119. \u015awie\u017ca, promienna cera ka\u017cdego dnia.","breadcrumb":{"@id":"https:\/\/www.lraloeverashop.eu\/pl\/produkt\/zestaw-do-oczyszczania-twarzy-z-aloesem\/#breadcrumb"},"inLanguage":"pl-PL","potentialAction":[{"@type":"ReadAction","target":["https:\/\/www.lraloeverashop.eu\/pl\/produkt\/zestaw-do-oczyszczania-twarzy-z-aloesem\/"]}]},{"@type":"ImageObject","inLanguage":"pl-PL","@id":"https:\/\/www.lraloeverashop.eu\/pl\/produkt\/zestaw-do-oczyszczania-twarzy-z-aloesem\/#primaryimage","url":"https:\/\/www.lraloeverashop.eu\/wp-content\/uploads\/2022\/10\/Aloe-Vera-Face-Wash-Cleansing-Set-Limited-Offer.jpg","contentUrl":"https:\/\/www.lraloeverashop.eu\/wp-content\/uploads\/2022\/10\/Aloe-Vera-Face-Wash-Cleansing-Set-Limited-Offer.jpg","width":1200,"height":1200,"caption":"Zestaw do mycia twarzy Aloe Vera Oferta limitowana"},{"@type":"BreadcrumbList","@id":"https:\/\/www.lraloeverashop.eu\/pl\/produkt\/zestaw-do-oczyszczania-twarzy-z-aloesem\/#breadcrumb","itemListElement":[{"@type":"ListItem","position":1,"name":"Home","item":"https:\/\/www.lraloeverashop.eu\/pl\/"},{"@type":"ListItem","position":2,"name":"Sklep","item":"https:\/\/www.lraloeverashop.eu\/pl\/sklep\/"},{"@type":"ListItem","position":3,"name":"Zestaw do Oczyszczania Twarzy z Aloesem"}]},{"@type":"WebSite","@id":"https:\/\/www.lraloeverashop.eu\/pl\/#website","url":"https:\/\/www.lraloeverashop.eu\/pl\/","name":"Lr Aloe Vera Shop","description":"High Quality Lr Aloe Vera Gel, Aloe Vera Cream and Shampoo","publisher":{"@id":"https:\/\/www.lraloeverashop.eu\/pl\/#organization"},"alternateName":"LR","potentialAction":[{"@type":"SearchAction","target":{"@type":"EntryPoint","urlTemplate":"https:\/\/www.lraloeverashop.eu\/pl\/?s={search_term_string}"},"query-input":{"@type":"PropertyValueSpecification","valueRequired":true,"valueName":"search_term_string"}}],"inLanguage":"pl-PL"},{"@type":"Organization","@id":"https:\/\/www.lraloeverashop.eu\/pl\/#organization","name":"Sklep Lr Aloe Vera","alternateName":"LR","url":"https:\/\/www.lraloeverashop.eu\/pl\/","logo":{"@type":"ImageObject","inLanguage":"pl-PL","@id":"https:\/\/www.lraloeverashop.eu\/pl\/#\/schema\/logo\/image\/","url":"https:\/\/www.lraloeverashop.eu\/wp-content\/uploads\/2022\/09\/cropped-Lr-Aloe-Vera-Shop.jpg","contentUrl":"https:\/\/www.lraloeverashop.eu\/wp-content\/uploads\/2022\/09\/cropped-Lr-Aloe-Vera-Shop.jpg","width":228,"height":76,"caption":"Sklep Lr Aloe Vera"},"image":{"@id":"https:\/\/www.lraloeverashop.eu\/pl\/#\/schema\/logo\/image\/"},"sameAs":["https:\/\/www.facebook.com\/lraloeverashop.eu","https:\/\/x.com\/natur__kosmetik","https:\/\/www.youtube.com\/channel\/UC5oN7BJ8nfYb8RpVtjwDEBA","https:\/\/www.instagram.com\/lrbeautyeu\/"],"description":"Sklep LR Aloe Vera to Twoje zaufane \u017ar\u00f3d\u0142o wysokiej jako\u015bci produkt\u00f3w LR Health & Beauty wyprodukowanych w Niemczech. Oferujemy wysokiej jako\u015bci produkty do piel\u0119gnacji sk\u00f3ry, od\u017cywiania i przeciwstarzeniowe z aloesem, stworzone z czystych sk\u0142adnik\u00f3w i poparte badaniami naukowymi. Odkryj naturaln\u0105 piel\u0119gnacj\u0119, kt\u00f3ra regeneruje, chroni i rewitalizuje Twoj\u0105 sk\u00f3r\u0119 \u2014 i korzystaj z ekskluzywnych comiesi\u0119cznych ofert na nasze bestsellerowe produkty LR Aloe Vera.\nRozpocznij swoj\u0105 naturaln\u0105 piel\u0119gnacj\u0119 sk\u00f3ry ju\u017c dzi\u015b i poczuj r\u00f3\u017cnic\u0119.","email":"info@lraloeverashop.eu","telephone":"+49 17670609653","legalName":"Lr Aloe Vera Shop","foundingDate":"2018-04-21","numberOfEmployees":{"@type":"QuantitativeValue","minValue":"1","maxValue":"10"}}]},"product_price_amount":"22.99","product_price_currency":"EUR","og_availability":"out of stock","product_availability":"out of stock","product_retailer_item_id":"20781-1PL","product_condition":"new"},"taxonomy_info":{"product_cat":[{"value":1059,"label":"Aloe Vera"},{"value":1063,"label":"Piel\u0119gnacja twarzy"}],"product_tag":[{"value":1133,"label":"oczyszczanie twarzy"},{"value":1132,"label":"produkty do piel\u0119gnacji twarzy"}]},"featured_image_src_large":["https:\/\/www.lraloeverashop.eu\/wp-content\/uploads\/2022\/10\/Aloe-Vera-Face-Wash-Cleansing-Set-Limited-Offer-1024x1024.jpg",1024,1024,true],"author_info":[],"comment_info":0,"_links":{"self":[{"href":"https:\/\/www.lraloeverashop.eu\/pl\/wp-json\/wp\/v2\/product\/29807","targetHints":{"allow":["GET"]}}],"collection":[{"href":"https:\/\/www.lraloeverashop.eu\/pl\/wp-json\/wp\/v2\/product"}],"about":[{"href":"https:\/\/www.lraloeverashop.eu\/pl\/wp-json\/wp\/v2\/types\/product"}],"replies":[{"embeddable":true,"href":"https:\/\/www.lraloeverashop.eu\/pl\/wp-json\/wp\/v2\/comments?post=29807"}],"wp:featuredmedia":[{"embeddable":true,"href":"https:\/\/www.lraloeverashop.eu\/pl\/wp-json\/wp\/v2\/media\/27292"}],"wp:attachment":[{"href":"https:\/\/www.lraloeverashop.eu\/pl\/wp-json\/wp\/v2\/media?parent=29807"}],"wp:term":[{"taxonomy":"product_brand","embeddable":true,"href":"https:\/\/www.lraloeverashop.eu\/pl\/wp-json\/wp\/v2\/product_brand?post=29807"},{"taxonomy":"product_cat","embeddable":true,"href":"https:\/\/www.lraloeverashop.eu\/pl\/wp-json\/wp\/v2\/product_cat?post=29807"},{"taxonomy":"product_tag","embeddable":true,"href":"https:\/\/www.lraloeverashop.eu\/pl\/wp-json\/wp\/v2\/product_tag?post=29807"}],"curies":[{"name":"wp","href":"https:\/\/api.w.org\/{rel}","templated":true}]}}