{"id":29792,"date":"2025-01-29T03:41:16","date_gmt":"2025-01-29T02:41:16","guid":{"rendered":"https:\/\/www.lraloeverashop.eu\/product\/lr-cbd-roll-on-do-masazu\/"},"modified":"2026-02-15T13:18:29","modified_gmt":"2026-02-15T12:18:29","slug":"lr-cbd-roll-on-do-masazu","status":"publish","type":"product","link":"https:\/\/www.lraloeverashop.eu\/pl\/produkt\/lr-cbd-roll-on-do-masazu\/","title":{"rendered":"Lr CBD Roll-on do masa\u017cu Oferta Limitowana"},"content":{"rendered":"<h2><span style=\"font-size: 16pt;\"><strong>Lr CBD Roll-on do masa\u017cu Oferta limitowana<\/strong><\/span><\/h2>\n<p><span style=\"font-size: 14pt;\"><strong>Lr CBD Roll-on do masa\u017cu \u2013 wygodne rozwi\u0105zanie dla zm\u0119czonych i obci\u0105\u017conych mi\u0119\u015bni<\/strong><\/span><\/p>\n<p>Lr CBD Roll-on do masa\u017cu to praktyczny i skuteczny produkt stworzony z my\u015bl\u0105 o osobach zmagaj\u0105cych si\u0119 z napi\u0119ciem mi\u0119\u015bni, przeci\u0105\u017ceniem staw\u00f3w oraz uczuciem zm\u0119czenia po wysi\u0142ku fizycznym. Relaksuj\u0105ca formu\u0142a zawiera a\u017c 20% Aloe Vera, organiczny olej z nasion Cannabis Sativa, CBD (kannabidiol), organiczny ekstrakt z kurkumy oraz kadzid\u0142owiec, dzi\u0119ki czemu wykazuje korzystne dzia\u0142anie na szczeg\u00f3lnie obci\u0105\u017cone partie cia\u0142a.<\/p>\n<p>Cenne sk\u0142adniki, takie jak aloes, olej konopny z CBD, kurkuma i kadzid\u0142owiec, intensywnie piel\u0119gnuj\u0105 sk\u00f3r\u0119, zapewniaj\u0105 jej odpowiednie nawil\u017cenie, wspieraj\u0105 naturaln\u0105 regeneracj\u0119 oraz gwarantuj\u0105 optymalny po\u015blizg podczas masa\u017cu. Dzi\u0119ki temu Lr CBD Roll-on do masa\u017cu doskonale sprawdza si\u0119 zar\u00f3wno w trakcie, jak i po manualnym masa\u017cu, pomagaj\u0105c rozlu\u017ani\u0107 napi\u0119te mi\u0119\u015bnie, stawy, powi\u0119\u017a oraz sk\u00f3r\u0119.<\/p>\n<p>Wyj\u0105tkowym elementem receptury jest aktywuj\u0105cy kompleks hot-cold, kt\u00f3ry poprzez stymulacj\u0119 mikrokr\u0105\u017cenia wspomaga rozlu\u017anienie tkanek. Efekt jednoczesnego ch\u0142odzenia i delikatnego rozgrzewania zapewnia optymalny relaks \u2013 szczeg\u00f3lnie po treningu, intensywnej aktywno\u015bci fizycznej lub d\u0142ugim dniu pracy.<\/p>\n<p>Wmasuj produkt w obci\u0105\u017cone partie cia\u0142a z lekkim naciskiem i poczuj przyjemnie odpr\u0119\u017caj\u0105ce dzia\u0142anie!<\/p>\n<h3><strong><span style=\"font-size: 16pt;\">Jak stosowa\u0107<\/span><\/strong><\/h3>\n<p><strong>Krok 1:<\/strong> Odkr\u0119\u0107 nakr\u0119tk\u0119, obracaj\u0105c j\u0105 przeciwnie do ruchu wskaz\u00f3wek zegara.<\/p>\n<p><strong>Krok 2:<\/strong> Nak\u0142adaj preparat na napi\u0119te partie cia\u0142a, wykonuj\u0105c okr\u0119\u017cne ruchy za pomoc\u0105 kulki masuj\u0105cej.<\/p>\n<p><strong>Krok 3:<\/strong> Zakr\u0119\u0107 Lr CBD Roll-on do masa\u017cu i pozw\u00f3l sobie na chwil\u0119 relaksu, ciesz\u0105c si\u0119 koj\u0105cym masa\u017cem.<\/p>\n<p><strong>Krok 4<\/strong> \u2013 Wskaz\u00f3wka w podr\u00f3\u017cy: Aby unikn\u0105\u0107 konieczno\u015bci mycia r\u0105k, mo\u017cesz wmasowa\u0107 produkt przy u\u017cyciu zamkni\u0119tej nakr\u0119tki roll-on.<\/p>\n<p><span style=\"color: #ff0000;\"><strong>Ostrze\u017cenia:<\/strong><\/span> Po kontakcie z p\u0142ynem umyj r\u0119ce. Unikaj kontaktu z oczami i b\u0142onami \u015bluzowymi. W razie przypadkowego kontaktu z oczami natychmiast przemyj je wod\u0105. Produkt przechowywa\u0107 poza zasi\u0119giem dzieci.<\/p>\n<h3><strong><span style=\"font-size: 16pt;\">Czy wiesz, \u017ce?<\/span><\/strong><\/h3>\n<p>Lr CBD Roll-on do masa\u017cu nale\u017cy do serii premium CBD, opartej na warto\u015bciowych sk\u0142adnikach aktywnych z Aloe Vera Barbadensis oraz Cannabis Sativa. Po\u0142\u0105czenie aloesu z organicznym olejem z nasion konopi wzbogaconym o CBD dzia\u0142a koj\u0105co i intensywnie piel\u0119gnuje szczeg\u00f3lnie obci\u0105\u017con\u0105 oraz napi\u0119t\u0105 sk\u00f3r\u0119, wspieraj\u0105c jej naturalny proces regeneracji.<\/p>\n<p>Kannabidiol (CBD) to naturalny sk\u0142adnik pozyskiwany z ro\u015bliny konopi \u2013 z jej li\u015bci i \u0142odyg. W po\u0142\u0105czeniu z organicznym olejem z nasion Cannabis Sativa pomaga piel\u0119gnowa\u0107 sk\u00f3r\u0119 nara\u017con\u0105 na przeci\u0105\u017cenia, zapewniaj\u0105c jej ukojenie i wsparcie.<\/p>\n<p>Je\u015bli szukasz produktu takiego jak roll-on z CBD na mi\u0119\u015bnie, roll-on rozgrzewaj\u0105co-ch\u0142odz\u0105cy, naturalny preparat do masa\u017cu z aloesem czy regeneruj\u0105cy roll-on po treningu, Lr CBD Roll-on do masa\u017cu b\u0119dzie doskona\u0142ym wyborem.<\/p>\n","protected":false},"excerpt":{"rendered":"<ul>\n<li><span style=\"color: #ff0000;\"><strong>Oferta limitowana<\/strong><\/span><\/li>\n<li>Relaksuj\u0105cy roll-on z 20% aloesu, organicznym olejem z nasion Cannabis Sativa, CBD, organicznym ekstraktem z kurkumy i kadzid\u0142owcem<\/li>\n<li>Koj\u0105cy dla przeci\u0105\u017conych partii cia\u0142a<\/li>\n<li>Z kompleksem hot-cold \u2013 aktywuje i relaksuje jednocze\u015bnie<\/li>\n<li>Zawarto\u015b\u0107: 2 x 50 ml<\/li>\n<\/ul>\n<p style=\"text-align: left;\"><span style=\"color: #ff0000;\"><a style=\"color: #ff0000;\" href=\"https:\/\/shop.lrworld.com\/openpao?PHP=0vFlt7jT938BEnBI3a6e9w%3D%3D\"><span style=\"font-size: 14pt;\"><strong>Zarejestruj si\u0119 i oszcz\u0119dzaj 35% przy ka\u017cdym zam\u00f3wieniu<\/strong><\/span><\/a><\/span><\/p>\n","protected":false},"featured_media":26807,"comment_status":"open","ping_status":"closed","template":"","meta":{"_kad_blocks_custom_css":"","_kad_blocks_head_custom_js":"","_kad_blocks_body_custom_js":"","_kad_blocks_footer_custom_js":"","_kadence_starter_templates_imported_post":false,"_kad_post_transparent":"default","_kad_post_title":"","_kad_post_layout":"default","_kad_post_sidebar_id":"","_kad_post_content_style":"default","_kad_post_vertical_padding":"default","_kad_post_feature":"","_kad_post_feature_position":"","_kad_post_header":false,"_kad_post_footer":false,"_kad_post_classname":""},"product_brand":[],"product_cat":[1059,1062,1090,1061],"product_tag":[1116,1118,1122],"class_list":{"0":"post-29792","1":"product","2":"type-product","3":"status-publish","4":"has-post-thumbnail","6":"product_cat-aloe-vera-pl","7":"product_cat-cbd-pl","8":"product_cat-oferty","9":"product_cat-pielegnacja-ciala","10":"product_tag-masaz-pl","11":"product_tag-napiecie-miesniowe","12":"product_tag-produkty-cbd","14":"first","15":"outofstock","16":"sale","17":"taxable","18":"shipping-taxable","19":"purchasable","20":"product-type-simple","21":"entry","22":"content-bg","23":"loop-entry"},"yoast_head":"<!-- This site is optimized with the Yoast SEO Premium plugin v27.4 (Yoast SEO v27.4) - https:\/\/yoast.com\/product\/yoast-seo-premium-wordpress\/ -->\n<title>Lr CBD Roll-on do masa\u017cu \u2013 Ulga dla mi\u0119\u015bni 2x50 ml<\/title>\n<meta name=\"description\" content=\"B\u00f3l mi\u0119\u015bni? Lr CBD Roll-on do masa\u017cu z 20% aloesu i efektem hot-cold szybko relaksuje i regeneruje. Idealny po treningu. Zam\u00f3w teraz!\" \/>\n<meta name=\"robots\" content=\"index, follow, max-snippet:-1, max-image-preview:large, max-video-preview:-1\" \/>\n<link rel=\"canonical\" href=\"https:\/\/www.lraloeverashop.eu\/pl\/produkt\/lr-cbd-roll-on-do-masazu\/\" \/>\n<meta property=\"og:locale\" content=\"pl_PL\" \/>\n<meta property=\"og:type\" content=\"article\" \/>\n<meta property=\"og:title\" content=\"Lr CBD Roll-on do masa\u017cu Oferta Limitowana\" \/>\n<meta property=\"og:description\" content=\"B\u00f3l mi\u0119\u015bni? Lr CBD Roll-on do masa\u017cu z 20% aloesu i efektem hot-cold szybko relaksuje i regeneruje. Idealny po treningu. Zam\u00f3w teraz!\" \/>\n<meta property=\"og:url\" content=\"https:\/\/www.lraloeverashop.eu\/pl\/produkt\/lr-cbd-roll-on-do-masazu\/\" \/>\n<meta property=\"og:site_name\" content=\"Lr Aloe Vera Shop\" \/>\n<meta property=\"article:publisher\" content=\"https:\/\/www.facebook.com\/lraloeverashop.eu\" \/>\n<meta property=\"article:modified_time\" content=\"2026-02-15T12:18:29+00:00\" \/>\n<meta property=\"og:image\" content=\"https:\/\/www.lraloeverashop.eu\/wp-content\/uploads\/2025\/01\/CBD-Aloe-Vera-Massage-roll-on.jpg\" \/>\n\t<meta property=\"og:image:width\" content=\"1200\" \/>\n\t<meta property=\"og:image:height\" content=\"1200\" \/>\n\t<meta property=\"og:image:type\" content=\"image\/jpeg\" \/>\n<meta name=\"twitter:card\" content=\"summary_large_image\" \/>\n<meta name=\"twitter:site\" content=\"@natur__kosmetik\" \/>\n<script type=\"application\/ld+json\" class=\"yoast-schema-graph\">{\"@context\":\"https:\\\/\\\/schema.org\",\"@graph\":[{\"@type\":[\"WebPage\",\"ItemPage\"],\"@id\":\"https:\\\/\\\/www.lraloeverashop.eu\\\/pl\\\/produkt\\\/lr-cbd-roll-on-do-masazu\\\/\",\"url\":\"https:\\\/\\\/www.lraloeverashop.eu\\\/pl\\\/produkt\\\/lr-cbd-roll-on-do-masazu\\\/\",\"name\":\"Lr CBD Roll-on do masa\u017cu \u2013 Ulga dla mi\u0119\u015bni 2x50 ml\",\"isPartOf\":{\"@id\":\"https:\\\/\\\/www.lraloeverashop.eu\\\/pl\\\/#website\"},\"primaryImageOfPage\":{\"@id\":\"https:\\\/\\\/www.lraloeverashop.eu\\\/pl\\\/produkt\\\/lr-cbd-roll-on-do-masazu\\\/#primaryimage\"},\"image\":{\"@id\":\"https:\\\/\\\/www.lraloeverashop.eu\\\/pl\\\/produkt\\\/lr-cbd-roll-on-do-masazu\\\/#primaryimage\"},\"thumbnailUrl\":\"https:\\\/\\\/www.lraloeverashop.eu\\\/wp-content\\\/uploads\\\/2025\\\/01\\\/CBD-Aloe-Vera-Massage-roll-on.jpg\",\"datePublished\":\"2025-01-29T02:41:16+00:00\",\"dateModified\":\"2026-02-15T12:18:29+00:00\",\"description\":\"B\u00f3l mi\u0119\u015bni? Lr CBD Roll-on do masa\u017cu z 20% aloesu i efektem hot-cold szybko relaksuje i regeneruje. Idealny po treningu. Zam\u00f3w teraz!\",\"breadcrumb\":{\"@id\":\"https:\\\/\\\/www.lraloeverashop.eu\\\/pl\\\/produkt\\\/lr-cbd-roll-on-do-masazu\\\/#breadcrumb\"},\"inLanguage\":\"pl-PL\",\"potentialAction\":[{\"@type\":\"ReadAction\",\"target\":[\"https:\\\/\\\/www.lraloeverashop.eu\\\/pl\\\/produkt\\\/lr-cbd-roll-on-do-masazu\\\/\"]}]},{\"@type\":\"ImageObject\",\"inLanguage\":\"pl-PL\",\"@id\":\"https:\\\/\\\/www.lraloeverashop.eu\\\/pl\\\/produkt\\\/lr-cbd-roll-on-do-masazu\\\/#primaryimage\",\"url\":\"https:\\\/\\\/www.lraloeverashop.eu\\\/wp-content\\\/uploads\\\/2025\\\/01\\\/CBD-Aloe-Vera-Massage-roll-on.jpg\",\"contentUrl\":\"https:\\\/\\\/www.lraloeverashop.eu\\\/wp-content\\\/uploads\\\/2025\\\/01\\\/CBD-Aloe-Vera-Massage-roll-on.jpg\",\"width\":1200,\"height\":1200,\"caption\":\"Lr CBD Aloe Vera Roll-on do masa\u017cu z kompleksem Hot-Cold\"},{\"@type\":\"BreadcrumbList\",\"@id\":\"https:\\\/\\\/www.lraloeverashop.eu\\\/pl\\\/produkt\\\/lr-cbd-roll-on-do-masazu\\\/#breadcrumb\",\"itemListElement\":[{\"@type\":\"ListItem\",\"position\":1,\"name\":\"Home\",\"item\":\"https:\\\/\\\/www.lraloeverashop.eu\\\/pl\\\/\"},{\"@type\":\"ListItem\",\"position\":2,\"name\":\"Sklep\",\"item\":\"https:\\\/\\\/www.lraloeverashop.eu\\\/shop\\\/\"},{\"@type\":\"ListItem\",\"position\":3,\"name\":\"Lr CBD Roll-on do masa\u017cu Oferta Limitowana\"}]},{\"@type\":\"WebSite\",\"@id\":\"https:\\\/\\\/www.lraloeverashop.eu\\\/pl\\\/#website\",\"url\":\"https:\\\/\\\/www.lraloeverashop.eu\\\/pl\\\/\",\"name\":\"Lr Aloe Vera Shop\",\"description\":\"High Quality Lr Aloe Vera Gel, Aloe Vera Cream and Shampoo\",\"publisher\":{\"@id\":\"https:\\\/\\\/www.lraloeverashop.eu\\\/pl\\\/#organization\"},\"potentialAction\":[{\"@type\":\"SearchAction\",\"target\":{\"@type\":\"EntryPoint\",\"urlTemplate\":\"https:\\\/\\\/www.lraloeverashop.eu\\\/pl\\\/?s={search_term_string}\"},\"query-input\":{\"@type\":\"PropertyValueSpecification\",\"valueRequired\":true,\"valueName\":\"search_term_string\"}}],\"inLanguage\":\"pl-PL\"},{\"@type\":\"Organization\",\"@id\":\"https:\\\/\\\/www.lraloeverashop.eu\\\/pl\\\/#organization\",\"name\":\"Sklep Lr Aloe Vera\",\"alternateName\":\"LR\",\"url\":\"https:\\\/\\\/www.lraloeverashop.eu\\\/pl\\\/\",\"logo\":{\"@type\":\"ImageObject\",\"inLanguage\":\"pl-PL\",\"@id\":\"https:\\\/\\\/www.lraloeverashop.eu\\\/pl\\\/#\\\/schema\\\/logo\\\/image\\\/\",\"url\":\"https:\\\/\\\/www.lraloeverashop.eu\\\/wp-content\\\/uploads\\\/2022\\\/09\\\/cropped-Lr-Aloe-Vera-Shop.jpg\",\"contentUrl\":\"https:\\\/\\\/www.lraloeverashop.eu\\\/wp-content\\\/uploads\\\/2022\\\/09\\\/cropped-Lr-Aloe-Vera-Shop.jpg\",\"width\":228,\"height\":76,\"caption\":\"Sklep Lr Aloe Vera\"},\"image\":{\"@id\":\"https:\\\/\\\/www.lraloeverashop.eu\\\/pl\\\/#\\\/schema\\\/logo\\\/image\\\/\"},\"sameAs\":[\"https:\\\/\\\/www.facebook.com\\\/lraloeverashop.eu\",\"https:\\\/\\\/x.com\\\/natur__kosmetik\",\"https:\\\/\\\/www.youtube.com\\\/channel\\\/UC5oN7BJ8nfYb8RpVtjwDEBA\",\"https:\\\/\\\/www.instagram.com\\\/lrbeautyeu\\\/\"],\"description\":\"Sklep LR Aloe Vera to Twoje zaufane \u017ar\u00f3d\u0142o wysokiej jako\u015bci produkt\u00f3w LR Health & Beauty wyprodukowanych w Niemczech. Oferujemy wysokiej jako\u015bci produkty do piel\u0119gnacji sk\u00f3ry, od\u017cywiania i przeciwstarzeniowe z aloesem, stworzone z czystych sk\u0142adnik\u00f3w i poparte badaniami naukowymi. Odkryj naturaln\u0105 piel\u0119gnacj\u0119, kt\u00f3ra regeneruje, chroni i rewitalizuje Twoj\u0105 sk\u00f3r\u0119 \u2014 i korzystaj z ekskluzywnych comiesi\u0119cznych ofert na nasze bestsellerowe produkty LR Aloe Vera.\\nRozpocznij swoj\u0105 naturaln\u0105 piel\u0119gnacj\u0119 sk\u00f3ry ju\u017c dzi\u015b i poczuj r\u00f3\u017cnic\u0119.\",\"email\":\"info@lraloeverashop.eu\",\"telephone\":\"+49 17670609653\",\"legalName\":\"Lr Aloe Vera Shop\",\"foundingDate\":\"2018-04-21\",\"numberOfEmployees\":{\"@type\":\"QuantitativeValue\",\"minValue\":\"1\",\"maxValue\":\"10\"}}]}<\/script>\n<meta property=\"product:price:amount\" content=\"42.99\" \/>\n<meta property=\"product:price:currency\" content=\"EUR\" \/>\n<meta property=\"og:availability\" content=\"out of stock\" \/>\n<meta property=\"product:availability\" content=\"out of stock\" \/>\n<meta property=\"product:retailer_item_id\" content=\"20829-1PL\" \/>\n<meta property=\"product:condition\" content=\"new\" \/>\n<!-- \/ Yoast SEO Premium plugin. -->","yoast_head_json":{"title":"Lr CBD Roll-on do masa\u017cu \u2013 Ulga dla mi\u0119\u015bni 2x50 ml","description":"B\u00f3l mi\u0119\u015bni? Lr CBD Roll-on do masa\u017cu z 20% aloesu i efektem hot-cold szybko relaksuje i regeneruje. Idealny po treningu. Zam\u00f3w teraz!","robots":{"index":"index","follow":"follow","max-snippet":"max-snippet:-1","max-image-preview":"max-image-preview:large","max-video-preview":"max-video-preview:-1"},"canonical":"https:\/\/www.lraloeverashop.eu\/pl\/produkt\/lr-cbd-roll-on-do-masazu\/","og_locale":"pl_PL","og_type":"article","og_title":"Lr CBD Roll-on do masa\u017cu Oferta Limitowana","og_description":"B\u00f3l mi\u0119\u015bni? Lr CBD Roll-on do masa\u017cu z 20% aloesu i efektem hot-cold szybko relaksuje i regeneruje. Idealny po treningu. Zam\u00f3w teraz!","og_url":"https:\/\/www.lraloeverashop.eu\/pl\/produkt\/lr-cbd-roll-on-do-masazu\/","og_site_name":"Lr Aloe Vera Shop","article_publisher":"https:\/\/www.facebook.com\/lraloeverashop.eu","article_modified_time":"2026-02-15T12:18:29+00:00","og_image":[{"width":1200,"height":1200,"url":"https:\/\/www.lraloeverashop.eu\/wp-content\/uploads\/2025\/01\/CBD-Aloe-Vera-Massage-roll-on.jpg","type":"image\/jpeg"}],"twitter_card":"summary_large_image","twitter_site":"@natur__kosmetik","schema":{"@context":"https:\/\/schema.org","@graph":[{"@type":["WebPage","ItemPage"],"@id":"https:\/\/www.lraloeverashop.eu\/pl\/produkt\/lr-cbd-roll-on-do-masazu\/","url":"https:\/\/www.lraloeverashop.eu\/pl\/produkt\/lr-cbd-roll-on-do-masazu\/","name":"Lr CBD Roll-on do masa\u017cu \u2013 Ulga dla mi\u0119\u015bni 2x50 ml","isPartOf":{"@id":"https:\/\/www.lraloeverashop.eu\/pl\/#website"},"primaryImageOfPage":{"@id":"https:\/\/www.lraloeverashop.eu\/pl\/produkt\/lr-cbd-roll-on-do-masazu\/#primaryimage"},"image":{"@id":"https:\/\/www.lraloeverashop.eu\/pl\/produkt\/lr-cbd-roll-on-do-masazu\/#primaryimage"},"thumbnailUrl":"https:\/\/www.lraloeverashop.eu\/wp-content\/uploads\/2025\/01\/CBD-Aloe-Vera-Massage-roll-on.jpg","datePublished":"2025-01-29T02:41:16+00:00","dateModified":"2026-02-15T12:18:29+00:00","description":"B\u00f3l mi\u0119\u015bni? Lr CBD Roll-on do masa\u017cu z 20% aloesu i efektem hot-cold szybko relaksuje i regeneruje. Idealny po treningu. Zam\u00f3w teraz!","breadcrumb":{"@id":"https:\/\/www.lraloeverashop.eu\/pl\/produkt\/lr-cbd-roll-on-do-masazu\/#breadcrumb"},"inLanguage":"pl-PL","potentialAction":[{"@type":"ReadAction","target":["https:\/\/www.lraloeverashop.eu\/pl\/produkt\/lr-cbd-roll-on-do-masazu\/"]}]},{"@type":"ImageObject","inLanguage":"pl-PL","@id":"https:\/\/www.lraloeverashop.eu\/pl\/produkt\/lr-cbd-roll-on-do-masazu\/#primaryimage","url":"https:\/\/www.lraloeverashop.eu\/wp-content\/uploads\/2025\/01\/CBD-Aloe-Vera-Massage-roll-on.jpg","contentUrl":"https:\/\/www.lraloeverashop.eu\/wp-content\/uploads\/2025\/01\/CBD-Aloe-Vera-Massage-roll-on.jpg","width":1200,"height":1200,"caption":"Lr CBD Aloe Vera Roll-on do masa\u017cu z kompleksem Hot-Cold"},{"@type":"BreadcrumbList","@id":"https:\/\/www.lraloeverashop.eu\/pl\/produkt\/lr-cbd-roll-on-do-masazu\/#breadcrumb","itemListElement":[{"@type":"ListItem","position":1,"name":"Home","item":"https:\/\/www.lraloeverashop.eu\/pl\/"},{"@type":"ListItem","position":2,"name":"Sklep","item":"https:\/\/www.lraloeverashop.eu\/shop\/"},{"@type":"ListItem","position":3,"name":"Lr CBD Roll-on do masa\u017cu Oferta Limitowana"}]},{"@type":"WebSite","@id":"https:\/\/www.lraloeverashop.eu\/pl\/#website","url":"https:\/\/www.lraloeverashop.eu\/pl\/","name":"Lr Aloe Vera Shop","description":"High Quality Lr Aloe Vera Gel, Aloe Vera Cream and Shampoo","publisher":{"@id":"https:\/\/www.lraloeverashop.eu\/pl\/#organization"},"potentialAction":[{"@type":"SearchAction","target":{"@type":"EntryPoint","urlTemplate":"https:\/\/www.lraloeverashop.eu\/pl\/?s={search_term_string}"},"query-input":{"@type":"PropertyValueSpecification","valueRequired":true,"valueName":"search_term_string"}}],"inLanguage":"pl-PL"},{"@type":"Organization","@id":"https:\/\/www.lraloeverashop.eu\/pl\/#organization","name":"Sklep Lr Aloe Vera","alternateName":"LR","url":"https:\/\/www.lraloeverashop.eu\/pl\/","logo":{"@type":"ImageObject","inLanguage":"pl-PL","@id":"https:\/\/www.lraloeverashop.eu\/pl\/#\/schema\/logo\/image\/","url":"https:\/\/www.lraloeverashop.eu\/wp-content\/uploads\/2022\/09\/cropped-Lr-Aloe-Vera-Shop.jpg","contentUrl":"https:\/\/www.lraloeverashop.eu\/wp-content\/uploads\/2022\/09\/cropped-Lr-Aloe-Vera-Shop.jpg","width":228,"height":76,"caption":"Sklep Lr Aloe Vera"},"image":{"@id":"https:\/\/www.lraloeverashop.eu\/pl\/#\/schema\/logo\/image\/"},"sameAs":["https:\/\/www.facebook.com\/lraloeverashop.eu","https:\/\/x.com\/natur__kosmetik","https:\/\/www.youtube.com\/channel\/UC5oN7BJ8nfYb8RpVtjwDEBA","https:\/\/www.instagram.com\/lrbeautyeu\/"],"description":"Sklep LR Aloe Vera to Twoje zaufane \u017ar\u00f3d\u0142o wysokiej jako\u015bci produkt\u00f3w LR Health & Beauty wyprodukowanych w Niemczech. Oferujemy wysokiej jako\u015bci produkty do piel\u0119gnacji sk\u00f3ry, od\u017cywiania i przeciwstarzeniowe z aloesem, stworzone z czystych sk\u0142adnik\u00f3w i poparte badaniami naukowymi. Odkryj naturaln\u0105 piel\u0119gnacj\u0119, kt\u00f3ra regeneruje, chroni i rewitalizuje Twoj\u0105 sk\u00f3r\u0119 \u2014 i korzystaj z ekskluzywnych comiesi\u0119cznych ofert na nasze bestsellerowe produkty LR Aloe Vera.\nRozpocznij swoj\u0105 naturaln\u0105 piel\u0119gnacj\u0119 sk\u00f3ry ju\u017c dzi\u015b i poczuj r\u00f3\u017cnic\u0119.","email":"info@lraloeverashop.eu","telephone":"+49 17670609653","legalName":"Lr Aloe Vera Shop","foundingDate":"2018-04-21","numberOfEmployees":{"@type":"QuantitativeValue","minValue":"1","maxValue":"10"}}]},"product_price_amount":"42.99","product_price_currency":"EUR","og_availability":"out of stock","product_availability":"out of stock","product_retailer_item_id":"20829-1PL","product_condition":"new"},"taxonomy_info":{"product_cat":[{"value":1059,"label":"Aloe Vera"},{"value":1062,"label":"CBD"},{"value":1090,"label":"Oferty"},{"value":1061,"label":"Piel\u0119gnacja cia\u0142a"}],"product_tag":[{"value":1116,"label":"Masa\u017c"},{"value":1118,"label":"Napi\u0119cie Mi\u0119\u015bniowe"},{"value":1122,"label":"Produkty CBD"}]},"featured_image_src_large":["https:\/\/www.lraloeverashop.eu\/wp-content\/uploads\/2025\/01\/CBD-Aloe-Vera-Massage-roll-on-1024x1024.jpg",1024,1024,true],"author_info":[],"comment_info":0,"_links":{"self":[{"href":"https:\/\/www.lraloeverashop.eu\/pl\/wp-json\/wp\/v2\/product\/29792","targetHints":{"allow":["GET"]}}],"collection":[{"href":"https:\/\/www.lraloeverashop.eu\/pl\/wp-json\/wp\/v2\/product"}],"about":[{"href":"https:\/\/www.lraloeverashop.eu\/pl\/wp-json\/wp\/v2\/types\/product"}],"replies":[{"embeddable":true,"href":"https:\/\/www.lraloeverashop.eu\/pl\/wp-json\/wp\/v2\/comments?post=29792"}],"wp:featuredmedia":[{"embeddable":true,"href":"https:\/\/www.lraloeverashop.eu\/pl\/wp-json\/wp\/v2\/media\/26807"}],"wp:attachment":[{"href":"https:\/\/www.lraloeverashop.eu\/pl\/wp-json\/wp\/v2\/media?parent=29792"}],"wp:term":[{"taxonomy":"product_brand","embeddable":true,"href":"https:\/\/www.lraloeverashop.eu\/pl\/wp-json\/wp\/v2\/product_brand?post=29792"},{"taxonomy":"product_cat","embeddable":true,"href":"https:\/\/www.lraloeverashop.eu\/pl\/wp-json\/wp\/v2\/product_cat?post=29792"},{"taxonomy":"product_tag","embeddable":true,"href":"https:\/\/www.lraloeverashop.eu\/pl\/wp-json\/wp\/v2\/product_tag?post=29792"}],"curies":[{"name":"wp","href":"https:\/\/api.w.org\/{rel}","templated":true}]}}