{"id":29788,"date":"2025-02-03T17:36:22","date_gmt":"2025-02-03T16:36:22","guid":{"rendered":"https:\/\/www.lraloeverashop.eu\/product\/lr-colostrum-siara-bydleca\/"},"modified":"2026-04-27T19:23:51","modified_gmt":"2026-04-27T17:23:51","slug":"lr-colostrum-siara-bydleca","status":"publish","type":"product","link":"https:\/\/www.lraloeverashop.eu\/pl\/produkt\/lr-colostrum-siara-bydleca\/","title":{"rendered":"Lr Colostrum Siara Bydl\u0119ca Oferta Limitowana"},"content":{"rendered":"<h2><span style=\"font-size: 16pt;\"><strong>Lr Colostrum Siara Bydl\u0119ca Oferta Limitowana<\/strong><\/span><\/h2>\n<p><span style=\"font-size: 14pt;\"><strong>Lr Colostrum Siara Bydl\u0119ca \u2013 naturalne wsparcie oparte na pierwszym mleku<\/strong><\/span><\/p>\n<p>Lr Colostrum Siara Bydl\u0119ca to wysokiej jako\u015bci produkt premium oparty wy\u0142\u0105cznie na siarze bydl\u0119cej, czyli pierwszym mleku krowim pozyskiwanym tu\u017c po narodzinach ciel\u0119cia. Zawiera to, co najlepsze z natury \u2013 cenne sk\u0142adniki od\u017cywcze obecne w pierwszych godzinach laktacji.<\/p>\n<p>W unikalnym procesie produkcyjnym <a href=\"https:\/\/www.lraloeverashop.eu\/pl\/produkt\/colostrum-dla-dzieci-i-doroslych\/\"><strong>naturalny surowiec<\/strong><\/a> LR jest jedynie odt\u0142uszczany i oczyszczany, bez pasteryzacji. Dzi\u0119ki temu wra\u017cliwe sk\u0142adniki aktywne zostaj\u0105 zachowane na ka\u017cdym etapie produkcji. Proces ten pozwala utrzyma\u0107 wysok\u0105 warto\u015b\u0107 biologiczn\u0105 produktu.<\/p>\n<p>Dodatkowo Lr Colostrum Siara Bydl\u0119ca w p\u0142ynie jest wolne od pozosta\u0142o\u015bci antybiotyk\u00f3w oraz steryd\u00f3w anaboliczno-androgennych. Produkt nie zawiera \u017cadnych dodatk\u00f3w, barwnik\u00f3w ani konserwant\u00f3w i jest wytwarzany w Niemczech. Do produkcji wykorzystywana jest wy\u0142\u0105cznie nadwy\u017cka siary od europejskich kr\u00f3w, kt\u00f3ra przed przetworzeniem przechodzi szczeg\u00f3\u0142owe testy jako\u015bci.<\/p>\n<p>Nienaganna jako\u015b\u0107 produkt\u00f3w Lr Colostrum jest zapewniana przez sta\u0142e kontrole oraz potwierdzona certyfikatem jako\u015bci INSTITUTE FRESENIUS \u2013 jednym z najbardziej wymagaj\u0105cych, niezale\u017cnych znak\u00f3w jako\u015bci na rynku.<\/p>\n<p>&nbsp;<\/p>\n<p><img loading=\"lazy\" decoding=\"async\" class=\"aligncenter size-full wp-image-9984\" src=\"https:\/\/www.lraloeverashop.eu\/wp-content\/uploads\/2023\/01\/Colostrum-from-Lr.jpg\" alt=\"Colostrum from Lr in the best quality\" width=\"637\" height=\"347\" srcset=\"https:\/\/www.lraloeverashop.eu\/wp-content\/uploads\/2023\/01\/Colostrum-from-Lr.jpg 637w, https:\/\/www.lraloeverashop.eu\/wp-content\/uploads\/2023\/01\/Colostrum-from-Lr-600x327.jpg 600w, https:\/\/www.lraloeverashop.eu\/wp-content\/uploads\/2023\/01\/Colostrum-from-Lr-300x163.jpg 300w\" sizes=\"auto, (max-width: 637px) 100vw, 637px\" \/><\/p>\n<p>&nbsp;<\/p>\n<h2><strong><span style=\"font-size: 16pt;\">Jak stosowa\u0107 Lr Colostrum Siara Bydl\u0119ca?<\/span><\/strong><\/h2>\n<p>Raz dziennie spo\u017cywa\u0107 8 ml \u2013 bezpo\u015brednio lub z dodatkiem zimnego soku owocowego. Nie miesza\u0107 z gor\u0105cymi napojami. Nale\u017cy pami\u0119ta\u0107 o zr\u00f3\u017cnicowanej i zbilansowanej diecie oraz zdrowym stylu \u017cycia.<\/p>\n<p>Po otwarciu przechowywa\u0107 w ch\u0142odnym i ciemnym miejscu, najlepiej w lod\u00f3wce.<\/p>\n<p>&nbsp;<\/p>\n<h3><strong><span style=\"font-size: 16pt;\">Czy wiesz, \u017ce?<\/span><\/strong><\/h3>\n<p>Jak ka\u017cdy naturalny surowiec, siara bydl\u0119ca podlega naturalnym wahaniom. Mo\u017ce si\u0119 zdarzy\u0107, \u017ce smak lub konsystencja Lr Colostrum Siara Bydl\u0119ca b\u0119d\u0105 si\u0119 nieznacznie r\u00f3\u017cni\u0107. Nie ma to jednak wp\u0142ywu na jako\u015b\u0107 ani zawarto\u015b\u0107 cennych sk\u0142adnik\u00f3w. LR gwarantuje to poprzez ci\u0105g\u0142e pomiary i regularne kontrole \u2013 mi\u0119dzy innymi przez niezale\u017cny SGS INSTITUT FRESENIUS.<\/p>\n<p>Aby spe\u0142ni\u0107 wysokie wymagania jako\u015bciowe i kontrolowa\u0107 ka\u017cdy etap produkcji, LR wykorzystuje wy\u0142\u0105cznie nadwy\u017cki siary od europejskich kr\u00f3w.<\/p>\n<p>&nbsp;<\/p>\n<h3><span style=\"font-size: 16pt;\"><strong>Najcz\u0119\u015bciej zadawane pytania<img loading=\"lazy\" decoding=\"async\" class=\"alignright size-full wp-image-9991\" src=\"https:\/\/www.lraloeverashop.eu\/wp-content\/uploads\/2023\/01\/Colostrum-from-European-kows.jpg\" alt=\"Colostrum only from European kows\" width=\"541\" height=\"406\" srcset=\"https:\/\/www.lraloeverashop.eu\/wp-content\/uploads\/2023\/01\/Colostrum-from-European-kows.jpg 541w, https:\/\/www.lraloeverashop.eu\/wp-content\/uploads\/2023\/01\/Colostrum-from-European-kows-300x225.jpg 300w\" sizes=\"auto, (max-width: 541px) 100vw, 541px\" \/><\/strong><\/span><\/h3>\n<p><strong>Co to jest Lr Colostrum Siara Bydl\u0119ca?<\/strong><br \/>\nColostrum, czyli siara bydl\u0119ca, to pierwsze mleko produkowane przez krow\u0119 tu\u017c po narodzinach ciel\u0119cia. Jest wyj\u0105tkowo bogate w naturalne sk\u0142adniki od\u017cywcze \u2013 to swoisty \u201estartowy pakiet\u201d od Matki Natury, bez chemicznych dodatk\u00f3w. Do produkcji produkt\u00f3w <a href=\"https:\/\/www.lraloeverashop.eu\/pl\/kategoria-produktu\/produkty-specjalne\/colostrum-pl\/\"><strong>Colostrum LR<\/strong><\/a> wykorzystywana jest wy\u0142\u0105cznie siara od europejskich kr\u00f3w z certyfikowanych gospodarstw mlecznych.<\/p>\n<p><strong>Co dzieje si\u0119 z ciel\u0119tami?<\/strong><br \/>\nKrowa produkuje wi\u0119cej siary, ni\u017c potrzebuje ciel\u0119. Do produkcji Colostrum Siara Bydl\u0119ca wykorzystywana jest wy\u0142\u0105cznie nadwy\u017cka.<\/p>\n<p><strong>Jak powstaje Lr Colostrum Siara Bydl\u0119ca od LR?<\/strong><\/p>\n<p>LR wykorzystuje wy\u0142\u0105cznie <a href=\"https:\/\/www.lraloeverashop.eu\/pl\/jak-siara-bydleca-colostrum-bovinum-naturalnie-wzmacnia-uklad-odpornosciowy\/\"><strong>siar\u0119 z pierwszych godzin<\/strong><\/a> po narodzinach ciel\u0119cia \u2013 w tym czasie jako\u015b\u0107 i g\u0119sto\u015b\u0107 sk\u0142adnik\u00f3w od\u017cywczych s\u0105 najwy\u017csze. Siara przeznaczona do produkcji Colostrum w p\u0142ynie jest natychmiast zamra\u017cana po pozyskaniu. W dalszym etapie surowiec jest odt\u0142uszczany i oczyszczany.<\/p>\n<p>Poniewa\u017c cenne sk\u0142adniki s\u0105 bardzo wra\u017cliwe na temperatur\u0119, LR stosuje delikatny proces produkcji na zimno, kt\u00f3ry pozwala optymalnie je chroni\u0107.<\/p>\n<p><strong>Dlaczego Lr Colostrum Siara Bydl\u0119ca mo\u017ce r\u00f3\u017cni\u0107 si\u0119 kolorem lub m\u0119tno\u015bci\u0105?<\/strong><br \/>\nM\u0119tno\u015b\u0107 nie jest wad\u0105 jako\u015bciow\u0105. Siara bydl\u0119ca <a href=\"https:\/\/www.lraloeverashop.eu\/pl\/produkt\/siara-bydleca-dla-dzieci-i-doroslych\/\"><strong>jest produktem naturalnym<\/strong><\/a>, dlatego indywidualne r\u00f3\u017cnice w wygl\u0105dzie s\u0105 ca\u0142kowicie normalne.<\/p>\n<p><strong>Wskaz\u00f3wki dotycz\u0105ce przechowywania Colostrum Siara Bydl\u0119ca:<\/strong><\/p>\n<ul>\n<li>Przechowywa\u0107 w ciemnym i ch\u0142odnym miejscu.<\/li>\n<li>Po otwarciu trzyma\u0107 w lod\u00f3wce.<\/li>\n<li>W przypadku pojawienia si\u0119 m\u0119tno\u015bci wstrz\u0105sn\u0105\u0107 przed spo\u017cyciem.<\/li>\n<\/ul>\n<p><strong>Co wyr\u00f3\u017cnia Colostrum Siara Bydl\u0119ca od LR?<\/strong><br \/>\nProdukty Colostrum od LR jako pierwsze na rynku otrzyma\u0142y certyfikat jako\u015bci INSTITUTE FRESENIUS. Ten jeden z najbardziej wymagaj\u0105cych znak\u00f3w jako\u015bci potwierdza bardzo wysoki poziom produktu poprzez niezale\u017cne, regularne i anonimowe kontrole. Wysokie standardy jako\u015bci i bezpiecze\u0144stwa gwarantuj\u0105 produkt klasy premium.<\/p>\n<p>LR wykorzystuje wy\u0142\u0105cznie siar\u0119 od europejskich kr\u00f3w, co oznacza wysoki standard pozyskiwania.<\/p>\n<p>Do produkcji u\u017cywana jest wy\u0142\u0105cznie nadwy\u017cka siary z pierwszych godzin po wycieleniu, poniewa\u017c to w\u0142a\u015bnie wtedy zawarto\u015b\u0107 sk\u0142adnik\u00f3w od\u017cywczych jest najwy\u017csza. Aby zachowa\u0107 pe\u0142n\u0105 warto\u015b\u0107 sk\u0142adnik\u00f3w oraz zapewni\u0107 bezpiecze\u0144stwo spo\u017cycia, LR stosuje \u0142agodny proces produkcji na zimno.<\/p>\n<p><img loading=\"lazy\" decoding=\"async\" class=\"aligncenter wp-image-10011\" src=\"https:\/\/www.lraloeverashop.eu\/wp-content\/uploads\/2023\/01\/Colostrum-for-kids-e1674326251404.jpg\" alt=\"Colostrum for kids and adults\" width=\"1281\" height=\"676\" srcset=\"https:\/\/www.lraloeverashop.eu\/wp-content\/uploads\/2023\/01\/Colostrum-for-kids-e1674326251404.jpg 819w, https:\/\/www.lraloeverashop.eu\/wp-content\/uploads\/2023\/01\/Colostrum-for-kids-e1674326251404-600x316.jpg 600w, https:\/\/www.lraloeverashop.eu\/wp-content\/uploads\/2023\/01\/Colostrum-for-kids-e1674326251404-300x158.jpg 300w, https:\/\/www.lraloeverashop.eu\/wp-content\/uploads\/2023\/01\/Colostrum-for-kids-e1674326251404-768x405.jpg 768w\" sizes=\"auto, (max-width: 1281px) 100vw, 1281px\" \/><\/p>\n","protected":false},"excerpt":{"rendered":"<ul>\n<li><span style=\"color: #ff0000;\"><strong>Oferta limitowana<\/strong><\/span><\/li>\n<li>Produkt premium na bazie siary bydl\u0119cej<\/li>\n<li>Wyprodukowany z najlepszego pierwszego mleka wy\u0142\u0105cznie od europejskich kr\u00f3w<\/li>\n<li>Wolny od pozosta\u0142o\u015bci antybiotyk\u00f3w oraz steryd\u00f3w anaboliczno-androgennych<\/li>\n<li>Bez dodatk\u00f3w, barwnik\u00f3w i konserwant\u00f3w<\/li>\n<li>Produkt wyprodukowany w Niemczech<\/li>\n<li>Zawarto\u015b\u0107: 3 x 125 ml<\/li>\n<\/ul>\n<p style=\"text-align: left;\"><span style=\"color: #ff0000;\"><a style=\"color: #ff0000;\" href=\"https:\/\/shop.lrworld.com\/openpao?PHP=0vFlt7jT938BEnBI3a6e9w%3D%3D\"><span style=\"font-size: 14pt;\"><strong>Zarejestruj si\u0119 i oszcz\u0119dzaj 35% przy ka\u017cdym zam\u00f3wieniu<\/strong><\/span><\/a><\/span><\/p>\n","protected":false},"featured_media":26804,"comment_status":"open","ping_status":"closed","template":"","meta":{"_kad_blocks_custom_css":"","_kad_blocks_head_custom_js":"","_kad_blocks_body_custom_js":"","_kad_blocks_footer_custom_js":"","_kadence_starter_templates_imported_post":false,"_kad_post_transparent":"default","_kad_post_title":"","_kad_post_layout":"default","_kad_post_sidebar_id":"","_kad_post_content_style":"default","_kad_post_vertical_padding":"default","_kad_post_feature":"","_kad_post_feature_position":"","_kad_post_header":false,"_kad_post_footer":false,"_kad_post_classname":""},"product_brand":[],"product_cat":[1095,1081,1091,1083],"product_tag":[1136],"class_list":{"0":"post-29788","1":"product","2":"type-product","3":"status-publish","4":"has-post-thumbnail","6":"product_cat-colostrum-pl","7":"product_cat-podstawa","8":"product_cat-produkty-specjalne","9":"product_cat-uklad-odpornosciowy","10":"product_tag-wzmacniacz-odpornosci","12":"first","13":"instock","14":"taxable","15":"shipping-taxable","16":"purchasable","17":"product-type-simple","18":"entry","19":"content-bg","20":"loop-entry"},"yoast_head":"<!-- This site is optimized with the Yoast SEO Premium plugin v27.5 (Yoast SEO v27.5) - https:\/\/yoast.com\/product\/yoast-seo-premium-wordpress\/ -->\n<title>Lr Colostrum Siara Bydl\u0119ca Premium | Oferta Limitowana 3x125 ml<\/title>\n<meta name=\"description\" content=\"Lr Colostrum Siara Bydl\u0119ca bez dodatk\u00f3w. Produkt premium z Europy, wolny od antybiotyk\u00f3w. Certyfikat jako\u015bci INSTITUTE FRESENIUS.\" \/>\n<meta name=\"robots\" content=\"index, follow, max-snippet:-1, max-image-preview:large, max-video-preview:-1\" \/>\n<link rel=\"canonical\" href=\"https:\/\/www.lraloeverashop.eu\/pl\/produkt\/lr-colostrum-siara-bydleca\/\" \/>\n<meta property=\"og:locale\" content=\"pl_PL\" \/>\n<meta property=\"og:type\" content=\"article\" \/>\n<meta property=\"og:title\" content=\"Lr Colostrum Siara Bydl\u0119ca Oferta Limitowana\" \/>\n<meta property=\"og:description\" content=\"Lr Colostrum Siara Bydl\u0119ca bez dodatk\u00f3w. Produkt premium z Europy, wolny od antybiotyk\u00f3w. Certyfikat jako\u015bci INSTITUTE FRESENIUS.\" \/>\n<meta property=\"og:url\" content=\"https:\/\/www.lraloeverashop.eu\/pl\/produkt\/lr-colostrum-siara-bydleca\/\" \/>\n<meta property=\"og:site_name\" content=\"Lr Aloe Vera Shop\" \/>\n<meta property=\"article:publisher\" content=\"https:\/\/www.facebook.com\/lraloeverashop.eu\" \/>\n<meta property=\"article:modified_time\" content=\"2026-04-27T17:23:51+00:00\" \/>\n<meta property=\"og:image\" content=\"https:\/\/www.lraloeverashop.eu\/wp-content\/uploads\/2025\/02\/Colostrum-Milk.jpg\" \/>\n\t<meta property=\"og:image:width\" content=\"1200\" \/>\n\t<meta property=\"og:image:height\" content=\"1200\" \/>\n\t<meta property=\"og:image:type\" content=\"image\/jpeg\" \/>\n<meta name=\"twitter:card\" content=\"summary_large_image\" \/>\n<meta name=\"twitter:site\" content=\"@natur__kosmetik\" \/>\n<script type=\"application\/ld+json\" class=\"yoast-schema-graph\">{\"@context\":\"https:\\\/\\\/schema.org\",\"@graph\":[{\"@type\":[\"WebPage\",\"ItemPage\"],\"@id\":\"https:\\\/\\\/www.lraloeverashop.eu\\\/pl\\\/produkt\\\/lr-colostrum-siara-bydleca\\\/\",\"url\":\"https:\\\/\\\/www.lraloeverashop.eu\\\/pl\\\/produkt\\\/lr-colostrum-siara-bydleca\\\/\",\"name\":\"Lr Colostrum Siara Bydl\u0119ca Premium | Oferta Limitowana 3x125 ml\",\"isPartOf\":{\"@id\":\"https:\\\/\\\/www.lraloeverashop.eu\\\/pl\\\/#website\"},\"primaryImageOfPage\":{\"@id\":\"https:\\\/\\\/www.lraloeverashop.eu\\\/pl\\\/produkt\\\/lr-colostrum-siara-bydleca\\\/#primaryimage\"},\"image\":{\"@id\":\"https:\\\/\\\/www.lraloeverashop.eu\\\/pl\\\/produkt\\\/lr-colostrum-siara-bydleca\\\/#primaryimage\"},\"thumbnailUrl\":\"https:\\\/\\\/www.lraloeverashop.eu\\\/wp-content\\\/uploads\\\/2025\\\/02\\\/Colostrum-Milk.jpg\",\"datePublished\":\"2025-02-03T16:36:22+00:00\",\"dateModified\":\"2026-04-27T17:23:51+00:00\",\"description\":\"Lr Colostrum Siara Bydl\u0119ca bez dodatk\u00f3w. Produkt premium z Europy, wolny od antybiotyk\u00f3w. Certyfikat jako\u015bci INSTITUTE FRESENIUS.\",\"breadcrumb\":{\"@id\":\"https:\\\/\\\/www.lraloeverashop.eu\\\/pl\\\/produkt\\\/lr-colostrum-siara-bydleca\\\/#breadcrumb\"},\"inLanguage\":\"pl-PL\",\"potentialAction\":[{\"@type\":\"ReadAction\",\"target\":[\"https:\\\/\\\/www.lraloeverashop.eu\\\/pl\\\/produkt\\\/lr-colostrum-siara-bydleca\\\/\"]}]},{\"@type\":\"ImageObject\",\"inLanguage\":\"pl-PL\",\"@id\":\"https:\\\/\\\/www.lraloeverashop.eu\\\/pl\\\/produkt\\\/lr-colostrum-siara-bydleca\\\/#primaryimage\",\"url\":\"https:\\\/\\\/www.lraloeverashop.eu\\\/wp-content\\\/uploads\\\/2025\\\/02\\\/Colostrum-Milk.jpg\",\"contentUrl\":\"https:\\\/\\\/www.lraloeverashop.eu\\\/wp-content\\\/uploads\\\/2025\\\/02\\\/Colostrum-Milk.jpg\",\"width\":1200,\"height\":1200,\"caption\":\"Lr Colostrum Siara Bydl\u0119ca od kr\u00f3w europejskich\"},{\"@type\":\"BreadcrumbList\",\"@id\":\"https:\\\/\\\/www.lraloeverashop.eu\\\/pl\\\/produkt\\\/lr-colostrum-siara-bydleca\\\/#breadcrumb\",\"itemListElement\":[{\"@type\":\"ListItem\",\"position\":1,\"name\":\"Home\",\"item\":\"https:\\\/\\\/www.lraloeverashop.eu\\\/pl\\\/\"},{\"@type\":\"ListItem\",\"position\":2,\"name\":\"Sklep\",\"item\":\"https:\\\/\\\/www.lraloeverashop.eu\\\/pl\\\/sklep\\\/\"},{\"@type\":\"ListItem\",\"position\":3,\"name\":\"Lr Colostrum Siara Bydl\u0119ca Oferta Limitowana\"}]},{\"@type\":\"WebSite\",\"@id\":\"https:\\\/\\\/www.lraloeverashop.eu\\\/pl\\\/#website\",\"url\":\"https:\\\/\\\/www.lraloeverashop.eu\\\/pl\\\/\",\"name\":\"Lr Aloe Vera Shop\",\"description\":\"High Quality Lr Aloe Vera Gel, Aloe Vera Cream and Shampoo\",\"publisher\":{\"@id\":\"https:\\\/\\\/www.lraloeverashop.eu\\\/pl\\\/#organization\"},\"alternateName\":\"LR\",\"potentialAction\":[{\"@type\":\"SearchAction\",\"target\":{\"@type\":\"EntryPoint\",\"urlTemplate\":\"https:\\\/\\\/www.lraloeverashop.eu\\\/pl\\\/?s={search_term_string}\"},\"query-input\":{\"@type\":\"PropertyValueSpecification\",\"valueRequired\":true,\"valueName\":\"search_term_string\"}}],\"inLanguage\":\"pl-PL\"},{\"@type\":\"Organization\",\"@id\":\"https:\\\/\\\/www.lraloeverashop.eu\\\/pl\\\/#organization\",\"name\":\"Sklep Lr Aloe Vera\",\"alternateName\":\"LR\",\"url\":\"https:\\\/\\\/www.lraloeverashop.eu\\\/pl\\\/\",\"logo\":{\"@type\":\"ImageObject\",\"inLanguage\":\"pl-PL\",\"@id\":\"https:\\\/\\\/www.lraloeverashop.eu\\\/pl\\\/#\\\/schema\\\/logo\\\/image\\\/\",\"url\":\"https:\\\/\\\/www.lraloeverashop.eu\\\/wp-content\\\/uploads\\\/2022\\\/09\\\/cropped-Lr-Aloe-Vera-Shop.jpg\",\"contentUrl\":\"https:\\\/\\\/www.lraloeverashop.eu\\\/wp-content\\\/uploads\\\/2022\\\/09\\\/cropped-Lr-Aloe-Vera-Shop.jpg\",\"width\":228,\"height\":76,\"caption\":\"Sklep Lr Aloe Vera\"},\"image\":{\"@id\":\"https:\\\/\\\/www.lraloeverashop.eu\\\/pl\\\/#\\\/schema\\\/logo\\\/image\\\/\"},\"sameAs\":[\"https:\\\/\\\/www.facebook.com\\\/lraloeverashop.eu\",\"https:\\\/\\\/x.com\\\/natur__kosmetik\",\"https:\\\/\\\/www.youtube.com\\\/channel\\\/UC5oN7BJ8nfYb8RpVtjwDEBA\",\"https:\\\/\\\/www.instagram.com\\\/lrbeautyeu\\\/\"],\"description\":\"Sklep LR Aloe Vera to Twoje zaufane \u017ar\u00f3d\u0142o wysokiej jako\u015bci produkt\u00f3w LR Health & Beauty wyprodukowanych w Niemczech. Oferujemy wysokiej jako\u015bci produkty do piel\u0119gnacji sk\u00f3ry, od\u017cywiania i przeciwstarzeniowe z aloesem, stworzone z czystych sk\u0142adnik\u00f3w i poparte badaniami naukowymi. Odkryj naturaln\u0105 piel\u0119gnacj\u0119, kt\u00f3ra regeneruje, chroni i rewitalizuje Twoj\u0105 sk\u00f3r\u0119 \u2014 i korzystaj z ekskluzywnych comiesi\u0119cznych ofert na nasze bestsellerowe produkty LR Aloe Vera.\\nRozpocznij swoj\u0105 naturaln\u0105 piel\u0119gnacj\u0119 sk\u00f3ry ju\u017c dzi\u015b i poczuj r\u00f3\u017cnic\u0119.\",\"email\":\"info@lraloeverashop.eu\",\"telephone\":\"+49 17670609653\",\"legalName\":\"Lr Aloe Vera Shop\",\"foundingDate\":\"2018-04-21\",\"numberOfEmployees\":{\"@type\":\"QuantitativeValue\",\"minValue\":\"1\",\"maxValue\":\"10\"}}]}<\/script>\n<meta property=\"product:price:amount\" content=\"133.83\" \/>\n<meta property=\"product:price:currency\" content=\"EUR\" \/>\n<meta property=\"og:availability\" content=\"instock\" \/>\n<meta property=\"product:availability\" content=\"instock\" \/>\n<meta property=\"product:retailer_item_id\" content=\"96560-1PL\" \/>\n<meta property=\"product:condition\" content=\"new\" \/>\n<!-- \/ Yoast SEO Premium plugin. -->","yoast_head_json":{"title":"Lr Colostrum Siara Bydl\u0119ca Premium | Oferta Limitowana 3x125 ml","description":"Lr Colostrum Siara Bydl\u0119ca bez dodatk\u00f3w. Produkt premium z Europy, wolny od antybiotyk\u00f3w. Certyfikat jako\u015bci INSTITUTE FRESENIUS.","robots":{"index":"index","follow":"follow","max-snippet":"max-snippet:-1","max-image-preview":"max-image-preview:large","max-video-preview":"max-video-preview:-1"},"canonical":"https:\/\/www.lraloeverashop.eu\/pl\/produkt\/lr-colostrum-siara-bydleca\/","og_locale":"pl_PL","og_type":"article","og_title":"Lr Colostrum Siara Bydl\u0119ca Oferta Limitowana","og_description":"Lr Colostrum Siara Bydl\u0119ca bez dodatk\u00f3w. Produkt premium z Europy, wolny od antybiotyk\u00f3w. Certyfikat jako\u015bci INSTITUTE FRESENIUS.","og_url":"https:\/\/www.lraloeverashop.eu\/pl\/produkt\/lr-colostrum-siara-bydleca\/","og_site_name":"Lr Aloe Vera Shop","article_publisher":"https:\/\/www.facebook.com\/lraloeverashop.eu","article_modified_time":"2026-04-27T17:23:51+00:00","og_image":[{"width":1200,"height":1200,"url":"https:\/\/www.lraloeverashop.eu\/wp-content\/uploads\/2025\/02\/Colostrum-Milk.jpg","type":"image\/jpeg"}],"twitter_card":"summary_large_image","twitter_site":"@natur__kosmetik","schema":{"@context":"https:\/\/schema.org","@graph":[{"@type":["WebPage","ItemPage"],"@id":"https:\/\/www.lraloeverashop.eu\/pl\/produkt\/lr-colostrum-siara-bydleca\/","url":"https:\/\/www.lraloeverashop.eu\/pl\/produkt\/lr-colostrum-siara-bydleca\/","name":"Lr Colostrum Siara Bydl\u0119ca Premium | Oferta Limitowana 3x125 ml","isPartOf":{"@id":"https:\/\/www.lraloeverashop.eu\/pl\/#website"},"primaryImageOfPage":{"@id":"https:\/\/www.lraloeverashop.eu\/pl\/produkt\/lr-colostrum-siara-bydleca\/#primaryimage"},"image":{"@id":"https:\/\/www.lraloeverashop.eu\/pl\/produkt\/lr-colostrum-siara-bydleca\/#primaryimage"},"thumbnailUrl":"https:\/\/www.lraloeverashop.eu\/wp-content\/uploads\/2025\/02\/Colostrum-Milk.jpg","datePublished":"2025-02-03T16:36:22+00:00","dateModified":"2026-04-27T17:23:51+00:00","description":"Lr Colostrum Siara Bydl\u0119ca bez dodatk\u00f3w. Produkt premium z Europy, wolny od antybiotyk\u00f3w. Certyfikat jako\u015bci INSTITUTE FRESENIUS.","breadcrumb":{"@id":"https:\/\/www.lraloeverashop.eu\/pl\/produkt\/lr-colostrum-siara-bydleca\/#breadcrumb"},"inLanguage":"pl-PL","potentialAction":[{"@type":"ReadAction","target":["https:\/\/www.lraloeverashop.eu\/pl\/produkt\/lr-colostrum-siara-bydleca\/"]}]},{"@type":"ImageObject","inLanguage":"pl-PL","@id":"https:\/\/www.lraloeverashop.eu\/pl\/produkt\/lr-colostrum-siara-bydleca\/#primaryimage","url":"https:\/\/www.lraloeverashop.eu\/wp-content\/uploads\/2025\/02\/Colostrum-Milk.jpg","contentUrl":"https:\/\/www.lraloeverashop.eu\/wp-content\/uploads\/2025\/02\/Colostrum-Milk.jpg","width":1200,"height":1200,"caption":"Lr Colostrum Siara Bydl\u0119ca od kr\u00f3w europejskich"},{"@type":"BreadcrumbList","@id":"https:\/\/www.lraloeverashop.eu\/pl\/produkt\/lr-colostrum-siara-bydleca\/#breadcrumb","itemListElement":[{"@type":"ListItem","position":1,"name":"Home","item":"https:\/\/www.lraloeverashop.eu\/pl\/"},{"@type":"ListItem","position":2,"name":"Sklep","item":"https:\/\/www.lraloeverashop.eu\/pl\/sklep\/"},{"@type":"ListItem","position":3,"name":"Lr Colostrum Siara Bydl\u0119ca Oferta Limitowana"}]},{"@type":"WebSite","@id":"https:\/\/www.lraloeverashop.eu\/pl\/#website","url":"https:\/\/www.lraloeverashop.eu\/pl\/","name":"Lr Aloe Vera Shop","description":"High Quality Lr Aloe Vera Gel, Aloe Vera Cream and Shampoo","publisher":{"@id":"https:\/\/www.lraloeverashop.eu\/pl\/#organization"},"alternateName":"LR","potentialAction":[{"@type":"SearchAction","target":{"@type":"EntryPoint","urlTemplate":"https:\/\/www.lraloeverashop.eu\/pl\/?s={search_term_string}"},"query-input":{"@type":"PropertyValueSpecification","valueRequired":true,"valueName":"search_term_string"}}],"inLanguage":"pl-PL"},{"@type":"Organization","@id":"https:\/\/www.lraloeverashop.eu\/pl\/#organization","name":"Sklep Lr Aloe Vera","alternateName":"LR","url":"https:\/\/www.lraloeverashop.eu\/pl\/","logo":{"@type":"ImageObject","inLanguage":"pl-PL","@id":"https:\/\/www.lraloeverashop.eu\/pl\/#\/schema\/logo\/image\/","url":"https:\/\/www.lraloeverashop.eu\/wp-content\/uploads\/2022\/09\/cropped-Lr-Aloe-Vera-Shop.jpg","contentUrl":"https:\/\/www.lraloeverashop.eu\/wp-content\/uploads\/2022\/09\/cropped-Lr-Aloe-Vera-Shop.jpg","width":228,"height":76,"caption":"Sklep Lr Aloe Vera"},"image":{"@id":"https:\/\/www.lraloeverashop.eu\/pl\/#\/schema\/logo\/image\/"},"sameAs":["https:\/\/www.facebook.com\/lraloeverashop.eu","https:\/\/x.com\/natur__kosmetik","https:\/\/www.youtube.com\/channel\/UC5oN7BJ8nfYb8RpVtjwDEBA","https:\/\/www.instagram.com\/lrbeautyeu\/"],"description":"Sklep LR Aloe Vera to Twoje zaufane \u017ar\u00f3d\u0142o wysokiej jako\u015bci produkt\u00f3w LR Health & Beauty wyprodukowanych w Niemczech. Oferujemy wysokiej jako\u015bci produkty do piel\u0119gnacji sk\u00f3ry, od\u017cywiania i przeciwstarzeniowe z aloesem, stworzone z czystych sk\u0142adnik\u00f3w i poparte badaniami naukowymi. Odkryj naturaln\u0105 piel\u0119gnacj\u0119, kt\u00f3ra regeneruje, chroni i rewitalizuje Twoj\u0105 sk\u00f3r\u0119 \u2014 i korzystaj z ekskluzywnych comiesi\u0119cznych ofert na nasze bestsellerowe produkty LR Aloe Vera.\nRozpocznij swoj\u0105 naturaln\u0105 piel\u0119gnacj\u0119 sk\u00f3ry ju\u017c dzi\u015b i poczuj r\u00f3\u017cnic\u0119.","email":"info@lraloeverashop.eu","telephone":"+49 17670609653","legalName":"Lr Aloe Vera Shop","foundingDate":"2018-04-21","numberOfEmployees":{"@type":"QuantitativeValue","minValue":"1","maxValue":"10"}}]},"product_price_amount":"133.83","product_price_currency":"EUR","og_availability":"instock","product_availability":"instock","product_retailer_item_id":"96560-1PL","product_condition":"new"},"taxonomy_info":{"product_cat":[{"value":1095,"label":"Colostrum"},{"value":1081,"label":"Podstawa"},{"value":1091,"label":"Produkty specjalne"},{"value":1083,"label":"Uk\u0142ad odporno\u015bciowy i r\u00f3wnowaga"}],"product_tag":[{"value":1136,"label":"Wzmacniacz odporno\u015bci"}]},"featured_image_src_large":["https:\/\/www.lraloeverashop.eu\/wp-content\/uploads\/2025\/02\/Colostrum-Milk-1024x1024.jpg",1024,1024,true],"author_info":[],"comment_info":0,"_links":{"self":[{"href":"https:\/\/www.lraloeverashop.eu\/pl\/wp-json\/wp\/v2\/product\/29788","targetHints":{"allow":["GET"]}}],"collection":[{"href":"https:\/\/www.lraloeverashop.eu\/pl\/wp-json\/wp\/v2\/product"}],"about":[{"href":"https:\/\/www.lraloeverashop.eu\/pl\/wp-json\/wp\/v2\/types\/product"}],"replies":[{"embeddable":true,"href":"https:\/\/www.lraloeverashop.eu\/pl\/wp-json\/wp\/v2\/comments?post=29788"}],"wp:featuredmedia":[{"embeddable":true,"href":"https:\/\/www.lraloeverashop.eu\/pl\/wp-json\/wp\/v2\/media\/26804"}],"wp:attachment":[{"href":"https:\/\/www.lraloeverashop.eu\/pl\/wp-json\/wp\/v2\/media?parent=29788"}],"wp:term":[{"taxonomy":"product_brand","embeddable":true,"href":"https:\/\/www.lraloeverashop.eu\/pl\/wp-json\/wp\/v2\/product_brand?post=29788"},{"taxonomy":"product_cat","embeddable":true,"href":"https:\/\/www.lraloeverashop.eu\/pl\/wp-json\/wp\/v2\/product_cat?post=29788"},{"taxonomy":"product_tag","embeddable":true,"href":"https:\/\/www.lraloeverashop.eu\/pl\/wp-json\/wp\/v2\/product_tag?post=29788"}],"curies":[{"name":"wp","href":"https:\/\/api.w.org\/{rel}","templated":true}]}}