{"id":29781,"date":"2024-11-04T10:37:55","date_gmt":"2024-11-04T09:37:55","guid":{"rendered":"https:\/\/www.lraloeverashop.eu\/product\/szampon-i-odzywka-do-wlosow\/"},"modified":"2026-04-27T20:32:43","modified_gmt":"2026-04-27T18:32:43","slug":"szampon-i-odzywka-do-wlosow","status":"publish","type":"product","link":"https:\/\/www.lraloeverashop.eu\/pl\/produkt\/szampon-i-odzywka-do-wlosow\/","title":{"rendered":"Szampon i Od\u017cywka Do W\u0142os\u00f3w"},"content":{"rendered":"<h2><span style=\"font-size: 16pt;\"><strong>Szampon i Od\u017cywka Do W\u0142os\u00f3w<\/strong><\/span><\/h2>\n<p><span style=\"font-size: 14pt;\"><strong>Szampon i Od\u017cywka Do W\u0142os\u00f3w \u2013 spektakularny duet w piel\u0119gnacji w\u0142os\u00f3w!<\/strong><\/span><\/p>\n<p>Chcesz czu\u0107 si\u0119 silna, pewna siebie i pi\u0119kna ka\u017cdego dnia? Odkryj nowy zestaw Szampon i Od\u017cywka Do W\u0142os\u00f3w z aloesem \u2013 idealne rozwi\u0105zanie dla os\u00f3b, kt\u00f3re marz\u0105 o zdrowych, l\u015bni\u0105cych i jedwabi\u015bcie g\u0142adkich w\u0142osach. To kompleksowa piel\u0119gnacja w\u0142os\u00f3w suchych, zniszczonych i \u0142amliwych, kt\u00f3ra przywraca im naturaln\u0105 si\u0142\u0119 i blask ju\u017c od pierwszego u\u017cycia.<\/p>\n<p><span style=\"font-size: 14pt;\"><strong>Zestaw Do W\u0142os\u00f3w zawiera:<\/strong><\/span><\/p>\n<p><strong>Szampon do w\u0142os\u00f3w z aloesem<\/strong><br \/>\nSzampon z aloesem dzia\u0142a jak magnes na zanieczyszczenia, skutecznie usuwaj\u0105c brud i nadmiar sebum, pozostawiaj\u0105c w\u0142osy czyste, \u015bwie\u017ce i zdrowe. Zawiera Pro-Witamin\u0119 B5 (D-panthenol), kt\u00f3ra <a href=\"https:\/\/www.lraloeverashop.eu\/pl\/produkt\/delikatny-szampon-do-wlosow\/\"><strong>wzmacnia struktur\u0119 w\u0142osa<\/strong><\/a> i wyg\u0142adza go na ca\u0142ej d\u0142ugo\u015bci.<\/p>\n<p>Dzi\u0119ki zawarto\u015bci a\u017c 45% \u017celu Aloe Vera, szampon intensywnie nawil\u017ca w\u0142osy oraz sk\u00f3r\u0119 g\u0142owy, wspieraj\u0105c ich regeneracj\u0119. To doskona\u0142y wyb\u00f3r, je\u015bli szukasz produktu takiego jak:<\/p>\n<ul>\n<li>szampon nawil\u017caj\u0105cy do w\u0142os\u00f3w suchych<\/li>\n<li>szampon wzmacniaj\u0105cy w\u0142osy<\/li>\n<li>szampon do w\u0142os\u00f3w z aloesem<\/li>\n<li>naturalny szampon do codziennego stosowania<\/li>\n<\/ul>\n<p>Owocowy, \u015bwie\u017cy zapach pobudza zmys\u0142y i sprawia, \u017ce codzienna piel\u0119gnacja staje si\u0119 prawdziw\u0105 przyjemno\u015bci\u0105.<\/p>\n<p><strong>Od\u017cywka do w\u0142os\u00f3w z kompleksem 7 olej\u00f3w<\/strong><br \/>\nOd\u017cywka regeneruj\u0105ca do w\u0142os\u00f3w uzupe\u0142nia utracon\u0105 wilgo\u0107 i sk\u0142adniki od\u017cywcze dzi\u0119ki unikalnemu kompleksowi 7 naturalnych olej\u00f3w. Aktywne sk\u0142adniki wnikaj\u0105 g\u0142\u0119boko w struktur\u0119 w\u0142osa, odbudowuj\u0105c go od wewn\u0105trz i zamykaj\u0105c \u0142uski ochronn\u0105 warstw\u0105 od\u017cywcz\u0105.<\/p>\n<p>Po\u0142\u0105czenie 7 naturalnych olej\u00f3w i 15% \u017celu Aloe Vera:<\/p>\n<ul>\n<li>intensywnie nawil\u017ca w\u0142osy<\/li>\n<li>odbudowuje zniszczone w\u0142osy<\/li>\n<li>wyg\u0142adza i nadaje blask<\/li>\n<li>chroni przed \u0142amliwo\u015bci\u0105<\/li>\n<li>nie obci\u0105\u017ca fryzury<\/li>\n<\/ul>\n<p>To idealna <a href=\"https:\/\/www.lraloeverashop.eu\/pl\/produkt\/odzywka-do-wlosow\/\"><strong>od\u017cywka do w\u0142os\u00f3w<\/strong><\/a> suchych i zniszczonych, kt\u00f3ra przywraca spr\u0119\u017cysto\u015b\u0107, mi\u0119kko\u015b\u0107 i zdrowy wygl\u0105d. Dodatkowo zachwyca lekkim, \u015bwie\u017cym i owocowym aromatem.<\/p>\n<p>&nbsp;<\/p>\n<p><iframe loading=\"lazy\" src=\"\/\/www.youtube.com\/embed\/FpVr6XJIKNo?rel=0&amp;showinfo=0\" width=\"1280\" height=\"720\" frameborder=\"0\" allowfullscreen=\"allowfullscreen\"><\/iframe><\/p>\n<p>&nbsp;<\/p>\n<h3><span style=\"font-size: 16pt;\"><strong>Badania potwierdzaj\u0105 skuteczno\u015b\u0107 dzia\u0142ania:\u00a0<\/strong><\/span><\/h3>\n<p><span style=\"color: #ff00ff;\">\u2714<\/span> W\u0142osy staj\u0105 si\u0119 jedwabi\u015bcie mi\u0119kkie i trzykrotnie \u0142atwiejsze do rozczesywania*<br \/>\n<span style=\"color: #ff00ff;\">\u2714<\/span> Naturalny po\u0142ysk i g\u0142adko\u015b\u0107 redukuj\u0105 \u0142amliwo\u015b\u0107 a\u017c o 90%*<br \/>\n<span style=\"color: #ff00ff;\">\u2714<\/span> 90% uczestnik\u00f3w bada\u0144 potwierdzi\u0142o, \u017ce zapach szamponu jest wyj\u0105tkowo od\u015bwie\u017caj\u0105cy***<\/p>\n<p>Codzienne stosowanie zestawu Szampon i Od\u017cywka Do W\u0142os\u00f3w znacz\u0105co poprawia odporno\u015b\u0107 w\u0142os\u00f3w na uszkodzenia mechaniczne i \u0142amanie. Efekty s\u0105 wyra\u017anie lepsze ni\u017c przy stosowaniu samego szamponu.<\/p>\n<p>Badanie przeprowadzone w styczniu 2018 roku przez proDERM** oraz testy Dermatest Institute (grudzie\u0144 2017, 40 uczestnik\u00f3w).<\/p>\n<h3><span style=\"font-size: 16pt;\"><strong>Dlaczego warto wybra\u0107 Szampon i Od\u017cywke Do W\u0142os\u00f3w?\u00a0<\/strong><\/span><\/h3>\n<p>Szampon i Od\u017cywka Do W\u0142os\u00f3w to kompleksowa piel\u0119gnacja w\u0142os\u00f3w w jednym zestawie, kt\u00f3ra zapewnia intensywne nawil\u017cenie i g\u0142\u0119bok\u0105 regeneracj\u0119 ju\u017c od pierwszych zastosowa\u0144. Formu\u0142a zosta\u0142a opracowana z my\u015bl\u0105 o <a href=\"https:\/\/www.lraloeverashop.eu\/pl\/produkt\/szampon-do-mycia-wlosow-i-ciala\/\"><strong>codziennym stosowaniu<\/strong><\/a>, dzi\u0119ki czemu mo\u017cesz bez obaw w\u0142\u0105czy\u0107 j\u0105 do swojej rutyny piel\u0119gnacyjnej.<\/p>\n<p>Zestaw doskonale sprawdzi si\u0119 w przypadku w\u0142os\u00f3w suchych, zniszczonych i \u0142amliwych, kt\u00f3re potrzebuj\u0105 odbudowy, wzmocnienia oraz ochrony przed dalszymi uszkodzeniami. Wysoka zawarto\u015b\u0107 Aloe Vera wspiera naturalne nawil\u017cenie i zdrowy wygl\u0105d w\u0142os\u00f3w, a profesjonalna jako\u015b\u0107 potwierdzona produkcj\u0105 w Niemczech gwarantuje bezpiecze\u0144stwo oraz skuteczno\u015b\u0107 dzia\u0142ania.<\/p>\n<p>Je\u015bli szukasz skutecznego rozwi\u0105zania, takiego jak zestaw do piel\u0119gnacji w\u0142os\u00f3w z aloesem, szampon i od\u017cywka regeneruj\u0105ca lub <a href=\"https:\/\/www.lraloeverashop.eu\/pl\/kategoria-produktu\/aloe-vera-pl\/pielegnacja-wlosow\/\"><strong>sprawdzone kosmetyki do w\u0142os\u00f3w zniszczonych<\/strong><\/a>, teo Szampon i Od\u017cywka Do W\u0142os\u00f3w b\u0119dzie doskona\u0142ym wyborem.<\/p>\n","protected":false},"excerpt":{"rendered":"<ul>\n<li><span style=\"color: #ff0000;\"><strong>Oferta limitowana<\/strong><\/span><\/li>\n<li>Zestaw z szamponem i od\u017cywk\u0105 Nutri-Repair<\/li>\n<li>Dla zdrowych, l\u015bni\u0105cych w\u0142os\u00f3w a\u017c po same ko\u0144c\u00f3wki<\/li>\n<li>Zawiera do 45% \u017celu Aloe Vera oraz kompleks naprawczy 7 olej\u00f3w<\/li>\n<li>Od\u017cywia, wzmacnia i regeneruje w\u0142osy<\/li>\n<li>Chroni przed \u0142amliwo\u015bci\u0105<\/li>\n<li>Produkt wyprodukowany w Niemczech<\/li>\n<\/ul>\n<p style=\"text-align: left;\"><span style=\"color: #ff0000;\"><a style=\"color: #ff0000;\" href=\"https:\/\/shop.lrworld.com\/openpao?PHP=0vFlt7jT938BEnBI3a6e9w%3D%3D\"><span style=\"font-size: 14pt;\"><strong>Zarejestruj si\u0119 i oszcz\u0119dzaj 35% przy ka\u017cdym zam\u00f3wieniu<\/strong><\/span><\/a><\/span><\/p>\n","protected":false},"featured_media":26874,"comment_status":"open","ping_status":"closed","template":"","meta":{"_kad_blocks_custom_css":"","_kad_blocks_head_custom_js":"","_kad_blocks_body_custom_js":"","_kad_blocks_footer_custom_js":"","_kadence_starter_templates_imported_post":false,"_kad_post_transparent":"default","_kad_post_title":"","_kad_post_layout":"default","_kad_post_sidebar_id":"","_kad_post_content_style":"default","_kad_post_vertical_padding":"default","_kad_post_feature":"","_kad_post_feature_position":"","_kad_post_header":false,"_kad_post_footer":false,"_kad_post_classname":""},"product_brand":[],"product_cat":[1059,1090,1064],"product_tag":[1128,1124],"class_list":{"0":"post-29781","1":"product","2":"type-product","3":"status-publish","4":"has-post-thumbnail","6":"product_cat-aloe-vera-pl","7":"product_cat-oferty","8":"product_cat-pielegnacja-wlosow","9":"product_tag-suche-wlosy","10":"product_tag-zniszczone-wlosy","12":"first","13":"outofstock","14":"sale","15":"taxable","16":"shipping-taxable","17":"purchasable","18":"product-type-simple","19":"entry","20":"content-bg","21":"loop-entry"},"yoast_head":"<!-- This site is optimized with the Yoast SEO Premium plugin v27.6 (Yoast SEO v27.6) - https:\/\/yoast.com\/product\/yoast-seo-premium-wordpress\/ -->\n<title>Szampon i Od\u017cywka Do W\u0142os\u00f3w z Aloesem i Prowitamin\u0105 B | LR<\/title>\n<meta name=\"description\" content=\"Szampon i Od\u017cywka Do W\u0142os\u00f3w z 45% Aloe Vera. Nawil\u017ca, wzmacnia i chroni przed \u0142amliwo\u015bci\u0105. Zdrowe, l\u015bni\u0105ce w\u0142osy ka\u017cdego dnia. 7 naturalnych olej\u00f3w\" \/>\n<meta name=\"robots\" content=\"index, follow, max-snippet:-1, max-image-preview:large, max-video-preview:-1\" \/>\n<link rel=\"canonical\" href=\"https:\/\/www.lraloeverashop.eu\/pl\/produkt\/szampon-i-odzywka-do-wlosow\/\" \/>\n<meta property=\"og:locale\" content=\"pl_PL\" \/>\n<meta property=\"og:type\" content=\"article\" \/>\n<meta property=\"og:title\" content=\"Szampon i Od\u017cywka Do W\u0142os\u00f3w\" \/>\n<meta property=\"og:description\" content=\"Szampon i Od\u017cywka Do W\u0142os\u00f3w z 45% Aloe Vera. Nawil\u017ca, wzmacnia i chroni przed \u0142amliwo\u015bci\u0105. Zdrowe, l\u015bni\u0105ce w\u0142osy ka\u017cdego dnia. 7 naturalnych olej\u00f3w\" \/>\n<meta property=\"og:url\" content=\"https:\/\/www.lraloeverashop.eu\/pl\/produkt\/szampon-i-odzywka-do-wlosow\/\" \/>\n<meta property=\"og:site_name\" content=\"Lr Aloe Vera Shop\" \/>\n<meta property=\"article:publisher\" content=\"https:\/\/www.facebook.com\/lraloeverashop.eu\" \/>\n<meta property=\"article:modified_time\" content=\"2026-04-27T18:32:43+00:00\" \/>\n<meta property=\"og:image\" content=\"https:\/\/www.lraloeverashop.eu\/wp-content\/uploads\/2024\/11\/Hair-Care-Set.jpg\" \/>\n\t<meta property=\"og:image:width\" content=\"1200\" \/>\n\t<meta property=\"og:image:height\" content=\"1200\" \/>\n\t<meta property=\"og:image:type\" content=\"image\/jpeg\" \/>\n<meta name=\"twitter:card\" content=\"summary_large_image\" \/>\n<meta name=\"twitter:site\" content=\"@natur__kosmetik\" \/>\n<script type=\"application\/ld+json\" class=\"yoast-schema-graph\">{\"@context\":\"https:\\\/\\\/schema.org\",\"@graph\":[{\"@type\":[\"WebPage\",\"ItemPage\"],\"@id\":\"https:\\\/\\\/www.lraloeverashop.eu\\\/pl\\\/produkt\\\/szampon-i-odzywka-do-wlosow\\\/\",\"url\":\"https:\\\/\\\/www.lraloeverashop.eu\\\/pl\\\/produkt\\\/szampon-i-odzywka-do-wlosow\\\/\",\"name\":\"Szampon i Od\u017cywka Do W\u0142os\u00f3w z Aloesem i Prowitamin\u0105 B | LR\",\"isPartOf\":{\"@id\":\"https:\\\/\\\/www.lraloeverashop.eu\\\/pl\\\/#website\"},\"primaryImageOfPage\":{\"@id\":\"https:\\\/\\\/www.lraloeverashop.eu\\\/pl\\\/produkt\\\/szampon-i-odzywka-do-wlosow\\\/#primaryimage\"},\"image\":{\"@id\":\"https:\\\/\\\/www.lraloeverashop.eu\\\/pl\\\/produkt\\\/szampon-i-odzywka-do-wlosow\\\/#primaryimage\"},\"thumbnailUrl\":\"https:\\\/\\\/www.lraloeverashop.eu\\\/wp-content\\\/uploads\\\/2024\\\/11\\\/Hair-Care-Set.jpg\",\"datePublished\":\"2024-11-04T09:37:55+00:00\",\"dateModified\":\"2026-04-27T18:32:43+00:00\",\"description\":\"Szampon i Od\u017cywka Do W\u0142os\u00f3w z 45% Aloe Vera. Nawil\u017ca, wzmacnia i chroni przed \u0142amliwo\u015bci\u0105. Zdrowe, l\u015bni\u0105ce w\u0142osy ka\u017cdego dnia. 7 naturalnych olej\u00f3w\",\"breadcrumb\":{\"@id\":\"https:\\\/\\\/www.lraloeverashop.eu\\\/pl\\\/produkt\\\/szampon-i-odzywka-do-wlosow\\\/#breadcrumb\"},\"inLanguage\":\"pl-PL\",\"potentialAction\":[{\"@type\":\"ReadAction\",\"target\":[\"https:\\\/\\\/www.lraloeverashop.eu\\\/pl\\\/produkt\\\/szampon-i-odzywka-do-wlosow\\\/\"]}]},{\"@type\":\"ImageObject\",\"inLanguage\":\"pl-PL\",\"@id\":\"https:\\\/\\\/www.lraloeverashop.eu\\\/pl\\\/produkt\\\/szampon-i-odzywka-do-wlosow\\\/#primaryimage\",\"url\":\"https:\\\/\\\/www.lraloeverashop.eu\\\/wp-content\\\/uploads\\\/2024\\\/11\\\/Hair-Care-Set.jpg\",\"contentUrl\":\"https:\\\/\\\/www.lraloeverashop.eu\\\/wp-content\\\/uploads\\\/2024\\\/11\\\/Hair-Care-Set.jpg\",\"width\":1200,\"height\":1200,\"caption\":\"Szampon i Od\u017cywka Do W\u0142os\u00f3w z aloesem Oferta limitowana\"},{\"@type\":\"BreadcrumbList\",\"@id\":\"https:\\\/\\\/www.lraloeverashop.eu\\\/pl\\\/produkt\\\/szampon-i-odzywka-do-wlosow\\\/#breadcrumb\",\"itemListElement\":[{\"@type\":\"ListItem\",\"position\":1,\"name\":\"Home\",\"item\":\"https:\\\/\\\/www.lraloeverashop.eu\\\/pl\\\/\"},{\"@type\":\"ListItem\",\"position\":2,\"name\":\"Sklep\",\"item\":\"https:\\\/\\\/www.lraloeverashop.eu\\\/pl\\\/sklep\\\/\"},{\"@type\":\"ListItem\",\"position\":3,\"name\":\"Szampon i Od\u017cywka Do W\u0142os\u00f3w\"}]},{\"@type\":\"WebSite\",\"@id\":\"https:\\\/\\\/www.lraloeverashop.eu\\\/pl\\\/#website\",\"url\":\"https:\\\/\\\/www.lraloeverashop.eu\\\/pl\\\/\",\"name\":\"Lr Aloe Vera Shop\",\"description\":\"High Quality Lr Aloe Vera Gel, Aloe Vera Cream and Shampoo\",\"publisher\":{\"@id\":\"https:\\\/\\\/www.lraloeverashop.eu\\\/pl\\\/#organization\"},\"alternateName\":\"LR\",\"potentialAction\":[{\"@type\":\"SearchAction\",\"target\":{\"@type\":\"EntryPoint\",\"urlTemplate\":\"https:\\\/\\\/www.lraloeverashop.eu\\\/pl\\\/?s={search_term_string}\"},\"query-input\":{\"@type\":\"PropertyValueSpecification\",\"valueRequired\":true,\"valueName\":\"search_term_string\"}}],\"inLanguage\":\"pl-PL\"},{\"@type\":\"Organization\",\"@id\":\"https:\\\/\\\/www.lraloeverashop.eu\\\/pl\\\/#organization\",\"name\":\"Sklep Lr Aloe Vera\",\"alternateName\":\"LR\",\"url\":\"https:\\\/\\\/www.lraloeverashop.eu\\\/pl\\\/\",\"logo\":{\"@type\":\"ImageObject\",\"inLanguage\":\"pl-PL\",\"@id\":\"https:\\\/\\\/www.lraloeverashop.eu\\\/pl\\\/#\\\/schema\\\/logo\\\/image\\\/\",\"url\":\"https:\\\/\\\/www.lraloeverashop.eu\\\/wp-content\\\/uploads\\\/2022\\\/09\\\/cropped-Lr-Aloe-Vera-Shop.jpg\",\"contentUrl\":\"https:\\\/\\\/www.lraloeverashop.eu\\\/wp-content\\\/uploads\\\/2022\\\/09\\\/cropped-Lr-Aloe-Vera-Shop.jpg\",\"width\":228,\"height\":76,\"caption\":\"Sklep Lr Aloe Vera\"},\"image\":{\"@id\":\"https:\\\/\\\/www.lraloeverashop.eu\\\/pl\\\/#\\\/schema\\\/logo\\\/image\\\/\"},\"sameAs\":[\"https:\\\/\\\/www.facebook.com\\\/lraloeverashop.eu\",\"https:\\\/\\\/x.com\\\/natur__kosmetik\",\"https:\\\/\\\/www.youtube.com\\\/channel\\\/UC5oN7BJ8nfYb8RpVtjwDEBA\",\"https:\\\/\\\/www.instagram.com\\\/lrbeautyeu\\\/\"],\"description\":\"Sklep LR Aloe Vera to Twoje zaufane \u017ar\u00f3d\u0142o wysokiej jako\u015bci produkt\u00f3w LR Health & Beauty wyprodukowanych w Niemczech. Oferujemy wysokiej jako\u015bci produkty do piel\u0119gnacji sk\u00f3ry, od\u017cywiania i przeciwstarzeniowe z aloesem, stworzone z czystych sk\u0142adnik\u00f3w i poparte badaniami naukowymi. Odkryj naturaln\u0105 piel\u0119gnacj\u0119, kt\u00f3ra regeneruje, chroni i rewitalizuje Twoj\u0105 sk\u00f3r\u0119 \u2014 i korzystaj z ekskluzywnych comiesi\u0119cznych ofert na nasze bestsellerowe produkty LR Aloe Vera.\\nRozpocznij swoj\u0105 naturaln\u0105 piel\u0119gnacj\u0119 sk\u00f3ry ju\u017c dzi\u015b i poczuj r\u00f3\u017cnic\u0119.\",\"email\":\"info@lraloeverashop.eu\",\"telephone\":\"+49 17670609653\",\"legalName\":\"Lr Aloe Vera Shop\",\"foundingDate\":\"2018-04-21\",\"numberOfEmployees\":{\"@type\":\"QuantitativeValue\",\"minValue\":\"1\",\"maxValue\":\"10\"}}]}<\/script>\n<meta property=\"product:price:amount\" content=\"21.00\" \/>\n<meta property=\"product:price:currency\" content=\"EUR\" \/>\n<meta property=\"og:availability\" content=\"out of stock\" \/>\n<meta property=\"product:availability\" content=\"out of stock\" \/>\n<meta property=\"product:retailer_item_id\" content=\"20881-1PL\" \/>\n<meta property=\"product:condition\" content=\"new\" \/>\n<!-- \/ Yoast SEO Premium plugin. -->","yoast_head_json":{"title":"Szampon i Od\u017cywka Do W\u0142os\u00f3w z Aloesem i Prowitamin\u0105 B | LR","description":"Szampon i Od\u017cywka Do W\u0142os\u00f3w z 45% Aloe Vera. Nawil\u017ca, wzmacnia i chroni przed \u0142amliwo\u015bci\u0105. Zdrowe, l\u015bni\u0105ce w\u0142osy ka\u017cdego dnia. 7 naturalnych olej\u00f3w","robots":{"index":"index","follow":"follow","max-snippet":"max-snippet:-1","max-image-preview":"max-image-preview:large","max-video-preview":"max-video-preview:-1"},"canonical":"https:\/\/www.lraloeverashop.eu\/pl\/produkt\/szampon-i-odzywka-do-wlosow\/","og_locale":"pl_PL","og_type":"article","og_title":"Szampon i Od\u017cywka Do W\u0142os\u00f3w","og_description":"Szampon i Od\u017cywka Do W\u0142os\u00f3w z 45% Aloe Vera. Nawil\u017ca, wzmacnia i chroni przed \u0142amliwo\u015bci\u0105. Zdrowe, l\u015bni\u0105ce w\u0142osy ka\u017cdego dnia. 7 naturalnych olej\u00f3w","og_url":"https:\/\/www.lraloeverashop.eu\/pl\/produkt\/szampon-i-odzywka-do-wlosow\/","og_site_name":"Lr Aloe Vera Shop","article_publisher":"https:\/\/www.facebook.com\/lraloeverashop.eu","article_modified_time":"2026-04-27T18:32:43+00:00","og_image":[{"width":1200,"height":1200,"url":"https:\/\/www.lraloeverashop.eu\/wp-content\/uploads\/2024\/11\/Hair-Care-Set.jpg","type":"image\/jpeg"}],"twitter_card":"summary_large_image","twitter_site":"@natur__kosmetik","schema":{"@context":"https:\/\/schema.org","@graph":[{"@type":["WebPage","ItemPage"],"@id":"https:\/\/www.lraloeverashop.eu\/pl\/produkt\/szampon-i-odzywka-do-wlosow\/","url":"https:\/\/www.lraloeverashop.eu\/pl\/produkt\/szampon-i-odzywka-do-wlosow\/","name":"Szampon i Od\u017cywka Do W\u0142os\u00f3w z Aloesem i Prowitamin\u0105 B | LR","isPartOf":{"@id":"https:\/\/www.lraloeverashop.eu\/pl\/#website"},"primaryImageOfPage":{"@id":"https:\/\/www.lraloeverashop.eu\/pl\/produkt\/szampon-i-odzywka-do-wlosow\/#primaryimage"},"image":{"@id":"https:\/\/www.lraloeverashop.eu\/pl\/produkt\/szampon-i-odzywka-do-wlosow\/#primaryimage"},"thumbnailUrl":"https:\/\/www.lraloeverashop.eu\/wp-content\/uploads\/2024\/11\/Hair-Care-Set.jpg","datePublished":"2024-11-04T09:37:55+00:00","dateModified":"2026-04-27T18:32:43+00:00","description":"Szampon i Od\u017cywka Do W\u0142os\u00f3w z 45% Aloe Vera. Nawil\u017ca, wzmacnia i chroni przed \u0142amliwo\u015bci\u0105. Zdrowe, l\u015bni\u0105ce w\u0142osy ka\u017cdego dnia. 7 naturalnych olej\u00f3w","breadcrumb":{"@id":"https:\/\/www.lraloeverashop.eu\/pl\/produkt\/szampon-i-odzywka-do-wlosow\/#breadcrumb"},"inLanguage":"pl-PL","potentialAction":[{"@type":"ReadAction","target":["https:\/\/www.lraloeverashop.eu\/pl\/produkt\/szampon-i-odzywka-do-wlosow\/"]}]},{"@type":"ImageObject","inLanguage":"pl-PL","@id":"https:\/\/www.lraloeverashop.eu\/pl\/produkt\/szampon-i-odzywka-do-wlosow\/#primaryimage","url":"https:\/\/www.lraloeverashop.eu\/wp-content\/uploads\/2024\/11\/Hair-Care-Set.jpg","contentUrl":"https:\/\/www.lraloeverashop.eu\/wp-content\/uploads\/2024\/11\/Hair-Care-Set.jpg","width":1200,"height":1200,"caption":"Szampon i Od\u017cywka Do W\u0142os\u00f3w z aloesem Oferta limitowana"},{"@type":"BreadcrumbList","@id":"https:\/\/www.lraloeverashop.eu\/pl\/produkt\/szampon-i-odzywka-do-wlosow\/#breadcrumb","itemListElement":[{"@type":"ListItem","position":1,"name":"Home","item":"https:\/\/www.lraloeverashop.eu\/pl\/"},{"@type":"ListItem","position":2,"name":"Sklep","item":"https:\/\/www.lraloeverashop.eu\/pl\/sklep\/"},{"@type":"ListItem","position":3,"name":"Szampon i Od\u017cywka Do W\u0142os\u00f3w"}]},{"@type":"WebSite","@id":"https:\/\/www.lraloeverashop.eu\/pl\/#website","url":"https:\/\/www.lraloeverashop.eu\/pl\/","name":"Lr Aloe Vera Shop","description":"High Quality Lr Aloe Vera Gel, Aloe Vera Cream and Shampoo","publisher":{"@id":"https:\/\/www.lraloeverashop.eu\/pl\/#organization"},"alternateName":"LR","potentialAction":[{"@type":"SearchAction","target":{"@type":"EntryPoint","urlTemplate":"https:\/\/www.lraloeverashop.eu\/pl\/?s={search_term_string}"},"query-input":{"@type":"PropertyValueSpecification","valueRequired":true,"valueName":"search_term_string"}}],"inLanguage":"pl-PL"},{"@type":"Organization","@id":"https:\/\/www.lraloeverashop.eu\/pl\/#organization","name":"Sklep Lr Aloe Vera","alternateName":"LR","url":"https:\/\/www.lraloeverashop.eu\/pl\/","logo":{"@type":"ImageObject","inLanguage":"pl-PL","@id":"https:\/\/www.lraloeverashop.eu\/pl\/#\/schema\/logo\/image\/","url":"https:\/\/www.lraloeverashop.eu\/wp-content\/uploads\/2022\/09\/cropped-Lr-Aloe-Vera-Shop.jpg","contentUrl":"https:\/\/www.lraloeverashop.eu\/wp-content\/uploads\/2022\/09\/cropped-Lr-Aloe-Vera-Shop.jpg","width":228,"height":76,"caption":"Sklep Lr Aloe Vera"},"image":{"@id":"https:\/\/www.lraloeverashop.eu\/pl\/#\/schema\/logo\/image\/"},"sameAs":["https:\/\/www.facebook.com\/lraloeverashop.eu","https:\/\/x.com\/natur__kosmetik","https:\/\/www.youtube.com\/channel\/UC5oN7BJ8nfYb8RpVtjwDEBA","https:\/\/www.instagram.com\/lrbeautyeu\/"],"description":"Sklep LR Aloe Vera to Twoje zaufane \u017ar\u00f3d\u0142o wysokiej jako\u015bci produkt\u00f3w LR Health & Beauty wyprodukowanych w Niemczech. Oferujemy wysokiej jako\u015bci produkty do piel\u0119gnacji sk\u00f3ry, od\u017cywiania i przeciwstarzeniowe z aloesem, stworzone z czystych sk\u0142adnik\u00f3w i poparte badaniami naukowymi. Odkryj naturaln\u0105 piel\u0119gnacj\u0119, kt\u00f3ra regeneruje, chroni i rewitalizuje Twoj\u0105 sk\u00f3r\u0119 \u2014 i korzystaj z ekskluzywnych comiesi\u0119cznych ofert na nasze bestsellerowe produkty LR Aloe Vera.\nRozpocznij swoj\u0105 naturaln\u0105 piel\u0119gnacj\u0119 sk\u00f3ry ju\u017c dzi\u015b i poczuj r\u00f3\u017cnic\u0119.","email":"info@lraloeverashop.eu","telephone":"+49 17670609653","legalName":"Lr Aloe Vera Shop","foundingDate":"2018-04-21","numberOfEmployees":{"@type":"QuantitativeValue","minValue":"1","maxValue":"10"}}]},"product_price_amount":"21.00","product_price_currency":"EUR","og_availability":"out of stock","product_availability":"out of stock","product_retailer_item_id":"20881-1PL","product_condition":"new"},"taxonomy_info":{"product_cat":[{"value":1059,"label":"Aloe Vera"},{"value":1090,"label":"Oferty"},{"value":1064,"label":"Piel\u0119gnacja w\u0142os\u00f3w"}],"product_tag":[{"value":1128,"label":"suche w\u0142osy"},{"value":1124,"label":"zniszczone w\u0142osy"}]},"featured_image_src_large":["https:\/\/www.lraloeverashop.eu\/wp-content\/uploads\/2024\/11\/Hair-Care-Set-1024x1024.jpg",1024,1024,true],"author_info":[],"comment_info":0,"_links":{"self":[{"href":"https:\/\/www.lraloeverashop.eu\/pl\/wp-json\/wp\/v2\/product\/29781","targetHints":{"allow":["GET"]}}],"collection":[{"href":"https:\/\/www.lraloeverashop.eu\/pl\/wp-json\/wp\/v2\/product"}],"about":[{"href":"https:\/\/www.lraloeverashop.eu\/pl\/wp-json\/wp\/v2\/types\/product"}],"replies":[{"embeddable":true,"href":"https:\/\/www.lraloeverashop.eu\/pl\/wp-json\/wp\/v2\/comments?post=29781"}],"wp:featuredmedia":[{"embeddable":true,"href":"https:\/\/www.lraloeverashop.eu\/pl\/wp-json\/wp\/v2\/media\/26874"}],"wp:attachment":[{"href":"https:\/\/www.lraloeverashop.eu\/pl\/wp-json\/wp\/v2\/media?parent=29781"}],"wp:term":[{"taxonomy":"product_brand","embeddable":true,"href":"https:\/\/www.lraloeverashop.eu\/pl\/wp-json\/wp\/v2\/product_brand?post=29781"},{"taxonomy":"product_cat","embeddable":true,"href":"https:\/\/www.lraloeverashop.eu\/pl\/wp-json\/wp\/v2\/product_cat?post=29781"},{"taxonomy":"product_tag","embeddable":true,"href":"https:\/\/www.lraloeverashop.eu\/pl\/wp-json\/wp\/v2\/product_tag?post=29781"}],"curies":[{"name":"wp","href":"https:\/\/api.w.org\/{rel}","templated":true}]}}