{"id":29736,"date":"2022-10-12T10:53:50","date_gmt":"2022-10-12T08:53:50","guid":{"rendered":"https:\/\/www.lraloeverashop.eu\/product\/lr-colostrum-kapsulki\/"},"modified":"2026-02-01T09:05:18","modified_gmt":"2026-02-01T08:05:18","slug":"lr-colostrum-kapsulki","status":"publish","type":"product","link":"https:\/\/www.lraloeverashop.eu\/pl\/produkt\/lr-colostrum-kapsulki\/","title":{"rendered":"LR Colostrum Kapsu\u0142ki Oferta limitowana"},"content":{"rendered":"<h2><span style=\"font-size: 16pt;\"><strong>LR Colostrum Kapsu\u0142ki\u00a0Oferta limitowana<\/strong><\/span><\/h2>\n<p><span style=\"font-size: 14pt;\"><strong>LR Colostrum Kapsu\u0142ki \u2013 si\u0119gnij po to, co najlepsze w naturze<\/strong><\/span><\/p>\n<p>LR Colostrum Kapsu\u0142ki to wysokiej jako\u015bci suplement diety zawieraj\u0105cy siar\u0119 bydl\u0119c\u0105 (colostrum) w postaci wygodnych kapsu\u0142ek, przeznaczony do codziennego stosowania przez osoby dbaj\u0105ce o odporno\u015b\u0107, regeneracj\u0119 i og\u00f3lne dobre samopoczucie.<\/p>\n<p>Lr Colostrum Kapsu\u0142ki bazuj\u0105 na tym, co w naturze najcenniejsze \u2013 pierwszym mleku krowim, pozyskiwanym tu\u017c po narodzinach ciel\u0119cia, w formie silnie skoncentrowanej i starannie przetworzonej.<\/p>\n<p>Dzi\u0119ki delikatnemu procesowi odt\u0142uszczania oraz liofilizacji, kluczowe sk\u0142adniki aktywne colostrum pozostaj\u0105 w du\u017cej mierze nienaruszone. Pozwala to zachowa\u0107 wysok\u0105 biodost\u0119pno\u015b\u0107 immunoglobulin, laktoferyny oraz naturalnych czynnik\u00f3w wzrostu, kt\u00f3re s\u0105 charakterystyczne dla wysokiej jako\u015bci colostrum.<\/p>\n<p>&nbsp;<\/p>\n<h3><span style=\"font-size: 16pt;\"><strong>Najwy\u017csza jako\u015b\u0107 i kontrolowane pochodzenie<\/strong><\/span><\/h3>\n<p>LR Colostrum Kapsu\u0142ki to produkt klasy premium, wyprodukowany w Niemczech, zgodnie z rygorystycznymi normami jako\u015bciowymi. Do produkcji wykorzystywana jest wy\u0142\u0105cznie nadwy\u017cka siary krowiej, pochodz\u0105ca od europejskich kr\u00f3w, co zapewnia etyczne i zr\u00f3wnowa\u017cone pozyskiwanie surowca.<\/p>\n<p>Ka\u017cda partia siary jest dok\u0142adnie badana jeszcze przed przetworzeniem, a ca\u0142y proces produkcji podlega wieloetapowej kontroli jako\u015bci. Dzi\u0119ki temu masz pewno\u015b\u0107, \u017ce wybierasz bezpieczny, sprawdzony i skuteczny suplement diety.<\/p>\n<p>&nbsp;<\/p>\n<h3><span style=\"font-size: 16pt;\"><strong>Certyfikowana jako\u015b\u0107 \u2013 zaufanie potwierdzone badaniami<\/strong><\/span><\/h3>\n<p>Na ka\u017cdym etapie produkcji obowi\u0105zuj\u0105 \u015bci\u015ble okre\u015blone parametry jako\u015bciowe oraz najwy\u017csze standardy kontroli. Opr\u00f3cz wewn\u0119trznych test\u00f3w jako\u015bci, niezale\u017cny SGS INSTITUTE FRESENIUS regularnie przeprowadza audyty obejmuj\u0105ce zar\u00f3wno proces produkcji, jak i produkt ko\u0144cowy.<\/p>\n<p>Potwierdzeniem najwy\u017cszej klasy produktu jest znak jako\u015bci Instytutu Fresenius \u2013 jeden z najbardziej rygorystycznych i cenionych certyfikat\u00f3w niezale\u017cnych w Europie, \u015bwiadcz\u0105cy o czysto\u015bci, bezpiecze\u0144stwie i stabilnej jako\u015bci suplementu.<\/p>\n<p>&nbsp;<\/p>\n<h3><span style=\"font-size: 16pt;\"><strong>Colostrum \u2013 na co pomaga? Sprawdzone dzia\u0142anie<\/strong><\/span><\/h3>\n<p><strong>Odporno\u015b\u0107 organizmu<\/strong><br \/>\nZawarte w colostrum immunoglobuliny oraz laktoferyna aktywnie wspieraj\u0105 naturalne mechanizmy obronne organizmu, pomagaj\u0105c chroni\u0107 go przed bakteriami, wirusami i grzybami.<\/p>\n<p><strong>Jelita i trawienie<\/strong><br \/>\nLr Colostrum Kapsu\u0142ki wspomagaj\u0105 szczelno\u015b\u0107 bariery jelitowej, pomaga w odbudowie mikroflory jelitowej oraz mo\u017ce by\u0107 pomocne przy problemach takich jak nadwra\u017cliwo\u015b\u0107 pokarmowa czy tzw. \u201eleaky gut\u201d.<\/p>\n<p><strong>Regeneracja i odbudowa<\/strong><br \/>\nNaturalne czynniki wzrostu wspomagaj\u0105 regeneracj\u0119 tkanek, przyspieszaj\u0105 powr\u00f3t do formy po infekcjach, intensywnym wysi\u0142ku fizycznym oraz w okresach os\u0142abienia organizmu.<\/p>\n<p><strong>Zdrowa sk\u00f3ra<\/strong><br \/>\nDzi\u0119ki w\u0142a\u015bciwo\u015bciom antyoksydacyjnym colostrum wspiera procesy gojenia, pomaga \u0142agodzi\u0107 problemy sk\u00f3rne, takie jak tr\u0105dzik czy podra\u017cnienia, oraz sprzyja utrzymaniu zdrowego wygl\u0105du sk\u00f3ry.<\/p>\n<p><strong>Witalno\u015b\u0107 i energia<\/strong><br \/>\nNaturalnie wyst\u0119puj\u0105ce witaminy i minera\u0142y wspieraj\u0105 poziom energii oraz og\u00f3lne dobre samopoczucie, zar\u00f3wno u doros\u0142ych, jak i u dzieci w okresie wzrostu i rozwoju.<\/p>\n<p>&nbsp;<\/p>\n<h3><span style=\"font-size: 16pt;\"><strong>Spos\u00f3b u\u017cycia \u2013 LR Colostrum Kapsu\u0142ki<\/strong><\/span><\/h3>\n<p>Zaleca si\u0119 spo\u017cywa\u0107 dwie kapsu\u0142ki dziennie \u2013 jedn\u0105 rano i jedn\u0105 wieczorem, popijaj\u0105c niewielk\u0105 ilo\u015bci\u0105 wody.<\/p>\n<p>Nie nale\u017cy przyjmowa\u0107 kapsu\u0142ek z gor\u0105cymi napojami. Suplement diety nie zast\u0119puje zr\u00f3\u017cnicowanej i zbilansowanej diety ani zdrowego trybu \u017cycia. Przechowywa\u0107 w suchym i ch\u0142odnym miejscu, z dala od \u015bwiat\u0142a s\u0142onecznego.<\/p>\n<p>&nbsp;<\/p>\n<h4><span style=\"font-size: 16pt;\">Czy wiesz, \u017ce\u2026?<\/span><\/h4>\n<p>Aby spe\u0142ni\u0107 najwy\u017csze standardy jako\u015bci i zachowa\u0107 pe\u0142n\u0105 kontrol\u0119 nad procesem produkcji, LR wykorzystuje wy\u0142\u0105cznie nadwy\u017cki siary pochodz\u0105cej od europejskich kr\u00f3w. Ka\u017cda partia produktu jest w pe\u0142ni identyfikowalna \u2013 od kapsu\u0142ki a\u017c do gospodarstwa, z kt\u00f3rego pochodzi surowiec. To gwarancja transparentno\u015bci, bezpiecze\u0144stwa i powtarzalnej jako\u015bci.<\/p>\n<p>Nie czekaj, a\u017c infekcja lub os\u0142abienie zaskocz\u0105 Ciebie lub Twoj\u0105 rodzin\u0119. LR Colostrum Kapsu\u0142ki to codzienne, naturalne wsparcie odporno\u015bci, energii i regeneracji. Wybieraj \u015bwiadomie, inwestuj w zdrowie i si\u0119gaj po sprawdzon\u0105 jako\u015b\u0107.<\/p>\n","protected":false},"excerpt":{"rendered":"<ul>\n<li><strong><span style=\"color: #ff0000;\">Oferta limitowana<\/span><\/strong><\/li>\n<li>LR Colostrum Kapsu\u0142ki z wysokiej jako\u015bci siar\u0105 bydl\u0119c\u0105 do codziennego stosowania.<\/li>\n<li>Dla wsparcia odporno\u015bci, jelit i og\u00f3lnego dobrego samopoczucia.<\/li>\n<li>Dzienna porcja dostarcza 800 mg warto\u015bciowej, odt\u0142uszczonej siary krowiej w proszku.<\/li>\n<li>Starannie wyprodukowane w Niemczech.<\/li>\n<li>Zawarto\u015b\u0107: 2 \u00d7 60 kapsu\u0142ek.<\/li>\n<\/ul>\n<p style=\"text-align: left;\"><span style=\"color: #ff0000;\"><a style=\"color: #ff0000;\" href=\"https:\/\/shop.lrworld.com\/openpao?PHP=0vFlt7jT938BEnBI3a6e9w%3D%3D\"><span style=\"font-size: 14pt;\"><strong>Zarejestruj si\u0119 i oszcz\u0119dzaj 35% przy ka\u017cdym zam\u00f3wieniu<\/strong><\/span><\/a><\/span><\/p>\n","protected":false},"featured_media":27298,"comment_status":"open","ping_status":"closed","template":"","meta":{"_kad_blocks_custom_css":"","_kad_blocks_head_custom_js":"","_kad_blocks_body_custom_js":"","_kad_blocks_footer_custom_js":"","_kadence_starter_templates_imported_post":false,"_kad_post_transparent":"default","_kad_post_title":"","_kad_post_layout":"default","_kad_post_sidebar_id":"","_kad_post_content_style":"default","_kad_post_vertical_padding":"default","_kad_post_feature":"","_kad_post_feature_position":"","_kad_post_header":false,"_kad_post_footer":false,"_kad_post_classname":""},"product_brand":[],"product_cat":[1095,1090,1081,1091,1083],"product_tag":[1136],"class_list":{"0":"post-29736","1":"product","2":"type-product","3":"status-publish","4":"has-post-thumbnail","6":"product_cat-colostrum-pl","7":"product_cat-oferty","8":"product_cat-podstawa","9":"product_cat-produkty-specjalne","10":"product_cat-uklad-odpornosciowy","11":"product_tag-wzmacniacz-odpornosci","13":"first","14":"outofstock","15":"sale","16":"taxable","17":"shipping-taxable","18":"purchasable","19":"product-type-simple","20":"entry","21":"content-bg","22":"loop-entry"},"yoast_head":"<!-- This site is optimized with the Yoast SEO Premium plugin v27.5 (Yoast SEO v27.5) - https:\/\/yoast.com\/product\/yoast-seo-premium-wordpress\/ -->\n<title>LR Colostrum Kapsu\u0142ki \u2013 Oferta limitowana 2\u00d760 kaps<\/title>\n<meta name=\"description\" content=\"LR Colostrum Kapsu\u0142ki \u2013 wysokiej jako\u015bci siara bydl\u0119ca z Niemiec. Wsparcie odporno\u015bci, jelit, regeneracji i witalno\u015bci. Certyfikat Fresenius.\" \/>\n<meta name=\"robots\" content=\"index, follow, max-snippet:-1, max-image-preview:large, max-video-preview:-1\" \/>\n<link rel=\"canonical\" href=\"https:\/\/www.lraloeverashop.eu\/pl\/produkt\/lr-colostrum-kapsulki\/\" \/>\n<meta property=\"og:locale\" content=\"pl_PL\" \/>\n<meta property=\"og:type\" content=\"article\" \/>\n<meta property=\"og:title\" content=\"LR Colostrum Kapsu\u0142ki Oferta limitowana\" \/>\n<meta property=\"og:description\" content=\"LR Colostrum Kapsu\u0142ki \u2013 wysokiej jako\u015bci siara bydl\u0119ca z Niemiec. Wsparcie odporno\u015bci, jelit, regeneracji i witalno\u015bci. Certyfikat Fresenius.\" \/>\n<meta property=\"og:url\" content=\"https:\/\/www.lraloeverashop.eu\/pl\/produkt\/lr-colostrum-kapsulki\/\" \/>\n<meta property=\"og:site_name\" content=\"Lr Aloe Vera Shop\" \/>\n<meta property=\"article:publisher\" content=\"https:\/\/www.facebook.com\/lraloeverashop.eu\" \/>\n<meta property=\"article:modified_time\" content=\"2026-02-01T08:05:18+00:00\" \/>\n<meta property=\"og:image\" content=\"https:\/\/www.lraloeverashop.eu\/wp-content\/uploads\/2022\/10\/Colostrum-Capsules-2-pieces-set-Limited-Offer.jpg\" \/>\n\t<meta property=\"og:image:width\" content=\"1200\" \/>\n\t<meta property=\"og:image:height\" content=\"1200\" \/>\n\t<meta property=\"og:image:type\" content=\"image\/jpeg\" \/>\n<meta name=\"twitter:card\" content=\"summary_large_image\" \/>\n<meta name=\"twitter:site\" content=\"@natur__kosmetik\" \/>\n<script type=\"application\/ld+json\" class=\"yoast-schema-graph\">{\"@context\":\"https:\\\/\\\/schema.org\",\"@graph\":[{\"@type\":[\"WebPage\",\"ItemPage\"],\"@id\":\"https:\\\/\\\/www.lraloeverashop.eu\\\/pl\\\/produkt\\\/lr-colostrum-kapsulki\\\/\",\"url\":\"https:\\\/\\\/www.lraloeverashop.eu\\\/pl\\\/produkt\\\/lr-colostrum-kapsulki\\\/\",\"name\":\"LR Colostrum Kapsu\u0142ki \u2013 Oferta limitowana 2\u00d760 kaps\",\"isPartOf\":{\"@id\":\"https:\\\/\\\/www.lraloeverashop.eu\\\/pl\\\/#website\"},\"primaryImageOfPage\":{\"@id\":\"https:\\\/\\\/www.lraloeverashop.eu\\\/pl\\\/produkt\\\/lr-colostrum-kapsulki\\\/#primaryimage\"},\"image\":{\"@id\":\"https:\\\/\\\/www.lraloeverashop.eu\\\/pl\\\/produkt\\\/lr-colostrum-kapsulki\\\/#primaryimage\"},\"thumbnailUrl\":\"https:\\\/\\\/www.lraloeverashop.eu\\\/wp-content\\\/uploads\\\/2022\\\/10\\\/Colostrum-Capsules-2-pieces-set-Limited-Offer.jpg\",\"datePublished\":\"2022-10-12T08:53:50+00:00\",\"dateModified\":\"2026-02-01T08:05:18+00:00\",\"description\":\"LR Colostrum Kapsu\u0142ki \u2013 wysokiej jako\u015bci siara bydl\u0119ca z Niemiec. Wsparcie odporno\u015bci, jelit, regeneracji i witalno\u015bci. Certyfikat Fresenius.\",\"breadcrumb\":{\"@id\":\"https:\\\/\\\/www.lraloeverashop.eu\\\/pl\\\/produkt\\\/lr-colostrum-kapsulki\\\/#breadcrumb\"},\"inLanguage\":\"pl-PL\",\"potentialAction\":[{\"@type\":\"ReadAction\",\"target\":[\"https:\\\/\\\/www.lraloeverashop.eu\\\/pl\\\/produkt\\\/lr-colostrum-kapsulki\\\/\"]}]},{\"@type\":\"ImageObject\",\"inLanguage\":\"pl-PL\",\"@id\":\"https:\\\/\\\/www.lraloeverashop.eu\\\/pl\\\/produkt\\\/lr-colostrum-kapsulki\\\/#primaryimage\",\"url\":\"https:\\\/\\\/www.lraloeverashop.eu\\\/wp-content\\\/uploads\\\/2022\\\/10\\\/Colostrum-Capsules-2-pieces-set-Limited-Offer.jpg\",\"contentUrl\":\"https:\\\/\\\/www.lraloeverashop.eu\\\/wp-content\\\/uploads\\\/2022\\\/10\\\/Colostrum-Capsules-2-pieces-set-Limited-Offer.jpg\",\"width\":1200,\"height\":1200,\"caption\":\"Lr Colostrum kapsu\u0142ki Oferta limitowana\"},{\"@type\":\"BreadcrumbList\",\"@id\":\"https:\\\/\\\/www.lraloeverashop.eu\\\/pl\\\/produkt\\\/lr-colostrum-kapsulki\\\/#breadcrumb\",\"itemListElement\":[{\"@type\":\"ListItem\",\"position\":1,\"name\":\"Home\",\"item\":\"https:\\\/\\\/www.lraloeverashop.eu\\\/pl\\\/\"},{\"@type\":\"ListItem\",\"position\":2,\"name\":\"Sklep\",\"item\":\"https:\\\/\\\/www.lraloeverashop.eu\\\/pl\\\/sklep\\\/\"},{\"@type\":\"ListItem\",\"position\":3,\"name\":\"LR Colostrum Kapsu\u0142ki Oferta limitowana\"}]},{\"@type\":\"WebSite\",\"@id\":\"https:\\\/\\\/www.lraloeverashop.eu\\\/pl\\\/#website\",\"url\":\"https:\\\/\\\/www.lraloeverashop.eu\\\/pl\\\/\",\"name\":\"Lr Aloe Vera Shop\",\"description\":\"High Quality Lr Aloe Vera Gel, Aloe Vera Cream and Shampoo\",\"publisher\":{\"@id\":\"https:\\\/\\\/www.lraloeverashop.eu\\\/pl\\\/#organization\"},\"alternateName\":\"LR\",\"potentialAction\":[{\"@type\":\"SearchAction\",\"target\":{\"@type\":\"EntryPoint\",\"urlTemplate\":\"https:\\\/\\\/www.lraloeverashop.eu\\\/pl\\\/?s={search_term_string}\"},\"query-input\":{\"@type\":\"PropertyValueSpecification\",\"valueRequired\":true,\"valueName\":\"search_term_string\"}}],\"inLanguage\":\"pl-PL\"},{\"@type\":\"Organization\",\"@id\":\"https:\\\/\\\/www.lraloeverashop.eu\\\/pl\\\/#organization\",\"name\":\"Sklep Lr Aloe Vera\",\"alternateName\":\"LR\",\"url\":\"https:\\\/\\\/www.lraloeverashop.eu\\\/pl\\\/\",\"logo\":{\"@type\":\"ImageObject\",\"inLanguage\":\"pl-PL\",\"@id\":\"https:\\\/\\\/www.lraloeverashop.eu\\\/pl\\\/#\\\/schema\\\/logo\\\/image\\\/\",\"url\":\"https:\\\/\\\/www.lraloeverashop.eu\\\/wp-content\\\/uploads\\\/2022\\\/09\\\/cropped-Lr-Aloe-Vera-Shop.jpg\",\"contentUrl\":\"https:\\\/\\\/www.lraloeverashop.eu\\\/wp-content\\\/uploads\\\/2022\\\/09\\\/cropped-Lr-Aloe-Vera-Shop.jpg\",\"width\":228,\"height\":76,\"caption\":\"Sklep Lr Aloe Vera\"},\"image\":{\"@id\":\"https:\\\/\\\/www.lraloeverashop.eu\\\/pl\\\/#\\\/schema\\\/logo\\\/image\\\/\"},\"sameAs\":[\"https:\\\/\\\/www.facebook.com\\\/lraloeverashop.eu\",\"https:\\\/\\\/x.com\\\/natur__kosmetik\",\"https:\\\/\\\/www.youtube.com\\\/channel\\\/UC5oN7BJ8nfYb8RpVtjwDEBA\",\"https:\\\/\\\/www.instagram.com\\\/lrbeautyeu\\\/\"],\"description\":\"Sklep LR Aloe Vera to Twoje zaufane \u017ar\u00f3d\u0142o wysokiej jako\u015bci produkt\u00f3w LR Health & Beauty wyprodukowanych w Niemczech. Oferujemy wysokiej jako\u015bci produkty do piel\u0119gnacji sk\u00f3ry, od\u017cywiania i przeciwstarzeniowe z aloesem, stworzone z czystych sk\u0142adnik\u00f3w i poparte badaniami naukowymi. Odkryj naturaln\u0105 piel\u0119gnacj\u0119, kt\u00f3ra regeneruje, chroni i rewitalizuje Twoj\u0105 sk\u00f3r\u0119 \u2014 i korzystaj z ekskluzywnych comiesi\u0119cznych ofert na nasze bestsellerowe produkty LR Aloe Vera.\\nRozpocznij swoj\u0105 naturaln\u0105 piel\u0119gnacj\u0119 sk\u00f3ry ju\u017c dzi\u015b i poczuj r\u00f3\u017cnic\u0119.\",\"email\":\"info@lraloeverashop.eu\",\"telephone\":\"+49 17670609653\",\"legalName\":\"Lr Aloe Vera Shop\",\"foundingDate\":\"2018-04-21\",\"numberOfEmployees\":{\"@type\":\"QuantitativeValue\",\"minValue\":\"1\",\"maxValue\":\"10\"}}]}<\/script>\n<meta property=\"product:price:amount\" content=\"90.99\" \/>\n<meta property=\"product:price:currency\" content=\"EUR\" \/>\n<meta property=\"og:availability\" content=\"out of stock\" \/>\n<meta property=\"product:availability\" content=\"out of stock\" \/>\n<meta property=\"product:retailer_item_id\" content=\"80366-1PL\" \/>\n<meta property=\"product:condition\" content=\"new\" \/>\n<!-- \/ Yoast SEO Premium plugin. -->","yoast_head_json":{"title":"LR Colostrum Kapsu\u0142ki \u2013 Oferta limitowana 2\u00d760 kaps","description":"LR Colostrum Kapsu\u0142ki \u2013 wysokiej jako\u015bci siara bydl\u0119ca z Niemiec. Wsparcie odporno\u015bci, jelit, regeneracji i witalno\u015bci. Certyfikat Fresenius.","robots":{"index":"index","follow":"follow","max-snippet":"max-snippet:-1","max-image-preview":"max-image-preview:large","max-video-preview":"max-video-preview:-1"},"canonical":"https:\/\/www.lraloeverashop.eu\/pl\/produkt\/lr-colostrum-kapsulki\/","og_locale":"pl_PL","og_type":"article","og_title":"LR Colostrum Kapsu\u0142ki Oferta limitowana","og_description":"LR Colostrum Kapsu\u0142ki \u2013 wysokiej jako\u015bci siara bydl\u0119ca z Niemiec. Wsparcie odporno\u015bci, jelit, regeneracji i witalno\u015bci. Certyfikat Fresenius.","og_url":"https:\/\/www.lraloeverashop.eu\/pl\/produkt\/lr-colostrum-kapsulki\/","og_site_name":"Lr Aloe Vera Shop","article_publisher":"https:\/\/www.facebook.com\/lraloeverashop.eu","article_modified_time":"2026-02-01T08:05:18+00:00","og_image":[{"width":1200,"height":1200,"url":"https:\/\/www.lraloeverashop.eu\/wp-content\/uploads\/2022\/10\/Colostrum-Capsules-2-pieces-set-Limited-Offer.jpg","type":"image\/jpeg"}],"twitter_card":"summary_large_image","twitter_site":"@natur__kosmetik","schema":{"@context":"https:\/\/schema.org","@graph":[{"@type":["WebPage","ItemPage"],"@id":"https:\/\/www.lraloeverashop.eu\/pl\/produkt\/lr-colostrum-kapsulki\/","url":"https:\/\/www.lraloeverashop.eu\/pl\/produkt\/lr-colostrum-kapsulki\/","name":"LR Colostrum Kapsu\u0142ki \u2013 Oferta limitowana 2\u00d760 kaps","isPartOf":{"@id":"https:\/\/www.lraloeverashop.eu\/pl\/#website"},"primaryImageOfPage":{"@id":"https:\/\/www.lraloeverashop.eu\/pl\/produkt\/lr-colostrum-kapsulki\/#primaryimage"},"image":{"@id":"https:\/\/www.lraloeverashop.eu\/pl\/produkt\/lr-colostrum-kapsulki\/#primaryimage"},"thumbnailUrl":"https:\/\/www.lraloeverashop.eu\/wp-content\/uploads\/2022\/10\/Colostrum-Capsules-2-pieces-set-Limited-Offer.jpg","datePublished":"2022-10-12T08:53:50+00:00","dateModified":"2026-02-01T08:05:18+00:00","description":"LR Colostrum Kapsu\u0142ki \u2013 wysokiej jako\u015bci siara bydl\u0119ca z Niemiec. Wsparcie odporno\u015bci, jelit, regeneracji i witalno\u015bci. Certyfikat Fresenius.","breadcrumb":{"@id":"https:\/\/www.lraloeverashop.eu\/pl\/produkt\/lr-colostrum-kapsulki\/#breadcrumb"},"inLanguage":"pl-PL","potentialAction":[{"@type":"ReadAction","target":["https:\/\/www.lraloeverashop.eu\/pl\/produkt\/lr-colostrum-kapsulki\/"]}]},{"@type":"ImageObject","inLanguage":"pl-PL","@id":"https:\/\/www.lraloeverashop.eu\/pl\/produkt\/lr-colostrum-kapsulki\/#primaryimage","url":"https:\/\/www.lraloeverashop.eu\/wp-content\/uploads\/2022\/10\/Colostrum-Capsules-2-pieces-set-Limited-Offer.jpg","contentUrl":"https:\/\/www.lraloeverashop.eu\/wp-content\/uploads\/2022\/10\/Colostrum-Capsules-2-pieces-set-Limited-Offer.jpg","width":1200,"height":1200,"caption":"Lr Colostrum kapsu\u0142ki Oferta limitowana"},{"@type":"BreadcrumbList","@id":"https:\/\/www.lraloeverashop.eu\/pl\/produkt\/lr-colostrum-kapsulki\/#breadcrumb","itemListElement":[{"@type":"ListItem","position":1,"name":"Home","item":"https:\/\/www.lraloeverashop.eu\/pl\/"},{"@type":"ListItem","position":2,"name":"Sklep","item":"https:\/\/www.lraloeverashop.eu\/pl\/sklep\/"},{"@type":"ListItem","position":3,"name":"LR Colostrum Kapsu\u0142ki Oferta limitowana"}]},{"@type":"WebSite","@id":"https:\/\/www.lraloeverashop.eu\/pl\/#website","url":"https:\/\/www.lraloeverashop.eu\/pl\/","name":"Lr Aloe Vera Shop","description":"High Quality Lr Aloe Vera Gel, Aloe Vera Cream and Shampoo","publisher":{"@id":"https:\/\/www.lraloeverashop.eu\/pl\/#organization"},"alternateName":"LR","potentialAction":[{"@type":"SearchAction","target":{"@type":"EntryPoint","urlTemplate":"https:\/\/www.lraloeverashop.eu\/pl\/?s={search_term_string}"},"query-input":{"@type":"PropertyValueSpecification","valueRequired":true,"valueName":"search_term_string"}}],"inLanguage":"pl-PL"},{"@type":"Organization","@id":"https:\/\/www.lraloeverashop.eu\/pl\/#organization","name":"Sklep Lr Aloe Vera","alternateName":"LR","url":"https:\/\/www.lraloeverashop.eu\/pl\/","logo":{"@type":"ImageObject","inLanguage":"pl-PL","@id":"https:\/\/www.lraloeverashop.eu\/pl\/#\/schema\/logo\/image\/","url":"https:\/\/www.lraloeverashop.eu\/wp-content\/uploads\/2022\/09\/cropped-Lr-Aloe-Vera-Shop.jpg","contentUrl":"https:\/\/www.lraloeverashop.eu\/wp-content\/uploads\/2022\/09\/cropped-Lr-Aloe-Vera-Shop.jpg","width":228,"height":76,"caption":"Sklep Lr Aloe Vera"},"image":{"@id":"https:\/\/www.lraloeverashop.eu\/pl\/#\/schema\/logo\/image\/"},"sameAs":["https:\/\/www.facebook.com\/lraloeverashop.eu","https:\/\/x.com\/natur__kosmetik","https:\/\/www.youtube.com\/channel\/UC5oN7BJ8nfYb8RpVtjwDEBA","https:\/\/www.instagram.com\/lrbeautyeu\/"],"description":"Sklep LR Aloe Vera to Twoje zaufane \u017ar\u00f3d\u0142o wysokiej jako\u015bci produkt\u00f3w LR Health & Beauty wyprodukowanych w Niemczech. Oferujemy wysokiej jako\u015bci produkty do piel\u0119gnacji sk\u00f3ry, od\u017cywiania i przeciwstarzeniowe z aloesem, stworzone z czystych sk\u0142adnik\u00f3w i poparte badaniami naukowymi. Odkryj naturaln\u0105 piel\u0119gnacj\u0119, kt\u00f3ra regeneruje, chroni i rewitalizuje Twoj\u0105 sk\u00f3r\u0119 \u2014 i korzystaj z ekskluzywnych comiesi\u0119cznych ofert na nasze bestsellerowe produkty LR Aloe Vera.\nRozpocznij swoj\u0105 naturaln\u0105 piel\u0119gnacj\u0119 sk\u00f3ry ju\u017c dzi\u015b i poczuj r\u00f3\u017cnic\u0119.","email":"info@lraloeverashop.eu","telephone":"+49 17670609653","legalName":"Lr Aloe Vera Shop","foundingDate":"2018-04-21","numberOfEmployees":{"@type":"QuantitativeValue","minValue":"1","maxValue":"10"}}]},"product_price_amount":"90.99","product_price_currency":"EUR","og_availability":"out of stock","product_availability":"out of stock","product_retailer_item_id":"80366-1PL","product_condition":"new"},"taxonomy_info":{"product_cat":[{"value":1095,"label":"Colostrum"},{"value":1090,"label":"Oferty"},{"value":1081,"label":"Podstawa"},{"value":1091,"label":"Produkty specjalne"},{"value":1083,"label":"Uk\u0142ad odporno\u015bciowy i r\u00f3wnowaga"}],"product_tag":[{"value":1136,"label":"Wzmacniacz odporno\u015bci"}]},"featured_image_src_large":["https:\/\/www.lraloeverashop.eu\/wp-content\/uploads\/2022\/10\/Colostrum-Capsules-2-pieces-set-Limited-Offer-1024x1024.jpg",1024,1024,true],"author_info":[],"comment_info":0,"_links":{"self":[{"href":"https:\/\/www.lraloeverashop.eu\/pl\/wp-json\/wp\/v2\/product\/29736","targetHints":{"allow":["GET"]}}],"collection":[{"href":"https:\/\/www.lraloeverashop.eu\/pl\/wp-json\/wp\/v2\/product"}],"about":[{"href":"https:\/\/www.lraloeverashop.eu\/pl\/wp-json\/wp\/v2\/types\/product"}],"replies":[{"embeddable":true,"href":"https:\/\/www.lraloeverashop.eu\/pl\/wp-json\/wp\/v2\/comments?post=29736"}],"wp:featuredmedia":[{"embeddable":true,"href":"https:\/\/www.lraloeverashop.eu\/pl\/wp-json\/wp\/v2\/media\/27298"}],"wp:attachment":[{"href":"https:\/\/www.lraloeverashop.eu\/pl\/wp-json\/wp\/v2\/media?parent=29736"}],"wp:term":[{"taxonomy":"product_brand","embeddable":true,"href":"https:\/\/www.lraloeverashop.eu\/pl\/wp-json\/wp\/v2\/product_brand?post=29736"},{"taxonomy":"product_cat","embeddable":true,"href":"https:\/\/www.lraloeverashop.eu\/pl\/wp-json\/wp\/v2\/product_cat?post=29736"},{"taxonomy":"product_tag","embeddable":true,"href":"https:\/\/www.lraloeverashop.eu\/pl\/wp-json\/wp\/v2\/product_tag?post=29736"}],"curies":[{"name":"wp","href":"https:\/\/api.w.org\/{rel}","templated":true}]}}