{"id":29728,"date":"2022-10-15T14:07:29","date_gmt":"2022-10-15T12:07:29","guid":{"rendered":"https:\/\/www.lraloeverashop.eu\/product\/mens-shot-dla-mezczyzny\/"},"modified":"2026-04-10T16:44:50","modified_gmt":"2026-04-10T14:44:50","slug":"mens-shot-dla-mezczyzny","status":"publish","type":"product","link":"https:\/\/www.lraloeverashop.eu\/pl\/produkt\/mens-shot-dla-mezczyzny\/","title":{"rendered":"Men\u2019s Shot Dla M\u0119\u017cczyzny"},"content":{"rendered":"<h2><strong><span style=\"font-size: 16pt;\">Men\u2019s Shot Dla M\u0119\u017cczyzny<\/span><\/strong><\/h2>\n<p><span style=\"font-size: 14pt;\"><strong>Men\u2019s Shot Dla M\u0119\u017cczyzny \u2013 5w1 Zestaw Suplement\u00f3w Urody i Witalno\u015bci<\/strong><\/span><\/p>\n<p>Men\u2019s Shot Dla M\u0119\u017cczyzny to zaawansowany witaminowy shot dla m\u0119\u017cczyzn, kt\u00f3ry \u0142\u0105czy w sobie skoncentrowan\u0105 moc wyselekcjonowanych sk\u0142adnik\u00f3w pochodzenia naukowego i naturalnego. Zosta\u0142 specjalnie opracowany, aby wspiera\u0107 5 kluczowych obszar\u00f3w zdrowia i urody m\u0119\u017cczyzn, daj\u0105c kompleksowe wsparcie w codziennej dba\u0142o\u015bci o si\u0142\u0119, wygl\u0105d i samopoczucie.<\/p>\n<h3><strong><span style=\"font-size: 16pt;\">Naturalne i naukowe wsparcie m\u0119sko\u015bci<\/span><\/strong><\/h3>\n<p>Ka\u017cdy sk\u0142adnik w <strong data-start=\"1495\" data-end=\"1523\">Men\u2019s Shot Dla M\u0119\u017cczyzny<\/strong> zosta\u0142 dobrany tak, aby aktywowa\u0107 i wspiera\u0107 procesy budowy <em data-start=\"1584\" data-end=\"1605\">prawdziwej m\u0119sko\u015bci<\/em> wewn\u0105trz organizmu. Innowacyjny kompleks zawiera m.in.: kolagen, L-arginin\u0119, 10 skoncentrowanych witamin oraz 5 kluczowych minera\u0142\u00f3w (cynk, mied\u017a, magnez, mangan i selen), kt\u00f3re dzia\u0142aj\u0105 synergistycznie dla maksymalnej efektywno\u015bci dzia\u0142ania.<\/p>\n<h3><strong><span style=\"font-size: 16pt;\">G\u0142\u00f3wne korzy\u015bci i dzia\u0142anie<\/span><\/strong><\/h3>\n<p><strong>1. CZYSTA ENERGIA \u2013 Wi\u0119cej mocy ka\u017cdego dnia<\/strong><br \/>\nTen m\u0119ski suplement diety wspiera naturalny metabolizm energetyczny i pomaga zwi\u0119kszy\u0107 poziom energii, co przek\u0142ada si\u0119 na wi\u0119ksz\u0105 wydajno\u015b\u0107 i witalno\u015b\u0107 \u2013 nawet w dni o wysokim poziomie aktywno\u015bci.<\/p>\n<p><strong>ZDROWA SK\u00d3RA \u2013 G\u0142\u0119bokie od\u017cywienie i elastyczno\u015b\u0107<\/strong><br \/>\nWysokie st\u0119\u017cenia biotyny, cynku i miedzi pomagaj\u0105 wzmacnia\u0107 struktur\u0119 sk\u00f3ry i przeciwdzia\u0142a\u0107 zmarszczkom, wspieraj\u0105c prawid\u0142owe funkcje sk\u00f3ry oraz jej zdrowy wygl\u0105d.<\/p>\n<p><strong>G\u0118STE W\u0141OSY \u2013 Od\u017cywienie od korzenia do ko\u0144ca<\/strong><br \/>\nSk\u0142adniki aktywne dzia\u0142aj\u0105 bezpo\u015brednio wewn\u0105trz organizmu, aby od\u017cywia\u0107 cebulki w\u0142os\u00f3w i wspiera\u0107 ich naturaln\u0105 g\u0119sto\u015b\u0107, blask oraz zdrowy wygl\u0105d m\u0119skich w\u0142os\u00f3w.<\/p>\n<p><strong>ATRAKCYJNE MI\u0118\u015aNIE \u2013 Naturalny wzrost masy mi\u0119\u015bniowej<\/strong><br \/>\nDzi\u0119ki wsparciu syntezy bia\u0142ka i w\u0142a\u015bciwemu funkcjonowaniu mi\u0119\u015bni, ten suplement dla m\u0119\u017cczyzn pomaga budowa\u0107 efektywne i silne mi\u0119\u015bnie wraz z regularn\u0105 aktywno\u015bci\u0105 fizyczn\u0105.<\/p>\n<p><strong>MOCNA POTENCJA \u2013 Wp\u0142yw na testosteron i seksualno\u015b\u0107<\/strong><br \/>\nZawarte minera\u0142y, zw\u0142aszcza cynk i selen, wspieraj\u0105 naturalne procesy produkcji testosteronu, co pozytywnie wp\u0142ywa na potencj\u0119, m\u0119sko\u015b\u0107 i og\u00f3lne zdrowie seksualne.<\/p>\n<p>&nbsp;<\/p>\n<h3><strong><span style=\"font-size: 16pt;\">Podw\u00f3jny kompleks \u2013 Aktywny + Prewencyjny<\/span><\/strong><\/h3>\n<p><span style=\"font-size: 14pt;\"><strong>Kompleks Aktywny:<\/strong><\/span><br \/>\nSkoncentrowany zestaw sk\u0142adnik\u00f3w, kt\u00f3re bezpo\u015brednio wspieraj\u0105 kluczowe procesy m\u0119skiego zdrowia:<\/p>\n<p>\u2022 Kolagen i L-arginina \u2013 budulec tkanek, regeneracja i lepszy obieg sk\u0142adnik\u00f3w od\u017cywczych<br \/>\n\u2022 5 minera\u0142\u00f3w \u2013 cynk, magnez, mied\u017a, mangan, selen<br \/>\n\u2022 10 witamin \u2013 wsparcie energii, odporno\u015bci i regeneracji<\/p>\n<p>&nbsp;<\/p>\n<p><span style=\"font-size: 14pt;\"><strong>Kompleks Prewencyjny:<\/strong><\/span><br \/>\nDzia\u0142a profilaktycznie, aby chroni\u0107 organizm przed stresem oksydacyjnym i wspiera\u0107 d\u0142ugotrwa\u0142\u0105 witalno\u015b\u0107 dzi\u0119ki:<\/p>\n<p>\u2022 Ekstraktowi z czarnego pieprzu<br \/>\n\u2022 Kofeinie z zielonej herbaty<br \/>\n\u2022 Koncentratowi czarnej porzeczki<br \/>\n\u2022 Ekstraktowi z pomara\u0144czy krwistej<\/p>\n<p>&nbsp;<\/p>\n<h3><strong><span style=\"font-size: 16pt;\">Dlaczego warto wybra\u0107 Men\u2019s Shot Dla M\u0119\u017cczyzny?<\/span><\/strong><\/h3>\n<p>W \u015bwiecie, w kt\u00f3rym m\u0119\u017cczy\u017ani coraz bardziej dbaj\u0105 o aktywny styl \u017cycia, wygl\u0105d i zdrowie, Men\u2019s Shot Dla M\u0119\u017cczyzny oferuje prost\u0105, kompleksow\u0105 i naukow\u0105 formu\u0142\u0119, kt\u00f3r\u0105 \u0142atwo wkomponujesz w codzienn\u0105 rutyn\u0119 bez konieczno\u015bci stosowania wielu osobnych suplement\u00f3w.<\/p>\n<p>Dlatego Men\u2019s Shot Dla M\u0119\u017cczyzny \u0142\u0105czy sk\u0142adniki pochodz\u0105ce z nauki i natury, kt\u00f3re s\u0105 ukierunkowane na potrzeby m\u0119\u017cczyzn. To praktyczne i proste rozwi\u0105zanie, kt\u00f3re mo\u017cna \u0142atwo i na sta\u0142e w\u0142\u0105czy\u0107 do codziennego stylu \u017cycia.<\/p>\n<p>1. Tiamina, witamina B6, witamina B12 oraz magnez przyczyniaj\u0105 si\u0119 do prawid\u0142owego metabolizmu energetycznego.<\/p>\n<p>2. Witamina B6, witamina B12 oraz magnez pomagaj\u0105 w zmniejszeniu uczucia zm\u0119czenia i znu\u017cenia.<\/p>\n<p>3. Ryboflawina, witamina A, niacyna, biotyna oraz cynk pomagaj\u0105 w utrzymaniu prawid\u0142owego stanu sk\u00f3ry. Witamina C przyczynia si\u0119 do prawid\u0142owej produkcji kolagenu w celu zapewnienia prawid\u0142owego funkcjonowania sk\u00f3ry.<\/p>\n<p>4. Biotyna i cynk pomagaj\u0105 w utrzymaniu prawid\u0142owego stanu w\u0142os\u00f3w. Witamina E, witamina C, selen oraz cynk pomagaj\u0105 w ochronie kom\u00f3rek przed stresem oksydacyjnym. Mied\u017a pomaga w utrzymaniu prawid\u0142owej pigmentacji w\u0142os\u00f3w.<\/p>\n<p>5. Magnez pomaga w utrzymaniu prawid\u0142owej pracy mi\u0119\u015bni. Witamina D pomaga w utrzymaniu prawid\u0142owego funkcjonowania mi\u0119\u015bni. Cynk przyczynia si\u0119 do prawid\u0142owej syntezy bia\u0142ka.<\/p>\n<p>6. Cynk pomaga w utrzymaniu prawid\u0142owego poziomu testosteronu we krwi. Selen przyczynia si\u0119 do prawid\u0142owego przebiegu spermatogenezy. Cynk przyczynia si\u0119 do prawid\u0142owej p\u0142odno\u015bci i prawid\u0142owych funkcji rozrodczych.<\/p>\n<p>&nbsp;<\/p>\n<h4><strong><span style=\"font-size: 16pt;\">How to use<\/span><\/strong><\/h4>\n<p>Zaleca si\u0119 spo\u017cywa\u0107 jedn\u0105 fiolk\u0119 dziennie, najlepiej rano lub we wczesnych godzinach popo\u0142udniowych. Przed u\u017cyciem nale\u017cy dok\u0142adnie wstrz\u0105sn\u0105\u0107. Nie nale\u017cy przekracza\u0107 zalecanej dziennej porcji do spo\u017cycia.<\/p>\n<p>Suplement diety nie mo\u017ce by\u0107 stosowany jako substytut zr\u00f3\u017cnicowanej diety ani zdrowego stylu \u017cycia. Produkt nale\u017cy przechowywa\u0107 w miejscu niedost\u0119pnym dla dzieci. Zawiera kofein\u0119 (zawarto\u015b\u0107 kofeiny: 7,5 mg na 25 ml) \u2013 nie jest zalecany dla dzieci oraz kobiet w ci\u0105\u017cy.<\/p>\n<p><strong>Przechowywanie:<\/strong> Przechowywa\u0107 w suchym miejscu, w temperaturze pokojowej, z dala od bezpo\u015bredniego \u015bwiat\u0142a s\u0142onecznego.<\/p>\n<p>&nbsp;<\/p>\n","protected":false},"excerpt":{"rendered":"<ul>\n<li>Nowe rozwi\u0105zanie typu all-in-one z podw\u00f3jnym kompleksem.<\/li>\n<li>Pokrywa 5 podstawowych potrzeb: wi\u0119cej energii, zdrowa sk\u00f3ra, g\u0119ste w\u0142osy, atrakcyjne mi\u0119\u015bnie oraz silna potencja.<\/li>\n<li>Aktywuje procesy i zapewnia ochron\u0119 prewencyjn\u0105.<\/li>\n<li>Bez cukru, sztucznych barwnik\u00f3w, laktozy i glutenu.<\/li>\n<li>Zawiera 3 \u00d7 30 shot\u00f3w po 25 ml ka\u017cdy.<\/li>\n<\/ul>\n<h5 style=\"text-align: left;\"><span style=\"color: #ff0000;\"><a style=\"color: #ff0000;\" href=\"https:\/\/shop.lrworld.com\/openpao?PHP=0vFlt7jT938BEnBI3a6e9w%3D%3D\"><span style=\"font-size: 14pt;\"><strong>Zarejestruj si\u0119 tutaj i oszcz\u0119dzaj 35% przy ka\u017cdym zam\u00f3wieniu<\/strong><\/span><\/a><\/span><\/h5>\n","protected":false},"featured_media":27279,"comment_status":"open","ping_status":"closed","template":"","meta":{"_kad_blocks_custom_css":"","_kad_blocks_head_custom_js":"","_kad_blocks_body_custom_js":"","_kad_blocks_footer_custom_js":"","_kadence_starter_templates_imported_post":false,"_kad_post_transparent":"default","_kad_post_title":"","_kad_post_layout":"default","_kad_post_sidebar_id":"","_kad_post_content_style":"default","_kad_post_vertical_padding":"default","_kad_post_feature":"","_kad_post_feature_position":"","_kad_post_header":false,"_kad_post_footer":false,"_kad_post_classname":""},"product_brand":[],"product_cat":[1092,1099,1101,1091,1100],"product_tag":[],"class_list":{"0":"post-29728","1":"product","2":"type-product","3":"status-publish","4":"has-post-thumbnail","6":"product_cat-beauty-shot-pl","7":"product_cat-oszczedzaj-w-zestawie","8":"product_cat-piekno-od-srodka","9":"product_cat-produkty-specjalne","10":"product_cat-specjalisci","12":"first","13":"instock","14":"taxable","15":"shipping-taxable","16":"purchasable","17":"product-type-simple","18":"entry","19":"content-bg","20":"loop-entry"},"yoast_head":"<!-- This site is optimized with the Yoast SEO Premium plugin v27.3 (Yoast SEO v27.3) - https:\/\/yoast.com\/product\/yoast-seo-premium-wordpress\/ -->\n<title>Men\u2019s Shot Dla M\u0119\u017cczyzny 5w1 \u2013 Energia, Sk\u00f3ra, W\u0142osy<\/title>\n<meta name=\"description\" content=\"Men\u2019s Shot Dla M\u0119\u017cczyzny \u2013 suplement 5w1: energia, zdrowa sk\u00f3ra, g\u0119ste w\u0142osy, mi\u0119\u015bnie i mocna potencja. Bez cukru, laktozy i glutenu.\" \/>\n<meta name=\"robots\" content=\"index, follow, max-snippet:-1, max-image-preview:large, max-video-preview:-1\" \/>\n<link rel=\"canonical\" href=\"https:\/\/www.lraloeverashop.eu\/pl\/produkt\/mens-shot-dla-mezczyzny\/\" \/>\n<meta property=\"og:locale\" content=\"pl_PL\" \/>\n<meta property=\"og:type\" content=\"article\" \/>\n<meta property=\"og:title\" content=\"Men\u2019s Shot Dla M\u0119\u017cczyzny\" \/>\n<meta property=\"og:description\" content=\"Men\u2019s Shot Dla M\u0119\u017cczyzny \u2013 suplement 5w1: energia, zdrowa sk\u00f3ra, g\u0119ste w\u0142osy, mi\u0119\u015bnie i mocna potencja. Bez cukru, laktozy i glutenu.\" \/>\n<meta property=\"og:url\" content=\"https:\/\/www.lraloeverashop.eu\/pl\/produkt\/mens-shot-dla-mezczyzny\/\" \/>\n<meta property=\"og:site_name\" content=\"Lr Aloe Vera Shop\" \/>\n<meta property=\"article:publisher\" content=\"https:\/\/www.facebook.com\/lraloeverashop.eu\" \/>\n<meta property=\"article:modified_time\" content=\"2026-04-10T14:44:50+00:00\" \/>\n<meta property=\"og:image\" content=\"https:\/\/www.lraloeverashop.eu\/wp-content\/uploads\/2022\/10\/5-in-1-Men-Beauty-Shot-3-Pieces-Set.jpg\" \/>\n\t<meta property=\"og:image:width\" content=\"1200\" \/>\n\t<meta property=\"og:image:height\" content=\"1200\" \/>\n\t<meta property=\"og:image:type\" content=\"image\/jpeg\" \/>\n<meta name=\"twitter:card\" content=\"summary_large_image\" \/>\n<meta name=\"twitter:site\" content=\"@natur__kosmetik\" \/>\n<script type=\"application\/ld+json\" class=\"yoast-schema-graph\">{\"@context\":\"https:\\\/\\\/schema.org\",\"@graph\":[{\"@type\":[\"WebPage\",\"ItemPage\"],\"@id\":\"https:\\\/\\\/www.lraloeverashop.eu\\\/pl\\\/produkt\\\/mens-shot-dla-mezczyzny\\\/\",\"url\":\"https:\\\/\\\/www.lraloeverashop.eu\\\/pl\\\/produkt\\\/mens-shot-dla-mezczyzny\\\/\",\"name\":\"Men\u2019s Shot Dla M\u0119\u017cczyzny 5w1 \u2013 Energia, Sk\u00f3ra, W\u0142osy\",\"isPartOf\":{\"@id\":\"https:\\\/\\\/www.lraloeverashop.eu\\\/pl\\\/#website\"},\"primaryImageOfPage\":{\"@id\":\"https:\\\/\\\/www.lraloeverashop.eu\\\/pl\\\/produkt\\\/mens-shot-dla-mezczyzny\\\/#primaryimage\"},\"image\":{\"@id\":\"https:\\\/\\\/www.lraloeverashop.eu\\\/pl\\\/produkt\\\/mens-shot-dla-mezczyzny\\\/#primaryimage\"},\"thumbnailUrl\":\"https:\\\/\\\/www.lraloeverashop.eu\\\/wp-content\\\/uploads\\\/2022\\\/10\\\/5-in-1-Men-Beauty-Shot-3-Pieces-Set.jpg\",\"datePublished\":\"2022-10-15T12:07:29+00:00\",\"dateModified\":\"2026-04-10T14:44:50+00:00\",\"description\":\"Men\u2019s Shot Dla M\u0119\u017cczyzny \u2013 suplement 5w1: energia, zdrowa sk\u00f3ra, g\u0119ste w\u0142osy, mi\u0119\u015bnie i mocna potencja. Bez cukru, laktozy i glutenu.\",\"breadcrumb\":{\"@id\":\"https:\\\/\\\/www.lraloeverashop.eu\\\/pl\\\/produkt\\\/mens-shot-dla-mezczyzny\\\/#breadcrumb\"},\"inLanguage\":\"pl-PL\",\"potentialAction\":[{\"@type\":\"ReadAction\",\"target\":[\"https:\\\/\\\/www.lraloeverashop.eu\\\/pl\\\/produkt\\\/mens-shot-dla-mezczyzny\\\/\"]}]},{\"@type\":\"ImageObject\",\"inLanguage\":\"pl-PL\",\"@id\":\"https:\\\/\\\/www.lraloeverashop.eu\\\/pl\\\/produkt\\\/mens-shot-dla-mezczyzny\\\/#primaryimage\",\"url\":\"https:\\\/\\\/www.lraloeverashop.eu\\\/wp-content\\\/uploads\\\/2022\\\/10\\\/5-in-1-Men-Beauty-Shot-3-Pieces-Set.jpg\",\"contentUrl\":\"https:\\\/\\\/www.lraloeverashop.eu\\\/wp-content\\\/uploads\\\/2022\\\/10\\\/5-in-1-Men-Beauty-Shot-3-Pieces-Set.jpg\",\"width\":1200,\"height\":1200,\"caption\":\"Men\u2019s Shot Dla M\u0119\u017cczyzny\"},{\"@type\":\"BreadcrumbList\",\"@id\":\"https:\\\/\\\/www.lraloeverashop.eu\\\/pl\\\/produkt\\\/mens-shot-dla-mezczyzny\\\/#breadcrumb\",\"itemListElement\":[{\"@type\":\"ListItem\",\"position\":1,\"name\":\"Home\",\"item\":\"https:\\\/\\\/www.lraloeverashop.eu\\\/pl\\\/\"},{\"@type\":\"ListItem\",\"position\":2,\"name\":\"Sklep\",\"item\":\"https:\\\/\\\/www.lraloeverashop.eu\\\/shop\\\/\"},{\"@type\":\"ListItem\",\"position\":3,\"name\":\"Men\u2019s Shot Dla M\u0119\u017cczyzny\"}]},{\"@type\":\"WebSite\",\"@id\":\"https:\\\/\\\/www.lraloeverashop.eu\\\/pl\\\/#website\",\"url\":\"https:\\\/\\\/www.lraloeverashop.eu\\\/pl\\\/\",\"name\":\"Lr Aloe Vera Shop\",\"description\":\"High Quality Lr Aloe Vera Gel, Aloe Vera Cream and Shampoo\",\"publisher\":{\"@id\":\"https:\\\/\\\/www.lraloeverashop.eu\\\/pl\\\/#organization\"},\"potentialAction\":[{\"@type\":\"SearchAction\",\"target\":{\"@type\":\"EntryPoint\",\"urlTemplate\":\"https:\\\/\\\/www.lraloeverashop.eu\\\/pl\\\/?s={search_term_string}\"},\"query-input\":{\"@type\":\"PropertyValueSpecification\",\"valueRequired\":true,\"valueName\":\"search_term_string\"}}],\"inLanguage\":\"pl-PL\"},{\"@type\":\"Organization\",\"@id\":\"https:\\\/\\\/www.lraloeverashop.eu\\\/pl\\\/#organization\",\"name\":\"Lr Aloe Vera Shop\",\"alternateName\":\"LR\",\"url\":\"https:\\\/\\\/www.lraloeverashop.eu\\\/pl\\\/\",\"logo\":{\"@type\":\"ImageObject\",\"inLanguage\":\"pl-PL\",\"@id\":\"https:\\\/\\\/www.lraloeverashop.eu\\\/pl\\\/#\\\/schema\\\/logo\\\/image\\\/\",\"url\":\"https:\\\/\\\/www.lraloeverashop.eu\\\/wp-content\\\/uploads\\\/2022\\\/09\\\/cropped-Lr-Aloe-Vera-Shop.jpg\",\"contentUrl\":\"https:\\\/\\\/www.lraloeverashop.eu\\\/wp-content\\\/uploads\\\/2022\\\/09\\\/cropped-Lr-Aloe-Vera-Shop.jpg\",\"width\":228,\"height\":76,\"caption\":\"Lr Aloe Vera Shop\"},\"image\":{\"@id\":\"https:\\\/\\\/www.lraloeverashop.eu\\\/pl\\\/#\\\/schema\\\/logo\\\/image\\\/\"},\"sameAs\":[\"https:\\\/\\\/www.facebook.com\\\/lraloeverashop.eu\",\"https:\\\/\\\/x.com\\\/natur__kosmetik\",\"https:\\\/\\\/www.youtube.com\\\/channel\\\/UC5oN7BJ8nfYb8RpVtjwDEBA\",\"https:\\\/\\\/www.instagram.com\\\/lrbeautyeu\\\/\"]}]}<\/script>\n<meta property=\"product:price:amount\" content=\"501.99\" \/>\n<meta property=\"product:price:currency\" content=\"EUR\" \/>\n<meta property=\"og:availability\" content=\"instock\" \/>\n<meta property=\"product:availability\" content=\"instock\" \/>\n<meta property=\"product:retailer_item_id\" content=\"81023-1PL\" \/>\n<meta property=\"product:condition\" content=\"new\" \/>\n<!-- \/ Yoast SEO Premium plugin. -->","yoast_head_json":{"title":"Men\u2019s Shot Dla M\u0119\u017cczyzny 5w1 \u2013 Energia, Sk\u00f3ra, W\u0142osy","description":"Men\u2019s Shot Dla M\u0119\u017cczyzny \u2013 suplement 5w1: energia, zdrowa sk\u00f3ra, g\u0119ste w\u0142osy, mi\u0119\u015bnie i mocna potencja. Bez cukru, laktozy i glutenu.","robots":{"index":"index","follow":"follow","max-snippet":"max-snippet:-1","max-image-preview":"max-image-preview:large","max-video-preview":"max-video-preview:-1"},"canonical":"https:\/\/www.lraloeverashop.eu\/pl\/produkt\/mens-shot-dla-mezczyzny\/","og_locale":"pl_PL","og_type":"article","og_title":"Men\u2019s Shot Dla M\u0119\u017cczyzny","og_description":"Men\u2019s Shot Dla M\u0119\u017cczyzny \u2013 suplement 5w1: energia, zdrowa sk\u00f3ra, g\u0119ste w\u0142osy, mi\u0119\u015bnie i mocna potencja. Bez cukru, laktozy i glutenu.","og_url":"https:\/\/www.lraloeverashop.eu\/pl\/produkt\/mens-shot-dla-mezczyzny\/","og_site_name":"Lr Aloe Vera Shop","article_publisher":"https:\/\/www.facebook.com\/lraloeverashop.eu","article_modified_time":"2026-04-10T14:44:50+00:00","og_image":[{"width":1200,"height":1200,"url":"https:\/\/www.lraloeverashop.eu\/wp-content\/uploads\/2022\/10\/5-in-1-Men-Beauty-Shot-3-Pieces-Set.jpg","type":"image\/jpeg"}],"twitter_card":"summary_large_image","twitter_site":"@natur__kosmetik","schema":{"@context":"https:\/\/schema.org","@graph":[{"@type":["WebPage","ItemPage"],"@id":"https:\/\/www.lraloeverashop.eu\/pl\/produkt\/mens-shot-dla-mezczyzny\/","url":"https:\/\/www.lraloeverashop.eu\/pl\/produkt\/mens-shot-dla-mezczyzny\/","name":"Men\u2019s Shot Dla M\u0119\u017cczyzny 5w1 \u2013 Energia, Sk\u00f3ra, W\u0142osy","isPartOf":{"@id":"https:\/\/www.lraloeverashop.eu\/pl\/#website"},"primaryImageOfPage":{"@id":"https:\/\/www.lraloeverashop.eu\/pl\/produkt\/mens-shot-dla-mezczyzny\/#primaryimage"},"image":{"@id":"https:\/\/www.lraloeverashop.eu\/pl\/produkt\/mens-shot-dla-mezczyzny\/#primaryimage"},"thumbnailUrl":"https:\/\/www.lraloeverashop.eu\/wp-content\/uploads\/2022\/10\/5-in-1-Men-Beauty-Shot-3-Pieces-Set.jpg","datePublished":"2022-10-15T12:07:29+00:00","dateModified":"2026-04-10T14:44:50+00:00","description":"Men\u2019s Shot Dla M\u0119\u017cczyzny \u2013 suplement 5w1: energia, zdrowa sk\u00f3ra, g\u0119ste w\u0142osy, mi\u0119\u015bnie i mocna potencja. Bez cukru, laktozy i glutenu.","breadcrumb":{"@id":"https:\/\/www.lraloeverashop.eu\/pl\/produkt\/mens-shot-dla-mezczyzny\/#breadcrumb"},"inLanguage":"pl-PL","potentialAction":[{"@type":"ReadAction","target":["https:\/\/www.lraloeverashop.eu\/pl\/produkt\/mens-shot-dla-mezczyzny\/"]}]},{"@type":"ImageObject","inLanguage":"pl-PL","@id":"https:\/\/www.lraloeverashop.eu\/pl\/produkt\/mens-shot-dla-mezczyzny\/#primaryimage","url":"https:\/\/www.lraloeverashop.eu\/wp-content\/uploads\/2022\/10\/5-in-1-Men-Beauty-Shot-3-Pieces-Set.jpg","contentUrl":"https:\/\/www.lraloeverashop.eu\/wp-content\/uploads\/2022\/10\/5-in-1-Men-Beauty-Shot-3-Pieces-Set.jpg","width":1200,"height":1200,"caption":"Men\u2019s Shot Dla M\u0119\u017cczyzny"},{"@type":"BreadcrumbList","@id":"https:\/\/www.lraloeverashop.eu\/pl\/produkt\/mens-shot-dla-mezczyzny\/#breadcrumb","itemListElement":[{"@type":"ListItem","position":1,"name":"Home","item":"https:\/\/www.lraloeverashop.eu\/pl\/"},{"@type":"ListItem","position":2,"name":"Sklep","item":"https:\/\/www.lraloeverashop.eu\/shop\/"},{"@type":"ListItem","position":3,"name":"Men\u2019s Shot Dla M\u0119\u017cczyzny"}]},{"@type":"WebSite","@id":"https:\/\/www.lraloeverashop.eu\/pl\/#website","url":"https:\/\/www.lraloeverashop.eu\/pl\/","name":"Lr Aloe Vera Shop","description":"High Quality Lr Aloe Vera Gel, Aloe Vera Cream and Shampoo","publisher":{"@id":"https:\/\/www.lraloeverashop.eu\/pl\/#organization"},"potentialAction":[{"@type":"SearchAction","target":{"@type":"EntryPoint","urlTemplate":"https:\/\/www.lraloeverashop.eu\/pl\/?s={search_term_string}"},"query-input":{"@type":"PropertyValueSpecification","valueRequired":true,"valueName":"search_term_string"}}],"inLanguage":"pl-PL"},{"@type":"Organization","@id":"https:\/\/www.lraloeverashop.eu\/pl\/#organization","name":"Lr Aloe Vera Shop","alternateName":"LR","url":"https:\/\/www.lraloeverashop.eu\/pl\/","logo":{"@type":"ImageObject","inLanguage":"pl-PL","@id":"https:\/\/www.lraloeverashop.eu\/pl\/#\/schema\/logo\/image\/","url":"https:\/\/www.lraloeverashop.eu\/wp-content\/uploads\/2022\/09\/cropped-Lr-Aloe-Vera-Shop.jpg","contentUrl":"https:\/\/www.lraloeverashop.eu\/wp-content\/uploads\/2022\/09\/cropped-Lr-Aloe-Vera-Shop.jpg","width":228,"height":76,"caption":"Lr Aloe Vera Shop"},"image":{"@id":"https:\/\/www.lraloeverashop.eu\/pl\/#\/schema\/logo\/image\/"},"sameAs":["https:\/\/www.facebook.com\/lraloeverashop.eu","https:\/\/x.com\/natur__kosmetik","https:\/\/www.youtube.com\/channel\/UC5oN7BJ8nfYb8RpVtjwDEBA","https:\/\/www.instagram.com\/lrbeautyeu\/"]}]},"product_price_amount":"501.99","product_price_currency":"EUR","og_availability":"instock","product_availability":"instock","product_retailer_item_id":"81023-1PL","product_condition":"new"},"taxonomy_info":{"product_cat":[{"value":1092,"label":"Beauty Shot"},{"value":1099,"label":"Oszcz\u0119dzaj w zestawie"},{"value":1101,"label":"Pi\u0119kno od \u015brodka"},{"value":1091,"label":"Produkty specjalne"},{"value":1100,"label":"Specjali\u015bci"}]},"featured_image_src_large":["https:\/\/www.lraloeverashop.eu\/wp-content\/uploads\/2022\/10\/5-in-1-Men-Beauty-Shot-3-Pieces-Set-1024x1024.jpg",1024,1024,true],"author_info":[],"comment_info":0,"_links":{"self":[{"href":"https:\/\/www.lraloeverashop.eu\/pl\/wp-json\/wp\/v2\/product\/29728","targetHints":{"allow":["GET"]}}],"collection":[{"href":"https:\/\/www.lraloeverashop.eu\/pl\/wp-json\/wp\/v2\/product"}],"about":[{"href":"https:\/\/www.lraloeverashop.eu\/pl\/wp-json\/wp\/v2\/types\/product"}],"replies":[{"embeddable":true,"href":"https:\/\/www.lraloeverashop.eu\/pl\/wp-json\/wp\/v2\/comments?post=29728"}],"wp:featuredmedia":[{"embeddable":true,"href":"https:\/\/www.lraloeverashop.eu\/pl\/wp-json\/wp\/v2\/media\/27279"}],"wp:attachment":[{"href":"https:\/\/www.lraloeverashop.eu\/pl\/wp-json\/wp\/v2\/media?parent=29728"}],"wp:term":[{"taxonomy":"product_brand","embeddable":true,"href":"https:\/\/www.lraloeverashop.eu\/pl\/wp-json\/wp\/v2\/product_brand?post=29728"},{"taxonomy":"product_cat","embeddable":true,"href":"https:\/\/www.lraloeverashop.eu\/pl\/wp-json\/wp\/v2\/product_cat?post=29728"},{"taxonomy":"product_tag","embeddable":true,"href":"https:\/\/www.lraloeverashop.eu\/pl\/wp-json\/wp\/v2\/product_tag?post=29728"}],"curies":[{"name":"wp","href":"https:\/\/api.w.org\/{rel}","templated":true}]}}