{"id":29719,"date":"2024-05-25T14:36:04","date_gmt":"2024-05-25T12:36:04","guid":{"rendered":"https:\/\/www.lraloeverashop.eu\/product\/tabletki-na-watrobe-liver-support\/"},"modified":"2026-04-27T21:35:56","modified_gmt":"2026-04-27T19:35:56","slug":"tabletki-na-watrobe-liver-support","status":"publish","type":"product","link":"https:\/\/www.lraloeverashop.eu\/pl\/produkt\/tabletki-na-watrobe-liver-support\/","title":{"rendered":"Tabletki na W\u0105trob\u0119 Liver Support"},"content":{"rendered":"<h2><strong><span style=\"font-size: 16pt; color: #000000;\">Tabletki na W\u0105trob\u0119 Liver Support<\/span><\/strong><\/h2>\n<p><span style=\"font-size: 14pt;\"><strong>Tabletki na W\u0105trob\u0119 Liver Support \u2013 wsparcie naturalnych proces\u00f3w organizmu<\/strong><\/span><\/p>\n<p>Zadbaj o zdrowie swojej w\u0105troby dzi\u0119ki Tabletkom na W\u0105trob\u0119 Liver Support od <strong><a href=\"https:\/\/shop.lrworld.com\/home\/pl\/pl?PHP=0vFlt7jT938BEnBI3a6e9w%3D%3D\">LR Health &amp; Beauty<\/a><\/strong>. Preparat zosta\u0142 opracowany z wykorzystaniem wysokiej jako\u015bci sk\u0142adnik\u00f3w, kt\u00f3re wspieraj\u0105 prawid\u0142owe funkcjonowanie w\u0105troby, procesy detoksykacji oraz og\u00f3lne samopoczucie organizmu.<\/p>\n<p>Tabletki na W\u0105trob\u0119 Liver Support wspieraj\u0105 naturalne procesy organizmu\u00b9\u00b2 dzi\u0119ki unikalnej, potr\u00f3jnej formule dzia\u0142ania:<\/p>\n<p><strong>1. Dostarczanie sk\u0142adnik\u00f3w i metabolizm\u00b9:<\/strong><br \/>\nWspomaganie w\u0105troby w jej kluczowej funkcji regulacji sk\u0142adnik\u00f3w od\u017cywczych\u00b9 \u2013 obejmuje to m.in. metabolizm w\u0119glowodan\u00f3w, bia\u0142ek i t\u0142uszcz\u00f3w oraz magazynowanie witamin (takich jak A, D, B12) i minera\u0142\u00f3w (np. \u017celaza, miedzi, cynku i selenu).<\/p>\n<p><strong>2. Detoksykacja w\u0105troby\u00b9<\/strong><br \/>\nWsparcie w\u0105troby w procesach usuwania\u00b9, rozk\u0142adu, neutralizacji i wydalania szkodliwych substancji, w szczeg\u00f3lno\u015bci poprzez wspomaganie syntezy cysteiny\u00b3\u2074, kluczowej w procesach detoksykacyjnych w\u0105troby\u00b9.<\/p>\n<p><strong>3. Ochrona kom\u00f3rek<\/strong><br \/>\nMinera\u0142 mangan chroni kom\u00f3rki przed stresem oksydacyjnym\u00b2 poprzez udzia\u0142 w procesach metabolicznych i detoksykacyjnych. Dzi\u0119ki wsparciu syntezy cysteiny\u00b3\u2074 w\u0105troba jest dodatkowo chroniona poprzez powstawanie silnych przeciwutleniaczy, takich jak glutation i tauryna\u00b3.<\/p>\n<p>Tabletki na W\u0105trob\u0119 Liver Support zawieraj\u0105 m.in. pio\u0142un (artemisia), ostropest plamisty oraz chlorell\u0119. Ka\u017cdy sk\u0142adnik posiada unikalne w\u0142a\u015bciwo\u015bci, a ich po\u0142\u0105czenie pozwala uzyska\u0107 synergiczne dzia\u0142anie, wspieraj\u0105ce r\u00f3wnowag\u0119 organizmu. Sk\u0142adniki kuracji metabolicznej LR dzia\u0142aj\u0105 najskuteczniej wsp\u00f3lnie, wzmacniaj\u0105c naturalne funkcje w\u0105troby i metabolizmu jelit.<\/p>\n<p>&nbsp;<\/p>\n<h3><strong><span style=\"font-size: 16pt; color: #000000;\">Jak stosowa\u0107 Tabletki na W\u0105trob\u0119 Liver Support<\/span><\/strong><\/h3>\n<p><strong>Zalecane dawkowanie:<\/strong>\u00a01 kapsu\u0142k\u0119 dziennie, najlepiej wieczorem, popijaj\u0105c szklank\u0105 p\u0142ynu.<\/p>\n<p>Nie nale\u017cy przekracza\u0107 zalecanej dziennej porcji. Suplementy diety nie mog\u0105 zast\u0119powa\u0107 zr\u00f3\u017cnicowanej i zbilansowanej diety, kt\u00f3ra \u2013 wraz ze zdrowym stylem \u017cycia \u2013 jest podstaw\u0105 dobrego samopoczucia. Przechowywa\u0107 w miejscu niedost\u0119pnym dla ma\u0142ych dzieci.<\/p>\n<p>Przechowywa\u0107 szczelnie zamkni\u0119te, w suchym miejscu, w temperaturze pokojowej. Po otwarciu ponownie dok\u0142adnie zamkn\u0105\u0107 opakowanie. Regularne stosowanie jest kluczem do osi\u0105gni\u0119cia optymalnych efekt\u00f3w.<\/p>\n<p>&nbsp;<\/p>\n<h3><strong><span style=\"font-size: 16pt; color: #000000;\">Czy wiesz, \u017ce\u2026<\/span><\/strong><\/h3>\n<p>Ka\u017cda ro\u015blina i ka\u017cdy sk\u0142adnik aktywny posiada swoje wyj\u0105tkowe w\u0142a\u015bciwo\u015bci \u2013 niekt\u00f3re s\u0105 wr\u0119cz specjalistami w okre\u015blonych obszarach zdrowia. Jednak to w\u0142a\u015bnie ich wsp\u00f3\u0142dzia\u0142anie pozwala uzyska\u0107 szczeg\u00f3lnie skuteczne efekty synergiczne, wspieraj\u0105ce naturalne procesy organizmu. Sk\u0142adniki preparatu Tabletki na W\u0105trob\u0119 Liver Support dzia\u0142aj\u0105 najefektywniej razem, pomagaj\u0105c utrzyma\u0107 r\u00f3wnowag\u0119 organizmu.<\/p>\n<p>&nbsp;<\/p>\n<p><strong>OSTROPEST PLAMISTY (Milk Thistle)<\/strong><br \/>\n<strong>Ochrona w\u0105troby:<\/strong> Ostropest plamisty jest znany przede wszystkim ze swojego pozytywnego wp\u0142ywu na zdrowie w\u0105troby\u00b9. Uwa\u017ca si\u0119, \u017ce sylimaryna, g\u0142\u00f3wny sk\u0142adnik ostropestu, wspiera regeneracj\u0119 kom\u00f3rek w\u0105troby.<\/p>\n<p><strong>Detoksykacja w\u0105troby:<\/strong> Ostropest mo\u017ce wspomaga\u0107 funkcj\u0119 detoksykacyjn\u0105\u00b9 w\u0105troby poprzez zwi\u0119kszenie aktywno\u015bci enzym\u00f3w odpowiedzialnych za rozk\u0142ad toksyn i substancji szkodliwych.<\/p>\n<p><strong>Wsparcie:<\/strong> Suplementacja ostropestu lub sylimaryny jest cz\u0119sto stosowana jako wsparcie prawid\u0142owego funkcjonowania w\u0105troby.<\/p>\n<p>&nbsp;<\/p>\n<p><strong>ARTEMISIA (Pio\u0142un)<\/strong><br \/>\nArtemisia absinthium, znana jako pio\u0142un, posiada szerokie zastosowanie dzi\u0119ki swoim wszechstronnym w\u0142a\u015bciwo\u015bciom.<\/p>\n<p><strong>Wsparcie trawienia:<\/strong> Pio\u0142un od dawna wykorzystywany jest tradycyjnie do <a href=\"https:\/\/www.lraloeverashop.eu\/pl\/?attachment_id=26946\"><strong>wspomagania trawienia<\/strong><\/a>. Mo\u017ce stymulowa\u0107 wydzielanie sok\u00f3w trawiennych, pomagaj\u0105c przy problemach \u017co\u0142\u0105dkowo-jelitowych, takich jak wzd\u0119cia czy gazy.<\/p>\n<p><strong>Dzia\u0142anie antyoksydacyjne:<\/strong> Artemisia naturalnie zawiera przeciwutleniacze\u00b2, takie jak polifenole, flawonoidy i terpeny, kt\u00f3re pomagaj\u0105 chroni\u0107 kom\u00f3rki przed stresem oksydacyjnym i wolnymi rodnikami.<\/p>\n<p>&nbsp;<\/p>\n<p><strong>CYSTEINA<\/strong><br \/>\nCysteina zawarta w Tabletki na W\u0105trob\u0119 Liver Support to istotny aminokwas, odgrywaj\u0105cy kluczow\u0105 rol\u0119 w wielu funkcjach \u017cyciowych. Niedob\u00f3r cysteiny lub jej prekursor\u00f3w mo\u017ce negatywnie wp\u0142ywa\u0107 na metabolizm oraz funkcjonowanie w\u0105troby i innych narz\u0105d\u00f3w. Zdolno\u015b\u0107 w\u0105troby do syntezy cysteiny jest niezb\u0119dna <a href=\"https:\/\/www.lraloeverashop.eu\/pl\/produkt\/colostrum-tabletki-z-siara-bydleca\/\"><strong>dla prawid\u0142owego metabolizmu<\/strong><\/a> i skutecznej detoksykacji.<\/p>\n<p>&nbsp;<\/p>\n<p><strong>CHLORELLA<\/strong><br \/>\nChlorella to s\u0142odkowodna alga ceniona jako suplement diety ze wzgl\u0119du na swoje w\u0142a\u015bciwo\u015bci od\u017cywcze i potencjalne korzy\u015bci zdrowotne.<\/p>\n<p><strong>W\u0142a\u015bciwo\u015bci antyoksydacyjne:<\/strong> Chlorella zawarta w Tabletkach na W\u0105trob\u0119 Liver Support dostarcza naturalnych przeciwutleniaczy, takich jak witamina C, witamina E i karotenoidy. Chroni\u0105 one organizm przed stresem oksydacyjnym i pomagaj\u0105 ograniczy\u0107 uszkodzenia kom\u00f3rek wywo\u0142ane przez wolne rodniki.<\/p>\n<p><strong>Bogactwo sk\u0142adnik\u00f3w od\u017cywczych:<\/strong> Chlorella jest bogata w bia\u0142ko, witaminy (m.in. witaminy z grupy B, witamin\u0119 C i K), <a href=\"https:\/\/www.lraloeverashop.eu\/pl\/produkt\/lr-pro-balance-tabletki\/\"><strong>minera\u0142y<\/strong><\/a> (\u017celazo, magnez, cynk), b\u0142onnik oraz fitosk\u0142adniki, co czyni j\u0105 warto\u015bciowym wsparciem dla zdrowia.<\/p>\n<p><strong>Zr\u00f3b pierwszy krok w stron\u0119 lepszego zdrowia. Zam\u00f3w Tabletki na W\u0105trob\u0119 Liver Support ju\u017c dzi\u015b i rozpocznij swoj\u0105 drog\u0119 do zdrowej w\u0105troby!<\/strong><\/p>\n<p>\u00b9 Cholina przyczynia si\u0119 do utrzymania prawid\u0142owej funkcji w\u0105troby.<br \/>\n\u00b2 Mangan pomaga chroni\u0107 kom\u00f3rki przed stresem oksydacyjnym.<br \/>\n\u00b3 Witamina B6 przyczynia si\u0119 do prawid\u0142owej syntezy cysteiny.<br \/>\n\u2074 Molibden przyczynia si\u0119 do prawid\u0142owego metabolizmu siarki i aminokwas\u00f3w.<\/p>\n","protected":false},"excerpt":{"rendered":"<ul>\n<li>Wsparcie detoksykacji \u2013 wspomaga usuwanie szkodliwych substancji\u00b9<\/li>\n<li>Mangan chroni kom\u00f3rki przed stresem oksydacyjnym\u00b2<\/li>\n<li>Witamina B6 wspiera syntez\u0119 wa\u017cnego aminokwasu cysteiny<\/li>\n<li>Zawiera: artemisia, ostropest plamisty, chlorell\u0119, cholin\u0119, mangan, molibden i witamin\u0119 B6<\/li>\n<li>Zawarto\u015b\u0107: 3 \u00d7 30 kapsu\u0142ek<\/li>\n<\/ul>\n<h5 style=\"text-align: left;\"><span style=\"color: #ff0000;\"><a style=\"color: #ff0000;\" href=\"https:\/\/shop.lrworld.com\/openpao?PHP=0vFlt7jT938BEnBI3a6e9w%3D%3D\"><span style=\"font-size: 14pt;\"><strong>zarejestruj si\u0119 tutaj i oszcz\u0119dzaj 35% przy ka\u017cdym zam\u00f3wieniu<\/strong><\/span><\/a><\/span><\/h5>\n","protected":false},"featured_media":26945,"comment_status":"open","ping_status":"closed","template":"","meta":{"_kad_blocks_custom_css":"","_kad_blocks_head_custom_js":"","_kad_blocks_body_custom_js":"","_kad_blocks_footer_custom_js":"","_kadence_starter_templates_imported_post":false,"_kad_post_transparent":"default","_kad_post_title":"","_kad_post_layout":"default","_kad_post_sidebar_id":"","_kad_post_content_style":"default","_kad_post_vertical_padding":"default","_kad_post_feature":"","_kad_post_feature_position":"","_kad_post_header":false,"_kad_post_footer":false,"_kad_post_classname":""},"product_brand":[],"product_cat":[1105,1099,1107,1100],"product_tag":[1136],"class_list":{"0":"post-29719","1":"product","2":"type-product","3":"status-publish","4":"has-post-thumbnail","6":"product_cat-jelita-trawienie","7":"product_cat-oszczedzaj-w-zestawie","8":"product_cat-relaksacja","9":"product_cat-specjalisci","10":"product_tag-wzmacniacz-odpornosci","12":"first","13":"instock","14":"taxable","15":"shipping-taxable","16":"purchasable","17":"product-type-simple","18":"entry","19":"content-bg","20":"loop-entry"},"yoast_head":"<!-- This site is optimized with the Yoast SEO Premium plugin v27.5 (Yoast SEO v27.5) - https:\/\/yoast.com\/product\/yoast-seo-premium-wordpress\/ -->\n<title>Tabletki na W\u0105trob\u0119 Liver Support wspieraj\u0105 procesy organizmu<\/title>\n<meta name=\"description\" content=\"Zadbaj o zdrow\u0105 w\u0105trob\u0119! Tabletki na W\u0105trob\u0119 Liver Support wspieraj\u0105 detoks, metabolizm i ochron\u0119 kom\u00f3rek. Naturalna formu\u0142a. Witamin B6. 3\u00d730 kaps.\" \/>\n<meta name=\"robots\" content=\"index, follow, max-snippet:-1, max-image-preview:large, max-video-preview:-1\" \/>\n<link rel=\"canonical\" href=\"https:\/\/www.lraloeverashop.eu\/pl\/produkt\/tabletki-na-watrobe-liver-support\/\" \/>\n<meta property=\"og:locale\" content=\"pl_PL\" \/>\n<meta property=\"og:type\" content=\"article\" \/>\n<meta property=\"og:title\" content=\"Tabletki na W\u0105trob\u0119 Liver Support\" \/>\n<meta property=\"og:description\" content=\"Zadbaj o zdrow\u0105 w\u0105trob\u0119! Tabletki na W\u0105trob\u0119 Liver Support wspieraj\u0105 detoks, metabolizm i ochron\u0119 kom\u00f3rek. Naturalna formu\u0142a. Witamin B6. 3\u00d730 kaps.\" \/>\n<meta property=\"og:url\" content=\"https:\/\/www.lraloeverashop.eu\/pl\/produkt\/tabletki-na-watrobe-liver-support\/\" \/>\n<meta property=\"og:site_name\" content=\"Lr Aloe Vera Shop\" \/>\n<meta property=\"article:publisher\" content=\"https:\/\/www.facebook.com\/lraloeverashop.eu\" \/>\n<meta property=\"article:modified_time\" content=\"2026-04-27T19:35:56+00:00\" \/>\n<meta property=\"og:image\" content=\"https:\/\/www.lraloeverashop.eu\/wp-content\/uploads\/2024\/05\/Lr-Liver-Support-Capsules.jpg\" \/>\n\t<meta property=\"og:image:width\" content=\"1200\" \/>\n\t<meta property=\"og:image:height\" content=\"1200\" \/>\n\t<meta property=\"og:image:type\" content=\"image\/jpeg\" \/>\n<meta name=\"twitter:card\" content=\"summary_large_image\" \/>\n<meta name=\"twitter:site\" content=\"@natur__kosmetik\" \/>\n<script type=\"application\/ld+json\" class=\"yoast-schema-graph\">{\"@context\":\"https:\\\/\\\/schema.org\",\"@graph\":[{\"@type\":[\"WebPage\",\"ItemPage\"],\"@id\":\"https:\\\/\\\/www.lraloeverashop.eu\\\/pl\\\/produkt\\\/tabletki-na-watrobe-liver-support\\\/\",\"url\":\"https:\\\/\\\/www.lraloeverashop.eu\\\/pl\\\/produkt\\\/tabletki-na-watrobe-liver-support\\\/\",\"name\":\"Tabletki na W\u0105trob\u0119 Liver Support wspieraj\u0105 procesy organizmu\",\"isPartOf\":{\"@id\":\"https:\\\/\\\/www.lraloeverashop.eu\\\/pl\\\/#website\"},\"primaryImageOfPage\":{\"@id\":\"https:\\\/\\\/www.lraloeverashop.eu\\\/pl\\\/produkt\\\/tabletki-na-watrobe-liver-support\\\/#primaryimage\"},\"image\":{\"@id\":\"https:\\\/\\\/www.lraloeverashop.eu\\\/pl\\\/produkt\\\/tabletki-na-watrobe-liver-support\\\/#primaryimage\"},\"thumbnailUrl\":\"https:\\\/\\\/www.lraloeverashop.eu\\\/wp-content\\\/uploads\\\/2024\\\/05\\\/Lr-Liver-Support-Capsules.jpg\",\"datePublished\":\"2024-05-25T12:36:04+00:00\",\"dateModified\":\"2026-04-27T19:35:56+00:00\",\"description\":\"Zadbaj o zdrow\u0105 w\u0105trob\u0119! Tabletki na W\u0105trob\u0119 Liver Support wspieraj\u0105 detoks, metabolizm i ochron\u0119 kom\u00f3rek. Naturalna formu\u0142a. Witamin B6. 3\u00d730 kaps.\",\"breadcrumb\":{\"@id\":\"https:\\\/\\\/www.lraloeverashop.eu\\\/pl\\\/produkt\\\/tabletki-na-watrobe-liver-support\\\/#breadcrumb\"},\"inLanguage\":\"pl-PL\",\"potentialAction\":[{\"@type\":\"ReadAction\",\"target\":[\"https:\\\/\\\/www.lraloeverashop.eu\\\/pl\\\/produkt\\\/tabletki-na-watrobe-liver-support\\\/\"]}]},{\"@type\":\"ImageObject\",\"inLanguage\":\"pl-PL\",\"@id\":\"https:\\\/\\\/www.lraloeverashop.eu\\\/pl\\\/produkt\\\/tabletki-na-watrobe-liver-support\\\/#primaryimage\",\"url\":\"https:\\\/\\\/www.lraloeverashop.eu\\\/wp-content\\\/uploads\\\/2024\\\/05\\\/Lr-Liver-Support-Capsules.jpg\",\"contentUrl\":\"https:\\\/\\\/www.lraloeverashop.eu\\\/wp-content\\\/uploads\\\/2024\\\/05\\\/Lr-Liver-Support-Capsules.jpg\",\"width\":1200,\"height\":1200,\"caption\":\"Tabletki na W\u0105trob\u0119 Liver Support wspomagaj\u0105 procesy w\u0105trobowe\"},{\"@type\":\"BreadcrumbList\",\"@id\":\"https:\\\/\\\/www.lraloeverashop.eu\\\/pl\\\/produkt\\\/tabletki-na-watrobe-liver-support\\\/#breadcrumb\",\"itemListElement\":[{\"@type\":\"ListItem\",\"position\":1,\"name\":\"Home\",\"item\":\"https:\\\/\\\/www.lraloeverashop.eu\\\/pl\\\/\"},{\"@type\":\"ListItem\",\"position\":2,\"name\":\"Sklep\",\"item\":\"https:\\\/\\\/www.lraloeverashop.eu\\\/pl\\\/sklep\\\/\"},{\"@type\":\"ListItem\",\"position\":3,\"name\":\"Tabletki na W\u0105trob\u0119 Liver Support\"}]},{\"@type\":\"WebSite\",\"@id\":\"https:\\\/\\\/www.lraloeverashop.eu\\\/pl\\\/#website\",\"url\":\"https:\\\/\\\/www.lraloeverashop.eu\\\/pl\\\/\",\"name\":\"Lr Aloe Vera Shop\",\"description\":\"High Quality Lr Aloe Vera Gel, Aloe Vera Cream and Shampoo\",\"publisher\":{\"@id\":\"https:\\\/\\\/www.lraloeverashop.eu\\\/pl\\\/#organization\"},\"alternateName\":\"LR\",\"potentialAction\":[{\"@type\":\"SearchAction\",\"target\":{\"@type\":\"EntryPoint\",\"urlTemplate\":\"https:\\\/\\\/www.lraloeverashop.eu\\\/pl\\\/?s={search_term_string}\"},\"query-input\":{\"@type\":\"PropertyValueSpecification\",\"valueRequired\":true,\"valueName\":\"search_term_string\"}}],\"inLanguage\":\"pl-PL\"},{\"@type\":\"Organization\",\"@id\":\"https:\\\/\\\/www.lraloeverashop.eu\\\/pl\\\/#organization\",\"name\":\"Sklep Lr Aloe Vera\",\"alternateName\":\"LR\",\"url\":\"https:\\\/\\\/www.lraloeverashop.eu\\\/pl\\\/\",\"logo\":{\"@type\":\"ImageObject\",\"inLanguage\":\"pl-PL\",\"@id\":\"https:\\\/\\\/www.lraloeverashop.eu\\\/pl\\\/#\\\/schema\\\/logo\\\/image\\\/\",\"url\":\"https:\\\/\\\/www.lraloeverashop.eu\\\/wp-content\\\/uploads\\\/2022\\\/09\\\/cropped-Lr-Aloe-Vera-Shop.jpg\",\"contentUrl\":\"https:\\\/\\\/www.lraloeverashop.eu\\\/wp-content\\\/uploads\\\/2022\\\/09\\\/cropped-Lr-Aloe-Vera-Shop.jpg\",\"width\":228,\"height\":76,\"caption\":\"Sklep Lr Aloe Vera\"},\"image\":{\"@id\":\"https:\\\/\\\/www.lraloeverashop.eu\\\/pl\\\/#\\\/schema\\\/logo\\\/image\\\/\"},\"sameAs\":[\"https:\\\/\\\/www.facebook.com\\\/lraloeverashop.eu\",\"https:\\\/\\\/x.com\\\/natur__kosmetik\",\"https:\\\/\\\/www.youtube.com\\\/channel\\\/UC5oN7BJ8nfYb8RpVtjwDEBA\",\"https:\\\/\\\/www.instagram.com\\\/lrbeautyeu\\\/\"],\"description\":\"Sklep LR Aloe Vera to Twoje zaufane \u017ar\u00f3d\u0142o wysokiej jako\u015bci produkt\u00f3w LR Health & Beauty wyprodukowanych w Niemczech. Oferujemy wysokiej jako\u015bci produkty do piel\u0119gnacji sk\u00f3ry, od\u017cywiania i przeciwstarzeniowe z aloesem, stworzone z czystych sk\u0142adnik\u00f3w i poparte badaniami naukowymi. Odkryj naturaln\u0105 piel\u0119gnacj\u0119, kt\u00f3ra regeneruje, chroni i rewitalizuje Twoj\u0105 sk\u00f3r\u0119 \u2014 i korzystaj z ekskluzywnych comiesi\u0119cznych ofert na nasze bestsellerowe produkty LR Aloe Vera.\\nRozpocznij swoj\u0105 naturaln\u0105 piel\u0119gnacj\u0119 sk\u00f3ry ju\u017c dzi\u015b i poczuj r\u00f3\u017cnic\u0119.\",\"email\":\"info@lraloeverashop.eu\",\"telephone\":\"+49 17670609653\",\"legalName\":\"Lr Aloe Vera Shop\",\"foundingDate\":\"2018-04-21\",\"numberOfEmployees\":{\"@type\":\"QuantitativeValue\",\"minValue\":\"1\",\"maxValue\":\"10\"}}]}<\/script>\n<meta property=\"product:price:amount\" content=\"103.71\" \/>\n<meta property=\"product:price:currency\" content=\"EUR\" \/>\n<meta property=\"og:availability\" content=\"instock\" \/>\n<meta property=\"product:availability\" content=\"instock\" \/>\n<meta property=\"product:retailer_item_id\" content=\"97329-99PL\" \/>\n<meta property=\"product:condition\" content=\"new\" \/>\n<!-- \/ Yoast SEO Premium plugin. -->","yoast_head_json":{"title":"Tabletki na W\u0105trob\u0119 Liver Support wspieraj\u0105 procesy organizmu","description":"Zadbaj o zdrow\u0105 w\u0105trob\u0119! Tabletki na W\u0105trob\u0119 Liver Support wspieraj\u0105 detoks, metabolizm i ochron\u0119 kom\u00f3rek. Naturalna formu\u0142a. Witamin B6. 3\u00d730 kaps.","robots":{"index":"index","follow":"follow","max-snippet":"max-snippet:-1","max-image-preview":"max-image-preview:large","max-video-preview":"max-video-preview:-1"},"canonical":"https:\/\/www.lraloeverashop.eu\/pl\/produkt\/tabletki-na-watrobe-liver-support\/","og_locale":"pl_PL","og_type":"article","og_title":"Tabletki na W\u0105trob\u0119 Liver Support","og_description":"Zadbaj o zdrow\u0105 w\u0105trob\u0119! Tabletki na W\u0105trob\u0119 Liver Support wspieraj\u0105 detoks, metabolizm i ochron\u0119 kom\u00f3rek. Naturalna formu\u0142a. Witamin B6. 3\u00d730 kaps.","og_url":"https:\/\/www.lraloeverashop.eu\/pl\/produkt\/tabletki-na-watrobe-liver-support\/","og_site_name":"Lr Aloe Vera Shop","article_publisher":"https:\/\/www.facebook.com\/lraloeverashop.eu","article_modified_time":"2026-04-27T19:35:56+00:00","og_image":[{"width":1200,"height":1200,"url":"https:\/\/www.lraloeverashop.eu\/wp-content\/uploads\/2024\/05\/Lr-Liver-Support-Capsules.jpg","type":"image\/jpeg"}],"twitter_card":"summary_large_image","twitter_site":"@natur__kosmetik","schema":{"@context":"https:\/\/schema.org","@graph":[{"@type":["WebPage","ItemPage"],"@id":"https:\/\/www.lraloeverashop.eu\/pl\/produkt\/tabletki-na-watrobe-liver-support\/","url":"https:\/\/www.lraloeverashop.eu\/pl\/produkt\/tabletki-na-watrobe-liver-support\/","name":"Tabletki na W\u0105trob\u0119 Liver Support wspieraj\u0105 procesy organizmu","isPartOf":{"@id":"https:\/\/www.lraloeverashop.eu\/pl\/#website"},"primaryImageOfPage":{"@id":"https:\/\/www.lraloeverashop.eu\/pl\/produkt\/tabletki-na-watrobe-liver-support\/#primaryimage"},"image":{"@id":"https:\/\/www.lraloeverashop.eu\/pl\/produkt\/tabletki-na-watrobe-liver-support\/#primaryimage"},"thumbnailUrl":"https:\/\/www.lraloeverashop.eu\/wp-content\/uploads\/2024\/05\/Lr-Liver-Support-Capsules.jpg","datePublished":"2024-05-25T12:36:04+00:00","dateModified":"2026-04-27T19:35:56+00:00","description":"Zadbaj o zdrow\u0105 w\u0105trob\u0119! Tabletki na W\u0105trob\u0119 Liver Support wspieraj\u0105 detoks, metabolizm i ochron\u0119 kom\u00f3rek. Naturalna formu\u0142a. Witamin B6. 3\u00d730 kaps.","breadcrumb":{"@id":"https:\/\/www.lraloeverashop.eu\/pl\/produkt\/tabletki-na-watrobe-liver-support\/#breadcrumb"},"inLanguage":"pl-PL","potentialAction":[{"@type":"ReadAction","target":["https:\/\/www.lraloeverashop.eu\/pl\/produkt\/tabletki-na-watrobe-liver-support\/"]}]},{"@type":"ImageObject","inLanguage":"pl-PL","@id":"https:\/\/www.lraloeverashop.eu\/pl\/produkt\/tabletki-na-watrobe-liver-support\/#primaryimage","url":"https:\/\/www.lraloeverashop.eu\/wp-content\/uploads\/2024\/05\/Lr-Liver-Support-Capsules.jpg","contentUrl":"https:\/\/www.lraloeverashop.eu\/wp-content\/uploads\/2024\/05\/Lr-Liver-Support-Capsules.jpg","width":1200,"height":1200,"caption":"Tabletki na W\u0105trob\u0119 Liver Support wspomagaj\u0105 procesy w\u0105trobowe"},{"@type":"BreadcrumbList","@id":"https:\/\/www.lraloeverashop.eu\/pl\/produkt\/tabletki-na-watrobe-liver-support\/#breadcrumb","itemListElement":[{"@type":"ListItem","position":1,"name":"Home","item":"https:\/\/www.lraloeverashop.eu\/pl\/"},{"@type":"ListItem","position":2,"name":"Sklep","item":"https:\/\/www.lraloeverashop.eu\/pl\/sklep\/"},{"@type":"ListItem","position":3,"name":"Tabletki na W\u0105trob\u0119 Liver Support"}]},{"@type":"WebSite","@id":"https:\/\/www.lraloeverashop.eu\/pl\/#website","url":"https:\/\/www.lraloeverashop.eu\/pl\/","name":"Lr Aloe Vera Shop","description":"High Quality Lr Aloe Vera Gel, Aloe Vera Cream and Shampoo","publisher":{"@id":"https:\/\/www.lraloeverashop.eu\/pl\/#organization"},"alternateName":"LR","potentialAction":[{"@type":"SearchAction","target":{"@type":"EntryPoint","urlTemplate":"https:\/\/www.lraloeverashop.eu\/pl\/?s={search_term_string}"},"query-input":{"@type":"PropertyValueSpecification","valueRequired":true,"valueName":"search_term_string"}}],"inLanguage":"pl-PL"},{"@type":"Organization","@id":"https:\/\/www.lraloeverashop.eu\/pl\/#organization","name":"Sklep Lr Aloe Vera","alternateName":"LR","url":"https:\/\/www.lraloeverashop.eu\/pl\/","logo":{"@type":"ImageObject","inLanguage":"pl-PL","@id":"https:\/\/www.lraloeverashop.eu\/pl\/#\/schema\/logo\/image\/","url":"https:\/\/www.lraloeverashop.eu\/wp-content\/uploads\/2022\/09\/cropped-Lr-Aloe-Vera-Shop.jpg","contentUrl":"https:\/\/www.lraloeverashop.eu\/wp-content\/uploads\/2022\/09\/cropped-Lr-Aloe-Vera-Shop.jpg","width":228,"height":76,"caption":"Sklep Lr Aloe Vera"},"image":{"@id":"https:\/\/www.lraloeverashop.eu\/pl\/#\/schema\/logo\/image\/"},"sameAs":["https:\/\/www.facebook.com\/lraloeverashop.eu","https:\/\/x.com\/natur__kosmetik","https:\/\/www.youtube.com\/channel\/UC5oN7BJ8nfYb8RpVtjwDEBA","https:\/\/www.instagram.com\/lrbeautyeu\/"],"description":"Sklep LR Aloe Vera to Twoje zaufane \u017ar\u00f3d\u0142o wysokiej jako\u015bci produkt\u00f3w LR Health & Beauty wyprodukowanych w Niemczech. Oferujemy wysokiej jako\u015bci produkty do piel\u0119gnacji sk\u00f3ry, od\u017cywiania i przeciwstarzeniowe z aloesem, stworzone z czystych sk\u0142adnik\u00f3w i poparte badaniami naukowymi. Odkryj naturaln\u0105 piel\u0119gnacj\u0119, kt\u00f3ra regeneruje, chroni i rewitalizuje Twoj\u0105 sk\u00f3r\u0119 \u2014 i korzystaj z ekskluzywnych comiesi\u0119cznych ofert na nasze bestsellerowe produkty LR Aloe Vera.\nRozpocznij swoj\u0105 naturaln\u0105 piel\u0119gnacj\u0119 sk\u00f3ry ju\u017c dzi\u015b i poczuj r\u00f3\u017cnic\u0119.","email":"info@lraloeverashop.eu","telephone":"+49 17670609653","legalName":"Lr Aloe Vera Shop","foundingDate":"2018-04-21","numberOfEmployees":{"@type":"QuantitativeValue","minValue":"1","maxValue":"10"}}]},"product_price_amount":"103.71","product_price_currency":"EUR","og_availability":"instock","product_availability":"instock","product_retailer_item_id":"97329-99PL","product_condition":"new"},"taxonomy_info":{"product_cat":[{"value":1105,"label":"Jelita &amp; Trawienie"},{"value":1099,"label":"Oszcz\u0119dzaj w zestawie"},{"value":1107,"label":"Relaksacja"},{"value":1100,"label":"Specjali\u015bci"}],"product_tag":[{"value":1136,"label":"Wzmacniacz odporno\u015bci"}]},"featured_image_src_large":["https:\/\/www.lraloeverashop.eu\/wp-content\/uploads\/2024\/05\/Lr-Liver-Support-Capsules-1024x1024.jpg",1024,1024,true],"author_info":[],"comment_info":0,"_links":{"self":[{"href":"https:\/\/www.lraloeverashop.eu\/pl\/wp-json\/wp\/v2\/product\/29719","targetHints":{"allow":["GET"]}}],"collection":[{"href":"https:\/\/www.lraloeverashop.eu\/pl\/wp-json\/wp\/v2\/product"}],"about":[{"href":"https:\/\/www.lraloeverashop.eu\/pl\/wp-json\/wp\/v2\/types\/product"}],"replies":[{"embeddable":true,"href":"https:\/\/www.lraloeverashop.eu\/pl\/wp-json\/wp\/v2\/comments?post=29719"}],"wp:featuredmedia":[{"embeddable":true,"href":"https:\/\/www.lraloeverashop.eu\/pl\/wp-json\/wp\/v2\/media\/26945"}],"wp:attachment":[{"href":"https:\/\/www.lraloeverashop.eu\/pl\/wp-json\/wp\/v2\/media?parent=29719"}],"wp:term":[{"taxonomy":"product_brand","embeddable":true,"href":"https:\/\/www.lraloeverashop.eu\/pl\/wp-json\/wp\/v2\/product_brand?post=29719"},{"taxonomy":"product_cat","embeddable":true,"href":"https:\/\/www.lraloeverashop.eu\/pl\/wp-json\/wp\/v2\/product_cat?post=29719"},{"taxonomy":"product_tag","embeddable":true,"href":"https:\/\/www.lraloeverashop.eu\/pl\/wp-json\/wp\/v2\/product_tag?post=29719"}],"curies":[{"name":"wp","href":"https:\/\/api.w.org\/{rel}","templated":true}]}}