{"id":29666,"date":"2026-01-06T10:15:35","date_gmt":"2026-01-06T09:15:35","guid":{"rendered":"https:\/\/www.lraloeverashop.eu\/product\/napoj-aloesowy-acai-pro\/"},"modified":"2026-03-26T18:41:26","modified_gmt":"2026-03-26T17:41:26","slug":"napoj-aloesowy-acai-pro","status":"publish","type":"product","link":"https:\/\/www.lraloeverashop.eu\/pl\/produkt\/napoj-aloesowy-acai-pro\/","title":{"rendered":"Nap\u00f3j Aloesowy Acai Pro 3Pak"},"content":{"rendered":"<h2><span style=\"font-size: 16pt;\"><strong>Nap\u00f3j Aloesowy Acai Pro<\/strong><\/span><\/h2>\n<p><span style=\"font-size: 14pt;\"><strong>Nap\u00f3j Aloesowy Acai Pro &#8211; Jako\u015b\u0107 premium, kt\u00f3rej mo\u017cesz zaufa\u0107<\/strong><\/span><\/p>\n<p>Zapewnij dodatkowe wsparcie swojej letniej rutynie dzi\u0119ki Napojowi Aloesowemu Acai Pro, orze\u017awiaj\u0105cemu \u017celowi aloesowemu do picia, zaprojektowanemu tak, aby pomaga\u0107 organizmowi zachowa\u0107 r\u00f3wnowag\u0119, energi\u0119 i ochron\u0119 w cieplejszych miesi\u0105cach. Starannie opracowany przez LR Health &amp; Beauty, ten wysokiej jako\u015bci suplement diety z aloesem \u0142\u0105czy aloes najwy\u017cszej jako\u015bci z naturaln\u0105 moc\u0105 jag\u00f3d a\u00e7a\u00ed oraz starannie dobranych owoc\u00f3w.<\/p>\n<p>Sercem tej formu\u0142y jest 85% mi\u0105\u017cszu li\u015bcia aloesu, po\u0142\u0105czonego z jagodami a\u00e7a\u00ed, porzeczkami, owocami le\u015bnymi i miodem, co zapewnia naturalnie owocowy smak, \u0142atwy do codziennego spo\u017cycia. A\u00e7a\u00ed jest powszechnie znane jako superfood, dzi\u0119ki wysokiej naturalnej zawarto\u015bci przeciwutleniaczy, a tak\u017ce witamin i minera\u0142\u00f3w wspieraj\u0105cych og\u00f3lne dobre samopoczucie.<\/p>\n<p>&nbsp;<\/p>\n<h3><span style=\"font-size: 16pt;\"><strong>Potr\u00f3jne wsparcie latem \u2013 od wewn\u0105trz<\/strong><\/span><\/h3>\n<p>Ten Nap\u00f3j aloesowy Acai Pro zosta\u0142 zaprojektowany z my\u015bl\u0105 o trzech kluczowych obszarach letniego dobrostanu:<\/p>\n<ul>\n<li><strong>R\u00f3wnowaga elektrolitowa i metabolizm:<\/strong> Dzi\u0119ki zawarto\u015bci magnezu, witaminy C i cynku, formu\u0142a pomaga utrzyma\u0107 r\u00f3wnowag\u0119 elektrolitow\u0105 oraz wspiera prawid\u0142owy metabolizm energetyczny\u00b9, co jest szczeg\u00f3lnie korzystne w upalne dni lub przy zwi\u0119kszonej aktywno\u015bci fizycznej.<\/li>\n<li><strong>Wsparcie sk\u00f3ry i ochrona przed s\u0142o\u0144cem:<\/strong> Mied\u017a i cynk przyczyniaj\u0105 si\u0119 do ochrony kom\u00f3rek przed stresem oksydacyjnym, pomagaj\u0105 utrzyma\u0107 prawid\u0142owy stan sk\u00f3ry oraz wspieraj\u0105 naturaln\u0105 pigmentacj\u0119 sk\u00f3ry\u00b2.<\/li>\n<li><strong>Ochrona odporno\u015bci:<\/strong> Cynk, witamina C i mied\u017a wspieraj\u0105 prawid\u0142owe funkcjonowanie uk\u0142adu odporno\u015bciowego\u00b3, pomagaj\u0105c organizmowi przez ca\u0142y sezon letni.<\/li>\n<\/ul>\n<p>&nbsp;<\/p>\n<h3><span style=\"font-size: 16pt;\"><strong>Jako\u015b\u0107 premium, kt\u00f3rej mo\u017cesz zaufa\u0107<\/strong><\/span><\/h3>\n<p>Wszystkie \u017cele aloesowe do picia LR s\u0105 produkowane w Niemczech i niezale\u017cnie testowane. Nap\u00f3j aloesowy Acai Pro posiada certyfikaty SGS Institut Fresenius oraz International Aloe Science Council (IASC), kt\u00f3re potwierdzaj\u0105 wysok\u0105 jako\u015b\u0107 \u017celu z li\u015bci aloesu, delikatne przetwarzanie oraz zr\u00f3wnowa\u017con\u0105 upraw\u0119 w Meksyku.<\/p>\n<p>Formu\u0142a jest wolna od aloiny i zawiera wy\u0142\u0105cznie starannie przetworzony mi\u0105\u017csz wewn\u0119trzny li\u015bcia aloesu.<\/p>\n<p>&nbsp;<\/p>\n<h3><span style=\"font-size: 16pt;\"><strong>\u0141atwy w stosowaniu, przyjemny w smaku<a href=\"https:\/\/www.lraloeverashop.eu\/wp-content\/uploads\/2026\/01\/acai-pro-200x300.jpg\"><img loading=\"lazy\" decoding=\"async\" class=\"alignright wp-image-29591\" src=\"https:\/\/www.lraloeverashop.eu\/wp-content\/uploads\/2026\/01\/acai-pro-200x300.jpg\" alt=\"Aloe Vera Drink Gel Acai Pro with magnesium, vitamin C and zinc\" width=\"300\" height=\"450\" srcset=\"https:\/\/www.lraloeverashop.eu\/wp-content\/uploads\/2026\/01\/acai-pro-200x300.jpg 200w, https:\/\/www.lraloeverashop.eu\/wp-content\/uploads\/2026\/01\/acai-pro-600x901.jpg 600w, https:\/\/www.lraloeverashop.eu\/wp-content\/uploads\/2026\/01\/acai-pro.jpg 682w\" sizes=\"auto, (max-width: 300px) 100vw, 300px\" \/><\/a><\/strong><\/span><\/h3>\n<p>Zalecane spo\u017cycie to 30 ml trzy razy dziennie. Przed u\u017cyciem dobrze wstrz\u0105sn\u0105\u0107. Po otwarciu przechowywa\u0107 w lod\u00f3wce i spo\u017cy\u0107 w kr\u00f3tkim czasie. Lekki, owocowy smak sprawia, \u017ce nap\u00f3j doskonale sprawdza si\u0119 zar\u00f3wno samodzielnie, jak i rozcie\u0144czony wod\u0105 lub sokiem.<\/p>\n<p>Jako produkt naturalny, kolor \u017celu aloesowego mo\u017ce z czasem ulec zmianie. Jest to ca\u0142kowicie normalne i nie wp\u0142ywa na jako\u015b\u0107 ani skuteczno\u015b\u0107 produktu.<\/p>\n<p>Nap\u00f3j aloesowy Acai Pro to idealny wyb\u00f3r dla os\u00f3b poszukuj\u0105cych wysokiej jako\u015bci napoju aloesowego, kt\u00f3ry \u0142\u0105czy wsparcie dla sk\u00f3ry, odporno\u015bci i nawodnienia w jednym, wygodnym suplemencie diety.<\/p>\n<p>1. Witamina C przyczynia si\u0119 do prawid\u0142owego metabolizmu energetycznego; cynk przyczynia si\u0119 do prawid\u0142owego metabolizmu witaminy A; magnez przyczynia si\u0119 do utrzymania r\u00f3wnowagi elektrolitowej.<br \/>\n2. Mied\u017a i cynk przyczyniaj\u0105 si\u0119 do ochrony kom\u00f3rek przed stresem oksydacyjnym; cynk pomaga utrzyma\u0107 prawid\u0142owy stan sk\u00f3ry; mied\u017a przyczynia si\u0119 do prawid\u0142owej pigmentacji sk\u00f3ry.<br \/>\n3. Cynk, witamina C i mied\u017a przyczyniaj\u0105 si\u0119 do prawid\u0142owego funkcjonowania uk\u0142adu odporno\u015bciowego.<\/p>\n<p>&nbsp;<\/p>\n<h2><span style=\"font-size: 16pt;\"><strong>Najcz\u0119\u015bciej zadawane pytania<\/strong><\/span><\/h2>\n<h3><span style=\"font-size: 14pt;\"><strong>Do czego s\u0142u\u017cy Nap\u00f3j aloesowy Acai Pro?<\/strong><\/span><\/h3>\n<p>Nap\u00f3j Aloesowy Acai Pro zosta\u0142 opracowany z my\u015bl\u0105 o wsparciu organizmu w okresie letnim, pomagaj\u0105c utrzyma\u0107 r\u00f3wnowag\u0119 elektrolitow\u0105, wspieraj\u0105c zdrow\u0105 sk\u00f3r\u0119 i naturaln\u0105 pigmentacj\u0119 oraz przyczyniaj\u0105c si\u0119 do prawid\u0142owego funkcjonowania uk\u0142adu odporno\u015bciowego.<\/p>\n<h3><span style=\"font-size: 14pt;\"><strong>Jak stosowa\u0107 Nap\u00f3j aloesowy Acai Pro?<\/strong><\/span><\/h3>\n<p>Zalecana porcja to 30 ml trzy razy dziennie. Przed u\u017cyciem nale\u017cy wstrz\u0105sn\u0105\u0107. Po otwarciu przechowywa\u0107 w lod\u00f3wce i spo\u017cy\u0107 w kr\u00f3tkim czasie.<\/p>\n<h3><span style=\"font-size: 14pt;\"><strong>Czy Nap\u00f3j aloesowy Acai Pro nadaje si\u0119 do codziennego stosowania?<\/strong><\/span><\/h3>\n<p>Tak, mo\u017ce by\u0107 stosowany codziennie jako element zr\u00f3wnowa\u017conego stylu \u017cycia. Nie nale\u017cy jednak przekracza\u0107 zalecanej dziennej porcji i nie powinien on zast\u0119powa\u0107 zr\u00f3\u017cnicowanej diety.<\/p>\n<h3><span style=\"font-size: 14pt;\"><strong>Czy ten nap\u00f3j aloesowy zawiera aloin\u0119?<\/strong><\/span><\/h3>\n<p>Nie. \u017bele aloesowe LR s\u0105 wytwarzane z czystego \u017celu z li\u015bci aloesu i s\u0105 wolne od aloiny, wykorzystuj\u0105c wy\u0142\u0105cznie starannie przetworzony mi\u0105\u017csz wewn\u0119trzny.<\/p>\n<h3><span style=\"font-size: 14pt;\"><strong>Dlaczego kolor \u017celu czasami si\u0119 zmienia?<\/strong><\/span><\/h3>\n<p>Jest to produkt naturalny. Zmiany koloru mog\u0105 wyst\u0119powa\u0107 z up\u0142ywem czasu i nie maj\u0105 wp\u0142ywu na jako\u015b\u0107, bezpiecze\u0144stwo ani skuteczno\u015b\u0107 \u017celu aloesowego do picia.<\/p>\n","protected":false},"excerpt":{"rendered":"<ul>\n<li>Nap\u00f3j Aloesowy Acai Pro z 85% \u017celu aloesowego z dodatkiem jag\u00f3d a\u00e7a\u00ed dla naturalnego, \u015bwie\u017cego smaku<\/li>\n<li>Wsparcie elektrolit\u00f3w, sk\u00f3ry i odporno\u015bci dzi\u0119ki magnezowi, cynkowi, witaminie C i miedzi<\/li>\n<li>Codzienne wsparcie dobrego samopoczucia w okresie letnim<\/li>\n<li>Wyprodukowano w Niemczech, certyfikaty jako\u015bci SGS Institut Fresenius i IASC<\/li>\n<li>Zawarto\u015b\u0107: 3 \u00d7 1000 ml<\/li>\n<\/ul>\n<p style=\"text-align: left;\"><span style=\"color: #ff0000;\"><a style=\"color: #ff0000;\" href=\"https:\/\/shop.lrworld.com\/openpao?PHP=0vFlt7jT938BEnBI3a6e9w%3D%3D\"><span style=\"font-size: 14pt;\"><strong>Zarejestruj si\u0119 i oszcz\u0119dzaj 35% przy ka\u017cdym zam\u00f3wieniu<\/strong><\/span><\/a><\/span><\/p>\n","protected":false},"featured_media":26949,"comment_status":"open","ping_status":"closed","template":"","meta":{"_kad_blocks_custom_css":"","_kad_blocks_head_custom_js":"","_kad_blocks_body_custom_js":"","_kad_blocks_footer_custom_js":"","_kadence_starter_templates_imported_post":false,"_kad_post_transparent":"default","_kad_post_title":"","_kad_post_layout":"default","_kad_post_sidebar_id":"","_kad_post_content_style":"default","_kad_post_vertical_padding":"default","_kad_post_feature":"","_kad_post_feature_position":"","_kad_post_header":false,"_kad_post_footer":false,"_kad_post_classname":""},"product_brand":[],"product_cat":[1082,1105,1102,1081,1100],"product_tag":[1125],"class_list":{"0":"post-29666","1":"product","2":"type-product","3":"status-publish","4":"has-post-thumbnail","6":"product_cat-zele-do-picia","7":"product_cat-jelita-trawienie","8":"product_cat-kosci-stawy-miesnie","9":"product_cat-podstawa","10":"product_cat-specjalisci","11":"product_tag-napoje-detoksykacyjne","13":"first","14":"instock","15":"taxable","16":"shipping-taxable","17":"purchasable","18":"product-type-simple","19":"entry","20":"content-bg","21":"loop-entry"},"yoast_head":"<!-- This site is optimized with the Yoast SEO Premium plugin v27.4 (Yoast SEO v27.4) - https:\/\/yoast.com\/product\/yoast-seo-premium-wordpress\/ -->\n<title>Nap\u00f3j Aloesowy Acai Pro \u2013 Naturalne wsparcie organizmu<\/title>\n<meta name=\"description\" content=\"Nap\u00f3j Aloesowy Acai Pro z 85% aloesu i jagodami a\u00e7a\u00ed. Wspiera elektrolity, sk\u00f3r\u0119 i odporno\u015b\u0107. Jako\u015b\u0107 premium z Niemiec, bez aloiny.\" \/>\n<meta name=\"robots\" content=\"index, follow, max-snippet:-1, max-image-preview:large, max-video-preview:-1\" \/>\n<link rel=\"canonical\" href=\"https:\/\/www.lraloeverashop.eu\/pl\/produkt\/napoj-aloesowy-acai-pro\/\" \/>\n<meta property=\"og:locale\" content=\"pl_PL\" \/>\n<meta property=\"og:type\" content=\"article\" \/>\n<meta property=\"og:title\" content=\"Nap\u00f3j Aloesowy Acai Pro 3Pak\" \/>\n<meta property=\"og:description\" content=\"Nap\u00f3j Aloesowy Acai Pro z 85% aloesu i jagodami a\u00e7a\u00ed. Wspiera elektrolity, sk\u00f3r\u0119 i odporno\u015b\u0107. Jako\u015b\u0107 premium z Niemiec, bez aloiny.\" \/>\n<meta property=\"og:url\" content=\"https:\/\/www.lraloeverashop.eu\/pl\/produkt\/napoj-aloesowy-acai-pro\/\" \/>\n<meta property=\"og:site_name\" content=\"Lr Aloe Vera Shop\" \/>\n<meta property=\"article:publisher\" content=\"https:\/\/www.facebook.com\/lraloeverashop.eu\" \/>\n<meta property=\"article:modified_time\" content=\"2026-03-26T17:41:26+00:00\" \/>\n<meta property=\"og:image\" content=\"https:\/\/www.lraloeverashop.eu\/wp-content\/uploads\/2024\/04\/Aloe-Vera-Drink-Acai-3-Pieces-Set.jpeg\" \/>\n\t<meta property=\"og:image:width\" content=\"1200\" \/>\n\t<meta property=\"og:image:height\" content=\"1200\" \/>\n\t<meta property=\"og:image:type\" content=\"image\/jpeg\" \/>\n<meta name=\"twitter:card\" content=\"summary_large_image\" \/>\n<meta name=\"twitter:site\" content=\"@natur__kosmetik\" \/>\n<script type=\"application\/ld+json\" class=\"yoast-schema-graph\">{\"@context\":\"https:\\\/\\\/schema.org\",\"@graph\":[{\"@type\":[\"WebPage\",\"ItemPage\"],\"@id\":\"https:\\\/\\\/www.lraloeverashop.eu\\\/pl\\\/produkt\\\/napoj-aloesowy-acai-pro\\\/\",\"url\":\"https:\\\/\\\/www.lraloeverashop.eu\\\/pl\\\/produkt\\\/napoj-aloesowy-acai-pro\\\/\",\"name\":\"Nap\u00f3j Aloesowy Acai Pro \u2013 Naturalne wsparcie organizmu\",\"isPartOf\":{\"@id\":\"https:\\\/\\\/www.lraloeverashop.eu\\\/pl\\\/#website\"},\"primaryImageOfPage\":{\"@id\":\"https:\\\/\\\/www.lraloeverashop.eu\\\/pl\\\/produkt\\\/napoj-aloesowy-acai-pro\\\/#primaryimage\"},\"image\":{\"@id\":\"https:\\\/\\\/www.lraloeverashop.eu\\\/pl\\\/produkt\\\/napoj-aloesowy-acai-pro\\\/#primaryimage\"},\"thumbnailUrl\":\"https:\\\/\\\/www.lraloeverashop.eu\\\/wp-content\\\/uploads\\\/2024\\\/04\\\/Aloe-Vera-Drink-Acai-3-Pieces-Set.jpeg\",\"datePublished\":\"2026-01-06T09:15:35+00:00\",\"dateModified\":\"2026-03-26T17:41:26+00:00\",\"description\":\"Nap\u00f3j Aloesowy Acai Pro z 85% aloesu i jagodami a\u00e7a\u00ed. Wspiera elektrolity, sk\u00f3r\u0119 i odporno\u015b\u0107. Jako\u015b\u0107 premium z Niemiec, bez aloiny.\",\"breadcrumb\":{\"@id\":\"https:\\\/\\\/www.lraloeverashop.eu\\\/pl\\\/produkt\\\/napoj-aloesowy-acai-pro\\\/#breadcrumb\"},\"inLanguage\":\"pl-PL\",\"potentialAction\":[{\"@type\":\"ReadAction\",\"target\":[\"https:\\\/\\\/www.lraloeverashop.eu\\\/pl\\\/produkt\\\/napoj-aloesowy-acai-pro\\\/\"]}]},{\"@type\":\"ImageObject\",\"inLanguage\":\"pl-PL\",\"@id\":\"https:\\\/\\\/www.lraloeverashop.eu\\\/pl\\\/produkt\\\/napoj-aloesowy-acai-pro\\\/#primaryimage\",\"url\":\"https:\\\/\\\/www.lraloeverashop.eu\\\/wp-content\\\/uploads\\\/2024\\\/04\\\/Aloe-Vera-Drink-Acai-3-Pieces-Set.jpeg\",\"contentUrl\":\"https:\\\/\\\/www.lraloeverashop.eu\\\/wp-content\\\/uploads\\\/2024\\\/04\\\/Aloe-Vera-Drink-Acai-3-Pieces-Set.jpeg\",\"width\":1200,\"height\":1200,\"caption\":\"Nap\u00f3j aloesowy Acai Pro 3Pak z potr\u00f3jn\u0105 ochron\u0105 na lato\"},{\"@type\":\"BreadcrumbList\",\"@id\":\"https:\\\/\\\/www.lraloeverashop.eu\\\/pl\\\/produkt\\\/napoj-aloesowy-acai-pro\\\/#breadcrumb\",\"itemListElement\":[{\"@type\":\"ListItem\",\"position\":1,\"name\":\"Home\",\"item\":\"https:\\\/\\\/www.lraloeverashop.eu\\\/pl\\\/\"},{\"@type\":\"ListItem\",\"position\":2,\"name\":\"Sklep\",\"item\":\"https:\\\/\\\/www.lraloeverashop.eu\\\/shop\\\/\"},{\"@type\":\"ListItem\",\"position\":3,\"name\":\"Nap\u00f3j Aloesowy Acai Pro 3Pak\"}]},{\"@type\":\"WebSite\",\"@id\":\"https:\\\/\\\/www.lraloeverashop.eu\\\/pl\\\/#website\",\"url\":\"https:\\\/\\\/www.lraloeverashop.eu\\\/pl\\\/\",\"name\":\"Lr Aloe Vera Shop\",\"description\":\"High Quality Lr Aloe Vera Gel, Aloe Vera Cream and Shampoo\",\"publisher\":{\"@id\":\"https:\\\/\\\/www.lraloeverashop.eu\\\/pl\\\/#organization\"},\"potentialAction\":[{\"@type\":\"SearchAction\",\"target\":{\"@type\":\"EntryPoint\",\"urlTemplate\":\"https:\\\/\\\/www.lraloeverashop.eu\\\/pl\\\/?s={search_term_string}\"},\"query-input\":{\"@type\":\"PropertyValueSpecification\",\"valueRequired\":true,\"valueName\":\"search_term_string\"}}],\"inLanguage\":\"pl-PL\"},{\"@type\":\"Organization\",\"@id\":\"https:\\\/\\\/www.lraloeverashop.eu\\\/pl\\\/#organization\",\"name\":\"Sklep Lr Aloe Vera\",\"alternateName\":\"LR\",\"url\":\"https:\\\/\\\/www.lraloeverashop.eu\\\/pl\\\/\",\"logo\":{\"@type\":\"ImageObject\",\"inLanguage\":\"pl-PL\",\"@id\":\"https:\\\/\\\/www.lraloeverashop.eu\\\/pl\\\/#\\\/schema\\\/logo\\\/image\\\/\",\"url\":\"https:\\\/\\\/www.lraloeverashop.eu\\\/wp-content\\\/uploads\\\/2022\\\/09\\\/cropped-Lr-Aloe-Vera-Shop.jpg\",\"contentUrl\":\"https:\\\/\\\/www.lraloeverashop.eu\\\/wp-content\\\/uploads\\\/2022\\\/09\\\/cropped-Lr-Aloe-Vera-Shop.jpg\",\"width\":228,\"height\":76,\"caption\":\"Sklep Lr Aloe Vera\"},\"image\":{\"@id\":\"https:\\\/\\\/www.lraloeverashop.eu\\\/pl\\\/#\\\/schema\\\/logo\\\/image\\\/\"},\"sameAs\":[\"https:\\\/\\\/www.facebook.com\\\/lraloeverashop.eu\",\"https:\\\/\\\/x.com\\\/natur__kosmetik\",\"https:\\\/\\\/www.youtube.com\\\/channel\\\/UC5oN7BJ8nfYb8RpVtjwDEBA\",\"https:\\\/\\\/www.instagram.com\\\/lrbeautyeu\\\/\"],\"description\":\"Sklep LR Aloe Vera to Twoje zaufane \u017ar\u00f3d\u0142o wysokiej jako\u015bci produkt\u00f3w LR Health & Beauty wyprodukowanych w Niemczech. Oferujemy wysokiej jako\u015bci produkty do piel\u0119gnacji sk\u00f3ry, od\u017cywiania i przeciwstarzeniowe z aloesem, stworzone z czystych sk\u0142adnik\u00f3w i poparte badaniami naukowymi. Odkryj naturaln\u0105 piel\u0119gnacj\u0119, kt\u00f3ra regeneruje, chroni i rewitalizuje Twoj\u0105 sk\u00f3r\u0119 \u2014 i korzystaj z ekskluzywnych comiesi\u0119cznych ofert na nasze bestsellerowe produkty LR Aloe Vera.\\nRozpocznij swoj\u0105 naturaln\u0105 piel\u0119gnacj\u0119 sk\u00f3ry ju\u017c dzi\u015b i poczuj r\u00f3\u017cnic\u0119.\",\"email\":\"info@lraloeverashop.eu\",\"telephone\":\"+49 17670609653\",\"legalName\":\"Lr Aloe Vera Shop\",\"foundingDate\":\"2018-04-21\",\"numberOfEmployees\":{\"@type\":\"QuantitativeValue\",\"minValue\":\"1\",\"maxValue\":\"10\"}}]}<\/script>\n<meta property=\"product:price:amount\" content=\"125.79\" \/>\n<meta property=\"product:price:currency\" content=\"EUR\" \/>\n<meta property=\"og:availability\" content=\"instock\" \/>\n<meta property=\"product:availability\" content=\"instock\" \/>\n<meta property=\"product:retailer_item_id\" content=\"81103-1PL\" \/>\n<meta property=\"product:condition\" content=\"new\" \/>\n<!-- \/ Yoast SEO Premium plugin. -->","yoast_head_json":{"title":"Nap\u00f3j Aloesowy Acai Pro \u2013 Naturalne wsparcie organizmu","description":"Nap\u00f3j Aloesowy Acai Pro z 85% aloesu i jagodami a\u00e7a\u00ed. Wspiera elektrolity, sk\u00f3r\u0119 i odporno\u015b\u0107. Jako\u015b\u0107 premium z Niemiec, bez aloiny.","robots":{"index":"index","follow":"follow","max-snippet":"max-snippet:-1","max-image-preview":"max-image-preview:large","max-video-preview":"max-video-preview:-1"},"canonical":"https:\/\/www.lraloeverashop.eu\/pl\/produkt\/napoj-aloesowy-acai-pro\/","og_locale":"pl_PL","og_type":"article","og_title":"Nap\u00f3j Aloesowy Acai Pro 3Pak","og_description":"Nap\u00f3j Aloesowy Acai Pro z 85% aloesu i jagodami a\u00e7a\u00ed. Wspiera elektrolity, sk\u00f3r\u0119 i odporno\u015b\u0107. Jako\u015b\u0107 premium z Niemiec, bez aloiny.","og_url":"https:\/\/www.lraloeverashop.eu\/pl\/produkt\/napoj-aloesowy-acai-pro\/","og_site_name":"Lr Aloe Vera Shop","article_publisher":"https:\/\/www.facebook.com\/lraloeverashop.eu","article_modified_time":"2026-03-26T17:41:26+00:00","og_image":[{"width":1200,"height":1200,"url":"https:\/\/www.lraloeverashop.eu\/wp-content\/uploads\/2024\/04\/Aloe-Vera-Drink-Acai-3-Pieces-Set.jpeg","type":"image\/jpeg"}],"twitter_card":"summary_large_image","twitter_site":"@natur__kosmetik","schema":{"@context":"https:\/\/schema.org","@graph":[{"@type":["WebPage","ItemPage"],"@id":"https:\/\/www.lraloeverashop.eu\/pl\/produkt\/napoj-aloesowy-acai-pro\/","url":"https:\/\/www.lraloeverashop.eu\/pl\/produkt\/napoj-aloesowy-acai-pro\/","name":"Nap\u00f3j Aloesowy Acai Pro \u2013 Naturalne wsparcie organizmu","isPartOf":{"@id":"https:\/\/www.lraloeverashop.eu\/pl\/#website"},"primaryImageOfPage":{"@id":"https:\/\/www.lraloeverashop.eu\/pl\/produkt\/napoj-aloesowy-acai-pro\/#primaryimage"},"image":{"@id":"https:\/\/www.lraloeverashop.eu\/pl\/produkt\/napoj-aloesowy-acai-pro\/#primaryimage"},"thumbnailUrl":"https:\/\/www.lraloeverashop.eu\/wp-content\/uploads\/2024\/04\/Aloe-Vera-Drink-Acai-3-Pieces-Set.jpeg","datePublished":"2026-01-06T09:15:35+00:00","dateModified":"2026-03-26T17:41:26+00:00","description":"Nap\u00f3j Aloesowy Acai Pro z 85% aloesu i jagodami a\u00e7a\u00ed. Wspiera elektrolity, sk\u00f3r\u0119 i odporno\u015b\u0107. Jako\u015b\u0107 premium z Niemiec, bez aloiny.","breadcrumb":{"@id":"https:\/\/www.lraloeverashop.eu\/pl\/produkt\/napoj-aloesowy-acai-pro\/#breadcrumb"},"inLanguage":"pl-PL","potentialAction":[{"@type":"ReadAction","target":["https:\/\/www.lraloeverashop.eu\/pl\/produkt\/napoj-aloesowy-acai-pro\/"]}]},{"@type":"ImageObject","inLanguage":"pl-PL","@id":"https:\/\/www.lraloeverashop.eu\/pl\/produkt\/napoj-aloesowy-acai-pro\/#primaryimage","url":"https:\/\/www.lraloeverashop.eu\/wp-content\/uploads\/2024\/04\/Aloe-Vera-Drink-Acai-3-Pieces-Set.jpeg","contentUrl":"https:\/\/www.lraloeverashop.eu\/wp-content\/uploads\/2024\/04\/Aloe-Vera-Drink-Acai-3-Pieces-Set.jpeg","width":1200,"height":1200,"caption":"Nap\u00f3j aloesowy Acai Pro 3Pak z potr\u00f3jn\u0105 ochron\u0105 na lato"},{"@type":"BreadcrumbList","@id":"https:\/\/www.lraloeverashop.eu\/pl\/produkt\/napoj-aloesowy-acai-pro\/#breadcrumb","itemListElement":[{"@type":"ListItem","position":1,"name":"Home","item":"https:\/\/www.lraloeverashop.eu\/pl\/"},{"@type":"ListItem","position":2,"name":"Sklep","item":"https:\/\/www.lraloeverashop.eu\/shop\/"},{"@type":"ListItem","position":3,"name":"Nap\u00f3j Aloesowy Acai Pro 3Pak"}]},{"@type":"WebSite","@id":"https:\/\/www.lraloeverashop.eu\/pl\/#website","url":"https:\/\/www.lraloeverashop.eu\/pl\/","name":"Lr Aloe Vera Shop","description":"High Quality Lr Aloe Vera Gel, Aloe Vera Cream and Shampoo","publisher":{"@id":"https:\/\/www.lraloeverashop.eu\/pl\/#organization"},"potentialAction":[{"@type":"SearchAction","target":{"@type":"EntryPoint","urlTemplate":"https:\/\/www.lraloeverashop.eu\/pl\/?s={search_term_string}"},"query-input":{"@type":"PropertyValueSpecification","valueRequired":true,"valueName":"search_term_string"}}],"inLanguage":"pl-PL"},{"@type":"Organization","@id":"https:\/\/www.lraloeverashop.eu\/pl\/#organization","name":"Sklep Lr Aloe Vera","alternateName":"LR","url":"https:\/\/www.lraloeverashop.eu\/pl\/","logo":{"@type":"ImageObject","inLanguage":"pl-PL","@id":"https:\/\/www.lraloeverashop.eu\/pl\/#\/schema\/logo\/image\/","url":"https:\/\/www.lraloeverashop.eu\/wp-content\/uploads\/2022\/09\/cropped-Lr-Aloe-Vera-Shop.jpg","contentUrl":"https:\/\/www.lraloeverashop.eu\/wp-content\/uploads\/2022\/09\/cropped-Lr-Aloe-Vera-Shop.jpg","width":228,"height":76,"caption":"Sklep Lr Aloe Vera"},"image":{"@id":"https:\/\/www.lraloeverashop.eu\/pl\/#\/schema\/logo\/image\/"},"sameAs":["https:\/\/www.facebook.com\/lraloeverashop.eu","https:\/\/x.com\/natur__kosmetik","https:\/\/www.youtube.com\/channel\/UC5oN7BJ8nfYb8RpVtjwDEBA","https:\/\/www.instagram.com\/lrbeautyeu\/"],"description":"Sklep LR Aloe Vera to Twoje zaufane \u017ar\u00f3d\u0142o wysokiej jako\u015bci produkt\u00f3w LR Health & Beauty wyprodukowanych w Niemczech. Oferujemy wysokiej jako\u015bci produkty do piel\u0119gnacji sk\u00f3ry, od\u017cywiania i przeciwstarzeniowe z aloesem, stworzone z czystych sk\u0142adnik\u00f3w i poparte badaniami naukowymi. Odkryj naturaln\u0105 piel\u0119gnacj\u0119, kt\u00f3ra regeneruje, chroni i rewitalizuje Twoj\u0105 sk\u00f3r\u0119 \u2014 i korzystaj z ekskluzywnych comiesi\u0119cznych ofert na nasze bestsellerowe produkty LR Aloe Vera.\nRozpocznij swoj\u0105 naturaln\u0105 piel\u0119gnacj\u0119 sk\u00f3ry ju\u017c dzi\u015b i poczuj r\u00f3\u017cnic\u0119.","email":"info@lraloeverashop.eu","telephone":"+49 17670609653","legalName":"Lr Aloe Vera Shop","foundingDate":"2018-04-21","numberOfEmployees":{"@type":"QuantitativeValue","minValue":"1","maxValue":"10"}}]},"product_price_amount":"125.79","product_price_currency":"EUR","og_availability":"instock","product_availability":"instock","product_retailer_item_id":"81103-1PL","product_condition":"new"},"taxonomy_info":{"product_cat":[{"value":1082,"label":"Aloesowe \u017bele do Picia"},{"value":1105,"label":"Jelita &amp; Trawienie"},{"value":1102,"label":"Ko\u015bci, stawy i mi\u0119\u015bnie"},{"value":1081,"label":"Podstawa"},{"value":1100,"label":"Specjali\u015bci"}],"product_tag":[{"value":1125,"label":"napoje detoksykacyjne"}]},"featured_image_src_large":["https:\/\/www.lraloeverashop.eu\/wp-content\/uploads\/2024\/04\/Aloe-Vera-Drink-Acai-3-Pieces-Set-1024x1024.jpeg",1024,1024,true],"author_info":[],"comment_info":0,"_links":{"self":[{"href":"https:\/\/www.lraloeverashop.eu\/pl\/wp-json\/wp\/v2\/product\/29666","targetHints":{"allow":["GET"]}}],"collection":[{"href":"https:\/\/www.lraloeverashop.eu\/pl\/wp-json\/wp\/v2\/product"}],"about":[{"href":"https:\/\/www.lraloeverashop.eu\/pl\/wp-json\/wp\/v2\/types\/product"}],"replies":[{"embeddable":true,"href":"https:\/\/www.lraloeverashop.eu\/pl\/wp-json\/wp\/v2\/comments?post=29666"}],"wp:featuredmedia":[{"embeddable":true,"href":"https:\/\/www.lraloeverashop.eu\/pl\/wp-json\/wp\/v2\/media\/26949"}],"wp:attachment":[{"href":"https:\/\/www.lraloeverashop.eu\/pl\/wp-json\/wp\/v2\/media?parent=29666"}],"wp:term":[{"taxonomy":"product_brand","embeddable":true,"href":"https:\/\/www.lraloeverashop.eu\/pl\/wp-json\/wp\/v2\/product_brand?post=29666"},{"taxonomy":"product_cat","embeddable":true,"href":"https:\/\/www.lraloeverashop.eu\/pl\/wp-json\/wp\/v2\/product_cat?post=29666"},{"taxonomy":"product_tag","embeddable":true,"href":"https:\/\/www.lraloeverashop.eu\/pl\/wp-json\/wp\/v2\/product_tag?post=29666"}],"curies":[{"name":"wp","href":"https:\/\/api.w.org\/{rel}","templated":true}]}}