{"id":29253,"date":"2022-10-14T11:02:51","date_gmt":"2022-10-14T09:02:51","guid":{"rendered":"https:\/\/www.lraloeverashop.eu\/product\/herbata-ziolowa-na-odchudzanie\/"},"modified":"2025-12-14T12:08:57","modified_gmt":"2025-12-14T11:08:57","slug":"herbata-ziolowa-na-odchudzanie","status":"publish","type":"product","link":"https:\/\/www.lraloeverashop.eu\/pl\/produkt\/herbata-ziolowa-na-odchudzanie\/","title":{"rendered":"Herbata Zio\u0142owa na Odchudzanie"},"content":{"rendered":"<h2><span style=\"font-size: 16pt;\"><strong>Herbata Zio\u0142owa na Odchudzanie<\/strong><\/span><\/h2>\n<p><span style=\"font-size: 14pt;\"><strong>Herbata Zio\u0142owa na Odchudzanie Lr Lifetakt \u2013 naturalne wsparcie metabolizmu i zdrowia<\/strong><\/span><\/p>\n<p><strong data-start=\"612\" data-end=\"677\">Herbata Zio\u0142owa na Odchudzanie LR LIFETAKT Herbal Fasting Tea<\/strong> to wysokiej jako\u015bci, naturalny produkt, stworzony z my\u015bl\u0105 o osobach, kt\u00f3re chc\u0105 wspiera\u0107 proces odchudzania w zdrowy spos\u00f3b. To idealny nap\u00f3j dla kobiet i m\u0119\u017cczyzn dbaj\u0105cych o lini\u0119, nawodnienie organizmu oraz prawid\u0142owe funkcjonowanie uk\u0142adu trawiennego. Produkt jest w pe\u0142ni naturalny, bez sztucznych dodatk\u00f3w i przeciwwskaza\u0144, a jego delikatny, przyjemny smak sprawia, \u017ce \u0142atwo si\u0119ga\u0107 po kolejn\u0105 fili\u017cank\u0119 w ci\u0105gu dnia.<\/p>\n<h3><span style=\"font-size: 16pt;\"><strong><a href=\"https:\/\/www.lraloeverashop.eu\/wp-content\/uploads\/2024\/09\/weight-loss-diet-review-300x300.jpeg\"><img loading=\"lazy\" decoding=\"async\" class=\"alignleft wp-image-16348 size-medium\" src=\"https:\/\/www.lraloeverashop.eu\/wp-content\/uploads\/2024\/09\/weight-loss-diet-review-300x300.jpeg\" alt=\"Weight loss diet review\" width=\"400\" height=\"400\" srcset=\"https:\/\/www.lraloeverashop.eu\/wp-content\/uploads\/2024\/09\/weight-loss-diet-review-300x300.jpeg 300w, https:\/\/www.lraloeverashop.eu\/wp-content\/uploads\/2024\/09\/weight-loss-diet-review-1024x1024.jpeg 1024w, https:\/\/www.lraloeverashop.eu\/wp-content\/uploads\/2024\/09\/weight-loss-diet-review-150x150.jpeg 150w, https:\/\/www.lraloeverashop.eu\/wp-content\/uploads\/2024\/09\/weight-loss-diet-review-768x768.jpeg 768w, https:\/\/www.lraloeverashop.eu\/wp-content\/uploads\/2024\/09\/weight-loss-diet-review-600x600.jpeg 600w, https:\/\/www.lraloeverashop.eu\/wp-content\/uploads\/2024\/09\/weight-loss-diet-review-100x100.jpeg 100w, https:\/\/www.lraloeverashop.eu\/wp-content\/uploads\/2024\/09\/weight-loss-diet-review.jpeg 1200w\" sizes=\"auto, (max-width: 400px) 100vw, 400px\" \/><\/a>Naturalna herbata na odchudzanie i wsparcie organizmu<\/strong><\/span><\/h3>\n<p>Regularne picie wody i napoj\u00f3w zio\u0142owych jest niezb\u0119dne podczas diety. Ta <strong data-start=\"1239\" data-end=\"1265\">herbata na odchudzanie<\/strong> pomaga eliminowa\u0107 nadmiar wody i wspiera naturalne procesy trawienne oraz flor\u0119 jelitow\u0105. Dzi\u0119ki temu organizm funkcjonuje efektywniej, a metabolizm zostaje pobudzony w spos\u00f3b naturalny. Nawet podczas intensywnej diety <strong data-start=\"1485\" data-end=\"1519\">Herbata Zio\u0142owa na Odchudzanie<\/strong> wspiera organizm i pomaga zachowa\u0107 zdrowe nawyki.<\/p>\n<p>&nbsp;<\/p>\n<h3><\/h3>\n<h3><\/h3>\n<p>&nbsp;<\/p>\n<h3>Sk\u0142adniki ro\u015blinne o potwierdzonym dzia\u0142aniu<\/h3>\n<p data-start=\"1625\" data-end=\"1967\">LR LIFETAKT <strong data-start=\"612\" data-end=\"677\">Herbata Zio\u0142owa na Odchudzanie<\/strong> zawiera starannie dobran\u0105 kompozycj\u0119 zi\u00f3\u0142: <strong data-start=\"1699\" data-end=\"1718\">zielon\u0105 herbat\u0119<\/strong>, li\u015bcie mate, pokrzyw\u0119, rooibos, lukrecj\u0119 oraz traw\u0119 cytrynow\u0105. Szczeg\u00f3lnie <strong data-start=\"1795\" data-end=\"1829\">zielona herbata na odchudzanie<\/strong> jest znana z wysokiej zawarto\u015bci katechin, kt\u00f3re wspieraj\u0105 spalanie t\u0142uszczu, mobilizuj\u0105 kwasy t\u0142uszczowe i zwi\u0119kszaj\u0105 tempo metabolizmu.<\/p>\n<p data-start=\"1969\" data-end=\"2300\">Li\u015bcie mate i pokrzywa wspomagaj\u0105 eliminacj\u0119 nadmiaru wody z organizmu i dzia\u0142aj\u0105 wspieraj\u0105co na uk\u0142ad kr\u0105\u017cenia. Rooibos, lukrecja i trawa cytrynowa dodaj\u0105 napojowi aromatu, jednocze\u015bnie wspieraj\u0105c naturalne oczyszczanie organizmu. Zio\u0142a dostarczaj\u0105 r\u00f3wnie\u017c cennych antyoksydant\u00f3w, kt\u00f3re chroni\u0105 kom\u00f3rki przed stresem oksydacyjnym.<\/p>\n<h3><a href=\"https:\/\/www.lraloeverashop.eu\/wp-content\/uploads\/2024\/09\/man-weight-loss-before-and-after-300x300.jpeg\"><img loading=\"lazy\" decoding=\"async\" class=\"alignleft wp-image-16355 size-medium\" src=\"https:\/\/www.lraloeverashop.eu\/wp-content\/uploads\/2024\/09\/man-weight-loss-before-and-after-300x300.jpeg\" alt=\"Man weight loss before and after\" width=\"400\" height=\"400\" srcset=\"https:\/\/www.lraloeverashop.eu\/wp-content\/uploads\/2024\/09\/man-weight-loss-before-and-after-300x300.jpeg 300w, https:\/\/www.lraloeverashop.eu\/wp-content\/uploads\/2024\/09\/man-weight-loss-before-and-after-1024x1024.jpeg 1024w, https:\/\/www.lraloeverashop.eu\/wp-content\/uploads\/2024\/09\/man-weight-loss-before-and-after-150x150.jpeg 150w, https:\/\/www.lraloeverashop.eu\/wp-content\/uploads\/2024\/09\/man-weight-loss-before-and-after-768x768.jpeg 768w, https:\/\/www.lraloeverashop.eu\/wp-content\/uploads\/2024\/09\/man-weight-loss-before-and-after-600x600.jpeg 600w, https:\/\/www.lraloeverashop.eu\/wp-content\/uploads\/2024\/09\/man-weight-loss-before-and-after-100x100.jpeg 100w, https:\/\/www.lraloeverashop.eu\/wp-content\/uploads\/2024\/09\/man-weight-loss-before-and-after.jpeg 1200w\" sizes=\"auto, (max-width: 400px) 100vw, 400px\" \/><\/a>Idealna na co dzie\u0144 i podczas diety<\/h3>\n<p>Herbata LR LIFETAKT jest idealnym wsparciem codziennej rutyny, zar\u00f3wno w trakcie diety, jak i w codziennym zdrowym stylu \u017cycia. Jej smak zach\u0119ca do regularnego picia, co u\u0142atwia osi\u0105gni\u0119cie zalecanego spo\u017cycia p\u0142yn\u00f3w (ok. 1,5\u20132 litr\u00f3w dziennie). Zast\u0105pienie s\u0142odzonych napoj\u00f3w <strong data-start=\"2624\" data-end=\"2643\">herbat\u0105 zio\u0142ow\u0105<\/strong> to prosty i naturalny krok w stron\u0119 lepszej formy i samopoczucia.<\/p>\n<p>&nbsp;<\/p>\n<p>&nbsp;<\/p>\n<p>&nbsp;<\/p>\n<p>&nbsp;<\/p>\n<h3><strong data-start=\"612\" data-end=\"677\">Herbata Zio\u0142owa na Odchudzanie &#8211; <\/strong>Spos\u00f3b przygotowania<\/h3>\n<p>Zala\u0107 1\u20132 czubate \u0142y\u017ceczki herbaty oko\u0142o 200 ml wrz\u0105cej wody, przykry\u0107 i parzy\u0107 przez 5\u20137 minut. Nast\u0119pnie odcedzi\u0107. Pi\u0107 3\u20134 fili\u017canki dziennie. Mo\u017cna przygotowa\u0107 wi\u0119kszy dzbanek na ca\u0142y dzie\u0144, zwracaj\u0105c uwag\u0119 na czas parzenia, aby zachowa\u0107 pe\u0142ny aromat i w\u0142a\u015bciwo\u015bci napoju.<\/p>\n<p><strong data-start=\"3023\" data-end=\"3057\">Herbata Zio\u0142owa na Odchudzanie<\/strong> LR LIFETAKT to skuteczny i naturalny spos\u00f3b na wsparcie metabolizmu, nawodnienia i dobrego samopoczucia. W\u0142\u0105cz j\u0105 do swojej codziennej rutyny, aby zadba\u0107 o sylwetk\u0119 i zdrowe nawyki \u017cywieniowe z <strong data-start=\"3252\" data-end=\"3286\">Herbat\u0105 Zio\u0142ow\u0105 na Odchudzanie<\/strong>.<\/p>\n<p>&nbsp;<\/p>\n","protected":false},"excerpt":{"rendered":"<ul>\n<li>Herbata o dzia\u0142aniu koj\u0105cym<\/li>\n<li>Produkt naturalny, bez przeciwwskaza\u0144<\/li>\n<li>Pomaga w redukcji tkanki t\u0142uszczowej<\/li>\n<li>Wspiera usuwanie nadmiaru wody z organizmu<\/li>\n<li>Dzia\u0142a naturalnie na trawienie i flor\u0119 jelitow\u0105<\/li>\n<li>Wyprodukowano w Niemczech<\/li>\n<li>Zawarto\u015b\u0107: 250 g<\/li>\n<\/ul>\n<p>&nbsp;<\/p>\n","protected":false},"featured_media":27140,"comment_status":"open","ping_status":"closed","template":"","meta":{"_kad_blocks_custom_css":"","_kad_blocks_head_custom_js":"","_kad_blocks_body_custom_js":"","_kad_blocks_footer_custom_js":"","_kadence_starter_templates_imported_post":false,"_kad_post_transparent":"default","_kad_post_title":"","_kad_post_layout":"default","_kad_post_sidebar_id":"","_kad_post_content_style":"default","_kad_post_vertical_padding":"default","_kad_post_feature":"","_kad_post_feature_position":"","_kad_post_header":false,"_kad_post_footer":false,"_kad_post_classname":""},"product_brand":[],"product_cat":[1105,1100,1086,1085],"product_tag":[1126],"class_list":{"0":"post-29253","1":"product","2":"type-product","3":"status-publish","4":"has-post-thumbnail","6":"product_cat-jelita-trawienie","7":"product_cat-specjalisci","8":"product_cat-towarzysz-diety","9":"product_cat-zamienniki-posilkow","10":"product_tag-dieta-pl","12":"first","13":"instock","14":"taxable","15":"shipping-taxable","16":"purchasable","17":"product-type-simple","18":"entry","19":"content-bg","20":"loop-entry"},"yoast_head":"<!-- This site is optimized with the Yoast SEO Premium plugin v27.5 (Yoast SEO v27.5) - https:\/\/yoast.com\/product\/yoast-seo-premium-wordpress\/ -->\n<title>Herbata Zio\u0142owa na Odchudzanie | Smuk\u0142a sylwetka naturalnie<\/title>\n<meta name=\"description\" content=\"Herbata Zio\u0142owa na Odchudzanie \u2013 naturalna herbata zio\u0142owa, kt\u00f3ra wspiera spalanie t\u0142uszczu, redukcj\u0119 wody i trawienie. Niemiecka jako\u015b\u0107. Zam\u00f3w dzi\u015b!\" \/>\n<meta name=\"robots\" content=\"index, follow, max-snippet:-1, max-image-preview:large, max-video-preview:-1\" \/>\n<link rel=\"canonical\" href=\"https:\/\/www.lraloeverashop.eu\/pl\/produkt\/herbata-ziolowa-na-odchudzanie\/\" \/>\n<meta property=\"og:locale\" content=\"pl_PL\" \/>\n<meta property=\"og:type\" content=\"article\" \/>\n<meta property=\"og:title\" content=\"Herbata Zio\u0142owa na Odchudzanie\" \/>\n<meta property=\"og:description\" content=\"Herbata Zio\u0142owa na Odchudzanie \u2013 naturalna herbata zio\u0142owa, kt\u00f3ra wspiera spalanie t\u0142uszczu, redukcj\u0119 wody i trawienie. Niemiecka jako\u015b\u0107. Zam\u00f3w dzi\u015b!\" \/>\n<meta property=\"og:url\" content=\"https:\/\/www.lraloeverashop.eu\/pl\/produkt\/herbata-ziolowa-na-odchudzanie\/\" \/>\n<meta property=\"og:site_name\" content=\"Lr Aloe Vera Shop\" \/>\n<meta property=\"article:publisher\" content=\"https:\/\/www.facebook.com\/lraloeverashop.eu\" \/>\n<meta property=\"article:modified_time\" content=\"2025-12-14T11:08:57+00:00\" \/>\n<meta property=\"og:image\" content=\"https:\/\/www.lraloeverashop.eu\/wp-content\/uploads\/2022\/10\/fast-tea.jpg\" \/>\n\t<meta property=\"og:image:width\" content=\"1200\" \/>\n\t<meta property=\"og:image:height\" content=\"1200\" \/>\n\t<meta property=\"og:image:type\" content=\"image\/jpeg\" \/>\n<meta name=\"twitter:card\" content=\"summary_large_image\" \/>\n<meta name=\"twitter:site\" content=\"@natur__kosmetik\" \/>\n<script type=\"application\/ld+json\" class=\"yoast-schema-graph\">{\"@context\":\"https:\\\/\\\/schema.org\",\"@graph\":[{\"@type\":[\"WebPage\",\"ItemPage\"],\"@id\":\"https:\\\/\\\/www.lraloeverashop.eu\\\/pl\\\/produkt\\\/herbata-ziolowa-na-odchudzanie\\\/\",\"url\":\"https:\\\/\\\/www.lraloeverashop.eu\\\/pl\\\/produkt\\\/herbata-ziolowa-na-odchudzanie\\\/\",\"name\":\"Herbata Zio\u0142owa na Odchudzanie | Smuk\u0142a sylwetka naturalnie\",\"isPartOf\":{\"@id\":\"https:\\\/\\\/www.lraloeverashop.eu\\\/pl\\\/#website\"},\"primaryImageOfPage\":{\"@id\":\"https:\\\/\\\/www.lraloeverashop.eu\\\/pl\\\/produkt\\\/herbata-ziolowa-na-odchudzanie\\\/#primaryimage\"},\"image\":{\"@id\":\"https:\\\/\\\/www.lraloeverashop.eu\\\/pl\\\/produkt\\\/herbata-ziolowa-na-odchudzanie\\\/#primaryimage\"},\"thumbnailUrl\":\"https:\\\/\\\/www.lraloeverashop.eu\\\/wp-content\\\/uploads\\\/2022\\\/10\\\/fast-tea.jpg\",\"datePublished\":\"2022-10-14T09:02:51+00:00\",\"dateModified\":\"2025-12-14T11:08:57+00:00\",\"description\":\"Herbata Zio\u0142owa na Odchudzanie \u2013 naturalna herbata zio\u0142owa, kt\u00f3ra wspiera spalanie t\u0142uszczu, redukcj\u0119 wody i trawienie. Niemiecka jako\u015b\u0107. Zam\u00f3w dzi\u015b!\",\"breadcrumb\":{\"@id\":\"https:\\\/\\\/www.lraloeverashop.eu\\\/pl\\\/produkt\\\/herbata-ziolowa-na-odchudzanie\\\/#breadcrumb\"},\"inLanguage\":\"pl-PL\",\"potentialAction\":[{\"@type\":\"ReadAction\",\"target\":[\"https:\\\/\\\/www.lraloeverashop.eu\\\/pl\\\/produkt\\\/herbata-ziolowa-na-odchudzanie\\\/\"]}]},{\"@type\":\"ImageObject\",\"inLanguage\":\"pl-PL\",\"@id\":\"https:\\\/\\\/www.lraloeverashop.eu\\\/pl\\\/produkt\\\/herbata-ziolowa-na-odchudzanie\\\/#primaryimage\",\"url\":\"https:\\\/\\\/www.lraloeverashop.eu\\\/wp-content\\\/uploads\\\/2022\\\/10\\\/fast-tea.jpg\",\"contentUrl\":\"https:\\\/\\\/www.lraloeverashop.eu\\\/wp-content\\\/uploads\\\/2022\\\/10\\\/fast-tea.jpg\",\"width\":1200,\"height\":1200,\"caption\":\"Skuteczna Herbata zio\u0142owa na odchudzanie\"},{\"@type\":\"BreadcrumbList\",\"@id\":\"https:\\\/\\\/www.lraloeverashop.eu\\\/pl\\\/produkt\\\/herbata-ziolowa-na-odchudzanie\\\/#breadcrumb\",\"itemListElement\":[{\"@type\":\"ListItem\",\"position\":1,\"name\":\"Home\",\"item\":\"https:\\\/\\\/www.lraloeverashop.eu\\\/pl\\\/\"},{\"@type\":\"ListItem\",\"position\":2,\"name\":\"Sklep\",\"item\":\"https:\\\/\\\/www.lraloeverashop.eu\\\/pl\\\/sklep\\\/\"},{\"@type\":\"ListItem\",\"position\":3,\"name\":\"Herbata Zio\u0142owa na Odchudzanie\"}]},{\"@type\":\"WebSite\",\"@id\":\"https:\\\/\\\/www.lraloeverashop.eu\\\/pl\\\/#website\",\"url\":\"https:\\\/\\\/www.lraloeverashop.eu\\\/pl\\\/\",\"name\":\"Lr Aloe Vera Shop\",\"description\":\"High Quality Lr Aloe Vera Gel, Aloe Vera Cream and Shampoo\",\"publisher\":{\"@id\":\"https:\\\/\\\/www.lraloeverashop.eu\\\/pl\\\/#organization\"},\"alternateName\":\"LR\",\"potentialAction\":[{\"@type\":\"SearchAction\",\"target\":{\"@type\":\"EntryPoint\",\"urlTemplate\":\"https:\\\/\\\/www.lraloeverashop.eu\\\/pl\\\/?s={search_term_string}\"},\"query-input\":{\"@type\":\"PropertyValueSpecification\",\"valueRequired\":true,\"valueName\":\"search_term_string\"}}],\"inLanguage\":\"pl-PL\"},{\"@type\":\"Organization\",\"@id\":\"https:\\\/\\\/www.lraloeverashop.eu\\\/pl\\\/#organization\",\"name\":\"Sklep Lr Aloe Vera\",\"alternateName\":\"LR\",\"url\":\"https:\\\/\\\/www.lraloeverashop.eu\\\/pl\\\/\",\"logo\":{\"@type\":\"ImageObject\",\"inLanguage\":\"pl-PL\",\"@id\":\"https:\\\/\\\/www.lraloeverashop.eu\\\/pl\\\/#\\\/schema\\\/logo\\\/image\\\/\",\"url\":\"https:\\\/\\\/www.lraloeverashop.eu\\\/wp-content\\\/uploads\\\/2022\\\/09\\\/cropped-Lr-Aloe-Vera-Shop.jpg\",\"contentUrl\":\"https:\\\/\\\/www.lraloeverashop.eu\\\/wp-content\\\/uploads\\\/2022\\\/09\\\/cropped-Lr-Aloe-Vera-Shop.jpg\",\"width\":228,\"height\":76,\"caption\":\"Sklep Lr Aloe Vera\"},\"image\":{\"@id\":\"https:\\\/\\\/www.lraloeverashop.eu\\\/pl\\\/#\\\/schema\\\/logo\\\/image\\\/\"},\"sameAs\":[\"https:\\\/\\\/www.facebook.com\\\/lraloeverashop.eu\",\"https:\\\/\\\/x.com\\\/natur__kosmetik\",\"https:\\\/\\\/www.youtube.com\\\/channel\\\/UC5oN7BJ8nfYb8RpVtjwDEBA\",\"https:\\\/\\\/www.instagram.com\\\/lrbeautyeu\\\/\"],\"description\":\"Sklep LR Aloe Vera to Twoje zaufane \u017ar\u00f3d\u0142o wysokiej jako\u015bci produkt\u00f3w LR Health & Beauty wyprodukowanych w Niemczech. Oferujemy wysokiej jako\u015bci produkty do piel\u0119gnacji sk\u00f3ry, od\u017cywiania i przeciwstarzeniowe z aloesem, stworzone z czystych sk\u0142adnik\u00f3w i poparte badaniami naukowymi. Odkryj naturaln\u0105 piel\u0119gnacj\u0119, kt\u00f3ra regeneruje, chroni i rewitalizuje Twoj\u0105 sk\u00f3r\u0119 \u2014 i korzystaj z ekskluzywnych comiesi\u0119cznych ofert na nasze bestsellerowe produkty LR Aloe Vera.\\nRozpocznij swoj\u0105 naturaln\u0105 piel\u0119gnacj\u0119 sk\u00f3ry ju\u017c dzi\u015b i poczuj r\u00f3\u017cnic\u0119.\",\"email\":\"info@lraloeverashop.eu\",\"telephone\":\"+49 17670609653\",\"legalName\":\"Lr Aloe Vera Shop\",\"foundingDate\":\"2018-04-21\",\"numberOfEmployees\":{\"@type\":\"QuantitativeValue\",\"minValue\":\"1\",\"maxValue\":\"10\"}}]}<\/script>\n<meta property=\"product:price:amount\" content=\"25.29\" \/>\n<meta property=\"product:price:currency\" content=\"EUR\" \/>\n<meta property=\"og:availability\" content=\"instock\" \/>\n<meta property=\"product:availability\" content=\"instock\" \/>\n<meta property=\"product:retailer_item_id\" content=\"80205-401PL\" \/>\n<meta property=\"product:condition\" content=\"new\" \/>\n<!-- \/ Yoast SEO Premium plugin. -->","yoast_head_json":{"title":"Herbata Zio\u0142owa na Odchudzanie | Smuk\u0142a sylwetka naturalnie","description":"Herbata Zio\u0142owa na Odchudzanie \u2013 naturalna herbata zio\u0142owa, kt\u00f3ra wspiera spalanie t\u0142uszczu, redukcj\u0119 wody i trawienie. Niemiecka jako\u015b\u0107. Zam\u00f3w dzi\u015b!","robots":{"index":"index","follow":"follow","max-snippet":"max-snippet:-1","max-image-preview":"max-image-preview:large","max-video-preview":"max-video-preview:-1"},"canonical":"https:\/\/www.lraloeverashop.eu\/pl\/produkt\/herbata-ziolowa-na-odchudzanie\/","og_locale":"pl_PL","og_type":"article","og_title":"Herbata Zio\u0142owa na Odchudzanie","og_description":"Herbata Zio\u0142owa na Odchudzanie \u2013 naturalna herbata zio\u0142owa, kt\u00f3ra wspiera spalanie t\u0142uszczu, redukcj\u0119 wody i trawienie. Niemiecka jako\u015b\u0107. Zam\u00f3w dzi\u015b!","og_url":"https:\/\/www.lraloeverashop.eu\/pl\/produkt\/herbata-ziolowa-na-odchudzanie\/","og_site_name":"Lr Aloe Vera Shop","article_publisher":"https:\/\/www.facebook.com\/lraloeverashop.eu","article_modified_time":"2025-12-14T11:08:57+00:00","og_image":[{"width":1200,"height":1200,"url":"https:\/\/www.lraloeverashop.eu\/wp-content\/uploads\/2022\/10\/fast-tea.jpg","type":"image\/jpeg"}],"twitter_card":"summary_large_image","twitter_site":"@natur__kosmetik","schema":{"@context":"https:\/\/schema.org","@graph":[{"@type":["WebPage","ItemPage"],"@id":"https:\/\/www.lraloeverashop.eu\/pl\/produkt\/herbata-ziolowa-na-odchudzanie\/","url":"https:\/\/www.lraloeverashop.eu\/pl\/produkt\/herbata-ziolowa-na-odchudzanie\/","name":"Herbata Zio\u0142owa na Odchudzanie | Smuk\u0142a sylwetka naturalnie","isPartOf":{"@id":"https:\/\/www.lraloeverashop.eu\/pl\/#website"},"primaryImageOfPage":{"@id":"https:\/\/www.lraloeverashop.eu\/pl\/produkt\/herbata-ziolowa-na-odchudzanie\/#primaryimage"},"image":{"@id":"https:\/\/www.lraloeverashop.eu\/pl\/produkt\/herbata-ziolowa-na-odchudzanie\/#primaryimage"},"thumbnailUrl":"https:\/\/www.lraloeverashop.eu\/wp-content\/uploads\/2022\/10\/fast-tea.jpg","datePublished":"2022-10-14T09:02:51+00:00","dateModified":"2025-12-14T11:08:57+00:00","description":"Herbata Zio\u0142owa na Odchudzanie \u2013 naturalna herbata zio\u0142owa, kt\u00f3ra wspiera spalanie t\u0142uszczu, redukcj\u0119 wody i trawienie. Niemiecka jako\u015b\u0107. Zam\u00f3w dzi\u015b!","breadcrumb":{"@id":"https:\/\/www.lraloeverashop.eu\/pl\/produkt\/herbata-ziolowa-na-odchudzanie\/#breadcrumb"},"inLanguage":"pl-PL","potentialAction":[{"@type":"ReadAction","target":["https:\/\/www.lraloeverashop.eu\/pl\/produkt\/herbata-ziolowa-na-odchudzanie\/"]}]},{"@type":"ImageObject","inLanguage":"pl-PL","@id":"https:\/\/www.lraloeverashop.eu\/pl\/produkt\/herbata-ziolowa-na-odchudzanie\/#primaryimage","url":"https:\/\/www.lraloeverashop.eu\/wp-content\/uploads\/2022\/10\/fast-tea.jpg","contentUrl":"https:\/\/www.lraloeverashop.eu\/wp-content\/uploads\/2022\/10\/fast-tea.jpg","width":1200,"height":1200,"caption":"Skuteczna Herbata zio\u0142owa na odchudzanie"},{"@type":"BreadcrumbList","@id":"https:\/\/www.lraloeverashop.eu\/pl\/produkt\/herbata-ziolowa-na-odchudzanie\/#breadcrumb","itemListElement":[{"@type":"ListItem","position":1,"name":"Home","item":"https:\/\/www.lraloeverashop.eu\/pl\/"},{"@type":"ListItem","position":2,"name":"Sklep","item":"https:\/\/www.lraloeverashop.eu\/pl\/sklep\/"},{"@type":"ListItem","position":3,"name":"Herbata Zio\u0142owa na Odchudzanie"}]},{"@type":"WebSite","@id":"https:\/\/www.lraloeverashop.eu\/pl\/#website","url":"https:\/\/www.lraloeverashop.eu\/pl\/","name":"Lr Aloe Vera Shop","description":"High Quality Lr Aloe Vera Gel, Aloe Vera Cream and Shampoo","publisher":{"@id":"https:\/\/www.lraloeverashop.eu\/pl\/#organization"},"alternateName":"LR","potentialAction":[{"@type":"SearchAction","target":{"@type":"EntryPoint","urlTemplate":"https:\/\/www.lraloeverashop.eu\/pl\/?s={search_term_string}"},"query-input":{"@type":"PropertyValueSpecification","valueRequired":true,"valueName":"search_term_string"}}],"inLanguage":"pl-PL"},{"@type":"Organization","@id":"https:\/\/www.lraloeverashop.eu\/pl\/#organization","name":"Sklep Lr Aloe Vera","alternateName":"LR","url":"https:\/\/www.lraloeverashop.eu\/pl\/","logo":{"@type":"ImageObject","inLanguage":"pl-PL","@id":"https:\/\/www.lraloeverashop.eu\/pl\/#\/schema\/logo\/image\/","url":"https:\/\/www.lraloeverashop.eu\/wp-content\/uploads\/2022\/09\/cropped-Lr-Aloe-Vera-Shop.jpg","contentUrl":"https:\/\/www.lraloeverashop.eu\/wp-content\/uploads\/2022\/09\/cropped-Lr-Aloe-Vera-Shop.jpg","width":228,"height":76,"caption":"Sklep Lr Aloe Vera"},"image":{"@id":"https:\/\/www.lraloeverashop.eu\/pl\/#\/schema\/logo\/image\/"},"sameAs":["https:\/\/www.facebook.com\/lraloeverashop.eu","https:\/\/x.com\/natur__kosmetik","https:\/\/www.youtube.com\/channel\/UC5oN7BJ8nfYb8RpVtjwDEBA","https:\/\/www.instagram.com\/lrbeautyeu\/"],"description":"Sklep LR Aloe Vera to Twoje zaufane \u017ar\u00f3d\u0142o wysokiej jako\u015bci produkt\u00f3w LR Health & Beauty wyprodukowanych w Niemczech. Oferujemy wysokiej jako\u015bci produkty do piel\u0119gnacji sk\u00f3ry, od\u017cywiania i przeciwstarzeniowe z aloesem, stworzone z czystych sk\u0142adnik\u00f3w i poparte badaniami naukowymi. Odkryj naturaln\u0105 piel\u0119gnacj\u0119, kt\u00f3ra regeneruje, chroni i rewitalizuje Twoj\u0105 sk\u00f3r\u0119 \u2014 i korzystaj z ekskluzywnych comiesi\u0119cznych ofert na nasze bestsellerowe produkty LR Aloe Vera.\nRozpocznij swoj\u0105 naturaln\u0105 piel\u0119gnacj\u0119 sk\u00f3ry ju\u017c dzi\u015b i poczuj r\u00f3\u017cnic\u0119.","email":"info@lraloeverashop.eu","telephone":"+49 17670609653","legalName":"Lr Aloe Vera Shop","foundingDate":"2018-04-21","numberOfEmployees":{"@type":"QuantitativeValue","minValue":"1","maxValue":"10"}}]},"product_price_amount":"25.29","product_price_currency":"EUR","og_availability":"instock","product_availability":"instock","product_retailer_item_id":"80205-401PL","product_condition":"new"},"taxonomy_info":{"product_cat":[{"value":1105,"label":"Jelita &amp; Trawienie"},{"value":1100,"label":"Specjali\u015bci"},{"value":1086,"label":"Towarzysz diety"},{"value":1085,"label":"Zamienniki posi\u0142k\u00f3w"}],"product_tag":[{"value":1126,"label":"dieta"}]},"featured_image_src_large":["https:\/\/www.lraloeverashop.eu\/wp-content\/uploads\/2022\/10\/fast-tea-1024x1024.jpg",1024,1024,true],"author_info":[],"comment_info":0,"_links":{"self":[{"href":"https:\/\/www.lraloeverashop.eu\/pl\/wp-json\/wp\/v2\/product\/29253","targetHints":{"allow":["GET"]}}],"collection":[{"href":"https:\/\/www.lraloeverashop.eu\/pl\/wp-json\/wp\/v2\/product"}],"about":[{"href":"https:\/\/www.lraloeverashop.eu\/pl\/wp-json\/wp\/v2\/types\/product"}],"replies":[{"embeddable":true,"href":"https:\/\/www.lraloeverashop.eu\/pl\/wp-json\/wp\/v2\/comments?post=29253"}],"wp:featuredmedia":[{"embeddable":true,"href":"https:\/\/www.lraloeverashop.eu\/pl\/wp-json\/wp\/v2\/media\/27140"}],"wp:attachment":[{"href":"https:\/\/www.lraloeverashop.eu\/pl\/wp-json\/wp\/v2\/media?parent=29253"}],"wp:term":[{"taxonomy":"product_brand","embeddable":true,"href":"https:\/\/www.lraloeverashop.eu\/pl\/wp-json\/wp\/v2\/product_brand?post=29253"},{"taxonomy":"product_cat","embeddable":true,"href":"https:\/\/www.lraloeverashop.eu\/pl\/wp-json\/wp\/v2\/product_cat?post=29253"},{"taxonomy":"product_tag","embeddable":true,"href":"https:\/\/www.lraloeverashop.eu\/pl\/wp-json\/wp\/v2\/product_tag?post=29253"}],"curies":[{"name":"wp","href":"https:\/\/api.w.org\/{rel}","templated":true}]}}