{"id":29240,"date":"2022-10-15T12:59:08","date_gmt":"2022-10-15T10:59:08","guid":{"rendered":"https:\/\/www.lraloeverashop.eu\/product\/eliksir-piekna\/"},"modified":"2026-04-18T20:37:34","modified_gmt":"2026-04-18T18:37:34","slug":"eliksir-piekna","status":"publish","type":"product","link":"https:\/\/www.lraloeverashop.eu\/pl\/produkt\/eliksir-piekna\/","title":{"rendered":"Eliksir Pi\u0119kna 5w1 Beauty Elixir"},"content":{"rendered":"<h2><span style=\"font-size: 16pt;\"><strong>Eliksir Pi\u0119kna 5w1 Beauty Elixir<\/strong><\/span><\/h2>\n<p><span style=\"font-size: 14pt;\"><strong>Eliksir Pi\u0119kna 5w1 Beauty Elixir \u2013 Jedyne, czego potrzebuje kobieta<\/strong><\/span><\/p>\n<p style=\"text-align: left;\">Dzi\u0119ki innowacyjnemu, podw\u00f3jnemu kompleksowi sk\u0142adnik\u00f3w Eliksir Pi\u0119kna 5w1 Beauty Elixir spe\u0142nia jednocze\u015bnie najwa\u017cniejsze marzenia dotycz\u0105ce urody: m\u0142odszy wygl\u0105d, czyst\u0105 cer\u0119, j\u0119drne cia\u0142o, l\u015bni\u0105ce w\u0142osy oraz mocne paznokcie!<span style=\"font-size: 12px;\"><sup>1-4<\/sup><\/span> Tylko jedna ampu\u0142ka dziennie skutecznie aktywuje naturalne procesy pi\u0119kna w organizmie i chroni przed g\u0142\u00f3wnymi przyczynami starzenia si\u0119, zapewniaj\u0105c ponadczasowe pi\u0119kno od st\u00f3p do g\u0142\u00f3w \u2013 w ka\u017cdym wieku.<span style=\"font-size: 12px;\"><sup>1-4<\/sup><\/span>.<\/p>\n<p>&nbsp;<\/p>\n<h3 style=\"text-align: left;\"><span style=\"font-size: 16pt;\"><strong>1.<\/strong> M\u0142odszy wygl\u0105d i mniej zmarszczek<\/span><\/h3>\n<p>&#8211; Redukcja zmarszczek dzi\u0119ki witaminie C\u00b9 oraz g\u0142\u0119boko dzia\u0142aj\u0105cym peptydom kolagenu\u2076<br \/>\n&#8211; Eliksir Pi\u0119kna 5w1 Beauty Elixir zwi\u0119ksza elastyczno\u015b\u0107 sk\u00f3ry o 15% dzi\u0119ki skutecznym peptydom kolagenowym\u2077<br \/>\n&#8211; \u017bel Aloe Vera, ekstrakt z czerwonej pomara\u0144czy, r\u00f3\u017ceniec g\u00f3rski oraz ekstrakt z zielonej herbaty chroni\u0105 sk\u00f3r\u0119 przed g\u0142\u00f3wnymi czynnikami starzenia, takimi jak promieniowanie UV<\/p>\n<p>&nbsp;<\/p>\n<h4 style=\"text-align: left;\"><span style=\"font-size: 16pt;\"><strong>2<\/strong>. <strong>Czysta, zdrowa cera bez podra\u017cnie\u0144<\/strong><\/span><\/h4>\n<p>&#8211; Eliksir Pi\u0119kna 5w1 Beauty Elixir chroni przed czynnikami zewn\u0119trznymi dzi\u0119ki ekstraktowi z bor\u00f3wki oraz witaminie E\u2075<br \/>\n&#8211; Wzmocnienie funkcji sk\u00f3ry i pigmentacji dzi\u0119ki wysokiemu st\u0119\u017ceniu witamin: A, E, tiaminy, ryboflawiny, niacyny, B6, biotyny, B12, C oraz cynku jako niezb\u0119dnego pierwiastka \u015bladowego\u00b9<\/p>\n<p>&nbsp;<\/p>\n<h2 style=\"text-align: left;\"><span style=\"font-size: 16pt;\"><strong>3. J\u0119drne cia\u0142o i mniej cellulitu<\/strong><\/span><\/h2>\n<p>&#8211; Peptydy kolagenu zwi\u0119kszaj\u0105 g\u0119sto\u015b\u0107 sk\u00f3ry i potwierdzono ich skuteczno\u015b\u0107 w redukcji cellulitu\u2078<br \/>\n&#8211; Mied\u017a\u00b2 oraz \u017cel Aloe Vera w Eliksir Pi\u0119kna 5w1 Beauty Elixir wzmacniaj\u0105 tkank\u0119 \u0142\u0105czn\u0105<\/p>\n<p>&nbsp;<\/p>\n<h3 style=\"text-align: left;\"><span style=\"font-size: 16pt;\"><strong>4. G\u0119ste, l\u015bni\u0105ce w\u0142osy<\/strong><\/span><\/h3>\n<p>&#8211; Biotyna wzmacnia w\u0142osy i od\u017cywia je od wewn\u0105trz\u00b3<br \/>\n&#8211; Mied\u017a wspiera prawid\u0142ow\u0105 pigmentacj\u0119 w\u0142os\u00f3w, zapewniaj\u0105c zdrowy blask\u00b3<\/p>\n<p>&nbsp;<\/p>\n<h4 style=\"text-align: left;\"><span style=\"font-size: 16pt;\"><strong>5. Mocne i zdrowe paznokcie<\/strong><\/span><\/h4>\n<p>&#8211; Peptydy kolagenu przyspieszaj\u0105 wzrost paznokci \u2013 \u0142amliwo\u015b\u0107 mo\u017ce zosta\u0107 zmniejszona nawet o 42%\u2079<br \/>\n&#8211; Cynk wzmacnia paznokcie\u2074<\/p>\n<p style=\"text-align: left;\">\n<p><span style=\"font-size: 16pt;\"><strong>Unikalne na rynku: Eliksir Pi\u0119kna 5w1 Beauty Elixir Podw\u00f3jny Kompleks<\/strong><\/span><\/p>\n<p><strong><span style=\"font-size: 14pt;\">Kompleks Aktywny<\/span><\/strong><\/p>\n<p>Aktywny kompleks sk\u0142adnik\u00f3w pobudza procesy pi\u0119kna w organizmie i przeciwdzia\u0142a oznakom starzenia\u00b9\u2013\u2075. Zawiera kluczowe sk\u0142adniki w wysokim st\u0119\u017ceniu:<\/p>\n<p>&#8211; 2,5 g peptyd\u00f3w kolagenu<br \/>\n&#8211; 50 mg kwasu hialuronowego<br \/>\n&#8211; Mied\u017a i cynk<\/p>\n<p>9 witamin w wysokim st\u0119\u017ceniu:<br \/>\n100% witaminy E, B6, B12, C, tiaminy, ryboflawiny, niacyny, biotyny na dzienn\u0105 porcj\u0119* oraz 75% witaminy A na dzienn\u0105 porcj\u0119*<\/p>\n<p>&nbsp;<\/p>\n<p><strong><span style=\"font-size: 14pt;\">Kompleks zapobiegawczy<\/span><\/strong><\/p>\n<p>Kompleks ochronny w Eliksir Pi\u0119kna 5w1 Beauty Elixir zabezpiecza organizm przed czynnikami \u015brodowiskowymi i zapobiega pojawianiu si\u0119 oznak starzenia. \u0141\u0105czy najcenniejsze sk\u0142adniki naturalne:<\/p>\n<p>&#8211; 20% \u017celu Aloe Vera<br \/>\n&#8211; Ekstrakt z czerwonej pomara\u0144czy<br \/>\n&#8211; Ekstrakt z bor\u00f3wki<br \/>\n&#8211; Ekstrakt z r\u00f3\u017ce\u0144ca g\u00f3rskiego (Rhodiola rosea)<br \/>\n&#8211; Ekstrakt z zielonej herbaty<\/p>\n<p>&nbsp;<\/p>\n<h2><strong><span style=\"font-size: 16pt;\">Jak stosowa\u0107 Eliksir Pi\u0119kna 5w1 Beauty Elixir<\/span><\/strong><\/h2>\n<p>Recommended intake: One drinking ampoule per day. Please shake before use.<\/p>\n<p><strong>Zalecane spo\u017cycie:<\/strong> jedna ampu\u0142ka dziennie. Przed u\u017cyciem wstrz\u0105sn\u0105\u0107.<\/p>\n<p>Nie przekracza\u0107 zalecanej dziennej porcji. Suplement diety nie zast\u0119puje zr\u00f3\u017cnicowanej i zbilansowanej diety ani zdrowego stylu \u017cycia. Przechowywa\u0107 w miejscu niedost\u0119pnym dla dzieci. Zawiera kofein\u0119. Nie zaleca si\u0119 stosowania u dzieci oraz kobiet w ci\u0105\u017cy (zawarto\u015b\u0107 kofeiny: 0,8 mg na 25 ml).<\/p>\n<p>Warunki przechowywania: chroni\u0107 Eliksir Pi\u0119kna 5w1 Beauty Elixir przed bezpo\u015brednim \u015bwiat\u0142em s\u0142onecznym. Przechowywa\u0107 w suchym miejscu, w temperaturze pokojowej.<br \/>\nNie wymaga przechowywania w lod\u00f3wce.<\/p>\n<p>* Referencyjna warto\u015b\u0107 spo\u017cycia zgodnie z Rozporz\u0105dzeniem w sprawie Informacji o \u017bywno\u015bci<br \/>\n** Brak ustalonych referencyjnych warto\u015bci spo\u017cycia<\/p>\n<p>&nbsp;<\/p>\n<p><span style=\"font-size: 12px;\"><sup>1<\/sup><\/span> Biotyna, cynk, witamina A, ryboflawina oraz niacyna pomagaj\u0105 w zachowaniu prawid\u0142owego stanu sk\u00f3ry. Mied\u017a przyczynia si\u0119 do utrzymania prawid\u0142owej pigmentacji sk\u00f3ry. Witamina C wspiera prawid\u0142owe tworzenie kolagenu w celu zapewnienia prawid\u0142owego funkcjonowania sk\u00f3ry.<br \/>\n<span style=\"font-size: 12px;\"><sup>2<\/sup><\/span> Mied\u017a pomaga w utrzymaniu prawid\u0142owego stanu tkanki \u0142\u0105cznej.<br \/>\n<span style=\"font-size: 12px;\"><sup>3<\/sup><\/span> Biotyna i cynk przyczyniaj\u0105 si\u0119 do utrzymania zdrowych w\u0142os\u00f3w. Mied\u017a pomaga w zachowaniu prawid\u0142owej pigmentacji w\u0142os\u00f3w.<br \/>\n<span style=\"font-size: 12px;\"><sup>4<\/sup><\/span> Cynk pomaga w utrzymaniu zdrowych paznokci.<br \/>\n<span style=\"font-size: 12px;\"><sup>5<\/sup><\/span> Witamina E w Eliksir Pi\u0119kna 5w1 Beauty Elixir pomaga w ochronie kom\u00f3rek przed stresem oksydacyjnym. Tiamina przyczynia si\u0119 do prawid\u0142owego metabolizmu energetycznego. Witaminy B6 i B12 pomagaj\u0105 w zmniejszeniu uczucia zm\u0119czenia i znu\u017cenia.<br \/>\n<span style=\"font-size: 12px;\"><sup>6<\/sup><\/span> Proksch i in., 2014, Skin Pharmacology and Physiology; 27:113\u2013119. Znacz\u0105ca redukcja zmarszczek oraz wzrost st\u0119\u017cenia kolagenu w sk\u00f3rze po 4 tygodniach stosowania. Badanie przeprowadzone na 100 kobietach w wieku od 45 do 65 lat.<br \/>\n<span style=\"font-size: 12px;\"><sup>7<\/sup><\/span> Proksch i in., 2014, Skin Pharmacology and Physiology; 27:47\u201355. Wzrost elastyczno\u015bci sk\u00f3ry o 15% po 4 tygodniach stosowania. Badanie przeprowadzone na 69 kobietach w wieku od 35 do 55 lat.<br \/>\n<span style=\"font-size: 12px;\"><sup>8<\/sup><\/span> Schunck i in., 2015, Journal of Medicinal Food; 18(12):1340\u20131348. Znacz\u0105ca redukcja cellulitu ju\u017c po 3 miesi\u0105cach oraz zauwa\u017calny wzrost g\u0119sto\u015bci sk\u00f3ry po 6 miesi\u0105cach stosowania. Badanie przeprowadzone na 105 kobietach w wieku od 25 do 50 lat.<\/p>\n<p>Znaczna redukcja uszkodze\u0144 paznokci po 2 miesi\u0105cach stosowania i zwi\u0119kszony wzrost paznokci po 3 miesi\u0105cach. Ocena u 25 kobiet w wieku od 18 do 50 lat.<\/p>\n","protected":false},"excerpt":{"rendered":"<ul>\n<li>Innowacja!<\/li>\n<li>Unikalny eliksir pi\u0119kna z podw\u00f3jnym kompleksem sk\u0142adnik\u00f3w<\/li>\n<li>Spe\u0142nia jednocze\u015bnie 5 pragnie\u0144 dotycz\u0105cych urody: m\u0142odszy wygl\u0105d, czysta cera, j\u0119drne cia\u0142o, g\u0119ste w\u0142osy i mocne paznokcie\u00b9\u2013\u2074<\/li>\n<li>Dzia\u0142a aktywnie i profilaktycznie<\/li>\n<li>Nie zawiera substancji s\u0142odz\u0105cych, sztucznych barwnik\u00f3w, laktozy ani glutenu<\/li>\n<li>30 ampu\u0142ek \u00d7 25 ml ka\u017cda<\/li>\n<\/ul>\n<p>&nbsp;<\/p>\n","protected":false},"featured_media":30446,"comment_status":"open","ping_status":"closed","template":"","meta":{"_kad_blocks_custom_css":"","_kad_blocks_head_custom_js":"","_kad_blocks_body_custom_js":"","_kad_blocks_footer_custom_js":"","_kadence_starter_templates_imported_post":false,"_kad_post_transparent":"default","_kad_post_title":"","_kad_post_layout":"default","_kad_post_sidebar_id":"","_kad_post_content_style":"default","_kad_post_vertical_padding":"default","_kad_post_feature":"","_kad_post_feature_position":"","_kad_post_header":false,"_kad_post_footer":false,"_kad_post_classname":""},"product_brand":[],"product_cat":[1092,1101,1091,1100],"product_tag":[],"class_list":{"0":"post-29240","1":"product","2":"type-product","3":"status-publish","4":"has-post-thumbnail","6":"product_cat-beauty-shot-pl","7":"product_cat-piekno-od-srodka","8":"product_cat-produkty-specjalne","9":"product_cat-specjalisci","11":"first","12":"instock","13":"taxable","14":"shipping-taxable","15":"purchasable","16":"product-type-simple","17":"entry","18":"content-bg","19":"loop-entry"},"yoast_head":"<!-- This site is optimized with the Yoast SEO Premium plugin v27.5 (Yoast SEO v27.5) - https:\/\/yoast.com\/product\/yoast-seo-premium-wordpress\/ -->\n<title>Eliksir Pi\u0119kna 5w1 Beauty Elixir - Jedyne czego potrzebuje kobieta<\/title>\n<meta name=\"description\" content=\"Eliksir Pi\u0119kna 5w1 Beauty Elixir wspiera m\u0142ody wygl\u0105d, j\u0119drn\u0105 sk\u00f3r\u0119, l\u015bni\u0105ce w\u0142osy i mocne paznokcie. Tylko 1 ampu\u0142ka dziennie \u2013 sprawd\u017a sama!\" \/>\n<meta name=\"robots\" content=\"index, follow, max-snippet:-1, max-image-preview:large, max-video-preview:-1\" \/>\n<link rel=\"canonical\" href=\"https:\/\/www.lraloeverashop.eu\/pl\/produkt\/eliksir-piekna\/\" \/>\n<meta property=\"og:locale\" content=\"pl_PL\" \/>\n<meta property=\"og:type\" content=\"article\" \/>\n<meta property=\"og:title\" content=\"Eliksir Pi\u0119kna 5w1 Beauty Elixir\" \/>\n<meta property=\"og:description\" content=\"Eliksir Pi\u0119kna 5w1 Beauty Elixir wspiera m\u0142ody wygl\u0105d, j\u0119drn\u0105 sk\u00f3r\u0119, l\u015bni\u0105ce w\u0142osy i mocne paznokcie. Tylko 1 ampu\u0142ka dziennie \u2013 sprawd\u017a sama!\" \/>\n<meta property=\"og:url\" content=\"https:\/\/www.lraloeverashop.eu\/pl\/produkt\/eliksir-piekna\/\" \/>\n<meta property=\"og:site_name\" content=\"Lr Aloe Vera Shop\" \/>\n<meta property=\"article:publisher\" content=\"https:\/\/www.facebook.com\/lraloeverashop.eu\" \/>\n<meta property=\"article:modified_time\" content=\"2026-04-18T18:37:34+00:00\" \/>\n<meta property=\"og:image\" content=\"https:\/\/www.lraloeverashop.eu\/wp-content\/uploads\/2026\/04\/Lr-Natural-Beauty-Elixir-Drink.jpeg\" \/>\n\t<meta property=\"og:image:width\" content=\"1200\" \/>\n\t<meta property=\"og:image:height\" content=\"1200\" \/>\n\t<meta property=\"og:image:type\" content=\"image\/jpeg\" \/>\n<meta name=\"twitter:card\" content=\"summary_large_image\" \/>\n<meta name=\"twitter:site\" content=\"@natur__kosmetik\" \/>\n<script type=\"application\/ld+json\" class=\"yoast-schema-graph\">{\"@context\":\"https:\\\/\\\/schema.org\",\"@graph\":[{\"@type\":[\"WebPage\",\"ItemPage\"],\"@id\":\"https:\\\/\\\/www.lraloeverashop.eu\\\/pl\\\/produkt\\\/eliksir-piekna\\\/\",\"url\":\"https:\\\/\\\/www.lraloeverashop.eu\\\/pl\\\/produkt\\\/eliksir-piekna\\\/\",\"name\":\"Eliksir Pi\u0119kna 5w1 Beauty Elixir - Jedyne czego potrzebuje kobieta\",\"isPartOf\":{\"@id\":\"https:\\\/\\\/www.lraloeverashop.eu\\\/pl\\\/#website\"},\"primaryImageOfPage\":{\"@id\":\"https:\\\/\\\/www.lraloeverashop.eu\\\/pl\\\/produkt\\\/eliksir-piekna\\\/#primaryimage\"},\"image\":{\"@id\":\"https:\\\/\\\/www.lraloeverashop.eu\\\/pl\\\/produkt\\\/eliksir-piekna\\\/#primaryimage\"},\"thumbnailUrl\":\"https:\\\/\\\/www.lraloeverashop.eu\\\/wp-content\\\/uploads\\\/2026\\\/04\\\/Lr-Natural-Beauty-Elixir-Drink.jpeg\",\"datePublished\":\"2022-10-15T10:59:08+00:00\",\"dateModified\":\"2026-04-18T18:37:34+00:00\",\"description\":\"Eliksir Pi\u0119kna 5w1 Beauty Elixir wspiera m\u0142ody wygl\u0105d, j\u0119drn\u0105 sk\u00f3r\u0119, l\u015bni\u0105ce w\u0142osy i mocne paznokcie. Tylko 1 ampu\u0142ka dziennie \u2013 sprawd\u017a sama!\",\"breadcrumb\":{\"@id\":\"https:\\\/\\\/www.lraloeverashop.eu\\\/pl\\\/produkt\\\/eliksir-piekna\\\/#breadcrumb\"},\"inLanguage\":\"pl-PL\",\"potentialAction\":[{\"@type\":\"ReadAction\",\"target\":[\"https:\\\/\\\/www.lraloeverashop.eu\\\/pl\\\/produkt\\\/eliksir-piekna\\\/\"]}]},{\"@type\":\"ImageObject\",\"inLanguage\":\"pl-PL\",\"@id\":\"https:\\\/\\\/www.lraloeverashop.eu\\\/pl\\\/produkt\\\/eliksir-piekna\\\/#primaryimage\",\"url\":\"https:\\\/\\\/www.lraloeverashop.eu\\\/wp-content\\\/uploads\\\/2026\\\/04\\\/Lr-Natural-Beauty-Elixir-Drink.jpeg\",\"contentUrl\":\"https:\\\/\\\/www.lraloeverashop.eu\\\/wp-content\\\/uploads\\\/2026\\\/04\\\/Lr-Natural-Beauty-Elixir-Drink.jpeg\",\"width\":1200,\"height\":1200,\"caption\":\"Lr Eliksir Pi\u0119kna 5w1 Beauty Elixir \u2013 Jedyne, czego potrzebuje kobieta\"},{\"@type\":\"BreadcrumbList\",\"@id\":\"https:\\\/\\\/www.lraloeverashop.eu\\\/pl\\\/produkt\\\/eliksir-piekna\\\/#breadcrumb\",\"itemListElement\":[{\"@type\":\"ListItem\",\"position\":1,\"name\":\"Home\",\"item\":\"https:\\\/\\\/www.lraloeverashop.eu\\\/pl\\\/\"},{\"@type\":\"ListItem\",\"position\":2,\"name\":\"Sklep\",\"item\":\"https:\\\/\\\/www.lraloeverashop.eu\\\/pl\\\/sklep\\\/\"},{\"@type\":\"ListItem\",\"position\":3,\"name\":\"Eliksir Pi\u0119kna 5w1 Beauty Elixir\"}]},{\"@type\":\"WebSite\",\"@id\":\"https:\\\/\\\/www.lraloeverashop.eu\\\/pl\\\/#website\",\"url\":\"https:\\\/\\\/www.lraloeverashop.eu\\\/pl\\\/\",\"name\":\"Lr Aloe Vera Shop\",\"description\":\"High Quality Lr Aloe Vera Gel, Aloe Vera Cream and Shampoo\",\"publisher\":{\"@id\":\"https:\\\/\\\/www.lraloeverashop.eu\\\/pl\\\/#organization\"},\"alternateName\":\"LR\",\"potentialAction\":[{\"@type\":\"SearchAction\",\"target\":{\"@type\":\"EntryPoint\",\"urlTemplate\":\"https:\\\/\\\/www.lraloeverashop.eu\\\/pl\\\/?s={search_term_string}\"},\"query-input\":{\"@type\":\"PropertyValueSpecification\",\"valueRequired\":true,\"valueName\":\"search_term_string\"}}],\"inLanguage\":\"pl-PL\"},{\"@type\":\"Organization\",\"@id\":\"https:\\\/\\\/www.lraloeverashop.eu\\\/pl\\\/#organization\",\"name\":\"Sklep Lr Aloe Vera\",\"alternateName\":\"LR\",\"url\":\"https:\\\/\\\/www.lraloeverashop.eu\\\/pl\\\/\",\"logo\":{\"@type\":\"ImageObject\",\"inLanguage\":\"pl-PL\",\"@id\":\"https:\\\/\\\/www.lraloeverashop.eu\\\/pl\\\/#\\\/schema\\\/logo\\\/image\\\/\",\"url\":\"https:\\\/\\\/www.lraloeverashop.eu\\\/wp-content\\\/uploads\\\/2022\\\/09\\\/cropped-Lr-Aloe-Vera-Shop.jpg\",\"contentUrl\":\"https:\\\/\\\/www.lraloeverashop.eu\\\/wp-content\\\/uploads\\\/2022\\\/09\\\/cropped-Lr-Aloe-Vera-Shop.jpg\",\"width\":228,\"height\":76,\"caption\":\"Sklep Lr Aloe Vera\"},\"image\":{\"@id\":\"https:\\\/\\\/www.lraloeverashop.eu\\\/pl\\\/#\\\/schema\\\/logo\\\/image\\\/\"},\"sameAs\":[\"https:\\\/\\\/www.facebook.com\\\/lraloeverashop.eu\",\"https:\\\/\\\/x.com\\\/natur__kosmetik\",\"https:\\\/\\\/www.youtube.com\\\/channel\\\/UC5oN7BJ8nfYb8RpVtjwDEBA\",\"https:\\\/\\\/www.instagram.com\\\/lrbeautyeu\\\/\"],\"description\":\"Sklep LR Aloe Vera to Twoje zaufane \u017ar\u00f3d\u0142o wysokiej jako\u015bci produkt\u00f3w LR Health & Beauty wyprodukowanych w Niemczech. Oferujemy wysokiej jako\u015bci produkty do piel\u0119gnacji sk\u00f3ry, od\u017cywiania i przeciwstarzeniowe z aloesem, stworzone z czystych sk\u0142adnik\u00f3w i poparte badaniami naukowymi. Odkryj naturaln\u0105 piel\u0119gnacj\u0119, kt\u00f3ra regeneruje, chroni i rewitalizuje Twoj\u0105 sk\u00f3r\u0119 \u2014 i korzystaj z ekskluzywnych comiesi\u0119cznych ofert na nasze bestsellerowe produkty LR Aloe Vera.\\nRozpocznij swoj\u0105 naturaln\u0105 piel\u0119gnacj\u0119 sk\u00f3ry ju\u017c dzi\u015b i poczuj r\u00f3\u017cnic\u0119.\",\"email\":\"info@lraloeverashop.eu\",\"telephone\":\"+49 17670609653\",\"legalName\":\"Lr Aloe Vera Shop\",\"foundingDate\":\"2018-04-21\",\"numberOfEmployees\":{\"@type\":\"QuantitativeValue\",\"minValue\":\"1\",\"maxValue\":\"10\"}}]}<\/script>\n<meta property=\"product:price:amount\" content=\"172.99\" \/>\n<meta property=\"product:price:currency\" content=\"EUR\" \/>\n<meta property=\"og:availability\" content=\"instock\" \/>\n<meta property=\"product:availability\" content=\"instock\" \/>\n<meta property=\"product:retailer_item_id\" content=\"81140-1PL\" \/>\n<meta property=\"product:condition\" content=\"new\" \/>\n<!-- \/ Yoast SEO Premium plugin. -->","yoast_head_json":{"title":"Eliksir Pi\u0119kna 5w1 Beauty Elixir - Jedyne czego potrzebuje kobieta","description":"Eliksir Pi\u0119kna 5w1 Beauty Elixir wspiera m\u0142ody wygl\u0105d, j\u0119drn\u0105 sk\u00f3r\u0119, l\u015bni\u0105ce w\u0142osy i mocne paznokcie. Tylko 1 ampu\u0142ka dziennie \u2013 sprawd\u017a sama!","robots":{"index":"index","follow":"follow","max-snippet":"max-snippet:-1","max-image-preview":"max-image-preview:large","max-video-preview":"max-video-preview:-1"},"canonical":"https:\/\/www.lraloeverashop.eu\/pl\/produkt\/eliksir-piekna\/","og_locale":"pl_PL","og_type":"article","og_title":"Eliksir Pi\u0119kna 5w1 Beauty Elixir","og_description":"Eliksir Pi\u0119kna 5w1 Beauty Elixir wspiera m\u0142ody wygl\u0105d, j\u0119drn\u0105 sk\u00f3r\u0119, l\u015bni\u0105ce w\u0142osy i mocne paznokcie. Tylko 1 ampu\u0142ka dziennie \u2013 sprawd\u017a sama!","og_url":"https:\/\/www.lraloeverashop.eu\/pl\/produkt\/eliksir-piekna\/","og_site_name":"Lr Aloe Vera Shop","article_publisher":"https:\/\/www.facebook.com\/lraloeverashop.eu","article_modified_time":"2026-04-18T18:37:34+00:00","og_image":[{"width":1200,"height":1200,"url":"https:\/\/www.lraloeverashop.eu\/wp-content\/uploads\/2026\/04\/Lr-Natural-Beauty-Elixir-Drink.jpeg","type":"image\/jpeg"}],"twitter_card":"summary_large_image","twitter_site":"@natur__kosmetik","schema":{"@context":"https:\/\/schema.org","@graph":[{"@type":["WebPage","ItemPage"],"@id":"https:\/\/www.lraloeverashop.eu\/pl\/produkt\/eliksir-piekna\/","url":"https:\/\/www.lraloeverashop.eu\/pl\/produkt\/eliksir-piekna\/","name":"Eliksir Pi\u0119kna 5w1 Beauty Elixir - Jedyne czego potrzebuje kobieta","isPartOf":{"@id":"https:\/\/www.lraloeverashop.eu\/pl\/#website"},"primaryImageOfPage":{"@id":"https:\/\/www.lraloeverashop.eu\/pl\/produkt\/eliksir-piekna\/#primaryimage"},"image":{"@id":"https:\/\/www.lraloeverashop.eu\/pl\/produkt\/eliksir-piekna\/#primaryimage"},"thumbnailUrl":"https:\/\/www.lraloeverashop.eu\/wp-content\/uploads\/2026\/04\/Lr-Natural-Beauty-Elixir-Drink.jpeg","datePublished":"2022-10-15T10:59:08+00:00","dateModified":"2026-04-18T18:37:34+00:00","description":"Eliksir Pi\u0119kna 5w1 Beauty Elixir wspiera m\u0142ody wygl\u0105d, j\u0119drn\u0105 sk\u00f3r\u0119, l\u015bni\u0105ce w\u0142osy i mocne paznokcie. Tylko 1 ampu\u0142ka dziennie \u2013 sprawd\u017a sama!","breadcrumb":{"@id":"https:\/\/www.lraloeverashop.eu\/pl\/produkt\/eliksir-piekna\/#breadcrumb"},"inLanguage":"pl-PL","potentialAction":[{"@type":"ReadAction","target":["https:\/\/www.lraloeverashop.eu\/pl\/produkt\/eliksir-piekna\/"]}]},{"@type":"ImageObject","inLanguage":"pl-PL","@id":"https:\/\/www.lraloeverashop.eu\/pl\/produkt\/eliksir-piekna\/#primaryimage","url":"https:\/\/www.lraloeverashop.eu\/wp-content\/uploads\/2026\/04\/Lr-Natural-Beauty-Elixir-Drink.jpeg","contentUrl":"https:\/\/www.lraloeverashop.eu\/wp-content\/uploads\/2026\/04\/Lr-Natural-Beauty-Elixir-Drink.jpeg","width":1200,"height":1200,"caption":"Lr Eliksir Pi\u0119kna 5w1 Beauty Elixir \u2013 Jedyne, czego potrzebuje kobieta"},{"@type":"BreadcrumbList","@id":"https:\/\/www.lraloeverashop.eu\/pl\/produkt\/eliksir-piekna\/#breadcrumb","itemListElement":[{"@type":"ListItem","position":1,"name":"Home","item":"https:\/\/www.lraloeverashop.eu\/pl\/"},{"@type":"ListItem","position":2,"name":"Sklep","item":"https:\/\/www.lraloeverashop.eu\/pl\/sklep\/"},{"@type":"ListItem","position":3,"name":"Eliksir Pi\u0119kna 5w1 Beauty Elixir"}]},{"@type":"WebSite","@id":"https:\/\/www.lraloeverashop.eu\/pl\/#website","url":"https:\/\/www.lraloeverashop.eu\/pl\/","name":"Lr Aloe Vera Shop","description":"High Quality Lr Aloe Vera Gel, Aloe Vera Cream and Shampoo","publisher":{"@id":"https:\/\/www.lraloeverashop.eu\/pl\/#organization"},"alternateName":"LR","potentialAction":[{"@type":"SearchAction","target":{"@type":"EntryPoint","urlTemplate":"https:\/\/www.lraloeverashop.eu\/pl\/?s={search_term_string}"},"query-input":{"@type":"PropertyValueSpecification","valueRequired":true,"valueName":"search_term_string"}}],"inLanguage":"pl-PL"},{"@type":"Organization","@id":"https:\/\/www.lraloeverashop.eu\/pl\/#organization","name":"Sklep Lr Aloe Vera","alternateName":"LR","url":"https:\/\/www.lraloeverashop.eu\/pl\/","logo":{"@type":"ImageObject","inLanguage":"pl-PL","@id":"https:\/\/www.lraloeverashop.eu\/pl\/#\/schema\/logo\/image\/","url":"https:\/\/www.lraloeverashop.eu\/wp-content\/uploads\/2022\/09\/cropped-Lr-Aloe-Vera-Shop.jpg","contentUrl":"https:\/\/www.lraloeverashop.eu\/wp-content\/uploads\/2022\/09\/cropped-Lr-Aloe-Vera-Shop.jpg","width":228,"height":76,"caption":"Sklep Lr Aloe Vera"},"image":{"@id":"https:\/\/www.lraloeverashop.eu\/pl\/#\/schema\/logo\/image\/"},"sameAs":["https:\/\/www.facebook.com\/lraloeverashop.eu","https:\/\/x.com\/natur__kosmetik","https:\/\/www.youtube.com\/channel\/UC5oN7BJ8nfYb8RpVtjwDEBA","https:\/\/www.instagram.com\/lrbeautyeu\/"],"description":"Sklep LR Aloe Vera to Twoje zaufane \u017ar\u00f3d\u0142o wysokiej jako\u015bci produkt\u00f3w LR Health & Beauty wyprodukowanych w Niemczech. Oferujemy wysokiej jako\u015bci produkty do piel\u0119gnacji sk\u00f3ry, od\u017cywiania i przeciwstarzeniowe z aloesem, stworzone z czystych sk\u0142adnik\u00f3w i poparte badaniami naukowymi. Odkryj naturaln\u0105 piel\u0119gnacj\u0119, kt\u00f3ra regeneruje, chroni i rewitalizuje Twoj\u0105 sk\u00f3r\u0119 \u2014 i korzystaj z ekskluzywnych comiesi\u0119cznych ofert na nasze bestsellerowe produkty LR Aloe Vera.\nRozpocznij swoj\u0105 naturaln\u0105 piel\u0119gnacj\u0119 sk\u00f3ry ju\u017c dzi\u015b i poczuj r\u00f3\u017cnic\u0119.","email":"info@lraloeverashop.eu","telephone":"+49 17670609653","legalName":"Lr Aloe Vera Shop","foundingDate":"2018-04-21","numberOfEmployees":{"@type":"QuantitativeValue","minValue":"1","maxValue":"10"}}]},"product_price_amount":"172.99","product_price_currency":"EUR","og_availability":"instock","product_availability":"instock","product_retailer_item_id":"81140-1PL","product_condition":"new"},"taxonomy_info":{"product_cat":[{"value":1092,"label":"Beauty Shot"},{"value":1101,"label":"Pi\u0119kno od \u015brodka"},{"value":1091,"label":"Produkty specjalne"},{"value":1100,"label":"Specjali\u015bci"}]},"featured_image_src_large":["https:\/\/www.lraloeverashop.eu\/wp-content\/uploads\/2026\/04\/Lr-Natural-Beauty-Elixir-Drink-1024x1024.jpeg",1024,1024,true],"author_info":[],"comment_info":0,"_links":{"self":[{"href":"https:\/\/www.lraloeverashop.eu\/pl\/wp-json\/wp\/v2\/product\/29240","targetHints":{"allow":["GET"]}}],"collection":[{"href":"https:\/\/www.lraloeverashop.eu\/pl\/wp-json\/wp\/v2\/product"}],"about":[{"href":"https:\/\/www.lraloeverashop.eu\/pl\/wp-json\/wp\/v2\/types\/product"}],"replies":[{"embeddable":true,"href":"https:\/\/www.lraloeverashop.eu\/pl\/wp-json\/wp\/v2\/comments?post=29240"}],"wp:featuredmedia":[{"embeddable":true,"href":"https:\/\/www.lraloeverashop.eu\/pl\/wp-json\/wp\/v2\/media\/30446"}],"wp:attachment":[{"href":"https:\/\/www.lraloeverashop.eu\/pl\/wp-json\/wp\/v2\/media?parent=29240"}],"wp:term":[{"taxonomy":"product_brand","embeddable":true,"href":"https:\/\/www.lraloeverashop.eu\/pl\/wp-json\/wp\/v2\/product_brand?post=29240"},{"taxonomy":"product_cat","embeddable":true,"href":"https:\/\/www.lraloeverashop.eu\/pl\/wp-json\/wp\/v2\/product_cat?post=29240"},{"taxonomy":"product_tag","embeddable":true,"href":"https:\/\/www.lraloeverashop.eu\/pl\/wp-json\/wp\/v2\/product_tag?post=29240"}],"curies":[{"name":"wp","href":"https:\/\/api.w.org\/{rel}","templated":true}]}}