{"id":29231,"date":"2022-10-15T13:49:48","date_gmt":"2022-10-15T11:49:48","guid":{"rendered":"https:\/\/www.lraloeverashop.eu\/product\/5w1-beauty-shot-dla-mezczyzn\/"},"modified":"2026-04-18T20:45:51","modified_gmt":"2026-04-18T18:45:51","slug":"5w1-beauty-shot-dla-mezczyzn","status":"publish","type":"product","link":"https:\/\/www.lraloeverashop.eu\/pl\/produkt\/5w1-beauty-shot-dla-mezczyzn\/","title":{"rendered":"5w1 Beauty Shot dla M\u0119\u017cczyzn"},"content":{"rendered":"<h2><strong><span style=\"font-size: 16pt;\">5w1 Beauty Shot dla M\u0119\u017cczyzn<\/span><\/strong><\/h2>\n<p><span style=\"font-size: 14pt;\"><strong>5w1 Beauty Shot dla M\u0119\u017cczyzn \u2013 wszystko, czego potrzebuje Twoje cia\u0142o<\/strong><\/span><\/p>\n<p>Beauty Shot dla M\u0119\u017cczyzn zawiera skoncentrowan\u0105 moc starannie dobranych sk\u0142adnik\u00f3w aktywnych z natury i nauki, dopasowanych specjalnie do potrzeb m\u0119\u017cczyzn.<\/p>\n<p>Aktywny kompleks uruchamia pi\u0119\u0107 kluczowych proces\u00f3w buduj\u0105cych m\u0119sk\u0105 si\u0142\u0119 w organizmie. Innowacyjna mieszanka skutecznych sk\u0142adnik\u00f3w dostarcza m.in. kolagen oraz L-arginin\u0119.<\/p>\n<p>Z pi\u0119cioma skutecznymi boosterami mineralnymi \u2013 cynkiem, miedzi\u0105, magnezem, manganem i selenem \u2013 oraz 10 skoncentrowanymi witaminami dla:<\/p>\n<p><strong>1. CZYSTEJ ENERGII:<\/strong> Wspiera poziom energii i prawid\u0142owy metabolizm energetyczny, zapewniaj\u0105c wi\u0119cej mocy przez ca\u0142y dzie\u0144.\u00b9\u02d2\u00b2<\/p>\n<p><strong>2. ZDROWEJ SK\u00d3RY:<\/strong> Wzmacnia struktur\u0119 sk\u00f3ry i przeciwdzia\u0142a powstawaniu zmarszczek dzi\u0119ki cennym sk\u0142adnikom, takim jak biotyna, cynk i mied\u017a.\u00b3<\/p>\n<p><strong>3. G\u0118STYCH W\u0141OS\u00d3W:<\/strong> Skuteczne sk\u0142adniki aktywne docieraj\u0105 bezpo\u015brednio do cebulek w\u0142os\u00f3w, dostarczaj\u0105c im niezb\u0119dnych substancji od\u017cywczych. W\u0142osy wygl\u0105daj\u0105 na bardziej od\u017cywione, l\u015bni\u0105ce i g\u0119stsze.\u2074<\/p>\n<p><strong>4. ATRAKCYJNYCH MI\u0118\u015aNI:<\/strong> Wspiera syntez\u0119 bia\u0142ka oraz wzrost mi\u0119\u015bni.\u00b9\u02d2\u2075<\/p>\n<p><strong>5. SILNEJ POTENCJI:<\/strong> Wspomaga naturaln\u0105 produkcj\u0119 testosteronu i pozytywnie wp\u0142ywa na m\u0119sk\u0105 witalno\u015b\u0107.\u2076<\/p>\n<p>&nbsp;<\/p>\n<p>Wysoce skuteczny podw\u00f3jny kompleks LR LIFETAKT 5w1 Beauty Shot dla M\u0119\u017cczyzn zawiera wszystko, czego potrzebuje m\u0119\u017cczyzna: silne sk\u0142adniki oparte na nauce i naturze.<\/p>\n<p>&nbsp;<\/p>\n<h3><strong><span style=\"font-size: 16pt;\">KOMPLEKS AKTYWNY w 5w1 Beauty Shot dla M\u0119\u017cczyzn<\/span><\/strong><\/h3>\n<p>Aktywuje pi\u0119\u0107 kluczowych proces\u00f3w m\u0119skiego organizmu dzi\u0119ki innowacyjnej kombinacji sk\u0142adnik\u00f3w:<\/p>\n<p>\u2022 kolagen i L-arginina<br \/>\n\u2022 5 skutecznych minera\u0142\u00f3w: cynk, mied\u017a, magnez, mangan i selen<br \/>\n\u2022 10 witamin w wysokim st\u0119\u017ceniu<\/p>\n<p>&nbsp;<\/p>\n<h3><strong><span style=\"font-size: 16pt;\">KOMPLEKS PREWENCYJNY<\/span><\/strong><\/h3>\n<p>Ochrona i profilaktyka dzi\u0119ki wysoce skutecznemu po\u0142\u0105czeniu naturalnych sk\u0142adnik\u00f3w:<\/p>\n<p>\u2022 ekstrakt z czarnego pieprzu<br \/>\n\u2022 kofeina z zielonej herbaty<br \/>\n\u2022 czarna porzeczka<br \/>\n\u2022 czerwona pomara\u0144cza<\/p>\n<p>&nbsp;<\/p>\n<p>LR opracowa\u0142o kolejny wyj\u0105tkowy produkt dla m\u0119\u017cczyzn: LR LIFETAKT 5w1 Men\u2019s Shot. Metabolizm m\u0119skiego organizmu posiada swoje unikalne cechy.<\/p>\n<p>Dlatego 5w1 Beauty Shot dla M\u0119\u017cczyzn \u0142\u0105czy sk\u0142adniki pochodz\u0105ce z nauki i natury, kt\u00f3re s\u0105 precyzyjnie ukierunkowane na potrzeby m\u0119\u017cczyzn. To praktyczne i proste rozwi\u0105zanie, kt\u00f3re mo\u017cna \u0142atwo i na sta\u0142e w\u0142\u0105czy\u0107 do codziennego stylu \u017cycia.<\/p>\n<p>&nbsp;<\/p>\n<h3><strong><span style=\"font-size: 16pt;\">O\u015bwiadczenia \u017cywieniowe w 5w1 Beauty Shot dla M\u0119\u017cczyzn<\/span><\/strong><\/h3>\n<p>\u00b9 Tiamina, witamina B6, witamina B12 oraz magnez przyczyniaj\u0105 si\u0119 do prawid\u0142owego metabolizmu energetycznego.<br \/>\n\u00b2 Witamina B6, witamina B12 oraz magnez pomagaj\u0105 zmniejszy\u0107 uczucie zm\u0119czenia i znu\u017cenia.<br \/>\n\u00b3 Ryboflawina, witamina A, niacyna, biotyna i cynk pomagaj\u0105 utrzyma\u0107 zdrow\u0105 sk\u00f3r\u0119. Witamina C wspiera prawid\u0142ow\u0105 produkcj\u0119 kolagenu.<br \/>\n\u2074 Biotyna i cynk pomagaj\u0105 utrzyma\u0107 zdrowe w\u0142osy. Witamina E, witamina C, selen i cynk pomagaj\u0105 chroni\u0107 kom\u00f3rki przed stresem oksydacyjnym. Mied\u017a wspiera prawid\u0142ow\u0105 pigmentacj\u0119 w\u0142os\u00f3w.<br \/>\n\u2075 Magnez pomaga w utrzymaniu prawid\u0142owego funkcjonowania mi\u0119\u015bni. Witamina D wspiera prawid\u0142ow\u0105 prac\u0119 mi\u0119\u015bni. Cynk przyczynia si\u0119 do prawid\u0142owej syntezy bia\u0142ka.<br \/>\n\u2076 Cynk pomaga utrzyma\u0107 prawid\u0142owy poziom testosteronu we krwi. Selen wspiera prawid\u0142owe tworzenie plemnik\u00f3w. Cynk przyczynia si\u0119 do prawid\u0142owej p\u0142odno\u015bci i funkcji rozrodczych.<\/p>\n<p>&nbsp;<\/p>\n<h4><strong><span style=\"font-size: 16pt;\">Spos\u00f3b u\u017cycia<\/span><\/strong><\/h4>\n<p>Jedna fiolka dziennie. Przed u\u017cyciem wstrz\u0105sn\u0105\u0107.<br \/>\nNie przekracza\u0107 zalecanej dziennej porcji. Suplementy diety nie zast\u0119puj\u0105 zr\u00f3\u017cnicowanej i zbilansowanej diety ani zdrowego stylu \u017cycia. Przechowywa\u0107 w miejscu niedost\u0119pnym dla dzieci.<br \/>\n5w1 Beauty Shot dla M\u0119\u017cczyzn Zawiera kofein\u0119. Nie zaleca si\u0119 stosowania u dzieci oraz kobiet w ci\u0105\u017cy (zawarto\u015b\u0107 kofeiny: 7,5 mg \/ 25 ml).<\/p>\n<p><strong>Zalecenia dotycz\u0105ce przechowywania:<\/strong> chroni\u0107 przed bezpo\u015brednim dzia\u0142aniem promieni s\u0142onecznych. Przechowywa\u0107 w suchym miejscu, w temperaturze pokojowej.<\/p>\n<p>&nbsp;<\/p>\n","protected":false},"excerpt":{"rendered":"<ul>\n<li>Nowe rozwi\u0105zanie typu all-in-one z podw\u00f3jnym kompleksem<\/li>\n<li>Zaspokaja 5 podstawowych potrzeb: wi\u0119cej energii, zdrowa sk\u00f3ra, g\u0119ste w\u0142osy, atrakcyjna muskulatura i silna potencja<\/li>\n<li>Aktywuje organizm i zapewnia ochron\u0119 profilaktyczn\u0105<\/li>\n<li>Bez cukru, sztucznych barwnik\u00f3w, laktozy i glutenu<\/li>\n<li>Zawarto\u015b\u0107: 1 \u00d7 30 shot\u00f3w po 25 ml ka\u017cdy<\/li>\n<\/ul>\n<p>&nbsp;<\/p>\n","protected":false},"featured_media":30432,"comment_status":"open","ping_status":"closed","template":"","meta":{"_kad_blocks_custom_css":"","_kad_blocks_head_custom_js":"","_kad_blocks_body_custom_js":"","_kad_blocks_footer_custom_js":"","_kadence_starter_templates_imported_post":false,"_kad_post_transparent":"default","_kad_post_title":"","_kad_post_layout":"default","_kad_post_sidebar_id":"","_kad_post_content_style":"default","_kad_post_vertical_padding":"default","_kad_post_feature":"","_kad_post_feature_position":"","_kad_post_header":false,"_kad_post_footer":false,"_kad_post_classname":""},"product_brand":[],"product_cat":[1092,1101,1091,1100],"product_tag":[],"class_list":{"0":"post-29231","1":"product","2":"type-product","3":"status-publish","4":"has-post-thumbnail","6":"product_cat-beauty-shot-pl","7":"product_cat-piekno-od-srodka","8":"product_cat-produkty-specjalne","9":"product_cat-specjalisci","11":"first","12":"instock","13":"taxable","14":"shipping-taxable","15":"purchasable","16":"product-type-simple","17":"entry","18":"content-bg","19":"loop-entry"},"yoast_head":"<!-- This site is optimized with the Yoast SEO Premium plugin v27.5 (Yoast SEO v27.5) - https:\/\/yoast.com\/product\/yoast-seo-premium-wordpress\/ -->\n<title>5w1 Beauty Shot dla M\u0119\u017cczyzn | Energia, Sk\u00f3ra, W\u0142osy<\/title>\n<meta name=\"description\" content=\"5w1 Beauty Shot dla M\u0119\u017cczyzn to codzienne wsparcie energii, sk\u00f3ry, w\u0142os\u00f3w, mi\u0119\u015bni i potencji. Wygodna forma shot\u00f3w od Lr Health &amp; Beauty\" \/>\n<meta name=\"robots\" content=\"index, follow, max-snippet:-1, max-image-preview:large, max-video-preview:-1\" \/>\n<link rel=\"canonical\" href=\"https:\/\/www.lraloeverashop.eu\/pl\/produkt\/5w1-beauty-shot-dla-mezczyzn\/\" \/>\n<meta property=\"og:locale\" content=\"pl_PL\" \/>\n<meta property=\"og:type\" content=\"article\" \/>\n<meta property=\"og:title\" content=\"5w1 Beauty Shot dla M\u0119\u017cczyzn\" \/>\n<meta property=\"og:description\" content=\"5w1 Beauty Shot dla M\u0119\u017cczyzn to codzienne wsparcie energii, sk\u00f3ry, w\u0142os\u00f3w, mi\u0119\u015bni i potencji. Wygodna forma shot\u00f3w od Lr Health &amp; Beauty\" \/>\n<meta property=\"og:url\" content=\"https:\/\/www.lraloeverashop.eu\/pl\/produkt\/5w1-beauty-shot-dla-mezczyzn\/\" \/>\n<meta property=\"og:site_name\" content=\"Lr Aloe Vera Shop\" \/>\n<meta property=\"article:publisher\" content=\"https:\/\/www.facebook.com\/lraloeverashop.eu\" \/>\n<meta property=\"article:modified_time\" content=\"2026-04-18T18:45:51+00:00\" \/>\n<meta property=\"og:image\" content=\"https:\/\/www.lraloeverashop.eu\/wp-content\/uploads\/2026\/04\/Lr-5in1-Mens-Shot-with-collagen.jpeg\" \/>\n\t<meta property=\"og:image:width\" content=\"1200\" \/>\n\t<meta property=\"og:image:height\" content=\"1200\" \/>\n\t<meta property=\"og:image:type\" content=\"image\/jpeg\" \/>\n<meta name=\"twitter:card\" content=\"summary_large_image\" \/>\n<meta name=\"twitter:site\" content=\"@natur__kosmetik\" \/>\n<script type=\"application\/ld+json\" class=\"yoast-schema-graph\">{\"@context\":\"https:\\\/\\\/schema.org\",\"@graph\":[{\"@type\":[\"WebPage\",\"ItemPage\"],\"@id\":\"https:\\\/\\\/www.lraloeverashop.eu\\\/pl\\\/produkt\\\/5w1-beauty-shot-dla-mezczyzn\\\/\",\"url\":\"https:\\\/\\\/www.lraloeverashop.eu\\\/pl\\\/produkt\\\/5w1-beauty-shot-dla-mezczyzn\\\/\",\"name\":\"5w1 Beauty Shot dla M\u0119\u017cczyzn | Energia, Sk\u00f3ra, W\u0142osy\",\"isPartOf\":{\"@id\":\"https:\\\/\\\/www.lraloeverashop.eu\\\/pl\\\/#website\"},\"primaryImageOfPage\":{\"@id\":\"https:\\\/\\\/www.lraloeverashop.eu\\\/pl\\\/produkt\\\/5w1-beauty-shot-dla-mezczyzn\\\/#primaryimage\"},\"image\":{\"@id\":\"https:\\\/\\\/www.lraloeverashop.eu\\\/pl\\\/produkt\\\/5w1-beauty-shot-dla-mezczyzn\\\/#primaryimage\"},\"thumbnailUrl\":\"https:\\\/\\\/www.lraloeverashop.eu\\\/wp-content\\\/uploads\\\/2026\\\/04\\\/Lr-5in1-Mens-Shot-with-collagen.jpeg\",\"datePublished\":\"2022-10-15T11:49:48+00:00\",\"dateModified\":\"2026-04-18T18:45:51+00:00\",\"description\":\"5w1 Beauty Shot dla M\u0119\u017cczyzn to codzienne wsparcie energii, sk\u00f3ry, w\u0142os\u00f3w, mi\u0119\u015bni i potencji. Wygodna forma shot\u00f3w od Lr Health & Beauty\",\"breadcrumb\":{\"@id\":\"https:\\\/\\\/www.lraloeverashop.eu\\\/pl\\\/produkt\\\/5w1-beauty-shot-dla-mezczyzn\\\/#breadcrumb\"},\"inLanguage\":\"pl-PL\",\"potentialAction\":[{\"@type\":\"ReadAction\",\"target\":[\"https:\\\/\\\/www.lraloeverashop.eu\\\/pl\\\/produkt\\\/5w1-beauty-shot-dla-mezczyzn\\\/\"]}]},{\"@type\":\"ImageObject\",\"inLanguage\":\"pl-PL\",\"@id\":\"https:\\\/\\\/www.lraloeverashop.eu\\\/pl\\\/produkt\\\/5w1-beauty-shot-dla-mezczyzn\\\/#primaryimage\",\"url\":\"https:\\\/\\\/www.lraloeverashop.eu\\\/wp-content\\\/uploads\\\/2026\\\/04\\\/Lr-5in1-Mens-Shot-with-collagen.jpeg\",\"contentUrl\":\"https:\\\/\\\/www.lraloeverashop.eu\\\/wp-content\\\/uploads\\\/2026\\\/04\\\/Lr-5in1-Mens-Shot-with-collagen.jpeg\",\"width\":1200,\"height\":1200,\"caption\":\"Lr 5w1 Beauty Shot dla M\u0119\u017cczyzn z kolagenem\"},{\"@type\":\"BreadcrumbList\",\"@id\":\"https:\\\/\\\/www.lraloeverashop.eu\\\/pl\\\/produkt\\\/5w1-beauty-shot-dla-mezczyzn\\\/#breadcrumb\",\"itemListElement\":[{\"@type\":\"ListItem\",\"position\":1,\"name\":\"Home\",\"item\":\"https:\\\/\\\/www.lraloeverashop.eu\\\/pl\\\/\"},{\"@type\":\"ListItem\",\"position\":2,\"name\":\"Sklep\",\"item\":\"https:\\\/\\\/www.lraloeverashop.eu\\\/pl\\\/sklep\\\/\"},{\"@type\":\"ListItem\",\"position\":3,\"name\":\"5w1 Beauty Shot dla M\u0119\u017cczyzn\"}]},{\"@type\":\"WebSite\",\"@id\":\"https:\\\/\\\/www.lraloeverashop.eu\\\/pl\\\/#website\",\"url\":\"https:\\\/\\\/www.lraloeverashop.eu\\\/pl\\\/\",\"name\":\"Lr Aloe Vera Shop\",\"description\":\"High Quality Lr Aloe Vera Gel, Aloe Vera Cream and Shampoo\",\"publisher\":{\"@id\":\"https:\\\/\\\/www.lraloeverashop.eu\\\/pl\\\/#organization\"},\"alternateName\":\"LR\",\"potentialAction\":[{\"@type\":\"SearchAction\",\"target\":{\"@type\":\"EntryPoint\",\"urlTemplate\":\"https:\\\/\\\/www.lraloeverashop.eu\\\/pl\\\/?s={search_term_string}\"},\"query-input\":{\"@type\":\"PropertyValueSpecification\",\"valueRequired\":true,\"valueName\":\"search_term_string\"}}],\"inLanguage\":\"pl-PL\"},{\"@type\":\"Organization\",\"@id\":\"https:\\\/\\\/www.lraloeverashop.eu\\\/pl\\\/#organization\",\"name\":\"Sklep Lr Aloe Vera\",\"alternateName\":\"LR\",\"url\":\"https:\\\/\\\/www.lraloeverashop.eu\\\/pl\\\/\",\"logo\":{\"@type\":\"ImageObject\",\"inLanguage\":\"pl-PL\",\"@id\":\"https:\\\/\\\/www.lraloeverashop.eu\\\/pl\\\/#\\\/schema\\\/logo\\\/image\\\/\",\"url\":\"https:\\\/\\\/www.lraloeverashop.eu\\\/wp-content\\\/uploads\\\/2022\\\/09\\\/cropped-Lr-Aloe-Vera-Shop.jpg\",\"contentUrl\":\"https:\\\/\\\/www.lraloeverashop.eu\\\/wp-content\\\/uploads\\\/2022\\\/09\\\/cropped-Lr-Aloe-Vera-Shop.jpg\",\"width\":228,\"height\":76,\"caption\":\"Sklep Lr Aloe Vera\"},\"image\":{\"@id\":\"https:\\\/\\\/www.lraloeverashop.eu\\\/pl\\\/#\\\/schema\\\/logo\\\/image\\\/\"},\"sameAs\":[\"https:\\\/\\\/www.facebook.com\\\/lraloeverashop.eu\",\"https:\\\/\\\/x.com\\\/natur__kosmetik\",\"https:\\\/\\\/www.youtube.com\\\/channel\\\/UC5oN7BJ8nfYb8RpVtjwDEBA\",\"https:\\\/\\\/www.instagram.com\\\/lrbeautyeu\\\/\"],\"description\":\"Sklep LR Aloe Vera to Twoje zaufane \u017ar\u00f3d\u0142o wysokiej jako\u015bci produkt\u00f3w LR Health & Beauty wyprodukowanych w Niemczech. Oferujemy wysokiej jako\u015bci produkty do piel\u0119gnacji sk\u00f3ry, od\u017cywiania i przeciwstarzeniowe z aloesem, stworzone z czystych sk\u0142adnik\u00f3w i poparte badaniami naukowymi. Odkryj naturaln\u0105 piel\u0119gnacj\u0119, kt\u00f3ra regeneruje, chroni i rewitalizuje Twoj\u0105 sk\u00f3r\u0119 \u2014 i korzystaj z ekskluzywnych comiesi\u0119cznych ofert na nasze bestsellerowe produkty LR Aloe Vera.\\nRozpocznij swoj\u0105 naturaln\u0105 piel\u0119gnacj\u0119 sk\u00f3ry ju\u017c dzi\u015b i poczuj r\u00f3\u017cnic\u0119.\",\"email\":\"info@lraloeverashop.eu\",\"telephone\":\"+49 17670609653\",\"legalName\":\"Lr Aloe Vera Shop\",\"foundingDate\":\"2018-04-21\",\"numberOfEmployees\":{\"@type\":\"QuantitativeValue\",\"minValue\":\"1\",\"maxValue\":\"10\"}}]}<\/script>\n<meta property=\"product:price:amount\" content=\"172.99\" \/>\n<meta property=\"product:price:currency\" content=\"EUR\" \/>\n<meta property=\"og:availability\" content=\"instock\" \/>\n<meta property=\"product:availability\" content=\"instock\" \/>\n<meta property=\"product:retailer_item_id\" content=\"81170-1PL\" \/>\n<meta property=\"product:condition\" content=\"new\" \/>\n<!-- \/ Yoast SEO Premium plugin. -->","yoast_head_json":{"title":"5w1 Beauty Shot dla M\u0119\u017cczyzn | Energia, Sk\u00f3ra, W\u0142osy","description":"5w1 Beauty Shot dla M\u0119\u017cczyzn to codzienne wsparcie energii, sk\u00f3ry, w\u0142os\u00f3w, mi\u0119\u015bni i potencji. Wygodna forma shot\u00f3w od Lr Health & Beauty","robots":{"index":"index","follow":"follow","max-snippet":"max-snippet:-1","max-image-preview":"max-image-preview:large","max-video-preview":"max-video-preview:-1"},"canonical":"https:\/\/www.lraloeverashop.eu\/pl\/produkt\/5w1-beauty-shot-dla-mezczyzn\/","og_locale":"pl_PL","og_type":"article","og_title":"5w1 Beauty Shot dla M\u0119\u017cczyzn","og_description":"5w1 Beauty Shot dla M\u0119\u017cczyzn to codzienne wsparcie energii, sk\u00f3ry, w\u0142os\u00f3w, mi\u0119\u015bni i potencji. Wygodna forma shot\u00f3w od Lr Health & Beauty","og_url":"https:\/\/www.lraloeverashop.eu\/pl\/produkt\/5w1-beauty-shot-dla-mezczyzn\/","og_site_name":"Lr Aloe Vera Shop","article_publisher":"https:\/\/www.facebook.com\/lraloeverashop.eu","article_modified_time":"2026-04-18T18:45:51+00:00","og_image":[{"width":1200,"height":1200,"url":"https:\/\/www.lraloeverashop.eu\/wp-content\/uploads\/2026\/04\/Lr-5in1-Mens-Shot-with-collagen.jpeg","type":"image\/jpeg"}],"twitter_card":"summary_large_image","twitter_site":"@natur__kosmetik","schema":{"@context":"https:\/\/schema.org","@graph":[{"@type":["WebPage","ItemPage"],"@id":"https:\/\/www.lraloeverashop.eu\/pl\/produkt\/5w1-beauty-shot-dla-mezczyzn\/","url":"https:\/\/www.lraloeverashop.eu\/pl\/produkt\/5w1-beauty-shot-dla-mezczyzn\/","name":"5w1 Beauty Shot dla M\u0119\u017cczyzn | Energia, Sk\u00f3ra, W\u0142osy","isPartOf":{"@id":"https:\/\/www.lraloeverashop.eu\/pl\/#website"},"primaryImageOfPage":{"@id":"https:\/\/www.lraloeverashop.eu\/pl\/produkt\/5w1-beauty-shot-dla-mezczyzn\/#primaryimage"},"image":{"@id":"https:\/\/www.lraloeverashop.eu\/pl\/produkt\/5w1-beauty-shot-dla-mezczyzn\/#primaryimage"},"thumbnailUrl":"https:\/\/www.lraloeverashop.eu\/wp-content\/uploads\/2026\/04\/Lr-5in1-Mens-Shot-with-collagen.jpeg","datePublished":"2022-10-15T11:49:48+00:00","dateModified":"2026-04-18T18:45:51+00:00","description":"5w1 Beauty Shot dla M\u0119\u017cczyzn to codzienne wsparcie energii, sk\u00f3ry, w\u0142os\u00f3w, mi\u0119\u015bni i potencji. Wygodna forma shot\u00f3w od Lr Health & Beauty","breadcrumb":{"@id":"https:\/\/www.lraloeverashop.eu\/pl\/produkt\/5w1-beauty-shot-dla-mezczyzn\/#breadcrumb"},"inLanguage":"pl-PL","potentialAction":[{"@type":"ReadAction","target":["https:\/\/www.lraloeverashop.eu\/pl\/produkt\/5w1-beauty-shot-dla-mezczyzn\/"]}]},{"@type":"ImageObject","inLanguage":"pl-PL","@id":"https:\/\/www.lraloeverashop.eu\/pl\/produkt\/5w1-beauty-shot-dla-mezczyzn\/#primaryimage","url":"https:\/\/www.lraloeverashop.eu\/wp-content\/uploads\/2026\/04\/Lr-5in1-Mens-Shot-with-collagen.jpeg","contentUrl":"https:\/\/www.lraloeverashop.eu\/wp-content\/uploads\/2026\/04\/Lr-5in1-Mens-Shot-with-collagen.jpeg","width":1200,"height":1200,"caption":"Lr 5w1 Beauty Shot dla M\u0119\u017cczyzn z kolagenem"},{"@type":"BreadcrumbList","@id":"https:\/\/www.lraloeverashop.eu\/pl\/produkt\/5w1-beauty-shot-dla-mezczyzn\/#breadcrumb","itemListElement":[{"@type":"ListItem","position":1,"name":"Home","item":"https:\/\/www.lraloeverashop.eu\/pl\/"},{"@type":"ListItem","position":2,"name":"Sklep","item":"https:\/\/www.lraloeverashop.eu\/pl\/sklep\/"},{"@type":"ListItem","position":3,"name":"5w1 Beauty Shot dla M\u0119\u017cczyzn"}]},{"@type":"WebSite","@id":"https:\/\/www.lraloeverashop.eu\/pl\/#website","url":"https:\/\/www.lraloeverashop.eu\/pl\/","name":"Lr Aloe Vera Shop","description":"High Quality Lr Aloe Vera Gel, Aloe Vera Cream and Shampoo","publisher":{"@id":"https:\/\/www.lraloeverashop.eu\/pl\/#organization"},"alternateName":"LR","potentialAction":[{"@type":"SearchAction","target":{"@type":"EntryPoint","urlTemplate":"https:\/\/www.lraloeverashop.eu\/pl\/?s={search_term_string}"},"query-input":{"@type":"PropertyValueSpecification","valueRequired":true,"valueName":"search_term_string"}}],"inLanguage":"pl-PL"},{"@type":"Organization","@id":"https:\/\/www.lraloeverashop.eu\/pl\/#organization","name":"Sklep Lr Aloe Vera","alternateName":"LR","url":"https:\/\/www.lraloeverashop.eu\/pl\/","logo":{"@type":"ImageObject","inLanguage":"pl-PL","@id":"https:\/\/www.lraloeverashop.eu\/pl\/#\/schema\/logo\/image\/","url":"https:\/\/www.lraloeverashop.eu\/wp-content\/uploads\/2022\/09\/cropped-Lr-Aloe-Vera-Shop.jpg","contentUrl":"https:\/\/www.lraloeverashop.eu\/wp-content\/uploads\/2022\/09\/cropped-Lr-Aloe-Vera-Shop.jpg","width":228,"height":76,"caption":"Sklep Lr Aloe Vera"},"image":{"@id":"https:\/\/www.lraloeverashop.eu\/pl\/#\/schema\/logo\/image\/"},"sameAs":["https:\/\/www.facebook.com\/lraloeverashop.eu","https:\/\/x.com\/natur__kosmetik","https:\/\/www.youtube.com\/channel\/UC5oN7BJ8nfYb8RpVtjwDEBA","https:\/\/www.instagram.com\/lrbeautyeu\/"],"description":"Sklep LR Aloe Vera to Twoje zaufane \u017ar\u00f3d\u0142o wysokiej jako\u015bci produkt\u00f3w LR Health & Beauty wyprodukowanych w Niemczech. Oferujemy wysokiej jako\u015bci produkty do piel\u0119gnacji sk\u00f3ry, od\u017cywiania i przeciwstarzeniowe z aloesem, stworzone z czystych sk\u0142adnik\u00f3w i poparte badaniami naukowymi. Odkryj naturaln\u0105 piel\u0119gnacj\u0119, kt\u00f3ra regeneruje, chroni i rewitalizuje Twoj\u0105 sk\u00f3r\u0119 \u2014 i korzystaj z ekskluzywnych comiesi\u0119cznych ofert na nasze bestsellerowe produkty LR Aloe Vera.\nRozpocznij swoj\u0105 naturaln\u0105 piel\u0119gnacj\u0119 sk\u00f3ry ju\u017c dzi\u015b i poczuj r\u00f3\u017cnic\u0119.","email":"info@lraloeverashop.eu","telephone":"+49 17670609653","legalName":"Lr Aloe Vera Shop","foundingDate":"2018-04-21","numberOfEmployees":{"@type":"QuantitativeValue","minValue":"1","maxValue":"10"}}]},"product_price_amount":"172.99","product_price_currency":"EUR","og_availability":"instock","product_availability":"instock","product_retailer_item_id":"81170-1PL","product_condition":"new"},"taxonomy_info":{"product_cat":[{"value":1092,"label":"Beauty Shot"},{"value":1101,"label":"Pi\u0119kno od \u015brodka"},{"value":1091,"label":"Produkty specjalne"},{"value":1100,"label":"Specjali\u015bci"}]},"featured_image_src_large":["https:\/\/www.lraloeverashop.eu\/wp-content\/uploads\/2026\/04\/Lr-5in1-Mens-Shot-with-collagen-1024x1024.jpeg",1024,1024,true],"author_info":[],"comment_info":0,"_links":{"self":[{"href":"https:\/\/www.lraloeverashop.eu\/pl\/wp-json\/wp\/v2\/product\/29231","targetHints":{"allow":["GET"]}}],"collection":[{"href":"https:\/\/www.lraloeverashop.eu\/pl\/wp-json\/wp\/v2\/product"}],"about":[{"href":"https:\/\/www.lraloeverashop.eu\/pl\/wp-json\/wp\/v2\/types\/product"}],"replies":[{"embeddable":true,"href":"https:\/\/www.lraloeverashop.eu\/pl\/wp-json\/wp\/v2\/comments?post=29231"}],"wp:featuredmedia":[{"embeddable":true,"href":"https:\/\/www.lraloeverashop.eu\/pl\/wp-json\/wp\/v2\/media\/30432"}],"wp:attachment":[{"href":"https:\/\/www.lraloeverashop.eu\/pl\/wp-json\/wp\/v2\/media?parent=29231"}],"wp:term":[{"taxonomy":"product_brand","embeddable":true,"href":"https:\/\/www.lraloeverashop.eu\/pl\/wp-json\/wp\/v2\/product_brand?post=29231"},{"taxonomy":"product_cat","embeddable":true,"href":"https:\/\/www.lraloeverashop.eu\/pl\/wp-json\/wp\/v2\/product_cat?post=29231"},{"taxonomy":"product_tag","embeddable":true,"href":"https:\/\/www.lraloeverashop.eu\/pl\/wp-json\/wp\/v2\/product_tag?post=29231"}],"curies":[{"name":"wp","href":"https:\/\/api.w.org\/{rel}","templated":true}]}}