{"id":29210,"date":"2022-10-17T17:33:29","date_gmt":"2022-10-17T15:33:29","guid":{"rendered":"https:\/\/www.lraloeverashop.eu\/product\/krem-przeciwzmarszczkowy-na-noc\/"},"modified":"2025-12-11T16:52:58","modified_gmt":"2025-12-11T15:52:58","slug":"krem-przeciwzmarszczkowy-na-noc","status":"publish","type":"product","link":"https:\/\/www.lraloeverashop.eu\/pl\/produkt\/krem-przeciwzmarszczkowy-na-noc\/","title":{"rendered":"Krem Przeciwzmarszczkowy na Noc Nanogold"},"content":{"rendered":"<h2><span style=\"font-size: 16pt;\"><strong>Krem Przeciwzmarszczkowy na Noc Nanogold<\/strong><\/span><\/h2>\n<p><span style=\"font-size: 14pt;\"><strong>Krem Przeciwzmarszczkowy na Noc Nanogold \u2013 Luksusowa Piel\u0119gnacja Odm\u0142adzaj\u0105ca Podczas Snu<\/strong><\/span><\/p>\n<p>Twoja sk\u00f3ra zas\u0142uguje na najlepsz\u0105 nocn\u0105 regeneracj\u0119. Krem Przeciwzmarszczkowy na Noc Nanogold od LR Health &amp; Beauty to wyj\u0105tkowy kosmetyk anti-aging stworzony dla os\u00f3b, kt\u00f3re chc\u0105 zapobiec pierwszym oznakom starzenia i ka\u017cdego ranka budzi\u0107 si\u0119 z pi\u0119kniejsz\u0105, g\u0142adsz\u0105 i bardziej promienn\u0105 cer\u0105. To luksusowy rytua\u0142, w kt\u00f3rym nauka spotyka si\u0119 z natur\u0105, a efekt odm\u0142odzenia staje si\u0119 widoczny ju\u017c po pierwszych zastosowaniach.<\/p>\n<h3><strong><span style=\"font-size: 16pt;\">Wyg\u0142adzenie i regeneracja dzi\u0119ki ekstraktowi z mikroalg<\/span><\/strong><\/h3>\n<p>Bogata formu\u0142a oparta na ekstrakcie z mikroalg Euglena Gracilis wspiera naturalny nocny proces odnowy kom\u00f3rek, poprawiaj\u0105c struktur\u0119 sk\u00f3ry i redukuj\u0105c widoczne linie oraz pierwsze zmarszczki. Gdy Ty \u015bpisz, krem intensywnie pracuje nad tym, aby Twoja sk\u00f3ra odzyska\u0142a j\u0119drno\u015b\u0107, witalno\u015b\u0107 i m\u0142odzie\u0144czy blask.<\/p>\n<p>To idealny krem regeneruj\u0105cy na noc, kt\u00f3ry zmniejsza oznaki zm\u0119czenia i sprawia, \u017ce sk\u00f3ra rano wygl\u0105da \u015bwie\u017co, zdrowo i wypocz\u0119cie \u2014 tak, jakby\u015b spa\u0142a d\u0142u\u017cej.<\/p>\n<h3><strong><span style=\"font-size: 16pt;\">Maksymalne od\u017cywienie \u2013 od pierwszego dotyku<\/span><\/strong><\/h3>\n<p>Po\u0142\u0105czenie oleju jojoba, oliwy z oliwek, mas\u0142a shea oraz witaminy E tworzy intensywnie nawil\u017caj\u0105c\u0105 i dbaj\u0105c\u0105 o ochron\u0119 bariery sk\u00f3ry formu\u0142\u0119. Dzi\u0119ki temu cera staje si\u0119 mi\u0119kka, elastyczna i widocznie od\u017cywiona. Ten luksusowy Krem Przeciwzmarszczkowy na Noc dzia\u0142a jak \u201enocny kompres\u201d, kt\u00f3ry przynosi cerze spok\u00f3j i ukojenie.<\/p>\n<h3><strong><span style=\"font-size: 16pt;\">Nanogold \u2013 si\u0142a z\u0142ota i jedwabiu przeciw zmarszczkom<\/span><\/strong><\/h3>\n<p>Zawarte w kremie drobinki z\u0142ota oraz proteiny jedwabiu aktywnie redukuj\u0105 oznaki starzenia i poprawiaj\u0105 elastyczno\u015b\u0107 sk\u00f3ry. Z\u0142oto, dzia\u0142aj\u0105ce jak naturalny booster kolagenu, wzmacnia struktur\u0119 sk\u00f3ry, a jedwab nadaje jej jedwabist\u0105 g\u0142adko\u015b\u0107 i chroni przed negatywnym wp\u0142ywem \u015brodowiska.<\/p>\n<p>Nowa formu\u0142a zosta\u0142a wzbogacona o innowacyjny system transportu sk\u0142adnik\u00f3w aktywnych oraz specjalnie enkapsulowany sk\u0142adnik, kt\u00f3ry wyg\u0142adza linie mimiczne i przeciwdzia\u0142a ich pog\u0142\u0119bianiu.<\/p>\n<p>Krem Przeciwzmarszczkowy na Noc Nanogold jest idealny dla sk\u00f3ry do 40. roku \u017cycia, kt\u00f3ra potrzebuje pierwszej, skutecznej i luksusowej piel\u0119gnacji anti-aging.<\/p>\n<h3><strong><span style=\"font-size: 16pt;\">Jak stosowa\u0107 Krem Przeciwzmarszczkowy na Noc Nanogold?<\/span><\/strong><\/h3>\n<p>Na\u0142\u00f3\u017c krem na ca\u0142\u0105 twarz i szyj\u0119.<\/p>\n<p>Dla najlepszych efekt\u00f3w masuj sk\u00f3r\u0119 z \u017belazkiem na Zmarszczki Zeitgard Pro przez 30 sekund na ka\u017cd\u0105 parti\u0119 twarzy, wykonuj\u0105c ruchy od wewn\u0105trz na zewn\u0105trz oraz od do\u0142u ku g\u00f3rze.<\/p>\n<p>Regularne stosowanie sprawi, \u017ce Twoja sk\u00f3ra stanie si\u0119 widocznie g\u0142adsza, promienna i odm\u0142odzona.<\/p>\n","protected":false},"excerpt":{"rendered":"<ul>\n<li>Luksusowy krem \u200b\u200bprzeciwstarzeniowy<\/li>\n<li>Piel\u0119gnuje i rekonstruuje sk\u00f3r\u0119 w nocy<\/li>\n<li>Ekstrakt z mikroalg wspomaga regeneracj\u0119 sk\u00f3ry i poprawia jej struktur\u0119<\/li>\n<li>Aby uzyska\u0107 najlepszy efekt, u\u017cyj razem z \u017belazkiem na Zmarszczki Zeitgard Pro<\/li>\n<li>Zawarto\u015b\u0107: 50 ml<\/li>\n<\/ul>\n<p>&nbsp;<\/p>\n","protected":false},"featured_media":27074,"comment_status":"open","ping_status":"closed","template":"","meta":{"_kad_blocks_custom_css":"","_kad_blocks_head_custom_js":"","_kad_blocks_body_custom_js":"","_kad_blocks_footer_custom_js":"","_kadence_starter_templates_imported_post":false,"_kad_post_transparent":"default","_kad_post_title":"","_kad_post_layout":"default","_kad_post_sidebar_id":"","_kad_post_content_style":"default","_kad_post_vertical_padding":"default","_kad_post_feature":"","_kad_post_feature_position":"","_kad_post_header":false,"_kad_post_footer":false,"_kad_post_classname":""},"product_brand":[],"product_cat":[1072,1076,1069,1074],"product_tag":[1142],"class_list":{"0":"post-29210","1":"product","2":"type-product","3":"status-publish","4":"has-post-thumbnail","6":"product_cat-kobiety-do-40","7":"product_cat-nano-gold-pl","8":"product_cat-pielegnacja-anti-age","9":"product_cat-produkty-anti-age","10":"product_tag-zmarszczki-na-twarzy","12":"first","13":"instock","14":"taxable","15":"shipping-taxable","16":"purchasable","17":"product-type-simple","18":"entry","19":"content-bg","20":"loop-entry"},"yoast_head":"<!-- This site is optimized with the Yoast SEO Premium plugin v27.5 (Yoast SEO v27.5) - https:\/\/yoast.com\/product\/yoast-seo-premium-wordpress\/ -->\n<title>Krem Przeciwzmarszczkowy na Noc NanoGold Lr Beauty<\/title>\n<meta name=\"description\" content=\"Krem Przeciwzmarszczkowy na Noc Nanogold wyg\u0142adza zmarszczki, regeneruje i odm\u0142adza sk\u00f3r\u0119 podczas snu. Obud\u017a si\u0119 z promienn\u0105, \u015bwie\u017c\u0105 i j\u0119drn\u0105 cer\u0105.\" \/>\n<meta name=\"robots\" content=\"index, follow, max-snippet:-1, max-image-preview:large, max-video-preview:-1\" \/>\n<link rel=\"canonical\" href=\"https:\/\/www.lraloeverashop.eu\/pl\/produkt\/krem-przeciwzmarszczkowy-na-noc\/\" \/>\n<meta property=\"og:locale\" content=\"pl_PL\" \/>\n<meta property=\"og:type\" content=\"article\" \/>\n<meta property=\"og:title\" content=\"Krem Przeciwzmarszczkowy na Noc Nanogold\" \/>\n<meta property=\"og:description\" content=\"Krem Przeciwzmarszczkowy na Noc Nanogold wyg\u0142adza zmarszczki, regeneruje i odm\u0142adza sk\u00f3r\u0119 podczas snu. Obud\u017a si\u0119 z promienn\u0105, \u015bwie\u017c\u0105 i j\u0119drn\u0105 cer\u0105.\" \/>\n<meta property=\"og:url\" content=\"https:\/\/www.lraloeverashop.eu\/pl\/produkt\/krem-przeciwzmarszczkowy-na-noc\/\" \/>\n<meta property=\"og:site_name\" content=\"Lr Aloe Vera Shop\" \/>\n<meta property=\"article:publisher\" content=\"https:\/\/www.facebook.com\/lraloeverashop.eu\" \/>\n<meta property=\"article:modified_time\" content=\"2025-12-11T15:52:58+00:00\" \/>\n<meta property=\"og:image\" content=\"https:\/\/www.lraloeverashop.eu\/wp-content\/uploads\/2022\/10\/Nano-Gold-Night-Cream.jpg\" \/>\n\t<meta property=\"og:image:width\" content=\"1200\" \/>\n\t<meta property=\"og:image:height\" content=\"1200\" \/>\n\t<meta property=\"og:image:type\" content=\"image\/jpeg\" \/>\n<meta name=\"twitter:card\" content=\"summary_large_image\" \/>\n<meta name=\"twitter:site\" content=\"@natur__kosmetik\" \/>\n<script type=\"application\/ld+json\" class=\"yoast-schema-graph\">{\"@context\":\"https:\\\/\\\/schema.org\",\"@graph\":[{\"@type\":[\"WebPage\",\"ItemPage\"],\"@id\":\"https:\\\/\\\/www.lraloeverashop.eu\\\/pl\\\/produkt\\\/krem-przeciwzmarszczkowy-na-noc\\\/\",\"url\":\"https:\\\/\\\/www.lraloeverashop.eu\\\/pl\\\/produkt\\\/krem-przeciwzmarszczkowy-na-noc\\\/\",\"name\":\"Krem Przeciwzmarszczkowy na Noc NanoGold Lr Beauty\",\"isPartOf\":{\"@id\":\"https:\\\/\\\/www.lraloeverashop.eu\\\/pl\\\/#website\"},\"primaryImageOfPage\":{\"@id\":\"https:\\\/\\\/www.lraloeverashop.eu\\\/pl\\\/produkt\\\/krem-przeciwzmarszczkowy-na-noc\\\/#primaryimage\"},\"image\":{\"@id\":\"https:\\\/\\\/www.lraloeverashop.eu\\\/pl\\\/produkt\\\/krem-przeciwzmarszczkowy-na-noc\\\/#primaryimage\"},\"thumbnailUrl\":\"https:\\\/\\\/www.lraloeverashop.eu\\\/wp-content\\\/uploads\\\/2022\\\/10\\\/Nano-Gold-Night-Cream.jpg\",\"datePublished\":\"2022-10-17T15:33:29+00:00\",\"dateModified\":\"2025-12-11T15:52:58+00:00\",\"description\":\"Krem Przeciwzmarszczkowy na Noc Nanogold wyg\u0142adza zmarszczki, regeneruje i odm\u0142adza sk\u00f3r\u0119 podczas snu. Obud\u017a si\u0119 z promienn\u0105, \u015bwie\u017c\u0105 i j\u0119drn\u0105 cer\u0105.\",\"breadcrumb\":{\"@id\":\"https:\\\/\\\/www.lraloeverashop.eu\\\/pl\\\/produkt\\\/krem-przeciwzmarszczkowy-na-noc\\\/#breadcrumb\"},\"inLanguage\":\"pl-PL\",\"potentialAction\":[{\"@type\":\"ReadAction\",\"target\":[\"https:\\\/\\\/www.lraloeverashop.eu\\\/pl\\\/produkt\\\/krem-przeciwzmarszczkowy-na-noc\\\/\"]}]},{\"@type\":\"ImageObject\",\"inLanguage\":\"pl-PL\",\"@id\":\"https:\\\/\\\/www.lraloeverashop.eu\\\/pl\\\/produkt\\\/krem-przeciwzmarszczkowy-na-noc\\\/#primaryimage\",\"url\":\"https:\\\/\\\/www.lraloeverashop.eu\\\/wp-content\\\/uploads\\\/2022\\\/10\\\/Nano-Gold-Night-Cream.jpg\",\"contentUrl\":\"https:\\\/\\\/www.lraloeverashop.eu\\\/wp-content\\\/uploads\\\/2022\\\/10\\\/Nano-Gold-Night-Cream.jpg\",\"width\":1200,\"height\":1200,\"caption\":\"Krem Przeciwzmarszczkowy na Noc NanoGold Piel\u0119gnuje i rekonstruuje sk\u00f3r\u0119 w nocy\"},{\"@type\":\"BreadcrumbList\",\"@id\":\"https:\\\/\\\/www.lraloeverashop.eu\\\/pl\\\/produkt\\\/krem-przeciwzmarszczkowy-na-noc\\\/#breadcrumb\",\"itemListElement\":[{\"@type\":\"ListItem\",\"position\":1,\"name\":\"Home\",\"item\":\"https:\\\/\\\/www.lraloeverashop.eu\\\/pl\\\/\"},{\"@type\":\"ListItem\",\"position\":2,\"name\":\"Sklep\",\"item\":\"https:\\\/\\\/www.lraloeverashop.eu\\\/pl\\\/sklep\\\/\"},{\"@type\":\"ListItem\",\"position\":3,\"name\":\"Krem Przeciwzmarszczkowy na Noc Nanogold\"}]},{\"@type\":\"WebSite\",\"@id\":\"https:\\\/\\\/www.lraloeverashop.eu\\\/pl\\\/#website\",\"url\":\"https:\\\/\\\/www.lraloeverashop.eu\\\/pl\\\/\",\"name\":\"Lr Aloe Vera Shop\",\"description\":\"High Quality Lr Aloe Vera Gel, Aloe Vera Cream and Shampoo\",\"publisher\":{\"@id\":\"https:\\\/\\\/www.lraloeverashop.eu\\\/pl\\\/#organization\"},\"alternateName\":\"LR\",\"potentialAction\":[{\"@type\":\"SearchAction\",\"target\":{\"@type\":\"EntryPoint\",\"urlTemplate\":\"https:\\\/\\\/www.lraloeverashop.eu\\\/pl\\\/?s={search_term_string}\"},\"query-input\":{\"@type\":\"PropertyValueSpecification\",\"valueRequired\":true,\"valueName\":\"search_term_string\"}}],\"inLanguage\":\"pl-PL\"},{\"@type\":\"Organization\",\"@id\":\"https:\\\/\\\/www.lraloeverashop.eu\\\/pl\\\/#organization\",\"name\":\"Sklep Lr Aloe Vera\",\"alternateName\":\"LR\",\"url\":\"https:\\\/\\\/www.lraloeverashop.eu\\\/pl\\\/\",\"logo\":{\"@type\":\"ImageObject\",\"inLanguage\":\"pl-PL\",\"@id\":\"https:\\\/\\\/www.lraloeverashop.eu\\\/pl\\\/#\\\/schema\\\/logo\\\/image\\\/\",\"url\":\"https:\\\/\\\/www.lraloeverashop.eu\\\/wp-content\\\/uploads\\\/2022\\\/09\\\/cropped-Lr-Aloe-Vera-Shop.jpg\",\"contentUrl\":\"https:\\\/\\\/www.lraloeverashop.eu\\\/wp-content\\\/uploads\\\/2022\\\/09\\\/cropped-Lr-Aloe-Vera-Shop.jpg\",\"width\":228,\"height\":76,\"caption\":\"Sklep Lr Aloe Vera\"},\"image\":{\"@id\":\"https:\\\/\\\/www.lraloeverashop.eu\\\/pl\\\/#\\\/schema\\\/logo\\\/image\\\/\"},\"sameAs\":[\"https:\\\/\\\/www.facebook.com\\\/lraloeverashop.eu\",\"https:\\\/\\\/x.com\\\/natur__kosmetik\",\"https:\\\/\\\/www.youtube.com\\\/channel\\\/UC5oN7BJ8nfYb8RpVtjwDEBA\",\"https:\\\/\\\/www.instagram.com\\\/lrbeautyeu\\\/\"],\"description\":\"Sklep LR Aloe Vera to Twoje zaufane \u017ar\u00f3d\u0142o wysokiej jako\u015bci produkt\u00f3w LR Health & Beauty wyprodukowanych w Niemczech. Oferujemy wysokiej jako\u015bci produkty do piel\u0119gnacji sk\u00f3ry, od\u017cywiania i przeciwstarzeniowe z aloesem, stworzone z czystych sk\u0142adnik\u00f3w i poparte badaniami naukowymi. Odkryj naturaln\u0105 piel\u0119gnacj\u0119, kt\u00f3ra regeneruje, chroni i rewitalizuje Twoj\u0105 sk\u00f3r\u0119 \u2014 i korzystaj z ekskluzywnych comiesi\u0119cznych ofert na nasze bestsellerowe produkty LR Aloe Vera.\\nRozpocznij swoj\u0105 naturaln\u0105 piel\u0119gnacj\u0119 sk\u00f3ry ju\u017c dzi\u015b i poczuj r\u00f3\u017cnic\u0119.\",\"email\":\"info@lraloeverashop.eu\",\"telephone\":\"+49 17670609653\",\"legalName\":\"Lr Aloe Vera Shop\",\"foundingDate\":\"2018-04-21\",\"numberOfEmployees\":{\"@type\":\"QuantitativeValue\",\"minValue\":\"1\",\"maxValue\":\"10\"}}]}<\/script>\n<meta property=\"product:price:amount\" content=\"48.59\" \/>\n<meta property=\"product:price:currency\" content=\"EUR\" \/>\n<meta property=\"og:availability\" content=\"instock\" \/>\n<meta property=\"product:availability\" content=\"instock\" \/>\n<meta property=\"product:retailer_item_id\" content=\"28193-1PL\" \/>\n<meta property=\"product:condition\" content=\"new\" \/>\n<!-- \/ Yoast SEO Premium plugin. -->","yoast_head_json":{"title":"Krem Przeciwzmarszczkowy na Noc NanoGold Lr Beauty","description":"Krem Przeciwzmarszczkowy na Noc Nanogold wyg\u0142adza zmarszczki, regeneruje i odm\u0142adza sk\u00f3r\u0119 podczas snu. Obud\u017a si\u0119 z promienn\u0105, \u015bwie\u017c\u0105 i j\u0119drn\u0105 cer\u0105.","robots":{"index":"index","follow":"follow","max-snippet":"max-snippet:-1","max-image-preview":"max-image-preview:large","max-video-preview":"max-video-preview:-1"},"canonical":"https:\/\/www.lraloeverashop.eu\/pl\/produkt\/krem-przeciwzmarszczkowy-na-noc\/","og_locale":"pl_PL","og_type":"article","og_title":"Krem Przeciwzmarszczkowy na Noc Nanogold","og_description":"Krem Przeciwzmarszczkowy na Noc Nanogold wyg\u0142adza zmarszczki, regeneruje i odm\u0142adza sk\u00f3r\u0119 podczas snu. Obud\u017a si\u0119 z promienn\u0105, \u015bwie\u017c\u0105 i j\u0119drn\u0105 cer\u0105.","og_url":"https:\/\/www.lraloeverashop.eu\/pl\/produkt\/krem-przeciwzmarszczkowy-na-noc\/","og_site_name":"Lr Aloe Vera Shop","article_publisher":"https:\/\/www.facebook.com\/lraloeverashop.eu","article_modified_time":"2025-12-11T15:52:58+00:00","og_image":[{"width":1200,"height":1200,"url":"https:\/\/www.lraloeverashop.eu\/wp-content\/uploads\/2022\/10\/Nano-Gold-Night-Cream.jpg","type":"image\/jpeg"}],"twitter_card":"summary_large_image","twitter_site":"@natur__kosmetik","schema":{"@context":"https:\/\/schema.org","@graph":[{"@type":["WebPage","ItemPage"],"@id":"https:\/\/www.lraloeverashop.eu\/pl\/produkt\/krem-przeciwzmarszczkowy-na-noc\/","url":"https:\/\/www.lraloeverashop.eu\/pl\/produkt\/krem-przeciwzmarszczkowy-na-noc\/","name":"Krem Przeciwzmarszczkowy na Noc NanoGold Lr Beauty","isPartOf":{"@id":"https:\/\/www.lraloeverashop.eu\/pl\/#website"},"primaryImageOfPage":{"@id":"https:\/\/www.lraloeverashop.eu\/pl\/produkt\/krem-przeciwzmarszczkowy-na-noc\/#primaryimage"},"image":{"@id":"https:\/\/www.lraloeverashop.eu\/pl\/produkt\/krem-przeciwzmarszczkowy-na-noc\/#primaryimage"},"thumbnailUrl":"https:\/\/www.lraloeverashop.eu\/wp-content\/uploads\/2022\/10\/Nano-Gold-Night-Cream.jpg","datePublished":"2022-10-17T15:33:29+00:00","dateModified":"2025-12-11T15:52:58+00:00","description":"Krem Przeciwzmarszczkowy na Noc Nanogold wyg\u0142adza zmarszczki, regeneruje i odm\u0142adza sk\u00f3r\u0119 podczas snu. Obud\u017a si\u0119 z promienn\u0105, \u015bwie\u017c\u0105 i j\u0119drn\u0105 cer\u0105.","breadcrumb":{"@id":"https:\/\/www.lraloeverashop.eu\/pl\/produkt\/krem-przeciwzmarszczkowy-na-noc\/#breadcrumb"},"inLanguage":"pl-PL","potentialAction":[{"@type":"ReadAction","target":["https:\/\/www.lraloeverashop.eu\/pl\/produkt\/krem-przeciwzmarszczkowy-na-noc\/"]}]},{"@type":"ImageObject","inLanguage":"pl-PL","@id":"https:\/\/www.lraloeverashop.eu\/pl\/produkt\/krem-przeciwzmarszczkowy-na-noc\/#primaryimage","url":"https:\/\/www.lraloeverashop.eu\/wp-content\/uploads\/2022\/10\/Nano-Gold-Night-Cream.jpg","contentUrl":"https:\/\/www.lraloeverashop.eu\/wp-content\/uploads\/2022\/10\/Nano-Gold-Night-Cream.jpg","width":1200,"height":1200,"caption":"Krem Przeciwzmarszczkowy na Noc NanoGold Piel\u0119gnuje i rekonstruuje sk\u00f3r\u0119 w nocy"},{"@type":"BreadcrumbList","@id":"https:\/\/www.lraloeverashop.eu\/pl\/produkt\/krem-przeciwzmarszczkowy-na-noc\/#breadcrumb","itemListElement":[{"@type":"ListItem","position":1,"name":"Home","item":"https:\/\/www.lraloeverashop.eu\/pl\/"},{"@type":"ListItem","position":2,"name":"Sklep","item":"https:\/\/www.lraloeverashop.eu\/pl\/sklep\/"},{"@type":"ListItem","position":3,"name":"Krem Przeciwzmarszczkowy na Noc Nanogold"}]},{"@type":"WebSite","@id":"https:\/\/www.lraloeverashop.eu\/pl\/#website","url":"https:\/\/www.lraloeverashop.eu\/pl\/","name":"Lr Aloe Vera Shop","description":"High Quality Lr Aloe Vera Gel, Aloe Vera Cream and Shampoo","publisher":{"@id":"https:\/\/www.lraloeverashop.eu\/pl\/#organization"},"alternateName":"LR","potentialAction":[{"@type":"SearchAction","target":{"@type":"EntryPoint","urlTemplate":"https:\/\/www.lraloeverashop.eu\/pl\/?s={search_term_string}"},"query-input":{"@type":"PropertyValueSpecification","valueRequired":true,"valueName":"search_term_string"}}],"inLanguage":"pl-PL"},{"@type":"Organization","@id":"https:\/\/www.lraloeverashop.eu\/pl\/#organization","name":"Sklep Lr Aloe Vera","alternateName":"LR","url":"https:\/\/www.lraloeverashop.eu\/pl\/","logo":{"@type":"ImageObject","inLanguage":"pl-PL","@id":"https:\/\/www.lraloeverashop.eu\/pl\/#\/schema\/logo\/image\/","url":"https:\/\/www.lraloeverashop.eu\/wp-content\/uploads\/2022\/09\/cropped-Lr-Aloe-Vera-Shop.jpg","contentUrl":"https:\/\/www.lraloeverashop.eu\/wp-content\/uploads\/2022\/09\/cropped-Lr-Aloe-Vera-Shop.jpg","width":228,"height":76,"caption":"Sklep Lr Aloe Vera"},"image":{"@id":"https:\/\/www.lraloeverashop.eu\/pl\/#\/schema\/logo\/image\/"},"sameAs":["https:\/\/www.facebook.com\/lraloeverashop.eu","https:\/\/x.com\/natur__kosmetik","https:\/\/www.youtube.com\/channel\/UC5oN7BJ8nfYb8RpVtjwDEBA","https:\/\/www.instagram.com\/lrbeautyeu\/"],"description":"Sklep LR Aloe Vera to Twoje zaufane \u017ar\u00f3d\u0142o wysokiej jako\u015bci produkt\u00f3w LR Health & Beauty wyprodukowanych w Niemczech. Oferujemy wysokiej jako\u015bci produkty do piel\u0119gnacji sk\u00f3ry, od\u017cywiania i przeciwstarzeniowe z aloesem, stworzone z czystych sk\u0142adnik\u00f3w i poparte badaniami naukowymi. Odkryj naturaln\u0105 piel\u0119gnacj\u0119, kt\u00f3ra regeneruje, chroni i rewitalizuje Twoj\u0105 sk\u00f3r\u0119 \u2014 i korzystaj z ekskluzywnych comiesi\u0119cznych ofert na nasze bestsellerowe produkty LR Aloe Vera.\nRozpocznij swoj\u0105 naturaln\u0105 piel\u0119gnacj\u0119 sk\u00f3ry ju\u017c dzi\u015b i poczuj r\u00f3\u017cnic\u0119.","email":"info@lraloeverashop.eu","telephone":"+49 17670609653","legalName":"Lr Aloe Vera Shop","foundingDate":"2018-04-21","numberOfEmployees":{"@type":"QuantitativeValue","minValue":"1","maxValue":"10"}}]},"product_price_amount":"48.59","product_price_currency":"EUR","og_availability":"instock","product_availability":"instock","product_retailer_item_id":"28193-1PL","product_condition":"new"},"taxonomy_info":{"product_cat":[{"value":1072,"label":"Kobiety do 40"},{"value":1076,"label":"Nano Gold"},{"value":1069,"label":"Piel\u0119gnacja Anti Age"},{"value":1074,"label":"Produkty Anti Age"}],"product_tag":[{"value":1142,"label":"zmarszczki na twarzy"}]},"featured_image_src_large":["https:\/\/www.lraloeverashop.eu\/wp-content\/uploads\/2022\/10\/Nano-Gold-Night-Cream-1024x1024.jpg",1024,1024,true],"author_info":[],"comment_info":0,"_links":{"self":[{"href":"https:\/\/www.lraloeverashop.eu\/pl\/wp-json\/wp\/v2\/product\/29210","targetHints":{"allow":["GET"]}}],"collection":[{"href":"https:\/\/www.lraloeverashop.eu\/pl\/wp-json\/wp\/v2\/product"}],"about":[{"href":"https:\/\/www.lraloeverashop.eu\/pl\/wp-json\/wp\/v2\/types\/product"}],"replies":[{"embeddable":true,"href":"https:\/\/www.lraloeverashop.eu\/pl\/wp-json\/wp\/v2\/comments?post=29210"}],"wp:featuredmedia":[{"embeddable":true,"href":"https:\/\/www.lraloeverashop.eu\/pl\/wp-json\/wp\/v2\/media\/27074"}],"wp:attachment":[{"href":"https:\/\/www.lraloeverashop.eu\/pl\/wp-json\/wp\/v2\/media?parent=29210"}],"wp:term":[{"taxonomy":"product_brand","embeddable":true,"href":"https:\/\/www.lraloeverashop.eu\/pl\/wp-json\/wp\/v2\/product_brand?post=29210"},{"taxonomy":"product_cat","embeddable":true,"href":"https:\/\/www.lraloeverashop.eu\/pl\/wp-json\/wp\/v2\/product_cat?post=29210"},{"taxonomy":"product_tag","embeddable":true,"href":"https:\/\/www.lraloeverashop.eu\/pl\/wp-json\/wp\/v2\/product_tag?post=29210"}],"curies":[{"name":"wp","href":"https:\/\/api.w.org\/{rel}","templated":true}]}}