{"id":29191,"date":"2022-10-19T20:05:25","date_gmt":"2022-10-19T18:05:25","guid":{"rendered":"https:\/\/www.lraloeverashop.eu\/product\/natychmiastowy-perfektor-skory\/"},"modified":"2025-12-10T06:49:52","modified_gmt":"2025-12-10T05:49:52","slug":"natychmiastowy-perfektor-skory","status":"publish","type":"product","link":"https:\/\/www.lraloeverashop.eu\/pl\/produkt\/natychmiastowy-perfektor-skory\/","title":{"rendered":"Natychmiastowy Perfektor sk\u00f3ry Serox"},"content":{"rendered":"<h2><span style=\"font-size: 16pt;\"><strong>Natychmiastowy Perfektor sk\u00f3ry Serox<\/strong><\/span><\/h2>\n<p><span style=\"font-size: 14pt;\"><strong>Natychmiastowy Perfektor sk\u00f3ry Serox \u2013 optyczne odm\u0142odzenie cery w kilka sekund!<\/strong><\/span><\/p>\n<p>Dla kobiet, dla kt\u00f3rych wiek jest tylko liczb\u0105, a \u015bwietny wygl\u0105d \u2013 konieczno\u015bci\u0105.<br \/>\nDla tych, kt\u00f3re chc\u0105 piel\u0119gnacji na co dzie\u0144, zapewniaj\u0105cej w kilka sekund idealny wygl\u0105d sk\u00f3ry oraz sprawiaj\u0105cej, \u017ce drobne zmarszczki i nier\u00f3wno\u015bci staj\u0105 si\u0119 mniej widoczne.<\/p>\n<p>Nieskazitelna, g\u0142adka sk\u00f3ra z niewielk\u0105 ilo\u015bci\u0105 zmarszczek i pi\u0119knie napi\u0119ta \u2013 to oznaki m\u0142odego wygl\u0105du, kt\u00f3ry chcemy zachowa\u0107 lub przywr\u00f3ci\u0107.<\/p>\n<p>Z wiekiem wygl\u0105d sk\u00f3ry zmienia si\u0119, nier\u00f3wno\u015bci staj\u0105 si\u0119 bardziej widoczne, a pory powi\u0119kszone. Dodatkowo sk\u00f3ra traci elastyczno\u015b\u0107 i j\u0119drno\u015b\u0107. Aby przeciwdzia\u0142a\u0107 oznakom starzenia sk\u00f3ry, Natychmiastowy Perfektor sk\u00f3ry Serox Instant Skin Perfector od LR Zeitgard jest idealnym towarzyszem codziennej piel\u0119gnacji twarzy.<\/p>\n<p>Technologia dzia\u0142ania z podw\u00f3jnym efektem anti-aging zachwyca natychmiastow\u0105 perfekcj\u0105 \u2013 wizualnym odm\u0142odzeniem sk\u00f3ry w kilka sekund! Aksamitnie mi\u0119kka, laminuj\u0105ca formu\u0142a z subtelnymi pigmentami kolorystycznymi sprawia, \u017ce sk\u00f3ra wygl\u0105da jak odmieniona.<\/p>\n<p>Pory, nier\u00f3wno\u015bci i zmarszczki s\u0105 zminimalizowane, a b\u0142yszcz\u0105ca sk\u00f3ra \u2013 zmatowiona. Z drugiej strony, produkt wspiera trwa\u0142\u0105 perfekcj\u0119 i regeneracj\u0119 struktury sk\u00f3ry dzie\u0144 po dniu.<\/p>\n<p>Jest to mo\u017cliwe dzi\u0119ki g\u0142\u0119boko dzia\u0142aj\u0105cym sk\u0142adnikom anti-aging Gatuline\u00ae In-Tense oraz Ultra Filling Spheres\u2122. Trwale wzmacniaj\u0105 one j\u0119drno\u015b\u0107 i elastyczno\u015b\u0107 sk\u00f3ry, dzi\u0119ki czemu wygl\u0105da ona g\u0142adsza, bardziej elastyczna i j\u0119drniejsza.<\/p>\n<p>Aby wzmocni\u0107 efekt anti-aging, zaleca si\u0119 nast\u0119puj\u0105cy rytua\u0142 piel\u0119gnacyjny: rozpocz\u0105\u0107 od Serum Serox Instant Result, nast\u0119pnie zastosowa\u0107 Krem Intensywny Anti-Aging, a na ko\u0144cu Natychmiastowy Perfektor sk\u00f3ry Serox.<\/p>\n<h3><span style=\"font-size: 16pt;\"><strong>Spos\u00f3b u\u017cycia<\/strong><\/span><\/h3>\n<p>Natychmiastowy Perfektor sk\u00f3ry Serox mo\u017cna stosowa\u0107 o ka\u017cdej porze dnia. Nanie\u015b swoj\u0105 codzienn\u0105 piel\u0119gnacj\u0119, a nast\u0119pnie niewielk\u0105 ilo\u015b\u0107 produktu, dok\u0142adnie rozprowadzaj\u0105c na ca\u0142ej twarzy. Odczekaj kilka sekund, zanim wykonasz makija\u017c.<\/p>\n<h4><span style=\"font-size: 16pt;\"><strong>Czy wiesz, \u017ce?<\/strong><\/span><\/h4>\n<p><strong>Gatuline\u00ae In-Tense<\/strong><br \/>\nJest to skoncentrowany, oleisty ekstrakt z ro\u015bliny Spilanthes Acmella, nazywanej r\u00f3wnie\u017c paracress. Gatuline\u00ae In-Tense dzia\u0142a poprzez stymulacj\u0119 fibroblast\u00f3w (kom\u00f3rek tkanki \u0142\u0105cznej), reorganizuj\u0105c struktur\u0119 i g\u0119sto\u015b\u0107 warstwy sk\u00f3rnej. G\u0119sto\u015b\u0107 i j\u0119drno\u015b\u0107 sk\u00f3ry zwi\u0119kszaj\u0105 si\u0119, dzi\u0119ki czemu sk\u00f3ra wygl\u0105da jednolicie i promiennie.<\/p>\n<p><strong>Ultra Filling Spheres\u2122<\/strong><br \/>\nTechnologia ta wykorzystuje odwodnione i usieciowane sfery biopolimerowe, kt\u00f3re przenikaj\u0105 do g\u00f3rnej warstwy sk\u00f3ry (nask\u00f3rka), absorbuj\u0105c wod\u0119 odparowuj\u0105c\u0105 z g\u0142\u0119bszej warstwy (sk\u00f3ry w\u0142a\u015bciwej). Obj\u0119to\u015b\u0107 mikrosfer zwi\u0119ksza si\u0119, a sk\u00f3ra zostaje napr\u0119\u017cona, wyg\u0142adzona i nawil\u017cona.<\/p>\n<p>Natychmiastowy Perfektor Sk\u00f3ry Serox wyg\u0142adza zmarszczki w kilka sekund. Kup i zobacz efekt!<\/p>\n","protected":false},"excerpt":{"rendered":"<ul>\n<li class=\"ai-optimize-23\">innowacyjna technologia z podw\u00f3jnym efektem anti-aging<\/li>\n<li class=\"ai-optimize-23\">trwa\u0142a poprawa struktury sk\u00f3ry<\/li>\n<li class=\"ai-optimize-23\">nadaje si\u0119 pod makija\u017c<\/li>\n<li class=\"ai-optimize-23\">natychmiastowa perfekcja sk\u00f3ry<\/li>\n<li class=\"ai-optimize-23\">piel\u0119gnacja przeciwstarzeniowa do codziennego stosowania<\/li>\n<li class=\"ai-optimize-23\">wysokiej jako\u015bci sk\u0142adniki<\/li>\n<li class=\"ai-optimize-23\">Zawarto\u015b\u0107: 30 ml<\/li>\n<\/ul>\n<p>&nbsp;<\/p>\n","protected":false},"featured_media":27085,"comment_status":"open","ping_status":"closed","template":"","meta":{"_kad_blocks_custom_css":"","_kad_blocks_head_custom_js":"","_kad_blocks_body_custom_js":"","_kad_blocks_footer_custom_js":"","_kadence_starter_templates_imported_post":false,"_kad_post_transparent":"default","_kad_post_title":"","_kad_post_layout":"default","_kad_post_sidebar_id":"","_kad_post_content_style":"default","_kad_post_vertical_padding":"default","_kad_post_feature":"","_kad_post_feature_position":"","_kad_post_header":false,"_kad_post_footer":false,"_kad_post_classname":""},"product_brand":[],"product_cat":[1072,1071,1069,1074,1079],"product_tag":[1142],"class_list":{"0":"post-29191","1":"product","2":"type-product","3":"status-publish","4":"has-post-thumbnail","6":"product_cat-kobiety-do-40","7":"product_cat-kobiety-po-40","8":"product_cat-pielegnacja-anti-age","9":"product_cat-produkty-anti-age","10":"product_cat-serox-pl","11":"product_tag-zmarszczki-na-twarzy","13":"first","14":"instock","15":"taxable","16":"shipping-taxable","17":"purchasable","18":"product-type-simple","19":"entry","20":"content-bg","21":"loop-entry"},"yoast_head":"<!-- This site is optimized with the Yoast SEO Premium plugin v27.5 (Yoast SEO v27.5) - https:\/\/yoast.com\/product\/yoast-seo-premium-wordpress\/ -->\n<title>Natychmiastowy Perfektor Sk\u00f3ry Serox \u2013 redukcja zmarszczek<\/title>\n<meta name=\"description\" content=\"Natychmiastowy Perfektor Sk\u00f3ry Serox wyg\u0142adza sk\u00f3r\u0119 w kilka sekund, minimalizuje pory i zmarszczki. Efekt m\u0142odszej, g\u0142adkiej cery od pierwszego u\u017cycia.\" \/>\n<meta name=\"robots\" content=\"index, follow, max-snippet:-1, max-image-preview:large, max-video-preview:-1\" \/>\n<link rel=\"canonical\" href=\"https:\/\/www.lraloeverashop.eu\/pl\/produkt\/natychmiastowy-perfektor-skory\/\" \/>\n<meta property=\"og:locale\" content=\"pl_PL\" \/>\n<meta property=\"og:type\" content=\"article\" \/>\n<meta property=\"og:title\" content=\"Natychmiastowy Perfektor sk\u00f3ry Serox\" \/>\n<meta property=\"og:description\" content=\"Natychmiastowy Perfektor Sk\u00f3ry Serox wyg\u0142adza sk\u00f3r\u0119 w kilka sekund, minimalizuje pory i zmarszczki. Efekt m\u0142odszej, g\u0142adkiej cery od pierwszego u\u017cycia.\" \/>\n<meta property=\"og:url\" content=\"https:\/\/www.lraloeverashop.eu\/pl\/produkt\/natychmiastowy-perfektor-skory\/\" \/>\n<meta property=\"og:site_name\" content=\"Lr Aloe Vera Shop\" \/>\n<meta property=\"article:publisher\" content=\"https:\/\/www.facebook.com\/lraloeverashop.eu\" \/>\n<meta property=\"article:modified_time\" content=\"2025-12-10T05:49:52+00:00\" \/>\n<meta property=\"og:image\" content=\"https:\/\/www.lraloeverashop.eu\/wp-content\/uploads\/2022\/10\/Serox-Instant-Skin-Perfector.jpg\" \/>\n\t<meta property=\"og:image:width\" content=\"1200\" \/>\n\t<meta property=\"og:image:height\" content=\"1200\" \/>\n\t<meta property=\"og:image:type\" content=\"image\/jpeg\" \/>\n<meta name=\"twitter:card\" content=\"summary_large_image\" \/>\n<meta name=\"twitter:site\" content=\"@natur__kosmetik\" \/>\n<script type=\"application\/ld+json\" class=\"yoast-schema-graph\">{\"@context\":\"https:\\\/\\\/schema.org\",\"@graph\":[{\"@type\":[\"WebPage\",\"ItemPage\"],\"@id\":\"https:\\\/\\\/www.lraloeverashop.eu\\\/pl\\\/produkt\\\/natychmiastowy-perfektor-skory\\\/\",\"url\":\"https:\\\/\\\/www.lraloeverashop.eu\\\/pl\\\/produkt\\\/natychmiastowy-perfektor-skory\\\/\",\"name\":\"Natychmiastowy Perfektor Sk\u00f3ry Serox \u2013 redukcja zmarszczek\",\"isPartOf\":{\"@id\":\"https:\\\/\\\/www.lraloeverashop.eu\\\/pl\\\/#website\"},\"primaryImageOfPage\":{\"@id\":\"https:\\\/\\\/www.lraloeverashop.eu\\\/pl\\\/produkt\\\/natychmiastowy-perfektor-skory\\\/#primaryimage\"},\"image\":{\"@id\":\"https:\\\/\\\/www.lraloeverashop.eu\\\/pl\\\/produkt\\\/natychmiastowy-perfektor-skory\\\/#primaryimage\"},\"thumbnailUrl\":\"https:\\\/\\\/www.lraloeverashop.eu\\\/wp-content\\\/uploads\\\/2022\\\/10\\\/Serox-Instant-Skin-Perfector.jpg\",\"datePublished\":\"2022-10-19T18:05:25+00:00\",\"dateModified\":\"2025-12-10T05:49:52+00:00\",\"description\":\"Natychmiastowy Perfektor Sk\u00f3ry Serox wyg\u0142adza sk\u00f3r\u0119 w kilka sekund, minimalizuje pory i zmarszczki. Efekt m\u0142odszej, g\u0142adkiej cery od pierwszego u\u017cycia.\",\"breadcrumb\":{\"@id\":\"https:\\\/\\\/www.lraloeverashop.eu\\\/pl\\\/produkt\\\/natychmiastowy-perfektor-skory\\\/#breadcrumb\"},\"inLanguage\":\"pl-PL\",\"potentialAction\":[{\"@type\":\"ReadAction\",\"target\":[\"https:\\\/\\\/www.lraloeverashop.eu\\\/pl\\\/produkt\\\/natychmiastowy-perfektor-skory\\\/\"]}]},{\"@type\":\"ImageObject\",\"inLanguage\":\"pl-PL\",\"@id\":\"https:\\\/\\\/www.lraloeverashop.eu\\\/pl\\\/produkt\\\/natychmiastowy-perfektor-skory\\\/#primaryimage\",\"url\":\"https:\\\/\\\/www.lraloeverashop.eu\\\/wp-content\\\/uploads\\\/2022\\\/10\\\/Serox-Instant-Skin-Perfector.jpg\",\"contentUrl\":\"https:\\\/\\\/www.lraloeverashop.eu\\\/wp-content\\\/uploads\\\/2022\\\/10\\\/Serox-Instant-Skin-Perfector.jpg\",\"width\":1200,\"height\":1200,\"caption\":\"Natychmiastowy Perfektor sk\u00f3ry Serox z efektem anti-aging\"},{\"@type\":\"BreadcrumbList\",\"@id\":\"https:\\\/\\\/www.lraloeverashop.eu\\\/pl\\\/produkt\\\/natychmiastowy-perfektor-skory\\\/#breadcrumb\",\"itemListElement\":[{\"@type\":\"ListItem\",\"position\":1,\"name\":\"Home\",\"item\":\"https:\\\/\\\/www.lraloeverashop.eu\\\/pl\\\/\"},{\"@type\":\"ListItem\",\"position\":2,\"name\":\"Sklep\",\"item\":\"https:\\\/\\\/www.lraloeverashop.eu\\\/pl\\\/sklep\\\/\"},{\"@type\":\"ListItem\",\"position\":3,\"name\":\"Natychmiastowy Perfektor sk\u00f3ry Serox\"}]},{\"@type\":\"WebSite\",\"@id\":\"https:\\\/\\\/www.lraloeverashop.eu\\\/pl\\\/#website\",\"url\":\"https:\\\/\\\/www.lraloeverashop.eu\\\/pl\\\/\",\"name\":\"Lr Aloe Vera Shop\",\"description\":\"High Quality Lr Aloe Vera Gel, Aloe Vera Cream and Shampoo\",\"publisher\":{\"@id\":\"https:\\\/\\\/www.lraloeverashop.eu\\\/pl\\\/#organization\"},\"alternateName\":\"LR\",\"potentialAction\":[{\"@type\":\"SearchAction\",\"target\":{\"@type\":\"EntryPoint\",\"urlTemplate\":\"https:\\\/\\\/www.lraloeverashop.eu\\\/pl\\\/?s={search_term_string}\"},\"query-input\":{\"@type\":\"PropertyValueSpecification\",\"valueRequired\":true,\"valueName\":\"search_term_string\"}}],\"inLanguage\":\"pl-PL\"},{\"@type\":\"Organization\",\"@id\":\"https:\\\/\\\/www.lraloeverashop.eu\\\/pl\\\/#organization\",\"name\":\"Sklep Lr Aloe Vera\",\"alternateName\":\"LR\",\"url\":\"https:\\\/\\\/www.lraloeverashop.eu\\\/pl\\\/\",\"logo\":{\"@type\":\"ImageObject\",\"inLanguage\":\"pl-PL\",\"@id\":\"https:\\\/\\\/www.lraloeverashop.eu\\\/pl\\\/#\\\/schema\\\/logo\\\/image\\\/\",\"url\":\"https:\\\/\\\/www.lraloeverashop.eu\\\/wp-content\\\/uploads\\\/2022\\\/09\\\/cropped-Lr-Aloe-Vera-Shop.jpg\",\"contentUrl\":\"https:\\\/\\\/www.lraloeverashop.eu\\\/wp-content\\\/uploads\\\/2022\\\/09\\\/cropped-Lr-Aloe-Vera-Shop.jpg\",\"width\":228,\"height\":76,\"caption\":\"Sklep Lr Aloe Vera\"},\"image\":{\"@id\":\"https:\\\/\\\/www.lraloeverashop.eu\\\/pl\\\/#\\\/schema\\\/logo\\\/image\\\/\"},\"sameAs\":[\"https:\\\/\\\/www.facebook.com\\\/lraloeverashop.eu\",\"https:\\\/\\\/x.com\\\/natur__kosmetik\",\"https:\\\/\\\/www.youtube.com\\\/channel\\\/UC5oN7BJ8nfYb8RpVtjwDEBA\",\"https:\\\/\\\/www.instagram.com\\\/lrbeautyeu\\\/\"],\"description\":\"Sklep LR Aloe Vera to Twoje zaufane \u017ar\u00f3d\u0142o wysokiej jako\u015bci produkt\u00f3w LR Health & Beauty wyprodukowanych w Niemczech. Oferujemy wysokiej jako\u015bci produkty do piel\u0119gnacji sk\u00f3ry, od\u017cywiania i przeciwstarzeniowe z aloesem, stworzone z czystych sk\u0142adnik\u00f3w i poparte badaniami naukowymi. Odkryj naturaln\u0105 piel\u0119gnacj\u0119, kt\u00f3ra regeneruje, chroni i rewitalizuje Twoj\u0105 sk\u00f3r\u0119 \u2014 i korzystaj z ekskluzywnych comiesi\u0119cznych ofert na nasze bestsellerowe produkty LR Aloe Vera.\\nRozpocznij swoj\u0105 naturaln\u0105 piel\u0119gnacj\u0119 sk\u00f3ry ju\u017c dzi\u015b i poczuj r\u00f3\u017cnic\u0119.\",\"email\":\"info@lraloeverashop.eu\",\"telephone\":\"+49 17670609653\",\"legalName\":\"Lr Aloe Vera Shop\",\"foundingDate\":\"2018-04-21\",\"numberOfEmployees\":{\"@type\":\"QuantitativeValue\",\"minValue\":\"1\",\"maxValue\":\"10\"}}]}<\/script>\n<meta property=\"product:price:amount\" content=\"58.10\" \/>\n<meta property=\"product:price:currency\" content=\"EUR\" \/>\n<meta property=\"og:availability\" content=\"instock\" \/>\n<meta property=\"product:availability\" content=\"instock\" \/>\n<meta property=\"product:retailer_item_id\" content=\"28250-1PL\" \/>\n<meta property=\"product:condition\" content=\"new\" \/>\n<!-- \/ Yoast SEO Premium plugin. -->","yoast_head_json":{"title":"Natychmiastowy Perfektor Sk\u00f3ry Serox \u2013 redukcja zmarszczek","description":"Natychmiastowy Perfektor Sk\u00f3ry Serox wyg\u0142adza sk\u00f3r\u0119 w kilka sekund, minimalizuje pory i zmarszczki. Efekt m\u0142odszej, g\u0142adkiej cery od pierwszego u\u017cycia.","robots":{"index":"index","follow":"follow","max-snippet":"max-snippet:-1","max-image-preview":"max-image-preview:large","max-video-preview":"max-video-preview:-1"},"canonical":"https:\/\/www.lraloeverashop.eu\/pl\/produkt\/natychmiastowy-perfektor-skory\/","og_locale":"pl_PL","og_type":"article","og_title":"Natychmiastowy Perfektor sk\u00f3ry Serox","og_description":"Natychmiastowy Perfektor Sk\u00f3ry Serox wyg\u0142adza sk\u00f3r\u0119 w kilka sekund, minimalizuje pory i zmarszczki. Efekt m\u0142odszej, g\u0142adkiej cery od pierwszego u\u017cycia.","og_url":"https:\/\/www.lraloeverashop.eu\/pl\/produkt\/natychmiastowy-perfektor-skory\/","og_site_name":"Lr Aloe Vera Shop","article_publisher":"https:\/\/www.facebook.com\/lraloeverashop.eu","article_modified_time":"2025-12-10T05:49:52+00:00","og_image":[{"width":1200,"height":1200,"url":"https:\/\/www.lraloeverashop.eu\/wp-content\/uploads\/2022\/10\/Serox-Instant-Skin-Perfector.jpg","type":"image\/jpeg"}],"twitter_card":"summary_large_image","twitter_site":"@natur__kosmetik","schema":{"@context":"https:\/\/schema.org","@graph":[{"@type":["WebPage","ItemPage"],"@id":"https:\/\/www.lraloeverashop.eu\/pl\/produkt\/natychmiastowy-perfektor-skory\/","url":"https:\/\/www.lraloeverashop.eu\/pl\/produkt\/natychmiastowy-perfektor-skory\/","name":"Natychmiastowy Perfektor Sk\u00f3ry Serox \u2013 redukcja zmarszczek","isPartOf":{"@id":"https:\/\/www.lraloeverashop.eu\/pl\/#website"},"primaryImageOfPage":{"@id":"https:\/\/www.lraloeverashop.eu\/pl\/produkt\/natychmiastowy-perfektor-skory\/#primaryimage"},"image":{"@id":"https:\/\/www.lraloeverashop.eu\/pl\/produkt\/natychmiastowy-perfektor-skory\/#primaryimage"},"thumbnailUrl":"https:\/\/www.lraloeverashop.eu\/wp-content\/uploads\/2022\/10\/Serox-Instant-Skin-Perfector.jpg","datePublished":"2022-10-19T18:05:25+00:00","dateModified":"2025-12-10T05:49:52+00:00","description":"Natychmiastowy Perfektor Sk\u00f3ry Serox wyg\u0142adza sk\u00f3r\u0119 w kilka sekund, minimalizuje pory i zmarszczki. Efekt m\u0142odszej, g\u0142adkiej cery od pierwszego u\u017cycia.","breadcrumb":{"@id":"https:\/\/www.lraloeverashop.eu\/pl\/produkt\/natychmiastowy-perfektor-skory\/#breadcrumb"},"inLanguage":"pl-PL","potentialAction":[{"@type":"ReadAction","target":["https:\/\/www.lraloeverashop.eu\/pl\/produkt\/natychmiastowy-perfektor-skory\/"]}]},{"@type":"ImageObject","inLanguage":"pl-PL","@id":"https:\/\/www.lraloeverashop.eu\/pl\/produkt\/natychmiastowy-perfektor-skory\/#primaryimage","url":"https:\/\/www.lraloeverashop.eu\/wp-content\/uploads\/2022\/10\/Serox-Instant-Skin-Perfector.jpg","contentUrl":"https:\/\/www.lraloeverashop.eu\/wp-content\/uploads\/2022\/10\/Serox-Instant-Skin-Perfector.jpg","width":1200,"height":1200,"caption":"Natychmiastowy Perfektor sk\u00f3ry Serox z efektem anti-aging"},{"@type":"BreadcrumbList","@id":"https:\/\/www.lraloeverashop.eu\/pl\/produkt\/natychmiastowy-perfektor-skory\/#breadcrumb","itemListElement":[{"@type":"ListItem","position":1,"name":"Home","item":"https:\/\/www.lraloeverashop.eu\/pl\/"},{"@type":"ListItem","position":2,"name":"Sklep","item":"https:\/\/www.lraloeverashop.eu\/pl\/sklep\/"},{"@type":"ListItem","position":3,"name":"Natychmiastowy Perfektor sk\u00f3ry Serox"}]},{"@type":"WebSite","@id":"https:\/\/www.lraloeverashop.eu\/pl\/#website","url":"https:\/\/www.lraloeverashop.eu\/pl\/","name":"Lr Aloe Vera Shop","description":"High Quality Lr Aloe Vera Gel, Aloe Vera Cream and Shampoo","publisher":{"@id":"https:\/\/www.lraloeverashop.eu\/pl\/#organization"},"alternateName":"LR","potentialAction":[{"@type":"SearchAction","target":{"@type":"EntryPoint","urlTemplate":"https:\/\/www.lraloeverashop.eu\/pl\/?s={search_term_string}"},"query-input":{"@type":"PropertyValueSpecification","valueRequired":true,"valueName":"search_term_string"}}],"inLanguage":"pl-PL"},{"@type":"Organization","@id":"https:\/\/www.lraloeverashop.eu\/pl\/#organization","name":"Sklep Lr Aloe Vera","alternateName":"LR","url":"https:\/\/www.lraloeverashop.eu\/pl\/","logo":{"@type":"ImageObject","inLanguage":"pl-PL","@id":"https:\/\/www.lraloeverashop.eu\/pl\/#\/schema\/logo\/image\/","url":"https:\/\/www.lraloeverashop.eu\/wp-content\/uploads\/2022\/09\/cropped-Lr-Aloe-Vera-Shop.jpg","contentUrl":"https:\/\/www.lraloeverashop.eu\/wp-content\/uploads\/2022\/09\/cropped-Lr-Aloe-Vera-Shop.jpg","width":228,"height":76,"caption":"Sklep Lr Aloe Vera"},"image":{"@id":"https:\/\/www.lraloeverashop.eu\/pl\/#\/schema\/logo\/image\/"},"sameAs":["https:\/\/www.facebook.com\/lraloeverashop.eu","https:\/\/x.com\/natur__kosmetik","https:\/\/www.youtube.com\/channel\/UC5oN7BJ8nfYb8RpVtjwDEBA","https:\/\/www.instagram.com\/lrbeautyeu\/"],"description":"Sklep LR Aloe Vera to Twoje zaufane \u017ar\u00f3d\u0142o wysokiej jako\u015bci produkt\u00f3w LR Health & Beauty wyprodukowanych w Niemczech. Oferujemy wysokiej jako\u015bci produkty do piel\u0119gnacji sk\u00f3ry, od\u017cywiania i przeciwstarzeniowe z aloesem, stworzone z czystych sk\u0142adnik\u00f3w i poparte badaniami naukowymi. Odkryj naturaln\u0105 piel\u0119gnacj\u0119, kt\u00f3ra regeneruje, chroni i rewitalizuje Twoj\u0105 sk\u00f3r\u0119 \u2014 i korzystaj z ekskluzywnych comiesi\u0119cznych ofert na nasze bestsellerowe produkty LR Aloe Vera.\nRozpocznij swoj\u0105 naturaln\u0105 piel\u0119gnacj\u0119 sk\u00f3ry ju\u017c dzi\u015b i poczuj r\u00f3\u017cnic\u0119.","email":"info@lraloeverashop.eu","telephone":"+49 17670609653","legalName":"Lr Aloe Vera Shop","foundingDate":"2018-04-21","numberOfEmployees":{"@type":"QuantitativeValue","minValue":"1","maxValue":"10"}}]},"product_price_amount":"58.10","product_price_currency":"EUR","og_availability":"instock","product_availability":"instock","product_retailer_item_id":"28250-1PL","product_condition":"new"},"taxonomy_info":{"product_cat":[{"value":1072,"label":"Kobiety do 40"},{"value":1071,"label":"Kobiety po 40"},{"value":1069,"label":"Piel\u0119gnacja Anti Age"},{"value":1074,"label":"Produkty Anti Age"},{"value":1079,"label":"Serox"}],"product_tag":[{"value":1142,"label":"zmarszczki na twarzy"}]},"featured_image_src_large":["https:\/\/www.lraloeverashop.eu\/wp-content\/uploads\/2022\/10\/Serox-Instant-Skin-Perfector-1024x1024.jpg",1024,1024,true],"author_info":[],"comment_info":0,"_links":{"self":[{"href":"https:\/\/www.lraloeverashop.eu\/pl\/wp-json\/wp\/v2\/product\/29191","targetHints":{"allow":["GET"]}}],"collection":[{"href":"https:\/\/www.lraloeverashop.eu\/pl\/wp-json\/wp\/v2\/product"}],"about":[{"href":"https:\/\/www.lraloeverashop.eu\/pl\/wp-json\/wp\/v2\/types\/product"}],"replies":[{"embeddable":true,"href":"https:\/\/www.lraloeverashop.eu\/pl\/wp-json\/wp\/v2\/comments?post=29191"}],"wp:featuredmedia":[{"embeddable":true,"href":"https:\/\/www.lraloeverashop.eu\/pl\/wp-json\/wp\/v2\/media\/27085"}],"wp:attachment":[{"href":"https:\/\/www.lraloeverashop.eu\/pl\/wp-json\/wp\/v2\/media?parent=29191"}],"wp:term":[{"taxonomy":"product_brand","embeddable":true,"href":"https:\/\/www.lraloeverashop.eu\/pl\/wp-json\/wp\/v2\/product_brand?post=29191"},{"taxonomy":"product_cat","embeddable":true,"href":"https:\/\/www.lraloeverashop.eu\/pl\/wp-json\/wp\/v2\/product_cat?post=29191"},{"taxonomy":"product_tag","embeddable":true,"href":"https:\/\/www.lraloeverashop.eu\/pl\/wp-json\/wp\/v2\/product_tag?post=29191"}],"curies":[{"name":"wp","href":"https:\/\/api.w.org\/{rel}","templated":true}]}}