{"id":29179,"date":"2022-10-19T16:26:32","date_gmt":"2022-10-19T14:26:32","guid":{"rendered":"https:\/\/www.lraloeverashop.eu\/product\/wzmacniajacy-krem-do-ciala\/"},"modified":"2025-12-07T15:56:09","modified_gmt":"2025-12-07T14:56:09","slug":"wzmacniajacy-krem-do-ciala","status":"publish","type":"product","link":"https:\/\/www.lraloeverashop.eu\/pl\/produkt\/wzmacniajacy-krem-do-ciala\/","title":{"rendered":"Wzmacniaj\u0105cy Krem do Cia\u0142a"},"content":{"rendered":"<h2><span style=\"font-size: 16pt;\"><strong>Wzmacniaj\u0105cy Krem do Cia\u0142a Zeitgard<\/strong><\/span><\/h2>\n<p><span style=\"font-size: 14pt;\"><strong>Wzmacniaj\u0105cy Krem do Cia\u0142a Zeitgard z pantenolem, witamin\u0105 E i kwasem hialuronowym<\/strong><\/span><\/p>\n<p>Wzmacniaj\u0105cy Krem do Cia\u0142a Zeitgard z systemem transportu substancji aktywnych zawiera kapsu\u0142kowane sk\u0142adniki aktywne, kt\u00f3re uj\u0119drniaj\u0105 sk\u00f3r\u0119 i zmniejszaj\u0105 jej szorstko\u015b\u0107. Zosta\u0142 opracowany specjalnie do stosowania z urz\u0105dzeniem Zeitgard Pro Body Massage Kit.<\/p>\n<p>Ma kremow\u0105, lekk\u0105 i delikatn\u0105 konsystencj\u0119, idealn\u0105 do masa\u017cu sk\u00f3ry przy u\u017cyciu Zeitgard Pro Body Massage Kit. Pozostawia sk\u00f3r\u0119 jedwabi\u015bcie g\u0142adk\u0105, bez uczucia lepko\u015bci.<\/p>\n<p>Po\u0142\u0105czenie sprawdzonych sk\u0142adnik\u00f3w o dzia\u0142aniu przeciwstarzeniowym, takich jak pantenol i witamina E, pobudza produkcj\u0119 kom\u00f3rek sk\u00f3ry i chroni przed wolnymi rodnikami, nadaj\u0105c sk\u00f3rze promienny wygl\u0105d.<\/p>\n<p>Dodatkowo stymuluje produkcj\u0119 kolagenu i odbudowuje naturaln\u0105 struktur\u0119 kolagenu w sk\u00f3rze. Wzmacnia barier\u0119 ochronn\u0105 oraz kontur sk\u00f3ry, a tak\u017ce poprawia mikrorelief.<\/p>\n<p>Wosk s\u0142onecznikowy, jojoba i mimozy dodatkowo wspieraj\u0105 barier\u0119 ochronn\u0105 sk\u00f3ry, natomiast kwas hialuronowy dzia\u0142a jak rezerwuar wody, zapewniaj\u0105c elastyczno\u015b\u0107 i napi\u0119cie.<\/p>\n<p>&nbsp;<\/p>\n<h3><strong><span style=\"font-size: 16pt;\">Spos\u00f3b u\u017cycia<\/span><\/strong><\/h3>\n<p>Krem do cia\u0142a nale\u017cy nak\u0142ada\u0107 jeden lub dwa razy dziennie, najlepiej z u\u017cyciem urz\u0105dzenia Zeitgard Pro do Masa\u017cu Cia\u0142a., wmasowuj\u0105c go w poszczeg\u00f3lne partie cia\u0142a przez oko\u0142o dwie minuty ka\u017cd\u0105.<\/p>\n<p>Urz\u0105dzenie Zeitgard Pro nale\u017cy prowadzi\u0107 delikatnymi, okr\u0119\u017cnymi ruchami w kierunku w\u0119z\u0142\u00f3w ch\u0142onnych: na nogach i na brzuchu w kierunku pachwin, na po\u015bladkach w kierunku tylnej cz\u0119\u015bci kolan, a na ramionach w kierunku pach.<\/p>\n","protected":false},"excerpt":{"rendered":"<ul>\n<li>Aktywizuj\u0105cy, uj\u0119drniaj\u0105cy krem do cia\u0142a z systemem transportu substancji aktywnych<\/li>\n<li>Z pantenolem, witamin\u0105 E i kwasem hialuronowym<\/li>\n<li>Wspiera elastyczno\u015b\u0107 i j\u0119drno\u015b\u0107 sk\u00f3ry<\/li>\n<li>Przeznaczony do stosowania z urz\u0105dzeniem Zeitgard Pro do Masa\u017cu Cia\u0142a<\/li>\n<li>Zawarto\u015b\u0107: 200 ml<\/li>\n<\/ul>\n<p>&nbsp;<\/p>\n","protected":false},"featured_media":27066,"comment_status":"open","ping_status":"closed","template":"","meta":{"_kad_blocks_custom_css":"","_kad_blocks_head_custom_js":"","_kad_blocks_body_custom_js":"","_kad_blocks_footer_custom_js":"","_kadence_starter_templates_imported_post":false,"_kad_post_transparent":"default","_kad_post_title":"","_kad_post_layout":"default","_kad_post_sidebar_id":"","_kad_post_content_style":"default","_kad_post_vertical_padding":"default","_kad_post_feature":"","_kad_post_feature_position":"","_kad_post_header":false,"_kad_post_footer":false,"_kad_post_classname":""},"product_brand":[],"product_cat":[1072,1071,1070,1069,1074,1080,1073],"product_tag":[],"class_list":{"0":"post-29179","1":"product","2":"type-product","3":"status-publish","4":"has-post-thumbnail","6":"product_cat-kobiety-do-40","7":"product_cat-kobiety-po-40","8":"product_cat-mezczyzni-powyzej-25-lat","9":"product_cat-pielegnacja-anti-age","10":"product_cat-produkty-anti-age","11":"product_cat-zeitgard-pl","12":"product_cat-zeitgard-pro-pl","14":"first","15":"instock","16":"taxable","17":"shipping-taxable","18":"purchasable","19":"product-type-simple","20":"entry","21":"content-bg","22":"loop-entry"},"yoast_head":"<!-- This site is optimized with the Yoast SEO Premium plugin v27.5 (Yoast SEO v27.5) - https:\/\/yoast.com\/product\/yoast-seo-premium-wordpress\/ -->\n<title>Wzmacniaj\u0105cy Krem Do Cia\u0142a Zeitgard \u2013 uj\u0119drnienie sk\u00f3ry<\/title>\n<meta name=\"description\" content=\"Wzmacniaj\u0105cy Krem do Cia\u0142a Zeitgard z pantenolem, witamin\u0105 E i kwasem hialuronowym uj\u0119drnia sk\u00f3r\u0119, wyg\u0142adza i zwi\u0119ksza jej elastyczno\u015b\u0107.\" \/>\n<meta name=\"robots\" content=\"index, follow, max-snippet:-1, max-image-preview:large, max-video-preview:-1\" \/>\n<link rel=\"canonical\" href=\"https:\/\/www.lraloeverashop.eu\/pl\/produkt\/wzmacniajacy-krem-do-ciala\/\" \/>\n<meta property=\"og:locale\" content=\"pl_PL\" \/>\n<meta property=\"og:type\" content=\"article\" \/>\n<meta property=\"og:title\" content=\"Wzmacniaj\u0105cy Krem do Cia\u0142a\" \/>\n<meta property=\"og:description\" content=\"Wzmacniaj\u0105cy Krem do Cia\u0142a Zeitgard z pantenolem, witamin\u0105 E i kwasem hialuronowym uj\u0119drnia sk\u00f3r\u0119, wyg\u0142adza i zwi\u0119ksza jej elastyczno\u015b\u0107.\" \/>\n<meta property=\"og:url\" content=\"https:\/\/www.lraloeverashop.eu\/pl\/produkt\/wzmacniajacy-krem-do-ciala\/\" \/>\n<meta property=\"og:site_name\" content=\"Lr Aloe Vera Shop\" \/>\n<meta property=\"article:publisher\" content=\"https:\/\/www.facebook.com\/lraloeverashop.eu\" \/>\n<meta property=\"article:modified_time\" content=\"2025-12-07T14:56:09+00:00\" \/>\n<meta property=\"og:image\" content=\"https:\/\/www.lraloeverashop.eu\/wp-content\/uploads\/2022\/10\/Zeitgard-Pro-Body-Cream.jpg\" \/>\n\t<meta property=\"og:image:width\" content=\"1200\" \/>\n\t<meta property=\"og:image:height\" content=\"1200\" \/>\n\t<meta property=\"og:image:type\" content=\"image\/jpeg\" \/>\n<meta name=\"twitter:card\" content=\"summary_large_image\" \/>\n<meta name=\"twitter:site\" content=\"@natur__kosmetik\" \/>\n<script type=\"application\/ld+json\" class=\"yoast-schema-graph\">{\"@context\":\"https:\\\/\\\/schema.org\",\"@graph\":[{\"@type\":[\"WebPage\",\"ItemPage\"],\"@id\":\"https:\\\/\\\/www.lraloeverashop.eu\\\/pl\\\/produkt\\\/wzmacniajacy-krem-do-ciala\\\/\",\"url\":\"https:\\\/\\\/www.lraloeverashop.eu\\\/pl\\\/produkt\\\/wzmacniajacy-krem-do-ciala\\\/\",\"name\":\"Wzmacniaj\u0105cy Krem Do Cia\u0142a Zeitgard \u2013 uj\u0119drnienie sk\u00f3ry\",\"isPartOf\":{\"@id\":\"https:\\\/\\\/www.lraloeverashop.eu\\\/pl\\\/#website\"},\"primaryImageOfPage\":{\"@id\":\"https:\\\/\\\/www.lraloeverashop.eu\\\/pl\\\/produkt\\\/wzmacniajacy-krem-do-ciala\\\/#primaryimage\"},\"image\":{\"@id\":\"https:\\\/\\\/www.lraloeverashop.eu\\\/pl\\\/produkt\\\/wzmacniajacy-krem-do-ciala\\\/#primaryimage\"},\"thumbnailUrl\":\"https:\\\/\\\/www.lraloeverashop.eu\\\/wp-content\\\/uploads\\\/2022\\\/10\\\/Zeitgard-Pro-Body-Cream.jpg\",\"datePublished\":\"2022-10-19T14:26:32+00:00\",\"dateModified\":\"2025-12-07T14:56:09+00:00\",\"description\":\"Wzmacniaj\u0105cy Krem do Cia\u0142a Zeitgard z pantenolem, witamin\u0105 E i kwasem hialuronowym uj\u0119drnia sk\u00f3r\u0119, wyg\u0142adza i zwi\u0119ksza jej elastyczno\u015b\u0107.\",\"breadcrumb\":{\"@id\":\"https:\\\/\\\/www.lraloeverashop.eu\\\/pl\\\/produkt\\\/wzmacniajacy-krem-do-ciala\\\/#breadcrumb\"},\"inLanguage\":\"pl-PL\",\"potentialAction\":[{\"@type\":\"ReadAction\",\"target\":[\"https:\\\/\\\/www.lraloeverashop.eu\\\/pl\\\/produkt\\\/wzmacniajacy-krem-do-ciala\\\/\"]}]},{\"@type\":\"ImageObject\",\"inLanguage\":\"pl-PL\",\"@id\":\"https:\\\/\\\/www.lraloeverashop.eu\\\/pl\\\/produkt\\\/wzmacniajacy-krem-do-ciala\\\/#primaryimage\",\"url\":\"https:\\\/\\\/www.lraloeverashop.eu\\\/wp-content\\\/uploads\\\/2022\\\/10\\\/Zeitgard-Pro-Body-Cream.jpg\",\"contentUrl\":\"https:\\\/\\\/www.lraloeverashop.eu\\\/wp-content\\\/uploads\\\/2022\\\/10\\\/Zeitgard-Pro-Body-Cream.jpg\",\"width\":1200,\"height\":1200,\"caption\":\"Zeitgard Pro Krem do cia\u0142a\"},{\"@type\":\"BreadcrumbList\",\"@id\":\"https:\\\/\\\/www.lraloeverashop.eu\\\/pl\\\/produkt\\\/wzmacniajacy-krem-do-ciala\\\/#breadcrumb\",\"itemListElement\":[{\"@type\":\"ListItem\",\"position\":1,\"name\":\"Home\",\"item\":\"https:\\\/\\\/www.lraloeverashop.eu\\\/pl\\\/\"},{\"@type\":\"ListItem\",\"position\":2,\"name\":\"Sklep\",\"item\":\"https:\\\/\\\/www.lraloeverashop.eu\\\/pl\\\/sklep\\\/\"},{\"@type\":\"ListItem\",\"position\":3,\"name\":\"Wzmacniaj\u0105cy Krem do Cia\u0142a\"}]},{\"@type\":\"WebSite\",\"@id\":\"https:\\\/\\\/www.lraloeverashop.eu\\\/pl\\\/#website\",\"url\":\"https:\\\/\\\/www.lraloeverashop.eu\\\/pl\\\/\",\"name\":\"Lr Aloe Vera Shop\",\"description\":\"High Quality Lr Aloe Vera Gel, Aloe Vera Cream and Shampoo\",\"publisher\":{\"@id\":\"https:\\\/\\\/www.lraloeverashop.eu\\\/pl\\\/#organization\"},\"alternateName\":\"LR\",\"potentialAction\":[{\"@type\":\"SearchAction\",\"target\":{\"@type\":\"EntryPoint\",\"urlTemplate\":\"https:\\\/\\\/www.lraloeverashop.eu\\\/pl\\\/?s={search_term_string}\"},\"query-input\":{\"@type\":\"PropertyValueSpecification\",\"valueRequired\":true,\"valueName\":\"search_term_string\"}}],\"inLanguage\":\"pl-PL\"},{\"@type\":\"Organization\",\"@id\":\"https:\\\/\\\/www.lraloeverashop.eu\\\/pl\\\/#organization\",\"name\":\"Sklep Lr Aloe Vera\",\"alternateName\":\"LR\",\"url\":\"https:\\\/\\\/www.lraloeverashop.eu\\\/pl\\\/\",\"logo\":{\"@type\":\"ImageObject\",\"inLanguage\":\"pl-PL\",\"@id\":\"https:\\\/\\\/www.lraloeverashop.eu\\\/pl\\\/#\\\/schema\\\/logo\\\/image\\\/\",\"url\":\"https:\\\/\\\/www.lraloeverashop.eu\\\/wp-content\\\/uploads\\\/2022\\\/09\\\/cropped-Lr-Aloe-Vera-Shop.jpg\",\"contentUrl\":\"https:\\\/\\\/www.lraloeverashop.eu\\\/wp-content\\\/uploads\\\/2022\\\/09\\\/cropped-Lr-Aloe-Vera-Shop.jpg\",\"width\":228,\"height\":76,\"caption\":\"Sklep Lr Aloe Vera\"},\"image\":{\"@id\":\"https:\\\/\\\/www.lraloeverashop.eu\\\/pl\\\/#\\\/schema\\\/logo\\\/image\\\/\"},\"sameAs\":[\"https:\\\/\\\/www.facebook.com\\\/lraloeverashop.eu\",\"https:\\\/\\\/x.com\\\/natur__kosmetik\",\"https:\\\/\\\/www.youtube.com\\\/channel\\\/UC5oN7BJ8nfYb8RpVtjwDEBA\",\"https:\\\/\\\/www.instagram.com\\\/lrbeautyeu\\\/\"],\"description\":\"Sklep LR Aloe Vera to Twoje zaufane \u017ar\u00f3d\u0142o wysokiej jako\u015bci produkt\u00f3w LR Health & Beauty wyprodukowanych w Niemczech. Oferujemy wysokiej jako\u015bci produkty do piel\u0119gnacji sk\u00f3ry, od\u017cywiania i przeciwstarzeniowe z aloesem, stworzone z czystych sk\u0142adnik\u00f3w i poparte badaniami naukowymi. Odkryj naturaln\u0105 piel\u0119gnacj\u0119, kt\u00f3ra regeneruje, chroni i rewitalizuje Twoj\u0105 sk\u00f3r\u0119 \u2014 i korzystaj z ekskluzywnych comiesi\u0119cznych ofert na nasze bestsellerowe produkty LR Aloe Vera.\\nRozpocznij swoj\u0105 naturaln\u0105 piel\u0119gnacj\u0119 sk\u00f3ry ju\u017c dzi\u015b i poczuj r\u00f3\u017cnic\u0119.\",\"email\":\"info@lraloeverashop.eu\",\"telephone\":\"+49 17670609653\",\"legalName\":\"Lr Aloe Vera Shop\",\"foundingDate\":\"2018-04-21\",\"numberOfEmployees\":{\"@type\":\"QuantitativeValue\",\"minValue\":\"1\",\"maxValue\":\"10\"}}]}<\/script>\n<meta property=\"product:price:amount\" content=\"39.89\" \/>\n<meta property=\"product:price:currency\" content=\"EUR\" \/>\n<meta property=\"og:availability\" content=\"instock\" \/>\n<meta property=\"product:availability\" content=\"instock\" \/>\n<meta property=\"product:retailer_item_id\" content=\"28002-1PL\" \/>\n<meta property=\"product:condition\" content=\"new\" \/>\n<!-- \/ Yoast SEO Premium plugin. -->","yoast_head_json":{"title":"Wzmacniaj\u0105cy Krem Do Cia\u0142a Zeitgard \u2013 uj\u0119drnienie sk\u00f3ry","description":"Wzmacniaj\u0105cy Krem do Cia\u0142a Zeitgard z pantenolem, witamin\u0105 E i kwasem hialuronowym uj\u0119drnia sk\u00f3r\u0119, wyg\u0142adza i zwi\u0119ksza jej elastyczno\u015b\u0107.","robots":{"index":"index","follow":"follow","max-snippet":"max-snippet:-1","max-image-preview":"max-image-preview:large","max-video-preview":"max-video-preview:-1"},"canonical":"https:\/\/www.lraloeverashop.eu\/pl\/produkt\/wzmacniajacy-krem-do-ciala\/","og_locale":"pl_PL","og_type":"article","og_title":"Wzmacniaj\u0105cy Krem do Cia\u0142a","og_description":"Wzmacniaj\u0105cy Krem do Cia\u0142a Zeitgard z pantenolem, witamin\u0105 E i kwasem hialuronowym uj\u0119drnia sk\u00f3r\u0119, wyg\u0142adza i zwi\u0119ksza jej elastyczno\u015b\u0107.","og_url":"https:\/\/www.lraloeverashop.eu\/pl\/produkt\/wzmacniajacy-krem-do-ciala\/","og_site_name":"Lr Aloe Vera Shop","article_publisher":"https:\/\/www.facebook.com\/lraloeverashop.eu","article_modified_time":"2025-12-07T14:56:09+00:00","og_image":[{"width":1200,"height":1200,"url":"https:\/\/www.lraloeverashop.eu\/wp-content\/uploads\/2022\/10\/Zeitgard-Pro-Body-Cream.jpg","type":"image\/jpeg"}],"twitter_card":"summary_large_image","twitter_site":"@natur__kosmetik","schema":{"@context":"https:\/\/schema.org","@graph":[{"@type":["WebPage","ItemPage"],"@id":"https:\/\/www.lraloeverashop.eu\/pl\/produkt\/wzmacniajacy-krem-do-ciala\/","url":"https:\/\/www.lraloeverashop.eu\/pl\/produkt\/wzmacniajacy-krem-do-ciala\/","name":"Wzmacniaj\u0105cy Krem Do Cia\u0142a Zeitgard \u2013 uj\u0119drnienie sk\u00f3ry","isPartOf":{"@id":"https:\/\/www.lraloeverashop.eu\/pl\/#website"},"primaryImageOfPage":{"@id":"https:\/\/www.lraloeverashop.eu\/pl\/produkt\/wzmacniajacy-krem-do-ciala\/#primaryimage"},"image":{"@id":"https:\/\/www.lraloeverashop.eu\/pl\/produkt\/wzmacniajacy-krem-do-ciala\/#primaryimage"},"thumbnailUrl":"https:\/\/www.lraloeverashop.eu\/wp-content\/uploads\/2022\/10\/Zeitgard-Pro-Body-Cream.jpg","datePublished":"2022-10-19T14:26:32+00:00","dateModified":"2025-12-07T14:56:09+00:00","description":"Wzmacniaj\u0105cy Krem do Cia\u0142a Zeitgard z pantenolem, witamin\u0105 E i kwasem hialuronowym uj\u0119drnia sk\u00f3r\u0119, wyg\u0142adza i zwi\u0119ksza jej elastyczno\u015b\u0107.","breadcrumb":{"@id":"https:\/\/www.lraloeverashop.eu\/pl\/produkt\/wzmacniajacy-krem-do-ciala\/#breadcrumb"},"inLanguage":"pl-PL","potentialAction":[{"@type":"ReadAction","target":["https:\/\/www.lraloeverashop.eu\/pl\/produkt\/wzmacniajacy-krem-do-ciala\/"]}]},{"@type":"ImageObject","inLanguage":"pl-PL","@id":"https:\/\/www.lraloeverashop.eu\/pl\/produkt\/wzmacniajacy-krem-do-ciala\/#primaryimage","url":"https:\/\/www.lraloeverashop.eu\/wp-content\/uploads\/2022\/10\/Zeitgard-Pro-Body-Cream.jpg","contentUrl":"https:\/\/www.lraloeverashop.eu\/wp-content\/uploads\/2022\/10\/Zeitgard-Pro-Body-Cream.jpg","width":1200,"height":1200,"caption":"Zeitgard Pro Krem do cia\u0142a"},{"@type":"BreadcrumbList","@id":"https:\/\/www.lraloeverashop.eu\/pl\/produkt\/wzmacniajacy-krem-do-ciala\/#breadcrumb","itemListElement":[{"@type":"ListItem","position":1,"name":"Home","item":"https:\/\/www.lraloeverashop.eu\/pl\/"},{"@type":"ListItem","position":2,"name":"Sklep","item":"https:\/\/www.lraloeverashop.eu\/pl\/sklep\/"},{"@type":"ListItem","position":3,"name":"Wzmacniaj\u0105cy Krem do Cia\u0142a"}]},{"@type":"WebSite","@id":"https:\/\/www.lraloeverashop.eu\/pl\/#website","url":"https:\/\/www.lraloeverashop.eu\/pl\/","name":"Lr Aloe Vera Shop","description":"High Quality Lr Aloe Vera Gel, Aloe Vera Cream and Shampoo","publisher":{"@id":"https:\/\/www.lraloeverashop.eu\/pl\/#organization"},"alternateName":"LR","potentialAction":[{"@type":"SearchAction","target":{"@type":"EntryPoint","urlTemplate":"https:\/\/www.lraloeverashop.eu\/pl\/?s={search_term_string}"},"query-input":{"@type":"PropertyValueSpecification","valueRequired":true,"valueName":"search_term_string"}}],"inLanguage":"pl-PL"},{"@type":"Organization","@id":"https:\/\/www.lraloeverashop.eu\/pl\/#organization","name":"Sklep Lr Aloe Vera","alternateName":"LR","url":"https:\/\/www.lraloeverashop.eu\/pl\/","logo":{"@type":"ImageObject","inLanguage":"pl-PL","@id":"https:\/\/www.lraloeverashop.eu\/pl\/#\/schema\/logo\/image\/","url":"https:\/\/www.lraloeverashop.eu\/wp-content\/uploads\/2022\/09\/cropped-Lr-Aloe-Vera-Shop.jpg","contentUrl":"https:\/\/www.lraloeverashop.eu\/wp-content\/uploads\/2022\/09\/cropped-Lr-Aloe-Vera-Shop.jpg","width":228,"height":76,"caption":"Sklep Lr Aloe Vera"},"image":{"@id":"https:\/\/www.lraloeverashop.eu\/pl\/#\/schema\/logo\/image\/"},"sameAs":["https:\/\/www.facebook.com\/lraloeverashop.eu","https:\/\/x.com\/natur__kosmetik","https:\/\/www.youtube.com\/channel\/UC5oN7BJ8nfYb8RpVtjwDEBA","https:\/\/www.instagram.com\/lrbeautyeu\/"],"description":"Sklep LR Aloe Vera to Twoje zaufane \u017ar\u00f3d\u0142o wysokiej jako\u015bci produkt\u00f3w LR Health & Beauty wyprodukowanych w Niemczech. Oferujemy wysokiej jako\u015bci produkty do piel\u0119gnacji sk\u00f3ry, od\u017cywiania i przeciwstarzeniowe z aloesem, stworzone z czystych sk\u0142adnik\u00f3w i poparte badaniami naukowymi. Odkryj naturaln\u0105 piel\u0119gnacj\u0119, kt\u00f3ra regeneruje, chroni i rewitalizuje Twoj\u0105 sk\u00f3r\u0119 \u2014 i korzystaj z ekskluzywnych comiesi\u0119cznych ofert na nasze bestsellerowe produkty LR Aloe Vera.\nRozpocznij swoj\u0105 naturaln\u0105 piel\u0119gnacj\u0119 sk\u00f3ry ju\u017c dzi\u015b i poczuj r\u00f3\u017cnic\u0119.","email":"info@lraloeverashop.eu","telephone":"+49 17670609653","legalName":"Lr Aloe Vera Shop","foundingDate":"2018-04-21","numberOfEmployees":{"@type":"QuantitativeValue","minValue":"1","maxValue":"10"}}]},"product_price_amount":"39.89","product_price_currency":"EUR","og_availability":"instock","product_availability":"instock","product_retailer_item_id":"28002-1PL","product_condition":"new"},"taxonomy_info":{"product_cat":[{"value":1072,"label":"Kobiety do 40"},{"value":1071,"label":"Kobiety po 40"},{"value":1070,"label":"M\u0119\u017cczy\u017ani powy\u017cej 25 lat"},{"value":1069,"label":"Piel\u0119gnacja Anti Age"},{"value":1074,"label":"Produkty Anti Age"},{"value":1080,"label":"Zeitgard"},{"value":1073,"label":"Zeitgard Pro"}]},"featured_image_src_large":["https:\/\/www.lraloeverashop.eu\/wp-content\/uploads\/2022\/10\/Zeitgard-Pro-Body-Cream-1024x1024.jpg",1024,1024,true],"author_info":[],"comment_info":0,"_links":{"self":[{"href":"https:\/\/www.lraloeverashop.eu\/pl\/wp-json\/wp\/v2\/product\/29179","targetHints":{"allow":["GET"]}}],"collection":[{"href":"https:\/\/www.lraloeverashop.eu\/pl\/wp-json\/wp\/v2\/product"}],"about":[{"href":"https:\/\/www.lraloeverashop.eu\/pl\/wp-json\/wp\/v2\/types\/product"}],"replies":[{"embeddable":true,"href":"https:\/\/www.lraloeverashop.eu\/pl\/wp-json\/wp\/v2\/comments?post=29179"}],"wp:featuredmedia":[{"embeddable":true,"href":"https:\/\/www.lraloeverashop.eu\/pl\/wp-json\/wp\/v2\/media\/27066"}],"wp:attachment":[{"href":"https:\/\/www.lraloeverashop.eu\/pl\/wp-json\/wp\/v2\/media?parent=29179"}],"wp:term":[{"taxonomy":"product_brand","embeddable":true,"href":"https:\/\/www.lraloeverashop.eu\/pl\/wp-json\/wp\/v2\/product_brand?post=29179"},{"taxonomy":"product_cat","embeddable":true,"href":"https:\/\/www.lraloeverashop.eu\/pl\/wp-json\/wp\/v2\/product_cat?post=29179"},{"taxonomy":"product_tag","embeddable":true,"href":"https:\/\/www.lraloeverashop.eu\/pl\/wp-json\/wp\/v2\/product_tag?post=29179"}],"curies":[{"name":"wp","href":"https:\/\/api.w.org\/{rel}","templated":true}]}}