{"id":29173,"date":"2022-10-20T04:38:20","date_gmt":"2022-10-20T02:38:20","guid":{"rendered":"https:\/\/www.lraloeverashop.eu\/product\/serum-przeciwzmarszczkowe-serox\/"},"modified":"2025-12-06T15:47:13","modified_gmt":"2025-12-06T14:47:13","slug":"serum-przeciwzmarszczkowe-serox","status":"publish","type":"product","link":"https:\/\/www.lraloeverashop.eu\/pl\/produkt\/serum-przeciwzmarszczkowe-serox\/","title":{"rendered":"Serum Przeciwzmarszczkowe Serox"},"content":{"rendered":"<h2><span style=\"font-size: 16pt;\"><strong>Serum Przeciwzmarszczkowe Serox<\/strong><\/span><\/h2>\n<p><span style=\"font-size: 14pt;\"><strong>Serum Przeciwzmarszczkowe Serox znacz\u0105co zmniejsza widoczno\u015b\u0107 zmarszczek i linii<\/strong><\/span><\/p>\n<p>Serum do Twarzy Serox dostarcza sk\u00f3rze ekskluzywnych sk\u0142adnik\u00f3w aktywnych. Sk\u00f3ra staje si\u0119 bardziej elastyczna i zachowuje \u015bwie\u017cy wygl\u0105d. Serum koi sk\u00f3r\u0119 dzi\u0119ki innowacyjnym sk\u0142adnikom aktywnym.<\/p>\n<p>Intensywne serum przeciwzmarszczkowe jest cz\u0119\u015bci\u0105 koncepcji anti-aging LR Serox, serii piel\u0119gnacyjnej w jako\u015bci salonu kosmetycznego. Jedwabista konsystencja natychmiast wnika w sk\u00f3r\u0119 i pozostawia uczucie od\u015bwie\u017cenia.<\/p>\n<p>Specjalna formu\u0142a przeciwstarzeniowa z Argireline\u00ae, przy regularnym stosowaniu, znacz\u0105co redukuje widoczno\u015b\u0107 zmarszczek i linii. Kontury twarzy wydaj\u0105 si\u0119 wyra\u017anie rozlu\u017anione i wyg\u0142adzone.<\/p>\n<p>&nbsp;<\/p>\n<h3><span style=\"font-size: 16pt;\"><strong>Spos\u00f3b u\u017cycia<\/strong><\/span><\/h3>\n<p>Nak\u0142ada\u0107 Serum na redukcj\u0119 zmarszczek dwa razy dziennie po oczyszczeniu sk\u00f3ry, szczeg\u00f3lnie na obszary zmarszczek mimicznych, delikatnie masuj\u0105c.<\/p>\n<p>Dla optymalnego efektu zalecamy Serum do twarzy Serox zawsze w po\u0142\u0105czeniu z Intensywny krem. Serum koi sk\u00f3r\u0119 dzi\u0119ki innowacyjnym sk\u0142adnikom aktywnym, natomiast krem zapewnia uczucie odpr\u0119\u017cenia i g\u0142adko\u015bci sk\u00f3ry.<\/p>\n","protected":false},"excerpt":{"rendered":"<ul>\n<li>Intensywna formu\u0142a przeciwzmarszczkowa o jedwabistym sk\u0142adzie serum<\/li>\n<li><strong>Z wysokiej jako\u015bci sk\u0142adnikami:<\/strong> Argireline\u00ae, Ameliox\u00ae i Polylift\u00ae<\/li>\n<li>Dzia\u0142a relaksuj\u0105co i nawil\u017caj\u0105co, zapewniaj\u0105c g\u0142adsz\u0105 i r\u00f3wn\u0105 sk\u00f3r\u0119<\/li>\n<li>Idealny w po\u0142\u0105czeniu z Intensywnym Kremem Serox<\/li>\n<li>Wyprodukowano w Niemczech<\/li>\n<li>Zawarto\u015b\u0107: 30 ml<\/li>\n<\/ul>\n<p>&nbsp;<\/p>\n","protected":false},"featured_media":27086,"comment_status":"open","ping_status":"closed","template":"","meta":{"_kad_blocks_custom_css":"","_kad_blocks_head_custom_js":"","_kad_blocks_body_custom_js":"","_kad_blocks_footer_custom_js":"","_kadence_starter_templates_imported_post":false,"_kad_post_transparent":"default","_kad_post_title":"","_kad_post_layout":"default","_kad_post_sidebar_id":"","_kad_post_content_style":"default","_kad_post_vertical_padding":"default","_kad_post_feature":"","_kad_post_feature_position":"","_kad_post_header":false,"_kad_post_footer":false,"_kad_post_classname":""},"product_brand":[],"product_cat":[1071,1069,1074,1079],"product_tag":[1142],"class_list":{"0":"post-29173","1":"product","2":"type-product","3":"status-publish","4":"has-post-thumbnail","6":"product_cat-kobiety-po-40","7":"product_cat-pielegnacja-anti-age","8":"product_cat-produkty-anti-age","9":"product_cat-serox-pl","10":"product_tag-zmarszczki-na-twarzy","12":"first","13":"instock","14":"taxable","15":"shipping-taxable","16":"purchasable","17":"product-type-simple","18":"entry","19":"content-bg","20":"loop-entry"},"yoast_head":"<!-- This site is optimized with the Yoast SEO Premium plugin v27.5 (Yoast SEO v27.5) - https:\/\/yoast.com\/product\/yoast-seo-premium-wordpress\/ -->\n<title>Serum Przeciwzmarszczkowe Serox na redukcj\u0119 zmarszczek<\/title>\n<meta name=\"description\" content=\"Serum Przeciwzmarszczkowe Serox z Argireline\u00ae wspiera wyg\u0142adzenie sk\u00f3ry i popraw\u0119 elastyczno\u015bci. Odkryj intensywn\u0105 piel\u0119gnacj\u0119 anti-aging w jako\u015bci salonu.\" \/>\n<meta name=\"robots\" content=\"index, follow, max-snippet:-1, max-image-preview:large, max-video-preview:-1\" \/>\n<link rel=\"canonical\" href=\"https:\/\/www.lraloeverashop.eu\/pl\/produkt\/serum-przeciwzmarszczkowe-serox\/\" \/>\n<meta property=\"og:locale\" content=\"pl_PL\" \/>\n<meta property=\"og:type\" content=\"article\" \/>\n<meta property=\"og:title\" content=\"Serum Przeciwzmarszczkowe Serox\" \/>\n<meta property=\"og:description\" content=\"Serum Przeciwzmarszczkowe Serox z Argireline\u00ae wspiera wyg\u0142adzenie sk\u00f3ry i popraw\u0119 elastyczno\u015bci. Odkryj intensywn\u0105 piel\u0119gnacj\u0119 anti-aging w jako\u015bci salonu.\" \/>\n<meta property=\"og:url\" content=\"https:\/\/www.lraloeverashop.eu\/pl\/produkt\/serum-przeciwzmarszczkowe-serox\/\" \/>\n<meta property=\"og:site_name\" content=\"Lr Aloe Vera Shop\" \/>\n<meta property=\"article:publisher\" content=\"https:\/\/www.facebook.com\/lraloeverashop.eu\" \/>\n<meta property=\"article:modified_time\" content=\"2025-12-06T14:47:13+00:00\" \/>\n<meta property=\"og:image\" content=\"https:\/\/www.lraloeverashop.eu\/wp-content\/uploads\/2022\/10\/Serox-Instant-Result-Serum.jpg\" \/>\n\t<meta property=\"og:image:width\" content=\"1200\" \/>\n\t<meta property=\"og:image:height\" content=\"1200\" \/>\n\t<meta property=\"og:image:type\" content=\"image\/jpeg\" \/>\n<meta name=\"twitter:card\" content=\"summary_large_image\" \/>\n<meta name=\"twitter:site\" content=\"@natur__kosmetik\" \/>\n<script type=\"application\/ld+json\" class=\"yoast-schema-graph\">{\"@context\":\"https:\\\/\\\/schema.org\",\"@graph\":[{\"@type\":[\"WebPage\",\"ItemPage\"],\"@id\":\"https:\\\/\\\/www.lraloeverashop.eu\\\/pl\\\/produkt\\\/serum-przeciwzmarszczkowe-serox\\\/\",\"url\":\"https:\\\/\\\/www.lraloeverashop.eu\\\/pl\\\/produkt\\\/serum-przeciwzmarszczkowe-serox\\\/\",\"name\":\"Serum Przeciwzmarszczkowe Serox na redukcj\u0119 zmarszczek\",\"isPartOf\":{\"@id\":\"https:\\\/\\\/www.lraloeverashop.eu\\\/pl\\\/#website\"},\"primaryImageOfPage\":{\"@id\":\"https:\\\/\\\/www.lraloeverashop.eu\\\/pl\\\/produkt\\\/serum-przeciwzmarszczkowe-serox\\\/#primaryimage\"},\"image\":{\"@id\":\"https:\\\/\\\/www.lraloeverashop.eu\\\/pl\\\/produkt\\\/serum-przeciwzmarszczkowe-serox\\\/#primaryimage\"},\"thumbnailUrl\":\"https:\\\/\\\/www.lraloeverashop.eu\\\/wp-content\\\/uploads\\\/2022\\\/10\\\/Serox-Instant-Result-Serum.jpg\",\"datePublished\":\"2022-10-20T02:38:20+00:00\",\"dateModified\":\"2025-12-06T14:47:13+00:00\",\"description\":\"Serum Przeciwzmarszczkowe Serox z Argireline\u00ae wspiera wyg\u0142adzenie sk\u00f3ry i popraw\u0119 elastyczno\u015bci. Odkryj intensywn\u0105 piel\u0119gnacj\u0119 anti-aging w jako\u015bci salonu.\",\"breadcrumb\":{\"@id\":\"https:\\\/\\\/www.lraloeverashop.eu\\\/pl\\\/produkt\\\/serum-przeciwzmarszczkowe-serox\\\/#breadcrumb\"},\"inLanguage\":\"pl-PL\",\"potentialAction\":[{\"@type\":\"ReadAction\",\"target\":[\"https:\\\/\\\/www.lraloeverashop.eu\\\/pl\\\/produkt\\\/serum-przeciwzmarszczkowe-serox\\\/\"]}]},{\"@type\":\"ImageObject\",\"inLanguage\":\"pl-PL\",\"@id\":\"https:\\\/\\\/www.lraloeverashop.eu\\\/pl\\\/produkt\\\/serum-przeciwzmarszczkowe-serox\\\/#primaryimage\",\"url\":\"https:\\\/\\\/www.lraloeverashop.eu\\\/wp-content\\\/uploads\\\/2022\\\/10\\\/Serox-Instant-Result-Serum.jpg\",\"contentUrl\":\"https:\\\/\\\/www.lraloeverashop.eu\\\/wp-content\\\/uploads\\\/2022\\\/10\\\/Serox-Instant-Result-Serum.jpg\",\"width\":1200,\"height\":1200,\"caption\":\"Serum Przeciwzmarszczkowe Serox do Twarzy\"},{\"@type\":\"BreadcrumbList\",\"@id\":\"https:\\\/\\\/www.lraloeverashop.eu\\\/pl\\\/produkt\\\/serum-przeciwzmarszczkowe-serox\\\/#breadcrumb\",\"itemListElement\":[{\"@type\":\"ListItem\",\"position\":1,\"name\":\"Home\",\"item\":\"https:\\\/\\\/www.lraloeverashop.eu\\\/pl\\\/\"},{\"@type\":\"ListItem\",\"position\":2,\"name\":\"Sklep\",\"item\":\"https:\\\/\\\/www.lraloeverashop.eu\\\/pl\\\/sklep\\\/\"},{\"@type\":\"ListItem\",\"position\":3,\"name\":\"Serum Przeciwzmarszczkowe Serox\"}]},{\"@type\":\"WebSite\",\"@id\":\"https:\\\/\\\/www.lraloeverashop.eu\\\/pl\\\/#website\",\"url\":\"https:\\\/\\\/www.lraloeverashop.eu\\\/pl\\\/\",\"name\":\"Lr Aloe Vera Shop\",\"description\":\"High Quality Lr Aloe Vera Gel, Aloe Vera Cream and Shampoo\",\"publisher\":{\"@id\":\"https:\\\/\\\/www.lraloeverashop.eu\\\/pl\\\/#organization\"},\"alternateName\":\"LR\",\"potentialAction\":[{\"@type\":\"SearchAction\",\"target\":{\"@type\":\"EntryPoint\",\"urlTemplate\":\"https:\\\/\\\/www.lraloeverashop.eu\\\/pl\\\/?s={search_term_string}\"},\"query-input\":{\"@type\":\"PropertyValueSpecification\",\"valueRequired\":true,\"valueName\":\"search_term_string\"}}],\"inLanguage\":\"pl-PL\"},{\"@type\":\"Organization\",\"@id\":\"https:\\\/\\\/www.lraloeverashop.eu\\\/pl\\\/#organization\",\"name\":\"Sklep Lr Aloe Vera\",\"alternateName\":\"LR\",\"url\":\"https:\\\/\\\/www.lraloeverashop.eu\\\/pl\\\/\",\"logo\":{\"@type\":\"ImageObject\",\"inLanguage\":\"pl-PL\",\"@id\":\"https:\\\/\\\/www.lraloeverashop.eu\\\/pl\\\/#\\\/schema\\\/logo\\\/image\\\/\",\"url\":\"https:\\\/\\\/www.lraloeverashop.eu\\\/wp-content\\\/uploads\\\/2022\\\/09\\\/cropped-Lr-Aloe-Vera-Shop.jpg\",\"contentUrl\":\"https:\\\/\\\/www.lraloeverashop.eu\\\/wp-content\\\/uploads\\\/2022\\\/09\\\/cropped-Lr-Aloe-Vera-Shop.jpg\",\"width\":228,\"height\":76,\"caption\":\"Sklep Lr Aloe Vera\"},\"image\":{\"@id\":\"https:\\\/\\\/www.lraloeverashop.eu\\\/pl\\\/#\\\/schema\\\/logo\\\/image\\\/\"},\"sameAs\":[\"https:\\\/\\\/www.facebook.com\\\/lraloeverashop.eu\",\"https:\\\/\\\/x.com\\\/natur__kosmetik\",\"https:\\\/\\\/www.youtube.com\\\/channel\\\/UC5oN7BJ8nfYb8RpVtjwDEBA\",\"https:\\\/\\\/www.instagram.com\\\/lrbeautyeu\\\/\"],\"description\":\"Sklep LR Aloe Vera to Twoje zaufane \u017ar\u00f3d\u0142o wysokiej jako\u015bci produkt\u00f3w LR Health & Beauty wyprodukowanych w Niemczech. Oferujemy wysokiej jako\u015bci produkty do piel\u0119gnacji sk\u00f3ry, od\u017cywiania i przeciwstarzeniowe z aloesem, stworzone z czystych sk\u0142adnik\u00f3w i poparte badaniami naukowymi. Odkryj naturaln\u0105 piel\u0119gnacj\u0119, kt\u00f3ra regeneruje, chroni i rewitalizuje Twoj\u0105 sk\u00f3r\u0119 \u2014 i korzystaj z ekskluzywnych comiesi\u0119cznych ofert na nasze bestsellerowe produkty LR Aloe Vera.\\nRozpocznij swoj\u0105 naturaln\u0105 piel\u0119gnacj\u0119 sk\u00f3ry ju\u017c dzi\u015b i poczuj r\u00f3\u017cnic\u0119.\",\"email\":\"info@lraloeverashop.eu\",\"telephone\":\"+49 17670609653\",\"legalName\":\"Lr Aloe Vera Shop\",\"foundingDate\":\"2018-04-21\",\"numberOfEmployees\":{\"@type\":\"QuantitativeValue\",\"minValue\":\"1\",\"maxValue\":\"10\"}}]}<\/script>\n<meta property=\"product:price:amount\" content=\"85.99\" \/>\n<meta property=\"product:price:currency\" content=\"EUR\" \/>\n<meta property=\"og:availability\" content=\"instock\" \/>\n<meta property=\"product:availability\" content=\"instock\" \/>\n<meta property=\"product:retailer_item_id\" content=\"28251-1PL\" \/>\n<meta property=\"product:condition\" content=\"new\" \/>\n<!-- \/ Yoast SEO Premium plugin. -->","yoast_head_json":{"title":"Serum Przeciwzmarszczkowe Serox na redukcj\u0119 zmarszczek","description":"Serum Przeciwzmarszczkowe Serox z Argireline\u00ae wspiera wyg\u0142adzenie sk\u00f3ry i popraw\u0119 elastyczno\u015bci. Odkryj intensywn\u0105 piel\u0119gnacj\u0119 anti-aging w jako\u015bci salonu.","robots":{"index":"index","follow":"follow","max-snippet":"max-snippet:-1","max-image-preview":"max-image-preview:large","max-video-preview":"max-video-preview:-1"},"canonical":"https:\/\/www.lraloeverashop.eu\/pl\/produkt\/serum-przeciwzmarszczkowe-serox\/","og_locale":"pl_PL","og_type":"article","og_title":"Serum Przeciwzmarszczkowe Serox","og_description":"Serum Przeciwzmarszczkowe Serox z Argireline\u00ae wspiera wyg\u0142adzenie sk\u00f3ry i popraw\u0119 elastyczno\u015bci. Odkryj intensywn\u0105 piel\u0119gnacj\u0119 anti-aging w jako\u015bci salonu.","og_url":"https:\/\/www.lraloeverashop.eu\/pl\/produkt\/serum-przeciwzmarszczkowe-serox\/","og_site_name":"Lr Aloe Vera Shop","article_publisher":"https:\/\/www.facebook.com\/lraloeverashop.eu","article_modified_time":"2025-12-06T14:47:13+00:00","og_image":[{"width":1200,"height":1200,"url":"https:\/\/www.lraloeverashop.eu\/wp-content\/uploads\/2022\/10\/Serox-Instant-Result-Serum.jpg","type":"image\/jpeg"}],"twitter_card":"summary_large_image","twitter_site":"@natur__kosmetik","schema":{"@context":"https:\/\/schema.org","@graph":[{"@type":["WebPage","ItemPage"],"@id":"https:\/\/www.lraloeverashop.eu\/pl\/produkt\/serum-przeciwzmarszczkowe-serox\/","url":"https:\/\/www.lraloeverashop.eu\/pl\/produkt\/serum-przeciwzmarszczkowe-serox\/","name":"Serum Przeciwzmarszczkowe Serox na redukcj\u0119 zmarszczek","isPartOf":{"@id":"https:\/\/www.lraloeverashop.eu\/pl\/#website"},"primaryImageOfPage":{"@id":"https:\/\/www.lraloeverashop.eu\/pl\/produkt\/serum-przeciwzmarszczkowe-serox\/#primaryimage"},"image":{"@id":"https:\/\/www.lraloeverashop.eu\/pl\/produkt\/serum-przeciwzmarszczkowe-serox\/#primaryimage"},"thumbnailUrl":"https:\/\/www.lraloeverashop.eu\/wp-content\/uploads\/2022\/10\/Serox-Instant-Result-Serum.jpg","datePublished":"2022-10-20T02:38:20+00:00","dateModified":"2025-12-06T14:47:13+00:00","description":"Serum Przeciwzmarszczkowe Serox z Argireline\u00ae wspiera wyg\u0142adzenie sk\u00f3ry i popraw\u0119 elastyczno\u015bci. Odkryj intensywn\u0105 piel\u0119gnacj\u0119 anti-aging w jako\u015bci salonu.","breadcrumb":{"@id":"https:\/\/www.lraloeverashop.eu\/pl\/produkt\/serum-przeciwzmarszczkowe-serox\/#breadcrumb"},"inLanguage":"pl-PL","potentialAction":[{"@type":"ReadAction","target":["https:\/\/www.lraloeverashop.eu\/pl\/produkt\/serum-przeciwzmarszczkowe-serox\/"]}]},{"@type":"ImageObject","inLanguage":"pl-PL","@id":"https:\/\/www.lraloeverashop.eu\/pl\/produkt\/serum-przeciwzmarszczkowe-serox\/#primaryimage","url":"https:\/\/www.lraloeverashop.eu\/wp-content\/uploads\/2022\/10\/Serox-Instant-Result-Serum.jpg","contentUrl":"https:\/\/www.lraloeverashop.eu\/wp-content\/uploads\/2022\/10\/Serox-Instant-Result-Serum.jpg","width":1200,"height":1200,"caption":"Serum Przeciwzmarszczkowe Serox do Twarzy"},{"@type":"BreadcrumbList","@id":"https:\/\/www.lraloeverashop.eu\/pl\/produkt\/serum-przeciwzmarszczkowe-serox\/#breadcrumb","itemListElement":[{"@type":"ListItem","position":1,"name":"Home","item":"https:\/\/www.lraloeverashop.eu\/pl\/"},{"@type":"ListItem","position":2,"name":"Sklep","item":"https:\/\/www.lraloeverashop.eu\/pl\/sklep\/"},{"@type":"ListItem","position":3,"name":"Serum Przeciwzmarszczkowe Serox"}]},{"@type":"WebSite","@id":"https:\/\/www.lraloeverashop.eu\/pl\/#website","url":"https:\/\/www.lraloeverashop.eu\/pl\/","name":"Lr Aloe Vera Shop","description":"High Quality Lr Aloe Vera Gel, Aloe Vera Cream and Shampoo","publisher":{"@id":"https:\/\/www.lraloeverashop.eu\/pl\/#organization"},"alternateName":"LR","potentialAction":[{"@type":"SearchAction","target":{"@type":"EntryPoint","urlTemplate":"https:\/\/www.lraloeverashop.eu\/pl\/?s={search_term_string}"},"query-input":{"@type":"PropertyValueSpecification","valueRequired":true,"valueName":"search_term_string"}}],"inLanguage":"pl-PL"},{"@type":"Organization","@id":"https:\/\/www.lraloeverashop.eu\/pl\/#organization","name":"Sklep Lr Aloe Vera","alternateName":"LR","url":"https:\/\/www.lraloeverashop.eu\/pl\/","logo":{"@type":"ImageObject","inLanguage":"pl-PL","@id":"https:\/\/www.lraloeverashop.eu\/pl\/#\/schema\/logo\/image\/","url":"https:\/\/www.lraloeverashop.eu\/wp-content\/uploads\/2022\/09\/cropped-Lr-Aloe-Vera-Shop.jpg","contentUrl":"https:\/\/www.lraloeverashop.eu\/wp-content\/uploads\/2022\/09\/cropped-Lr-Aloe-Vera-Shop.jpg","width":228,"height":76,"caption":"Sklep Lr Aloe Vera"},"image":{"@id":"https:\/\/www.lraloeverashop.eu\/pl\/#\/schema\/logo\/image\/"},"sameAs":["https:\/\/www.facebook.com\/lraloeverashop.eu","https:\/\/x.com\/natur__kosmetik","https:\/\/www.youtube.com\/channel\/UC5oN7BJ8nfYb8RpVtjwDEBA","https:\/\/www.instagram.com\/lrbeautyeu\/"],"description":"Sklep LR Aloe Vera to Twoje zaufane \u017ar\u00f3d\u0142o wysokiej jako\u015bci produkt\u00f3w LR Health & Beauty wyprodukowanych w Niemczech. Oferujemy wysokiej jako\u015bci produkty do piel\u0119gnacji sk\u00f3ry, od\u017cywiania i przeciwstarzeniowe z aloesem, stworzone z czystych sk\u0142adnik\u00f3w i poparte badaniami naukowymi. Odkryj naturaln\u0105 piel\u0119gnacj\u0119, kt\u00f3ra regeneruje, chroni i rewitalizuje Twoj\u0105 sk\u00f3r\u0119 \u2014 i korzystaj z ekskluzywnych comiesi\u0119cznych ofert na nasze bestsellerowe produkty LR Aloe Vera.\nRozpocznij swoj\u0105 naturaln\u0105 piel\u0119gnacj\u0119 sk\u00f3ry ju\u017c dzi\u015b i poczuj r\u00f3\u017cnic\u0119.","email":"info@lraloeverashop.eu","telephone":"+49 17670609653","legalName":"Lr Aloe Vera Shop","foundingDate":"2018-04-21","numberOfEmployees":{"@type":"QuantitativeValue","minValue":"1","maxValue":"10"}}]},"product_price_amount":"85.99","product_price_currency":"EUR","og_availability":"instock","product_availability":"instock","product_retailer_item_id":"28251-1PL","product_condition":"new"},"taxonomy_info":{"product_cat":[{"value":1071,"label":"Kobiety po 40"},{"value":1069,"label":"Piel\u0119gnacja Anti Age"},{"value":1074,"label":"Produkty Anti Age"},{"value":1079,"label":"Serox"}],"product_tag":[{"value":1142,"label":"zmarszczki na twarzy"}]},"featured_image_src_large":["https:\/\/www.lraloeverashop.eu\/wp-content\/uploads\/2022\/10\/Serox-Instant-Result-Serum-1024x1024.jpg",1024,1024,true],"author_info":[],"comment_info":0,"_links":{"self":[{"href":"https:\/\/www.lraloeverashop.eu\/pl\/wp-json\/wp\/v2\/product\/29173","targetHints":{"allow":["GET"]}}],"collection":[{"href":"https:\/\/www.lraloeverashop.eu\/pl\/wp-json\/wp\/v2\/product"}],"about":[{"href":"https:\/\/www.lraloeverashop.eu\/pl\/wp-json\/wp\/v2\/types\/product"}],"replies":[{"embeddable":true,"href":"https:\/\/www.lraloeverashop.eu\/pl\/wp-json\/wp\/v2\/comments?post=29173"}],"wp:featuredmedia":[{"embeddable":true,"href":"https:\/\/www.lraloeverashop.eu\/pl\/wp-json\/wp\/v2\/media\/27086"}],"wp:attachment":[{"href":"https:\/\/www.lraloeverashop.eu\/pl\/wp-json\/wp\/v2\/media?parent=29173"}],"wp:term":[{"taxonomy":"product_brand","embeddable":true,"href":"https:\/\/www.lraloeverashop.eu\/pl\/wp-json\/wp\/v2\/product_brand?post=29173"},{"taxonomy":"product_cat","embeddable":true,"href":"https:\/\/www.lraloeverashop.eu\/pl\/wp-json\/wp\/v2\/product_cat?post=29173"},{"taxonomy":"product_tag","embeddable":true,"href":"https:\/\/www.lraloeverashop.eu\/pl\/wp-json\/wp\/v2\/product_tag?post=29173"}],"curies":[{"name":"wp","href":"https:\/\/api.w.org\/{rel}","templated":true}]}}