{"id":29148,"date":"2022-10-20T04:44:58","date_gmt":"2022-10-20T02:44:58","guid":{"rendered":"https:\/\/www.lraloeverashop.eu\/product\/krem-przeciwzmarszczkowy-serox\/"},"modified":"2022-10-20T04:44:58","modified_gmt":"2022-10-20T02:44:58","slug":"krem-przeciwzmarszczkowy-serox","status":"publish","type":"product","link":"https:\/\/www.lraloeverashop.eu\/pl\/produkt\/krem-przeciwzmarszczkowy-serox\/","title":{"rendered":"Krem \u200b\u200bPrzeciwzmarszczkowy Serox"},"content":{"rendered":"<h2><span style=\"font-size: 16pt;\"><strong>Krem \u200b\u200bPrzeciwzmarszczkowy Serox<\/strong><\/span><\/h2>\n<p><span style=\"font-size: 14pt;\"><strong>Krem \u200b\u200bPrzeciwzmarszczkowy Serox &#8211; Aktywny kompleks o dzia\u0142aniu przeciwzmarszczkowym i d\u0142ugotrwa\u0142ym nawil\u017ceniu<br \/>\n<\/strong><\/span><\/p>\n<p>Szczeg\u00f3lnie bogaty Krem \u200b\u200bPrzeciwzmarszczkowy Serox zmniejsza widoczno\u015b\u0107 drobnych zmarszczek dzi\u0119ki innowacyjnym sk\u0142adnikom aktywnym, takim jak Hyaluronic Filling Spheres\u00ae z liofilizowanym kwasem hialuronowym.<\/p>\n<p>Bogata konsystencja z mas\u0142em shea dodatkowo piel\u0119gnuje such\u0105 sk\u00f3r\u0119. Efekt: zmarszczki staj\u0105 si\u0119 znacznie mniej widoczne.<\/p>\n<p>&nbsp;<\/p>\n<h3><span style=\"font-size: 16pt;\"><strong>Spos\u00f3b u\u017cycia<\/strong><\/span><\/h3>\n<p>Stosowa\u0107 dwa razy dziennie bezpo\u015brednio na zmarszczki mimiczne po dok\u0142adnym oczyszczeniu twarzy. Delikatnie wmasowa\u0107.<\/p>\n<p>Dla uzyskania najlepszego efektu zawsze zalecamy Intensiwny Serox Krem w po\u0142\u0105czeniu z Serox Instant Result Serum. Serum koi sk\u00f3r\u0119 dzi\u0119ki innowacyjnym sk\u0142adnikom aktywnym, a krem zapewnia odpr\u0119\u017caj\u0105cy, g\u0142adki efekt. Rekomendowane jest stosowanie obu produkt\u00f3w razem dla optymalnego dzia\u0142ania przeciwstarzeniowego. Krem zawsze aplikuj po Serum.<\/p>\n<p>&nbsp;<\/p>\n<h4><span style=\"font-size: 16pt;\"><strong>Czy wiesz, \u017ce\u2026?<\/strong><\/span><\/h4>\n<p>Ekskluzywne produkty Serox skutecznie przeciwdzia\u0142aj\u0105 niepo\u017c\u0105danym oznakom up\u0142ywu czasu. Dzi\u0119ki innowacyjnej technologii dzia\u0142ania o podw\u00f3jnym efekcie przeciwstarzeniowym, Instant Skin Perfector zapewnia natychmiastowe i d\u0142ugotrwa\u0142e udoskonalenie wygl\u0105du sk\u00f3ry. D\u0142ugotrwale m\u0142odziej wygl\u0105daj\u0105ca cera jest mo\u017cliwa dzi\u0119ki dodatkowym specjalistycznym produktom Serox: mniej linii mimicznych wok\u00f3\u0142 oczu, na czole i w okolicy nosa, a tak\u017ce zauwa\u017calnie wi\u0119ksza obj\u0119to\u015b\u0107 i elastyczno\u015b\u0107 sk\u00f3ry.<\/p>\n","protected":false},"excerpt":{"rendered":"<ul>\n<li>Innowacyjna kompozycja kremu przeciwstarzeniowego<br \/>\nSprawia, \u017ce \u200b\u200bmimika twarzy od 35. roku \u017cycia wydaje si\u0119 g\u0142adsza<\/li>\n<li>Kompleks sk\u0142adnik\u00f3w aktywnych o dzia\u0142aniu przeciwzmarszczkowym, zwalczaj\u0105cym drobne i g\u0142\u0119bokie zmarszczki<\/li>\n<li>Idealny w po\u0142\u0105czeniu z serum Serox Instant Result<\/li>\n<li>Nadaje si\u0119 r\u00f3wnie\u017c do sk\u00f3ry suchej<\/li>\n<li>Produkt wyprodukowany w Niemczech<\/li>\n<li>Zawarto\u015b\u0107: 50 ml<\/li>\n<\/ul>\n<p>&nbsp;<\/p>\n","protected":false},"featured_media":27084,"comment_status":"open","ping_status":"closed","template":"","meta":{"_kad_blocks_custom_css":"","_kad_blocks_head_custom_js":"","_kad_blocks_body_custom_js":"","_kad_blocks_footer_custom_js":"","_kadence_starter_templates_imported_post":false,"_kad_post_transparent":"default","_kad_post_title":"","_kad_post_layout":"default","_kad_post_sidebar_id":"","_kad_post_content_style":"default","_kad_post_vertical_padding":"default","_kad_post_feature":"","_kad_post_feature_position":"","_kad_post_header":false,"_kad_post_footer":false,"_kad_post_classname":""},"product_brand":[],"product_cat":[1071,1069,1074,1079],"product_tag":[1142],"class_list":{"0":"post-29148","1":"product","2":"type-product","3":"status-publish","4":"has-post-thumbnail","6":"product_cat-kobiety-po-40","7":"product_cat-pielegnacja-anti-age","8":"product_cat-produkty-anti-age","9":"product_cat-serox-pl","10":"product_tag-zmarszczki-na-twarzy","12":"first","13":"instock","14":"taxable","15":"shipping-taxable","16":"purchasable","17":"product-type-simple","18":"entry","19":"content-bg","20":"loop-entry"},"yoast_head":"<!-- This site is optimized with the Yoast SEO Premium plugin v27.5 (Yoast SEO v27.5) - https:\/\/yoast.com\/product\/yoast-seo-premium-wordpress\/ -->\n<title>Krem \u200b\u200bPrzeciwzmarszczkowy Serox z efektem przeciwstarzeniowym<\/title>\n<meta name=\"description\" content=\"Krem Przeciwzmarszczkowy Serox intensywnie wyg\u0142adza zmarszczki, nawil\u017ca i poprawia elastyczno\u015b\u0107 sk\u00f3ry. Zaawansowana formu\u0142a zapewnia widoczny efekt anti-aging.\" \/>\n<meta name=\"robots\" content=\"index, follow, max-snippet:-1, max-image-preview:large, max-video-preview:-1\" \/>\n<link rel=\"canonical\" href=\"https:\/\/www.lraloeverashop.eu\/pl\/produkt\/krem-przeciwzmarszczkowy-serox\/\" \/>\n<meta property=\"og:locale\" content=\"pl_PL\" \/>\n<meta property=\"og:type\" content=\"article\" \/>\n<meta property=\"og:title\" content=\"Krem \u200b\u200bPrzeciwzmarszczkowy Serox\" \/>\n<meta property=\"og:description\" content=\"Krem Przeciwzmarszczkowy Serox intensywnie wyg\u0142adza zmarszczki, nawil\u017ca i poprawia elastyczno\u015b\u0107 sk\u00f3ry. Zaawansowana formu\u0142a zapewnia widoczny efekt anti-aging.\" \/>\n<meta property=\"og:url\" content=\"https:\/\/www.lraloeverashop.eu\/pl\/produkt\/krem-przeciwzmarszczkowy-serox\/\" \/>\n<meta property=\"og:site_name\" content=\"Lr Aloe Vera Shop\" \/>\n<meta property=\"article:publisher\" content=\"https:\/\/www.facebook.com\/lraloeverashop.eu\" \/>\n<meta property=\"og:image\" content=\"https:\/\/www.lraloeverashop.eu\/wp-content\/uploads\/2022\/10\/Serox-Intensive-Cream.jpg\" \/>\n\t<meta property=\"og:image:width\" content=\"1200\" \/>\n\t<meta property=\"og:image:height\" content=\"1200\" \/>\n\t<meta property=\"og:image:type\" content=\"image\/jpeg\" \/>\n<meta name=\"twitter:card\" content=\"summary_large_image\" \/>\n<meta name=\"twitter:site\" content=\"@natur__kosmetik\" \/>\n<script type=\"application\/ld+json\" class=\"yoast-schema-graph\">{\"@context\":\"https:\\\/\\\/schema.org\",\"@graph\":[{\"@type\":[\"WebPage\",\"ItemPage\"],\"@id\":\"https:\\\/\\\/www.lraloeverashop.eu\\\/pl\\\/produkt\\\/krem-przeciwzmarszczkowy-serox\\\/\",\"url\":\"https:\\\/\\\/www.lraloeverashop.eu\\\/pl\\\/produkt\\\/krem-przeciwzmarszczkowy-serox\\\/\",\"name\":\"Krem \u200b\u200bPrzeciwzmarszczkowy Serox z efektem przeciwstarzeniowym\",\"isPartOf\":{\"@id\":\"https:\\\/\\\/www.lraloeverashop.eu\\\/pl\\\/#website\"},\"primaryImageOfPage\":{\"@id\":\"https:\\\/\\\/www.lraloeverashop.eu\\\/pl\\\/produkt\\\/krem-przeciwzmarszczkowy-serox\\\/#primaryimage\"},\"image\":{\"@id\":\"https:\\\/\\\/www.lraloeverashop.eu\\\/pl\\\/produkt\\\/krem-przeciwzmarszczkowy-serox\\\/#primaryimage\"},\"thumbnailUrl\":\"https:\\\/\\\/www.lraloeverashop.eu\\\/wp-content\\\/uploads\\\/2022\\\/10\\\/Serox-Intensive-Cream.jpg\",\"datePublished\":\"2022-10-20T02:44:58+00:00\",\"description\":\"Krem Przeciwzmarszczkowy Serox intensywnie wyg\u0142adza zmarszczki, nawil\u017ca i poprawia elastyczno\u015b\u0107 sk\u00f3ry. Zaawansowana formu\u0142a zapewnia widoczny efekt anti-aging.\",\"breadcrumb\":{\"@id\":\"https:\\\/\\\/www.lraloeverashop.eu\\\/pl\\\/produkt\\\/krem-przeciwzmarszczkowy-serox\\\/#breadcrumb\"},\"inLanguage\":\"pl-PL\",\"potentialAction\":[{\"@type\":\"ReadAction\",\"target\":[\"https:\\\/\\\/www.lraloeverashop.eu\\\/pl\\\/produkt\\\/krem-przeciwzmarszczkowy-serox\\\/\"]}]},{\"@type\":\"ImageObject\",\"inLanguage\":\"pl-PL\",\"@id\":\"https:\\\/\\\/www.lraloeverashop.eu\\\/pl\\\/produkt\\\/krem-przeciwzmarszczkowy-serox\\\/#primaryimage\",\"url\":\"https:\\\/\\\/www.lraloeverashop.eu\\\/wp-content\\\/uploads\\\/2022\\\/10\\\/Serox-Intensive-Cream.jpg\",\"contentUrl\":\"https:\\\/\\\/www.lraloeverashop.eu\\\/wp-content\\\/uploads\\\/2022\\\/10\\\/Serox-Intensive-Cream.jpg\",\"width\":1200,\"height\":1200,\"caption\":\"Serox Intensywny krem przeciwzmarszczkowy\"},{\"@type\":\"BreadcrumbList\",\"@id\":\"https:\\\/\\\/www.lraloeverashop.eu\\\/pl\\\/produkt\\\/krem-przeciwzmarszczkowy-serox\\\/#breadcrumb\",\"itemListElement\":[{\"@type\":\"ListItem\",\"position\":1,\"name\":\"Home\",\"item\":\"https:\\\/\\\/www.lraloeverashop.eu\\\/pl\\\/\"},{\"@type\":\"ListItem\",\"position\":2,\"name\":\"Sklep\",\"item\":\"https:\\\/\\\/www.lraloeverashop.eu\\\/pl\\\/sklep\\\/\"},{\"@type\":\"ListItem\",\"position\":3,\"name\":\"Krem \u200b\u200bPrzeciwzmarszczkowy Serox\"}]},{\"@type\":\"WebSite\",\"@id\":\"https:\\\/\\\/www.lraloeverashop.eu\\\/pl\\\/#website\",\"url\":\"https:\\\/\\\/www.lraloeverashop.eu\\\/pl\\\/\",\"name\":\"Lr Aloe Vera Shop\",\"description\":\"High Quality Lr Aloe Vera Gel, Aloe Vera Cream and Shampoo\",\"publisher\":{\"@id\":\"https:\\\/\\\/www.lraloeverashop.eu\\\/pl\\\/#organization\"},\"alternateName\":\"LR\",\"potentialAction\":[{\"@type\":\"SearchAction\",\"target\":{\"@type\":\"EntryPoint\",\"urlTemplate\":\"https:\\\/\\\/www.lraloeverashop.eu\\\/pl\\\/?s={search_term_string}\"},\"query-input\":{\"@type\":\"PropertyValueSpecification\",\"valueRequired\":true,\"valueName\":\"search_term_string\"}}],\"inLanguage\":\"pl-PL\"},{\"@type\":\"Organization\",\"@id\":\"https:\\\/\\\/www.lraloeverashop.eu\\\/pl\\\/#organization\",\"name\":\"Sklep Lr Aloe Vera\",\"alternateName\":\"LR\",\"url\":\"https:\\\/\\\/www.lraloeverashop.eu\\\/pl\\\/\",\"logo\":{\"@type\":\"ImageObject\",\"inLanguage\":\"pl-PL\",\"@id\":\"https:\\\/\\\/www.lraloeverashop.eu\\\/pl\\\/#\\\/schema\\\/logo\\\/image\\\/\",\"url\":\"https:\\\/\\\/www.lraloeverashop.eu\\\/wp-content\\\/uploads\\\/2022\\\/09\\\/cropped-Lr-Aloe-Vera-Shop.jpg\",\"contentUrl\":\"https:\\\/\\\/www.lraloeverashop.eu\\\/wp-content\\\/uploads\\\/2022\\\/09\\\/cropped-Lr-Aloe-Vera-Shop.jpg\",\"width\":228,\"height\":76,\"caption\":\"Sklep Lr Aloe Vera\"},\"image\":{\"@id\":\"https:\\\/\\\/www.lraloeverashop.eu\\\/pl\\\/#\\\/schema\\\/logo\\\/image\\\/\"},\"sameAs\":[\"https:\\\/\\\/www.facebook.com\\\/lraloeverashop.eu\",\"https:\\\/\\\/x.com\\\/natur__kosmetik\",\"https:\\\/\\\/www.youtube.com\\\/channel\\\/UC5oN7BJ8nfYb8RpVtjwDEBA\",\"https:\\\/\\\/www.instagram.com\\\/lrbeautyeu\\\/\"],\"description\":\"Sklep LR Aloe Vera to Twoje zaufane \u017ar\u00f3d\u0142o wysokiej jako\u015bci produkt\u00f3w LR Health & Beauty wyprodukowanych w Niemczech. Oferujemy wysokiej jako\u015bci produkty do piel\u0119gnacji sk\u00f3ry, od\u017cywiania i przeciwstarzeniowe z aloesem, stworzone z czystych sk\u0142adnik\u00f3w i poparte badaniami naukowymi. Odkryj naturaln\u0105 piel\u0119gnacj\u0119, kt\u00f3ra regeneruje, chroni i rewitalizuje Twoj\u0105 sk\u00f3r\u0119 \u2014 i korzystaj z ekskluzywnych comiesi\u0119cznych ofert na nasze bestsellerowe produkty LR Aloe Vera.\\nRozpocznij swoj\u0105 naturaln\u0105 piel\u0119gnacj\u0119 sk\u00f3ry ju\u017c dzi\u015b i poczuj r\u00f3\u017cnic\u0119.\",\"email\":\"info@lraloeverashop.eu\",\"telephone\":\"+49 17670609653\",\"legalName\":\"Lr Aloe Vera Shop\",\"foundingDate\":\"2018-04-21\",\"numberOfEmployees\":{\"@type\":\"QuantitativeValue\",\"minValue\":\"1\",\"maxValue\":\"10\"}}]}<\/script>\n<meta property=\"product:price:amount\" content=\"61.49\" \/>\n<meta property=\"product:price:currency\" content=\"EUR\" \/>\n<meta property=\"og:availability\" content=\"instock\" \/>\n<meta property=\"product:availability\" content=\"instock\" \/>\n<meta property=\"product:retailer_item_id\" content=\"28244-1PL\" \/>\n<meta property=\"product:condition\" content=\"new\" \/>\n<!-- \/ Yoast SEO Premium plugin. -->","yoast_head_json":{"title":"Krem \u200b\u200bPrzeciwzmarszczkowy Serox z efektem przeciwstarzeniowym","description":"Krem Przeciwzmarszczkowy Serox intensywnie wyg\u0142adza zmarszczki, nawil\u017ca i poprawia elastyczno\u015b\u0107 sk\u00f3ry. Zaawansowana formu\u0142a zapewnia widoczny efekt anti-aging.","robots":{"index":"index","follow":"follow","max-snippet":"max-snippet:-1","max-image-preview":"max-image-preview:large","max-video-preview":"max-video-preview:-1"},"canonical":"https:\/\/www.lraloeverashop.eu\/pl\/produkt\/krem-przeciwzmarszczkowy-serox\/","og_locale":"pl_PL","og_type":"article","og_title":"Krem \u200b\u200bPrzeciwzmarszczkowy Serox","og_description":"Krem Przeciwzmarszczkowy Serox intensywnie wyg\u0142adza zmarszczki, nawil\u017ca i poprawia elastyczno\u015b\u0107 sk\u00f3ry. Zaawansowana formu\u0142a zapewnia widoczny efekt anti-aging.","og_url":"https:\/\/www.lraloeverashop.eu\/pl\/produkt\/krem-przeciwzmarszczkowy-serox\/","og_site_name":"Lr Aloe Vera Shop","article_publisher":"https:\/\/www.facebook.com\/lraloeverashop.eu","og_image":[{"width":1200,"height":1200,"url":"https:\/\/www.lraloeverashop.eu\/wp-content\/uploads\/2022\/10\/Serox-Intensive-Cream.jpg","type":"image\/jpeg"}],"twitter_card":"summary_large_image","twitter_site":"@natur__kosmetik","schema":{"@context":"https:\/\/schema.org","@graph":[{"@type":["WebPage","ItemPage"],"@id":"https:\/\/www.lraloeverashop.eu\/pl\/produkt\/krem-przeciwzmarszczkowy-serox\/","url":"https:\/\/www.lraloeverashop.eu\/pl\/produkt\/krem-przeciwzmarszczkowy-serox\/","name":"Krem \u200b\u200bPrzeciwzmarszczkowy Serox z efektem przeciwstarzeniowym","isPartOf":{"@id":"https:\/\/www.lraloeverashop.eu\/pl\/#website"},"primaryImageOfPage":{"@id":"https:\/\/www.lraloeverashop.eu\/pl\/produkt\/krem-przeciwzmarszczkowy-serox\/#primaryimage"},"image":{"@id":"https:\/\/www.lraloeverashop.eu\/pl\/produkt\/krem-przeciwzmarszczkowy-serox\/#primaryimage"},"thumbnailUrl":"https:\/\/www.lraloeverashop.eu\/wp-content\/uploads\/2022\/10\/Serox-Intensive-Cream.jpg","datePublished":"2022-10-20T02:44:58+00:00","description":"Krem Przeciwzmarszczkowy Serox intensywnie wyg\u0142adza zmarszczki, nawil\u017ca i poprawia elastyczno\u015b\u0107 sk\u00f3ry. Zaawansowana formu\u0142a zapewnia widoczny efekt anti-aging.","breadcrumb":{"@id":"https:\/\/www.lraloeverashop.eu\/pl\/produkt\/krem-przeciwzmarszczkowy-serox\/#breadcrumb"},"inLanguage":"pl-PL","potentialAction":[{"@type":"ReadAction","target":["https:\/\/www.lraloeverashop.eu\/pl\/produkt\/krem-przeciwzmarszczkowy-serox\/"]}]},{"@type":"ImageObject","inLanguage":"pl-PL","@id":"https:\/\/www.lraloeverashop.eu\/pl\/produkt\/krem-przeciwzmarszczkowy-serox\/#primaryimage","url":"https:\/\/www.lraloeverashop.eu\/wp-content\/uploads\/2022\/10\/Serox-Intensive-Cream.jpg","contentUrl":"https:\/\/www.lraloeverashop.eu\/wp-content\/uploads\/2022\/10\/Serox-Intensive-Cream.jpg","width":1200,"height":1200,"caption":"Serox Intensywny krem przeciwzmarszczkowy"},{"@type":"BreadcrumbList","@id":"https:\/\/www.lraloeverashop.eu\/pl\/produkt\/krem-przeciwzmarszczkowy-serox\/#breadcrumb","itemListElement":[{"@type":"ListItem","position":1,"name":"Home","item":"https:\/\/www.lraloeverashop.eu\/pl\/"},{"@type":"ListItem","position":2,"name":"Sklep","item":"https:\/\/www.lraloeverashop.eu\/pl\/sklep\/"},{"@type":"ListItem","position":3,"name":"Krem \u200b\u200bPrzeciwzmarszczkowy Serox"}]},{"@type":"WebSite","@id":"https:\/\/www.lraloeverashop.eu\/pl\/#website","url":"https:\/\/www.lraloeverashop.eu\/pl\/","name":"Lr Aloe Vera Shop","description":"High Quality Lr Aloe Vera Gel, Aloe Vera Cream and Shampoo","publisher":{"@id":"https:\/\/www.lraloeverashop.eu\/pl\/#organization"},"alternateName":"LR","potentialAction":[{"@type":"SearchAction","target":{"@type":"EntryPoint","urlTemplate":"https:\/\/www.lraloeverashop.eu\/pl\/?s={search_term_string}"},"query-input":{"@type":"PropertyValueSpecification","valueRequired":true,"valueName":"search_term_string"}}],"inLanguage":"pl-PL"},{"@type":"Organization","@id":"https:\/\/www.lraloeverashop.eu\/pl\/#organization","name":"Sklep Lr Aloe Vera","alternateName":"LR","url":"https:\/\/www.lraloeverashop.eu\/pl\/","logo":{"@type":"ImageObject","inLanguage":"pl-PL","@id":"https:\/\/www.lraloeverashop.eu\/pl\/#\/schema\/logo\/image\/","url":"https:\/\/www.lraloeverashop.eu\/wp-content\/uploads\/2022\/09\/cropped-Lr-Aloe-Vera-Shop.jpg","contentUrl":"https:\/\/www.lraloeverashop.eu\/wp-content\/uploads\/2022\/09\/cropped-Lr-Aloe-Vera-Shop.jpg","width":228,"height":76,"caption":"Sklep Lr Aloe Vera"},"image":{"@id":"https:\/\/www.lraloeverashop.eu\/pl\/#\/schema\/logo\/image\/"},"sameAs":["https:\/\/www.facebook.com\/lraloeverashop.eu","https:\/\/x.com\/natur__kosmetik","https:\/\/www.youtube.com\/channel\/UC5oN7BJ8nfYb8RpVtjwDEBA","https:\/\/www.instagram.com\/lrbeautyeu\/"],"description":"Sklep LR Aloe Vera to Twoje zaufane \u017ar\u00f3d\u0142o wysokiej jako\u015bci produkt\u00f3w LR Health & Beauty wyprodukowanych w Niemczech. Oferujemy wysokiej jako\u015bci produkty do piel\u0119gnacji sk\u00f3ry, od\u017cywiania i przeciwstarzeniowe z aloesem, stworzone z czystych sk\u0142adnik\u00f3w i poparte badaniami naukowymi. Odkryj naturaln\u0105 piel\u0119gnacj\u0119, kt\u00f3ra regeneruje, chroni i rewitalizuje Twoj\u0105 sk\u00f3r\u0119 \u2014 i korzystaj z ekskluzywnych comiesi\u0119cznych ofert na nasze bestsellerowe produkty LR Aloe Vera.\nRozpocznij swoj\u0105 naturaln\u0105 piel\u0119gnacj\u0119 sk\u00f3ry ju\u017c dzi\u015b i poczuj r\u00f3\u017cnic\u0119.","email":"info@lraloeverashop.eu","telephone":"+49 17670609653","legalName":"Lr Aloe Vera Shop","foundingDate":"2018-04-21","numberOfEmployees":{"@type":"QuantitativeValue","minValue":"1","maxValue":"10"}}]},"product_price_amount":"61.49","product_price_currency":"EUR","og_availability":"instock","product_availability":"instock","product_retailer_item_id":"28244-1PL","product_condition":"new"},"taxonomy_info":{"product_cat":[{"value":1071,"label":"Kobiety po 40"},{"value":1069,"label":"Piel\u0119gnacja Anti Age"},{"value":1074,"label":"Produkty Anti Age"},{"value":1079,"label":"Serox"}],"product_tag":[{"value":1142,"label":"zmarszczki na twarzy"}]},"featured_image_src_large":["https:\/\/www.lraloeverashop.eu\/wp-content\/uploads\/2022\/10\/Serox-Intensive-Cream-1024x1024.jpg",1024,1024,true],"author_info":[],"comment_info":0,"_links":{"self":[{"href":"https:\/\/www.lraloeverashop.eu\/pl\/wp-json\/wp\/v2\/product\/29148","targetHints":{"allow":["GET"]}}],"collection":[{"href":"https:\/\/www.lraloeverashop.eu\/pl\/wp-json\/wp\/v2\/product"}],"about":[{"href":"https:\/\/www.lraloeverashop.eu\/pl\/wp-json\/wp\/v2\/types\/product"}],"replies":[{"embeddable":true,"href":"https:\/\/www.lraloeverashop.eu\/pl\/wp-json\/wp\/v2\/comments?post=29148"}],"wp:featuredmedia":[{"embeddable":true,"href":"https:\/\/www.lraloeverashop.eu\/pl\/wp-json\/wp\/v2\/media\/27084"}],"wp:attachment":[{"href":"https:\/\/www.lraloeverashop.eu\/pl\/wp-json\/wp\/v2\/media?parent=29148"}],"wp:term":[{"taxonomy":"product_brand","embeddable":true,"href":"https:\/\/www.lraloeverashop.eu\/pl\/wp-json\/wp\/v2\/product_brand?post=29148"},{"taxonomy":"product_cat","embeddable":true,"href":"https:\/\/www.lraloeverashop.eu\/pl\/wp-json\/wp\/v2\/product_cat?post=29148"},{"taxonomy":"product_tag","embeddable":true,"href":"https:\/\/www.lraloeverashop.eu\/pl\/wp-json\/wp\/v2\/product_tag?post=29148"}],"curies":[{"name":"wp","href":"https:\/\/api.w.org\/{rel}","templated":true}]}}