{"id":29146,"date":"2022-10-20T06:47:50","date_gmt":"2022-10-20T04:47:50","guid":{"rendered":"https:\/\/www.lraloeverashop.eu\/product\/olejek-do-twarzy-beauty-diamonds\/"},"modified":"2025-11-22T14:50:46","modified_gmt":"2025-11-22T13:50:46","slug":"olejek-do-twarzy-beauty-diamonds","status":"publish","type":"product","link":"https:\/\/www.lraloeverashop.eu\/pl\/produkt\/olejek-do-twarzy-beauty-diamonds\/","title":{"rendered":"Olejek do twarzy Beauty Diamonds"},"content":{"rendered":"<h2><span style=\"font-size: 16pt;\"><strong>Olejek do twarzy Beauty Diamonds<\/strong><\/span><\/h2>\n<p><span style=\"font-size: 14pt;\"><strong>Olejek do twarzy Beauty Diamonds 3 w 1 Intensywna Przeciwstarzeniowa Piel\u0119gnacja Twarzy<\/strong><\/span><\/p>\n<p>Dla kobiet, kt\u00f3re chc\u0105 zrobi\u0107 co\u015b naprawd\u0119 dobrego dla swojej suchej sk\u00f3ry twarzy. Jednak tak\u017ce sk\u00f3ra dojrza\u0142a i przesuszona zim\u0105 wymaga szczeg\u00f3lnej uwagi. Podaruj sobie elastyczno\u015b\u0107 i aksamitnie mi\u0119kk\u0105 sk\u00f3r\u0119. Nadszed\u0142 czas na m\u0142odzie\u0144czy blask!<\/p>\n<p>Z powodu wp\u0142yw\u00f3w \u015brodowiskowych nasza sk\u00f3ra jest szczeg\u00f3lnie obci\u0105\u017cona. W zimowych miesi\u0105cach dochodzi jeszcze zimno i suche powietrze ogrzewania. Cz\u0119sto sk\u00f3ra staje si\u0119 os\u0142abiona i wysuszona, a cera wygl\u0105da na blad\u0105. Pod wp\u0142ywem czynnik\u00f3w zewn\u0119trznych sk\u00f3ra traci wilgo\u0107, a zmarszczki mog\u0105 pojawia\u0107 si\u0119 szybciej.<\/p>\n<p>Zwyk\u0142y krem na dzie\u0144 cz\u0119sto nie wystarcza, by utrzyma\u0107 sk\u00f3r\u0119 elastyczn\u0105 i zapobiec powstawaniu zmarszczek. Zw\u0142aszcza sk\u00f3ra dojrza\u0142a potrzebuje wsparcia, aby stawi\u0107 czo\u0142a codziennym przeciwno\u015bciom. Olejek do twarzy Beauty Diamonds to intensywna przeciwstarzeniowa piel\u0119gnacja twarzy i idealny partner po Twojej stronie.<\/p>\n<h3><span style=\"font-size: 16pt;\"><strong>Innowacyjna kombinacja 6 cennych olej\u00f3w<\/strong><\/span><\/h3>\n<p>Innowacyjne po\u0142\u0105czenie 6 warto\u015bciowych olej\u00f3w pochodzenia naturalnego oraz wybranych witamin regeneruje such\u0105, \u0142amliw\u0105 i os\u0142abion\u0105 sk\u00f3r\u0119, nadaj\u0105c jej m\u0142odzie\u0144czy blask. G\u0142\u0119boko dzia\u0142aj\u0105ce oleje intensywnie od\u017cywiaj\u0105 sk\u00f3r\u0119 i chroni\u0105 j\u0105 przed utrat\u0105 wilgoci dzi\u0119ki wzmocnionej barierze lipidowej. Sk\u00f3ra staje si\u0119 pe\u0142na, elastyczna i aksamitnie mi\u0119kka. Witaminy A, E i F dostarczaj\u0105 sk\u00f3rze sk\u0142adnik\u00f3w od\u017cywczych.<\/p>\n<p>Sprawiaj\u0105, \u017ce sk\u00f3ra wygl\u0105da m\u0142odziej i wspieraj\u0105 jej regeneracj\u0119. Sk\u00f3ra staje si\u0119 g\u0142adsza, j\u0119drniejsza i m\u0142odsza. Bogate oleje \u0142agodz\u0105 szorstko\u015b\u0107 suchej sk\u00f3ry i nadaj\u0105 m\u0142odzie\u0144czy, promienny i r\u00f3wnomierny wygl\u0105d \u2013 bez efektu b\u0142yszczenia.<\/p>\n<p><strong>Ten produkt oferuje trzy wspania\u0142e zastosowania:<\/strong><\/p>\n<p><strong>Olejek przeciwstarzeniowy<\/strong><br \/>\nIdealna podstawowa piel\u0119gnacja dla promiennej cery. Po oczyszczeniu na\u0142\u00f3\u017c 3\u20135 kropli rano lub wieczorem. Nast\u0119pnie zastosuj codzienn\u0105 piel\u0119gnacj\u0119 LR.<\/p>\n<p><strong>Przeciwstarzeniowy olejowy booster<\/strong><br \/>\nBogata, dodatkowa piel\u0119gnacja dla mi\u0119kkiej, elastycznej sk\u00f3ry. Na\u0142\u00f3\u017c kilka kropli olejku na krem na dzie\u0144 lub na noc, wymieszaj w d\u0142oni i rozprowad\u017a na twarzy.<\/p>\n<p><strong>Przeciwstarzeniowa maska olejowa<\/strong><br \/>\nIntensywna i bogata piel\u0119gnacja regeneruj\u0105ca dla g\u0142adkiej, j\u0119drnej sk\u00f3ry.<\/p>\n<p>&nbsp;<\/p>\n<h3><span style=\"font-size: 16pt;\"><strong>Spos\u00f3b u\u017cycia<\/strong><\/span><\/h3>\n<p>Rozprowad\u017a obficie oko\u0142o 10 kropli Olejek do twarzy Beauty Diamonds na twarzy, szyi i dekolcie. Pozostaw na 10 minut, nast\u0119pnie wmasuj i usu\u0144 pozosta\u0142o\u015b\u0107 produktu.<\/p>\n<p>Wspania\u0142ym wsparciem w po\u0142\u0105czeniu z olejkiem s\u0105 zar\u00f3wno krem na dzie\u0144, jak i krem na noc z serii Beauty Diamonds<\/p>\n<p>&nbsp;<\/p>\n<h4><span style=\"font-size: 16pt;\"><strong>Czy wiesz, \u017ce\u2026?<\/strong><\/span><\/h4>\n<p>Dzi\u0119ki swoim wyj\u0105tkowym w\u0142a\u015bciwo\u015bciom oleje s\u0105 niezb\u0119dnym sk\u0142adnikiem kosmetyk\u00f3w. R\u00f3\u017cne oleje chroni\u0105 sk\u00f3r\u0119, od\u017cywiaj\u0105 j\u0105, wzmacniaj\u0105 barier\u0119 ochronn\u0105 i pomagaj\u0105 utrzyma\u0107 wilgo\u0107. Odpowiednie po\u0142\u0105czenie tworzy zr\u00f3wnowa\u017cone produkty piel\u0119gnacyjne. W Olejku do twarzy Beauty Diamonds zastosowano olej migda\u0142owy, arganowy, awokado, z pestek winogron, z orzech\u00f3w makadamia oraz jojoba.<\/p>\n","protected":false},"excerpt":{"rendered":"<ul>\n<li>Innowacyjne po\u0142\u0105czenie 6 cennych olejk\u00f3w<\/li>\n<li>Od\u017cywia i regeneruje sk\u00f3r\u0119 witaminami A, E i F.<br \/>\nChroni przed utrat\u0105 wilgoci<\/li>\n<li>Pozostawia sk\u00f3r\u0119 m\u0142odzie\u0144cz\u0105 dzi\u0119ki bogatej kompozycji olejk\u00f3w<\/li>\n<li>95% testuj\u0105cych poleci\u0142oby produkt swojej dziewczynie<\/li>\n<li>Zawarto\u015b\u0107: 30 ml<\/li>\n<\/ul>\n<p>&nbsp;<\/p>\n","protected":false},"featured_media":27072,"comment_status":"open","ping_status":"closed","template":"","meta":{"_kad_blocks_custom_css":"","_kad_blocks_head_custom_js":"","_kad_blocks_body_custom_js":"","_kad_blocks_footer_custom_js":"","_kadence_starter_templates_imported_post":false,"_kad_post_transparent":"default","_kad_post_title":"","_kad_post_layout":"default","_kad_post_sidebar_id":"","_kad_post_content_style":"default","_kad_post_vertical_padding":"default","_kad_post_feature":"","_kad_post_feature_position":"","_kad_post_header":false,"_kad_post_footer":false,"_kad_post_classname":""},"product_brand":[],"product_cat":[1075,1071,1069,1074],"product_tag":[],"class_list":{"0":"post-29146","1":"product","2":"type-product","3":"status-publish","4":"has-post-thumbnail","6":"product_cat-beauty-diamonds-pl","7":"product_cat-kobiety-po-40","8":"product_cat-pielegnacja-anti-age","9":"product_cat-produkty-anti-age","11":"first","12":"instock","13":"taxable","14":"shipping-taxable","15":"purchasable","16":"product-type-simple","17":"entry","18":"content-bg","19":"loop-entry"},"yoast_head":"<!-- This site is optimized with the Yoast SEO Premium plugin v27.5 (Yoast SEO v27.5) - https:\/\/yoast.com\/product\/yoast-seo-premium-wordpress\/ -->\n<title>Olejek do twarzy Beauty Diamonds - Olejek Przeciwstarzeniowy 3w1<\/title>\n<meta name=\"description\" content=\"Olejek do twarzy Beauty Diamonds z mieszanki olejk\u00f3w migda\u0142owego, arganowego, awokado, z pestek winogron, macadamia i jojoba. Czy sk\u00f3ra wygl\u0105da na g\u0142adsz\u0105, j\u0119drniejsz\u0105 i m\u0142odsz\u0105.\" \/>\n<meta name=\"robots\" content=\"index, follow, max-snippet:-1, max-image-preview:large, max-video-preview:-1\" \/>\n<link rel=\"canonical\" href=\"https:\/\/www.lraloeverashop.eu\/pl\/produkt\/olejek-do-twarzy-beauty-diamonds\/\" \/>\n<meta property=\"og:locale\" content=\"pl_PL\" \/>\n<meta property=\"og:type\" content=\"article\" \/>\n<meta property=\"og:title\" content=\"Olejek do twarzy Beauty Diamonds\" \/>\n<meta property=\"og:description\" content=\"Olejek do twarzy Beauty Diamonds z mieszanki olejk\u00f3w migda\u0142owego, arganowego, awokado, z pestek winogron, macadamia i jojoba. Czy sk\u00f3ra wygl\u0105da na g\u0142adsz\u0105, j\u0119drniejsz\u0105 i m\u0142odsz\u0105.\" \/>\n<meta property=\"og:url\" content=\"https:\/\/www.lraloeverashop.eu\/pl\/produkt\/olejek-do-twarzy-beauty-diamonds\/\" \/>\n<meta property=\"og:site_name\" content=\"Lr Aloe Vera Shop\" \/>\n<meta property=\"article:publisher\" content=\"https:\/\/www.facebook.com\/lraloeverashop.eu\" \/>\n<meta property=\"article:modified_time\" content=\"2025-11-22T13:50:46+00:00\" \/>\n<meta property=\"og:image\" content=\"https:\/\/www.lraloeverashop.eu\/wp-content\/uploads\/2022\/10\/Beauty-Diamonds-Radiant-Youth-Oil.jpg\" \/>\n\t<meta property=\"og:image:width\" content=\"1200\" \/>\n\t<meta property=\"og:image:height\" content=\"1200\" \/>\n\t<meta property=\"og:image:type\" content=\"image\/jpeg\" \/>\n<meta name=\"twitter:card\" content=\"summary_large_image\" \/>\n<meta name=\"twitter:site\" content=\"@natur__kosmetik\" \/>\n<script type=\"application\/ld+json\" class=\"yoast-schema-graph\">{\"@context\":\"https:\\\/\\\/schema.org\",\"@graph\":[{\"@type\":[\"WebPage\",\"ItemPage\"],\"@id\":\"https:\\\/\\\/www.lraloeverashop.eu\\\/pl\\\/produkt\\\/olejek-do-twarzy-beauty-diamonds\\\/\",\"url\":\"https:\\\/\\\/www.lraloeverashop.eu\\\/pl\\\/produkt\\\/olejek-do-twarzy-beauty-diamonds\\\/\",\"name\":\"Olejek do twarzy Beauty Diamonds - Olejek Przeciwstarzeniowy 3w1\",\"isPartOf\":{\"@id\":\"https:\\\/\\\/www.lraloeverashop.eu\\\/pl\\\/#website\"},\"primaryImageOfPage\":{\"@id\":\"https:\\\/\\\/www.lraloeverashop.eu\\\/pl\\\/produkt\\\/olejek-do-twarzy-beauty-diamonds\\\/#primaryimage\"},\"image\":{\"@id\":\"https:\\\/\\\/www.lraloeverashop.eu\\\/pl\\\/produkt\\\/olejek-do-twarzy-beauty-diamonds\\\/#primaryimage\"},\"thumbnailUrl\":\"https:\\\/\\\/www.lraloeverashop.eu\\\/wp-content\\\/uploads\\\/2022\\\/10\\\/Beauty-Diamonds-Radiant-Youth-Oil.jpg\",\"datePublished\":\"2022-10-20T04:47:50+00:00\",\"dateModified\":\"2025-11-22T13:50:46+00:00\",\"description\":\"Olejek do twarzy Beauty Diamonds z mieszanki olejk\u00f3w migda\u0142owego, arganowego, awokado, z pestek winogron, macadamia i jojoba. Czy sk\u00f3ra wygl\u0105da na g\u0142adsz\u0105, j\u0119drniejsz\u0105 i m\u0142odsz\u0105.\",\"breadcrumb\":{\"@id\":\"https:\\\/\\\/www.lraloeverashop.eu\\\/pl\\\/produkt\\\/olejek-do-twarzy-beauty-diamonds\\\/#breadcrumb\"},\"inLanguage\":\"pl-PL\",\"potentialAction\":[{\"@type\":\"ReadAction\",\"target\":[\"https:\\\/\\\/www.lraloeverashop.eu\\\/pl\\\/produkt\\\/olejek-do-twarzy-beauty-diamonds\\\/\"]}]},{\"@type\":\"ImageObject\",\"inLanguage\":\"pl-PL\",\"@id\":\"https:\\\/\\\/www.lraloeverashop.eu\\\/pl\\\/produkt\\\/olejek-do-twarzy-beauty-diamonds\\\/#primaryimage\",\"url\":\"https:\\\/\\\/www.lraloeverashop.eu\\\/wp-content\\\/uploads\\\/2022\\\/10\\\/Beauty-Diamonds-Radiant-Youth-Oil.jpg\",\"contentUrl\":\"https:\\\/\\\/www.lraloeverashop.eu\\\/wp-content\\\/uploads\\\/2022\\\/10\\\/Beauty-Diamonds-Radiant-Youth-Oil.jpg\",\"width\":1200,\"height\":1200,\"caption\":\"Beauty Diamonds Olejek do twarzy\"},{\"@type\":\"BreadcrumbList\",\"@id\":\"https:\\\/\\\/www.lraloeverashop.eu\\\/pl\\\/produkt\\\/olejek-do-twarzy-beauty-diamonds\\\/#breadcrumb\",\"itemListElement\":[{\"@type\":\"ListItem\",\"position\":1,\"name\":\"Home\",\"item\":\"https:\\\/\\\/www.lraloeverashop.eu\\\/pl\\\/\"},{\"@type\":\"ListItem\",\"position\":2,\"name\":\"Sklep\",\"item\":\"https:\\\/\\\/www.lraloeverashop.eu\\\/pl\\\/sklep\\\/\"},{\"@type\":\"ListItem\",\"position\":3,\"name\":\"Olejek do twarzy Beauty Diamonds\"}]},{\"@type\":\"WebSite\",\"@id\":\"https:\\\/\\\/www.lraloeverashop.eu\\\/pl\\\/#website\",\"url\":\"https:\\\/\\\/www.lraloeverashop.eu\\\/pl\\\/\",\"name\":\"Lr Aloe Vera Shop\",\"description\":\"High Quality Lr Aloe Vera Gel, Aloe Vera Cream and Shampoo\",\"publisher\":{\"@id\":\"https:\\\/\\\/www.lraloeverashop.eu\\\/pl\\\/#organization\"},\"alternateName\":\"LR\",\"potentialAction\":[{\"@type\":\"SearchAction\",\"target\":{\"@type\":\"EntryPoint\",\"urlTemplate\":\"https:\\\/\\\/www.lraloeverashop.eu\\\/pl\\\/?s={search_term_string}\"},\"query-input\":{\"@type\":\"PropertyValueSpecification\",\"valueRequired\":true,\"valueName\":\"search_term_string\"}}],\"inLanguage\":\"pl-PL\"},{\"@type\":\"Organization\",\"@id\":\"https:\\\/\\\/www.lraloeverashop.eu\\\/pl\\\/#organization\",\"name\":\"Sklep Lr Aloe Vera\",\"alternateName\":\"LR\",\"url\":\"https:\\\/\\\/www.lraloeverashop.eu\\\/pl\\\/\",\"logo\":{\"@type\":\"ImageObject\",\"inLanguage\":\"pl-PL\",\"@id\":\"https:\\\/\\\/www.lraloeverashop.eu\\\/pl\\\/#\\\/schema\\\/logo\\\/image\\\/\",\"url\":\"https:\\\/\\\/www.lraloeverashop.eu\\\/wp-content\\\/uploads\\\/2022\\\/09\\\/cropped-Lr-Aloe-Vera-Shop.jpg\",\"contentUrl\":\"https:\\\/\\\/www.lraloeverashop.eu\\\/wp-content\\\/uploads\\\/2022\\\/09\\\/cropped-Lr-Aloe-Vera-Shop.jpg\",\"width\":228,\"height\":76,\"caption\":\"Sklep Lr Aloe Vera\"},\"image\":{\"@id\":\"https:\\\/\\\/www.lraloeverashop.eu\\\/pl\\\/#\\\/schema\\\/logo\\\/image\\\/\"},\"sameAs\":[\"https:\\\/\\\/www.facebook.com\\\/lraloeverashop.eu\",\"https:\\\/\\\/x.com\\\/natur__kosmetik\",\"https:\\\/\\\/www.youtube.com\\\/channel\\\/UC5oN7BJ8nfYb8RpVtjwDEBA\",\"https:\\\/\\\/www.instagram.com\\\/lrbeautyeu\\\/\"],\"description\":\"Sklep LR Aloe Vera to Twoje zaufane \u017ar\u00f3d\u0142o wysokiej jako\u015bci produkt\u00f3w LR Health & Beauty wyprodukowanych w Niemczech. Oferujemy wysokiej jako\u015bci produkty do piel\u0119gnacji sk\u00f3ry, od\u017cywiania i przeciwstarzeniowe z aloesem, stworzone z czystych sk\u0142adnik\u00f3w i poparte badaniami naukowymi. Odkryj naturaln\u0105 piel\u0119gnacj\u0119, kt\u00f3ra regeneruje, chroni i rewitalizuje Twoj\u0105 sk\u00f3r\u0119 \u2014 i korzystaj z ekskluzywnych comiesi\u0119cznych ofert na nasze bestsellerowe produkty LR Aloe Vera.\\nRozpocznij swoj\u0105 naturaln\u0105 piel\u0119gnacj\u0119 sk\u00f3ry ju\u017c dzi\u015b i poczuj r\u00f3\u017cnic\u0119.\",\"email\":\"info@lraloeverashop.eu\",\"telephone\":\"+49 17670609653\",\"legalName\":\"Lr Aloe Vera Shop\",\"foundingDate\":\"2018-04-21\",\"numberOfEmployees\":{\"@type\":\"QuantitativeValue\",\"minValue\":\"1\",\"maxValue\":\"10\"}}]}<\/script>\n<meta property=\"product:price:amount\" content=\"48.59\" \/>\n<meta property=\"product:price:currency\" content=\"EUR\" \/>\n<meta property=\"og:availability\" content=\"instock\" \/>\n<meta property=\"product:availability\" content=\"instock\" \/>\n<meta property=\"product:retailer_item_id\" content=\"28314-1PL\" \/>\n<meta property=\"product:condition\" content=\"new\" \/>\n<!-- \/ Yoast SEO Premium plugin. -->","yoast_head_json":{"title":"Olejek do twarzy Beauty Diamonds - Olejek Przeciwstarzeniowy 3w1","description":"Olejek do twarzy Beauty Diamonds z mieszanki olejk\u00f3w migda\u0142owego, arganowego, awokado, z pestek winogron, macadamia i jojoba. Czy sk\u00f3ra wygl\u0105da na g\u0142adsz\u0105, j\u0119drniejsz\u0105 i m\u0142odsz\u0105.","robots":{"index":"index","follow":"follow","max-snippet":"max-snippet:-1","max-image-preview":"max-image-preview:large","max-video-preview":"max-video-preview:-1"},"canonical":"https:\/\/www.lraloeverashop.eu\/pl\/produkt\/olejek-do-twarzy-beauty-diamonds\/","og_locale":"pl_PL","og_type":"article","og_title":"Olejek do twarzy Beauty Diamonds","og_description":"Olejek do twarzy Beauty Diamonds z mieszanki olejk\u00f3w migda\u0142owego, arganowego, awokado, z pestek winogron, macadamia i jojoba. Czy sk\u00f3ra wygl\u0105da na g\u0142adsz\u0105, j\u0119drniejsz\u0105 i m\u0142odsz\u0105.","og_url":"https:\/\/www.lraloeverashop.eu\/pl\/produkt\/olejek-do-twarzy-beauty-diamonds\/","og_site_name":"Lr Aloe Vera Shop","article_publisher":"https:\/\/www.facebook.com\/lraloeverashop.eu","article_modified_time":"2025-11-22T13:50:46+00:00","og_image":[{"width":1200,"height":1200,"url":"https:\/\/www.lraloeverashop.eu\/wp-content\/uploads\/2022\/10\/Beauty-Diamonds-Radiant-Youth-Oil.jpg","type":"image\/jpeg"}],"twitter_card":"summary_large_image","twitter_site":"@natur__kosmetik","schema":{"@context":"https:\/\/schema.org","@graph":[{"@type":["WebPage","ItemPage"],"@id":"https:\/\/www.lraloeverashop.eu\/pl\/produkt\/olejek-do-twarzy-beauty-diamonds\/","url":"https:\/\/www.lraloeverashop.eu\/pl\/produkt\/olejek-do-twarzy-beauty-diamonds\/","name":"Olejek do twarzy Beauty Diamonds - Olejek Przeciwstarzeniowy 3w1","isPartOf":{"@id":"https:\/\/www.lraloeverashop.eu\/pl\/#website"},"primaryImageOfPage":{"@id":"https:\/\/www.lraloeverashop.eu\/pl\/produkt\/olejek-do-twarzy-beauty-diamonds\/#primaryimage"},"image":{"@id":"https:\/\/www.lraloeverashop.eu\/pl\/produkt\/olejek-do-twarzy-beauty-diamonds\/#primaryimage"},"thumbnailUrl":"https:\/\/www.lraloeverashop.eu\/wp-content\/uploads\/2022\/10\/Beauty-Diamonds-Radiant-Youth-Oil.jpg","datePublished":"2022-10-20T04:47:50+00:00","dateModified":"2025-11-22T13:50:46+00:00","description":"Olejek do twarzy Beauty Diamonds z mieszanki olejk\u00f3w migda\u0142owego, arganowego, awokado, z pestek winogron, macadamia i jojoba. Czy sk\u00f3ra wygl\u0105da na g\u0142adsz\u0105, j\u0119drniejsz\u0105 i m\u0142odsz\u0105.","breadcrumb":{"@id":"https:\/\/www.lraloeverashop.eu\/pl\/produkt\/olejek-do-twarzy-beauty-diamonds\/#breadcrumb"},"inLanguage":"pl-PL","potentialAction":[{"@type":"ReadAction","target":["https:\/\/www.lraloeverashop.eu\/pl\/produkt\/olejek-do-twarzy-beauty-diamonds\/"]}]},{"@type":"ImageObject","inLanguage":"pl-PL","@id":"https:\/\/www.lraloeverashop.eu\/pl\/produkt\/olejek-do-twarzy-beauty-diamonds\/#primaryimage","url":"https:\/\/www.lraloeverashop.eu\/wp-content\/uploads\/2022\/10\/Beauty-Diamonds-Radiant-Youth-Oil.jpg","contentUrl":"https:\/\/www.lraloeverashop.eu\/wp-content\/uploads\/2022\/10\/Beauty-Diamonds-Radiant-Youth-Oil.jpg","width":1200,"height":1200,"caption":"Beauty Diamonds Olejek do twarzy"},{"@type":"BreadcrumbList","@id":"https:\/\/www.lraloeverashop.eu\/pl\/produkt\/olejek-do-twarzy-beauty-diamonds\/#breadcrumb","itemListElement":[{"@type":"ListItem","position":1,"name":"Home","item":"https:\/\/www.lraloeverashop.eu\/pl\/"},{"@type":"ListItem","position":2,"name":"Sklep","item":"https:\/\/www.lraloeverashop.eu\/pl\/sklep\/"},{"@type":"ListItem","position":3,"name":"Olejek do twarzy Beauty Diamonds"}]},{"@type":"WebSite","@id":"https:\/\/www.lraloeverashop.eu\/pl\/#website","url":"https:\/\/www.lraloeverashop.eu\/pl\/","name":"Lr Aloe Vera Shop","description":"High Quality Lr Aloe Vera Gel, Aloe Vera Cream and Shampoo","publisher":{"@id":"https:\/\/www.lraloeverashop.eu\/pl\/#organization"},"alternateName":"LR","potentialAction":[{"@type":"SearchAction","target":{"@type":"EntryPoint","urlTemplate":"https:\/\/www.lraloeverashop.eu\/pl\/?s={search_term_string}"},"query-input":{"@type":"PropertyValueSpecification","valueRequired":true,"valueName":"search_term_string"}}],"inLanguage":"pl-PL"},{"@type":"Organization","@id":"https:\/\/www.lraloeverashop.eu\/pl\/#organization","name":"Sklep Lr Aloe Vera","alternateName":"LR","url":"https:\/\/www.lraloeverashop.eu\/pl\/","logo":{"@type":"ImageObject","inLanguage":"pl-PL","@id":"https:\/\/www.lraloeverashop.eu\/pl\/#\/schema\/logo\/image\/","url":"https:\/\/www.lraloeverashop.eu\/wp-content\/uploads\/2022\/09\/cropped-Lr-Aloe-Vera-Shop.jpg","contentUrl":"https:\/\/www.lraloeverashop.eu\/wp-content\/uploads\/2022\/09\/cropped-Lr-Aloe-Vera-Shop.jpg","width":228,"height":76,"caption":"Sklep Lr Aloe Vera"},"image":{"@id":"https:\/\/www.lraloeverashop.eu\/pl\/#\/schema\/logo\/image\/"},"sameAs":["https:\/\/www.facebook.com\/lraloeverashop.eu","https:\/\/x.com\/natur__kosmetik","https:\/\/www.youtube.com\/channel\/UC5oN7BJ8nfYb8RpVtjwDEBA","https:\/\/www.instagram.com\/lrbeautyeu\/"],"description":"Sklep LR Aloe Vera to Twoje zaufane \u017ar\u00f3d\u0142o wysokiej jako\u015bci produkt\u00f3w LR Health & Beauty wyprodukowanych w Niemczech. Oferujemy wysokiej jako\u015bci produkty do piel\u0119gnacji sk\u00f3ry, od\u017cywiania i przeciwstarzeniowe z aloesem, stworzone z czystych sk\u0142adnik\u00f3w i poparte badaniami naukowymi. Odkryj naturaln\u0105 piel\u0119gnacj\u0119, kt\u00f3ra regeneruje, chroni i rewitalizuje Twoj\u0105 sk\u00f3r\u0119 \u2014 i korzystaj z ekskluzywnych comiesi\u0119cznych ofert na nasze bestsellerowe produkty LR Aloe Vera.\nRozpocznij swoj\u0105 naturaln\u0105 piel\u0119gnacj\u0119 sk\u00f3ry ju\u017c dzi\u015b i poczuj r\u00f3\u017cnic\u0119.","email":"info@lraloeverashop.eu","telephone":"+49 17670609653","legalName":"Lr Aloe Vera Shop","foundingDate":"2018-04-21","numberOfEmployees":{"@type":"QuantitativeValue","minValue":"1","maxValue":"10"}}]},"product_price_amount":"48.59","product_price_currency":"EUR","og_availability":"instock","product_availability":"instock","product_retailer_item_id":"28314-1PL","product_condition":"new"},"taxonomy_info":{"product_cat":[{"value":1075,"label":"Beauty Diamonds"},{"value":1071,"label":"Kobiety po 40"},{"value":1069,"label":"Piel\u0119gnacja Anti Age"},{"value":1074,"label":"Produkty Anti Age"}]},"featured_image_src_large":["https:\/\/www.lraloeverashop.eu\/wp-content\/uploads\/2022\/10\/Beauty-Diamonds-Radiant-Youth-Oil-1024x1024.jpg",1024,1024,true],"author_info":[],"comment_info":1,"_links":{"self":[{"href":"https:\/\/www.lraloeverashop.eu\/pl\/wp-json\/wp\/v2\/product\/29146","targetHints":{"allow":["GET"]}}],"collection":[{"href":"https:\/\/www.lraloeverashop.eu\/pl\/wp-json\/wp\/v2\/product"}],"about":[{"href":"https:\/\/www.lraloeverashop.eu\/pl\/wp-json\/wp\/v2\/types\/product"}],"replies":[{"embeddable":true,"href":"https:\/\/www.lraloeverashop.eu\/pl\/wp-json\/wp\/v2\/comments?post=29146"}],"wp:featuredmedia":[{"embeddable":true,"href":"https:\/\/www.lraloeverashop.eu\/pl\/wp-json\/wp\/v2\/media\/27072"}],"wp:attachment":[{"href":"https:\/\/www.lraloeverashop.eu\/pl\/wp-json\/wp\/v2\/media?parent=29146"}],"wp:term":[{"taxonomy":"product_brand","embeddable":true,"href":"https:\/\/www.lraloeverashop.eu\/pl\/wp-json\/wp\/v2\/product_brand?post=29146"},{"taxonomy":"product_cat","embeddable":true,"href":"https:\/\/www.lraloeverashop.eu\/pl\/wp-json\/wp\/v2\/product_cat?post=29146"},{"taxonomy":"product_tag","embeddable":true,"href":"https:\/\/www.lraloeverashop.eu\/pl\/wp-json\/wp\/v2\/product_tag?post=29146"}],"curies":[{"name":"wp","href":"https:\/\/api.w.org\/{rel}","templated":true}]}}