{"id":29143,"date":"2022-10-20T07:28:09","date_gmt":"2022-10-20T05:28:09","guid":{"rendered":"https:\/\/www.lraloeverashop.eu\/product\/przeciwzmarszczkowy-krem-na-noc-beauty-diamonds\/"},"modified":"2022-10-20T07:28:09","modified_gmt":"2022-10-20T05:28:09","slug":"przeciwzmarszczkowy-krem-na-noc-beauty-diamonds","status":"publish","type":"product","link":"https:\/\/www.lraloeverashop.eu\/pl\/produkt\/przeciwzmarszczkowy-krem-na-noc-beauty-diamonds\/","title":{"rendered":"Przeciwzmarszczkowy Krem na Noc Beauty Diamonds"},"content":{"rendered":"<h2><span style=\"font-size: 16pt;\"><strong>Przeciwzmarszczkowy Krem na Noc Beauty Diamonds<\/strong><\/span><\/h2>\n<p><span style=\"font-size: 14pt;\"><strong>Przeciwzmarszczkowy Krem na Noc Beauty Diamonds dla promiennej cery rano.<\/strong><\/span><\/p>\n<p>M\u0142odsza i pi\u0119kniejsza podczas snu: od\u017cywczy Beauty Diamonds Night Cream pomaga sk\u00f3rze zredukowa\u0107 widoczne oznaki starzenia si\u0119 w ci\u0105gu nocy. Podczas snu naturalny mechanizm ochrony kom\u00f3rek sk\u00f3ry jest stymulowany przez synergiczny kompleks dw\u00f3ch opatentowanych peptyd\u00f3w (Replexium\u2122), dzi\u0119ki czemu sk\u00f3ra rano jest j\u0119drna, elastyczna i mi\u0119kka w dotyku.<\/p>\n<p>Pistacje i olej z pestek winogron s\u0105 szczeg\u00f3lnie bogate w niezb\u0119dne i wielonienasycone kwasy t\u0142uszczowe, dlatego s\u0105 idealne do sk\u00f3ry dojrza\u0142ej. Przeciwzmarszczkowy Krem na Noc Beauty Diamonds pomaga r\u00f3wnie\u017c definiowa\u0107 kontury twarzy oraz odbudowywa\u0107 g\u0119sto\u015b\u0107 i obj\u0119to\u015b\u0107 sk\u00f3ry, aby rano spojrze\u0107 w lustro pe\u0142na witalno\u015bci. Dla od\u017cywionej sk\u00f3ry i wyra\u017anie zarysowanych kontur\u00f3w twarzy.<\/p>\n<p><strong>Dla kobiet\u2026<\/strong><br \/>\n\u2026 od oko\u0142o 40. roku \u017cycia<br \/>\n\u2026 z such\u0105 i wymagaj\u0105c\u0105 sk\u00f3r\u0105<br \/>\n\u2026 ceni\u0105cych luksusow\u0105 piel\u0119gnacj\u0119<br \/>\n\u2026 pragn\u0105cych wyj\u0105tkowego blasku<br \/>\n\u2026 chc\u0105cych zmniejszy\u0107 zmarszczki<br \/>\n\u2026 d\u0105\u017c\u0105cych do wi\u0119kszej elastyczno\u015bci sk\u00f3ry<\/p>\n<p>Uj\u0119drniaj\u0105cy Przeciwzmarszczkowy Krem na Noc Beauty Diamonds wzmacnia sk\u00f3r\u0119 po 40. roku \u017cycia i widocznie redukuje zmarszczki. W oparciu o w\u0142a\u015bciwo\u015bci diament\u00f3w w po\u0142\u0105czeniu z proteinami spowalnia proces starzenia si\u0119 sk\u00f3ry i wzmacnia mechanizmy ochronne kom\u00f3rek. Teraz w ulepszonej formule z innowacyjnym systemem transportu sk\u0142adnik\u00f3w aktywnych oraz kapsu\u0142kowanym sk\u0142adnikiem redukuj\u0105cym zmarszczki i ich g\u0142\u0119boko\u015b\u0107.<\/p>\n<p>Dla maksymalnej skuteczno\u015bci stosuj w po\u0142\u0105czeniu z \u017belazkom do Twarzy na Zmarszczki Zeitgard Pro.<\/p>\n<p>&nbsp;<\/p>\n<h3><span style=\"font-size: 16pt;\"><strong>Jak stosowa\u0107<\/strong><\/span><\/h3>\n<p>KROK 1: Oczy\u015b\u0107 sk\u00f3r\u0119 twarzy wod\u0105 lub u\u017cyj Urz\u0105dzenie do Oczyszczania Twarzy albo Peeling Kawitacyjny Urz\u0105dzenie Zeitgard Pro.<\/p>\n<p>KROK 2: Na\u0142\u00f3\u017c Przeciwzmarszczkowy Krem na Noc Beauty Diamonds i wmasuj go d\u0142o\u0144mi lub za pomoc\u0105 \u017belazka do Twarzy na Zmarszczki Zeitgard Pro. Traktuj lew\u0105 i praw\u0105 stron\u0119 twarzy oraz czo\u0142o przez 30 sekund ka\u017cd\u0105. Prowad\u017a urz\u0105dzenie okr\u0119\u017cnymi ruchami \u2013 od wewn\u0105trz na zewn\u0105trz oraz od do\u0142u ku g\u00f3rze.<\/p>\n","protected":false},"excerpt":{"rendered":"<ul>\n<li>Uj\u0119drniaj\u0105ca, od\u017cywcza formu\u0142a piel\u0119gnacyjna z pistacjami i olejkiem z pestek winogron definiuje kontur twarzy przez noc<\/li>\n<li>Buduje g\u0119sto\u015b\u0107 i obj\u0119to\u015b\u0107 sk\u00f3ry<\/li>\n<li>Stymuluje mechanizmy obronne kom\u00f3rek, zapewniaj\u0105c j\u0119drn\u0105 i elastyczn\u0105 sk\u00f3r\u0119<\/li>\n<li>Z innowacyjnym systemem transportu substancji aktywnych<\/li>\n<li>Zalecane do stosowania z \u017belazkom do Twarzy Zeitgard Pro<\/li>\n<li>Zawarto\u015b\u0107: 50 ml<\/li>\n<\/ul>\n<p>&nbsp;<\/p>\n","protected":false},"featured_media":27069,"comment_status":"open","ping_status":"closed","template":"","meta":{"_kad_blocks_custom_css":"","_kad_blocks_head_custom_js":"","_kad_blocks_body_custom_js":"","_kad_blocks_footer_custom_js":"","_kadence_starter_templates_imported_post":false,"_kad_post_transparent":"default","_kad_post_title":"","_kad_post_layout":"default","_kad_post_sidebar_id":"","_kad_post_content_style":"default","_kad_post_vertical_padding":"default","_kad_post_feature":"","_kad_post_feature_position":"","_kad_post_header":false,"_kad_post_footer":false,"_kad_post_classname":""},"product_brand":[],"product_cat":[1075,1071,1069,1074],"product_tag":[1142],"class_list":{"0":"post-29143","1":"product","2":"type-product","3":"status-publish","4":"has-post-thumbnail","6":"product_cat-beauty-diamonds-pl","7":"product_cat-kobiety-po-40","8":"product_cat-pielegnacja-anti-age","9":"product_cat-produkty-anti-age","10":"product_tag-zmarszczki-na-twarzy","12":"first","13":"instock","14":"taxable","15":"shipping-taxable","16":"purchasable","17":"product-type-simple","18":"entry","19":"content-bg","20":"loop-entry"},"yoast_head":"<!-- This site is optimized with the Yoast SEO Premium plugin v27.5 (Yoast SEO v27.5) - https:\/\/yoast.com\/product\/yoast-seo-premium-wordpress\/ -->\n<title>Przeciwzmarszczkowy Krem na Noc Beauty Diamonds<\/title>\n<meta name=\"description\" content=\"M\u0142odsza i pi\u0119kniejsza podczas snu. Przeciwzmarszczkowy krem \u200b\u200bna noc Beauty Diamonds pomaga Twojej sk\u00f3rze zredukowa\u0107 widoczne oznaki starzenia w ci\u0105gu nocy.\" \/>\n<meta name=\"robots\" content=\"index, follow, max-snippet:-1, max-image-preview:large, max-video-preview:-1\" \/>\n<link rel=\"canonical\" href=\"https:\/\/www.lraloeverashop.eu\/pl\/produkt\/przeciwzmarszczkowy-krem-na-noc-beauty-diamonds\/\" \/>\n<meta property=\"og:locale\" content=\"pl_PL\" \/>\n<meta property=\"og:type\" content=\"article\" \/>\n<meta property=\"og:title\" content=\"Przeciwzmarszczkowy Krem na Noc Beauty Diamonds\" \/>\n<meta property=\"og:description\" content=\"M\u0142odsza i pi\u0119kniejsza podczas snu. Przeciwzmarszczkowy krem \u200b\u200bna noc Beauty Diamonds pomaga Twojej sk\u00f3rze zredukowa\u0107 widoczne oznaki starzenia w ci\u0105gu nocy.\" \/>\n<meta property=\"og:url\" content=\"https:\/\/www.lraloeverashop.eu\/pl\/produkt\/przeciwzmarszczkowy-krem-na-noc-beauty-diamonds\/\" \/>\n<meta property=\"og:site_name\" content=\"Lr Aloe Vera Shop\" \/>\n<meta property=\"article:publisher\" content=\"https:\/\/www.facebook.com\/lraloeverashop.eu\" \/>\n<meta property=\"og:image\" content=\"https:\/\/www.lraloeverashop.eu\/wp-content\/uploads\/2022\/10\/Beauty-Diamonds-Night-Cream.jpg\" \/>\n\t<meta property=\"og:image:width\" content=\"1200\" \/>\n\t<meta property=\"og:image:height\" content=\"1200\" \/>\n\t<meta property=\"og:image:type\" content=\"image\/jpeg\" \/>\n<meta name=\"twitter:card\" content=\"summary_large_image\" \/>\n<meta name=\"twitter:site\" content=\"@natur__kosmetik\" \/>\n<script type=\"application\/ld+json\" class=\"yoast-schema-graph\">{\"@context\":\"https:\\\/\\\/schema.org\",\"@graph\":[{\"@type\":[\"WebPage\",\"ItemPage\"],\"@id\":\"https:\\\/\\\/www.lraloeverashop.eu\\\/pl\\\/produkt\\\/przeciwzmarszczkowy-krem-na-noc-beauty-diamonds\\\/\",\"url\":\"https:\\\/\\\/www.lraloeverashop.eu\\\/pl\\\/produkt\\\/przeciwzmarszczkowy-krem-na-noc-beauty-diamonds\\\/\",\"name\":\"Przeciwzmarszczkowy Krem na Noc Beauty Diamonds\",\"isPartOf\":{\"@id\":\"https:\\\/\\\/www.lraloeverashop.eu\\\/pl\\\/#website\"},\"primaryImageOfPage\":{\"@id\":\"https:\\\/\\\/www.lraloeverashop.eu\\\/pl\\\/produkt\\\/przeciwzmarszczkowy-krem-na-noc-beauty-diamonds\\\/#primaryimage\"},\"image\":{\"@id\":\"https:\\\/\\\/www.lraloeverashop.eu\\\/pl\\\/produkt\\\/przeciwzmarszczkowy-krem-na-noc-beauty-diamonds\\\/#primaryimage\"},\"thumbnailUrl\":\"https:\\\/\\\/www.lraloeverashop.eu\\\/wp-content\\\/uploads\\\/2022\\\/10\\\/Beauty-Diamonds-Night-Cream.jpg\",\"datePublished\":\"2022-10-20T05:28:09+00:00\",\"description\":\"M\u0142odsza i pi\u0119kniejsza podczas snu. Przeciwzmarszczkowy krem \u200b\u200bna noc Beauty Diamonds pomaga Twojej sk\u00f3rze zredukowa\u0107 widoczne oznaki starzenia w ci\u0105gu nocy.\",\"breadcrumb\":{\"@id\":\"https:\\\/\\\/www.lraloeverashop.eu\\\/pl\\\/produkt\\\/przeciwzmarszczkowy-krem-na-noc-beauty-diamonds\\\/#breadcrumb\"},\"inLanguage\":\"pl-PL\",\"potentialAction\":[{\"@type\":\"ReadAction\",\"target\":[\"https:\\\/\\\/www.lraloeverashop.eu\\\/pl\\\/produkt\\\/przeciwzmarszczkowy-krem-na-noc-beauty-diamonds\\\/\"]}]},{\"@type\":\"ImageObject\",\"inLanguage\":\"pl-PL\",\"@id\":\"https:\\\/\\\/www.lraloeverashop.eu\\\/pl\\\/produkt\\\/przeciwzmarszczkowy-krem-na-noc-beauty-diamonds\\\/#primaryimage\",\"url\":\"https:\\\/\\\/www.lraloeverashop.eu\\\/wp-content\\\/uploads\\\/2022\\\/10\\\/Beauty-Diamonds-Night-Cream.jpg\",\"contentUrl\":\"https:\\\/\\\/www.lraloeverashop.eu\\\/wp-content\\\/uploads\\\/2022\\\/10\\\/Beauty-Diamonds-Night-Cream.jpg\",\"width\":1200,\"height\":1200,\"caption\":\"Beauty Diamonds Krem na noc krem przeciwzmarszczkowy\"},{\"@type\":\"BreadcrumbList\",\"@id\":\"https:\\\/\\\/www.lraloeverashop.eu\\\/pl\\\/produkt\\\/przeciwzmarszczkowy-krem-na-noc-beauty-diamonds\\\/#breadcrumb\",\"itemListElement\":[{\"@type\":\"ListItem\",\"position\":1,\"name\":\"Home\",\"item\":\"https:\\\/\\\/www.lraloeverashop.eu\\\/pl\\\/\"},{\"@type\":\"ListItem\",\"position\":2,\"name\":\"Sklep\",\"item\":\"https:\\\/\\\/www.lraloeverashop.eu\\\/pl\\\/sklep\\\/\"},{\"@type\":\"ListItem\",\"position\":3,\"name\":\"Przeciwzmarszczkowy Krem na Noc Beauty Diamonds\"}]},{\"@type\":\"WebSite\",\"@id\":\"https:\\\/\\\/www.lraloeverashop.eu\\\/pl\\\/#website\",\"url\":\"https:\\\/\\\/www.lraloeverashop.eu\\\/pl\\\/\",\"name\":\"Lr Aloe Vera Shop\",\"description\":\"High Quality Lr Aloe Vera Gel, Aloe Vera Cream and Shampoo\",\"publisher\":{\"@id\":\"https:\\\/\\\/www.lraloeverashop.eu\\\/pl\\\/#organization\"},\"alternateName\":\"LR\",\"potentialAction\":[{\"@type\":\"SearchAction\",\"target\":{\"@type\":\"EntryPoint\",\"urlTemplate\":\"https:\\\/\\\/www.lraloeverashop.eu\\\/pl\\\/?s={search_term_string}\"},\"query-input\":{\"@type\":\"PropertyValueSpecification\",\"valueRequired\":true,\"valueName\":\"search_term_string\"}}],\"inLanguage\":\"pl-PL\"},{\"@type\":\"Organization\",\"@id\":\"https:\\\/\\\/www.lraloeverashop.eu\\\/pl\\\/#organization\",\"name\":\"Sklep Lr Aloe Vera\",\"alternateName\":\"LR\",\"url\":\"https:\\\/\\\/www.lraloeverashop.eu\\\/pl\\\/\",\"logo\":{\"@type\":\"ImageObject\",\"inLanguage\":\"pl-PL\",\"@id\":\"https:\\\/\\\/www.lraloeverashop.eu\\\/pl\\\/#\\\/schema\\\/logo\\\/image\\\/\",\"url\":\"https:\\\/\\\/www.lraloeverashop.eu\\\/wp-content\\\/uploads\\\/2022\\\/09\\\/cropped-Lr-Aloe-Vera-Shop.jpg\",\"contentUrl\":\"https:\\\/\\\/www.lraloeverashop.eu\\\/wp-content\\\/uploads\\\/2022\\\/09\\\/cropped-Lr-Aloe-Vera-Shop.jpg\",\"width\":228,\"height\":76,\"caption\":\"Sklep Lr Aloe Vera\"},\"image\":{\"@id\":\"https:\\\/\\\/www.lraloeverashop.eu\\\/pl\\\/#\\\/schema\\\/logo\\\/image\\\/\"},\"sameAs\":[\"https:\\\/\\\/www.facebook.com\\\/lraloeverashop.eu\",\"https:\\\/\\\/x.com\\\/natur__kosmetik\",\"https:\\\/\\\/www.youtube.com\\\/channel\\\/UC5oN7BJ8nfYb8RpVtjwDEBA\",\"https:\\\/\\\/www.instagram.com\\\/lrbeautyeu\\\/\"],\"description\":\"Sklep LR Aloe Vera to Twoje zaufane \u017ar\u00f3d\u0142o wysokiej jako\u015bci produkt\u00f3w LR Health & Beauty wyprodukowanych w Niemczech. Oferujemy wysokiej jako\u015bci produkty do piel\u0119gnacji sk\u00f3ry, od\u017cywiania i przeciwstarzeniowe z aloesem, stworzone z czystych sk\u0142adnik\u00f3w i poparte badaniami naukowymi. Odkryj naturaln\u0105 piel\u0119gnacj\u0119, kt\u00f3ra regeneruje, chroni i rewitalizuje Twoj\u0105 sk\u00f3r\u0119 \u2014 i korzystaj z ekskluzywnych comiesi\u0119cznych ofert na nasze bestsellerowe produkty LR Aloe Vera.\\nRozpocznij swoj\u0105 naturaln\u0105 piel\u0119gnacj\u0119 sk\u00f3ry ju\u017c dzi\u015b i poczuj r\u00f3\u017cnic\u0119.\",\"email\":\"info@lraloeverashop.eu\",\"telephone\":\"+49 17670609653\",\"legalName\":\"Lr Aloe Vera Shop\",\"foundingDate\":\"2018-04-21\",\"numberOfEmployees\":{\"@type\":\"QuantitativeValue\",\"minValue\":\"1\",\"maxValue\":\"10\"}}]}<\/script>\n<meta property=\"product:price:amount\" content=\"53.79\" \/>\n<meta property=\"product:price:currency\" content=\"EUR\" \/>\n<meta property=\"og:availability\" content=\"instock\" \/>\n<meta property=\"product:availability\" content=\"instock\" \/>\n<meta property=\"product:retailer_item_id\" content=\"28318-101PL\" \/>\n<meta property=\"product:condition\" content=\"new\" \/>\n<!-- \/ Yoast SEO Premium plugin. -->","yoast_head_json":{"title":"Przeciwzmarszczkowy Krem na Noc Beauty Diamonds","description":"M\u0142odsza i pi\u0119kniejsza podczas snu. Przeciwzmarszczkowy krem \u200b\u200bna noc Beauty Diamonds pomaga Twojej sk\u00f3rze zredukowa\u0107 widoczne oznaki starzenia w ci\u0105gu nocy.","robots":{"index":"index","follow":"follow","max-snippet":"max-snippet:-1","max-image-preview":"max-image-preview:large","max-video-preview":"max-video-preview:-1"},"canonical":"https:\/\/www.lraloeverashop.eu\/pl\/produkt\/przeciwzmarszczkowy-krem-na-noc-beauty-diamonds\/","og_locale":"pl_PL","og_type":"article","og_title":"Przeciwzmarszczkowy Krem na Noc Beauty Diamonds","og_description":"M\u0142odsza i pi\u0119kniejsza podczas snu. Przeciwzmarszczkowy krem \u200b\u200bna noc Beauty Diamonds pomaga Twojej sk\u00f3rze zredukowa\u0107 widoczne oznaki starzenia w ci\u0105gu nocy.","og_url":"https:\/\/www.lraloeverashop.eu\/pl\/produkt\/przeciwzmarszczkowy-krem-na-noc-beauty-diamonds\/","og_site_name":"Lr Aloe Vera Shop","article_publisher":"https:\/\/www.facebook.com\/lraloeverashop.eu","og_image":[{"width":1200,"height":1200,"url":"https:\/\/www.lraloeverashop.eu\/wp-content\/uploads\/2022\/10\/Beauty-Diamonds-Night-Cream.jpg","type":"image\/jpeg"}],"twitter_card":"summary_large_image","twitter_site":"@natur__kosmetik","schema":{"@context":"https:\/\/schema.org","@graph":[{"@type":["WebPage","ItemPage"],"@id":"https:\/\/www.lraloeverashop.eu\/pl\/produkt\/przeciwzmarszczkowy-krem-na-noc-beauty-diamonds\/","url":"https:\/\/www.lraloeverashop.eu\/pl\/produkt\/przeciwzmarszczkowy-krem-na-noc-beauty-diamonds\/","name":"Przeciwzmarszczkowy Krem na Noc Beauty Diamonds","isPartOf":{"@id":"https:\/\/www.lraloeverashop.eu\/pl\/#website"},"primaryImageOfPage":{"@id":"https:\/\/www.lraloeverashop.eu\/pl\/produkt\/przeciwzmarszczkowy-krem-na-noc-beauty-diamonds\/#primaryimage"},"image":{"@id":"https:\/\/www.lraloeverashop.eu\/pl\/produkt\/przeciwzmarszczkowy-krem-na-noc-beauty-diamonds\/#primaryimage"},"thumbnailUrl":"https:\/\/www.lraloeverashop.eu\/wp-content\/uploads\/2022\/10\/Beauty-Diamonds-Night-Cream.jpg","datePublished":"2022-10-20T05:28:09+00:00","description":"M\u0142odsza i pi\u0119kniejsza podczas snu. Przeciwzmarszczkowy krem \u200b\u200bna noc Beauty Diamonds pomaga Twojej sk\u00f3rze zredukowa\u0107 widoczne oznaki starzenia w ci\u0105gu nocy.","breadcrumb":{"@id":"https:\/\/www.lraloeverashop.eu\/pl\/produkt\/przeciwzmarszczkowy-krem-na-noc-beauty-diamonds\/#breadcrumb"},"inLanguage":"pl-PL","potentialAction":[{"@type":"ReadAction","target":["https:\/\/www.lraloeverashop.eu\/pl\/produkt\/przeciwzmarszczkowy-krem-na-noc-beauty-diamonds\/"]}]},{"@type":"ImageObject","inLanguage":"pl-PL","@id":"https:\/\/www.lraloeverashop.eu\/pl\/produkt\/przeciwzmarszczkowy-krem-na-noc-beauty-diamonds\/#primaryimage","url":"https:\/\/www.lraloeverashop.eu\/wp-content\/uploads\/2022\/10\/Beauty-Diamonds-Night-Cream.jpg","contentUrl":"https:\/\/www.lraloeverashop.eu\/wp-content\/uploads\/2022\/10\/Beauty-Diamonds-Night-Cream.jpg","width":1200,"height":1200,"caption":"Beauty Diamonds Krem na noc krem przeciwzmarszczkowy"},{"@type":"BreadcrumbList","@id":"https:\/\/www.lraloeverashop.eu\/pl\/produkt\/przeciwzmarszczkowy-krem-na-noc-beauty-diamonds\/#breadcrumb","itemListElement":[{"@type":"ListItem","position":1,"name":"Home","item":"https:\/\/www.lraloeverashop.eu\/pl\/"},{"@type":"ListItem","position":2,"name":"Sklep","item":"https:\/\/www.lraloeverashop.eu\/pl\/sklep\/"},{"@type":"ListItem","position":3,"name":"Przeciwzmarszczkowy Krem na Noc Beauty Diamonds"}]},{"@type":"WebSite","@id":"https:\/\/www.lraloeverashop.eu\/pl\/#website","url":"https:\/\/www.lraloeverashop.eu\/pl\/","name":"Lr Aloe Vera Shop","description":"High Quality Lr Aloe Vera Gel, Aloe Vera Cream and Shampoo","publisher":{"@id":"https:\/\/www.lraloeverashop.eu\/pl\/#organization"},"alternateName":"LR","potentialAction":[{"@type":"SearchAction","target":{"@type":"EntryPoint","urlTemplate":"https:\/\/www.lraloeverashop.eu\/pl\/?s={search_term_string}"},"query-input":{"@type":"PropertyValueSpecification","valueRequired":true,"valueName":"search_term_string"}}],"inLanguage":"pl-PL"},{"@type":"Organization","@id":"https:\/\/www.lraloeverashop.eu\/pl\/#organization","name":"Sklep Lr Aloe Vera","alternateName":"LR","url":"https:\/\/www.lraloeverashop.eu\/pl\/","logo":{"@type":"ImageObject","inLanguage":"pl-PL","@id":"https:\/\/www.lraloeverashop.eu\/pl\/#\/schema\/logo\/image\/","url":"https:\/\/www.lraloeverashop.eu\/wp-content\/uploads\/2022\/09\/cropped-Lr-Aloe-Vera-Shop.jpg","contentUrl":"https:\/\/www.lraloeverashop.eu\/wp-content\/uploads\/2022\/09\/cropped-Lr-Aloe-Vera-Shop.jpg","width":228,"height":76,"caption":"Sklep Lr Aloe Vera"},"image":{"@id":"https:\/\/www.lraloeverashop.eu\/pl\/#\/schema\/logo\/image\/"},"sameAs":["https:\/\/www.facebook.com\/lraloeverashop.eu","https:\/\/x.com\/natur__kosmetik","https:\/\/www.youtube.com\/channel\/UC5oN7BJ8nfYb8RpVtjwDEBA","https:\/\/www.instagram.com\/lrbeautyeu\/"],"description":"Sklep LR Aloe Vera to Twoje zaufane \u017ar\u00f3d\u0142o wysokiej jako\u015bci produkt\u00f3w LR Health & Beauty wyprodukowanych w Niemczech. Oferujemy wysokiej jako\u015bci produkty do piel\u0119gnacji sk\u00f3ry, od\u017cywiania i przeciwstarzeniowe z aloesem, stworzone z czystych sk\u0142adnik\u00f3w i poparte badaniami naukowymi. Odkryj naturaln\u0105 piel\u0119gnacj\u0119, kt\u00f3ra regeneruje, chroni i rewitalizuje Twoj\u0105 sk\u00f3r\u0119 \u2014 i korzystaj z ekskluzywnych comiesi\u0119cznych ofert na nasze bestsellerowe produkty LR Aloe Vera.\nRozpocznij swoj\u0105 naturaln\u0105 piel\u0119gnacj\u0119 sk\u00f3ry ju\u017c dzi\u015b i poczuj r\u00f3\u017cnic\u0119.","email":"info@lraloeverashop.eu","telephone":"+49 17670609653","legalName":"Lr Aloe Vera Shop","foundingDate":"2018-04-21","numberOfEmployees":{"@type":"QuantitativeValue","minValue":"1","maxValue":"10"}}]},"product_price_amount":"53.79","product_price_currency":"EUR","og_availability":"instock","product_availability":"instock","product_retailer_item_id":"28318-101PL","product_condition":"new"},"taxonomy_info":{"product_cat":[{"value":1075,"label":"Beauty Diamonds"},{"value":1071,"label":"Kobiety po 40"},{"value":1069,"label":"Piel\u0119gnacja Anti Age"},{"value":1074,"label":"Produkty Anti Age"}],"product_tag":[{"value":1142,"label":"zmarszczki na twarzy"}]},"featured_image_src_large":["https:\/\/www.lraloeverashop.eu\/wp-content\/uploads\/2022\/10\/Beauty-Diamonds-Night-Cream-1024x1024.jpg",1024,1024,true],"author_info":[],"comment_info":0,"_links":{"self":[{"href":"https:\/\/www.lraloeverashop.eu\/pl\/wp-json\/wp\/v2\/product\/29143","targetHints":{"allow":["GET"]}}],"collection":[{"href":"https:\/\/www.lraloeverashop.eu\/pl\/wp-json\/wp\/v2\/product"}],"about":[{"href":"https:\/\/www.lraloeverashop.eu\/pl\/wp-json\/wp\/v2\/types\/product"}],"replies":[{"embeddable":true,"href":"https:\/\/www.lraloeverashop.eu\/pl\/wp-json\/wp\/v2\/comments?post=29143"}],"wp:featuredmedia":[{"embeddable":true,"href":"https:\/\/www.lraloeverashop.eu\/pl\/wp-json\/wp\/v2\/media\/27069"}],"wp:attachment":[{"href":"https:\/\/www.lraloeverashop.eu\/pl\/wp-json\/wp\/v2\/media?parent=29143"}],"wp:term":[{"taxonomy":"product_brand","embeddable":true,"href":"https:\/\/www.lraloeverashop.eu\/pl\/wp-json\/wp\/v2\/product_brand?post=29143"},{"taxonomy":"product_cat","embeddable":true,"href":"https:\/\/www.lraloeverashop.eu\/pl\/wp-json\/wp\/v2\/product_cat?post=29143"},{"taxonomy":"product_tag","embeddable":true,"href":"https:\/\/www.lraloeverashop.eu\/pl\/wp-json\/wp\/v2\/product_tag?post=29143"}],"curies":[{"name":"wp","href":"https:\/\/api.w.org\/{rel}","templated":true}]}}