{"id":29139,"date":"2022-10-20T10:58:20","date_gmt":"2022-10-20T08:58:20","guid":{"rendered":"https:\/\/www.lraloeverashop.eu\/product\/krem-maska-pod-oczy-beauty-diamonds\/"},"modified":"2022-10-20T10:58:20","modified_gmt":"2022-10-20T08:58:20","slug":"krem-maska-pod-oczy-beauty-diamonds","status":"publish","type":"product","link":"https:\/\/www.lraloeverashop.eu\/pl\/produkt\/krem-maska-pod-oczy-beauty-diamonds\/","title":{"rendered":"Krem &#8211; Maska pod Oczy Beauty Diamonds"},"content":{"rendered":"<h2><span style=\"font-size: 16pt;\"><strong>Krem &#8211; Maska pod Oczy Beauty Diamonds<\/strong><\/span><\/h2>\n<p><span style=\"font-size: 14pt;\"><strong>BKrem &#8211; Maska pod Oczy Beauty Diamonds Redukuje zmarszczki, cienie i opuchlizn\u0119 pod oczami<\/strong><\/span><\/p>\n<p>Dla promiennego, pi\u0119knego spojrzenia! Uj\u0119drniaj\u0105ca i napinaj\u0105ca piel\u0119gnacja okolic oczu z efektem \u201eeye-firming\u201d \u2013 dzi\u0119ki g\u0142ogu i ja\u015bminowi arabskiego \u2013 widocznie zmniejsza zmarszczki wok\u00f3\u0142 oczu.<br \/>\nCa\u0142y obszar oczu wygl\u0105da na bardziej j\u0119drny i wzmocniony, cera jest wyg\u0142adzona, a spojrzenie staje si\u0119 bardziej otwarte \u2013 dla \u015bwie\u017cego i zrelaksowanego wygl\u0105du pe\u0142nego witalno\u015bci.<\/p>\n<p>&nbsp;<\/p>\n<p><strong>Dla kobiet\u2026<\/strong><br \/>\n\u2026 od oko\u0142o 40. roku \u017cycia<br \/>\n\u2026 z such\u0105 i wymagaj\u0105c\u0105 sk\u00f3r\u0105<br \/>\n\u2026 ceni\u0105cych luksusow\u0105 piel\u0119gnacj\u0119<br \/>\n\u2026 pragn\u0105cych wyj\u0105tkowego blasku<br \/>\n\u2026 chc\u0105cych zmniejszy\u0107 zmarszczki<br \/>\n\u2026 d\u0105\u017c\u0105cych do wi\u0119kszej elastyczno\u015bci sk\u00f3ry<\/p>\n<p>Uj\u0119drniaj\u0105cy Krem &#8211; Maska pod Oczy Beauty Diamonds wzmacnia sk\u00f3r\u0119 po 40. roku \u017cycia i widocznie redukuje zmarszczki. W oparciu o w\u0142a\u015bciwo\u015bci diament\u00f3w w po\u0142\u0105czeniu z proteinami spowalnia proces starzenia si\u0119 sk\u00f3ry i wzmacnia jej mechanizmy ochronne. Teraz w ulepszonej formule z innowacyjnym systemem transportu sk\u0142adnik\u00f3w aktywnych oraz kapsu\u0142kowanym sk\u0142adnikiem redukuj\u0105cym zmarszczki i ich g\u0142\u0119boko\u015b\u0107.<\/p>\n<p>Dla maksymalnej skuteczno\u015bci stosuj w po\u0142\u0105czeniu z Zeitgard Pro.<\/p>\n<p>&nbsp;<\/p>\n<h3><span style=\"font-size: 16pt;\"><strong>Jak stosowa\u0107<\/strong><\/span><\/h3>\n<p><strong>KROK 1:<\/strong> Oczy\u015b\u0107 sk\u00f3r\u0119 twarzy wod\u0105 lub u\u017cyj Urz\u0105dzenia do Oczyszczania Twarzy Zeitgard Pro albo Peeling Kawitacyjny Zeitgard Pro.<\/p>\n<p><strong>KROK 2:<\/strong> Na\u0142\u00f3\u017c Krem pod Oczy Beauty Diamonds i wmasuj go d\u0142o\u0144mi lub za pomoc\u0105 \u017belazka do Twarzy na Zmarszczki Zeitgard Pro. Traktuj lew\u0105 i praw\u0105 stron\u0119 twarzy oraz czo\u0142o przez 30 sekund ka\u017cd\u0105. Prowad\u017a urz\u0105dzenie okr\u0119\u017cnymi ruchami \u2013 od wewn\u0105trz na zewn\u0105trz oraz od do\u0142u ku g\u00f3rze.<\/p>\n","protected":false},"excerpt":{"rendered":"<ul>\n<li>Uj\u0119drniaj\u0105cy krem \u200b\u200bpod oczy z efektem &#8220;Eye firming effect&#8221;<\/li>\n<li>Wzmacnia kontur oczu dzi\u0119ki g\u0142ogowi i ja\u015bminowi arabskiemu oraz redukuje opadanie powiek<\/li>\n<li>Okolice oczu wydaj\u0105 si\u0119 j\u0119drniejsze<\/li>\n<li>Z innowacyjnym systemem transportu substancji aktywnych<\/li>\n<li>Zalecane do stosowania z urz\u0105dzeniem Zeitgard Pro<\/li>\n<li>Zawarto\u015b\u0107: 30 ml<\/li>\n<\/ul>\n<p>&nbsp;<\/p>\n","protected":false},"featured_media":27070,"comment_status":"open","ping_status":"closed","template":"","meta":{"_kad_blocks_custom_css":"","_kad_blocks_head_custom_js":"","_kad_blocks_body_custom_js":"","_kad_blocks_footer_custom_js":"","_kadence_starter_templates_imported_post":false,"_kad_post_transparent":"default","_kad_post_title":"","_kad_post_layout":"default","_kad_post_sidebar_id":"","_kad_post_content_style":"default","_kad_post_vertical_padding":"default","_kad_post_feature":"","_kad_post_feature_position":"","_kad_post_header":false,"_kad_post_footer":false,"_kad_post_classname":""},"product_brand":[],"product_cat":[1075,1071,1090,1069,1074],"product_tag":[1143],"class_list":{"0":"post-29139","1":"product","2":"type-product","3":"status-publish","4":"has-post-thumbnail","6":"product_cat-beauty-diamonds-pl","7":"product_cat-kobiety-po-40","8":"product_cat-oferty","9":"product_cat-pielegnacja-anti-age","10":"product_cat-produkty-anti-age","11":"product_tag-zmarszczki-pod-oczami","13":"first","14":"instock","15":"sale","16":"taxable","17":"shipping-taxable","18":"purchasable","19":"product-type-simple","20":"entry","21":"content-bg","22":"loop-entry"},"yoast_head":"<!-- This site is optimized with the Yoast SEO Premium plugin v27.5 (Yoast SEO v27.5) - https:\/\/yoast.com\/product\/yoast-seo-premium-wordpress\/ -->\n<title>Krem - Maska pod Oczy Beauty Diamonds redukuj\u0105 zmarszczki pod oczami<\/title>\n<meta name=\"description\" content=\"Krem - Maska pod Oczy Beauty Diamonds redukuje zmarszczki, cienie i worki pod oczami. Wzmacnia kontur oczu ja\u015bminem arabskim\" \/>\n<meta name=\"robots\" content=\"index, follow, max-snippet:-1, max-image-preview:large, max-video-preview:-1\" \/>\n<link rel=\"canonical\" href=\"https:\/\/www.lraloeverashop.eu\/pl\/produkt\/krem-maska-pod-oczy-beauty-diamonds\/\" \/>\n<meta property=\"og:locale\" content=\"pl_PL\" \/>\n<meta property=\"og:type\" content=\"article\" \/>\n<meta property=\"og:title\" content=\"Krem - Maska pod Oczy Beauty Diamonds\" \/>\n<meta property=\"og:description\" content=\"Krem - Maska pod Oczy Beauty Diamonds redukuje zmarszczki, cienie i worki pod oczami. Wzmacnia kontur oczu ja\u015bminem arabskim\" \/>\n<meta property=\"og:url\" content=\"https:\/\/www.lraloeverashop.eu\/pl\/produkt\/krem-maska-pod-oczy-beauty-diamonds\/\" \/>\n<meta property=\"og:site_name\" content=\"Lr Aloe Vera Shop\" \/>\n<meta property=\"article:publisher\" content=\"https:\/\/www.facebook.com\/lraloeverashop.eu\" \/>\n<meta property=\"og:image\" content=\"https:\/\/www.lraloeverashop.eu\/wp-content\/uploads\/2022\/10\/Beauty-Diamonds-Eye-Cream-and-Mask.jpg\" \/>\n\t<meta property=\"og:image:width\" content=\"1200\" \/>\n\t<meta property=\"og:image:height\" content=\"1200\" \/>\n\t<meta property=\"og:image:type\" content=\"image\/jpeg\" \/>\n<meta name=\"twitter:card\" content=\"summary_large_image\" \/>\n<meta name=\"twitter:site\" content=\"@natur__kosmetik\" \/>\n<script type=\"application\/ld+json\" class=\"yoast-schema-graph\">{\"@context\":\"https:\\\/\\\/schema.org\",\"@graph\":[{\"@type\":[\"WebPage\",\"ItemPage\"],\"@id\":\"https:\\\/\\\/www.lraloeverashop.eu\\\/pl\\\/produkt\\\/krem-maska-pod-oczy-beauty-diamonds\\\/\",\"url\":\"https:\\\/\\\/www.lraloeverashop.eu\\\/pl\\\/produkt\\\/krem-maska-pod-oczy-beauty-diamonds\\\/\",\"name\":\"Krem - Maska pod Oczy Beauty Diamonds redukuj\u0105 zmarszczki pod oczami\",\"isPartOf\":{\"@id\":\"https:\\\/\\\/www.lraloeverashop.eu\\\/pl\\\/#website\"},\"primaryImageOfPage\":{\"@id\":\"https:\\\/\\\/www.lraloeverashop.eu\\\/pl\\\/produkt\\\/krem-maska-pod-oczy-beauty-diamonds\\\/#primaryimage\"},\"image\":{\"@id\":\"https:\\\/\\\/www.lraloeverashop.eu\\\/pl\\\/produkt\\\/krem-maska-pod-oczy-beauty-diamonds\\\/#primaryimage\"},\"thumbnailUrl\":\"https:\\\/\\\/www.lraloeverashop.eu\\\/wp-content\\\/uploads\\\/2022\\\/10\\\/Beauty-Diamonds-Eye-Cream-and-Mask.jpg\",\"datePublished\":\"2022-10-20T08:58:20+00:00\",\"description\":\"Krem - Maska pod Oczy Beauty Diamonds redukuje zmarszczki, cienie i worki pod oczami. Wzmacnia kontur oczu ja\u015bminem arabskim\",\"breadcrumb\":{\"@id\":\"https:\\\/\\\/www.lraloeverashop.eu\\\/pl\\\/produkt\\\/krem-maska-pod-oczy-beauty-diamonds\\\/#breadcrumb\"},\"inLanguage\":\"pl-PL\",\"potentialAction\":[{\"@type\":\"ReadAction\",\"target\":[\"https:\\\/\\\/www.lraloeverashop.eu\\\/pl\\\/produkt\\\/krem-maska-pod-oczy-beauty-diamonds\\\/\"]}]},{\"@type\":\"ImageObject\",\"inLanguage\":\"pl-PL\",\"@id\":\"https:\\\/\\\/www.lraloeverashop.eu\\\/pl\\\/produkt\\\/krem-maska-pod-oczy-beauty-diamonds\\\/#primaryimage\",\"url\":\"https:\\\/\\\/www.lraloeverashop.eu\\\/wp-content\\\/uploads\\\/2022\\\/10\\\/Beauty-Diamonds-Eye-Cream-and-Mask.jpg\",\"contentUrl\":\"https:\\\/\\\/www.lraloeverashop.eu\\\/wp-content\\\/uploads\\\/2022\\\/10\\\/Beauty-Diamonds-Eye-Cream-and-Mask.jpg\",\"width\":1200,\"height\":1200,\"caption\":\"Beauty Diamonds Krem i maska pod oczy\"},{\"@type\":\"BreadcrumbList\",\"@id\":\"https:\\\/\\\/www.lraloeverashop.eu\\\/pl\\\/produkt\\\/krem-maska-pod-oczy-beauty-diamonds\\\/#breadcrumb\",\"itemListElement\":[{\"@type\":\"ListItem\",\"position\":1,\"name\":\"Home\",\"item\":\"https:\\\/\\\/www.lraloeverashop.eu\\\/pl\\\/\"},{\"@type\":\"ListItem\",\"position\":2,\"name\":\"Sklep\",\"item\":\"https:\\\/\\\/www.lraloeverashop.eu\\\/pl\\\/sklep\\\/\"},{\"@type\":\"ListItem\",\"position\":3,\"name\":\"Krem &#8211; Maska pod Oczy Beauty Diamonds\"}]},{\"@type\":\"WebSite\",\"@id\":\"https:\\\/\\\/www.lraloeverashop.eu\\\/pl\\\/#website\",\"url\":\"https:\\\/\\\/www.lraloeverashop.eu\\\/pl\\\/\",\"name\":\"Lr Aloe Vera Shop\",\"description\":\"High Quality Lr Aloe Vera Gel, Aloe Vera Cream and Shampoo\",\"publisher\":{\"@id\":\"https:\\\/\\\/www.lraloeverashop.eu\\\/pl\\\/#organization\"},\"alternateName\":\"LR\",\"potentialAction\":[{\"@type\":\"SearchAction\",\"target\":{\"@type\":\"EntryPoint\",\"urlTemplate\":\"https:\\\/\\\/www.lraloeverashop.eu\\\/pl\\\/?s={search_term_string}\"},\"query-input\":{\"@type\":\"PropertyValueSpecification\",\"valueRequired\":true,\"valueName\":\"search_term_string\"}}],\"inLanguage\":\"pl-PL\"},{\"@type\":\"Organization\",\"@id\":\"https:\\\/\\\/www.lraloeverashop.eu\\\/pl\\\/#organization\",\"name\":\"Sklep Lr Aloe Vera\",\"alternateName\":\"LR\",\"url\":\"https:\\\/\\\/www.lraloeverashop.eu\\\/pl\\\/\",\"logo\":{\"@type\":\"ImageObject\",\"inLanguage\":\"pl-PL\",\"@id\":\"https:\\\/\\\/www.lraloeverashop.eu\\\/pl\\\/#\\\/schema\\\/logo\\\/image\\\/\",\"url\":\"https:\\\/\\\/www.lraloeverashop.eu\\\/wp-content\\\/uploads\\\/2022\\\/09\\\/cropped-Lr-Aloe-Vera-Shop.jpg\",\"contentUrl\":\"https:\\\/\\\/www.lraloeverashop.eu\\\/wp-content\\\/uploads\\\/2022\\\/09\\\/cropped-Lr-Aloe-Vera-Shop.jpg\",\"width\":228,\"height\":76,\"caption\":\"Sklep Lr Aloe Vera\"},\"image\":{\"@id\":\"https:\\\/\\\/www.lraloeverashop.eu\\\/pl\\\/#\\\/schema\\\/logo\\\/image\\\/\"},\"sameAs\":[\"https:\\\/\\\/www.facebook.com\\\/lraloeverashop.eu\",\"https:\\\/\\\/x.com\\\/natur__kosmetik\",\"https:\\\/\\\/www.youtube.com\\\/channel\\\/UC5oN7BJ8nfYb8RpVtjwDEBA\",\"https:\\\/\\\/www.instagram.com\\\/lrbeautyeu\\\/\"],\"description\":\"Sklep LR Aloe Vera to Twoje zaufane \u017ar\u00f3d\u0142o wysokiej jako\u015bci produkt\u00f3w LR Health & Beauty wyprodukowanych w Niemczech. Oferujemy wysokiej jako\u015bci produkty do piel\u0119gnacji sk\u00f3ry, od\u017cywiania i przeciwstarzeniowe z aloesem, stworzone z czystych sk\u0142adnik\u00f3w i poparte badaniami naukowymi. Odkryj naturaln\u0105 piel\u0119gnacj\u0119, kt\u00f3ra regeneruje, chroni i rewitalizuje Twoj\u0105 sk\u00f3r\u0119 \u2014 i korzystaj z ekskluzywnych comiesi\u0119cznych ofert na nasze bestsellerowe produkty LR Aloe Vera.\\nRozpocznij swoj\u0105 naturaln\u0105 piel\u0119gnacj\u0119 sk\u00f3ry ju\u017c dzi\u015b i poczuj r\u00f3\u017cnic\u0119.\",\"email\":\"info@lraloeverashop.eu\",\"telephone\":\"+49 17670609653\",\"legalName\":\"Lr Aloe Vera Shop\",\"foundingDate\":\"2018-04-21\",\"numberOfEmployees\":{\"@type\":\"QuantitativeValue\",\"minValue\":\"1\",\"maxValue\":\"10\"}}]}<\/script>\n<meta property=\"product:price:amount\" content=\"36.99\" \/>\n<meta property=\"product:price:currency\" content=\"EUR\" \/>\n<meta property=\"og:availability\" content=\"instock\" \/>\n<meta property=\"product:availability\" content=\"instock\" \/>\n<meta property=\"product:retailer_item_id\" content=\"28319-101PL\" \/>\n<meta property=\"product:condition\" content=\"new\" \/>\n<!-- \/ Yoast SEO Premium plugin. -->","yoast_head_json":{"title":"Krem - Maska pod Oczy Beauty Diamonds redukuj\u0105 zmarszczki pod oczami","description":"Krem - Maska pod Oczy Beauty Diamonds redukuje zmarszczki, cienie i worki pod oczami. Wzmacnia kontur oczu ja\u015bminem arabskim","robots":{"index":"index","follow":"follow","max-snippet":"max-snippet:-1","max-image-preview":"max-image-preview:large","max-video-preview":"max-video-preview:-1"},"canonical":"https:\/\/www.lraloeverashop.eu\/pl\/produkt\/krem-maska-pod-oczy-beauty-diamonds\/","og_locale":"pl_PL","og_type":"article","og_title":"Krem - Maska pod Oczy Beauty Diamonds","og_description":"Krem - Maska pod Oczy Beauty Diamonds redukuje zmarszczki, cienie i worki pod oczami. Wzmacnia kontur oczu ja\u015bminem arabskim","og_url":"https:\/\/www.lraloeverashop.eu\/pl\/produkt\/krem-maska-pod-oczy-beauty-diamonds\/","og_site_name":"Lr Aloe Vera Shop","article_publisher":"https:\/\/www.facebook.com\/lraloeverashop.eu","og_image":[{"width":1200,"height":1200,"url":"https:\/\/www.lraloeverashop.eu\/wp-content\/uploads\/2022\/10\/Beauty-Diamonds-Eye-Cream-and-Mask.jpg","type":"image\/jpeg"}],"twitter_card":"summary_large_image","twitter_site":"@natur__kosmetik","schema":{"@context":"https:\/\/schema.org","@graph":[{"@type":["WebPage","ItemPage"],"@id":"https:\/\/www.lraloeverashop.eu\/pl\/produkt\/krem-maska-pod-oczy-beauty-diamonds\/","url":"https:\/\/www.lraloeverashop.eu\/pl\/produkt\/krem-maska-pod-oczy-beauty-diamonds\/","name":"Krem - Maska pod Oczy Beauty Diamonds redukuj\u0105 zmarszczki pod oczami","isPartOf":{"@id":"https:\/\/www.lraloeverashop.eu\/pl\/#website"},"primaryImageOfPage":{"@id":"https:\/\/www.lraloeverashop.eu\/pl\/produkt\/krem-maska-pod-oczy-beauty-diamonds\/#primaryimage"},"image":{"@id":"https:\/\/www.lraloeverashop.eu\/pl\/produkt\/krem-maska-pod-oczy-beauty-diamonds\/#primaryimage"},"thumbnailUrl":"https:\/\/www.lraloeverashop.eu\/wp-content\/uploads\/2022\/10\/Beauty-Diamonds-Eye-Cream-and-Mask.jpg","datePublished":"2022-10-20T08:58:20+00:00","description":"Krem - Maska pod Oczy Beauty Diamonds redukuje zmarszczki, cienie i worki pod oczami. Wzmacnia kontur oczu ja\u015bminem arabskim","breadcrumb":{"@id":"https:\/\/www.lraloeverashop.eu\/pl\/produkt\/krem-maska-pod-oczy-beauty-diamonds\/#breadcrumb"},"inLanguage":"pl-PL","potentialAction":[{"@type":"ReadAction","target":["https:\/\/www.lraloeverashop.eu\/pl\/produkt\/krem-maska-pod-oczy-beauty-diamonds\/"]}]},{"@type":"ImageObject","inLanguage":"pl-PL","@id":"https:\/\/www.lraloeverashop.eu\/pl\/produkt\/krem-maska-pod-oczy-beauty-diamonds\/#primaryimage","url":"https:\/\/www.lraloeverashop.eu\/wp-content\/uploads\/2022\/10\/Beauty-Diamonds-Eye-Cream-and-Mask.jpg","contentUrl":"https:\/\/www.lraloeverashop.eu\/wp-content\/uploads\/2022\/10\/Beauty-Diamonds-Eye-Cream-and-Mask.jpg","width":1200,"height":1200,"caption":"Beauty Diamonds Krem i maska pod oczy"},{"@type":"BreadcrumbList","@id":"https:\/\/www.lraloeverashop.eu\/pl\/produkt\/krem-maska-pod-oczy-beauty-diamonds\/#breadcrumb","itemListElement":[{"@type":"ListItem","position":1,"name":"Home","item":"https:\/\/www.lraloeverashop.eu\/pl\/"},{"@type":"ListItem","position":2,"name":"Sklep","item":"https:\/\/www.lraloeverashop.eu\/pl\/sklep\/"},{"@type":"ListItem","position":3,"name":"Krem &#8211; Maska pod Oczy Beauty Diamonds"}]},{"@type":"WebSite","@id":"https:\/\/www.lraloeverashop.eu\/pl\/#website","url":"https:\/\/www.lraloeverashop.eu\/pl\/","name":"Lr Aloe Vera Shop","description":"High Quality Lr Aloe Vera Gel, Aloe Vera Cream and Shampoo","publisher":{"@id":"https:\/\/www.lraloeverashop.eu\/pl\/#organization"},"alternateName":"LR","potentialAction":[{"@type":"SearchAction","target":{"@type":"EntryPoint","urlTemplate":"https:\/\/www.lraloeverashop.eu\/pl\/?s={search_term_string}"},"query-input":{"@type":"PropertyValueSpecification","valueRequired":true,"valueName":"search_term_string"}}],"inLanguage":"pl-PL"},{"@type":"Organization","@id":"https:\/\/www.lraloeverashop.eu\/pl\/#organization","name":"Sklep Lr Aloe Vera","alternateName":"LR","url":"https:\/\/www.lraloeverashop.eu\/pl\/","logo":{"@type":"ImageObject","inLanguage":"pl-PL","@id":"https:\/\/www.lraloeverashop.eu\/pl\/#\/schema\/logo\/image\/","url":"https:\/\/www.lraloeverashop.eu\/wp-content\/uploads\/2022\/09\/cropped-Lr-Aloe-Vera-Shop.jpg","contentUrl":"https:\/\/www.lraloeverashop.eu\/wp-content\/uploads\/2022\/09\/cropped-Lr-Aloe-Vera-Shop.jpg","width":228,"height":76,"caption":"Sklep Lr Aloe Vera"},"image":{"@id":"https:\/\/www.lraloeverashop.eu\/pl\/#\/schema\/logo\/image\/"},"sameAs":["https:\/\/www.facebook.com\/lraloeverashop.eu","https:\/\/x.com\/natur__kosmetik","https:\/\/www.youtube.com\/channel\/UC5oN7BJ8nfYb8RpVtjwDEBA","https:\/\/www.instagram.com\/lrbeautyeu\/"],"description":"Sklep LR Aloe Vera to Twoje zaufane \u017ar\u00f3d\u0142o wysokiej jako\u015bci produkt\u00f3w LR Health & Beauty wyprodukowanych w Niemczech. Oferujemy wysokiej jako\u015bci produkty do piel\u0119gnacji sk\u00f3ry, od\u017cywiania i przeciwstarzeniowe z aloesem, stworzone z czystych sk\u0142adnik\u00f3w i poparte badaniami naukowymi. Odkryj naturaln\u0105 piel\u0119gnacj\u0119, kt\u00f3ra regeneruje, chroni i rewitalizuje Twoj\u0105 sk\u00f3r\u0119 \u2014 i korzystaj z ekskluzywnych comiesi\u0119cznych ofert na nasze bestsellerowe produkty LR Aloe Vera.\nRozpocznij swoj\u0105 naturaln\u0105 piel\u0119gnacj\u0119 sk\u00f3ry ju\u017c dzi\u015b i poczuj r\u00f3\u017cnic\u0119.","email":"info@lraloeverashop.eu","telephone":"+49 17670609653","legalName":"Lr Aloe Vera Shop","foundingDate":"2018-04-21","numberOfEmployees":{"@type":"QuantitativeValue","minValue":"1","maxValue":"10"}}]},"product_price_amount":"36.99","product_price_currency":"EUR","og_availability":"instock","product_availability":"instock","product_retailer_item_id":"28319-101PL","product_condition":"new"},"taxonomy_info":{"product_cat":[{"value":1075,"label":"Beauty Diamonds"},{"value":1071,"label":"Kobiety po 40"},{"value":1090,"label":"Oferty"},{"value":1069,"label":"Piel\u0119gnacja Anti Age"},{"value":1074,"label":"Produkty Anti Age"}],"product_tag":[{"value":1143,"label":"zmarszczki pod oczami"}]},"featured_image_src_large":["https:\/\/www.lraloeverashop.eu\/wp-content\/uploads\/2022\/10\/Beauty-Diamonds-Eye-Cream-and-Mask-1024x1024.jpg",1024,1024,true],"author_info":[],"comment_info":0,"_links":{"self":[{"href":"https:\/\/www.lraloeverashop.eu\/pl\/wp-json\/wp\/v2\/product\/29139","targetHints":{"allow":["GET"]}}],"collection":[{"href":"https:\/\/www.lraloeverashop.eu\/pl\/wp-json\/wp\/v2\/product"}],"about":[{"href":"https:\/\/www.lraloeverashop.eu\/pl\/wp-json\/wp\/v2\/types\/product"}],"replies":[{"embeddable":true,"href":"https:\/\/www.lraloeverashop.eu\/pl\/wp-json\/wp\/v2\/comments?post=29139"}],"wp:featuredmedia":[{"embeddable":true,"href":"https:\/\/www.lraloeverashop.eu\/pl\/wp-json\/wp\/v2\/media\/27070"}],"wp:attachment":[{"href":"https:\/\/www.lraloeverashop.eu\/pl\/wp-json\/wp\/v2\/media?parent=29139"}],"wp:term":[{"taxonomy":"product_brand","embeddable":true,"href":"https:\/\/www.lraloeverashop.eu\/pl\/wp-json\/wp\/v2\/product_brand?post=29139"},{"taxonomy":"product_cat","embeddable":true,"href":"https:\/\/www.lraloeverashop.eu\/pl\/wp-json\/wp\/v2\/product_cat?post=29139"},{"taxonomy":"product_tag","embeddable":true,"href":"https:\/\/www.lraloeverashop.eu\/pl\/wp-json\/wp\/v2\/product_tag?post=29139"}],"curies":[{"name":"wp","href":"https:\/\/api.w.org\/{rel}","templated":true}]}}