{"id":29135,"date":"2022-12-03T17:19:21","date_gmt":"2022-12-03T16:19:21","guid":{"rendered":"https:\/\/www.lraloeverashop.eu\/product\/aloe-vera-odzywczy-krem-na-dzien\/"},"modified":"2026-04-29T20:56:27","modified_gmt":"2026-04-29T18:56:27","slug":"aloe-vera-odzywczy-krem-na-dzien","status":"publish","type":"product","link":"https:\/\/www.lraloeverashop.eu\/pl\/produkt\/aloe-vera-odzywczy-krem-na-dzien\/","title":{"rendered":"Aloe Vera Od\u017cywczy Krem na Dzie\u0144"},"content":{"rendered":"<h2><span style=\"font-size: 16pt; color: #000000;\"><strong>Aloe Vera Od\u017cywczy Krem na Dzie\u0144 &#8211; Intensywna ochrona z aloesem i olejem arganowym<\/strong><\/span><\/h2>\n<p><span style=\"font-size: 14pt;\"><strong>Aloe Vera Od\u017cywczy Krem na Dzie\u0144 &#8211; Intensive protection with aloe vera and argan oil<\/strong><\/span><\/p>\n<p>Nasza delikatna sk\u00f3ra twarzy jest codziennie nara\u017cona na wiele czynnik\u00f3w, takich jak promienie s\u0142oneczne, zimno, wiatr itp., kt\u00f3re cz\u0119sto powoduj\u0105 podra\u017cnienia lub odwodnienie. Od\u017cywczy Krem na Dzie\u0144 piel\u0119gnuje i chroni sk\u00f3r\u0119 swoj\u0105 delikatn\u0105 formu\u0142\u0105, zapewniaj\u0105c maksymalne nawil\u017cenie i najwy\u017cszej jako\u015bci sk\u0142adniki.<\/p>\n<p>Krem na dzie\u0144 zapewnia \u015bwie\u017co\u015b\u0107, nawil\u017cenie i intensywn\u0105 piel\u0119gnacj\u0119 dzi\u0119ki najlepszym <a href=\"https:\/\/www.lraloeverashop.eu\/pl\/produkt\/extra-odzywczy-krem-do-rak\/\"><strong>naturalnym sk\u0142adnikom<\/strong><\/a>. Czysty \u017cel aloe vera, naturalne ekstrakty ro\u015blinne, wysokiej jako\u015bci oleje oraz bogata, delikatnie pachn\u0105ca konsystencja tworz\u0105 codzienny rytua\u0142 piel\u0119gnacyjny.<\/p>\n<p>&nbsp;<\/p>\n<h3><span style=\"font-size: 16pt;\"><strong>Jak stosowa\u0107<\/strong><\/span><\/h3>\n<p>Nak\u0142adaj ka\u017cdego ranka <a href=\"https:\/\/www.lraloeverashop.eu\/pl\/produkt\/zestaw-do-oczyszczania-twarzy-z-aloesem\/\"><strong>na oczyszczon\u0105 sk\u00f3r\u0119 twarzy<\/strong><\/a>, szyi i dekoltu.<\/p>\n<p>Naturalne sk\u0142adniki w zestawie. Olej arganowy jest bogaty w antyoksydanty, witamin\u0119 E i niezb\u0119dne kwasy t\u0142uszczowe. Dzi\u0119ki temu olej arganowy jest naturalnym sk\u0142adnikiem, kt\u00f3ry jednocze\u015bnie chroni i od\u017cywia sk\u00f3r\u0119.<\/p>\n","protected":false},"excerpt":{"rendered":"<ul>\n<li><strong><span style=\"color: #ff0000;\">Oferta limitowana<\/span><\/strong><\/li>\n<li>Extra bogaty krem \u200b\u200bna dzie\u0144 do szorstkiej sk\u00f3ry<\/li>\n<li>Z 50% aloesem i olejkiem arganowym<\/li>\n<li>Odpowiedni do ka\u017cdego rodzaju sk\u00f3ry, idealny jako baza pod makija\u017c<\/li>\n<li>Zapewnia intensywne nawil\u017cenie i regeneruje such\u0105, szorstk\u0105 sk\u00f3r\u0119<\/li>\n<li>Zawarto\u015b\u0107: 50 ml<\/li>\n<\/ul>\n<p>&nbsp;<\/p>\n","protected":false},"featured_media":27032,"comment_status":"open","ping_status":"closed","template":"","meta":{"_kad_blocks_custom_css":"","_kad_blocks_head_custom_js":"","_kad_blocks_body_custom_js":"","_kad_blocks_footer_custom_js":"","_kadence_starter_templates_imported_post":false,"_kad_post_transparent":"default","_kad_post_title":"","_kad_post_layout":"default","_kad_post_sidebar_id":"","_kad_post_content_style":"default","_kad_post_vertical_padding":"default","_kad_post_feature":"","_kad_post_feature_position":"","_kad_post_header":false,"_kad_post_footer":false,"_kad_post_classname":""},"product_brand":[],"product_cat":[1059,1090,1063],"product_tag":[1127],"class_list":{"0":"post-29135","1":"product","2":"type-product","3":"status-publish","4":"has-post-thumbnail","6":"product_cat-aloe-vera-pl","7":"product_cat-oferty","8":"product_cat-pielegnacja-twarzy","9":"product_tag-sucha-twarz","11":"first","12":"outofstock","13":"sale","14":"taxable","15":"shipping-taxable","16":"purchasable","17":"product-type-simple","18":"entry","19":"content-bg","20":"loop-entry"},"yoast_head":"<!-- This site is optimized with the Yoast SEO Premium plugin v27.5 (Yoast SEO v27.5) - https:\/\/yoast.com\/product\/yoast-seo-premium-wordpress\/ -->\n<title>Aloe Vera Od\u017cywczy Krem na Dzie\u0144 regeneruje such\u0105 sk\u00f3r\u0119<\/title>\n<meta name=\"description\" content=\"Aloe Vera Od\u017cywczy Krem na Dzie\u0144 z 50% aloesem nawil\u017ca i regeneruje such\u0105 sk\u00f3r\u0119 twarzy. Z od\u017cywczym olejkiem arganowym i organicznym ekstraktem z oliwek\" \/>\n<meta name=\"robots\" content=\"index, follow, max-snippet:-1, max-image-preview:large, max-video-preview:-1\" \/>\n<link rel=\"canonical\" href=\"https:\/\/www.lraloeverashop.eu\/pl\/produkt\/aloe-vera-odzywczy-krem-na-dzien\/\" \/>\n<meta property=\"og:locale\" content=\"pl_PL\" \/>\n<meta property=\"og:type\" content=\"article\" \/>\n<meta property=\"og:title\" content=\"Aloe Vera Od\u017cywczy Krem na Dzie\u0144\" \/>\n<meta property=\"og:description\" content=\"Aloe Vera Od\u017cywczy Krem na Dzie\u0144 z 50% aloesem nawil\u017ca i regeneruje such\u0105 sk\u00f3r\u0119 twarzy. Z od\u017cywczym olejkiem arganowym i organicznym ekstraktem z oliwek\" \/>\n<meta property=\"og:url\" content=\"https:\/\/www.lraloeverashop.eu\/pl\/produkt\/aloe-vera-odzywczy-krem-na-dzien\/\" \/>\n<meta property=\"og:site_name\" content=\"Lr Aloe Vera Shop\" \/>\n<meta property=\"article:publisher\" content=\"https:\/\/www.facebook.com\/lraloeverashop.eu\" \/>\n<meta property=\"article:modified_time\" content=\"2026-04-29T18:56:27+00:00\" \/>\n<meta property=\"og:image\" content=\"https:\/\/www.lraloeverashop.eu\/wp-content\/uploads\/2022\/12\/Aloe-Vera-Extra-Rich-Day-Cream.jpg\" \/>\n\t<meta property=\"og:image:width\" content=\"1200\" \/>\n\t<meta property=\"og:image:height\" content=\"1200\" \/>\n\t<meta property=\"og:image:type\" content=\"image\/jpeg\" \/>\n<meta name=\"twitter:card\" content=\"summary_large_image\" \/>\n<meta name=\"twitter:site\" content=\"@natur__kosmetik\" \/>\n<script type=\"application\/ld+json\" class=\"yoast-schema-graph\">{\"@context\":\"https:\\\/\\\/schema.org\",\"@graph\":[{\"@type\":[\"WebPage\",\"ItemPage\"],\"@id\":\"https:\\\/\\\/www.lraloeverashop.eu\\\/pl\\\/produkt\\\/aloe-vera-odzywczy-krem-na-dzien\\\/\",\"url\":\"https:\\\/\\\/www.lraloeverashop.eu\\\/pl\\\/produkt\\\/aloe-vera-odzywczy-krem-na-dzien\\\/\",\"name\":\"Aloe Vera Od\u017cywczy Krem na Dzie\u0144 regeneruje such\u0105 sk\u00f3r\u0119\",\"isPartOf\":{\"@id\":\"https:\\\/\\\/www.lraloeverashop.eu\\\/pl\\\/#website\"},\"primaryImageOfPage\":{\"@id\":\"https:\\\/\\\/www.lraloeverashop.eu\\\/pl\\\/produkt\\\/aloe-vera-odzywczy-krem-na-dzien\\\/#primaryimage\"},\"image\":{\"@id\":\"https:\\\/\\\/www.lraloeverashop.eu\\\/pl\\\/produkt\\\/aloe-vera-odzywczy-krem-na-dzien\\\/#primaryimage\"},\"thumbnailUrl\":\"https:\\\/\\\/www.lraloeverashop.eu\\\/wp-content\\\/uploads\\\/2022\\\/12\\\/Aloe-Vera-Extra-Rich-Day-Cream.jpg\",\"datePublished\":\"2022-12-03T16:19:21+00:00\",\"dateModified\":\"2026-04-29T18:56:27+00:00\",\"description\":\"Aloe Vera Od\u017cywczy Krem na Dzie\u0144 z 50% aloesem nawil\u017ca i regeneruje such\u0105 sk\u00f3r\u0119 twarzy. Z od\u017cywczym olejkiem arganowym i organicznym ekstraktem z oliwek\",\"breadcrumb\":{\"@id\":\"https:\\\/\\\/www.lraloeverashop.eu\\\/pl\\\/produkt\\\/aloe-vera-odzywczy-krem-na-dzien\\\/#breadcrumb\"},\"inLanguage\":\"pl-PL\",\"potentialAction\":[{\"@type\":\"ReadAction\",\"target\":[\"https:\\\/\\\/www.lraloeverashop.eu\\\/pl\\\/produkt\\\/aloe-vera-odzywczy-krem-na-dzien\\\/\"]}]},{\"@type\":\"ImageObject\",\"inLanguage\":\"pl-PL\",\"@id\":\"https:\\\/\\\/www.lraloeverashop.eu\\\/pl\\\/produkt\\\/aloe-vera-odzywczy-krem-na-dzien\\\/#primaryimage\",\"url\":\"https:\\\/\\\/www.lraloeverashop.eu\\\/wp-content\\\/uploads\\\/2022\\\/12\\\/Aloe-Vera-Extra-Rich-Day-Cream.jpg\",\"contentUrl\":\"https:\\\/\\\/www.lraloeverashop.eu\\\/wp-content\\\/uploads\\\/2022\\\/12\\\/Aloe-Vera-Extra-Rich-Day-Cream.jpg\",\"width\":1200,\"height\":1200,\"caption\":\"Aloe Vera krem na dzie\u0144 Bardzo bogaty\"},{\"@type\":\"BreadcrumbList\",\"@id\":\"https:\\\/\\\/www.lraloeverashop.eu\\\/pl\\\/produkt\\\/aloe-vera-odzywczy-krem-na-dzien\\\/#breadcrumb\",\"itemListElement\":[{\"@type\":\"ListItem\",\"position\":1,\"name\":\"Home\",\"item\":\"https:\\\/\\\/www.lraloeverashop.eu\\\/pl\\\/\"},{\"@type\":\"ListItem\",\"position\":2,\"name\":\"Sklep\",\"item\":\"https:\\\/\\\/www.lraloeverashop.eu\\\/pl\\\/sklep\\\/\"},{\"@type\":\"ListItem\",\"position\":3,\"name\":\"Aloe Vera Od\u017cywczy Krem na Dzie\u0144\"}]},{\"@type\":\"WebSite\",\"@id\":\"https:\\\/\\\/www.lraloeverashop.eu\\\/pl\\\/#website\",\"url\":\"https:\\\/\\\/www.lraloeverashop.eu\\\/pl\\\/\",\"name\":\"Lr Aloe Vera Shop\",\"description\":\"High Quality Lr Aloe Vera Gel, Aloe Vera Cream and Shampoo\",\"publisher\":{\"@id\":\"https:\\\/\\\/www.lraloeverashop.eu\\\/pl\\\/#organization\"},\"alternateName\":\"LR\",\"potentialAction\":[{\"@type\":\"SearchAction\",\"target\":{\"@type\":\"EntryPoint\",\"urlTemplate\":\"https:\\\/\\\/www.lraloeverashop.eu\\\/pl\\\/?s={search_term_string}\"},\"query-input\":{\"@type\":\"PropertyValueSpecification\",\"valueRequired\":true,\"valueName\":\"search_term_string\"}}],\"inLanguage\":\"pl-PL\"},{\"@type\":\"Organization\",\"@id\":\"https:\\\/\\\/www.lraloeverashop.eu\\\/pl\\\/#organization\",\"name\":\"Sklep Lr Aloe Vera\",\"alternateName\":\"LR\",\"url\":\"https:\\\/\\\/www.lraloeverashop.eu\\\/pl\\\/\",\"logo\":{\"@type\":\"ImageObject\",\"inLanguage\":\"pl-PL\",\"@id\":\"https:\\\/\\\/www.lraloeverashop.eu\\\/pl\\\/#\\\/schema\\\/logo\\\/image\\\/\",\"url\":\"https:\\\/\\\/www.lraloeverashop.eu\\\/wp-content\\\/uploads\\\/2022\\\/09\\\/cropped-Lr-Aloe-Vera-Shop.jpg\",\"contentUrl\":\"https:\\\/\\\/www.lraloeverashop.eu\\\/wp-content\\\/uploads\\\/2022\\\/09\\\/cropped-Lr-Aloe-Vera-Shop.jpg\",\"width\":228,\"height\":76,\"caption\":\"Sklep Lr Aloe Vera\"},\"image\":{\"@id\":\"https:\\\/\\\/www.lraloeverashop.eu\\\/pl\\\/#\\\/schema\\\/logo\\\/image\\\/\"},\"sameAs\":[\"https:\\\/\\\/www.facebook.com\\\/lraloeverashop.eu\",\"https:\\\/\\\/x.com\\\/natur__kosmetik\",\"https:\\\/\\\/www.youtube.com\\\/channel\\\/UC5oN7BJ8nfYb8RpVtjwDEBA\",\"https:\\\/\\\/www.instagram.com\\\/lrbeautyeu\\\/\"],\"description\":\"Sklep LR Aloe Vera to Twoje zaufane \u017ar\u00f3d\u0142o wysokiej jako\u015bci produkt\u00f3w LR Health & Beauty wyprodukowanych w Niemczech. Oferujemy wysokiej jako\u015bci produkty do piel\u0119gnacji sk\u00f3ry, od\u017cywiania i przeciwstarzeniowe z aloesem, stworzone z czystych sk\u0142adnik\u00f3w i poparte badaniami naukowymi. Odkryj naturaln\u0105 piel\u0119gnacj\u0119, kt\u00f3ra regeneruje, chroni i rewitalizuje Twoj\u0105 sk\u00f3r\u0119 \u2014 i korzystaj z ekskluzywnych comiesi\u0119cznych ofert na nasze bestsellerowe produkty LR Aloe Vera.\\nRozpocznij swoj\u0105 naturaln\u0105 piel\u0119gnacj\u0119 sk\u00f3ry ju\u017c dzi\u015b i poczuj r\u00f3\u017cnic\u0119.\",\"email\":\"info@lraloeverashop.eu\",\"telephone\":\"+49 17670609653\",\"legalName\":\"Lr Aloe Vera Shop\",\"foundingDate\":\"2018-04-21\",\"numberOfEmployees\":{\"@type\":\"QuantitativeValue\",\"minValue\":\"1\",\"maxValue\":\"10\"}}]}<\/script>\n<meta property=\"product:price:amount\" content=\"17.99\" \/>\n<meta property=\"product:price:currency\" content=\"EUR\" \/>\n<meta property=\"og:availability\" content=\"out of stock\" \/>\n<meta property=\"product:availability\" content=\"out of stock\" \/>\n<meta property=\"product:retailer_item_id\" content=\"20740-101PL\" \/>\n<meta property=\"product:condition\" content=\"new\" \/>\n<!-- \/ Yoast SEO Premium plugin. -->","yoast_head_json":{"title":"Aloe Vera Od\u017cywczy Krem na Dzie\u0144 regeneruje such\u0105 sk\u00f3r\u0119","description":"Aloe Vera Od\u017cywczy Krem na Dzie\u0144 z 50% aloesem nawil\u017ca i regeneruje such\u0105 sk\u00f3r\u0119 twarzy. Z od\u017cywczym olejkiem arganowym i organicznym ekstraktem z oliwek","robots":{"index":"index","follow":"follow","max-snippet":"max-snippet:-1","max-image-preview":"max-image-preview:large","max-video-preview":"max-video-preview:-1"},"canonical":"https:\/\/www.lraloeverashop.eu\/pl\/produkt\/aloe-vera-odzywczy-krem-na-dzien\/","og_locale":"pl_PL","og_type":"article","og_title":"Aloe Vera Od\u017cywczy Krem na Dzie\u0144","og_description":"Aloe Vera Od\u017cywczy Krem na Dzie\u0144 z 50% aloesem nawil\u017ca i regeneruje such\u0105 sk\u00f3r\u0119 twarzy. Z od\u017cywczym olejkiem arganowym i organicznym ekstraktem z oliwek","og_url":"https:\/\/www.lraloeverashop.eu\/pl\/produkt\/aloe-vera-odzywczy-krem-na-dzien\/","og_site_name":"Lr Aloe Vera Shop","article_publisher":"https:\/\/www.facebook.com\/lraloeverashop.eu","article_modified_time":"2026-04-29T18:56:27+00:00","og_image":[{"width":1200,"height":1200,"url":"https:\/\/www.lraloeverashop.eu\/wp-content\/uploads\/2022\/12\/Aloe-Vera-Extra-Rich-Day-Cream.jpg","type":"image\/jpeg"}],"twitter_card":"summary_large_image","twitter_site":"@natur__kosmetik","schema":{"@context":"https:\/\/schema.org","@graph":[{"@type":["WebPage","ItemPage"],"@id":"https:\/\/www.lraloeverashop.eu\/pl\/produkt\/aloe-vera-odzywczy-krem-na-dzien\/","url":"https:\/\/www.lraloeverashop.eu\/pl\/produkt\/aloe-vera-odzywczy-krem-na-dzien\/","name":"Aloe Vera Od\u017cywczy Krem na Dzie\u0144 regeneruje such\u0105 sk\u00f3r\u0119","isPartOf":{"@id":"https:\/\/www.lraloeverashop.eu\/pl\/#website"},"primaryImageOfPage":{"@id":"https:\/\/www.lraloeverashop.eu\/pl\/produkt\/aloe-vera-odzywczy-krem-na-dzien\/#primaryimage"},"image":{"@id":"https:\/\/www.lraloeverashop.eu\/pl\/produkt\/aloe-vera-odzywczy-krem-na-dzien\/#primaryimage"},"thumbnailUrl":"https:\/\/www.lraloeverashop.eu\/wp-content\/uploads\/2022\/12\/Aloe-Vera-Extra-Rich-Day-Cream.jpg","datePublished":"2022-12-03T16:19:21+00:00","dateModified":"2026-04-29T18:56:27+00:00","description":"Aloe Vera Od\u017cywczy Krem na Dzie\u0144 z 50% aloesem nawil\u017ca i regeneruje such\u0105 sk\u00f3r\u0119 twarzy. Z od\u017cywczym olejkiem arganowym i organicznym ekstraktem z oliwek","breadcrumb":{"@id":"https:\/\/www.lraloeverashop.eu\/pl\/produkt\/aloe-vera-odzywczy-krem-na-dzien\/#breadcrumb"},"inLanguage":"pl-PL","potentialAction":[{"@type":"ReadAction","target":["https:\/\/www.lraloeverashop.eu\/pl\/produkt\/aloe-vera-odzywczy-krem-na-dzien\/"]}]},{"@type":"ImageObject","inLanguage":"pl-PL","@id":"https:\/\/www.lraloeverashop.eu\/pl\/produkt\/aloe-vera-odzywczy-krem-na-dzien\/#primaryimage","url":"https:\/\/www.lraloeverashop.eu\/wp-content\/uploads\/2022\/12\/Aloe-Vera-Extra-Rich-Day-Cream.jpg","contentUrl":"https:\/\/www.lraloeverashop.eu\/wp-content\/uploads\/2022\/12\/Aloe-Vera-Extra-Rich-Day-Cream.jpg","width":1200,"height":1200,"caption":"Aloe Vera krem na dzie\u0144 Bardzo bogaty"},{"@type":"BreadcrumbList","@id":"https:\/\/www.lraloeverashop.eu\/pl\/produkt\/aloe-vera-odzywczy-krem-na-dzien\/#breadcrumb","itemListElement":[{"@type":"ListItem","position":1,"name":"Home","item":"https:\/\/www.lraloeverashop.eu\/pl\/"},{"@type":"ListItem","position":2,"name":"Sklep","item":"https:\/\/www.lraloeverashop.eu\/pl\/sklep\/"},{"@type":"ListItem","position":3,"name":"Aloe Vera Od\u017cywczy Krem na Dzie\u0144"}]},{"@type":"WebSite","@id":"https:\/\/www.lraloeverashop.eu\/pl\/#website","url":"https:\/\/www.lraloeverashop.eu\/pl\/","name":"Lr Aloe Vera Shop","description":"High Quality Lr Aloe Vera Gel, Aloe Vera Cream and Shampoo","publisher":{"@id":"https:\/\/www.lraloeverashop.eu\/pl\/#organization"},"alternateName":"LR","potentialAction":[{"@type":"SearchAction","target":{"@type":"EntryPoint","urlTemplate":"https:\/\/www.lraloeverashop.eu\/pl\/?s={search_term_string}"},"query-input":{"@type":"PropertyValueSpecification","valueRequired":true,"valueName":"search_term_string"}}],"inLanguage":"pl-PL"},{"@type":"Organization","@id":"https:\/\/www.lraloeverashop.eu\/pl\/#organization","name":"Sklep Lr Aloe Vera","alternateName":"LR","url":"https:\/\/www.lraloeverashop.eu\/pl\/","logo":{"@type":"ImageObject","inLanguage":"pl-PL","@id":"https:\/\/www.lraloeverashop.eu\/pl\/#\/schema\/logo\/image\/","url":"https:\/\/www.lraloeverashop.eu\/wp-content\/uploads\/2022\/09\/cropped-Lr-Aloe-Vera-Shop.jpg","contentUrl":"https:\/\/www.lraloeverashop.eu\/wp-content\/uploads\/2022\/09\/cropped-Lr-Aloe-Vera-Shop.jpg","width":228,"height":76,"caption":"Sklep Lr Aloe Vera"},"image":{"@id":"https:\/\/www.lraloeverashop.eu\/pl\/#\/schema\/logo\/image\/"},"sameAs":["https:\/\/www.facebook.com\/lraloeverashop.eu","https:\/\/x.com\/natur__kosmetik","https:\/\/www.youtube.com\/channel\/UC5oN7BJ8nfYb8RpVtjwDEBA","https:\/\/www.instagram.com\/lrbeautyeu\/"],"description":"Sklep LR Aloe Vera to Twoje zaufane \u017ar\u00f3d\u0142o wysokiej jako\u015bci produkt\u00f3w LR Health & Beauty wyprodukowanych w Niemczech. Oferujemy wysokiej jako\u015bci produkty do piel\u0119gnacji sk\u00f3ry, od\u017cywiania i przeciwstarzeniowe z aloesem, stworzone z czystych sk\u0142adnik\u00f3w i poparte badaniami naukowymi. Odkryj naturaln\u0105 piel\u0119gnacj\u0119, kt\u00f3ra regeneruje, chroni i rewitalizuje Twoj\u0105 sk\u00f3r\u0119 \u2014 i korzystaj z ekskluzywnych comiesi\u0119cznych ofert na nasze bestsellerowe produkty LR Aloe Vera.\nRozpocznij swoj\u0105 naturaln\u0105 piel\u0119gnacj\u0119 sk\u00f3ry ju\u017c dzi\u015b i poczuj r\u00f3\u017cnic\u0119.","email":"info@lraloeverashop.eu","telephone":"+49 17670609653","legalName":"Lr Aloe Vera Shop","foundingDate":"2018-04-21","numberOfEmployees":{"@type":"QuantitativeValue","minValue":"1","maxValue":"10"}}]},"product_price_amount":"17.99","product_price_currency":"EUR","og_availability":"out of stock","product_availability":"out of stock","product_retailer_item_id":"20740-101PL","product_condition":"new"},"taxonomy_info":{"product_cat":[{"value":1059,"label":"Aloe Vera"},{"value":1090,"label":"Oferty"},{"value":1063,"label":"Piel\u0119gnacja twarzy"}],"product_tag":[{"value":1127,"label":"sucha twarz"}]},"featured_image_src_large":["https:\/\/www.lraloeverashop.eu\/wp-content\/uploads\/2022\/12\/Aloe-Vera-Extra-Rich-Day-Cream-1024x1024.jpg",1024,1024,true],"author_info":[],"comment_info":0,"_links":{"self":[{"href":"https:\/\/www.lraloeverashop.eu\/pl\/wp-json\/wp\/v2\/product\/29135","targetHints":{"allow":["GET"]}}],"collection":[{"href":"https:\/\/www.lraloeverashop.eu\/pl\/wp-json\/wp\/v2\/product"}],"about":[{"href":"https:\/\/www.lraloeverashop.eu\/pl\/wp-json\/wp\/v2\/types\/product"}],"replies":[{"embeddable":true,"href":"https:\/\/www.lraloeverashop.eu\/pl\/wp-json\/wp\/v2\/comments?post=29135"}],"wp:featuredmedia":[{"embeddable":true,"href":"https:\/\/www.lraloeverashop.eu\/pl\/wp-json\/wp\/v2\/media\/27032"}],"wp:attachment":[{"href":"https:\/\/www.lraloeverashop.eu\/pl\/wp-json\/wp\/v2\/media?parent=29135"}],"wp:term":[{"taxonomy":"product_brand","embeddable":true,"href":"https:\/\/www.lraloeverashop.eu\/pl\/wp-json\/wp\/v2\/product_brand?post=29135"},{"taxonomy":"product_cat","embeddable":true,"href":"https:\/\/www.lraloeverashop.eu\/pl\/wp-json\/wp\/v2\/product_cat?post=29135"},{"taxonomy":"product_tag","embeddable":true,"href":"https:\/\/www.lraloeverashop.eu\/pl\/wp-json\/wp\/v2\/product_tag?post=29135"}],"curies":[{"name":"wp","href":"https:\/\/api.w.org\/{rel}","templated":true}]}}