{"id":29133,"date":"2022-12-03T18:43:25","date_gmt":"2022-12-03T17:43:25","guid":{"rendered":"https:\/\/www.lraloeverashop.eu\/product\/nawilzajace-serum-do-twarzy-z-aloesem\/"},"modified":"2022-12-03T18:43:25","modified_gmt":"2022-12-03T17:43:25","slug":"nawilzajace-serum-do-twarzy-z-aloesem","status":"publish","type":"product","link":"https:\/\/www.lraloeverashop.eu\/pl\/produkt\/nawilzajace-serum-do-twarzy-z-aloesem\/","title":{"rendered":"Nawil\u017caj\u0105ce Serum do Twarzy z Aloesem"},"content":{"rendered":"<h2><span style=\"font-size: 16pt;\"><strong>Nawil\u017caj\u0105ce Serum do Twarzy z Aloesem<\/strong><\/span><\/h2>\n<p><span style=\"font-size: 16px;\"><strong> Nawil\u017caj\u0105ce Serum do Twarzy z Aloesem dla \u015bwie\u017cego wygl\u0105du przez ca\u0142y dzie\u0144<\/strong><\/span><\/p>\n<p>Nawil\u017caj\u0105ce serum do twarzy z aloesem, zawieraj\u0105ce 50% \u017celu z li\u015bci aloe vera, zapewnia sk\u00f3rze optymalne nawil\u017cenie. Serum zwi\u0119ksza elastyczno\u015b\u0107, witalno\u015b\u0107 i nadaje cerze \u015bwie\u017cy blask. Innowacyjna technologia Moisture Trap\u2122 wspiera zdolno\u015b\u0107 sk\u00f3ry do wi\u0105zania wilgoci przez 24 godziny, stanowi\u0105c idealn\u0105 baz\u0119 pod dzienn\u0105 piel\u0119gnacj\u0119.<\/p>\n<p>&nbsp;<\/p>\n<h3><strong><span style=\"font-size: 16pt;\">Jak Stosowa\u0107<\/span><\/strong><\/h3>\n<p>Krok 1: Nak\u0142adaj LR Aloe Vera Nawil\u017caj\u0105ce Serum do Twarzy raz dziennie po oczyszczaniu sk\u00f3ry. Je\u015bli Twoja sk\u00f3ra jest bardziej odwodniona, stosuj dwa razy dziennie, np. rano i wieczorem po oczyszczeniu.<\/p>\n<p>Krok 2: Zastosuj Lr Aloe Vera Skin Balance Serum do Twarzy lub Aloe Vera Krem na Dzie\u0144. Na noc idealnie sprawdzi si\u0119 Aloe Vera Krem na Noc.<\/p>\n<p>&nbsp;<\/p>\n<h4><strong><span style=\"font-size: 16pt;\">Czy Wiedzia\u0142e\u015b?<\/span><\/strong><\/h4>\n<p>Kilka lat temu aloes zosta\u0142 odkryty tak\u017ce jako sk\u0142adnik produkt\u00f3w piel\u0119gnacyjnych. Od tego czasu jego pozytywne w\u0142a\u015bciwo\u015bci sta\u0142y si\u0119 integraln\u0105 cz\u0119\u015bci\u0105 codziennych rytua\u0142\u00f3w piel\u0119gnacyjnych wielu os\u00f3b.<\/p>\n<p>W trakcie wieloletniego do\u015bwiadczenia w przetwarzaniu tej wszechstronnej ro\u015bliny opracowali\u015bmy procesy, kt\u00f3re pozwalaj\u0105 w pe\u0142ni wykorzysta\u0107 jej cenne sk\u0142adniki w naszych produktach.<\/p>\n<p>Obejmuje to m.in. fakt, \u017ce LR przetwarza wy\u0142\u0105cznie ro\u015bliny aloe vera pochodz\u0105ce z meksyka\u0144skich wy\u017cyn, uprawiane w warunkach zapewniaj\u0105cych ich optymalny wzrost. Zbiory odbywaj\u0105 si\u0119 wy\u0142\u0105cznie r\u0119cznie, aby nie uszkodzi\u0107 warto\u015bciowego mi\u0105\u017cszu li\u015bci.<\/p>\n<p><strong>Produkty Aloe Vera s\u0105 wytwarzane w Niemczech, co gwarantuje najwy\u017csz\u0105 jako\u015b\u0107.<\/strong><\/p>\n","protected":false},"excerpt":{"rendered":"<ul>\n<li>Z 50% \u017celem z li\u015bci aloesu i ekstraktem z organicznych oliwek<\/li>\n<li>Zapewnia optymalne nawil\u017cenie sk\u00f3ry<\/li>\n<li>Pomaga sk\u00f3rze utrzyma\u0107 nawil\u017cenie przez 24 godziny<\/li>\n<li>Dla \u015bwie\u017cego wygl\u0105du przez ca\u0142y dzie\u0144<\/li>\n<li>Poprawia elastyczno\u015b\u0107 sk\u00f3ry<\/li>\n<li>Zawarto\u015b\u0107: 30 ml<\/li>\n<\/ul>\n<p>&nbsp;<\/p>\n","protected":false},"featured_media":27040,"comment_status":"open","ping_status":"closed","template":"","meta":{"_kad_blocks_custom_css":"","_kad_blocks_head_custom_js":"","_kad_blocks_body_custom_js":"","_kad_blocks_footer_custom_js":"","_kadence_starter_templates_imported_post":false,"_kad_post_transparent":"default","_kad_post_title":"","_kad_post_layout":"default","_kad_post_sidebar_id":"","_kad_post_content_style":"default","_kad_post_vertical_padding":"default","_kad_post_feature":"","_kad_post_feature_position":"","_kad_post_header":false,"_kad_post_footer":false,"_kad_post_classname":""},"product_brand":[],"product_cat":[1059,1090,1063],"product_tag":[1127],"class_list":{"0":"post-29133","1":"product","2":"type-product","3":"status-publish","4":"has-post-thumbnail","6":"product_cat-aloe-vera-pl","7":"product_cat-oferty","8":"product_cat-pielegnacja-twarzy","9":"product_tag-sucha-twarz","11":"first","12":"outofstock","13":"sale","14":"taxable","15":"shipping-taxable","16":"purchasable","17":"product-type-simple","18":"entry","19":"content-bg","20":"loop-entry"},"yoast_head":"<!-- This site is optimized with the Yoast SEO Premium plugin v27.3 (Yoast SEO v27.3) - https:\/\/yoast.com\/product\/yoast-seo-premium-wordpress\/ -->\n<title>Nawil\u017caj\u0105ce Serum do Twarzy z Aloesem dla \u015bwie\u017cego wygl\u0105du przez ca\u0142y dzie\u0144<\/title>\n<meta name=\"description\" content=\"Nawil\u017caj\u0105ce serum do twarzy z aloesem z 50% zawarto\u015bci\u0105 \u017celu z li\u015bci aloesu poprawia elastyczno\u015b\u0107 sk\u00f3ry i pomaga jej utrzyma\u0107 nawil\u017cenie przez 24 godziny.\" \/>\n<meta name=\"robots\" content=\"index, follow, max-snippet:-1, max-image-preview:large, max-video-preview:-1\" \/>\n<link rel=\"canonical\" href=\"https:\/\/www.lraloeverashop.eu\/pl\/produkt\/nawilzajace-serum-do-twarzy-z-aloesem\/\" \/>\n<meta property=\"og:locale\" content=\"pl_PL\" \/>\n<meta property=\"og:type\" content=\"article\" \/>\n<meta property=\"og:title\" content=\"Nawil\u017caj\u0105ce Serum do Twarzy z Aloesem\" \/>\n<meta property=\"og:description\" content=\"Nawil\u017caj\u0105ce serum do twarzy z aloesem z 50% zawarto\u015bci\u0105 \u017celu z li\u015bci aloesu poprawia elastyczno\u015b\u0107 sk\u00f3ry i pomaga jej utrzyma\u0107 nawil\u017cenie przez 24 godziny.\" \/>\n<meta property=\"og:url\" content=\"https:\/\/www.lraloeverashop.eu\/pl\/produkt\/nawilzajace-serum-do-twarzy-z-aloesem\/\" \/>\n<meta property=\"og:site_name\" content=\"Lr Aloe Vera Shop\" \/>\n<meta property=\"article:publisher\" content=\"https:\/\/www.facebook.com\/lraloeverashop.eu\" \/>\n<meta property=\"og:image\" content=\"https:\/\/www.lraloeverashop.eu\/wp-content\/uploads\/2022\/12\/Aloe-Vera-Face-Serum.jpg\" \/>\n\t<meta property=\"og:image:width\" content=\"1200\" \/>\n\t<meta property=\"og:image:height\" content=\"1200\" \/>\n\t<meta property=\"og:image:type\" content=\"image\/jpeg\" \/>\n<meta name=\"twitter:card\" content=\"summary_large_image\" \/>\n<meta name=\"twitter:site\" content=\"@natur__kosmetik\" \/>\n<script type=\"application\/ld+json\" class=\"yoast-schema-graph\">{\"@context\":\"https:\\\/\\\/schema.org\",\"@graph\":[{\"@type\":[\"WebPage\",\"ItemPage\"],\"@id\":\"https:\\\/\\\/www.lraloeverashop.eu\\\/pl\\\/produkt\\\/nawilzajace-serum-do-twarzy-z-aloesem\\\/\",\"url\":\"https:\\\/\\\/www.lraloeverashop.eu\\\/pl\\\/produkt\\\/nawilzajace-serum-do-twarzy-z-aloesem\\\/\",\"name\":\"Nawil\u017caj\u0105ce Serum do Twarzy z Aloesem dla \u015bwie\u017cego wygl\u0105du przez ca\u0142y dzie\u0144\",\"isPartOf\":{\"@id\":\"https:\\\/\\\/www.lraloeverashop.eu\\\/pl\\\/#website\"},\"primaryImageOfPage\":{\"@id\":\"https:\\\/\\\/www.lraloeverashop.eu\\\/pl\\\/produkt\\\/nawilzajace-serum-do-twarzy-z-aloesem\\\/#primaryimage\"},\"image\":{\"@id\":\"https:\\\/\\\/www.lraloeverashop.eu\\\/pl\\\/produkt\\\/nawilzajace-serum-do-twarzy-z-aloesem\\\/#primaryimage\"},\"thumbnailUrl\":\"https:\\\/\\\/www.lraloeverashop.eu\\\/wp-content\\\/uploads\\\/2022\\\/12\\\/Aloe-Vera-Face-Serum.jpg\",\"datePublished\":\"2022-12-03T17:43:25+00:00\",\"description\":\"Nawil\u017caj\u0105ce serum do twarzy z aloesem z 50% zawarto\u015bci\u0105 \u017celu z li\u015bci aloesu poprawia elastyczno\u015b\u0107 sk\u00f3ry i pomaga jej utrzyma\u0107 nawil\u017cenie przez 24 godziny.\",\"breadcrumb\":{\"@id\":\"https:\\\/\\\/www.lraloeverashop.eu\\\/pl\\\/produkt\\\/nawilzajace-serum-do-twarzy-z-aloesem\\\/#breadcrumb\"},\"inLanguage\":\"pl-PL\",\"potentialAction\":[{\"@type\":\"ReadAction\",\"target\":[\"https:\\\/\\\/www.lraloeverashop.eu\\\/pl\\\/produkt\\\/nawilzajace-serum-do-twarzy-z-aloesem\\\/\"]}]},{\"@type\":\"ImageObject\",\"inLanguage\":\"pl-PL\",\"@id\":\"https:\\\/\\\/www.lraloeverashop.eu\\\/pl\\\/produkt\\\/nawilzajace-serum-do-twarzy-z-aloesem\\\/#primaryimage\",\"url\":\"https:\\\/\\\/www.lraloeverashop.eu\\\/wp-content\\\/uploads\\\/2022\\\/12\\\/Aloe-Vera-Face-Serum.jpg\",\"contentUrl\":\"https:\\\/\\\/www.lraloeverashop.eu\\\/wp-content\\\/uploads\\\/2022\\\/12\\\/Aloe-Vera-Face-Serum.jpg\",\"width\":1200,\"height\":1200,\"caption\":\"Aloesove serum do twarzy Nawil\u017caj\u0105ce\"},{\"@type\":\"BreadcrumbList\",\"@id\":\"https:\\\/\\\/www.lraloeverashop.eu\\\/pl\\\/produkt\\\/nawilzajace-serum-do-twarzy-z-aloesem\\\/#breadcrumb\",\"itemListElement\":[{\"@type\":\"ListItem\",\"position\":1,\"name\":\"Home\",\"item\":\"https:\\\/\\\/www.lraloeverashop.eu\\\/pl\\\/\"},{\"@type\":\"ListItem\",\"position\":2,\"name\":\"Sklep\",\"item\":\"https:\\\/\\\/www.lraloeverashop.eu\\\/shop\\\/\"},{\"@type\":\"ListItem\",\"position\":3,\"name\":\"Nawil\u017caj\u0105ce Serum do Twarzy z Aloesem\"}]},{\"@type\":\"WebSite\",\"@id\":\"https:\\\/\\\/www.lraloeverashop.eu\\\/pl\\\/#website\",\"url\":\"https:\\\/\\\/www.lraloeverashop.eu\\\/pl\\\/\",\"name\":\"Lr Aloe Vera Shop\",\"description\":\"High Quality Lr Aloe Vera Gel, Aloe Vera Cream and Shampoo\",\"publisher\":{\"@id\":\"https:\\\/\\\/www.lraloeverashop.eu\\\/pl\\\/#organization\"},\"potentialAction\":[{\"@type\":\"SearchAction\",\"target\":{\"@type\":\"EntryPoint\",\"urlTemplate\":\"https:\\\/\\\/www.lraloeverashop.eu\\\/pl\\\/?s={search_term_string}\"},\"query-input\":{\"@type\":\"PropertyValueSpecification\",\"valueRequired\":true,\"valueName\":\"search_term_string\"}}],\"inLanguage\":\"pl-PL\"},{\"@type\":\"Organization\",\"@id\":\"https:\\\/\\\/www.lraloeverashop.eu\\\/pl\\\/#organization\",\"name\":\"Lr Aloe Vera Shop\",\"alternateName\":\"LR\",\"url\":\"https:\\\/\\\/www.lraloeverashop.eu\\\/pl\\\/\",\"logo\":{\"@type\":\"ImageObject\",\"inLanguage\":\"pl-PL\",\"@id\":\"https:\\\/\\\/www.lraloeverashop.eu\\\/pl\\\/#\\\/schema\\\/logo\\\/image\\\/\",\"url\":\"https:\\\/\\\/www.lraloeverashop.eu\\\/wp-content\\\/uploads\\\/2022\\\/09\\\/cropped-Lr-Aloe-Vera-Shop.jpg\",\"contentUrl\":\"https:\\\/\\\/www.lraloeverashop.eu\\\/wp-content\\\/uploads\\\/2022\\\/09\\\/cropped-Lr-Aloe-Vera-Shop.jpg\",\"width\":228,\"height\":76,\"caption\":\"Lr Aloe Vera Shop\"},\"image\":{\"@id\":\"https:\\\/\\\/www.lraloeverashop.eu\\\/pl\\\/#\\\/schema\\\/logo\\\/image\\\/\"},\"sameAs\":[\"https:\\\/\\\/www.facebook.com\\\/lraloeverashop.eu\",\"https:\\\/\\\/x.com\\\/natur__kosmetik\",\"https:\\\/\\\/www.youtube.com\\\/channel\\\/UC5oN7BJ8nfYb8RpVtjwDEBA\",\"https:\\\/\\\/www.instagram.com\\\/lrbeautyeu\\\/\"]}]}<\/script>\n<meta property=\"product:price:amount\" content=\"19.99\" \/>\n<meta property=\"product:price:currency\" content=\"EUR\" \/>\n<meta property=\"og:availability\" content=\"out of stock\" \/>\n<meta property=\"product:availability\" content=\"out of stock\" \/>\n<meta property=\"product:retailer_item_id\" content=\"20685-201PL\" \/>\n<meta property=\"product:condition\" content=\"new\" \/>\n<!-- \/ Yoast SEO Premium plugin. -->","yoast_head_json":{"title":"Nawil\u017caj\u0105ce Serum do Twarzy z Aloesem dla \u015bwie\u017cego wygl\u0105du przez ca\u0142y dzie\u0144","description":"Nawil\u017caj\u0105ce serum do twarzy z aloesem z 50% zawarto\u015bci\u0105 \u017celu z li\u015bci aloesu poprawia elastyczno\u015b\u0107 sk\u00f3ry i pomaga jej utrzyma\u0107 nawil\u017cenie przez 24 godziny.","robots":{"index":"index","follow":"follow","max-snippet":"max-snippet:-1","max-image-preview":"max-image-preview:large","max-video-preview":"max-video-preview:-1"},"canonical":"https:\/\/www.lraloeverashop.eu\/pl\/produkt\/nawilzajace-serum-do-twarzy-z-aloesem\/","og_locale":"pl_PL","og_type":"article","og_title":"Nawil\u017caj\u0105ce Serum do Twarzy z Aloesem","og_description":"Nawil\u017caj\u0105ce serum do twarzy z aloesem z 50% zawarto\u015bci\u0105 \u017celu z li\u015bci aloesu poprawia elastyczno\u015b\u0107 sk\u00f3ry i pomaga jej utrzyma\u0107 nawil\u017cenie przez 24 godziny.","og_url":"https:\/\/www.lraloeverashop.eu\/pl\/produkt\/nawilzajace-serum-do-twarzy-z-aloesem\/","og_site_name":"Lr Aloe Vera Shop","article_publisher":"https:\/\/www.facebook.com\/lraloeverashop.eu","og_image":[{"width":1200,"height":1200,"url":"https:\/\/www.lraloeverashop.eu\/wp-content\/uploads\/2022\/12\/Aloe-Vera-Face-Serum.jpg","type":"image\/jpeg"}],"twitter_card":"summary_large_image","twitter_site":"@natur__kosmetik","schema":{"@context":"https:\/\/schema.org","@graph":[{"@type":["WebPage","ItemPage"],"@id":"https:\/\/www.lraloeverashop.eu\/pl\/produkt\/nawilzajace-serum-do-twarzy-z-aloesem\/","url":"https:\/\/www.lraloeverashop.eu\/pl\/produkt\/nawilzajace-serum-do-twarzy-z-aloesem\/","name":"Nawil\u017caj\u0105ce Serum do Twarzy z Aloesem dla \u015bwie\u017cego wygl\u0105du przez ca\u0142y dzie\u0144","isPartOf":{"@id":"https:\/\/www.lraloeverashop.eu\/pl\/#website"},"primaryImageOfPage":{"@id":"https:\/\/www.lraloeverashop.eu\/pl\/produkt\/nawilzajace-serum-do-twarzy-z-aloesem\/#primaryimage"},"image":{"@id":"https:\/\/www.lraloeverashop.eu\/pl\/produkt\/nawilzajace-serum-do-twarzy-z-aloesem\/#primaryimage"},"thumbnailUrl":"https:\/\/www.lraloeverashop.eu\/wp-content\/uploads\/2022\/12\/Aloe-Vera-Face-Serum.jpg","datePublished":"2022-12-03T17:43:25+00:00","description":"Nawil\u017caj\u0105ce serum do twarzy z aloesem z 50% zawarto\u015bci\u0105 \u017celu z li\u015bci aloesu poprawia elastyczno\u015b\u0107 sk\u00f3ry i pomaga jej utrzyma\u0107 nawil\u017cenie przez 24 godziny.","breadcrumb":{"@id":"https:\/\/www.lraloeverashop.eu\/pl\/produkt\/nawilzajace-serum-do-twarzy-z-aloesem\/#breadcrumb"},"inLanguage":"pl-PL","potentialAction":[{"@type":"ReadAction","target":["https:\/\/www.lraloeverashop.eu\/pl\/produkt\/nawilzajace-serum-do-twarzy-z-aloesem\/"]}]},{"@type":"ImageObject","inLanguage":"pl-PL","@id":"https:\/\/www.lraloeverashop.eu\/pl\/produkt\/nawilzajace-serum-do-twarzy-z-aloesem\/#primaryimage","url":"https:\/\/www.lraloeverashop.eu\/wp-content\/uploads\/2022\/12\/Aloe-Vera-Face-Serum.jpg","contentUrl":"https:\/\/www.lraloeverashop.eu\/wp-content\/uploads\/2022\/12\/Aloe-Vera-Face-Serum.jpg","width":1200,"height":1200,"caption":"Aloesove serum do twarzy Nawil\u017caj\u0105ce"},{"@type":"BreadcrumbList","@id":"https:\/\/www.lraloeverashop.eu\/pl\/produkt\/nawilzajace-serum-do-twarzy-z-aloesem\/#breadcrumb","itemListElement":[{"@type":"ListItem","position":1,"name":"Home","item":"https:\/\/www.lraloeverashop.eu\/pl\/"},{"@type":"ListItem","position":2,"name":"Sklep","item":"https:\/\/www.lraloeverashop.eu\/shop\/"},{"@type":"ListItem","position":3,"name":"Nawil\u017caj\u0105ce Serum do Twarzy z Aloesem"}]},{"@type":"WebSite","@id":"https:\/\/www.lraloeverashop.eu\/pl\/#website","url":"https:\/\/www.lraloeverashop.eu\/pl\/","name":"Lr Aloe Vera Shop","description":"High Quality Lr Aloe Vera Gel, Aloe Vera Cream and Shampoo","publisher":{"@id":"https:\/\/www.lraloeverashop.eu\/pl\/#organization"},"potentialAction":[{"@type":"SearchAction","target":{"@type":"EntryPoint","urlTemplate":"https:\/\/www.lraloeverashop.eu\/pl\/?s={search_term_string}"},"query-input":{"@type":"PropertyValueSpecification","valueRequired":true,"valueName":"search_term_string"}}],"inLanguage":"pl-PL"},{"@type":"Organization","@id":"https:\/\/www.lraloeverashop.eu\/pl\/#organization","name":"Lr Aloe Vera Shop","alternateName":"LR","url":"https:\/\/www.lraloeverashop.eu\/pl\/","logo":{"@type":"ImageObject","inLanguage":"pl-PL","@id":"https:\/\/www.lraloeverashop.eu\/pl\/#\/schema\/logo\/image\/","url":"https:\/\/www.lraloeverashop.eu\/wp-content\/uploads\/2022\/09\/cropped-Lr-Aloe-Vera-Shop.jpg","contentUrl":"https:\/\/www.lraloeverashop.eu\/wp-content\/uploads\/2022\/09\/cropped-Lr-Aloe-Vera-Shop.jpg","width":228,"height":76,"caption":"Lr Aloe Vera Shop"},"image":{"@id":"https:\/\/www.lraloeverashop.eu\/pl\/#\/schema\/logo\/image\/"},"sameAs":["https:\/\/www.facebook.com\/lraloeverashop.eu","https:\/\/x.com\/natur__kosmetik","https:\/\/www.youtube.com\/channel\/UC5oN7BJ8nfYb8RpVtjwDEBA","https:\/\/www.instagram.com\/lrbeautyeu\/"]}]},"product_price_amount":"19.99","product_price_currency":"EUR","og_availability":"out of stock","product_availability":"out of stock","product_retailer_item_id":"20685-201PL","product_condition":"new"},"taxonomy_info":{"product_cat":[{"value":1059,"label":"Aloe Vera"},{"value":1090,"label":"Oferty"},{"value":1063,"label":"Piel\u0119gnacja twarzy"}],"product_tag":[{"value":1127,"label":"sucha twarz"}]},"featured_image_src_large":["https:\/\/www.lraloeverashop.eu\/wp-content\/uploads\/2022\/12\/Aloe-Vera-Face-Serum-1024x1024.jpg",1024,1024,true],"author_info":[],"comment_info":0,"_links":{"self":[{"href":"https:\/\/www.lraloeverashop.eu\/pl\/wp-json\/wp\/v2\/product\/29133","targetHints":{"allow":["GET"]}}],"collection":[{"href":"https:\/\/www.lraloeverashop.eu\/pl\/wp-json\/wp\/v2\/product"}],"about":[{"href":"https:\/\/www.lraloeverashop.eu\/pl\/wp-json\/wp\/v2\/types\/product"}],"replies":[{"embeddable":true,"href":"https:\/\/www.lraloeverashop.eu\/pl\/wp-json\/wp\/v2\/comments?post=29133"}],"wp:featuredmedia":[{"embeddable":true,"href":"https:\/\/www.lraloeverashop.eu\/pl\/wp-json\/wp\/v2\/media\/27040"}],"wp:attachment":[{"href":"https:\/\/www.lraloeverashop.eu\/pl\/wp-json\/wp\/v2\/media?parent=29133"}],"wp:term":[{"taxonomy":"product_brand","embeddable":true,"href":"https:\/\/www.lraloeverashop.eu\/pl\/wp-json\/wp\/v2\/product_brand?post=29133"},{"taxonomy":"product_cat","embeddable":true,"href":"https:\/\/www.lraloeverashop.eu\/pl\/wp-json\/wp\/v2\/product_cat?post=29133"},{"taxonomy":"product_tag","embeddable":true,"href":"https:\/\/www.lraloeverashop.eu\/pl\/wp-json\/wp\/v2\/product_tag?post=29133"}],"curies":[{"name":"wp","href":"https:\/\/api.w.org\/{rel}","templated":true}]}}