{"id":29130,"date":"2024-11-04T16:58:39","date_gmt":"2024-11-04T15:58:39","guid":{"rendered":"https:\/\/www.lraloeverashop.eu\/product\/zestaw-do-pielegnacji-twarzy\/"},"modified":"2026-04-27T20:26:26","modified_gmt":"2026-04-27T18:26:26","slug":"zestaw-do-pielegnacji-twarzy","status":"publish","type":"product","link":"https:\/\/www.lraloeverashop.eu\/pl\/produkt\/zestaw-do-pielegnacji-twarzy\/","title":{"rendered":"Zestaw do piel\u0119gnacji twarzy"},"content":{"rendered":"<h2><span style=\"font-size: 16pt;\"><strong>Zestaw do piel\u0119gnacji twarzy<\/strong><\/span><\/h2>\n<p><span style=\"font-size: 16pt;\"><strong>Zestaw do piel\u0119gnacji twarzy do szczeg\u00f3lnie suchej sk\u00f3ry<\/strong><\/span><\/p>\n<p>Zam\u00f3w sw\u00f3j Aloe Vera Face Care Set i ciesz si\u0119 pi\u0119kn\u0105, promienn\u0105 sk\u00f3r\u0105.<br \/>\n50% Aloe Vera, bez paraben\u00f3w.<\/p>\n<p>Serum do twarzy z aloesem, wyj\u0105tkowo bogaty krem na dzie\u0144 z aloesem oraz regeneruj\u0105cy krem na noc w najwy\u017cszej jako\u015bci.<\/p>\n<p>Aloesowe, 24\u2011godzinne nawil\u017caj\u0105ce serum do twarzy z 50% \u017celu z li\u015bci aloesu dba o to, by sk\u00f3ra by\u0142a dobrze nawil\u017cona. Nawil\u017caj\u0105ce serum dodaje sk\u00f3rze elastyczno\u015bci, energii i \u015bwie\u017cego blasku. Innowacyjna technologia Moisture Trap\u2122 wspiera zdolno\u015b\u0107 sk\u00f3ry do wi\u0105zania wilgoci przez 24 godziny, dzi\u0119ki czemu stanowi idealn\u0105 baz\u0119 pod <a href=\"https:\/\/www.lraloeverashop.eu\/pl\/produkt\/zestaw-aloesowy-do-pielegnacji-twarzy\/\"><strong>piel\u0119gnacj\u0119 na dzie\u0144<\/strong><\/a>.<\/p>\n<p>Aloe Vera Krem na Dzien daje uczucie \u015bwie\u017co\u015bci, nawil\u017cenie i intensywn\u0105 piel\u0119gnacj\u0119 dzi\u0119ki temu, co najlepsze z natury. Czysty \u017cel aloesowy, naturalne ekstrakty ro\u015blinne, wysokiej jako\u015bci oleje i bogata, delikatnie perfumowana konsystencja zamieni\u0105 Tw\u00f3j codzienny rytua\u0142 piel\u0119gnacyjny w chwil\u0119 przyjemno\u015bci.<\/p>\n<p>Kiedy \u015bpimy, kom\u00f3rki sk\u00f3ry pracuj\u0105 nad odbudow\u0105 naszej sk\u00f3ry. Aloe Vera Krem na Noc daje sk\u00f3rze idealn\u0105 piel\u0119gnacj\u0119, kt\u00f3ra wspiera jej naturalny <a href=\"https:\/\/www.lraloeverashop.eu\/pl\/produkt\/maska-do-twarzy-na-noc\/\"><strong>proces regeneracji w nocy<\/strong><\/a>. Jedwabista konsystencja i relaksuj\u0105cy zapach kremu na noc z aloesem tworz\u0105 idealn\u0105 harmoni\u0119 dla intensywnej piel\u0119gnacji Twojej sk\u00f3ry.<\/p>\n<p>&nbsp;<\/p>\n","protected":false},"excerpt":{"rendered":"<ul>\n<li><strong><span style=\"color: #ff0000;\">Oferta limitowana<\/span><\/strong><\/li>\n<li>Serum do twarzy Aloe Vera 24 nawil\u017canie pomaga sk\u00f3rze zachowa\u0107 nawil\u017cenie przez 24 godziny<\/li>\n<li>Krem na dzie\u0144 Aloe Vera Extra Rich od\u017cywia i chroni sk\u00f3r\u0119 oraz zmniejsza jej szorstko\u015b\u0107<\/li>\n<li>Regeneruj\u0105cy krem \u200b\u200bna noc Aloe Vera od\u017cywia i regeneruje sk\u00f3r\u0119 przez noc<\/li>\n<li>Produkty wyprodukowane w Niemczech<\/li>\n<\/ul>\n<p style=\"text-align: left;\"><span style=\"color: #ff0000;\"><a style=\"color: #ff0000;\" href=\"https:\/\/shop.lrworld.com\/openpao?PHP=0vFlt7jT938BEnBI3a6e9w%3D%3D\"><span style=\"font-size: 14pt;\"><strong>Zarejestruj si\u0119 i oszcz\u0119dzaj 35% przy ka\u017cdym zam\u00f3wieniu<\/strong><\/span><\/a><\/span><\/p>\n","protected":false},"featured_media":26875,"comment_status":"open","ping_status":"closed","template":"","meta":{"_kad_blocks_custom_css":"","_kad_blocks_head_custom_js":"","_kad_blocks_body_custom_js":"","_kad_blocks_footer_custom_js":"","_kadence_starter_templates_imported_post":false,"_kad_post_transparent":"default","_kad_post_title":"","_kad_post_layout":"default","_kad_post_sidebar_id":"","_kad_post_content_style":"default","_kad_post_vertical_padding":"default","_kad_post_feature":"","_kad_post_feature_position":"","_kad_post_header":false,"_kad_post_footer":false,"_kad_post_classname":""},"product_brand":[],"product_cat":[1059,1090,1063],"product_tag":[1130],"class_list":{"0":"post-29130","1":"product","2":"type-product","3":"status-publish","4":"has-post-thumbnail","6":"product_cat-aloe-vera-pl","7":"product_cat-oferty","8":"product_cat-pielegnacja-twarzy","9":"product_tag-sucha-skora","11":"first","12":"outofstock","13":"sale","14":"taxable","15":"shipping-taxable","16":"purchasable","17":"product-type-simple","18":"entry","19":"content-bg","20":"loop-entry"},"yoast_head":"<!-- This site is optimized with the Yoast SEO Premium plugin v27.5 (Yoast SEO v27.5) - https:\/\/yoast.com\/product\/yoast-seo-premium-wordpress\/ -->\n<title>Zestaw do piel\u0119gnacji twarzy - Nawil\u017canie przez 24 godzin<\/title>\n<meta name=\"description\" content=\"Odmie\u0144 swoj\u0105 such\u0105 sk\u00f3r\u0119 z naszym zestawem do piel\u0119gnacji twarzy z aloesem. Ciesz si\u0119 pi\u0119kn\u0105 i promienn\u0105 sk\u00f3r\u0105 dzi\u0119ki 50% zawarto\u015bci aloesu. Zam\u00f3w ju\u017c dzi\u015b!\" \/>\n<meta name=\"robots\" content=\"index, follow, max-snippet:-1, max-image-preview:large, max-video-preview:-1\" \/>\n<link rel=\"canonical\" href=\"https:\/\/www.lraloeverashop.eu\/pl\/produkt\/zestaw-do-pielegnacji-twarzy\/\" \/>\n<meta property=\"og:locale\" content=\"pl_PL\" \/>\n<meta property=\"og:type\" content=\"article\" \/>\n<meta property=\"og:title\" content=\"Zestaw do piel\u0119gnacji twarzy\" \/>\n<meta property=\"og:description\" content=\"Odmie\u0144 swoj\u0105 such\u0105 sk\u00f3r\u0119 z naszym zestawem do piel\u0119gnacji twarzy z aloesem. Ciesz si\u0119 pi\u0119kn\u0105 i promienn\u0105 sk\u00f3r\u0105 dzi\u0119ki 50% zawarto\u015bci aloesu. Zam\u00f3w ju\u017c dzi\u015b!\" \/>\n<meta property=\"og:url\" content=\"https:\/\/www.lraloeverashop.eu\/pl\/produkt\/zestaw-do-pielegnacji-twarzy\/\" \/>\n<meta property=\"og:site_name\" content=\"Lr Aloe Vera Shop\" \/>\n<meta property=\"article:publisher\" content=\"https:\/\/www.facebook.com\/lraloeverashop.eu\" \/>\n<meta property=\"article:modified_time\" content=\"2026-04-27T18:26:26+00:00\" \/>\n<meta property=\"og:image\" content=\"https:\/\/www.lraloeverashop.eu\/wp-content\/uploads\/2024\/11\/Face-Cream-for-dry-Skin.jpg\" \/>\n\t<meta property=\"og:image:width\" content=\"1200\" \/>\n\t<meta property=\"og:image:height\" content=\"1200\" \/>\n\t<meta property=\"og:image:type\" content=\"image\/jpeg\" \/>\n<meta name=\"twitter:card\" content=\"summary_large_image\" \/>\n<meta name=\"twitter:site\" content=\"@natur__kosmetik\" \/>\n<script type=\"application\/ld+json\" class=\"yoast-schema-graph\">{\"@context\":\"https:\\\/\\\/schema.org\",\"@graph\":[{\"@type\":[\"WebPage\",\"ItemPage\"],\"@id\":\"https:\\\/\\\/www.lraloeverashop.eu\\\/pl\\\/produkt\\\/zestaw-do-pielegnacji-twarzy\\\/\",\"url\":\"https:\\\/\\\/www.lraloeverashop.eu\\\/pl\\\/produkt\\\/zestaw-do-pielegnacji-twarzy\\\/\",\"name\":\"Zestaw do piel\u0119gnacji twarzy - Nawil\u017canie przez 24 godzin\",\"isPartOf\":{\"@id\":\"https:\\\/\\\/www.lraloeverashop.eu\\\/pl\\\/#website\"},\"primaryImageOfPage\":{\"@id\":\"https:\\\/\\\/www.lraloeverashop.eu\\\/pl\\\/produkt\\\/zestaw-do-pielegnacji-twarzy\\\/#primaryimage\"},\"image\":{\"@id\":\"https:\\\/\\\/www.lraloeverashop.eu\\\/pl\\\/produkt\\\/zestaw-do-pielegnacji-twarzy\\\/#primaryimage\"},\"thumbnailUrl\":\"https:\\\/\\\/www.lraloeverashop.eu\\\/wp-content\\\/uploads\\\/2024\\\/11\\\/Face-Cream-for-dry-Skin.jpg\",\"datePublished\":\"2024-11-04T15:58:39+00:00\",\"dateModified\":\"2026-04-27T18:26:26+00:00\",\"description\":\"Odmie\u0144 swoj\u0105 such\u0105 sk\u00f3r\u0119 z naszym zestawem do piel\u0119gnacji twarzy z aloesem. Ciesz si\u0119 pi\u0119kn\u0105 i promienn\u0105 sk\u00f3r\u0105 dzi\u0119ki 50% zawarto\u015bci aloesu. Zam\u00f3w ju\u017c dzi\u015b!\",\"breadcrumb\":{\"@id\":\"https:\\\/\\\/www.lraloeverashop.eu\\\/pl\\\/produkt\\\/zestaw-do-pielegnacji-twarzy\\\/#breadcrumb\"},\"inLanguage\":\"pl-PL\",\"potentialAction\":[{\"@type\":\"ReadAction\",\"target\":[\"https:\\\/\\\/www.lraloeverashop.eu\\\/pl\\\/produkt\\\/zestaw-do-pielegnacji-twarzy\\\/\"]}]},{\"@type\":\"ImageObject\",\"inLanguage\":\"pl-PL\",\"@id\":\"https:\\\/\\\/www.lraloeverashop.eu\\\/pl\\\/produkt\\\/zestaw-do-pielegnacji-twarzy\\\/#primaryimage\",\"url\":\"https:\\\/\\\/www.lraloeverashop.eu\\\/wp-content\\\/uploads\\\/2024\\\/11\\\/Face-Cream-for-dry-Skin.jpg\",\"contentUrl\":\"https:\\\/\\\/www.lraloeverashop.eu\\\/wp-content\\\/uploads\\\/2024\\\/11\\\/Face-Cream-for-dry-Skin.jpg\",\"width\":1200,\"height\":1200,\"caption\":\"Krem do suchej sk\u00f3ry twarzy\"},{\"@type\":\"BreadcrumbList\",\"@id\":\"https:\\\/\\\/www.lraloeverashop.eu\\\/pl\\\/produkt\\\/zestaw-do-pielegnacji-twarzy\\\/#breadcrumb\",\"itemListElement\":[{\"@type\":\"ListItem\",\"position\":1,\"name\":\"Home\",\"item\":\"https:\\\/\\\/www.lraloeverashop.eu\\\/pl\\\/\"},{\"@type\":\"ListItem\",\"position\":2,\"name\":\"Sklep\",\"item\":\"https:\\\/\\\/www.lraloeverashop.eu\\\/pl\\\/sklep\\\/\"},{\"@type\":\"ListItem\",\"position\":3,\"name\":\"Zestaw do piel\u0119gnacji twarzy\"}]},{\"@type\":\"WebSite\",\"@id\":\"https:\\\/\\\/www.lraloeverashop.eu\\\/pl\\\/#website\",\"url\":\"https:\\\/\\\/www.lraloeverashop.eu\\\/pl\\\/\",\"name\":\"Lr Aloe Vera Shop\",\"description\":\"High Quality Lr Aloe Vera Gel, Aloe Vera Cream and Shampoo\",\"publisher\":{\"@id\":\"https:\\\/\\\/www.lraloeverashop.eu\\\/pl\\\/#organization\"},\"alternateName\":\"LR\",\"potentialAction\":[{\"@type\":\"SearchAction\",\"target\":{\"@type\":\"EntryPoint\",\"urlTemplate\":\"https:\\\/\\\/www.lraloeverashop.eu\\\/pl\\\/?s={search_term_string}\"},\"query-input\":{\"@type\":\"PropertyValueSpecification\",\"valueRequired\":true,\"valueName\":\"search_term_string\"}}],\"inLanguage\":\"pl-PL\"},{\"@type\":\"Organization\",\"@id\":\"https:\\\/\\\/www.lraloeverashop.eu\\\/pl\\\/#organization\",\"name\":\"Sklep Lr Aloe Vera\",\"alternateName\":\"LR\",\"url\":\"https:\\\/\\\/www.lraloeverashop.eu\\\/pl\\\/\",\"logo\":{\"@type\":\"ImageObject\",\"inLanguage\":\"pl-PL\",\"@id\":\"https:\\\/\\\/www.lraloeverashop.eu\\\/pl\\\/#\\\/schema\\\/logo\\\/image\\\/\",\"url\":\"https:\\\/\\\/www.lraloeverashop.eu\\\/wp-content\\\/uploads\\\/2022\\\/09\\\/cropped-Lr-Aloe-Vera-Shop.jpg\",\"contentUrl\":\"https:\\\/\\\/www.lraloeverashop.eu\\\/wp-content\\\/uploads\\\/2022\\\/09\\\/cropped-Lr-Aloe-Vera-Shop.jpg\",\"width\":228,\"height\":76,\"caption\":\"Sklep Lr Aloe Vera\"},\"image\":{\"@id\":\"https:\\\/\\\/www.lraloeverashop.eu\\\/pl\\\/#\\\/schema\\\/logo\\\/image\\\/\"},\"sameAs\":[\"https:\\\/\\\/www.facebook.com\\\/lraloeverashop.eu\",\"https:\\\/\\\/x.com\\\/natur__kosmetik\",\"https:\\\/\\\/www.youtube.com\\\/channel\\\/UC5oN7BJ8nfYb8RpVtjwDEBA\",\"https:\\\/\\\/www.instagram.com\\\/lrbeautyeu\\\/\"],\"description\":\"Sklep LR Aloe Vera to Twoje zaufane \u017ar\u00f3d\u0142o wysokiej jako\u015bci produkt\u00f3w LR Health & Beauty wyprodukowanych w Niemczech. Oferujemy wysokiej jako\u015bci produkty do piel\u0119gnacji sk\u00f3ry, od\u017cywiania i przeciwstarzeniowe z aloesem, stworzone z czystych sk\u0142adnik\u00f3w i poparte badaniami naukowymi. Odkryj naturaln\u0105 piel\u0119gnacj\u0119, kt\u00f3ra regeneruje, chroni i rewitalizuje Twoj\u0105 sk\u00f3r\u0119 \u2014 i korzystaj z ekskluzywnych comiesi\u0119cznych ofert na nasze bestsellerowe produkty LR Aloe Vera.\\nRozpocznij swoj\u0105 naturaln\u0105 piel\u0119gnacj\u0119 sk\u00f3ry ju\u017c dzi\u015b i poczuj r\u00f3\u017cnic\u0119.\",\"email\":\"info@lraloeverashop.eu\",\"telephone\":\"+49 17670609653\",\"legalName\":\"Lr Aloe Vera Shop\",\"foundingDate\":\"2018-04-21\",\"numberOfEmployees\":{\"@type\":\"QuantitativeValue\",\"minValue\":\"1\",\"maxValue\":\"10\"}}]}<\/script>\n<meta property=\"product:price:amount\" content=\"63.99\" \/>\n<meta property=\"product:price:currency\" content=\"EUR\" \/>\n<meta property=\"og:availability\" content=\"out of stock\" \/>\n<meta property=\"product:availability\" content=\"out of stock\" \/>\n<meta property=\"product:retailer_item_id\" content=\"20817-101PL\" \/>\n<meta property=\"product:condition\" content=\"new\" \/>\n<!-- \/ Yoast SEO Premium plugin. -->","yoast_head_json":{"title":"Zestaw do piel\u0119gnacji twarzy - Nawil\u017canie przez 24 godzin","description":"Odmie\u0144 swoj\u0105 such\u0105 sk\u00f3r\u0119 z naszym zestawem do piel\u0119gnacji twarzy z aloesem. Ciesz si\u0119 pi\u0119kn\u0105 i promienn\u0105 sk\u00f3r\u0105 dzi\u0119ki 50% zawarto\u015bci aloesu. Zam\u00f3w ju\u017c dzi\u015b!","robots":{"index":"index","follow":"follow","max-snippet":"max-snippet:-1","max-image-preview":"max-image-preview:large","max-video-preview":"max-video-preview:-1"},"canonical":"https:\/\/www.lraloeverashop.eu\/pl\/produkt\/zestaw-do-pielegnacji-twarzy\/","og_locale":"pl_PL","og_type":"article","og_title":"Zestaw do piel\u0119gnacji twarzy","og_description":"Odmie\u0144 swoj\u0105 such\u0105 sk\u00f3r\u0119 z naszym zestawem do piel\u0119gnacji twarzy z aloesem. Ciesz si\u0119 pi\u0119kn\u0105 i promienn\u0105 sk\u00f3r\u0105 dzi\u0119ki 50% zawarto\u015bci aloesu. Zam\u00f3w ju\u017c dzi\u015b!","og_url":"https:\/\/www.lraloeverashop.eu\/pl\/produkt\/zestaw-do-pielegnacji-twarzy\/","og_site_name":"Lr Aloe Vera Shop","article_publisher":"https:\/\/www.facebook.com\/lraloeverashop.eu","article_modified_time":"2026-04-27T18:26:26+00:00","og_image":[{"width":1200,"height":1200,"url":"https:\/\/www.lraloeverashop.eu\/wp-content\/uploads\/2024\/11\/Face-Cream-for-dry-Skin.jpg","type":"image\/jpeg"}],"twitter_card":"summary_large_image","twitter_site":"@natur__kosmetik","schema":{"@context":"https:\/\/schema.org","@graph":[{"@type":["WebPage","ItemPage"],"@id":"https:\/\/www.lraloeverashop.eu\/pl\/produkt\/zestaw-do-pielegnacji-twarzy\/","url":"https:\/\/www.lraloeverashop.eu\/pl\/produkt\/zestaw-do-pielegnacji-twarzy\/","name":"Zestaw do piel\u0119gnacji twarzy - Nawil\u017canie przez 24 godzin","isPartOf":{"@id":"https:\/\/www.lraloeverashop.eu\/pl\/#website"},"primaryImageOfPage":{"@id":"https:\/\/www.lraloeverashop.eu\/pl\/produkt\/zestaw-do-pielegnacji-twarzy\/#primaryimage"},"image":{"@id":"https:\/\/www.lraloeverashop.eu\/pl\/produkt\/zestaw-do-pielegnacji-twarzy\/#primaryimage"},"thumbnailUrl":"https:\/\/www.lraloeverashop.eu\/wp-content\/uploads\/2024\/11\/Face-Cream-for-dry-Skin.jpg","datePublished":"2024-11-04T15:58:39+00:00","dateModified":"2026-04-27T18:26:26+00:00","description":"Odmie\u0144 swoj\u0105 such\u0105 sk\u00f3r\u0119 z naszym zestawem do piel\u0119gnacji twarzy z aloesem. Ciesz si\u0119 pi\u0119kn\u0105 i promienn\u0105 sk\u00f3r\u0105 dzi\u0119ki 50% zawarto\u015bci aloesu. Zam\u00f3w ju\u017c dzi\u015b!","breadcrumb":{"@id":"https:\/\/www.lraloeverashop.eu\/pl\/produkt\/zestaw-do-pielegnacji-twarzy\/#breadcrumb"},"inLanguage":"pl-PL","potentialAction":[{"@type":"ReadAction","target":["https:\/\/www.lraloeverashop.eu\/pl\/produkt\/zestaw-do-pielegnacji-twarzy\/"]}]},{"@type":"ImageObject","inLanguage":"pl-PL","@id":"https:\/\/www.lraloeverashop.eu\/pl\/produkt\/zestaw-do-pielegnacji-twarzy\/#primaryimage","url":"https:\/\/www.lraloeverashop.eu\/wp-content\/uploads\/2024\/11\/Face-Cream-for-dry-Skin.jpg","contentUrl":"https:\/\/www.lraloeverashop.eu\/wp-content\/uploads\/2024\/11\/Face-Cream-for-dry-Skin.jpg","width":1200,"height":1200,"caption":"Krem do suchej sk\u00f3ry twarzy"},{"@type":"BreadcrumbList","@id":"https:\/\/www.lraloeverashop.eu\/pl\/produkt\/zestaw-do-pielegnacji-twarzy\/#breadcrumb","itemListElement":[{"@type":"ListItem","position":1,"name":"Home","item":"https:\/\/www.lraloeverashop.eu\/pl\/"},{"@type":"ListItem","position":2,"name":"Sklep","item":"https:\/\/www.lraloeverashop.eu\/pl\/sklep\/"},{"@type":"ListItem","position":3,"name":"Zestaw do piel\u0119gnacji twarzy"}]},{"@type":"WebSite","@id":"https:\/\/www.lraloeverashop.eu\/pl\/#website","url":"https:\/\/www.lraloeverashop.eu\/pl\/","name":"Lr Aloe Vera Shop","description":"High Quality Lr Aloe Vera Gel, Aloe Vera Cream and Shampoo","publisher":{"@id":"https:\/\/www.lraloeverashop.eu\/pl\/#organization"},"alternateName":"LR","potentialAction":[{"@type":"SearchAction","target":{"@type":"EntryPoint","urlTemplate":"https:\/\/www.lraloeverashop.eu\/pl\/?s={search_term_string}"},"query-input":{"@type":"PropertyValueSpecification","valueRequired":true,"valueName":"search_term_string"}}],"inLanguage":"pl-PL"},{"@type":"Organization","@id":"https:\/\/www.lraloeverashop.eu\/pl\/#organization","name":"Sklep Lr Aloe Vera","alternateName":"LR","url":"https:\/\/www.lraloeverashop.eu\/pl\/","logo":{"@type":"ImageObject","inLanguage":"pl-PL","@id":"https:\/\/www.lraloeverashop.eu\/pl\/#\/schema\/logo\/image\/","url":"https:\/\/www.lraloeverashop.eu\/wp-content\/uploads\/2022\/09\/cropped-Lr-Aloe-Vera-Shop.jpg","contentUrl":"https:\/\/www.lraloeverashop.eu\/wp-content\/uploads\/2022\/09\/cropped-Lr-Aloe-Vera-Shop.jpg","width":228,"height":76,"caption":"Sklep Lr Aloe Vera"},"image":{"@id":"https:\/\/www.lraloeverashop.eu\/pl\/#\/schema\/logo\/image\/"},"sameAs":["https:\/\/www.facebook.com\/lraloeverashop.eu","https:\/\/x.com\/natur__kosmetik","https:\/\/www.youtube.com\/channel\/UC5oN7BJ8nfYb8RpVtjwDEBA","https:\/\/www.instagram.com\/lrbeautyeu\/"],"description":"Sklep LR Aloe Vera to Twoje zaufane \u017ar\u00f3d\u0142o wysokiej jako\u015bci produkt\u00f3w LR Health & Beauty wyprodukowanych w Niemczech. Oferujemy wysokiej jako\u015bci produkty do piel\u0119gnacji sk\u00f3ry, od\u017cywiania i przeciwstarzeniowe z aloesem, stworzone z czystych sk\u0142adnik\u00f3w i poparte badaniami naukowymi. Odkryj naturaln\u0105 piel\u0119gnacj\u0119, kt\u00f3ra regeneruje, chroni i rewitalizuje Twoj\u0105 sk\u00f3r\u0119 \u2014 i korzystaj z ekskluzywnych comiesi\u0119cznych ofert na nasze bestsellerowe produkty LR Aloe Vera.\nRozpocznij swoj\u0105 naturaln\u0105 piel\u0119gnacj\u0119 sk\u00f3ry ju\u017c dzi\u015b i poczuj r\u00f3\u017cnic\u0119.","email":"info@lraloeverashop.eu","telephone":"+49 17670609653","legalName":"Lr Aloe Vera Shop","foundingDate":"2018-04-21","numberOfEmployees":{"@type":"QuantitativeValue","minValue":"1","maxValue":"10"}}]},"product_price_amount":"63.99","product_price_currency":"EUR","og_availability":"out of stock","product_availability":"out of stock","product_retailer_item_id":"20817-101PL","product_condition":"new"},"taxonomy_info":{"product_cat":[{"value":1059,"label":"Aloe Vera"},{"value":1090,"label":"Oferty"},{"value":1063,"label":"Piel\u0119gnacja twarzy"}],"product_tag":[{"value":1130,"label":"sucha sk\u00f3ra"}]},"featured_image_src_large":["https:\/\/www.lraloeverashop.eu\/wp-content\/uploads\/2024\/11\/Face-Cream-for-dry-Skin-1024x1024.jpg",1024,1024,true],"author_info":[],"comment_info":0,"_links":{"self":[{"href":"https:\/\/www.lraloeverashop.eu\/pl\/wp-json\/wp\/v2\/product\/29130","targetHints":{"allow":["GET"]}}],"collection":[{"href":"https:\/\/www.lraloeverashop.eu\/pl\/wp-json\/wp\/v2\/product"}],"about":[{"href":"https:\/\/www.lraloeverashop.eu\/pl\/wp-json\/wp\/v2\/types\/product"}],"replies":[{"embeddable":true,"href":"https:\/\/www.lraloeverashop.eu\/pl\/wp-json\/wp\/v2\/comments?post=29130"}],"wp:featuredmedia":[{"embeddable":true,"href":"https:\/\/www.lraloeverashop.eu\/pl\/wp-json\/wp\/v2\/media\/26875"}],"wp:attachment":[{"href":"https:\/\/www.lraloeverashop.eu\/pl\/wp-json\/wp\/v2\/media?parent=29130"}],"wp:term":[{"taxonomy":"product_brand","embeddable":true,"href":"https:\/\/www.lraloeverashop.eu\/pl\/wp-json\/wp\/v2\/product_brand?post=29130"},{"taxonomy":"product_cat","embeddable":true,"href":"https:\/\/www.lraloeverashop.eu\/pl\/wp-json\/wp\/v2\/product_cat?post=29130"},{"taxonomy":"product_tag","embeddable":true,"href":"https:\/\/www.lraloeverashop.eu\/pl\/wp-json\/wp\/v2\/product_tag?post=29130"}],"curies":[{"name":"wp","href":"https:\/\/api.w.org\/{rel}","templated":true}]}}