{"id":29075,"date":"2022-10-20T15:16:16","date_gmt":"2022-10-20T13:16:16","guid":{"rendered":"https:\/\/www.lraloeverashop.eu\/product\/urzadzenie-do-oczyszczania-twarzy\/"},"modified":"2025-12-15T09:09:50","modified_gmt":"2025-12-15T08:09:50","slug":"urzadzenie-do-oczyszczania-twarzy","status":"publish","type":"product","link":"https:\/\/www.lraloeverashop.eu\/pl\/produkt\/urzadzenie-do-oczyszczania-twarzy\/","title":{"rendered":"Urz\u0105dzenie do Oczyszczania Twarzy Zeitgard Pro"},"content":{"rendered":"<h2><span style=\"font-size: 16pt;\"><strong>Urz\u0105dzenie do Oczyszczania Twarzy<\/strong><\/span><\/h2>\n<p><span style=\"font-size: 14pt;\"><strong>Urz\u0105dzenie do Oczyszczania Twarzy Zeitgard Pro &#8211; profesjonalna szczoteczka oczyszczaj\u0105ca do delikatnego, g\u0142\u0119bokiego oczyszczania sk\u00f3ry!<\/strong><\/span><\/p>\n<p>Dok\u0142adne oczyszczanie twarzy za pomoc\u0105 Urz\u0105dzenia do Oczyszczania Twarzy Zeitgard Pro jest szczeg\u00f3lnie wa\u017cne, poniewa\u017c drobne cz\u0105steczki brudu i resztki makija\u017cu negatywnie wp\u0142ywaj\u0105 na kondycj\u0119 sk\u00f3ry.<\/p>\n<p data-start=\"405\" data-end=\"1000\">Dzi\u0119ki technologii Microsilver, szczoteczka Urz\u0105dzenia do Oczyszczania Twarzy\u00a0zapewnia higieniczne oczyszczanie twarzy nawet przez 3 miesi\u0105ce. Po tym czasie wystarczy wymieni\u0107 ko\u0144c\u00f3wk\u0119 na now\u0105, aby ponownie cieszy\u0107 si\u0119 idealnym efektem czystej sk\u00f3ry.<br data-start=\"667\" data-end=\"670\" \/>Urz\u0105dzenie do Oczyszczania Twarzy Zeitgard Pro za ka\u017cdym razem do\u015bwiadcza\u00a0delikatnego, a jednocze\u015bnie skutecznego oczyszczania. Wystarczy zdj\u0105\u0107 zu\u017cyt\u0105 ko\u0144c\u00f3wk\u0119 i zamontowa\u0107 now\u0105 \u2014 Twoje urz\u0105dzenie zn\u00f3w b\u0119dzie jak nowe!<br data-start=\"889\" data-end=\"892\" \/>Antybakteryjna technologia Microsilver zawarta we w\u0142\u00f3knach szczoteczki chroni przed rozwojem bakterii.<\/p>\n<p><img loading=\"lazy\" decoding=\"async\" class=\"aligncenter wp-image-3133\" src=\"https:\/\/www.lraloeverashop.eu\/wp-content\/uploads\/2022\/10\/Lr-Zeitgard-Pro-Face-Cleansing-Brush-in-use-1024x360.jpg\" alt=\"Lr Zeitgard Pro Face Cleansing Brush in use\" width=\"1254\" height=\"441\" srcset=\"https:\/\/www.lraloeverashop.eu\/wp-content\/uploads\/2022\/10\/Lr-Zeitgard-Pro-Face-Cleansing-Brush-in-use-1024x360.jpg 1024w, https:\/\/www.lraloeverashop.eu\/wp-content\/uploads\/2022\/10\/Lr-Zeitgard-Pro-Face-Cleansing-Brush-in-use-600x211.jpg 600w, https:\/\/www.lraloeverashop.eu\/wp-content\/uploads\/2022\/10\/Lr-Zeitgard-Pro-Face-Cleansing-Brush-in-use-300x105.jpg 300w, https:\/\/www.lraloeverashop.eu\/wp-content\/uploads\/2022\/10\/Lr-Zeitgard-Pro-Face-Cleansing-Brush-in-use-768x270.jpg 768w, https:\/\/www.lraloeverashop.eu\/wp-content\/uploads\/2022\/10\/Lr-Zeitgard-Pro-Face-Cleansing-Brush-in-use-1536x540.jpg 1536w, https:\/\/www.lraloeverashop.eu\/wp-content\/uploads\/2022\/10\/Lr-Zeitgard-Pro-Face-Cleansing-Brush-in-use-2048x720.jpg 2048w\" sizes=\"auto, (max-width: 1254px) 100vw, 1254px\" \/><\/p>\n<p>&nbsp;<\/p>\n<h3><span style=\"font-size: 16pt;\"><strong>Jak U\u017cywa\u0107\u00a0<\/strong><\/span><\/h3>\n<p>KROK 1:<br \/>\nZwil\u017c twarz wod\u0105 i na\u0142\u00f3\u017c krem oczyszczaj\u0105cy Lr Zeitgard.<br \/>\nW\u0142\u0105cz Urz\u0105dzenie do Oczyszczania Twarzy Zeitgard Pro i delikatnie oczy\u015b\u0107 lew\u0105 i praw\u0105 stron\u0119 twarzy oraz czo\u0142o (stref\u0119 T), po\u015bwi\u0119caj\u0105c oko\u0142o 20 sekund na ka\u017cd\u0105 parti\u0119.<\/p>\n<p>KROK 2:<br \/>\nPo zako\u0144czeniu oczyszczania przemyj twarz tonikiem do twarzy, aby przywr\u00f3ci\u0107 jej \u015bwie\u017co\u015b\u0107 i odpowiednie pH.<\/p>\n<h4><span style=\"font-size: 16pt;\"><strong>Czy wiesz, \u017ce&#8230;?<\/strong><\/span><\/h4>\n<p>Badania* potwierdzaj\u0105, \u017ce Urz\u0105dzenie do Oczyszczania Twarzy Zeitgard Pro to wyj\u0105tkowo skuteczny system oczyszczania sk\u00f3ry, kt\u00f3ry dociera a\u017c do por\u00f3w.<br \/>\nCzy\u015bci sk\u00f3r\u0119 do 10 razy skuteczniej ni\u017c tradycyjne, manualne oczyszczanie.<\/p>\n<p>W\u0142\u00f3kna szczoteczki wykonuj\u0105 ponad 7 000 ruch\u00f3w na minut\u0119, usuwaj\u0105c nawet silne zabrudzenia i makija\u017c, pozostawiaj\u0105c cer\u0119 widocznie g\u0142adsz\u0105 i bardziej promienn\u0105.<\/p>\n<p>Unikalna koncepcja higieniczna Zeitgard zosta\u0142a przetestowana przez renomowany niemiecki instytut.<br \/>\nW\u0142\u00f3kna g\u0142owicy szczoteczki, opracowane specjalnie dla LR, s\u0105 pokryte antybakteryjnym Microsilver BG\u2122, co zapewnia higieniczn\u0105 czysto\u015b\u0107 przez okres do 3 miesi\u0119cy.<\/p>\n<p>*Badanie naukowe przeprowadzone przez renomowany instytut Dermatest GmbH.<br \/>\nOkres testowy: 6 tygodni (koniec stycznia \u2013 pocz\u0105tek marca 2015), liczba uczestnik\u00f3w: 40 os\u00f3b.<\/p>\n","protected":false},"excerpt":{"rendered":"<ul>\n<li>Zestaw zawiera Zeitgard Pro, szczoteczk\u0119 do oczyszczania twarzy i adapter<\/li>\n<li>Oczyszcza sk\u00f3r\u0119 do 10 razy skuteczniej ni\u017c oczyszczanie r\u0119czne<\/li>\n<li>Pozwala uzyska\u0107 wyrafinowany, wyg\u0142adzony obraz sk\u00f3ry, optymalnie przygotowanej do piel\u0119gnacji<\/li>\n<li>Z serii Zeitgard Pro Skin Care<\/li>\n<li>Studio urody w domu<\/li>\n<li>Wyprodukowano w Niemczech<\/li>\n<\/ul>\n<p>&nbsp;<\/p>\n","protected":false},"featured_media":27065,"comment_status":"open","ping_status":"closed","template":"","meta":{"_kad_blocks_custom_css":"","_kad_blocks_head_custom_js":"","_kad_blocks_body_custom_js":"","_kad_blocks_footer_custom_js":"","_kadence_starter_templates_imported_post":false,"_kad_post_transparent":"default","_kad_post_title":"","_kad_post_layout":"default","_kad_post_sidebar_id":"","_kad_post_content_style":"default","_kad_post_vertical_padding":"default","_kad_post_feature":"","_kad_post_feature_position":"","_kad_post_header":false,"_kad_post_footer":false,"_kad_post_classname":""},"product_brand":[],"product_cat":[1072,1071,1070,1090,1069,1073],"product_tag":[1133],"class_list":{"0":"post-29075","1":"product","2":"type-product","3":"status-publish","4":"has-post-thumbnail","6":"product_cat-kobiety-do-40","7":"product_cat-kobiety-po-40","8":"product_cat-mezczyzni-powyzej-25-lat","9":"product_cat-oferty","10":"product_cat-pielegnacja-anti-age","11":"product_cat-zeitgard-pro-pl","12":"product_tag-oczyszczanie-twarzy","14":"first","15":"instock","16":"sale","17":"taxable","18":"shipping-taxable","19":"purchasable","20":"product-type-simple","21":"entry","22":"content-bg","23":"loop-entry"},"yoast_head":"<!-- This site is optimized with the Yoast SEO Premium plugin v27.5 (Yoast SEO v27.5) - https:\/\/yoast.com\/product\/yoast-seo-premium-wordpress\/ -->\n<title>Urz\u0105dzenie do Oczyszczania Twarzy Zeitgard Pro \u2013 Czysta Cera<\/title>\n<meta name=\"description\" content=\"Urz\u0105dzenie do Oczyszczania Twarzy Zeitgard Pro usuwa makija\u017c i zanieczyszczenia, pozostawiaj\u0105c sk\u00f3r\u0119 g\u0142adk\u0105, \u015bwie\u017c\u0105 i pe\u0142n\u0105 blasku!\" \/>\n<meta name=\"robots\" content=\"index, follow, max-snippet:-1, max-image-preview:large, max-video-preview:-1\" \/>\n<link rel=\"canonical\" href=\"https:\/\/www.lraloeverashop.eu\/pl\/produkt\/urzadzenie-do-oczyszczania-twarzy\/\" \/>\n<meta property=\"og:locale\" content=\"pl_PL\" \/>\n<meta property=\"og:type\" content=\"article\" \/>\n<meta property=\"og:title\" content=\"Urz\u0105dzenie do Oczyszczania Twarzy Zeitgard Pro\" \/>\n<meta property=\"og:description\" content=\"Urz\u0105dzenie do Oczyszczania Twarzy Zeitgard Pro usuwa makija\u017c i zanieczyszczenia, pozostawiaj\u0105c sk\u00f3r\u0119 g\u0142adk\u0105, \u015bwie\u017c\u0105 i pe\u0142n\u0105 blasku!\" \/>\n<meta property=\"og:url\" content=\"https:\/\/www.lraloeverashop.eu\/pl\/produkt\/urzadzenie-do-oczyszczania-twarzy\/\" \/>\n<meta property=\"og:site_name\" content=\"Lr Aloe Vera Shop\" \/>\n<meta property=\"article:publisher\" content=\"https:\/\/www.facebook.com\/lraloeverashop.eu\" \/>\n<meta property=\"article:modified_time\" content=\"2025-12-15T08:09:50+00:00\" \/>\n<meta property=\"og:image\" content=\"https:\/\/www.lraloeverashop.eu\/wp-content\/uploads\/2022\/10\/Zeitgard-Skin-Cleansing-Kit.jpg\" \/>\n\t<meta property=\"og:image:width\" content=\"1200\" \/>\n\t<meta property=\"og:image:height\" content=\"1200\" \/>\n\t<meta property=\"og:image:type\" content=\"image\/jpeg\" \/>\n<meta name=\"twitter:card\" content=\"summary_large_image\" \/>\n<meta name=\"twitter:site\" content=\"@natur__kosmetik\" \/>\n<script type=\"application\/ld+json\" class=\"yoast-schema-graph\">{\"@context\":\"https:\\\/\\\/schema.org\",\"@graph\":[{\"@type\":[\"WebPage\",\"ItemPage\"],\"@id\":\"https:\\\/\\\/www.lraloeverashop.eu\\\/pl\\\/produkt\\\/urzadzenie-do-oczyszczania-twarzy\\\/\",\"url\":\"https:\\\/\\\/www.lraloeverashop.eu\\\/pl\\\/produkt\\\/urzadzenie-do-oczyszczania-twarzy\\\/\",\"name\":\"Urz\u0105dzenie do Oczyszczania Twarzy Zeitgard Pro \u2013 Czysta Cera\",\"isPartOf\":{\"@id\":\"https:\\\/\\\/www.lraloeverashop.eu\\\/pl\\\/#website\"},\"primaryImageOfPage\":{\"@id\":\"https:\\\/\\\/www.lraloeverashop.eu\\\/pl\\\/produkt\\\/urzadzenie-do-oczyszczania-twarzy\\\/#primaryimage\"},\"image\":{\"@id\":\"https:\\\/\\\/www.lraloeverashop.eu\\\/pl\\\/produkt\\\/urzadzenie-do-oczyszczania-twarzy\\\/#primaryimage\"},\"thumbnailUrl\":\"https:\\\/\\\/www.lraloeverashop.eu\\\/wp-content\\\/uploads\\\/2022\\\/10\\\/Zeitgard-Skin-Cleansing-Kit.jpg\",\"datePublished\":\"2022-10-20T13:16:16+00:00\",\"dateModified\":\"2025-12-15T08:09:50+00:00\",\"description\":\"Urz\u0105dzenie do Oczyszczania Twarzy Zeitgard Pro usuwa makija\u017c i zanieczyszczenia, pozostawiaj\u0105c sk\u00f3r\u0119 g\u0142adk\u0105, \u015bwie\u017c\u0105 i pe\u0142n\u0105 blasku!\",\"breadcrumb\":{\"@id\":\"https:\\\/\\\/www.lraloeverashop.eu\\\/pl\\\/produkt\\\/urzadzenie-do-oczyszczania-twarzy\\\/#breadcrumb\"},\"inLanguage\":\"pl-PL\",\"potentialAction\":[{\"@type\":\"ReadAction\",\"target\":[\"https:\\\/\\\/www.lraloeverashop.eu\\\/pl\\\/produkt\\\/urzadzenie-do-oczyszczania-twarzy\\\/\"]}]},{\"@type\":\"ImageObject\",\"inLanguage\":\"pl-PL\",\"@id\":\"https:\\\/\\\/www.lraloeverashop.eu\\\/pl\\\/produkt\\\/urzadzenie-do-oczyszczania-twarzy\\\/#primaryimage\",\"url\":\"https:\\\/\\\/www.lraloeverashop.eu\\\/wp-content\\\/uploads\\\/2022\\\/10\\\/Zeitgard-Skin-Cleansing-Kit.jpg\",\"contentUrl\":\"https:\\\/\\\/www.lraloeverashop.eu\\\/wp-content\\\/uploads\\\/2022\\\/10\\\/Zeitgard-Skin-Cleansing-Kit.jpg\",\"width\":1200,\"height\":1200,\"caption\":\"Urz\u0105dzenie do Oczyszczania Twarzy Zeitgard Pro w domu\"},{\"@type\":\"BreadcrumbList\",\"@id\":\"https:\\\/\\\/www.lraloeverashop.eu\\\/pl\\\/produkt\\\/urzadzenie-do-oczyszczania-twarzy\\\/#breadcrumb\",\"itemListElement\":[{\"@type\":\"ListItem\",\"position\":1,\"name\":\"Home\",\"item\":\"https:\\\/\\\/www.lraloeverashop.eu\\\/pl\\\/\"},{\"@type\":\"ListItem\",\"position\":2,\"name\":\"Sklep\",\"item\":\"https:\\\/\\\/www.lraloeverashop.eu\\\/pl\\\/sklep\\\/\"},{\"@type\":\"ListItem\",\"position\":3,\"name\":\"Urz\u0105dzenie do Oczyszczania Twarzy Zeitgard Pro\"}]},{\"@type\":\"WebSite\",\"@id\":\"https:\\\/\\\/www.lraloeverashop.eu\\\/pl\\\/#website\",\"url\":\"https:\\\/\\\/www.lraloeverashop.eu\\\/pl\\\/\",\"name\":\"Lr Aloe Vera Shop\",\"description\":\"High Quality Lr Aloe Vera Gel, Aloe Vera Cream and Shampoo\",\"publisher\":{\"@id\":\"https:\\\/\\\/www.lraloeverashop.eu\\\/pl\\\/#organization\"},\"alternateName\":\"LR\",\"potentialAction\":[{\"@type\":\"SearchAction\",\"target\":{\"@type\":\"EntryPoint\",\"urlTemplate\":\"https:\\\/\\\/www.lraloeverashop.eu\\\/pl\\\/?s={search_term_string}\"},\"query-input\":{\"@type\":\"PropertyValueSpecification\",\"valueRequired\":true,\"valueName\":\"search_term_string\"}}],\"inLanguage\":\"pl-PL\"},{\"@type\":\"Organization\",\"@id\":\"https:\\\/\\\/www.lraloeverashop.eu\\\/pl\\\/#organization\",\"name\":\"Sklep Lr Aloe Vera\",\"alternateName\":\"LR\",\"url\":\"https:\\\/\\\/www.lraloeverashop.eu\\\/pl\\\/\",\"logo\":{\"@type\":\"ImageObject\",\"inLanguage\":\"pl-PL\",\"@id\":\"https:\\\/\\\/www.lraloeverashop.eu\\\/pl\\\/#\\\/schema\\\/logo\\\/image\\\/\",\"url\":\"https:\\\/\\\/www.lraloeverashop.eu\\\/wp-content\\\/uploads\\\/2022\\\/09\\\/cropped-Lr-Aloe-Vera-Shop.jpg\",\"contentUrl\":\"https:\\\/\\\/www.lraloeverashop.eu\\\/wp-content\\\/uploads\\\/2022\\\/09\\\/cropped-Lr-Aloe-Vera-Shop.jpg\",\"width\":228,\"height\":76,\"caption\":\"Sklep Lr Aloe Vera\"},\"image\":{\"@id\":\"https:\\\/\\\/www.lraloeverashop.eu\\\/pl\\\/#\\\/schema\\\/logo\\\/image\\\/\"},\"sameAs\":[\"https:\\\/\\\/www.facebook.com\\\/lraloeverashop.eu\",\"https:\\\/\\\/x.com\\\/natur__kosmetik\",\"https:\\\/\\\/www.youtube.com\\\/channel\\\/UC5oN7BJ8nfYb8RpVtjwDEBA\",\"https:\\\/\\\/www.instagram.com\\\/lrbeautyeu\\\/\"],\"description\":\"Sklep LR Aloe Vera to Twoje zaufane \u017ar\u00f3d\u0142o wysokiej jako\u015bci produkt\u00f3w LR Health & Beauty wyprodukowanych w Niemczech. Oferujemy wysokiej jako\u015bci produkty do piel\u0119gnacji sk\u00f3ry, od\u017cywiania i przeciwstarzeniowe z aloesem, stworzone z czystych sk\u0142adnik\u00f3w i poparte badaniami naukowymi. Odkryj naturaln\u0105 piel\u0119gnacj\u0119, kt\u00f3ra regeneruje, chroni i rewitalizuje Twoj\u0105 sk\u00f3r\u0119 \u2014 i korzystaj z ekskluzywnych comiesi\u0119cznych ofert na nasze bestsellerowe produkty LR Aloe Vera.\\nRozpocznij swoj\u0105 naturaln\u0105 piel\u0119gnacj\u0119 sk\u00f3ry ju\u017c dzi\u015b i poczuj r\u00f3\u017cnic\u0119.\",\"email\":\"info@lraloeverashop.eu\",\"telephone\":\"+49 17670609653\",\"legalName\":\"Lr Aloe Vera Shop\",\"foundingDate\":\"2018-04-21\",\"numberOfEmployees\":{\"@type\":\"QuantitativeValue\",\"minValue\":\"1\",\"maxValue\":\"10\"}}]}<\/script>\n<meta property=\"product:price:amount\" content=\"175.99\" \/>\n<meta property=\"product:price:currency\" content=\"EUR\" \/>\n<meta property=\"og:availability\" content=\"instock\" \/>\n<meta property=\"product:availability\" content=\"instock\" \/>\n<meta property=\"product:retailer_item_id\" content=\"70110-1PL\" \/>\n<meta property=\"product:condition\" content=\"new\" \/>\n<!-- \/ Yoast SEO Premium plugin. -->","yoast_head_json":{"title":"Urz\u0105dzenie do Oczyszczania Twarzy Zeitgard Pro \u2013 Czysta Cera","description":"Urz\u0105dzenie do Oczyszczania Twarzy Zeitgard Pro usuwa makija\u017c i zanieczyszczenia, pozostawiaj\u0105c sk\u00f3r\u0119 g\u0142adk\u0105, \u015bwie\u017c\u0105 i pe\u0142n\u0105 blasku!","robots":{"index":"index","follow":"follow","max-snippet":"max-snippet:-1","max-image-preview":"max-image-preview:large","max-video-preview":"max-video-preview:-1"},"canonical":"https:\/\/www.lraloeverashop.eu\/pl\/produkt\/urzadzenie-do-oczyszczania-twarzy\/","og_locale":"pl_PL","og_type":"article","og_title":"Urz\u0105dzenie do Oczyszczania Twarzy Zeitgard Pro","og_description":"Urz\u0105dzenie do Oczyszczania Twarzy Zeitgard Pro usuwa makija\u017c i zanieczyszczenia, pozostawiaj\u0105c sk\u00f3r\u0119 g\u0142adk\u0105, \u015bwie\u017c\u0105 i pe\u0142n\u0105 blasku!","og_url":"https:\/\/www.lraloeverashop.eu\/pl\/produkt\/urzadzenie-do-oczyszczania-twarzy\/","og_site_name":"Lr Aloe Vera Shop","article_publisher":"https:\/\/www.facebook.com\/lraloeverashop.eu","article_modified_time":"2025-12-15T08:09:50+00:00","og_image":[{"width":1200,"height":1200,"url":"https:\/\/www.lraloeverashop.eu\/wp-content\/uploads\/2022\/10\/Zeitgard-Skin-Cleansing-Kit.jpg","type":"image\/jpeg"}],"twitter_card":"summary_large_image","twitter_site":"@natur__kosmetik","schema":{"@context":"https:\/\/schema.org","@graph":[{"@type":["WebPage","ItemPage"],"@id":"https:\/\/www.lraloeverashop.eu\/pl\/produkt\/urzadzenie-do-oczyszczania-twarzy\/","url":"https:\/\/www.lraloeverashop.eu\/pl\/produkt\/urzadzenie-do-oczyszczania-twarzy\/","name":"Urz\u0105dzenie do Oczyszczania Twarzy Zeitgard Pro \u2013 Czysta Cera","isPartOf":{"@id":"https:\/\/www.lraloeverashop.eu\/pl\/#website"},"primaryImageOfPage":{"@id":"https:\/\/www.lraloeverashop.eu\/pl\/produkt\/urzadzenie-do-oczyszczania-twarzy\/#primaryimage"},"image":{"@id":"https:\/\/www.lraloeverashop.eu\/pl\/produkt\/urzadzenie-do-oczyszczania-twarzy\/#primaryimage"},"thumbnailUrl":"https:\/\/www.lraloeverashop.eu\/wp-content\/uploads\/2022\/10\/Zeitgard-Skin-Cleansing-Kit.jpg","datePublished":"2022-10-20T13:16:16+00:00","dateModified":"2025-12-15T08:09:50+00:00","description":"Urz\u0105dzenie do Oczyszczania Twarzy Zeitgard Pro usuwa makija\u017c i zanieczyszczenia, pozostawiaj\u0105c sk\u00f3r\u0119 g\u0142adk\u0105, \u015bwie\u017c\u0105 i pe\u0142n\u0105 blasku!","breadcrumb":{"@id":"https:\/\/www.lraloeverashop.eu\/pl\/produkt\/urzadzenie-do-oczyszczania-twarzy\/#breadcrumb"},"inLanguage":"pl-PL","potentialAction":[{"@type":"ReadAction","target":["https:\/\/www.lraloeverashop.eu\/pl\/produkt\/urzadzenie-do-oczyszczania-twarzy\/"]}]},{"@type":"ImageObject","inLanguage":"pl-PL","@id":"https:\/\/www.lraloeverashop.eu\/pl\/produkt\/urzadzenie-do-oczyszczania-twarzy\/#primaryimage","url":"https:\/\/www.lraloeverashop.eu\/wp-content\/uploads\/2022\/10\/Zeitgard-Skin-Cleansing-Kit.jpg","contentUrl":"https:\/\/www.lraloeverashop.eu\/wp-content\/uploads\/2022\/10\/Zeitgard-Skin-Cleansing-Kit.jpg","width":1200,"height":1200,"caption":"Urz\u0105dzenie do Oczyszczania Twarzy Zeitgard Pro w domu"},{"@type":"BreadcrumbList","@id":"https:\/\/www.lraloeverashop.eu\/pl\/produkt\/urzadzenie-do-oczyszczania-twarzy\/#breadcrumb","itemListElement":[{"@type":"ListItem","position":1,"name":"Home","item":"https:\/\/www.lraloeverashop.eu\/pl\/"},{"@type":"ListItem","position":2,"name":"Sklep","item":"https:\/\/www.lraloeverashop.eu\/pl\/sklep\/"},{"@type":"ListItem","position":3,"name":"Urz\u0105dzenie do Oczyszczania Twarzy Zeitgard Pro"}]},{"@type":"WebSite","@id":"https:\/\/www.lraloeverashop.eu\/pl\/#website","url":"https:\/\/www.lraloeverashop.eu\/pl\/","name":"Lr Aloe Vera Shop","description":"High Quality Lr Aloe Vera Gel, Aloe Vera Cream and Shampoo","publisher":{"@id":"https:\/\/www.lraloeverashop.eu\/pl\/#organization"},"alternateName":"LR","potentialAction":[{"@type":"SearchAction","target":{"@type":"EntryPoint","urlTemplate":"https:\/\/www.lraloeverashop.eu\/pl\/?s={search_term_string}"},"query-input":{"@type":"PropertyValueSpecification","valueRequired":true,"valueName":"search_term_string"}}],"inLanguage":"pl-PL"},{"@type":"Organization","@id":"https:\/\/www.lraloeverashop.eu\/pl\/#organization","name":"Sklep Lr Aloe Vera","alternateName":"LR","url":"https:\/\/www.lraloeverashop.eu\/pl\/","logo":{"@type":"ImageObject","inLanguage":"pl-PL","@id":"https:\/\/www.lraloeverashop.eu\/pl\/#\/schema\/logo\/image\/","url":"https:\/\/www.lraloeverashop.eu\/wp-content\/uploads\/2022\/09\/cropped-Lr-Aloe-Vera-Shop.jpg","contentUrl":"https:\/\/www.lraloeverashop.eu\/wp-content\/uploads\/2022\/09\/cropped-Lr-Aloe-Vera-Shop.jpg","width":228,"height":76,"caption":"Sklep Lr Aloe Vera"},"image":{"@id":"https:\/\/www.lraloeverashop.eu\/pl\/#\/schema\/logo\/image\/"},"sameAs":["https:\/\/www.facebook.com\/lraloeverashop.eu","https:\/\/x.com\/natur__kosmetik","https:\/\/www.youtube.com\/channel\/UC5oN7BJ8nfYb8RpVtjwDEBA","https:\/\/www.instagram.com\/lrbeautyeu\/"],"description":"Sklep LR Aloe Vera to Twoje zaufane \u017ar\u00f3d\u0142o wysokiej jako\u015bci produkt\u00f3w LR Health & Beauty wyprodukowanych w Niemczech. Oferujemy wysokiej jako\u015bci produkty do piel\u0119gnacji sk\u00f3ry, od\u017cywiania i przeciwstarzeniowe z aloesem, stworzone z czystych sk\u0142adnik\u00f3w i poparte badaniami naukowymi. Odkryj naturaln\u0105 piel\u0119gnacj\u0119, kt\u00f3ra regeneruje, chroni i rewitalizuje Twoj\u0105 sk\u00f3r\u0119 \u2014 i korzystaj z ekskluzywnych comiesi\u0119cznych ofert na nasze bestsellerowe produkty LR Aloe Vera.\nRozpocznij swoj\u0105 naturaln\u0105 piel\u0119gnacj\u0119 sk\u00f3ry ju\u017c dzi\u015b i poczuj r\u00f3\u017cnic\u0119.","email":"info@lraloeverashop.eu","telephone":"+49 17670609653","legalName":"Lr Aloe Vera Shop","foundingDate":"2018-04-21","numberOfEmployees":{"@type":"QuantitativeValue","minValue":"1","maxValue":"10"}}]},"product_price_amount":"175.99","product_price_currency":"EUR","og_availability":"instock","product_availability":"instock","product_retailer_item_id":"70110-1PL","product_condition":"new"},"taxonomy_info":{"product_cat":[{"value":1072,"label":"Kobiety do 40"},{"value":1071,"label":"Kobiety po 40"},{"value":1070,"label":"M\u0119\u017cczy\u017ani powy\u017cej 25 lat"},{"value":1090,"label":"Oferty"},{"value":1069,"label":"Piel\u0119gnacja Anti Age"},{"value":1073,"label":"Zeitgard Pro"}],"product_tag":[{"value":1133,"label":"oczyszczanie twarzy"}]},"featured_image_src_large":["https:\/\/www.lraloeverashop.eu\/wp-content\/uploads\/2022\/10\/Zeitgard-Skin-Cleansing-Kit-1024x1024.jpg",1024,1024,true],"author_info":[],"comment_info":0,"_links":{"self":[{"href":"https:\/\/www.lraloeverashop.eu\/pl\/wp-json\/wp\/v2\/product\/29075","targetHints":{"allow":["GET"]}}],"collection":[{"href":"https:\/\/www.lraloeverashop.eu\/pl\/wp-json\/wp\/v2\/product"}],"about":[{"href":"https:\/\/www.lraloeverashop.eu\/pl\/wp-json\/wp\/v2\/types\/product"}],"replies":[{"embeddable":true,"href":"https:\/\/www.lraloeverashop.eu\/pl\/wp-json\/wp\/v2\/comments?post=29075"}],"wp:featuredmedia":[{"embeddable":true,"href":"https:\/\/www.lraloeverashop.eu\/pl\/wp-json\/wp\/v2\/media\/27065"}],"wp:attachment":[{"href":"https:\/\/www.lraloeverashop.eu\/pl\/wp-json\/wp\/v2\/media?parent=29075"}],"wp:term":[{"taxonomy":"product_brand","embeddable":true,"href":"https:\/\/www.lraloeverashop.eu\/pl\/wp-json\/wp\/v2\/product_brand?post=29075"},{"taxonomy":"product_cat","embeddable":true,"href":"https:\/\/www.lraloeverashop.eu\/pl\/wp-json\/wp\/v2\/product_cat?post=29075"},{"taxonomy":"product_tag","embeddable":true,"href":"https:\/\/www.lraloeverashop.eu\/pl\/wp-json\/wp\/v2\/product_tag?post=29075"}],"curies":[{"name":"wp","href":"https:\/\/api.w.org\/{rel}","templated":true}]}}