{"id":29071,"date":"2022-10-21T14:17:50","date_gmt":"2022-10-21T12:17:50","guid":{"rendered":"https:\/\/www.lraloeverashop.eu\/product\/zelazko-do-twarzy-na-zmarszczki\/"},"modified":"2025-11-02T12:22:23","modified_gmt":"2025-11-02T11:22:23","slug":"zelazko-do-twarzy-na-zmarszczki","status":"publish","type":"product","link":"https:\/\/www.lraloeverashop.eu\/pl\/produkt\/zelazko-do-twarzy-na-zmarszczki\/","title":{"rendered":"\u017belazko do Twarzy na Zmarszczki Zeitgard Pro"},"content":{"rendered":"<h2><span style=\"font-size: 16pt;\"><strong>\u017belazko do Twarzy na Zmarszczki Zeitgard Pro<\/strong><\/span><\/h2>\n<p><span style=\"font-size: 14pt;\"><strong>\u017belazko do Twarzy na Zmarszczki Zeitgard Pro Redukuje linie i zmarszczki<\/strong><\/span><\/p>\n<p>Wraz z up\u0142ywem lat coraz bardziej widoczne staj\u0105 si\u0119 skutki braku odpowiedniego oczyszczania twarzy, niew\u0142a\u015bciwej piel\u0119gnacji, niedostatecznej ochrony przeciws\u0142onecznej, z\u0142ej diety czy stresu oksydacyjnego. Dodatkowo, naturalne procesy biologiczne sk\u00f3ry spowalniaj\u0105, a ich efektywno\u015b\u0107 maleje. Materia\u0142 organiczny kurczy si\u0119, struktura sk\u00f3ry traci napi\u0119cie, a rysy twarzy staj\u0105 si\u0119 bardziej zapadni\u0119te.<\/p>\n<p>\u017belazko do Twarzy na Zmarszczki Zeitgard Pro z wibracjami ultrad\u017awi\u0119kowymi dzia\u0142a jak pasywny trening konturowania mi\u0119\u015bni twarzy, przywracaj\u0105 kszta\u0142t zapadni\u0119tym obszarom sk\u00f3ry, wspomagaj\u0105 przep\u0142yw krwi, aktywnie stymuluj\u0105 spowolnione procesy biochemiczne tkanki i podwajaj\u0105 tworzenie kolagenu i elastyny w organizmie.<br \/>\nTwoja sk\u00f3ra staje si\u0119 bardziej j\u0119drna i napi\u0119ta, zwi\u0119ksza si\u0119 jej elastyczno\u015b\u0107, a tkanka \u0142\u0105czna zostaje wzmocniona. Zmarszczki mimiczne i linie przesuszenia staj\u0105 si\u0119 mniej widoczne.<\/p>\n<h3><span style=\"font-size: 16pt;\"><strong>Jak u\u017cywa\u0107 \u017belazko do Twarzy na Zmarszczki Zeitgard Pro<\/strong><\/span><\/h3>\n<p>Po dok\u0142adnym oczyszczeniu twarzy za pomoc\u0105 zestawu do oczyszczania twarzy lub nasadki do peelingu i toniku do twarzy Zeitgard, Twoja twarz jest gotowa na indywidualn\u0105 piel\u0119gnacj\u0119.<\/p>\n<p>Zacznij od na\u0142o\u017cenia preferowanego serum, a nast\u0119pnie kremu na dzie\u0144. U\u017cyj \u017belazko do twarzy Zeitgard Pro, aby powoli wmasowa\u0107 krem w policzki i stref\u0119 T.<\/p>\n<p>Nast\u0119pnie na\u0142\u00f3\u017c krem pod oczy. Mo\u017cesz ponownie u\u017cy\u0107 \u017belazko do wyg\u0142adzania twarzy, aby wmasowa\u0107 go w sk\u00f3r\u0119.<\/p>\n<h3><span style=\"font-size: 16pt;\"><strong>Wskaz\u00f3wka dotycz\u0105ca u\u017cytkowania powy\u017cej 40 lat<\/strong><\/span><\/h3>\n<p>Zalecamy \u017belazko do Twarzy na Zmarszczki i stosowanie kremu na dzie\u0144 Beauty Diamonds, je\u015bli masz ponad 40 lat. Uj\u0119drniaj\u0105cy krem przeciwstarzeniowy z gamy Beauty Diamonds wzmacnia sk\u00f3r\u0119 os\u00f3b w wieku 40 lat i starszych, stymuluj\u0105c tworzenie kolagenu, redukuj\u0105c zmarszczki i dbaj\u0105c o harmonijne kontury twarzy.<\/p>\n<p>Gama Beauty Diamonds gwarantuje wype\u0142nion\u0105 sk\u00f3r\u0119, j\u0119drne kontury i od\u017cywion\u0105 sk\u00f3r\u0119, a dzi\u0119ki unikalnemu systemowi transportu sk\u0142adnik\u00f3w aktywnych jej dzia\u0142anie mo\u017ce by\u0107 skierowane bezpo\u015brednio do ka\u017cdej kom\u00f3rki sk\u00f3ry.<\/p>\n<p><img loading=\"lazy\" decoding=\"async\" class=\"aligncenter wp-image-3131\" src=\"https:\/\/www.lraloeverashop.eu\/wp-content\/uploads\/2022\/10\/Lr-Zeitgard-Pro-Anti-Aging-Device-in-use-1024x337.jpg\" alt=\"\u017belazko do Twarzy na Zmarszczki Zeitgard Pro Efekty\" width=\"1170\" height=\"385\" srcset=\"https:\/\/www.lraloeverashop.eu\/wp-content\/uploads\/2022\/10\/Lr-Zeitgard-Pro-Anti-Aging-Device-in-use-1024x337.jpg 1024w, https:\/\/www.lraloeverashop.eu\/wp-content\/uploads\/2022\/10\/Lr-Zeitgard-Pro-Anti-Aging-Device-in-use-600x198.jpg 600w, https:\/\/www.lraloeverashop.eu\/wp-content\/uploads\/2022\/10\/Lr-Zeitgard-Pro-Anti-Aging-Device-in-use-300x99.jpg 300w, https:\/\/www.lraloeverashop.eu\/wp-content\/uploads\/2022\/10\/Lr-Zeitgard-Pro-Anti-Aging-Device-in-use-768x253.jpg 768w, https:\/\/www.lraloeverashop.eu\/wp-content\/uploads\/2022\/10\/Lr-Zeitgard-Pro-Anti-Aging-Device-in-use-1536x506.jpg 1536w, https:\/\/www.lraloeverashop.eu\/wp-content\/uploads\/2022\/10\/Lr-Zeitgard-Pro-Anti-Aging-Device-in-use-2048x674.jpg 2048w\" sizes=\"auto, (max-width: 1170px) 100vw, 1170px\" \/><\/p>\n<p>&nbsp;<\/p>\n<h3><span style=\"font-size: 16pt;\"><strong>Wskaz\u00f3wka dotycz\u0105ca u\u017cytkowania do 40 lat<\/strong><\/span><\/h3>\n<p>Na\u0142\u00f3\u017c krem Nanogold lub Platinum. Rozprowad\u017a ma\u0142e plamki kremu na twarzy i wmasuj je za pomoc\u0105 \u017belazka do twarzy na Zmarszczki Zeitgard Pro. Traktuj lew\u0105 i praw\u0105 stron\u0119 twarzy i czo\u0142o przez 30 sekund ka\u017cda.<br \/>\nZwr\u00f3\u0107 uwag\u0119 na ruchy okr\u0119\u017cne od wewn\u0105trz, na zewn\u0105trz i od do\u0142u do g\u00f3ry.<\/p>\n","protected":false},"excerpt":{"rendered":"<ul>\n<li>Zestaw do zabieg\u00f3w przeciwstarzeniowych<\/li>\n<li>1 x Zeitgard Pro, 1 x Nak\u0142adka wyg\u0142adzaj\u0105ca Zeitgard<\/li>\n<li>Wspiera kontury twarzy i ujednolica wygl\u0105d sk\u00f3ry<\/li>\n<li>Do wszystkich rodzaj\u00f3w sk\u00f3ry z oznakami starzenia<\/li>\n<li>Studio urody w domu<\/li>\n<li>Wyprodukowano w Niemczech<\/li>\n<\/ul>\n<p>&nbsp;<\/p>\n","protected":false},"featured_media":27063,"comment_status":"open","ping_status":"closed","template":"","meta":{"_kad_blocks_custom_css":"","_kad_blocks_head_custom_js":"","_kad_blocks_body_custom_js":"","_kad_blocks_footer_custom_js":"","_kadence_starter_templates_imported_post":false,"_kad_post_transparent":"default","_kad_post_title":"","_kad_post_layout":"default","_kad_post_sidebar_id":"","_kad_post_content_style":"default","_kad_post_vertical_padding":"default","_kad_post_feature":"","_kad_post_feature_position":"","_kad_post_header":false,"_kad_post_footer":false,"_kad_post_classname":""},"product_brand":[],"product_cat":[1072,1071,1070,1090,1069,1073],"product_tag":[1142,1143],"class_list":{"0":"post-29071","1":"product","2":"type-product","3":"status-publish","4":"has-post-thumbnail","6":"product_cat-kobiety-do-40","7":"product_cat-kobiety-po-40","8":"product_cat-mezczyzni-powyzej-25-lat","9":"product_cat-oferty","10":"product_cat-pielegnacja-anti-age","11":"product_cat-zeitgard-pro-pl","12":"product_tag-zmarszczki-na-twarzy","13":"product_tag-zmarszczki-pod-oczami","15":"first","16":"instock","17":"sale","18":"taxable","19":"shipping-taxable","20":"purchasable","21":"product-type-simple","22":"entry","23":"content-bg","24":"loop-entry"},"yoast_head":"<!-- This site is optimized with the Yoast SEO Premium plugin v27.5 (Yoast SEO v27.5) - https:\/\/yoast.com\/product\/yoast-seo-premium-wordpress\/ -->\n<title>\u017belazko do Twarzy na Zmarszczki Zeitgard Pro - Lifting w Domu<\/title>\n<meta name=\"description\" content=\"\u017belazko do Twarzy na Zmarszczki Zeitgard Pro uj\u0119drnia sk\u00f3r\u0119, redukuje zmarszczki i przywraca blask. Domowy efekt jak po zabiegu w SPA!\" \/>\n<meta name=\"robots\" content=\"index, follow, max-snippet:-1, max-image-preview:large, max-video-preview:-1\" \/>\n<link rel=\"canonical\" href=\"https:\/\/www.lraloeverashop.eu\/pl\/produkt\/zelazko-do-twarzy-na-zmarszczki\/\" \/>\n<meta property=\"og:locale\" content=\"pl_PL\" \/>\n<meta property=\"og:type\" content=\"article\" \/>\n<meta property=\"og:title\" content=\"\u017belazko do Twarzy na Zmarszczki Zeitgard Pro\" \/>\n<meta property=\"og:description\" content=\"\u017belazko do Twarzy na Zmarszczki Zeitgard Pro uj\u0119drnia sk\u00f3r\u0119, redukuje zmarszczki i przywraca blask. Domowy efekt jak po zabiegu w SPA!\" \/>\n<meta property=\"og:url\" content=\"https:\/\/www.lraloeverashop.eu\/pl\/produkt\/zelazko-do-twarzy-na-zmarszczki\/\" \/>\n<meta property=\"og:site_name\" content=\"Lr Aloe Vera Shop\" \/>\n<meta property=\"article:publisher\" content=\"https:\/\/www.facebook.com\/lraloeverashop.eu\" \/>\n<meta property=\"article:modified_time\" content=\"2025-11-02T11:22:23+00:00\" \/>\n<meta property=\"og:image\" content=\"https:\/\/www.lraloeverashop.eu\/wp-content\/uploads\/2022\/10\/Zeitgard-Anti-Aging-Kit.jpg\" \/>\n\t<meta property=\"og:image:width\" content=\"1200\" \/>\n\t<meta property=\"og:image:height\" content=\"1200\" \/>\n\t<meta property=\"og:image:type\" content=\"image\/jpeg\" \/>\n<meta name=\"twitter:card\" content=\"summary_large_image\" \/>\n<meta name=\"twitter:site\" content=\"@natur__kosmetik\" \/>\n<script type=\"application\/ld+json\" class=\"yoast-schema-graph\">{\"@context\":\"https:\\\/\\\/schema.org\",\"@graph\":[{\"@type\":[\"WebPage\",\"ItemPage\"],\"@id\":\"https:\\\/\\\/www.lraloeverashop.eu\\\/pl\\\/produkt\\\/zelazko-do-twarzy-na-zmarszczki\\\/\",\"url\":\"https:\\\/\\\/www.lraloeverashop.eu\\\/pl\\\/produkt\\\/zelazko-do-twarzy-na-zmarszczki\\\/\",\"name\":\"\u017belazko do Twarzy na Zmarszczki Zeitgard Pro - Lifting w Domu\",\"isPartOf\":{\"@id\":\"https:\\\/\\\/www.lraloeverashop.eu\\\/pl\\\/#website\"},\"primaryImageOfPage\":{\"@id\":\"https:\\\/\\\/www.lraloeverashop.eu\\\/pl\\\/produkt\\\/zelazko-do-twarzy-na-zmarszczki\\\/#primaryimage\"},\"image\":{\"@id\":\"https:\\\/\\\/www.lraloeverashop.eu\\\/pl\\\/produkt\\\/zelazko-do-twarzy-na-zmarszczki\\\/#primaryimage\"},\"thumbnailUrl\":\"https:\\\/\\\/www.lraloeverashop.eu\\\/wp-content\\\/uploads\\\/2022\\\/10\\\/Zeitgard-Anti-Aging-Kit.jpg\",\"datePublished\":\"2022-10-21T12:17:50+00:00\",\"dateModified\":\"2025-11-02T11:22:23+00:00\",\"description\":\"\u017belazko do Twarzy na Zmarszczki Zeitgard Pro uj\u0119drnia sk\u00f3r\u0119, redukuje zmarszczki i przywraca blask. Domowy efekt jak po zabiegu w SPA!\",\"breadcrumb\":{\"@id\":\"https:\\\/\\\/www.lraloeverashop.eu\\\/pl\\\/produkt\\\/zelazko-do-twarzy-na-zmarszczki\\\/#breadcrumb\"},\"inLanguage\":\"pl-PL\",\"potentialAction\":[{\"@type\":\"ReadAction\",\"target\":[\"https:\\\/\\\/www.lraloeverashop.eu\\\/pl\\\/produkt\\\/zelazko-do-twarzy-na-zmarszczki\\\/\"]}]},{\"@type\":\"ImageObject\",\"inLanguage\":\"pl-PL\",\"@id\":\"https:\\\/\\\/www.lraloeverashop.eu\\\/pl\\\/produkt\\\/zelazko-do-twarzy-na-zmarszczki\\\/#primaryimage\",\"url\":\"https:\\\/\\\/www.lraloeverashop.eu\\\/wp-content\\\/uploads\\\/2022\\\/10\\\/Zeitgard-Anti-Aging-Kit.jpg\",\"contentUrl\":\"https:\\\/\\\/www.lraloeverashop.eu\\\/wp-content\\\/uploads\\\/2022\\\/10\\\/Zeitgard-Anti-Aging-Kit.jpg\",\"width\":1200,\"height\":1200,\"caption\":\"Zeitgard Pro do wyg\u0142adzania twarzy\"},{\"@type\":\"BreadcrumbList\",\"@id\":\"https:\\\/\\\/www.lraloeverashop.eu\\\/pl\\\/produkt\\\/zelazko-do-twarzy-na-zmarszczki\\\/#breadcrumb\",\"itemListElement\":[{\"@type\":\"ListItem\",\"position\":1,\"name\":\"Home\",\"item\":\"https:\\\/\\\/www.lraloeverashop.eu\\\/pl\\\/\"},{\"@type\":\"ListItem\",\"position\":2,\"name\":\"Sklep\",\"item\":\"https:\\\/\\\/www.lraloeverashop.eu\\\/pl\\\/sklep\\\/\"},{\"@type\":\"ListItem\",\"position\":3,\"name\":\"\u017belazko do Twarzy na Zmarszczki Zeitgard Pro\"}]},{\"@type\":\"WebSite\",\"@id\":\"https:\\\/\\\/www.lraloeverashop.eu\\\/pl\\\/#website\",\"url\":\"https:\\\/\\\/www.lraloeverashop.eu\\\/pl\\\/\",\"name\":\"Lr Aloe Vera Shop\",\"description\":\"High Quality Lr Aloe Vera Gel, Aloe Vera Cream and Shampoo\",\"publisher\":{\"@id\":\"https:\\\/\\\/www.lraloeverashop.eu\\\/pl\\\/#organization\"},\"alternateName\":\"LR\",\"potentialAction\":[{\"@type\":\"SearchAction\",\"target\":{\"@type\":\"EntryPoint\",\"urlTemplate\":\"https:\\\/\\\/www.lraloeverashop.eu\\\/pl\\\/?s={search_term_string}\"},\"query-input\":{\"@type\":\"PropertyValueSpecification\",\"valueRequired\":true,\"valueName\":\"search_term_string\"}}],\"inLanguage\":\"pl-PL\"},{\"@type\":\"Organization\",\"@id\":\"https:\\\/\\\/www.lraloeverashop.eu\\\/pl\\\/#organization\",\"name\":\"Sklep Lr Aloe Vera\",\"alternateName\":\"LR\",\"url\":\"https:\\\/\\\/www.lraloeverashop.eu\\\/pl\\\/\",\"logo\":{\"@type\":\"ImageObject\",\"inLanguage\":\"pl-PL\",\"@id\":\"https:\\\/\\\/www.lraloeverashop.eu\\\/pl\\\/#\\\/schema\\\/logo\\\/image\\\/\",\"url\":\"https:\\\/\\\/www.lraloeverashop.eu\\\/wp-content\\\/uploads\\\/2022\\\/09\\\/cropped-Lr-Aloe-Vera-Shop.jpg\",\"contentUrl\":\"https:\\\/\\\/www.lraloeverashop.eu\\\/wp-content\\\/uploads\\\/2022\\\/09\\\/cropped-Lr-Aloe-Vera-Shop.jpg\",\"width\":228,\"height\":76,\"caption\":\"Sklep Lr Aloe Vera\"},\"image\":{\"@id\":\"https:\\\/\\\/www.lraloeverashop.eu\\\/pl\\\/#\\\/schema\\\/logo\\\/image\\\/\"},\"sameAs\":[\"https:\\\/\\\/www.facebook.com\\\/lraloeverashop.eu\",\"https:\\\/\\\/x.com\\\/natur__kosmetik\",\"https:\\\/\\\/www.youtube.com\\\/channel\\\/UC5oN7BJ8nfYb8RpVtjwDEBA\",\"https:\\\/\\\/www.instagram.com\\\/lrbeautyeu\\\/\"],\"description\":\"Sklep LR Aloe Vera to Twoje zaufane \u017ar\u00f3d\u0142o wysokiej jako\u015bci produkt\u00f3w LR Health & Beauty wyprodukowanych w Niemczech. Oferujemy wysokiej jako\u015bci produkty do piel\u0119gnacji sk\u00f3ry, od\u017cywiania i przeciwstarzeniowe z aloesem, stworzone z czystych sk\u0142adnik\u00f3w i poparte badaniami naukowymi. Odkryj naturaln\u0105 piel\u0119gnacj\u0119, kt\u00f3ra regeneruje, chroni i rewitalizuje Twoj\u0105 sk\u00f3r\u0119 \u2014 i korzystaj z ekskluzywnych comiesi\u0119cznych ofert na nasze bestsellerowe produkty LR Aloe Vera.\\nRozpocznij swoj\u0105 naturaln\u0105 piel\u0119gnacj\u0119 sk\u00f3ry ju\u017c dzi\u015b i poczuj r\u00f3\u017cnic\u0119.\",\"email\":\"info@lraloeverashop.eu\",\"telephone\":\"+49 17670609653\",\"legalName\":\"Lr Aloe Vera Shop\",\"foundingDate\":\"2018-04-21\",\"numberOfEmployees\":{\"@type\":\"QuantitativeValue\",\"minValue\":\"1\",\"maxValue\":\"10\"}}]}<\/script>\n<meta property=\"product:price:amount\" content=\"175.99\" \/>\n<meta property=\"product:price:currency\" content=\"EUR\" \/>\n<meta property=\"og:availability\" content=\"instock\" \/>\n<meta property=\"product:availability\" content=\"instock\" \/>\n<meta property=\"product:retailer_item_id\" content=\"70110-3PL\" \/>\n<meta property=\"product:condition\" content=\"new\" \/>\n<!-- \/ Yoast SEO Premium plugin. -->","yoast_head_json":{"title":"\u017belazko do Twarzy na Zmarszczki Zeitgard Pro - Lifting w Domu","description":"\u017belazko do Twarzy na Zmarszczki Zeitgard Pro uj\u0119drnia sk\u00f3r\u0119, redukuje zmarszczki i przywraca blask. Domowy efekt jak po zabiegu w SPA!","robots":{"index":"index","follow":"follow","max-snippet":"max-snippet:-1","max-image-preview":"max-image-preview:large","max-video-preview":"max-video-preview:-1"},"canonical":"https:\/\/www.lraloeverashop.eu\/pl\/produkt\/zelazko-do-twarzy-na-zmarszczki\/","og_locale":"pl_PL","og_type":"article","og_title":"\u017belazko do Twarzy na Zmarszczki Zeitgard Pro","og_description":"\u017belazko do Twarzy na Zmarszczki Zeitgard Pro uj\u0119drnia sk\u00f3r\u0119, redukuje zmarszczki i przywraca blask. Domowy efekt jak po zabiegu w SPA!","og_url":"https:\/\/www.lraloeverashop.eu\/pl\/produkt\/zelazko-do-twarzy-na-zmarszczki\/","og_site_name":"Lr Aloe Vera Shop","article_publisher":"https:\/\/www.facebook.com\/lraloeverashop.eu","article_modified_time":"2025-11-02T11:22:23+00:00","og_image":[{"width":1200,"height":1200,"url":"https:\/\/www.lraloeverashop.eu\/wp-content\/uploads\/2022\/10\/Zeitgard-Anti-Aging-Kit.jpg","type":"image\/jpeg"}],"twitter_card":"summary_large_image","twitter_site":"@natur__kosmetik","schema":{"@context":"https:\/\/schema.org","@graph":[{"@type":["WebPage","ItemPage"],"@id":"https:\/\/www.lraloeverashop.eu\/pl\/produkt\/zelazko-do-twarzy-na-zmarszczki\/","url":"https:\/\/www.lraloeverashop.eu\/pl\/produkt\/zelazko-do-twarzy-na-zmarszczki\/","name":"\u017belazko do Twarzy na Zmarszczki Zeitgard Pro - Lifting w Domu","isPartOf":{"@id":"https:\/\/www.lraloeverashop.eu\/pl\/#website"},"primaryImageOfPage":{"@id":"https:\/\/www.lraloeverashop.eu\/pl\/produkt\/zelazko-do-twarzy-na-zmarszczki\/#primaryimage"},"image":{"@id":"https:\/\/www.lraloeverashop.eu\/pl\/produkt\/zelazko-do-twarzy-na-zmarszczki\/#primaryimage"},"thumbnailUrl":"https:\/\/www.lraloeverashop.eu\/wp-content\/uploads\/2022\/10\/Zeitgard-Anti-Aging-Kit.jpg","datePublished":"2022-10-21T12:17:50+00:00","dateModified":"2025-11-02T11:22:23+00:00","description":"\u017belazko do Twarzy na Zmarszczki Zeitgard Pro uj\u0119drnia sk\u00f3r\u0119, redukuje zmarszczki i przywraca blask. Domowy efekt jak po zabiegu w SPA!","breadcrumb":{"@id":"https:\/\/www.lraloeverashop.eu\/pl\/produkt\/zelazko-do-twarzy-na-zmarszczki\/#breadcrumb"},"inLanguage":"pl-PL","potentialAction":[{"@type":"ReadAction","target":["https:\/\/www.lraloeverashop.eu\/pl\/produkt\/zelazko-do-twarzy-na-zmarszczki\/"]}]},{"@type":"ImageObject","inLanguage":"pl-PL","@id":"https:\/\/www.lraloeverashop.eu\/pl\/produkt\/zelazko-do-twarzy-na-zmarszczki\/#primaryimage","url":"https:\/\/www.lraloeverashop.eu\/wp-content\/uploads\/2022\/10\/Zeitgard-Anti-Aging-Kit.jpg","contentUrl":"https:\/\/www.lraloeverashop.eu\/wp-content\/uploads\/2022\/10\/Zeitgard-Anti-Aging-Kit.jpg","width":1200,"height":1200,"caption":"Zeitgard Pro do wyg\u0142adzania twarzy"},{"@type":"BreadcrumbList","@id":"https:\/\/www.lraloeverashop.eu\/pl\/produkt\/zelazko-do-twarzy-na-zmarszczki\/#breadcrumb","itemListElement":[{"@type":"ListItem","position":1,"name":"Home","item":"https:\/\/www.lraloeverashop.eu\/pl\/"},{"@type":"ListItem","position":2,"name":"Sklep","item":"https:\/\/www.lraloeverashop.eu\/pl\/sklep\/"},{"@type":"ListItem","position":3,"name":"\u017belazko do Twarzy na Zmarszczki Zeitgard Pro"}]},{"@type":"WebSite","@id":"https:\/\/www.lraloeverashop.eu\/pl\/#website","url":"https:\/\/www.lraloeverashop.eu\/pl\/","name":"Lr Aloe Vera Shop","description":"High Quality Lr Aloe Vera Gel, Aloe Vera Cream and Shampoo","publisher":{"@id":"https:\/\/www.lraloeverashop.eu\/pl\/#organization"},"alternateName":"LR","potentialAction":[{"@type":"SearchAction","target":{"@type":"EntryPoint","urlTemplate":"https:\/\/www.lraloeverashop.eu\/pl\/?s={search_term_string}"},"query-input":{"@type":"PropertyValueSpecification","valueRequired":true,"valueName":"search_term_string"}}],"inLanguage":"pl-PL"},{"@type":"Organization","@id":"https:\/\/www.lraloeverashop.eu\/pl\/#organization","name":"Sklep Lr Aloe Vera","alternateName":"LR","url":"https:\/\/www.lraloeverashop.eu\/pl\/","logo":{"@type":"ImageObject","inLanguage":"pl-PL","@id":"https:\/\/www.lraloeverashop.eu\/pl\/#\/schema\/logo\/image\/","url":"https:\/\/www.lraloeverashop.eu\/wp-content\/uploads\/2022\/09\/cropped-Lr-Aloe-Vera-Shop.jpg","contentUrl":"https:\/\/www.lraloeverashop.eu\/wp-content\/uploads\/2022\/09\/cropped-Lr-Aloe-Vera-Shop.jpg","width":228,"height":76,"caption":"Sklep Lr Aloe Vera"},"image":{"@id":"https:\/\/www.lraloeverashop.eu\/pl\/#\/schema\/logo\/image\/"},"sameAs":["https:\/\/www.facebook.com\/lraloeverashop.eu","https:\/\/x.com\/natur__kosmetik","https:\/\/www.youtube.com\/channel\/UC5oN7BJ8nfYb8RpVtjwDEBA","https:\/\/www.instagram.com\/lrbeautyeu\/"],"description":"Sklep LR Aloe Vera to Twoje zaufane \u017ar\u00f3d\u0142o wysokiej jako\u015bci produkt\u00f3w LR Health & Beauty wyprodukowanych w Niemczech. Oferujemy wysokiej jako\u015bci produkty do piel\u0119gnacji sk\u00f3ry, od\u017cywiania i przeciwstarzeniowe z aloesem, stworzone z czystych sk\u0142adnik\u00f3w i poparte badaniami naukowymi. Odkryj naturaln\u0105 piel\u0119gnacj\u0119, kt\u00f3ra regeneruje, chroni i rewitalizuje Twoj\u0105 sk\u00f3r\u0119 \u2014 i korzystaj z ekskluzywnych comiesi\u0119cznych ofert na nasze bestsellerowe produkty LR Aloe Vera.\nRozpocznij swoj\u0105 naturaln\u0105 piel\u0119gnacj\u0119 sk\u00f3ry ju\u017c dzi\u015b i poczuj r\u00f3\u017cnic\u0119.","email":"info@lraloeverashop.eu","telephone":"+49 17670609653","legalName":"Lr Aloe Vera Shop","foundingDate":"2018-04-21","numberOfEmployees":{"@type":"QuantitativeValue","minValue":"1","maxValue":"10"}}]},"product_price_amount":"175.99","product_price_currency":"EUR","og_availability":"instock","product_availability":"instock","product_retailer_item_id":"70110-3PL","product_condition":"new"},"taxonomy_info":{"product_cat":[{"value":1072,"label":"Kobiety do 40"},{"value":1071,"label":"Kobiety po 40"},{"value":1070,"label":"M\u0119\u017cczy\u017ani powy\u017cej 25 lat"},{"value":1090,"label":"Oferty"},{"value":1069,"label":"Piel\u0119gnacja Anti Age"},{"value":1073,"label":"Zeitgard Pro"}],"product_tag":[{"value":1142,"label":"zmarszczki na twarzy"},{"value":1143,"label":"zmarszczki pod oczami"}]},"featured_image_src_large":["https:\/\/www.lraloeverashop.eu\/wp-content\/uploads\/2022\/10\/Zeitgard-Anti-Aging-Kit-1024x1024.jpg",1024,1024,true],"author_info":[],"comment_info":0,"_links":{"self":[{"href":"https:\/\/www.lraloeverashop.eu\/pl\/wp-json\/wp\/v2\/product\/29071","targetHints":{"allow":["GET"]}}],"collection":[{"href":"https:\/\/www.lraloeverashop.eu\/pl\/wp-json\/wp\/v2\/product"}],"about":[{"href":"https:\/\/www.lraloeverashop.eu\/pl\/wp-json\/wp\/v2\/types\/product"}],"replies":[{"embeddable":true,"href":"https:\/\/www.lraloeverashop.eu\/pl\/wp-json\/wp\/v2\/comments?post=29071"}],"wp:featuredmedia":[{"embeddable":true,"href":"https:\/\/www.lraloeverashop.eu\/pl\/wp-json\/wp\/v2\/media\/27063"}],"wp:attachment":[{"href":"https:\/\/www.lraloeverashop.eu\/pl\/wp-json\/wp\/v2\/media?parent=29071"}],"wp:term":[{"taxonomy":"product_brand","embeddable":true,"href":"https:\/\/www.lraloeverashop.eu\/pl\/wp-json\/wp\/v2\/product_brand?post=29071"},{"taxonomy":"product_cat","embeddable":true,"href":"https:\/\/www.lraloeverashop.eu\/pl\/wp-json\/wp\/v2\/product_cat?post=29071"},{"taxonomy":"product_tag","embeddable":true,"href":"https:\/\/www.lraloeverashop.eu\/pl\/wp-json\/wp\/v2\/product_tag?post=29071"}],"curies":[{"name":"wp","href":"https:\/\/api.w.org\/{rel}","templated":true}]}}