{"id":29058,"date":"2022-10-21T14:19:21","date_gmt":"2022-10-21T12:19:21","guid":{"rendered":"https:\/\/www.lraloeverashop.eu\/product\/peeling-kawitacyjny-urzadzenie-zeitgard-pro\/"},"modified":"2025-11-02T08:31:28","modified_gmt":"2025-11-02T07:31:28","slug":"peeling-kawitacyjny-urzadzenie-zeitgard-pro","status":"publish","type":"product","link":"https:\/\/www.lraloeverashop.eu\/pl\/produkt\/peeling-kawitacyjny-urzadzenie-zeitgard-pro\/","title":{"rendered":"Peeling Kawitacyjny Urz\u0105dzenie Zeitgard Pro"},"content":{"rendered":"<h2><span style=\"font-size: 16pt; color: #000000;\"><strong>Peeling Kawitacyjny Urz\u0105dzenie Zeitgard Pro<\/strong><\/span><\/h2>\n<p><span style=\"font-size: 14pt;\"><strong>Peeling Kawitacyjny Urz\u0105dzenie Zeitgard Pro &#8211; Twoje studio urody w domu!<\/strong><\/span><\/p>\n<p>Twoja sk\u00f3ra odnawia si\u0119 mniej wi\u0119cej co 28 dni! Martwe kom\u00f3rki nask\u00f3rka szybko sprawiaj\u0105, \u017ce cera wygl\u0105da na blad\u0105 i zm\u0119czon\u0105.<\/p>\n<p>Z\u0142uszczanie to jeden z najlepszych sposob\u00f3w na uzyskanie absolutnie czystej sk\u00f3ry. Peeling Kawitacyjny Urz\u0105dzenie Zeitgard Pro dzia\u0142a za pomoc\u0105 wibracji ultrad\u017awi\u0119kowych, kt\u00f3re dzia\u0142aj\u0105 w kontakcie ze sk\u00f3r\u0105, skutecznie usuwaj\u0105c brud, zask\u00f3rniki, martwe kom\u00f3rki nask\u00f3rka z rogowej warstwy nask\u00f3rka i nadmiar sebum na powierzchni.<\/p>\n<p>Peeling twarzy dzia\u0142a najlepiej, je\u015bli robisz to regularnie i w\u0142\u0105czasz je w naturalne procesy regeneracyjne sk\u00f3ry. Twoja sk\u00f3ra nieustannie si\u0119 regeneruje. Tworz\u0105c nowe kom\u00f3rki podstawne w najni\u017cszej warstwie nask\u00f3rka, kom\u00f3rki powy\u017cej s\u0105 stale wypychane do g\u00f3ry, gdzie powoli wysychaj\u0105, rogowac\u0105 i tworz\u0105 wierzchni\u0105 warstw\u0119 sk\u00f3ry.<\/p>\n<p>Ka\u017cdego dnia sk\u00f3ra zrzuca do 14 gram\u00f3w martwych, zrogowacia\u0142ych kom\u00f3rek. Mo\u017cesz je usun\u0105\u0107, regularnie stosuj\u0105c zestaw do peelingu twarzy Zeitgard Pro co 2-3 dni. Zapobiega to gromadzeniu si\u0119 brudu w porach potu.<\/p>\n<p>Stosuj Peeling Kawitacyjny Zeitgard Pro 2-3 razy w tygodniu jako alternatyw\u0119 dla szczoteczki do oczyszczania twarzy, aby usun\u0105\u0107 stare kom\u00f3rki sk\u00f3ry i nada\u0107 twarzy blask!<\/p>\n<h3><span style=\"font-size: 16pt;\"><strong>Jak Stosowa\u0107 Peeling Kawitacyjny w Domu<\/strong><\/span><\/h3>\n<p>Przygotuj swoj\u0105 sk\u00f3r\u0119, r\u0119cznie oczyszczaj\u0105c j\u0105 za pomoc\u0105 Kremu Oczyszczaj\u0105cego Lr Zeitgard \u2013 nie jest to konieczne, ale ekstrakt z harungany zawarty w Kremie Oczyszczaj\u0105cym Lr Zeitgard jest znany z tego, \u017ce wspomaga regeneracj\u0119 sk\u00f3ry i poprawia jej wygl\u0105d.<\/p>\n<p>Krem oczyszczaj\u0105cy Lr Zeitgard zosta\u0142 zaprojektowany tak, aby idealnie wsp\u00f3\u0142pracowa\u0142 ze szczoteczk\u0105 do oczyszczania twarzy<\/p>\n<p>Obficie zwil\u017c twarz wod\u0105 lub tonikiem do twarzy Lr Zeitgard. Woda poprawi efekt detoksykacji.<\/p>\n<h3><span style=\"font-size: 14pt;\"><strong>Przydatne:<\/strong><\/span><\/h3>\n<p>Je\u015bli u\u017cywasz toniku do twarzy Lr Zeitgard, b\u0119dziesz w stanie zobaczy\u0107, kt\u00f3re cz\u0119\u015bci twarzy ju\u017c zrobi\u0142e\u015b.<\/p>\n<p>Przesuwaj Peeling Kawitacyjny Urz\u0105dzenie Zeitgard Pro pod k\u0105tem 45\u00b0 od nosa w kierunku kraw\u0119dzi twarzy. Pracuj kolejno nad wszystkimi partiami twarzy.<\/p>\n<p><img loading=\"lazy\" decoding=\"async\" class=\"aligncenter wp-image-3132\" src=\"https:\/\/www.lraloeverashop.eu\/wp-content\/uploads\/2022\/10\/Lr-Zeitgard-Pro-Face-Peeling-Device-in-use-1024x292.jpg\" alt=\"Lr Zeitgard Pro Face Peeling Device in use\" width=\"1164\" height=\"332\" srcset=\"https:\/\/www.lraloeverashop.eu\/wp-content\/uploads\/2022\/10\/Lr-Zeitgard-Pro-Face-Peeling-Device-in-use-1024x292.jpg 1024w, https:\/\/www.lraloeverashop.eu\/wp-content\/uploads\/2022\/10\/Lr-Zeitgard-Pro-Face-Peeling-Device-in-use-600x171.jpg 600w, https:\/\/www.lraloeverashop.eu\/wp-content\/uploads\/2022\/10\/Lr-Zeitgard-Pro-Face-Peeling-Device-in-use-300x85.jpg 300w, https:\/\/www.lraloeverashop.eu\/wp-content\/uploads\/2022\/10\/Lr-Zeitgard-Pro-Face-Peeling-Device-in-use-768x219.jpg 768w, https:\/\/www.lraloeverashop.eu\/wp-content\/uploads\/2022\/10\/Lr-Zeitgard-Pro-Face-Peeling-Device-in-use-1536x438.jpg 1536w, https:\/\/www.lraloeverashop.eu\/wp-content\/uploads\/2022\/10\/Lr-Zeitgard-Pro-Face-Peeling-Device-in-use-2048x583.jpg 2048w\" sizes=\"auto, (max-width: 1164px) 100vw, 1164px\" \/><\/p>\n<p>W miejscach, gdzie zauwa\u017cysz wi\u0119cej \u201ezask\u00f3rnik\u00f3w\u201d, lekko zwi\u0119ksz nacisk i przesu\u0144 Peeling Kawitacyjny urz\u0105dzenie po tym obszarze kilka razy.<br \/>\nZako\u0144cz zabieg z\u0142uszczania, nak\u0142adaj\u0105c wi\u0119cej toniku do twarzy Lr Zeitgard. Uspokoi to Twoj\u0105 sk\u00f3r\u0119, od\u015bwie\u017cy j\u0105 i przywr\u00f3ci jej naturaln\u0105 ochronn\u0105 warstw\u0119 kwasow\u0105.<\/p>\n<h3><span style=\"font-size: 16pt;\"><strong>Jaka jest r\u00f3\u017cnica mi\u0119dzy profesjonalnymi urz\u0105dzeniami u\u017cywanymi przez kosmetolog\u00f3w a zestawem do peelingu twarzy Zeitgard Pro?<\/strong><\/span><\/h3>\n<p>Zabiegi ultrad\u017awi\u0119kowe sta\u0142y si\u0119 integraln\u0105 cz\u0119\u015bci\u0105 nowoczesnych procedur kosmetycznych. Ultrad\u017awi\u0119ki maj\u0105 zdolno\u015b\u0107 dostarczania wysoko skoncentrowanych sk\u0142adnik\u00f3w aktywnych w g\u0142\u0105b sk\u00f3ry, a tak\u017ce stymuluj\u0105 produkcj\u0119 w\u0142asnego kolagenu w organizmie.<\/p>\n<p>Dzi\u0119ki ultrad\u017awi\u0119kom substancje aktywne z serum i krem\u00f3w mog\u0105 dociera\u0107 do g\u0142\u0119bszych warstw sk\u00f3ry. Pozwala to kom\u00f3rkom sk\u00f3ry na lepsze wch\u0142anianie i magazynowanie wilgoci. Dodatkowo, ultrad\u017awi\u0119ki dzia\u0142aj\u0105 jak \u201ewewn\u0119trzny masa\u017c\u201d \u2013 co sprawia, \u017ce sk\u00f3ra wygl\u0105da m\u0142odziej i \u015bwie\u017co.<\/p>\n<p>Im wy\u017csza liczba Hz, tym mniejsze fale. Ultrad\u017awi\u0119ki stosowane w gabinetach kosmetycznych zazwyczaj maj\u0105 cz\u0119stotliwo\u015b\u0107 oko\u0142o 1 000 kHz (= 1 MHz \/ megaherc). Aby dotrze\u0107 do wy\u017cszych warstw sk\u00f3ry twarzy, czasami stosuje si\u0119 cz\u0119stotliwo\u015b\u0107 do 3 MHz lub wy\u017csz\u0105.<\/p>\n<p><strong>Peeling Kawitacyjny Zeitgard Pro wykorzystuje 25 kHz do usuwania wierzchnich warstw sk\u00f3ry.<\/strong> Urz\u0105dzenia profesjonalnych kosmetolog\u00f3w pracuj\u0105 z cz\u0119stotliwo\u015bci\u0105 od 20 do 30 oscylacji na minut\u0119.<\/p>\n","protected":false},"excerpt":{"rendered":"<ul>\n<li>Zestaw zawiera 1 x urz\u0105dzenie kosmetyczne Zeitgard Pro, 1 x nak\u0142adk\u0119 do peelingu<\/li>\n<li>\u0141agodzi i rewitalizuje<\/li>\n<li>Usuwa martwe, zrogowacia\u0142e kom\u00f3rki.<\/li>\n<li>Z serii Zeitgard Pro Skin Care<\/li>\n<li>Twoje studio urody w domu<\/li>\n<li>Wyprodukowano w Niemczech<\/li>\n<\/ul>\n<p>&nbsp;<\/p>\n","protected":false},"featured_media":27064,"comment_status":"open","ping_status":"closed","template":"","meta":{"_kad_blocks_custom_css":"","_kad_blocks_head_custom_js":"","_kad_blocks_body_custom_js":"","_kad_blocks_footer_custom_js":"","_kadence_starter_templates_imported_post":false,"_kad_post_transparent":"default","_kad_post_title":"","_kad_post_layout":"default","_kad_post_sidebar_id":"","_kad_post_content_style":"default","_kad_post_vertical_padding":"default","_kad_post_feature":"","_kad_post_feature_position":"","_kad_post_header":false,"_kad_post_footer":false,"_kad_post_classname":""},"product_brand":[],"product_cat":[1072,1071,1070,1090,1069,1073],"product_tag":[1142],"class_list":{"0":"post-29058","1":"product","2":"type-product","3":"status-publish","4":"has-post-thumbnail","6":"product_cat-kobiety-do-40","7":"product_cat-kobiety-po-40","8":"product_cat-mezczyzni-powyzej-25-lat","9":"product_cat-oferty","10":"product_cat-pielegnacja-anti-age","11":"product_cat-zeitgard-pro-pl","12":"product_tag-zmarszczki-na-twarzy","14":"first","15":"instock","16":"sale","17":"taxable","18":"shipping-taxable","19":"purchasable","20":"product-type-simple","21":"entry","22":"content-bg","23":"loop-entry"},"yoast_head":"<!-- This site is optimized with the Yoast SEO Premium plugin v27.5 (Yoast SEO v27.5) - https:\/\/yoast.com\/product\/yoast-seo-premium-wordpress\/ -->\n<title>Peeling Kawitacyjny Urz\u0105dzenie Zeitgard Pro - Promienna Sk\u00f3ra<\/title>\n<meta name=\"description\" content=\"Poznaj Peeling Kawitacyjny Urz\u0105dzenie Zeitgard Pro! Oczy\u015b\u0107 sk\u00f3r\u0119, usu\u0144 martwy nask\u00f3rek i przywr\u00f3\u0107 jej blask jak po zabiegu w SPA - bez wychodzenia z domu.\" \/>\n<meta name=\"robots\" content=\"index, follow, max-snippet:-1, max-image-preview:large, max-video-preview:-1\" \/>\n<link rel=\"canonical\" href=\"https:\/\/www.lraloeverashop.eu\/pl\/produkt\/peeling-kawitacyjny-urzadzenie-zeitgard-pro\/\" \/>\n<meta property=\"og:locale\" content=\"pl_PL\" \/>\n<meta property=\"og:type\" content=\"article\" \/>\n<meta property=\"og:title\" content=\"Peeling Kawitacyjny Urz\u0105dzenie Zeitgard Pro\" \/>\n<meta property=\"og:description\" content=\"Poznaj Peeling Kawitacyjny Urz\u0105dzenie Zeitgard Pro! Oczy\u015b\u0107 sk\u00f3r\u0119, usu\u0144 martwy nask\u00f3rek i przywr\u00f3\u0107 jej blask jak po zabiegu w SPA - bez wychodzenia z domu.\" \/>\n<meta property=\"og:url\" content=\"https:\/\/www.lraloeverashop.eu\/pl\/produkt\/peeling-kawitacyjny-urzadzenie-zeitgard-pro\/\" \/>\n<meta property=\"og:site_name\" content=\"Lr Aloe Vera Shop\" \/>\n<meta property=\"article:publisher\" content=\"https:\/\/www.facebook.com\/lraloeverashop.eu\" \/>\n<meta property=\"article:modified_time\" content=\"2025-11-02T07:31:28+00:00\" \/>\n<meta property=\"og:image\" content=\"https:\/\/www.lraloeverashop.eu\/wp-content\/uploads\/2022\/10\/Zeitgard-Skin-Peeling-Kit.jpg\" \/>\n\t<meta property=\"og:image:width\" content=\"1200\" \/>\n\t<meta property=\"og:image:height\" content=\"1200\" \/>\n\t<meta property=\"og:image:type\" content=\"image\/jpeg\" \/>\n<meta name=\"twitter:card\" content=\"summary_large_image\" \/>\n<meta name=\"twitter:site\" content=\"@natur__kosmetik\" \/>\n<script type=\"application\/ld+json\" class=\"yoast-schema-graph\">{\"@context\":\"https:\\\/\\\/schema.org\",\"@graph\":[{\"@type\":[\"WebPage\",\"ItemPage\"],\"@id\":\"https:\\\/\\\/www.lraloeverashop.eu\\\/pl\\\/produkt\\\/peeling-kawitacyjny-urzadzenie-zeitgard-pro\\\/\",\"url\":\"https:\\\/\\\/www.lraloeverashop.eu\\\/pl\\\/produkt\\\/peeling-kawitacyjny-urzadzenie-zeitgard-pro\\\/\",\"name\":\"Peeling Kawitacyjny Urz\u0105dzenie Zeitgard Pro - Promienna Sk\u00f3ra\",\"isPartOf\":{\"@id\":\"https:\\\/\\\/www.lraloeverashop.eu\\\/pl\\\/#website\"},\"primaryImageOfPage\":{\"@id\":\"https:\\\/\\\/www.lraloeverashop.eu\\\/pl\\\/produkt\\\/peeling-kawitacyjny-urzadzenie-zeitgard-pro\\\/#primaryimage\"},\"image\":{\"@id\":\"https:\\\/\\\/www.lraloeverashop.eu\\\/pl\\\/produkt\\\/peeling-kawitacyjny-urzadzenie-zeitgard-pro\\\/#primaryimage\"},\"thumbnailUrl\":\"https:\\\/\\\/www.lraloeverashop.eu\\\/wp-content\\\/uploads\\\/2022\\\/10\\\/Zeitgard-Skin-Peeling-Kit.jpg\",\"datePublished\":\"2022-10-21T12:19:21+00:00\",\"dateModified\":\"2025-11-02T07:31:28+00:00\",\"description\":\"Poznaj Peeling Kawitacyjny Urz\u0105dzenie Zeitgard Pro! Oczy\u015b\u0107 sk\u00f3r\u0119, usu\u0144 martwy nask\u00f3rek i przywr\u00f3\u0107 jej blask jak po zabiegu w SPA - bez wychodzenia z domu.\",\"breadcrumb\":{\"@id\":\"https:\\\/\\\/www.lraloeverashop.eu\\\/pl\\\/produkt\\\/peeling-kawitacyjny-urzadzenie-zeitgard-pro\\\/#breadcrumb\"},\"inLanguage\":\"pl-PL\",\"potentialAction\":[{\"@type\":\"ReadAction\",\"target\":[\"https:\\\/\\\/www.lraloeverashop.eu\\\/pl\\\/produkt\\\/peeling-kawitacyjny-urzadzenie-zeitgard-pro\\\/\"]}]},{\"@type\":\"ImageObject\",\"inLanguage\":\"pl-PL\",\"@id\":\"https:\\\/\\\/www.lraloeverashop.eu\\\/pl\\\/produkt\\\/peeling-kawitacyjny-urzadzenie-zeitgard-pro\\\/#primaryimage\",\"url\":\"https:\\\/\\\/www.lraloeverashop.eu\\\/wp-content\\\/uploads\\\/2022\\\/10\\\/Zeitgard-Skin-Peeling-Kit.jpg\",\"contentUrl\":\"https:\\\/\\\/www.lraloeverashop.eu\\\/wp-content\\\/uploads\\\/2022\\\/10\\\/Zeitgard-Skin-Peeling-Kit.jpg\",\"width\":1200,\"height\":1200,\"caption\":\"Peeling Kawitacyjny Urz\u0105dzenie Zeitgard Pro w domu\"},{\"@type\":\"BreadcrumbList\",\"@id\":\"https:\\\/\\\/www.lraloeverashop.eu\\\/pl\\\/produkt\\\/peeling-kawitacyjny-urzadzenie-zeitgard-pro\\\/#breadcrumb\",\"itemListElement\":[{\"@type\":\"ListItem\",\"position\":1,\"name\":\"Home\",\"item\":\"https:\\\/\\\/www.lraloeverashop.eu\\\/pl\\\/\"},{\"@type\":\"ListItem\",\"position\":2,\"name\":\"Sklep\",\"item\":\"https:\\\/\\\/www.lraloeverashop.eu\\\/pl\\\/sklep\\\/\"},{\"@type\":\"ListItem\",\"position\":3,\"name\":\"Peeling Kawitacyjny Urz\u0105dzenie Zeitgard Pro\"}]},{\"@type\":\"WebSite\",\"@id\":\"https:\\\/\\\/www.lraloeverashop.eu\\\/pl\\\/#website\",\"url\":\"https:\\\/\\\/www.lraloeverashop.eu\\\/pl\\\/\",\"name\":\"Lr Aloe Vera Shop\",\"description\":\"High Quality Lr Aloe Vera Gel, Aloe Vera Cream and Shampoo\",\"publisher\":{\"@id\":\"https:\\\/\\\/www.lraloeverashop.eu\\\/pl\\\/#organization\"},\"alternateName\":\"LR\",\"potentialAction\":[{\"@type\":\"SearchAction\",\"target\":{\"@type\":\"EntryPoint\",\"urlTemplate\":\"https:\\\/\\\/www.lraloeverashop.eu\\\/pl\\\/?s={search_term_string}\"},\"query-input\":{\"@type\":\"PropertyValueSpecification\",\"valueRequired\":true,\"valueName\":\"search_term_string\"}}],\"inLanguage\":\"pl-PL\"},{\"@type\":\"Organization\",\"@id\":\"https:\\\/\\\/www.lraloeverashop.eu\\\/pl\\\/#organization\",\"name\":\"Sklep Lr Aloe Vera\",\"alternateName\":\"LR\",\"url\":\"https:\\\/\\\/www.lraloeverashop.eu\\\/pl\\\/\",\"logo\":{\"@type\":\"ImageObject\",\"inLanguage\":\"pl-PL\",\"@id\":\"https:\\\/\\\/www.lraloeverashop.eu\\\/pl\\\/#\\\/schema\\\/logo\\\/image\\\/\",\"url\":\"https:\\\/\\\/www.lraloeverashop.eu\\\/wp-content\\\/uploads\\\/2022\\\/09\\\/cropped-Lr-Aloe-Vera-Shop.jpg\",\"contentUrl\":\"https:\\\/\\\/www.lraloeverashop.eu\\\/wp-content\\\/uploads\\\/2022\\\/09\\\/cropped-Lr-Aloe-Vera-Shop.jpg\",\"width\":228,\"height\":76,\"caption\":\"Sklep Lr Aloe Vera\"},\"image\":{\"@id\":\"https:\\\/\\\/www.lraloeverashop.eu\\\/pl\\\/#\\\/schema\\\/logo\\\/image\\\/\"},\"sameAs\":[\"https:\\\/\\\/www.facebook.com\\\/lraloeverashop.eu\",\"https:\\\/\\\/x.com\\\/natur__kosmetik\",\"https:\\\/\\\/www.youtube.com\\\/channel\\\/UC5oN7BJ8nfYb8RpVtjwDEBA\",\"https:\\\/\\\/www.instagram.com\\\/lrbeautyeu\\\/\"],\"description\":\"Sklep LR Aloe Vera to Twoje zaufane \u017ar\u00f3d\u0142o wysokiej jako\u015bci produkt\u00f3w LR Health & Beauty wyprodukowanych w Niemczech. Oferujemy wysokiej jako\u015bci produkty do piel\u0119gnacji sk\u00f3ry, od\u017cywiania i przeciwstarzeniowe z aloesem, stworzone z czystych sk\u0142adnik\u00f3w i poparte badaniami naukowymi. Odkryj naturaln\u0105 piel\u0119gnacj\u0119, kt\u00f3ra regeneruje, chroni i rewitalizuje Twoj\u0105 sk\u00f3r\u0119 \u2014 i korzystaj z ekskluzywnych comiesi\u0119cznych ofert na nasze bestsellerowe produkty LR Aloe Vera.\\nRozpocznij swoj\u0105 naturaln\u0105 piel\u0119gnacj\u0119 sk\u00f3ry ju\u017c dzi\u015b i poczuj r\u00f3\u017cnic\u0119.\",\"email\":\"info@lraloeverashop.eu\",\"telephone\":\"+49 17670609653\",\"legalName\":\"Lr Aloe Vera Shop\",\"foundingDate\":\"2018-04-21\",\"numberOfEmployees\":{\"@type\":\"QuantitativeValue\",\"minValue\":\"1\",\"maxValue\":\"10\"}}]}<\/script>\n<meta property=\"product:price:amount\" content=\"175.99\" \/>\n<meta property=\"product:price:currency\" content=\"EUR\" \/>\n<meta property=\"og:availability\" content=\"instock\" \/>\n<meta property=\"product:availability\" content=\"instock\" \/>\n<meta property=\"product:retailer_item_id\" content=\"70110-2PL\" \/>\n<meta property=\"product:condition\" content=\"new\" \/>\n<!-- \/ Yoast SEO Premium plugin. -->","yoast_head_json":{"title":"Peeling Kawitacyjny Urz\u0105dzenie Zeitgard Pro - Promienna Sk\u00f3ra","description":"Poznaj Peeling Kawitacyjny Urz\u0105dzenie Zeitgard Pro! Oczy\u015b\u0107 sk\u00f3r\u0119, usu\u0144 martwy nask\u00f3rek i przywr\u00f3\u0107 jej blask jak po zabiegu w SPA - bez wychodzenia z domu.","robots":{"index":"index","follow":"follow","max-snippet":"max-snippet:-1","max-image-preview":"max-image-preview:large","max-video-preview":"max-video-preview:-1"},"canonical":"https:\/\/www.lraloeverashop.eu\/pl\/produkt\/peeling-kawitacyjny-urzadzenie-zeitgard-pro\/","og_locale":"pl_PL","og_type":"article","og_title":"Peeling Kawitacyjny Urz\u0105dzenie Zeitgard Pro","og_description":"Poznaj Peeling Kawitacyjny Urz\u0105dzenie Zeitgard Pro! Oczy\u015b\u0107 sk\u00f3r\u0119, usu\u0144 martwy nask\u00f3rek i przywr\u00f3\u0107 jej blask jak po zabiegu w SPA - bez wychodzenia z domu.","og_url":"https:\/\/www.lraloeverashop.eu\/pl\/produkt\/peeling-kawitacyjny-urzadzenie-zeitgard-pro\/","og_site_name":"Lr Aloe Vera Shop","article_publisher":"https:\/\/www.facebook.com\/lraloeverashop.eu","article_modified_time":"2025-11-02T07:31:28+00:00","og_image":[{"width":1200,"height":1200,"url":"https:\/\/www.lraloeverashop.eu\/wp-content\/uploads\/2022\/10\/Zeitgard-Skin-Peeling-Kit.jpg","type":"image\/jpeg"}],"twitter_card":"summary_large_image","twitter_site":"@natur__kosmetik","schema":{"@context":"https:\/\/schema.org","@graph":[{"@type":["WebPage","ItemPage"],"@id":"https:\/\/www.lraloeverashop.eu\/pl\/produkt\/peeling-kawitacyjny-urzadzenie-zeitgard-pro\/","url":"https:\/\/www.lraloeverashop.eu\/pl\/produkt\/peeling-kawitacyjny-urzadzenie-zeitgard-pro\/","name":"Peeling Kawitacyjny Urz\u0105dzenie Zeitgard Pro - Promienna Sk\u00f3ra","isPartOf":{"@id":"https:\/\/www.lraloeverashop.eu\/pl\/#website"},"primaryImageOfPage":{"@id":"https:\/\/www.lraloeverashop.eu\/pl\/produkt\/peeling-kawitacyjny-urzadzenie-zeitgard-pro\/#primaryimage"},"image":{"@id":"https:\/\/www.lraloeverashop.eu\/pl\/produkt\/peeling-kawitacyjny-urzadzenie-zeitgard-pro\/#primaryimage"},"thumbnailUrl":"https:\/\/www.lraloeverashop.eu\/wp-content\/uploads\/2022\/10\/Zeitgard-Skin-Peeling-Kit.jpg","datePublished":"2022-10-21T12:19:21+00:00","dateModified":"2025-11-02T07:31:28+00:00","description":"Poznaj Peeling Kawitacyjny Urz\u0105dzenie Zeitgard Pro! Oczy\u015b\u0107 sk\u00f3r\u0119, usu\u0144 martwy nask\u00f3rek i przywr\u00f3\u0107 jej blask jak po zabiegu w SPA - bez wychodzenia z domu.","breadcrumb":{"@id":"https:\/\/www.lraloeverashop.eu\/pl\/produkt\/peeling-kawitacyjny-urzadzenie-zeitgard-pro\/#breadcrumb"},"inLanguage":"pl-PL","potentialAction":[{"@type":"ReadAction","target":["https:\/\/www.lraloeverashop.eu\/pl\/produkt\/peeling-kawitacyjny-urzadzenie-zeitgard-pro\/"]}]},{"@type":"ImageObject","inLanguage":"pl-PL","@id":"https:\/\/www.lraloeverashop.eu\/pl\/produkt\/peeling-kawitacyjny-urzadzenie-zeitgard-pro\/#primaryimage","url":"https:\/\/www.lraloeverashop.eu\/wp-content\/uploads\/2022\/10\/Zeitgard-Skin-Peeling-Kit.jpg","contentUrl":"https:\/\/www.lraloeverashop.eu\/wp-content\/uploads\/2022\/10\/Zeitgard-Skin-Peeling-Kit.jpg","width":1200,"height":1200,"caption":"Peeling Kawitacyjny Urz\u0105dzenie Zeitgard Pro w domu"},{"@type":"BreadcrumbList","@id":"https:\/\/www.lraloeverashop.eu\/pl\/produkt\/peeling-kawitacyjny-urzadzenie-zeitgard-pro\/#breadcrumb","itemListElement":[{"@type":"ListItem","position":1,"name":"Home","item":"https:\/\/www.lraloeverashop.eu\/pl\/"},{"@type":"ListItem","position":2,"name":"Sklep","item":"https:\/\/www.lraloeverashop.eu\/pl\/sklep\/"},{"@type":"ListItem","position":3,"name":"Peeling Kawitacyjny Urz\u0105dzenie Zeitgard Pro"}]},{"@type":"WebSite","@id":"https:\/\/www.lraloeverashop.eu\/pl\/#website","url":"https:\/\/www.lraloeverashop.eu\/pl\/","name":"Lr Aloe Vera Shop","description":"High Quality Lr Aloe Vera Gel, Aloe Vera Cream and Shampoo","publisher":{"@id":"https:\/\/www.lraloeverashop.eu\/pl\/#organization"},"alternateName":"LR","potentialAction":[{"@type":"SearchAction","target":{"@type":"EntryPoint","urlTemplate":"https:\/\/www.lraloeverashop.eu\/pl\/?s={search_term_string}"},"query-input":{"@type":"PropertyValueSpecification","valueRequired":true,"valueName":"search_term_string"}}],"inLanguage":"pl-PL"},{"@type":"Organization","@id":"https:\/\/www.lraloeverashop.eu\/pl\/#organization","name":"Sklep Lr Aloe Vera","alternateName":"LR","url":"https:\/\/www.lraloeverashop.eu\/pl\/","logo":{"@type":"ImageObject","inLanguage":"pl-PL","@id":"https:\/\/www.lraloeverashop.eu\/pl\/#\/schema\/logo\/image\/","url":"https:\/\/www.lraloeverashop.eu\/wp-content\/uploads\/2022\/09\/cropped-Lr-Aloe-Vera-Shop.jpg","contentUrl":"https:\/\/www.lraloeverashop.eu\/wp-content\/uploads\/2022\/09\/cropped-Lr-Aloe-Vera-Shop.jpg","width":228,"height":76,"caption":"Sklep Lr Aloe Vera"},"image":{"@id":"https:\/\/www.lraloeverashop.eu\/pl\/#\/schema\/logo\/image\/"},"sameAs":["https:\/\/www.facebook.com\/lraloeverashop.eu","https:\/\/x.com\/natur__kosmetik","https:\/\/www.youtube.com\/channel\/UC5oN7BJ8nfYb8RpVtjwDEBA","https:\/\/www.instagram.com\/lrbeautyeu\/"],"description":"Sklep LR Aloe Vera to Twoje zaufane \u017ar\u00f3d\u0142o wysokiej jako\u015bci produkt\u00f3w LR Health & Beauty wyprodukowanych w Niemczech. Oferujemy wysokiej jako\u015bci produkty do piel\u0119gnacji sk\u00f3ry, od\u017cywiania i przeciwstarzeniowe z aloesem, stworzone z czystych sk\u0142adnik\u00f3w i poparte badaniami naukowymi. Odkryj naturaln\u0105 piel\u0119gnacj\u0119, kt\u00f3ra regeneruje, chroni i rewitalizuje Twoj\u0105 sk\u00f3r\u0119 \u2014 i korzystaj z ekskluzywnych comiesi\u0119cznych ofert na nasze bestsellerowe produkty LR Aloe Vera.\nRozpocznij swoj\u0105 naturaln\u0105 piel\u0119gnacj\u0119 sk\u00f3ry ju\u017c dzi\u015b i poczuj r\u00f3\u017cnic\u0119.","email":"info@lraloeverashop.eu","telephone":"+49 17670609653","legalName":"Lr Aloe Vera Shop","foundingDate":"2018-04-21","numberOfEmployees":{"@type":"QuantitativeValue","minValue":"1","maxValue":"10"}}]},"product_price_amount":"175.99","product_price_currency":"EUR","og_availability":"instock","product_availability":"instock","product_retailer_item_id":"70110-2PL","product_condition":"new"},"taxonomy_info":{"product_cat":[{"value":1072,"label":"Kobiety do 40"},{"value":1071,"label":"Kobiety po 40"},{"value":1070,"label":"M\u0119\u017cczy\u017ani powy\u017cej 25 lat"},{"value":1090,"label":"Oferty"},{"value":1069,"label":"Piel\u0119gnacja Anti Age"},{"value":1073,"label":"Zeitgard Pro"}],"product_tag":[{"value":1142,"label":"zmarszczki na twarzy"}]},"featured_image_src_large":["https:\/\/www.lraloeverashop.eu\/wp-content\/uploads\/2022\/10\/Zeitgard-Skin-Peeling-Kit-1024x1024.jpg",1024,1024,true],"author_info":[],"comment_info":0,"_links":{"self":[{"href":"https:\/\/www.lraloeverashop.eu\/pl\/wp-json\/wp\/v2\/product\/29058","targetHints":{"allow":["GET"]}}],"collection":[{"href":"https:\/\/www.lraloeverashop.eu\/pl\/wp-json\/wp\/v2\/product"}],"about":[{"href":"https:\/\/www.lraloeverashop.eu\/pl\/wp-json\/wp\/v2\/types\/product"}],"replies":[{"embeddable":true,"href":"https:\/\/www.lraloeverashop.eu\/pl\/wp-json\/wp\/v2\/comments?post=29058"}],"wp:featuredmedia":[{"embeddable":true,"href":"https:\/\/www.lraloeverashop.eu\/pl\/wp-json\/wp\/v2\/media\/27064"}],"wp:attachment":[{"href":"https:\/\/www.lraloeverashop.eu\/pl\/wp-json\/wp\/v2\/media?parent=29058"}],"wp:term":[{"taxonomy":"product_brand","embeddable":true,"href":"https:\/\/www.lraloeverashop.eu\/pl\/wp-json\/wp\/v2\/product_brand?post=29058"},{"taxonomy":"product_cat","embeddable":true,"href":"https:\/\/www.lraloeverashop.eu\/pl\/wp-json\/wp\/v2\/product_cat?post=29058"},{"taxonomy":"product_tag","embeddable":true,"href":"https:\/\/www.lraloeverashop.eu\/pl\/wp-json\/wp\/v2\/product_tag?post=29058"}],"curies":[{"name":"wp","href":"https:\/\/api.w.org\/{rel}","templated":true}]}}