{"id":29054,"date":"2022-10-22T05:50:49","date_gmt":"2022-10-22T03:50:49","guid":{"rendered":"https:\/\/www.lraloeverashop.eu\/product\/zeitgard-pro-zestaw-do-masazu-ciala\/"},"modified":"2025-10-28T05:40:37","modified_gmt":"2025-10-28T04:40:37","slug":"zeitgard-pro-zestaw-do-masazu-ciala","status":"publish","type":"product","link":"https:\/\/www.lraloeverashop.eu\/pl\/produkt\/zeitgard-pro-zestaw-do-masazu-ciala\/","title":{"rendered":"Zeitgard Pro Zestaw do Masa\u017cu Cia\u0142a"},"content":{"rendered":"<h2><span style=\"font-size: 16pt; color: #000000;\"><strong>Zeitgard Pro Zestaw do Masa\u017cu Cia\u0142a<\/strong><\/span><\/h2>\n<p><span style=\"font-size: 14pt;\"><strong>Zeitgard Pro Zestaw do Masa\u017cu Cia\u0142a dla g\u0142adkiej sk\u00f3ry bez oznak cellulitu.<\/strong><\/span><\/p>\n<p>Urz\u0105dzenie do masa\u017cu cia\u0142a zosta\u0142o zaprojektowane przede wszystkim do napinania sk\u00f3ry na ramionach, brzuchu, nogach i po\u015bladkach. Zestaw Zeitgard Pro Kit polecamy kobietom od 25 roku \u017cycia, kt\u00f3re pragn\u0105 mie\u0107 g\u0142adk\u0105 sk\u00f3r\u0119 bez oznak cellulitu.<br \/>\nNapina sk\u00f3r\u0119, nadaje jej j\u0119drno\u015b\u0107 i wspomaga naturaln\u0105 zdolno\u015b\u0107 organizmu do eliminowania zanieczyszcze\u0144 poprzez uk\u0142ad naczyniowy i limfatyczny.<\/p>\n<p>Zabieg ultrad\u017awi\u0119kowy z u\u017cyciem Zestawu do Masa\u017cu Cia\u0142a Zeitgard Pro mo\u017ce poprawi\u0107 wygl\u0105d cellulitu. Produkty przemiany materii zalegaj\u0105ce mi\u0119dzy kom\u00f3rkami t\u0142uszczowymi s\u0105 wytrz\u0105sane przez zabieg ultrad\u017awi\u0119kowy, a p\u0142yn limfatyczny mo\u017ce je odprowadzi\u0107. M\u00f3wi\u0105c obrazowo, kom\u00f3rki t\u0142uszczowe s\u0105 &#8220;up\u0142ynnione&#8221; podobnie jak wtedy, gdy pozwalasz kostkom lodu stopi\u0107 si\u0119, a nast\u0119pnie ponownie je zamra\u017casz, a nast\u0119pnie tworz\u0105 bardziej r\u00f3wn\u0105 powierzchni\u0119. Ultrad\u017awi\u0119ki dzia\u0142aj\u0105 jak masa\u017c tkanek g\u0142\u0119bokich.<\/p>\n<p>Przep\u0142yw krwi jest stymulowany, a pasma elastyny i kolagenu rozlu\u017aniaj\u0105 si\u0119.<br \/>\nZalecamy r\u00f3wnie\u017c zdrow\u0105, zasadow\u0105 diet\u0119, wystarczaj\u0105ce spo\u017cycie p\u0142yn\u00f3w oraz unikanie picia, s\u0142odyczy i tytoniu.<\/p>\n<p>Przyjmowanie Lr 5w1 Beauty Elixir mo\u017ce r\u00f3wnie\u017c pom\u00f3c w promowaniu zdolno\u015bci organizmu do wytwarzania kolagenu i poprawie elastyczno\u015bci sk\u00f3ry.<\/p>\n<p><strong>Je\u015bli jeste\u015b w ci\u0105\u017cy, cierpisz na choroby serca, masz rozrusznik serca, guzy, raka sk\u00f3ry, oparzenia s\u0142oneczne, otwarte rany, zaburzenia kr\u0105\u017cenia, zakrzepic\u0119, zaburzenia krzepni\u0119cia krwi, epilepsj\u0119 lub choroby zaka\u017ane (gor\u0105czka, AIDS itp.), powinna\u015b m\u00f3wi\u0107z lekarzem.<\/strong><\/p>\n<p>&nbsp;<\/p>\n<h3><span style=\"font-size: 16pt;\"><strong>Jak korzysta\u0107 z zestawu antycellulitowego<\/strong><\/span><\/h3>\n<p>Na\u0142\u00f3\u017c na sk\u00f3r\u0119 krem uj\u0119drniaj\u0105cy do cia\u0142a Lr Zeitgard i masuj t\u0119 cz\u0119\u015b\u0107 delikatnymi okr\u0119\u017cnymi ruchami za pomoc\u0105 Zestawu do Masa\u017cu Cia\u0142a Zeitgard Pro.<\/p>\n<p>Nale\u017cy zawsze masowa\u0107 w kierunku w\u0119z\u0142\u00f3w ch\u0142onnych. Piel\u0119gnuj nogi (masuj w kierunku pachwiny), brzuch (masuj w kierunku pachwiny lub pach), po\u015bladki (masuj w kierunku pachwiny lub tylnej cz\u0119\u015bci kolana) i ramiona (masuj w kierunku pach).<\/p>\n<p>Post\u0119puj obszar po obszarze i nak\u0142adaj krem tylko na obszar, kt\u00f3ry zamierzasz masowa\u0107. Aby uzyska\u0107 najlepsze mo\u017cliwe rezultaty, wykonuj ten zabieg do dw\u00f3ch razy dziennie.<\/p>\n<p>&nbsp;<\/p>\n<p><img loading=\"lazy\" decoding=\"async\" class=\"aligncenter wp-image-3129\" src=\"https:\/\/www.lraloeverashop.eu\/wp-content\/uploads\/2022\/10\/Lr-Zeitgard-Pro-Body-massage-Device-in-use-1024x536.jpg\" alt=\"Jak u\u017cywa\u0107 Zeitgard Pro Zestaw do Masa\u017cu Cia\u0142a\" width=\"1229\" height=\"644\" srcset=\"https:\/\/www.lraloeverashop.eu\/wp-content\/uploads\/2022\/10\/Lr-Zeitgard-Pro-Body-massage-Device-in-use-1024x536.jpg 1024w, https:\/\/www.lraloeverashop.eu\/wp-content\/uploads\/2022\/10\/Lr-Zeitgard-Pro-Body-massage-Device-in-use-600x314.jpg 600w, https:\/\/www.lraloeverashop.eu\/wp-content\/uploads\/2022\/10\/Lr-Zeitgard-Pro-Body-massage-Device-in-use-300x157.jpg 300w, https:\/\/www.lraloeverashop.eu\/wp-content\/uploads\/2022\/10\/Lr-Zeitgard-Pro-Body-massage-Device-in-use-768x402.jpg 768w, https:\/\/www.lraloeverashop.eu\/wp-content\/uploads\/2022\/10\/Lr-Zeitgard-Pro-Body-massage-Device-in-use-1536x804.jpg 1536w, https:\/\/www.lraloeverashop.eu\/wp-content\/uploads\/2022\/10\/Lr-Zeitgard-Pro-Body-massage-Device-in-use-2048x1072.jpg 2048w\" sizes=\"auto, (max-width: 1229px) 100vw, 1229px\" \/><\/p>\n","protected":false},"excerpt":{"rendered":"<ul>\n<li>Zestaw zawiera: 1 x urz\u0105dzenie kosmetyczne Zeitgard Pro, 1 x nasadka do masa\u017cu<\/li>\n<li>Uj\u0119drnia i obmacuje sk\u00f3r\u0119 ramion, brzucha, ud i po\u015bladk\u00f3w<\/li>\n<li>Wspomaga usuwanie kom\u00f3rek t\u0142uszczowych<\/li>\n<li>Z serii Zeitgard Pro Skin Care<\/li>\n<li>Studio urody w domu<\/li>\n<li>Wyprodukowano w Niemczech<\/li>\n<\/ul>\n<p>&nbsp;<\/p>\n","protected":false},"featured_media":27060,"comment_status":"open","ping_status":"closed","template":"","meta":{"_kad_blocks_custom_css":"","_kad_blocks_head_custom_js":"","_kad_blocks_body_custom_js":"","_kad_blocks_footer_custom_js":"","_kadence_starter_templates_imported_post":false,"_kad_post_transparent":"default","_kad_post_title":"","_kad_post_layout":"default","_kad_post_sidebar_id":"","_kad_post_content_style":"default","_kad_post_vertical_padding":"default","_kad_post_feature":"","_kad_post_feature_position":"","_kad_post_header":false,"_kad_post_footer":false,"_kad_post_classname":""},"product_brand":[],"product_cat":[1072,1071,1070,1090,1069,1073],"product_tag":[1142],"class_list":{"0":"post-29054","1":"product","2":"type-product","3":"status-publish","4":"has-post-thumbnail","6":"product_cat-kobiety-do-40","7":"product_cat-kobiety-po-40","8":"product_cat-mezczyzni-powyzej-25-lat","9":"product_cat-oferty","10":"product_cat-pielegnacja-anti-age","11":"product_cat-zeitgard-pro-pl","12":"product_tag-zmarszczki-na-twarzy","14":"first","15":"instock","16":"sale","17":"taxable","18":"shipping-taxable","19":"purchasable","20":"product-type-simple","21":"entry","22":"content-bg","23":"loop-entry"},"yoast_head":"<!-- This site is optimized with the Yoast SEO Premium plugin v27.5 (Yoast SEO v27.5) - https:\/\/yoast.com\/product\/yoast-seo-premium-wordpress\/ -->\n<title>Zeitgard Pro Zestaw do Masa\u017cu Cia\u0142a dla sk\u00f3ry bez cellulitu<\/title>\n<meta name=\"description\" content=\"Uzyskaj j\u0119drn\u0105 i g\u0142adk\u0105 sk\u00f3r\u0119 ramion, brzucha, ud i po\u015bladk\u00f3w. Zeitgard Pro Zestaw do Masa\u017cu Cia\u0142a poprawia wygl\u0105d sk\u00f3ry. Dla kobiet od 25. roku \u017cycia.\" \/>\n<meta name=\"robots\" content=\"index, follow, max-snippet:-1, max-image-preview:large, max-video-preview:-1\" \/>\n<link rel=\"canonical\" href=\"https:\/\/www.lraloeverashop.eu\/pl\/produkt\/zeitgard-pro-zestaw-do-masazu-ciala\/\" \/>\n<meta property=\"og:locale\" content=\"pl_PL\" \/>\n<meta property=\"og:type\" content=\"article\" \/>\n<meta property=\"og:title\" content=\"Zeitgard Pro Zestaw do Masa\u017cu Cia\u0142a\" \/>\n<meta property=\"og:description\" content=\"Uzyskaj j\u0119drn\u0105 i g\u0142adk\u0105 sk\u00f3r\u0119 ramion, brzucha, ud i po\u015bladk\u00f3w. Zeitgard Pro Zestaw do Masa\u017cu Cia\u0142a poprawia wygl\u0105d sk\u00f3ry. Dla kobiet od 25. roku \u017cycia.\" \/>\n<meta property=\"og:url\" content=\"https:\/\/www.lraloeverashop.eu\/pl\/produkt\/zeitgard-pro-zestaw-do-masazu-ciala\/\" \/>\n<meta property=\"og:site_name\" content=\"Lr Aloe Vera Shop\" \/>\n<meta property=\"article:publisher\" content=\"https:\/\/www.facebook.com\/lraloeverashop.eu\" \/>\n<meta property=\"article:modified_time\" content=\"2025-10-28T04:40:37+00:00\" \/>\n<meta property=\"og:image\" content=\"https:\/\/www.lraloeverashop.eu\/wp-content\/uploads\/2022\/10\/Zeitgard-Pro-Body-Massage-Kit.jpg\" \/>\n\t<meta property=\"og:image:width\" content=\"1200\" \/>\n\t<meta property=\"og:image:height\" content=\"1200\" \/>\n\t<meta property=\"og:image:type\" content=\"image\/jpeg\" \/>\n<meta name=\"twitter:card\" content=\"summary_large_image\" \/>\n<meta name=\"twitter:site\" content=\"@natur__kosmetik\" \/>\n<script type=\"application\/ld+json\" class=\"yoast-schema-graph\">{\"@context\":\"https:\\\/\\\/schema.org\",\"@graph\":[{\"@type\":[\"WebPage\",\"ItemPage\"],\"@id\":\"https:\\\/\\\/www.lraloeverashop.eu\\\/pl\\\/produkt\\\/zeitgard-pro-zestaw-do-masazu-ciala\\\/\",\"url\":\"https:\\\/\\\/www.lraloeverashop.eu\\\/pl\\\/produkt\\\/zeitgard-pro-zestaw-do-masazu-ciala\\\/\",\"name\":\"Zeitgard Pro Zestaw do Masa\u017cu Cia\u0142a dla sk\u00f3ry bez cellulitu\",\"isPartOf\":{\"@id\":\"https:\\\/\\\/www.lraloeverashop.eu\\\/pl\\\/#website\"},\"primaryImageOfPage\":{\"@id\":\"https:\\\/\\\/www.lraloeverashop.eu\\\/pl\\\/produkt\\\/zeitgard-pro-zestaw-do-masazu-ciala\\\/#primaryimage\"},\"image\":{\"@id\":\"https:\\\/\\\/www.lraloeverashop.eu\\\/pl\\\/produkt\\\/zeitgard-pro-zestaw-do-masazu-ciala\\\/#primaryimage\"},\"thumbnailUrl\":\"https:\\\/\\\/www.lraloeverashop.eu\\\/wp-content\\\/uploads\\\/2022\\\/10\\\/Zeitgard-Pro-Body-Massage-Kit.jpg\",\"datePublished\":\"2022-10-22T03:50:49+00:00\",\"dateModified\":\"2025-10-28T04:40:37+00:00\",\"description\":\"Uzyskaj j\u0119drn\u0105 i g\u0142adk\u0105 sk\u00f3r\u0119 ramion, brzucha, ud i po\u015bladk\u00f3w. Zeitgard Pro Zestaw do Masa\u017cu Cia\u0142a poprawia wygl\u0105d sk\u00f3ry. Dla kobiet od 25. roku \u017cycia.\",\"breadcrumb\":{\"@id\":\"https:\\\/\\\/www.lraloeverashop.eu\\\/pl\\\/produkt\\\/zeitgard-pro-zestaw-do-masazu-ciala\\\/#breadcrumb\"},\"inLanguage\":\"pl-PL\",\"potentialAction\":[{\"@type\":\"ReadAction\",\"target\":[\"https:\\\/\\\/www.lraloeverashop.eu\\\/pl\\\/produkt\\\/zeitgard-pro-zestaw-do-masazu-ciala\\\/\"]}]},{\"@type\":\"ImageObject\",\"inLanguage\":\"pl-PL\",\"@id\":\"https:\\\/\\\/www.lraloeverashop.eu\\\/pl\\\/produkt\\\/zeitgard-pro-zestaw-do-masazu-ciala\\\/#primaryimage\",\"url\":\"https:\\\/\\\/www.lraloeverashop.eu\\\/wp-content\\\/uploads\\\/2022\\\/10\\\/Zeitgard-Pro-Body-Massage-Kit.jpg\",\"contentUrl\":\"https:\\\/\\\/www.lraloeverashop.eu\\\/wp-content\\\/uploads\\\/2022\\\/10\\\/Zeitgard-Pro-Body-Massage-Kit.jpg\",\"width\":1200,\"height\":1200,\"caption\":\"Lr Zeitgard Pro Zestaw do Masa\u017cu Cia\u0142a\"},{\"@type\":\"BreadcrumbList\",\"@id\":\"https:\\\/\\\/www.lraloeverashop.eu\\\/pl\\\/produkt\\\/zeitgard-pro-zestaw-do-masazu-ciala\\\/#breadcrumb\",\"itemListElement\":[{\"@type\":\"ListItem\",\"position\":1,\"name\":\"Home\",\"item\":\"https:\\\/\\\/www.lraloeverashop.eu\\\/pl\\\/\"},{\"@type\":\"ListItem\",\"position\":2,\"name\":\"Sklep\",\"item\":\"https:\\\/\\\/www.lraloeverashop.eu\\\/pl\\\/sklep\\\/\"},{\"@type\":\"ListItem\",\"position\":3,\"name\":\"Zeitgard Pro Zestaw do Masa\u017cu Cia\u0142a\"}]},{\"@type\":\"WebSite\",\"@id\":\"https:\\\/\\\/www.lraloeverashop.eu\\\/pl\\\/#website\",\"url\":\"https:\\\/\\\/www.lraloeverashop.eu\\\/pl\\\/\",\"name\":\"Lr Aloe Vera Shop\",\"description\":\"High Quality Lr Aloe Vera Gel, Aloe Vera Cream and Shampoo\",\"publisher\":{\"@id\":\"https:\\\/\\\/www.lraloeverashop.eu\\\/pl\\\/#organization\"},\"alternateName\":\"LR\",\"potentialAction\":[{\"@type\":\"SearchAction\",\"target\":{\"@type\":\"EntryPoint\",\"urlTemplate\":\"https:\\\/\\\/www.lraloeverashop.eu\\\/pl\\\/?s={search_term_string}\"},\"query-input\":{\"@type\":\"PropertyValueSpecification\",\"valueRequired\":true,\"valueName\":\"search_term_string\"}}],\"inLanguage\":\"pl-PL\"},{\"@type\":\"Organization\",\"@id\":\"https:\\\/\\\/www.lraloeverashop.eu\\\/pl\\\/#organization\",\"name\":\"Sklep Lr Aloe Vera\",\"alternateName\":\"LR\",\"url\":\"https:\\\/\\\/www.lraloeverashop.eu\\\/pl\\\/\",\"logo\":{\"@type\":\"ImageObject\",\"inLanguage\":\"pl-PL\",\"@id\":\"https:\\\/\\\/www.lraloeverashop.eu\\\/pl\\\/#\\\/schema\\\/logo\\\/image\\\/\",\"url\":\"https:\\\/\\\/www.lraloeverashop.eu\\\/wp-content\\\/uploads\\\/2022\\\/09\\\/cropped-Lr-Aloe-Vera-Shop.jpg\",\"contentUrl\":\"https:\\\/\\\/www.lraloeverashop.eu\\\/wp-content\\\/uploads\\\/2022\\\/09\\\/cropped-Lr-Aloe-Vera-Shop.jpg\",\"width\":228,\"height\":76,\"caption\":\"Sklep Lr Aloe Vera\"},\"image\":{\"@id\":\"https:\\\/\\\/www.lraloeverashop.eu\\\/pl\\\/#\\\/schema\\\/logo\\\/image\\\/\"},\"sameAs\":[\"https:\\\/\\\/www.facebook.com\\\/lraloeverashop.eu\",\"https:\\\/\\\/x.com\\\/natur__kosmetik\",\"https:\\\/\\\/www.youtube.com\\\/channel\\\/UC5oN7BJ8nfYb8RpVtjwDEBA\",\"https:\\\/\\\/www.instagram.com\\\/lrbeautyeu\\\/\"],\"description\":\"Sklep LR Aloe Vera to Twoje zaufane \u017ar\u00f3d\u0142o wysokiej jako\u015bci produkt\u00f3w LR Health & Beauty wyprodukowanych w Niemczech. Oferujemy wysokiej jako\u015bci produkty do piel\u0119gnacji sk\u00f3ry, od\u017cywiania i przeciwstarzeniowe z aloesem, stworzone z czystych sk\u0142adnik\u00f3w i poparte badaniami naukowymi. Odkryj naturaln\u0105 piel\u0119gnacj\u0119, kt\u00f3ra regeneruje, chroni i rewitalizuje Twoj\u0105 sk\u00f3r\u0119 \u2014 i korzystaj z ekskluzywnych comiesi\u0119cznych ofert na nasze bestsellerowe produkty LR Aloe Vera.\\nRozpocznij swoj\u0105 naturaln\u0105 piel\u0119gnacj\u0119 sk\u00f3ry ju\u017c dzi\u015b i poczuj r\u00f3\u017cnic\u0119.\",\"email\":\"info@lraloeverashop.eu\",\"telephone\":\"+49 17670609653\",\"legalName\":\"Lr Aloe Vera Shop\",\"foundingDate\":\"2018-04-21\",\"numberOfEmployees\":{\"@type\":\"QuantitativeValue\",\"minValue\":\"1\",\"maxValue\":\"10\"}}]}<\/script>\n<meta property=\"product:price:amount\" content=\"175.99\" \/>\n<meta property=\"product:price:currency\" content=\"EUR\" \/>\n<meta property=\"og:availability\" content=\"instock\" \/>\n<meta property=\"product:availability\" content=\"instock\" \/>\n<meta property=\"product:retailer_item_id\" content=\"70110-4PL\" \/>\n<meta property=\"product:condition\" content=\"new\" \/>\n<!-- \/ Yoast SEO Premium plugin. -->","yoast_head_json":{"title":"Zeitgard Pro Zestaw do Masa\u017cu Cia\u0142a dla sk\u00f3ry bez cellulitu","description":"Uzyskaj j\u0119drn\u0105 i g\u0142adk\u0105 sk\u00f3r\u0119 ramion, brzucha, ud i po\u015bladk\u00f3w. Zeitgard Pro Zestaw do Masa\u017cu Cia\u0142a poprawia wygl\u0105d sk\u00f3ry. Dla kobiet od 25. roku \u017cycia.","robots":{"index":"index","follow":"follow","max-snippet":"max-snippet:-1","max-image-preview":"max-image-preview:large","max-video-preview":"max-video-preview:-1"},"canonical":"https:\/\/www.lraloeverashop.eu\/pl\/produkt\/zeitgard-pro-zestaw-do-masazu-ciala\/","og_locale":"pl_PL","og_type":"article","og_title":"Zeitgard Pro Zestaw do Masa\u017cu Cia\u0142a","og_description":"Uzyskaj j\u0119drn\u0105 i g\u0142adk\u0105 sk\u00f3r\u0119 ramion, brzucha, ud i po\u015bladk\u00f3w. Zeitgard Pro Zestaw do Masa\u017cu Cia\u0142a poprawia wygl\u0105d sk\u00f3ry. Dla kobiet od 25. roku \u017cycia.","og_url":"https:\/\/www.lraloeverashop.eu\/pl\/produkt\/zeitgard-pro-zestaw-do-masazu-ciala\/","og_site_name":"Lr Aloe Vera Shop","article_publisher":"https:\/\/www.facebook.com\/lraloeverashop.eu","article_modified_time":"2025-10-28T04:40:37+00:00","og_image":[{"width":1200,"height":1200,"url":"https:\/\/www.lraloeverashop.eu\/wp-content\/uploads\/2022\/10\/Zeitgard-Pro-Body-Massage-Kit.jpg","type":"image\/jpeg"}],"twitter_card":"summary_large_image","twitter_site":"@natur__kosmetik","schema":{"@context":"https:\/\/schema.org","@graph":[{"@type":["WebPage","ItemPage"],"@id":"https:\/\/www.lraloeverashop.eu\/pl\/produkt\/zeitgard-pro-zestaw-do-masazu-ciala\/","url":"https:\/\/www.lraloeverashop.eu\/pl\/produkt\/zeitgard-pro-zestaw-do-masazu-ciala\/","name":"Zeitgard Pro Zestaw do Masa\u017cu Cia\u0142a dla sk\u00f3ry bez cellulitu","isPartOf":{"@id":"https:\/\/www.lraloeverashop.eu\/pl\/#website"},"primaryImageOfPage":{"@id":"https:\/\/www.lraloeverashop.eu\/pl\/produkt\/zeitgard-pro-zestaw-do-masazu-ciala\/#primaryimage"},"image":{"@id":"https:\/\/www.lraloeverashop.eu\/pl\/produkt\/zeitgard-pro-zestaw-do-masazu-ciala\/#primaryimage"},"thumbnailUrl":"https:\/\/www.lraloeverashop.eu\/wp-content\/uploads\/2022\/10\/Zeitgard-Pro-Body-Massage-Kit.jpg","datePublished":"2022-10-22T03:50:49+00:00","dateModified":"2025-10-28T04:40:37+00:00","description":"Uzyskaj j\u0119drn\u0105 i g\u0142adk\u0105 sk\u00f3r\u0119 ramion, brzucha, ud i po\u015bladk\u00f3w. Zeitgard Pro Zestaw do Masa\u017cu Cia\u0142a poprawia wygl\u0105d sk\u00f3ry. Dla kobiet od 25. roku \u017cycia.","breadcrumb":{"@id":"https:\/\/www.lraloeverashop.eu\/pl\/produkt\/zeitgard-pro-zestaw-do-masazu-ciala\/#breadcrumb"},"inLanguage":"pl-PL","potentialAction":[{"@type":"ReadAction","target":["https:\/\/www.lraloeverashop.eu\/pl\/produkt\/zeitgard-pro-zestaw-do-masazu-ciala\/"]}]},{"@type":"ImageObject","inLanguage":"pl-PL","@id":"https:\/\/www.lraloeverashop.eu\/pl\/produkt\/zeitgard-pro-zestaw-do-masazu-ciala\/#primaryimage","url":"https:\/\/www.lraloeverashop.eu\/wp-content\/uploads\/2022\/10\/Zeitgard-Pro-Body-Massage-Kit.jpg","contentUrl":"https:\/\/www.lraloeverashop.eu\/wp-content\/uploads\/2022\/10\/Zeitgard-Pro-Body-Massage-Kit.jpg","width":1200,"height":1200,"caption":"Lr Zeitgard Pro Zestaw do Masa\u017cu Cia\u0142a"},{"@type":"BreadcrumbList","@id":"https:\/\/www.lraloeverashop.eu\/pl\/produkt\/zeitgard-pro-zestaw-do-masazu-ciala\/#breadcrumb","itemListElement":[{"@type":"ListItem","position":1,"name":"Home","item":"https:\/\/www.lraloeverashop.eu\/pl\/"},{"@type":"ListItem","position":2,"name":"Sklep","item":"https:\/\/www.lraloeverashop.eu\/pl\/sklep\/"},{"@type":"ListItem","position":3,"name":"Zeitgard Pro Zestaw do Masa\u017cu Cia\u0142a"}]},{"@type":"WebSite","@id":"https:\/\/www.lraloeverashop.eu\/pl\/#website","url":"https:\/\/www.lraloeverashop.eu\/pl\/","name":"Lr Aloe Vera Shop","description":"High Quality Lr Aloe Vera Gel, Aloe Vera Cream and Shampoo","publisher":{"@id":"https:\/\/www.lraloeverashop.eu\/pl\/#organization"},"alternateName":"LR","potentialAction":[{"@type":"SearchAction","target":{"@type":"EntryPoint","urlTemplate":"https:\/\/www.lraloeverashop.eu\/pl\/?s={search_term_string}"},"query-input":{"@type":"PropertyValueSpecification","valueRequired":true,"valueName":"search_term_string"}}],"inLanguage":"pl-PL"},{"@type":"Organization","@id":"https:\/\/www.lraloeverashop.eu\/pl\/#organization","name":"Sklep Lr Aloe Vera","alternateName":"LR","url":"https:\/\/www.lraloeverashop.eu\/pl\/","logo":{"@type":"ImageObject","inLanguage":"pl-PL","@id":"https:\/\/www.lraloeverashop.eu\/pl\/#\/schema\/logo\/image\/","url":"https:\/\/www.lraloeverashop.eu\/wp-content\/uploads\/2022\/09\/cropped-Lr-Aloe-Vera-Shop.jpg","contentUrl":"https:\/\/www.lraloeverashop.eu\/wp-content\/uploads\/2022\/09\/cropped-Lr-Aloe-Vera-Shop.jpg","width":228,"height":76,"caption":"Sklep Lr Aloe Vera"},"image":{"@id":"https:\/\/www.lraloeverashop.eu\/pl\/#\/schema\/logo\/image\/"},"sameAs":["https:\/\/www.facebook.com\/lraloeverashop.eu","https:\/\/x.com\/natur__kosmetik","https:\/\/www.youtube.com\/channel\/UC5oN7BJ8nfYb8RpVtjwDEBA","https:\/\/www.instagram.com\/lrbeautyeu\/"],"description":"Sklep LR Aloe Vera to Twoje zaufane \u017ar\u00f3d\u0142o wysokiej jako\u015bci produkt\u00f3w LR Health & Beauty wyprodukowanych w Niemczech. Oferujemy wysokiej jako\u015bci produkty do piel\u0119gnacji sk\u00f3ry, od\u017cywiania i przeciwstarzeniowe z aloesem, stworzone z czystych sk\u0142adnik\u00f3w i poparte badaniami naukowymi. Odkryj naturaln\u0105 piel\u0119gnacj\u0119, kt\u00f3ra regeneruje, chroni i rewitalizuje Twoj\u0105 sk\u00f3r\u0119 \u2014 i korzystaj z ekskluzywnych comiesi\u0119cznych ofert na nasze bestsellerowe produkty LR Aloe Vera.\nRozpocznij swoj\u0105 naturaln\u0105 piel\u0119gnacj\u0119 sk\u00f3ry ju\u017c dzi\u015b i poczuj r\u00f3\u017cnic\u0119.","email":"info@lraloeverashop.eu","telephone":"+49 17670609653","legalName":"Lr Aloe Vera Shop","foundingDate":"2018-04-21","numberOfEmployees":{"@type":"QuantitativeValue","minValue":"1","maxValue":"10"}}]},"product_price_amount":"175.99","product_price_currency":"EUR","og_availability":"instock","product_availability":"instock","product_retailer_item_id":"70110-4PL","product_condition":"new"},"taxonomy_info":{"product_cat":[{"value":1072,"label":"Kobiety do 40"},{"value":1071,"label":"Kobiety po 40"},{"value":1070,"label":"M\u0119\u017cczy\u017ani powy\u017cej 25 lat"},{"value":1090,"label":"Oferty"},{"value":1069,"label":"Piel\u0119gnacja Anti Age"},{"value":1073,"label":"Zeitgard Pro"}],"product_tag":[{"value":1142,"label":"zmarszczki na twarzy"}]},"featured_image_src_large":["https:\/\/www.lraloeverashop.eu\/wp-content\/uploads\/2022\/10\/Zeitgard-Pro-Body-Massage-Kit-1024x1024.jpg",1024,1024,true],"author_info":[],"comment_info":0,"_links":{"self":[{"href":"https:\/\/www.lraloeverashop.eu\/pl\/wp-json\/wp\/v2\/product\/29054","targetHints":{"allow":["GET"]}}],"collection":[{"href":"https:\/\/www.lraloeverashop.eu\/pl\/wp-json\/wp\/v2\/product"}],"about":[{"href":"https:\/\/www.lraloeverashop.eu\/pl\/wp-json\/wp\/v2\/types\/product"}],"replies":[{"embeddable":true,"href":"https:\/\/www.lraloeverashop.eu\/pl\/wp-json\/wp\/v2\/comments?post=29054"}],"wp:featuredmedia":[{"embeddable":true,"href":"https:\/\/www.lraloeverashop.eu\/pl\/wp-json\/wp\/v2\/media\/27060"}],"wp:attachment":[{"href":"https:\/\/www.lraloeverashop.eu\/pl\/wp-json\/wp\/v2\/media?parent=29054"}],"wp:term":[{"taxonomy":"product_brand","embeddable":true,"href":"https:\/\/www.lraloeverashop.eu\/pl\/wp-json\/wp\/v2\/product_brand?post=29054"},{"taxonomy":"product_cat","embeddable":true,"href":"https:\/\/www.lraloeverashop.eu\/pl\/wp-json\/wp\/v2\/product_cat?post=29054"},{"taxonomy":"product_tag","embeddable":true,"href":"https:\/\/www.lraloeverashop.eu\/pl\/wp-json\/wp\/v2\/product_tag?post=29054"}],"curies":[{"name":"wp","href":"https:\/\/api.w.org\/{rel}","templated":true}]}}