{"id":29044,"date":"2022-10-13T18:41:48","date_gmt":"2022-10-13T16:41:48","guid":{"rendered":"https:\/\/www.lraloeverashop.eu\/product\/mind-master-red\/"},"modified":"2025-10-26T12:17:13","modified_gmt":"2025-10-26T11:17:13","slug":"mind-master-red","status":"publish","type":"product","link":"https:\/\/www.lraloeverashop.eu\/pl\/produkt\/mind-master-red\/","title":{"rendered":"Mind Master Red"},"content":{"rendered":"<h2><span style=\"font-size: 16pt;\"><strong>Mind Master Red<\/strong><\/span><\/h2>\n<p><span style=\"font-size: 14pt;\"><strong>Mind Master Red Zawiera wysokiej jako\u015bci mikroelementy wspieraj\u0105ce Tw\u00f3j organizm ka\u017cdego dnia.<\/strong><\/span><\/p>\n<p>Praca, rodzina, sport i odpoczynek \u2013 \u0142\u0105czenie tych sfer bywa wymagaj\u0105ce. Dlatego tak wa\u017cne jest, by organizm otrzymywa\u0142 odpowiedni\u0105 r\u00f3wnowag\u0119 sk\u0142adnik\u00f3w od\u017cywczych, witamin i pierwiastk\u00f3w \u015bladowych.<\/p>\n<h3><strong><span style=\"font-size: 14pt;\">Mind Master Red dostarcza kluczowych mikroelement\u00f3w, kt\u00f3re wspieraj\u0105:<\/span><\/strong><\/h3>\n<ul>\n<li>Prawid\u0142owy metabolizm energetyczny<\/li>\n<li>W\u0142a\u015bciwe funkcjonowanie uk\u0142adu nerwowego<\/li>\n<li>Utrzymanie prawid\u0142owych funkcji psychicznych i poznawczych<\/li>\n<li>Ochron\u0119 kom\u00f3rek przed stresem oksydacyjnym<\/li>\n<li>Redukcj\u0119 uczucia zm\u0119czenia i znu\u017cenia.<\/li>\n<\/ul>\n<p>Mind Master Lr to Tw\u00f3j codzienny sprzymierzeniec w pracy, nauce i aktywnym \u017cyciu!<\/p>\n<p>&nbsp;<\/p>\n<h4><strong><span style=\"font-size: 14pt;\">Sk\u0142adniki o potwierdzonym dzia\u0142aniu (zgodnie z badaniami EFSA*)<\/span><\/strong><\/h4>\n<ul>\n<li>Tiamina (witamina B1) i witamina B12 wspieraj\u0105 prawid\u0142owy metabolizm energetyczny.<\/li>\n<li>Witamina B12 pomaga w utrzymaniu prawid\u0142owego funkcjonowania uk\u0142adu nerwowego i proces\u00f3w my\u015blowych.<\/li>\n<li>Witamina B12 oraz \u017celazo przyczyniaj\u0105 si\u0119 do zmniejszenia uczucia zm\u0119czenia i znu\u017cenia.<\/li>\n<li>\u017belazo wspiera prawid\u0142owe funkcje poznawcze.<\/li>\n<li>Witamina E chroni kom\u00f3rki przed stresem oksydacyjnym.<\/li>\n<\/ul>\n<h2><strong><span style=\"font-size: 16pt;\">Mind Master Dawkowanie<\/span><\/strong><\/h2>\n<p><strong>Zalecana dzienna porcja:<\/strong><br \/>\nSpo\u017cywa\u0107 80 ml Mind Master Red raz dziennie, najlepiej po posi\u0142ku.<br \/>\nNap\u00f3j mo\u017cna pi\u0107 samodzielnie lub rozcie\u0144czy\u0107 z wod\u0105 b\u0105d\u017a sokiem \u2013 w zale\u017cno\u015bci od preferencji.<br \/>\nPrzed u\u017cyciem wstrz\u0105sn\u0105\u0107. Po otwarciu przechowywa\u0107 w lod\u00f3wce.<\/p>\n<h3><strong><span style=\"font-size: 14pt;\">Nie nale\u017cy przekracza\u0107 zalecanej dziennej porcji.<\/span><\/strong><\/h3>\n<p>Suplement diety nie zast\u0119puje zr\u00f3\u017cnicowanej i zbilansowanej diety ani zdrowego stylu \u017cycia.<br \/>\nPrzechowywa\u0107 w miejscu niedost\u0119pnym dla dzieci.<\/p>\n<h4><span style=\"font-size: 16pt;\"><strong>Najcz\u0119\u015bciej zadawane pytania (FAQ)<\/strong><\/span><\/h4>\n<p><strong>Sk\u0105d pochodzi wyj\u0105tkowy smak Mind Master Red?<\/strong><br \/>\nSmak napoju jest w pe\u0142ni naturalny \u2013 pochodzi z wysokiego st\u0119\u017cenia ekstrakt\u00f3w ro\u015blinnych, co nadaje mu delikatnie gorzkaw\u0105 nut\u0119.<br \/>\nPodstaw\u0105 jest sok z czerwonych winogron, a s\u0142odyczy dodaje naturalna stewia \u2013 ro\u015blinny s\u0142odzik o wysokiej mocy s\u0142odz\u0105cej.<\/p>\n<p><strong>Czy Mind Master jest odpowiedni dla dzieci?<\/strong><br \/>\nTak, produkt mog\u0105 spo\u017cywa\u0107 dzieci w wieku szkolnym oraz m\u0142odzie\u017c.<\/p>\n<p><strong>Czy Mind Master Red jest odpowiedni dla os\u00f3b z cukrzyc\u0105?<\/strong><br \/>\nMind Master Red zawiera jedynie niewielk\u0105 ilo\u015b\u0107 cukr\u00f3w prostych w postaci dekstrozy.<br \/>\nDzienne spo\u017cycie 80 ml odpowiada 0,87 ekwiwalentu skrobi.<br \/>\nW razie w\u0105tpliwo\u015bci dotycz\u0105cych stosowania produktu zaleca si\u0119 konsultacj\u0119 z lekarzem.<\/p>\n","protected":false},"excerpt":{"rendered":"<ul>\n<li>Suplement diety z niezb\u0119dnymi witaminami i pierwiastkami \u015bladowymi<\/li>\n<li>Dostarcza wysokiej jako\u015bci mikroelement\u00f3w, wspieraj\u0105c osoby prowadz\u0105ce aktywny tryb \u017cycia.<\/li>\n<li>Zawiera witamin\u0119 E, kt\u00f3ra pomaga chroni\u0107 kom\u00f3rki przed stresem oksydacyjnym.<\/li>\n<li>O owocowym, winogronowym smaku.<\/li>\n<li>Tw\u00f3j codzienny towarzysz \u2013 w pracy, w szkole i w czasie wolnym.<\/li>\n<li>Zawarto\u015b\u0107: 500 ml<\/li>\n<\/ul>\n<p>&nbsp;<\/p>\n","protected":false},"featured_media":27110,"comment_status":"open","ping_status":"closed","template":"","meta":{"_kad_blocks_custom_css":"","_kad_blocks_head_custom_js":"","_kad_blocks_body_custom_js":"","_kad_blocks_footer_custom_js":"","_kadence_starter_templates_imported_post":false,"_kad_post_transparent":"default","_kad_post_title":"","_kad_post_layout":"default","_kad_post_sidebar_id":"","_kad_post_content_style":"default","_kad_post_vertical_padding":"default","_kad_post_feature":"","_kad_post_feature_position":"","_kad_post_header":false,"_kad_post_footer":false,"_kad_post_classname":""},"product_brand":[],"product_cat":[1096,1091,1100,1106],"product_tag":[1131],"class_list":{"0":"post-29044","1":"product","2":"type-product","3":"status-publish","4":"has-post-thumbnail","6":"product_cat-mind-master-pl","7":"product_cat-produkty-specjalne","8":"product_cat-specjalisci","9":"product_cat-wydajnosc-energia","10":"product_tag-energia-pl","12":"first","13":"instock","14":"taxable","15":"shipping-taxable","16":"purchasable","17":"product-type-simple","18":"entry","19":"content-bg","20":"loop-entry"},"yoast_head":"<!-- This site is optimized with the Yoast SEO Premium plugin v27.5 (Yoast SEO v27.5) - https:\/\/yoast.com\/product\/yoast-seo-premium-wordpress\/ -->\n<title>Mind Master Red z wysokiej jako\u015bci mikroelementami i witamin\u0119 E<\/title>\n<meta name=\"description\" content=\"Mind Master Red dostarcza kluczowych mikroelement\u00f3w, kt\u00f3re wspieraj\u0105 metabolizm energetyczny, Redukcj\u0119 uczucia zm\u0119czenia, funkcjonowanie uk\u0142adu nerwowego\" \/>\n<meta name=\"robots\" content=\"index, follow, max-snippet:-1, max-image-preview:large, max-video-preview:-1\" \/>\n<link rel=\"canonical\" href=\"https:\/\/www.lraloeverashop.eu\/pl\/produkt\/mind-master-red\/\" \/>\n<meta property=\"og:locale\" content=\"pl_PL\" \/>\n<meta property=\"og:type\" content=\"article\" \/>\n<meta property=\"og:title\" content=\"Mind Master Red\" \/>\n<meta property=\"og:description\" content=\"Mind Master Red dostarcza kluczowych mikroelement\u00f3w, kt\u00f3re wspieraj\u0105 metabolizm energetyczny, Redukcj\u0119 uczucia zm\u0119czenia, funkcjonowanie uk\u0142adu nerwowego\" \/>\n<meta property=\"og:url\" content=\"https:\/\/www.lraloeverashop.eu\/pl\/produkt\/mind-master-red\/\" \/>\n<meta property=\"og:site_name\" content=\"Lr Aloe Vera Shop\" \/>\n<meta property=\"article:publisher\" content=\"https:\/\/www.facebook.com\/lraloeverashop.eu\" \/>\n<meta property=\"article:modified_time\" content=\"2025-10-26T11:17:13+00:00\" \/>\n<meta property=\"og:image\" content=\"https:\/\/www.lraloeverashop.eu\/wp-content\/uploads\/2022\/10\/Mind-Master-Formula-Red.jpg\" \/>\n\t<meta property=\"og:image:width\" content=\"1200\" \/>\n\t<meta property=\"og:image:height\" content=\"1200\" \/>\n\t<meta property=\"og:image:type\" content=\"image\/jpeg\" \/>\n<meta name=\"twitter:card\" content=\"summary_large_image\" \/>\n<meta name=\"twitter:site\" content=\"@natur__kosmetik\" \/>\n<script type=\"application\/ld+json\" class=\"yoast-schema-graph\">{\"@context\":\"https:\\\/\\\/schema.org\",\"@graph\":[{\"@type\":[\"WebPage\",\"ItemPage\"],\"@id\":\"https:\\\/\\\/www.lraloeverashop.eu\\\/pl\\\/produkt\\\/mind-master-red\\\/\",\"url\":\"https:\\\/\\\/www.lraloeverashop.eu\\\/pl\\\/produkt\\\/mind-master-red\\\/\",\"name\":\"Mind Master Red z wysokiej jako\u015bci mikroelementami i witamin\u0119 E\",\"isPartOf\":{\"@id\":\"https:\\\/\\\/www.lraloeverashop.eu\\\/pl\\\/#website\"},\"primaryImageOfPage\":{\"@id\":\"https:\\\/\\\/www.lraloeverashop.eu\\\/pl\\\/produkt\\\/mind-master-red\\\/#primaryimage\"},\"image\":{\"@id\":\"https:\\\/\\\/www.lraloeverashop.eu\\\/pl\\\/produkt\\\/mind-master-red\\\/#primaryimage\"},\"thumbnailUrl\":\"https:\\\/\\\/www.lraloeverashop.eu\\\/wp-content\\\/uploads\\\/2022\\\/10\\\/Mind-Master-Formula-Red.jpg\",\"datePublished\":\"2022-10-13T16:41:48+00:00\",\"dateModified\":\"2025-10-26T11:17:13+00:00\",\"description\":\"Mind Master Red dostarcza kluczowych mikroelement\u00f3w, kt\u00f3re wspieraj\u0105 metabolizm energetyczny, Redukcj\u0119 uczucia zm\u0119czenia, funkcjonowanie uk\u0142adu nerwowego\",\"breadcrumb\":{\"@id\":\"https:\\\/\\\/www.lraloeverashop.eu\\\/pl\\\/produkt\\\/mind-master-red\\\/#breadcrumb\"},\"inLanguage\":\"pl-PL\",\"potentialAction\":[{\"@type\":\"ReadAction\",\"target\":[\"https:\\\/\\\/www.lraloeverashop.eu\\\/pl\\\/produkt\\\/mind-master-red\\\/\"]}]},{\"@type\":\"ImageObject\",\"inLanguage\":\"pl-PL\",\"@id\":\"https:\\\/\\\/www.lraloeverashop.eu\\\/pl\\\/produkt\\\/mind-master-red\\\/#primaryimage\",\"url\":\"https:\\\/\\\/www.lraloeverashop.eu\\\/wp-content\\\/uploads\\\/2022\\\/10\\\/Mind-Master-Formula-Red.jpg\",\"contentUrl\":\"https:\\\/\\\/www.lraloeverashop.eu\\\/wp-content\\\/uploads\\\/2022\\\/10\\\/Mind-Master-Formula-Red.jpg\",\"width\":1200,\"height\":1200,\"caption\":\"Mind Master Czerwony\"},{\"@type\":\"BreadcrumbList\",\"@id\":\"https:\\\/\\\/www.lraloeverashop.eu\\\/pl\\\/produkt\\\/mind-master-red\\\/#breadcrumb\",\"itemListElement\":[{\"@type\":\"ListItem\",\"position\":1,\"name\":\"Home\",\"item\":\"https:\\\/\\\/www.lraloeverashop.eu\\\/pl\\\/\"},{\"@type\":\"ListItem\",\"position\":2,\"name\":\"Sklep\",\"item\":\"https:\\\/\\\/www.lraloeverashop.eu\\\/pl\\\/sklep\\\/\"},{\"@type\":\"ListItem\",\"position\":3,\"name\":\"Mind Master Red\"}]},{\"@type\":\"WebSite\",\"@id\":\"https:\\\/\\\/www.lraloeverashop.eu\\\/pl\\\/#website\",\"url\":\"https:\\\/\\\/www.lraloeverashop.eu\\\/pl\\\/\",\"name\":\"Lr Aloe Vera Shop\",\"description\":\"High Quality Lr Aloe Vera Gel, Aloe Vera Cream and Shampoo\",\"publisher\":{\"@id\":\"https:\\\/\\\/www.lraloeverashop.eu\\\/pl\\\/#organization\"},\"alternateName\":\"LR\",\"potentialAction\":[{\"@type\":\"SearchAction\",\"target\":{\"@type\":\"EntryPoint\",\"urlTemplate\":\"https:\\\/\\\/www.lraloeverashop.eu\\\/pl\\\/?s={search_term_string}\"},\"query-input\":{\"@type\":\"PropertyValueSpecification\",\"valueRequired\":true,\"valueName\":\"search_term_string\"}}],\"inLanguage\":\"pl-PL\"},{\"@type\":\"Organization\",\"@id\":\"https:\\\/\\\/www.lraloeverashop.eu\\\/pl\\\/#organization\",\"name\":\"Sklep Lr Aloe Vera\",\"alternateName\":\"LR\",\"url\":\"https:\\\/\\\/www.lraloeverashop.eu\\\/pl\\\/\",\"logo\":{\"@type\":\"ImageObject\",\"inLanguage\":\"pl-PL\",\"@id\":\"https:\\\/\\\/www.lraloeverashop.eu\\\/pl\\\/#\\\/schema\\\/logo\\\/image\\\/\",\"url\":\"https:\\\/\\\/www.lraloeverashop.eu\\\/wp-content\\\/uploads\\\/2022\\\/09\\\/cropped-Lr-Aloe-Vera-Shop.jpg\",\"contentUrl\":\"https:\\\/\\\/www.lraloeverashop.eu\\\/wp-content\\\/uploads\\\/2022\\\/09\\\/cropped-Lr-Aloe-Vera-Shop.jpg\",\"width\":228,\"height\":76,\"caption\":\"Sklep Lr Aloe Vera\"},\"image\":{\"@id\":\"https:\\\/\\\/www.lraloeverashop.eu\\\/pl\\\/#\\\/schema\\\/logo\\\/image\\\/\"},\"sameAs\":[\"https:\\\/\\\/www.facebook.com\\\/lraloeverashop.eu\",\"https:\\\/\\\/x.com\\\/natur__kosmetik\",\"https:\\\/\\\/www.youtube.com\\\/channel\\\/UC5oN7BJ8nfYb8RpVtjwDEBA\",\"https:\\\/\\\/www.instagram.com\\\/lrbeautyeu\\\/\"],\"description\":\"Sklep LR Aloe Vera to Twoje zaufane \u017ar\u00f3d\u0142o wysokiej jako\u015bci produkt\u00f3w LR Health & Beauty wyprodukowanych w Niemczech. Oferujemy wysokiej jako\u015bci produkty do piel\u0119gnacji sk\u00f3ry, od\u017cywiania i przeciwstarzeniowe z aloesem, stworzone z czystych sk\u0142adnik\u00f3w i poparte badaniami naukowymi. Odkryj naturaln\u0105 piel\u0119gnacj\u0119, kt\u00f3ra regeneruje, chroni i rewitalizuje Twoj\u0105 sk\u00f3r\u0119 \u2014 i korzystaj z ekskluzywnych comiesi\u0119cznych ofert na nasze bestsellerowe produkty LR Aloe Vera.\\nRozpocznij swoj\u0105 naturaln\u0105 piel\u0119gnacj\u0119 sk\u00f3ry ju\u017c dzi\u015b i poczuj r\u00f3\u017cnic\u0119.\",\"email\":\"info@lraloeverashop.eu\",\"telephone\":\"+49 17670609653\",\"legalName\":\"Lr Aloe Vera Shop\",\"foundingDate\":\"2018-04-21\",\"numberOfEmployees\":{\"@type\":\"QuantitativeValue\",\"minValue\":\"1\",\"maxValue\":\"10\"}}]}<\/script>\n<meta property=\"product:price:amount\" content=\"20.99\" \/>\n<meta property=\"product:price:currency\" content=\"EUR\" \/>\n<meta property=\"og:availability\" content=\"instock\" \/>\n<meta property=\"product:availability\" content=\"instock\" \/>\n<meta property=\"product:retailer_item_id\" content=\"80950PL\" \/>\n<meta property=\"product:condition\" content=\"new\" \/>\n<!-- \/ Yoast SEO Premium plugin. -->","yoast_head_json":{"title":"Mind Master Red z wysokiej jako\u015bci mikroelementami i witamin\u0119 E","description":"Mind Master Red dostarcza kluczowych mikroelement\u00f3w, kt\u00f3re wspieraj\u0105 metabolizm energetyczny, Redukcj\u0119 uczucia zm\u0119czenia, funkcjonowanie uk\u0142adu nerwowego","robots":{"index":"index","follow":"follow","max-snippet":"max-snippet:-1","max-image-preview":"max-image-preview:large","max-video-preview":"max-video-preview:-1"},"canonical":"https:\/\/www.lraloeverashop.eu\/pl\/produkt\/mind-master-red\/","og_locale":"pl_PL","og_type":"article","og_title":"Mind Master Red","og_description":"Mind Master Red dostarcza kluczowych mikroelement\u00f3w, kt\u00f3re wspieraj\u0105 metabolizm energetyczny, Redukcj\u0119 uczucia zm\u0119czenia, funkcjonowanie uk\u0142adu nerwowego","og_url":"https:\/\/www.lraloeverashop.eu\/pl\/produkt\/mind-master-red\/","og_site_name":"Lr Aloe Vera Shop","article_publisher":"https:\/\/www.facebook.com\/lraloeverashop.eu","article_modified_time":"2025-10-26T11:17:13+00:00","og_image":[{"width":1200,"height":1200,"url":"https:\/\/www.lraloeverashop.eu\/wp-content\/uploads\/2022\/10\/Mind-Master-Formula-Red.jpg","type":"image\/jpeg"}],"twitter_card":"summary_large_image","twitter_site":"@natur__kosmetik","schema":{"@context":"https:\/\/schema.org","@graph":[{"@type":["WebPage","ItemPage"],"@id":"https:\/\/www.lraloeverashop.eu\/pl\/produkt\/mind-master-red\/","url":"https:\/\/www.lraloeverashop.eu\/pl\/produkt\/mind-master-red\/","name":"Mind Master Red z wysokiej jako\u015bci mikroelementami i witamin\u0119 E","isPartOf":{"@id":"https:\/\/www.lraloeverashop.eu\/pl\/#website"},"primaryImageOfPage":{"@id":"https:\/\/www.lraloeverashop.eu\/pl\/produkt\/mind-master-red\/#primaryimage"},"image":{"@id":"https:\/\/www.lraloeverashop.eu\/pl\/produkt\/mind-master-red\/#primaryimage"},"thumbnailUrl":"https:\/\/www.lraloeverashop.eu\/wp-content\/uploads\/2022\/10\/Mind-Master-Formula-Red.jpg","datePublished":"2022-10-13T16:41:48+00:00","dateModified":"2025-10-26T11:17:13+00:00","description":"Mind Master Red dostarcza kluczowych mikroelement\u00f3w, kt\u00f3re wspieraj\u0105 metabolizm energetyczny, Redukcj\u0119 uczucia zm\u0119czenia, funkcjonowanie uk\u0142adu nerwowego","breadcrumb":{"@id":"https:\/\/www.lraloeverashop.eu\/pl\/produkt\/mind-master-red\/#breadcrumb"},"inLanguage":"pl-PL","potentialAction":[{"@type":"ReadAction","target":["https:\/\/www.lraloeverashop.eu\/pl\/produkt\/mind-master-red\/"]}]},{"@type":"ImageObject","inLanguage":"pl-PL","@id":"https:\/\/www.lraloeverashop.eu\/pl\/produkt\/mind-master-red\/#primaryimage","url":"https:\/\/www.lraloeverashop.eu\/wp-content\/uploads\/2022\/10\/Mind-Master-Formula-Red.jpg","contentUrl":"https:\/\/www.lraloeverashop.eu\/wp-content\/uploads\/2022\/10\/Mind-Master-Formula-Red.jpg","width":1200,"height":1200,"caption":"Mind Master Czerwony"},{"@type":"BreadcrumbList","@id":"https:\/\/www.lraloeverashop.eu\/pl\/produkt\/mind-master-red\/#breadcrumb","itemListElement":[{"@type":"ListItem","position":1,"name":"Home","item":"https:\/\/www.lraloeverashop.eu\/pl\/"},{"@type":"ListItem","position":2,"name":"Sklep","item":"https:\/\/www.lraloeverashop.eu\/pl\/sklep\/"},{"@type":"ListItem","position":3,"name":"Mind Master Red"}]},{"@type":"WebSite","@id":"https:\/\/www.lraloeverashop.eu\/pl\/#website","url":"https:\/\/www.lraloeverashop.eu\/pl\/","name":"Lr Aloe Vera Shop","description":"High Quality Lr Aloe Vera Gel, Aloe Vera Cream and Shampoo","publisher":{"@id":"https:\/\/www.lraloeverashop.eu\/pl\/#organization"},"alternateName":"LR","potentialAction":[{"@type":"SearchAction","target":{"@type":"EntryPoint","urlTemplate":"https:\/\/www.lraloeverashop.eu\/pl\/?s={search_term_string}"},"query-input":{"@type":"PropertyValueSpecification","valueRequired":true,"valueName":"search_term_string"}}],"inLanguage":"pl-PL"},{"@type":"Organization","@id":"https:\/\/www.lraloeverashop.eu\/pl\/#organization","name":"Sklep Lr Aloe Vera","alternateName":"LR","url":"https:\/\/www.lraloeverashop.eu\/pl\/","logo":{"@type":"ImageObject","inLanguage":"pl-PL","@id":"https:\/\/www.lraloeverashop.eu\/pl\/#\/schema\/logo\/image\/","url":"https:\/\/www.lraloeverashop.eu\/wp-content\/uploads\/2022\/09\/cropped-Lr-Aloe-Vera-Shop.jpg","contentUrl":"https:\/\/www.lraloeverashop.eu\/wp-content\/uploads\/2022\/09\/cropped-Lr-Aloe-Vera-Shop.jpg","width":228,"height":76,"caption":"Sklep Lr Aloe Vera"},"image":{"@id":"https:\/\/www.lraloeverashop.eu\/pl\/#\/schema\/logo\/image\/"},"sameAs":["https:\/\/www.facebook.com\/lraloeverashop.eu","https:\/\/x.com\/natur__kosmetik","https:\/\/www.youtube.com\/channel\/UC5oN7BJ8nfYb8RpVtjwDEBA","https:\/\/www.instagram.com\/lrbeautyeu\/"],"description":"Sklep LR Aloe Vera to Twoje zaufane \u017ar\u00f3d\u0142o wysokiej jako\u015bci produkt\u00f3w LR Health & Beauty wyprodukowanych w Niemczech. Oferujemy wysokiej jako\u015bci produkty do piel\u0119gnacji sk\u00f3ry, od\u017cywiania i przeciwstarzeniowe z aloesem, stworzone z czystych sk\u0142adnik\u00f3w i poparte badaniami naukowymi. Odkryj naturaln\u0105 piel\u0119gnacj\u0119, kt\u00f3ra regeneruje, chroni i rewitalizuje Twoj\u0105 sk\u00f3r\u0119 \u2014 i korzystaj z ekskluzywnych comiesi\u0119cznych ofert na nasze bestsellerowe produkty LR Aloe Vera.\nRozpocznij swoj\u0105 naturaln\u0105 piel\u0119gnacj\u0119 sk\u00f3ry ju\u017c dzi\u015b i poczuj r\u00f3\u017cnic\u0119.","email":"info@lraloeverashop.eu","telephone":"+49 17670609653","legalName":"Lr Aloe Vera Shop","foundingDate":"2018-04-21","numberOfEmployees":{"@type":"QuantitativeValue","minValue":"1","maxValue":"10"}}]},"product_price_amount":"20.99","product_price_currency":"EUR","og_availability":"instock","product_availability":"instock","product_retailer_item_id":"80950PL","product_condition":"new"},"taxonomy_info":{"product_cat":[{"value":1096,"label":"Mind Master"},{"value":1091,"label":"Produkty specjalne"},{"value":1100,"label":"Specjali\u015bci"},{"value":1106,"label":"Wydajno\u015b\u0107 i Energia"}],"product_tag":[{"value":1131,"label":"energia"}]},"featured_image_src_large":["https:\/\/www.lraloeverashop.eu\/wp-content\/uploads\/2022\/10\/Mind-Master-Formula-Red-1024x1024.jpg",1024,1024,true],"author_info":[],"comment_info":0,"_links":{"self":[{"href":"https:\/\/www.lraloeverashop.eu\/pl\/wp-json\/wp\/v2\/product\/29044","targetHints":{"allow":["GET"]}}],"collection":[{"href":"https:\/\/www.lraloeverashop.eu\/pl\/wp-json\/wp\/v2\/product"}],"about":[{"href":"https:\/\/www.lraloeverashop.eu\/pl\/wp-json\/wp\/v2\/types\/product"}],"replies":[{"embeddable":true,"href":"https:\/\/www.lraloeverashop.eu\/pl\/wp-json\/wp\/v2\/comments?post=29044"}],"wp:featuredmedia":[{"embeddable":true,"href":"https:\/\/www.lraloeverashop.eu\/pl\/wp-json\/wp\/v2\/media\/27110"}],"wp:attachment":[{"href":"https:\/\/www.lraloeverashop.eu\/pl\/wp-json\/wp\/v2\/media?parent=29044"}],"wp:term":[{"taxonomy":"product_brand","embeddable":true,"href":"https:\/\/www.lraloeverashop.eu\/pl\/wp-json\/wp\/v2\/product_brand?post=29044"},{"taxonomy":"product_cat","embeddable":true,"href":"https:\/\/www.lraloeverashop.eu\/pl\/wp-json\/wp\/v2\/product_cat?post=29044"},{"taxonomy":"product_tag","embeddable":true,"href":"https:\/\/www.lraloeverashop.eu\/pl\/wp-json\/wp\/v2\/product_tag?post=29044"}],"curies":[{"name":"wp","href":"https:\/\/api.w.org\/{rel}","templated":true}]}}