{"id":29036,"date":"2022-10-13T10:15:48","date_gmt":"2022-10-13T08:15:48","guid":{"rendered":"https:\/\/www.lraloeverashop.eu\/product\/mind-master-proszek-z-guarana\/"},"modified":"2025-10-26T10:18:10","modified_gmt":"2025-10-26T09:18:10","slug":"mind-master-proszek-z-guarana","status":"publish","type":"product","link":"https:\/\/www.lraloeverashop.eu\/pl\/produkt\/mind-master-proszek-z-guarana\/","title":{"rendered":"Mind Master Proszek z Guaran\u0105"},"content":{"rendered":"<h2><strong><span style=\"font-size: 16pt;\">Mind Master Proszek Z Guaran\u0105<\/span><\/strong><\/h2>\n<p><strong><span style=\"font-size: 14pt;\">Mind Master Proszek z Guaran\u0105 &#8211; szybki zastrzyk energii dla sprawno\u015bci umys\u0142owej i fizycznej.<\/span><\/strong><\/p>\n<p>Mind Master z guaran\u0105 w odpowiednim formacie. Po prostu rozerwij torb\u0119, we\u017a j\u0105 prosto bez wody i zacznij si\u0119 m\u0119czy\u0107! Formu\u0142a 2 w 1 zapewnia nie tylko si\u0142\u0119, ale tak\u017ce ochron\u0119 przed stresem oksydacyjnym dzi\u0119ki silnym przeciwutleniaczom.<\/p>\n<p>MindMaster dostarcza natychmiastowej, efektywnej i zdrowej energii dla umys\u0142u i cia\u0142amind and body<span style=\"font-size: 10pt;\"><sup>1,2,3,4<\/sup><\/span><br \/>\nW odpowiednim formacie saszetka mie\u015bci si\u0119 w ka\u017cdej torebce i mo\u017ce by\u0107 spo\u017cywana bezpo\u015brednio \u2013 bez wody.<\/p>\n<p style=\"text-align: left;\"><strong><span style=\"font-size: 14pt;\">Ekstremalne wsparcie energetyczne dla umys\u0142u<span style=\"font-size: 10pt;\"><sup>4,5<\/sup><\/span>:<\/span><\/strong><\/p>\n<p>Obudzi Ci\u0119 w najkr\u00f3tszym mo\u017cliwym czasie<span style=\"font-size: 14pt;\"><span style=\"font-size: 10pt;\"><sup>1,2,3<\/sup><\/span><\/span><br \/>\nZwi\u0119ksza koncentracj\u0119 i wydajno\u015b\u0107<span style=\"font-size: 14pt;\"><span style=\"font-size: 10pt;\"><sup>1,2,4<\/sup><\/span><\/span><\/p>\n<p>&nbsp;<\/p>\n<p style=\"text-align: left;\"><strong><span style=\"font-size: 14pt;\">Ekstremalne wsparcie energetyczne dla organizmu<span style=\"font-size: 10pt;\"><sup>1,2,3,5,6<\/sup><\/span><\/span><\/strong><\/p>\n<p>W bardzo kr\u00f3tkim czasie b\u0119dziesz sprawny i niezb\u0119dny<span style=\"font-size: 10pt;\"><sup>1,2<\/sup><\/span><br \/>\nZwi\u0119ksza wytrzyma\u0142o\u015b\u0107 i wydajno\u015b\u0107<span style=\"font-size: 10pt;\"><sup>2,3<\/sup><\/span><\/p>\n<p>&nbsp;<\/p>\n<p>Mind Master Proszek z Guaran\u0105 sk\u0142ada si\u0119 z warto\u015bciowej mieszanki naturalnych super booster\u00f3w, takich jak kofeina, tauryna, inozytol, aminokwasy, witaminy, minera\u0142y i koenzym Q10. Z substancjami s\u0142odz\u0105cymi. Bezglutenowe, bez laktozy, o smaku granatu. Jeden baton zawiera wi\u0119cej kofeiny ni\u017c fili\u017canka espresso lub zwyk\u0142y nap\u00f3j energetyczny. Pokrywa 100% dziennego zapotrzebowania na 6 wa\u017cnych witamin, w tym D, E, B12.<\/p>\n<p><strong><span style=\"color: #0000ff;\">Po prostu rozerwij go na strz\u0119py, spo\u017cyj zawarto\u015b\u0107 bez wody i zacznij \u0107wiczy\u0107!<\/span><\/strong><\/p>\n<h3><strong><span style=\"font-size: 16pt;\">Nie zawiera cukru i smakuje jak owocowy granat.<\/span><\/strong><\/h3>\n<p>Kofeina z guarany i ekstraktu z zielonej herbaty, a tak\u017ce aminokwasy (BCAA) pobudzaj\u0105 metabolizm i dostarczaj\u0105 organizmowi kr\u00f3tkotrwa\u0142ej energii, dzi\u0119ki czemu mo\u017cesz dzia\u0142a\u0107 bezpo\u015brednio. Witaminy z grupy B zmniejszaj\u0105 zm\u0119czenie i wspomagaj\u0105 funkcje umys\u0142owe i poznawcze. Twoja reaktywno\u015b\u0107 wzrasta i mo\u017cesz dzia\u0142a\u0107 szybciej i by\u0107 bardziej czujnym. Przeciwutleniacze, takie jak witamina E i witamina C, chroni\u0105 przed stresem oksydacyjnym.<\/p>\n<p>1) Witamina B12 pomaga zmniejszy\u0107 uczucie zm\u0119czenia i znu\u017cenia.<br \/>\n2) Kofeina znajduj\u0105ca si\u0119 w guaranie pomaga zwi\u0119kszy\u0107 czujno\u015b\u0107 i koncentracj\u0119. Kofeina zawarta w guaranie przyczynia si\u0119 do zwi\u0119kszenia wytrzyma\u0142o\u015bci.<br \/>\n3) Witamina C przyczynia si\u0119 do utrzymania prawid\u0142owego metabolizmu energetycznego.<br \/>\n4) Tiamina, witamina B6 i witamina B12 przyczyniaj\u0105 si\u0119 do utrzymania prawid\u0142owych funkcji umys\u0142owych.<br \/>\n5) Mind Master Proszek z guaran\u0105 i witamin\u0105 E, C i selenem pomaga chroni\u0107 kom\u00f3rki przed stresem oksydacyjnym.<br \/>\n6) Witamina D przyczynia si\u0119 do utrzymania prawid\u0142owego funkcjonowania mi\u0119\u015bni.<\/p>\n","protected":false},"excerpt":{"rendered":"<ul>\n<li>Wzmacniacz sprawno\u015bci umys\u0142owej i fizycznej<span style=\"font-size: 10pt;\"><sup>2,3,4<\/sup><\/span><\/li>\n<li>Ochrona przed stresem oksydacyjnym<span style=\"font-size: 10pt;\"><sup>1<\/sup><\/span><\/li>\n<li>Wysokowydajny proszek w wygodnym formacie, kt\u00f3ry mo\u017cesz zabra\u0107 ze sob\u0105<\/li>\n<li>Bez cukru<\/li>\n<li>Do bezpo\u015bredniego spo\u017cycia bez wody<\/li>\n<li>Opakowanie zawiera 14 baton\u00f3w (po 2,5 g ka\u017cdy)<\/li>\n<\/ul>\n<p>&nbsp;<\/p>\n","protected":false},"featured_media":27111,"comment_status":"open","ping_status":"closed","template":"","meta":{"_kad_blocks_custom_css":"","_kad_blocks_head_custom_js":"","_kad_blocks_body_custom_js":"","_kad_blocks_footer_custom_js":"","_kadence_starter_templates_imported_post":false,"_kad_post_transparent":"default","_kad_post_title":"","_kad_post_layout":"default","_kad_post_sidebar_id":"","_kad_post_content_style":"default","_kad_post_vertical_padding":"default","_kad_post_feature":"","_kad_post_feature_position":"","_kad_post_header":false,"_kad_post_footer":false,"_kad_post_classname":""},"product_brand":[],"product_cat":[1096,1091,1100,1106],"product_tag":[1131],"class_list":{"0":"post-29036","1":"product","2":"type-product","3":"status-publish","4":"has-post-thumbnail","6":"product_cat-mind-master-pl","7":"product_cat-produkty-specjalne","8":"product_cat-specjalisci","9":"product_cat-wydajnosc-energia","10":"product_tag-energia-pl","12":"first","13":"instock","14":"taxable","15":"shipping-taxable","16":"purchasable","17":"product-type-simple","18":"entry","19":"content-bg","20":"loop-entry"},"yoast_head":"<!-- This site is optimized with the Yoast SEO Premium plugin v27.5 (Yoast SEO v27.5) - https:\/\/yoast.com\/product\/yoast-seo-premium-wordpress\/ -->\n<title>Mind Master Proszek z Guaran\u0105 dla wydajno\u015bci fizycznej<\/title>\n<meta name=\"description\" content=\"Mind Master Proszek z Guaran\u0105 zawiera warto\u015bciow\u0105 mieszank\u0119 naturalnych super wzmacniaczy, takich jak ekstrakt z guarany i herbaty oraz inne sk\u0142adniki\" \/>\n<meta name=\"robots\" content=\"index, follow, max-snippet:-1, max-image-preview:large, max-video-preview:-1\" \/>\n<link rel=\"canonical\" href=\"https:\/\/www.lraloeverashop.eu\/pl\/produkt\/mind-master-proszek-z-guarana\/\" \/>\n<meta property=\"og:locale\" content=\"pl_PL\" \/>\n<meta property=\"og:type\" content=\"article\" \/>\n<meta property=\"og:title\" content=\"Mind Master Proszek z Guaran\u0105\" \/>\n<meta property=\"og:description\" content=\"Mind Master Proszek z Guaran\u0105 zawiera warto\u015bciow\u0105 mieszank\u0119 naturalnych super wzmacniaczy, takich jak ekstrakt z guarany i herbaty oraz inne sk\u0142adniki\" \/>\n<meta property=\"og:url\" content=\"https:\/\/www.lraloeverashop.eu\/pl\/produkt\/mind-master-proszek-z-guarana\/\" \/>\n<meta property=\"og:site_name\" content=\"Lr Aloe Vera Shop\" \/>\n<meta property=\"article:publisher\" content=\"https:\/\/www.facebook.com\/lraloeverashop.eu\" \/>\n<meta property=\"article:modified_time\" content=\"2025-10-26T09:18:10+00:00\" \/>\n<meta property=\"og:image\" content=\"https:\/\/www.lraloeverashop.eu\/wp-content\/uploads\/2022\/10\/mind-master-extreme-performance-powder-with-guarana.jpg\" \/>\n\t<meta property=\"og:image:width\" content=\"1200\" \/>\n\t<meta property=\"og:image:height\" content=\"1200\" \/>\n\t<meta property=\"og:image:type\" content=\"image\/jpeg\" \/>\n<meta name=\"twitter:card\" content=\"summary_large_image\" \/>\n<meta name=\"twitter:site\" content=\"@natur__kosmetik\" \/>\n<script type=\"application\/ld+json\" class=\"yoast-schema-graph\">{\"@context\":\"https:\\\/\\\/schema.org\",\"@graph\":[{\"@type\":[\"WebPage\",\"ItemPage\"],\"@id\":\"https:\\\/\\\/www.lraloeverashop.eu\\\/pl\\\/produkt\\\/mind-master-proszek-z-guarana\\\/\",\"url\":\"https:\\\/\\\/www.lraloeverashop.eu\\\/pl\\\/produkt\\\/mind-master-proszek-z-guarana\\\/\",\"name\":\"Mind Master Proszek z Guaran\u0105 dla wydajno\u015bci fizycznej\",\"isPartOf\":{\"@id\":\"https:\\\/\\\/www.lraloeverashop.eu\\\/pl\\\/#website\"},\"primaryImageOfPage\":{\"@id\":\"https:\\\/\\\/www.lraloeverashop.eu\\\/pl\\\/produkt\\\/mind-master-proszek-z-guarana\\\/#primaryimage\"},\"image\":{\"@id\":\"https:\\\/\\\/www.lraloeverashop.eu\\\/pl\\\/produkt\\\/mind-master-proszek-z-guarana\\\/#primaryimage\"},\"thumbnailUrl\":\"https:\\\/\\\/www.lraloeverashop.eu\\\/wp-content\\\/uploads\\\/2022\\\/10\\\/mind-master-extreme-performance-powder-with-guarana.jpg\",\"datePublished\":\"2022-10-13T08:15:48+00:00\",\"dateModified\":\"2025-10-26T09:18:10+00:00\",\"description\":\"Mind Master Proszek z Guaran\u0105 zawiera warto\u015bciow\u0105 mieszank\u0119 naturalnych super wzmacniaczy, takich jak ekstrakt z guarany i herbaty oraz inne sk\u0142adniki\",\"breadcrumb\":{\"@id\":\"https:\\\/\\\/www.lraloeverashop.eu\\\/pl\\\/produkt\\\/mind-master-proszek-z-guarana\\\/#breadcrumb\"},\"inLanguage\":\"pl-PL\",\"potentialAction\":[{\"@type\":\"ReadAction\",\"target\":[\"https:\\\/\\\/www.lraloeverashop.eu\\\/pl\\\/produkt\\\/mind-master-proszek-z-guarana\\\/\"]}]},{\"@type\":\"ImageObject\",\"inLanguage\":\"pl-PL\",\"@id\":\"https:\\\/\\\/www.lraloeverashop.eu\\\/pl\\\/produkt\\\/mind-master-proszek-z-guarana\\\/#primaryimage\",\"url\":\"https:\\\/\\\/www.lraloeverashop.eu\\\/wp-content\\\/uploads\\\/2022\\\/10\\\/mind-master-extreme-performance-powder-with-guarana.jpg\",\"contentUrl\":\"https:\\\/\\\/www.lraloeverashop.eu\\\/wp-content\\\/uploads\\\/2022\\\/10\\\/mind-master-extreme-performance-powder-with-guarana.jpg\",\"width\":1200,\"height\":1200,\"caption\":\"Mind Master Extreme Performance proszek z guaran\u0105\"},{\"@type\":\"BreadcrumbList\",\"@id\":\"https:\\\/\\\/www.lraloeverashop.eu\\\/pl\\\/produkt\\\/mind-master-proszek-z-guarana\\\/#breadcrumb\",\"itemListElement\":[{\"@type\":\"ListItem\",\"position\":1,\"name\":\"Home\",\"item\":\"https:\\\/\\\/www.lraloeverashop.eu\\\/pl\\\/\"},{\"@type\":\"ListItem\",\"position\":2,\"name\":\"Sklep\",\"item\":\"https:\\\/\\\/www.lraloeverashop.eu\\\/pl\\\/sklep\\\/\"},{\"@type\":\"ListItem\",\"position\":3,\"name\":\"Mind Master Proszek z Guaran\u0105\"}]},{\"@type\":\"WebSite\",\"@id\":\"https:\\\/\\\/www.lraloeverashop.eu\\\/pl\\\/#website\",\"url\":\"https:\\\/\\\/www.lraloeverashop.eu\\\/pl\\\/\",\"name\":\"Lr Aloe Vera Shop\",\"description\":\"High Quality Lr Aloe Vera Gel, Aloe Vera Cream and Shampoo\",\"publisher\":{\"@id\":\"https:\\\/\\\/www.lraloeverashop.eu\\\/pl\\\/#organization\"},\"alternateName\":\"LR\",\"potentialAction\":[{\"@type\":\"SearchAction\",\"target\":{\"@type\":\"EntryPoint\",\"urlTemplate\":\"https:\\\/\\\/www.lraloeverashop.eu\\\/pl\\\/?s={search_term_string}\"},\"query-input\":{\"@type\":\"PropertyValueSpecification\",\"valueRequired\":true,\"valueName\":\"search_term_string\"}}],\"inLanguage\":\"pl-PL\"},{\"@type\":\"Organization\",\"@id\":\"https:\\\/\\\/www.lraloeverashop.eu\\\/pl\\\/#organization\",\"name\":\"Sklep Lr Aloe Vera\",\"alternateName\":\"LR\",\"url\":\"https:\\\/\\\/www.lraloeverashop.eu\\\/pl\\\/\",\"logo\":{\"@type\":\"ImageObject\",\"inLanguage\":\"pl-PL\",\"@id\":\"https:\\\/\\\/www.lraloeverashop.eu\\\/pl\\\/#\\\/schema\\\/logo\\\/image\\\/\",\"url\":\"https:\\\/\\\/www.lraloeverashop.eu\\\/wp-content\\\/uploads\\\/2022\\\/09\\\/cropped-Lr-Aloe-Vera-Shop.jpg\",\"contentUrl\":\"https:\\\/\\\/www.lraloeverashop.eu\\\/wp-content\\\/uploads\\\/2022\\\/09\\\/cropped-Lr-Aloe-Vera-Shop.jpg\",\"width\":228,\"height\":76,\"caption\":\"Sklep Lr Aloe Vera\"},\"image\":{\"@id\":\"https:\\\/\\\/www.lraloeverashop.eu\\\/pl\\\/#\\\/schema\\\/logo\\\/image\\\/\"},\"sameAs\":[\"https:\\\/\\\/www.facebook.com\\\/lraloeverashop.eu\",\"https:\\\/\\\/x.com\\\/natur__kosmetik\",\"https:\\\/\\\/www.youtube.com\\\/channel\\\/UC5oN7BJ8nfYb8RpVtjwDEBA\",\"https:\\\/\\\/www.instagram.com\\\/lrbeautyeu\\\/\"],\"description\":\"Sklep LR Aloe Vera to Twoje zaufane \u017ar\u00f3d\u0142o wysokiej jako\u015bci produkt\u00f3w LR Health & Beauty wyprodukowanych w Niemczech. Oferujemy wysokiej jako\u015bci produkty do piel\u0119gnacji sk\u00f3ry, od\u017cywiania i przeciwstarzeniowe z aloesem, stworzone z czystych sk\u0142adnik\u00f3w i poparte badaniami naukowymi. Odkryj naturaln\u0105 piel\u0119gnacj\u0119, kt\u00f3ra regeneruje, chroni i rewitalizuje Twoj\u0105 sk\u00f3r\u0119 \u2014 i korzystaj z ekskluzywnych comiesi\u0119cznych ofert na nasze bestsellerowe produkty LR Aloe Vera.\\nRozpocznij swoj\u0105 naturaln\u0105 piel\u0119gnacj\u0119 sk\u00f3ry ju\u017c dzi\u015b i poczuj r\u00f3\u017cnic\u0119.\",\"email\":\"info@lraloeverashop.eu\",\"telephone\":\"+49 17670609653\",\"legalName\":\"Lr Aloe Vera Shop\",\"foundingDate\":\"2018-04-21\",\"numberOfEmployees\":{\"@type\":\"QuantitativeValue\",\"minValue\":\"1\",\"maxValue\":\"10\"}}]}<\/script>\n<meta property=\"product:price:amount\" content=\"36.99\" \/>\n<meta property=\"product:price:currency\" content=\"EUR\" \/>\n<meta property=\"og:availability\" content=\"instock\" \/>\n<meta property=\"product:availability\" content=\"instock\" \/>\n<meta property=\"product:retailer_item_id\" content=\"80980-101PL\" \/>\n<meta property=\"product:condition\" content=\"new\" \/>\n<!-- \/ Yoast SEO Premium plugin. -->","yoast_head_json":{"title":"Mind Master Proszek z Guaran\u0105 dla wydajno\u015bci fizycznej","description":"Mind Master Proszek z Guaran\u0105 zawiera warto\u015bciow\u0105 mieszank\u0119 naturalnych super wzmacniaczy, takich jak ekstrakt z guarany i herbaty oraz inne sk\u0142adniki","robots":{"index":"index","follow":"follow","max-snippet":"max-snippet:-1","max-image-preview":"max-image-preview:large","max-video-preview":"max-video-preview:-1"},"canonical":"https:\/\/www.lraloeverashop.eu\/pl\/produkt\/mind-master-proszek-z-guarana\/","og_locale":"pl_PL","og_type":"article","og_title":"Mind Master Proszek z Guaran\u0105","og_description":"Mind Master Proszek z Guaran\u0105 zawiera warto\u015bciow\u0105 mieszank\u0119 naturalnych super wzmacniaczy, takich jak ekstrakt z guarany i herbaty oraz inne sk\u0142adniki","og_url":"https:\/\/www.lraloeverashop.eu\/pl\/produkt\/mind-master-proszek-z-guarana\/","og_site_name":"Lr Aloe Vera Shop","article_publisher":"https:\/\/www.facebook.com\/lraloeverashop.eu","article_modified_time":"2025-10-26T09:18:10+00:00","og_image":[{"width":1200,"height":1200,"url":"https:\/\/www.lraloeverashop.eu\/wp-content\/uploads\/2022\/10\/mind-master-extreme-performance-powder-with-guarana.jpg","type":"image\/jpeg"}],"twitter_card":"summary_large_image","twitter_site":"@natur__kosmetik","schema":{"@context":"https:\/\/schema.org","@graph":[{"@type":["WebPage","ItemPage"],"@id":"https:\/\/www.lraloeverashop.eu\/pl\/produkt\/mind-master-proszek-z-guarana\/","url":"https:\/\/www.lraloeverashop.eu\/pl\/produkt\/mind-master-proszek-z-guarana\/","name":"Mind Master Proszek z Guaran\u0105 dla wydajno\u015bci fizycznej","isPartOf":{"@id":"https:\/\/www.lraloeverashop.eu\/pl\/#website"},"primaryImageOfPage":{"@id":"https:\/\/www.lraloeverashop.eu\/pl\/produkt\/mind-master-proszek-z-guarana\/#primaryimage"},"image":{"@id":"https:\/\/www.lraloeverashop.eu\/pl\/produkt\/mind-master-proszek-z-guarana\/#primaryimage"},"thumbnailUrl":"https:\/\/www.lraloeverashop.eu\/wp-content\/uploads\/2022\/10\/mind-master-extreme-performance-powder-with-guarana.jpg","datePublished":"2022-10-13T08:15:48+00:00","dateModified":"2025-10-26T09:18:10+00:00","description":"Mind Master Proszek z Guaran\u0105 zawiera warto\u015bciow\u0105 mieszank\u0119 naturalnych super wzmacniaczy, takich jak ekstrakt z guarany i herbaty oraz inne sk\u0142adniki","breadcrumb":{"@id":"https:\/\/www.lraloeverashop.eu\/pl\/produkt\/mind-master-proszek-z-guarana\/#breadcrumb"},"inLanguage":"pl-PL","potentialAction":[{"@type":"ReadAction","target":["https:\/\/www.lraloeverashop.eu\/pl\/produkt\/mind-master-proszek-z-guarana\/"]}]},{"@type":"ImageObject","inLanguage":"pl-PL","@id":"https:\/\/www.lraloeverashop.eu\/pl\/produkt\/mind-master-proszek-z-guarana\/#primaryimage","url":"https:\/\/www.lraloeverashop.eu\/wp-content\/uploads\/2022\/10\/mind-master-extreme-performance-powder-with-guarana.jpg","contentUrl":"https:\/\/www.lraloeverashop.eu\/wp-content\/uploads\/2022\/10\/mind-master-extreme-performance-powder-with-guarana.jpg","width":1200,"height":1200,"caption":"Mind Master Extreme Performance proszek z guaran\u0105"},{"@type":"BreadcrumbList","@id":"https:\/\/www.lraloeverashop.eu\/pl\/produkt\/mind-master-proszek-z-guarana\/#breadcrumb","itemListElement":[{"@type":"ListItem","position":1,"name":"Home","item":"https:\/\/www.lraloeverashop.eu\/pl\/"},{"@type":"ListItem","position":2,"name":"Sklep","item":"https:\/\/www.lraloeverashop.eu\/pl\/sklep\/"},{"@type":"ListItem","position":3,"name":"Mind Master Proszek z Guaran\u0105"}]},{"@type":"WebSite","@id":"https:\/\/www.lraloeverashop.eu\/pl\/#website","url":"https:\/\/www.lraloeverashop.eu\/pl\/","name":"Lr Aloe Vera Shop","description":"High Quality Lr Aloe Vera Gel, Aloe Vera Cream and Shampoo","publisher":{"@id":"https:\/\/www.lraloeverashop.eu\/pl\/#organization"},"alternateName":"LR","potentialAction":[{"@type":"SearchAction","target":{"@type":"EntryPoint","urlTemplate":"https:\/\/www.lraloeverashop.eu\/pl\/?s={search_term_string}"},"query-input":{"@type":"PropertyValueSpecification","valueRequired":true,"valueName":"search_term_string"}}],"inLanguage":"pl-PL"},{"@type":"Organization","@id":"https:\/\/www.lraloeverashop.eu\/pl\/#organization","name":"Sklep Lr Aloe Vera","alternateName":"LR","url":"https:\/\/www.lraloeverashop.eu\/pl\/","logo":{"@type":"ImageObject","inLanguage":"pl-PL","@id":"https:\/\/www.lraloeverashop.eu\/pl\/#\/schema\/logo\/image\/","url":"https:\/\/www.lraloeverashop.eu\/wp-content\/uploads\/2022\/09\/cropped-Lr-Aloe-Vera-Shop.jpg","contentUrl":"https:\/\/www.lraloeverashop.eu\/wp-content\/uploads\/2022\/09\/cropped-Lr-Aloe-Vera-Shop.jpg","width":228,"height":76,"caption":"Sklep Lr Aloe Vera"},"image":{"@id":"https:\/\/www.lraloeverashop.eu\/pl\/#\/schema\/logo\/image\/"},"sameAs":["https:\/\/www.facebook.com\/lraloeverashop.eu","https:\/\/x.com\/natur__kosmetik","https:\/\/www.youtube.com\/channel\/UC5oN7BJ8nfYb8RpVtjwDEBA","https:\/\/www.instagram.com\/lrbeautyeu\/"],"description":"Sklep LR Aloe Vera to Twoje zaufane \u017ar\u00f3d\u0142o wysokiej jako\u015bci produkt\u00f3w LR Health & Beauty wyprodukowanych w Niemczech. Oferujemy wysokiej jako\u015bci produkty do piel\u0119gnacji sk\u00f3ry, od\u017cywiania i przeciwstarzeniowe z aloesem, stworzone z czystych sk\u0142adnik\u00f3w i poparte badaniami naukowymi. Odkryj naturaln\u0105 piel\u0119gnacj\u0119, kt\u00f3ra regeneruje, chroni i rewitalizuje Twoj\u0105 sk\u00f3r\u0119 \u2014 i korzystaj z ekskluzywnych comiesi\u0119cznych ofert na nasze bestsellerowe produkty LR Aloe Vera.\nRozpocznij swoj\u0105 naturaln\u0105 piel\u0119gnacj\u0119 sk\u00f3ry ju\u017c dzi\u015b i poczuj r\u00f3\u017cnic\u0119.","email":"info@lraloeverashop.eu","telephone":"+49 17670609653","legalName":"Lr Aloe Vera Shop","foundingDate":"2018-04-21","numberOfEmployees":{"@type":"QuantitativeValue","minValue":"1","maxValue":"10"}}]},"product_price_amount":"36.99","product_price_currency":"EUR","og_availability":"instock","product_availability":"instock","product_retailer_item_id":"80980-101PL","product_condition":"new"},"taxonomy_info":{"product_cat":[{"value":1096,"label":"Mind Master"},{"value":1091,"label":"Produkty specjalne"},{"value":1100,"label":"Specjali\u015bci"},{"value":1106,"label":"Wydajno\u015b\u0107 i Energia"}],"product_tag":[{"value":1131,"label":"energia"}]},"featured_image_src_large":["https:\/\/www.lraloeverashop.eu\/wp-content\/uploads\/2022\/10\/mind-master-extreme-performance-powder-with-guarana-1024x1024.jpg",1024,1024,true],"author_info":[],"comment_info":0,"_links":{"self":[{"href":"https:\/\/www.lraloeverashop.eu\/pl\/wp-json\/wp\/v2\/product\/29036","targetHints":{"allow":["GET"]}}],"collection":[{"href":"https:\/\/www.lraloeverashop.eu\/pl\/wp-json\/wp\/v2\/product"}],"about":[{"href":"https:\/\/www.lraloeverashop.eu\/pl\/wp-json\/wp\/v2\/types\/product"}],"replies":[{"embeddable":true,"href":"https:\/\/www.lraloeverashop.eu\/pl\/wp-json\/wp\/v2\/comments?post=29036"}],"wp:featuredmedia":[{"embeddable":true,"href":"https:\/\/www.lraloeverashop.eu\/pl\/wp-json\/wp\/v2\/media\/27111"}],"wp:attachment":[{"href":"https:\/\/www.lraloeverashop.eu\/pl\/wp-json\/wp\/v2\/media?parent=29036"}],"wp:term":[{"taxonomy":"product_brand","embeddable":true,"href":"https:\/\/www.lraloeverashop.eu\/pl\/wp-json\/wp\/v2\/product_brand?post=29036"},{"taxonomy":"product_cat","embeddable":true,"href":"https:\/\/www.lraloeverashop.eu\/pl\/wp-json\/wp\/v2\/product_cat?post=29036"},{"taxonomy":"product_tag","embeddable":true,"href":"https:\/\/www.lraloeverashop.eu\/pl\/wp-json\/wp\/v2\/product_tag?post=29036"}],"curies":[{"name":"wp","href":"https:\/\/api.w.org\/{rel}","templated":true}]}}