{"id":29032,"date":"2022-10-10T19:40:10","date_gmt":"2022-10-10T17:40:10","guid":{"rendered":"https:\/\/www.lraloeverashop.eu\/product\/extra-odzywczy-krem-do-rak\/"},"modified":"2025-10-26T08:04:13","modified_gmt":"2025-10-26T07:04:13","slug":"extra-odzywczy-krem-do-rak","status":"publish","type":"product","link":"https:\/\/www.lraloeverashop.eu\/pl\/produkt\/extra-odzywczy-krem-do-rak\/","title":{"rendered":"Extra Od\u017cywczy Krem do R\u0105k"},"content":{"rendered":"<h2><span style=\"font-size: 16pt;\"><strong>Extra Od\u017cywczy Krem do R\u0105k<\/strong><\/span><\/h2>\n<p><span style=\"font-size: 14pt;\"><strong>Extra Od\u017cywczy Krem do R\u0105k &#8211; odpowiedni dla bardzo suchej sk\u00f3ry<\/strong><\/span><\/p>\n<p>Je\u015bli sk\u00f3ra na Twoich d\u0142oniach jest bardzo sucha, Extra Od\u017cywczy Krem do R\u0105k z Aloesem zapewni bardzo suchym d\u0142oniom i paznokciom intensywn\u0105 piel\u0119gnacj\u0119. Zestresowana sk\u00f3ra b\u0119dzie mia\u0142a pi\u0119kny wygl\u0105d i b\u0119dzie aksamitnie mi\u0119kka w dotyku. Zawiera 40% ekstraktu z aloesu i ekstraktu z nagietka. Krem szybko wch\u0142ania si\u0119 w sk\u00f3r\u0119 i b\u0142yskawicznie zwi\u0119ksza nawil\u017cenie.<\/p>\n<p>Je\u015bli cz\u0119sto myjesz r\u0119ce, bardzo wa\u017cne jest, aby u\u017cywa\u0107 od\u017cywczego kremu do r\u0105k Aloe Vera. Ze wzgl\u0119du na wysok\u0105 zawarto\u015b\u0107 czystego \u017celu z li\u015bci, Aloesowy krem zapewnia maksymalne nawil\u017cenie i regeneracj\u0119 sk\u00f3ry.<\/p>\n<p>Skorzystaj z wiedzy ekspert\u00f3w Aloe Vera! Wysoka zawarto\u015b\u0107 czystego \u017celu Aloe Vera zapewnia maksymalne nawil\u017cenie. Dzi\u0119ki organicznym sk\u0142adnikom pochodz\u0105cym z certyfikowanych upraw i testowanym dermatologicznie produktom bez paraben\u00f3w i olej\u00f3w mineralnych, LR Aloe Vera Care oferuje intensywn\u0105 piel\u0119gnacj\u0119 i skuteczno\u015b\u0107.<\/p>\n<h3><strong><span style=\"font-size: 16pt;\">Spos\u00f3b u\u017cycia<\/span><\/strong><\/h3>\n<p>Krem do r\u0105k Aloe Vera stosuj kilka razy dziennie i w zale\u017cno\u015bci od potrzeb sk\u00f3ry.<\/p>\n<p>Odwied\u017a r\u00f3wnie\u017c nasz blog, aby dowiedzie\u0107 si\u0119 wi\u0119cej o produktach Aloe Vera.<\/p>\n","protected":false},"excerpt":{"rendered":"<ul>\n<li class=\"ai-optimize-23\">Odpowiedni dla bardzo suchej sk\u00f3ry<\/li>\n<li class=\"ai-optimize-23\">Z organicznym ekstraktem z nagietka dla skutecznego nawil\u017cenia<\/li>\n<li class=\"ai-optimize-23\">Szybko si\u0119 wch\u0142ania i zapewnia mi\u0119kko\u015b\u0107 w dotyku d\u0142oni<\/li>\n<li class=\"ai-optimize-23\">Wspomaga regeneracj\u0119 suchej i pop\u0119kanej sk\u00f3ry<\/li>\n<li class=\"ai-optimize-23\">Zawarto\u015b\u0107: 75 ml<\/li>\n<\/ul>\n<p>&nbsp;<\/p>\n","protected":false},"featured_media":27307,"comment_status":"open","ping_status":"closed","template":"","meta":{"_kad_blocks_custom_css":"","_kad_blocks_head_custom_js":"","_kad_blocks_body_custom_js":"","_kad_blocks_footer_custom_js":"","_kadence_starter_templates_imported_post":false,"_kad_post_transparent":"default","_kad_post_title":"","_kad_post_layout":"default","_kad_post_sidebar_id":"","_kad_post_content_style":"default","_kad_post_vertical_padding":"default","_kad_post_feature":"","_kad_post_feature_position":"","_kad_post_header":false,"_kad_post_footer":false,"_kad_post_classname":""},"product_brand":[],"product_cat":[1059,1061],"product_tag":[1129],"class_list":{"0":"post-29032","1":"product","2":"type-product","3":"status-publish","4":"has-post-thumbnail","6":"product_cat-aloe-vera-pl","7":"product_cat-pielegnacja-ciala","8":"product_tag-suche-rece","10":"first","11":"outofstock","12":"taxable","13":"shipping-taxable","14":"purchasable","15":"product-type-simple","16":"entry","17":"content-bg","18":"loop-entry"},"yoast_head":"<!-- This site is optimized with the Yoast SEO Premium plugin v27.5 (Yoast SEO v27.5) - https:\/\/yoast.com\/product\/yoast-seo-premium-wordpress\/ -->\n<title>Extra Od\u017cywczy Krem do R\u0105k z 40% aloesem do sk\u00f3ry suchej<\/title>\n<meta name=\"description\" content=\"Je\u015bli sk\u00f3ra d\u0142oni jest wyj\u0105tkowo sucha, rozwi\u0105zaniem b\u0119dzie wyj\u0105tkowo Extra Od\u017cywczy Krem do R\u0105k z Aloesem. Zapewnia suchym d\u0142oniom intensywne nawil\u017cenie\" \/>\n<meta name=\"robots\" content=\"index, follow, max-snippet:-1, max-image-preview:large, max-video-preview:-1\" \/>\n<link rel=\"canonical\" href=\"https:\/\/www.lraloeverashop.eu\/pl\/produkt\/extra-odzywczy-krem-do-rak\/\" \/>\n<meta property=\"og:locale\" content=\"pl_PL\" \/>\n<meta property=\"og:type\" content=\"article\" \/>\n<meta property=\"og:title\" content=\"Extra Od\u017cywczy Krem do R\u0105k\" \/>\n<meta property=\"og:description\" content=\"Je\u015bli sk\u00f3ra d\u0142oni jest wyj\u0105tkowo sucha, rozwi\u0105zaniem b\u0119dzie wyj\u0105tkowo Extra Od\u017cywczy Krem do R\u0105k z Aloesem. Zapewnia suchym d\u0142oniom intensywne nawil\u017cenie\" \/>\n<meta property=\"og:url\" content=\"https:\/\/www.lraloeverashop.eu\/pl\/produkt\/extra-odzywczy-krem-do-rak\/\" \/>\n<meta property=\"og:site_name\" content=\"Lr Aloe Vera Shop\" \/>\n<meta property=\"article:publisher\" content=\"https:\/\/www.facebook.com\/lraloeverashop.eu\" \/>\n<meta property=\"article:modified_time\" content=\"2025-10-26T07:04:13+00:00\" \/>\n<meta property=\"og:image\" content=\"https:\/\/www.lraloeverashop.eu\/wp-content\/uploads\/2022\/10\/Lr-Aloe-Vera-Extra-Rich-Hand-Cream.jpg\" \/>\n\t<meta property=\"og:image:width\" content=\"1200\" \/>\n\t<meta property=\"og:image:height\" content=\"1200\" \/>\n\t<meta property=\"og:image:type\" content=\"image\/jpeg\" \/>\n<meta name=\"twitter:card\" content=\"summary_large_image\" \/>\n<meta name=\"twitter:site\" content=\"@natur__kosmetik\" \/>\n<script type=\"application\/ld+json\" class=\"yoast-schema-graph\">{\"@context\":\"https:\\\/\\\/schema.org\",\"@graph\":[{\"@type\":[\"WebPage\",\"ItemPage\"],\"@id\":\"https:\\\/\\\/www.lraloeverashop.eu\\\/pl\\\/produkt\\\/extra-odzywczy-krem-do-rak\\\/\",\"url\":\"https:\\\/\\\/www.lraloeverashop.eu\\\/pl\\\/produkt\\\/extra-odzywczy-krem-do-rak\\\/\",\"name\":\"Extra Od\u017cywczy Krem do R\u0105k z 40% aloesem do sk\u00f3ry suchej\",\"isPartOf\":{\"@id\":\"https:\\\/\\\/www.lraloeverashop.eu\\\/pl\\\/#website\"},\"primaryImageOfPage\":{\"@id\":\"https:\\\/\\\/www.lraloeverashop.eu\\\/pl\\\/produkt\\\/extra-odzywczy-krem-do-rak\\\/#primaryimage\"},\"image\":{\"@id\":\"https:\\\/\\\/www.lraloeverashop.eu\\\/pl\\\/produkt\\\/extra-odzywczy-krem-do-rak\\\/#primaryimage\"},\"thumbnailUrl\":\"https:\\\/\\\/www.lraloeverashop.eu\\\/wp-content\\\/uploads\\\/2022\\\/10\\\/Lr-Aloe-Vera-Extra-Rich-Hand-Cream.jpg\",\"datePublished\":\"2022-10-10T17:40:10+00:00\",\"dateModified\":\"2025-10-26T07:04:13+00:00\",\"description\":\"Je\u015bli sk\u00f3ra d\u0142oni jest wyj\u0105tkowo sucha, rozwi\u0105zaniem b\u0119dzie wyj\u0105tkowo Extra Od\u017cywczy Krem do R\u0105k z Aloesem. Zapewnia suchym d\u0142oniom intensywne nawil\u017cenie\",\"breadcrumb\":{\"@id\":\"https:\\\/\\\/www.lraloeverashop.eu\\\/pl\\\/produkt\\\/extra-odzywczy-krem-do-rak\\\/#breadcrumb\"},\"inLanguage\":\"pl-PL\",\"potentialAction\":[{\"@type\":\"ReadAction\",\"target\":[\"https:\\\/\\\/www.lraloeverashop.eu\\\/pl\\\/produkt\\\/extra-odzywczy-krem-do-rak\\\/\"]}]},{\"@type\":\"ImageObject\",\"inLanguage\":\"pl-PL\",\"@id\":\"https:\\\/\\\/www.lraloeverashop.eu\\\/pl\\\/produkt\\\/extra-odzywczy-krem-do-rak\\\/#primaryimage\",\"url\":\"https:\\\/\\\/www.lraloeverashop.eu\\\/wp-content\\\/uploads\\\/2022\\\/10\\\/Lr-Aloe-Vera-Extra-Rich-Hand-Cream.jpg\",\"contentUrl\":\"https:\\\/\\\/www.lraloeverashop.eu\\\/wp-content\\\/uploads\\\/2022\\\/10\\\/Lr-Aloe-Vera-Extra-Rich-Hand-Cream.jpg\",\"width\":1200,\"height\":1200,\"caption\":\"Aloe Vera Od\u017cywczy krem do r\u0105k\"},{\"@type\":\"BreadcrumbList\",\"@id\":\"https:\\\/\\\/www.lraloeverashop.eu\\\/pl\\\/produkt\\\/extra-odzywczy-krem-do-rak\\\/#breadcrumb\",\"itemListElement\":[{\"@type\":\"ListItem\",\"position\":1,\"name\":\"Home\",\"item\":\"https:\\\/\\\/www.lraloeverashop.eu\\\/pl\\\/\"},{\"@type\":\"ListItem\",\"position\":2,\"name\":\"Sklep\",\"item\":\"https:\\\/\\\/www.lraloeverashop.eu\\\/pl\\\/sklep\\\/\"},{\"@type\":\"ListItem\",\"position\":3,\"name\":\"Extra Od\u017cywczy Krem do R\u0105k\"}]},{\"@type\":\"WebSite\",\"@id\":\"https:\\\/\\\/www.lraloeverashop.eu\\\/pl\\\/#website\",\"url\":\"https:\\\/\\\/www.lraloeverashop.eu\\\/pl\\\/\",\"name\":\"Lr Aloe Vera Shop\",\"description\":\"High Quality Lr Aloe Vera Gel, Aloe Vera Cream and Shampoo\",\"publisher\":{\"@id\":\"https:\\\/\\\/www.lraloeverashop.eu\\\/pl\\\/#organization\"},\"alternateName\":\"LR\",\"potentialAction\":[{\"@type\":\"SearchAction\",\"target\":{\"@type\":\"EntryPoint\",\"urlTemplate\":\"https:\\\/\\\/www.lraloeverashop.eu\\\/pl\\\/?s={search_term_string}\"},\"query-input\":{\"@type\":\"PropertyValueSpecification\",\"valueRequired\":true,\"valueName\":\"search_term_string\"}}],\"inLanguage\":\"pl-PL\"},{\"@type\":\"Organization\",\"@id\":\"https:\\\/\\\/www.lraloeverashop.eu\\\/pl\\\/#organization\",\"name\":\"Sklep Lr Aloe Vera\",\"alternateName\":\"LR\",\"url\":\"https:\\\/\\\/www.lraloeverashop.eu\\\/pl\\\/\",\"logo\":{\"@type\":\"ImageObject\",\"inLanguage\":\"pl-PL\",\"@id\":\"https:\\\/\\\/www.lraloeverashop.eu\\\/pl\\\/#\\\/schema\\\/logo\\\/image\\\/\",\"url\":\"https:\\\/\\\/www.lraloeverashop.eu\\\/wp-content\\\/uploads\\\/2022\\\/09\\\/cropped-Lr-Aloe-Vera-Shop.jpg\",\"contentUrl\":\"https:\\\/\\\/www.lraloeverashop.eu\\\/wp-content\\\/uploads\\\/2022\\\/09\\\/cropped-Lr-Aloe-Vera-Shop.jpg\",\"width\":228,\"height\":76,\"caption\":\"Sklep Lr Aloe Vera\"},\"image\":{\"@id\":\"https:\\\/\\\/www.lraloeverashop.eu\\\/pl\\\/#\\\/schema\\\/logo\\\/image\\\/\"},\"sameAs\":[\"https:\\\/\\\/www.facebook.com\\\/lraloeverashop.eu\",\"https:\\\/\\\/x.com\\\/natur__kosmetik\",\"https:\\\/\\\/www.youtube.com\\\/channel\\\/UC5oN7BJ8nfYb8RpVtjwDEBA\",\"https:\\\/\\\/www.instagram.com\\\/lrbeautyeu\\\/\"],\"description\":\"Sklep LR Aloe Vera to Twoje zaufane \u017ar\u00f3d\u0142o wysokiej jako\u015bci produkt\u00f3w LR Health & Beauty wyprodukowanych w Niemczech. Oferujemy wysokiej jako\u015bci produkty do piel\u0119gnacji sk\u00f3ry, od\u017cywiania i przeciwstarzeniowe z aloesem, stworzone z czystych sk\u0142adnik\u00f3w i poparte badaniami naukowymi. Odkryj naturaln\u0105 piel\u0119gnacj\u0119, kt\u00f3ra regeneruje, chroni i rewitalizuje Twoj\u0105 sk\u00f3r\u0119 \u2014 i korzystaj z ekskluzywnych comiesi\u0119cznych ofert na nasze bestsellerowe produkty LR Aloe Vera.\\nRozpocznij swoj\u0105 naturaln\u0105 piel\u0119gnacj\u0119 sk\u00f3ry ju\u017c dzi\u015b i poczuj r\u00f3\u017cnic\u0119.\",\"email\":\"info@lraloeverashop.eu\",\"telephone\":\"+49 17670609653\",\"legalName\":\"Lr Aloe Vera Shop\",\"foundingDate\":\"2018-04-21\",\"numberOfEmployees\":{\"@type\":\"QuantitativeValue\",\"minValue\":\"1\",\"maxValue\":\"10\"}}]}<\/script>\n<meta property=\"product:price:amount\" content=\"12.60\" \/>\n<meta property=\"product:price:currency\" content=\"EUR\" \/>\n<meta property=\"og:availability\" content=\"out of stock\" \/>\n<meta property=\"product:availability\" content=\"out of stock\" \/>\n<meta property=\"product:retailer_item_id\" content=\"20613-301PL\" \/>\n<meta property=\"product:condition\" content=\"new\" \/>\n<!-- \/ Yoast SEO Premium plugin. -->","yoast_head_json":{"title":"Extra Od\u017cywczy Krem do R\u0105k z 40% aloesem do sk\u00f3ry suchej","description":"Je\u015bli sk\u00f3ra d\u0142oni jest wyj\u0105tkowo sucha, rozwi\u0105zaniem b\u0119dzie wyj\u0105tkowo Extra Od\u017cywczy Krem do R\u0105k z Aloesem. Zapewnia suchym d\u0142oniom intensywne nawil\u017cenie","robots":{"index":"index","follow":"follow","max-snippet":"max-snippet:-1","max-image-preview":"max-image-preview:large","max-video-preview":"max-video-preview:-1"},"canonical":"https:\/\/www.lraloeverashop.eu\/pl\/produkt\/extra-odzywczy-krem-do-rak\/","og_locale":"pl_PL","og_type":"article","og_title":"Extra Od\u017cywczy Krem do R\u0105k","og_description":"Je\u015bli sk\u00f3ra d\u0142oni jest wyj\u0105tkowo sucha, rozwi\u0105zaniem b\u0119dzie wyj\u0105tkowo Extra Od\u017cywczy Krem do R\u0105k z Aloesem. Zapewnia suchym d\u0142oniom intensywne nawil\u017cenie","og_url":"https:\/\/www.lraloeverashop.eu\/pl\/produkt\/extra-odzywczy-krem-do-rak\/","og_site_name":"Lr Aloe Vera Shop","article_publisher":"https:\/\/www.facebook.com\/lraloeverashop.eu","article_modified_time":"2025-10-26T07:04:13+00:00","og_image":[{"width":1200,"height":1200,"url":"https:\/\/www.lraloeverashop.eu\/wp-content\/uploads\/2022\/10\/Lr-Aloe-Vera-Extra-Rich-Hand-Cream.jpg","type":"image\/jpeg"}],"twitter_card":"summary_large_image","twitter_site":"@natur__kosmetik","schema":{"@context":"https:\/\/schema.org","@graph":[{"@type":["WebPage","ItemPage"],"@id":"https:\/\/www.lraloeverashop.eu\/pl\/produkt\/extra-odzywczy-krem-do-rak\/","url":"https:\/\/www.lraloeverashop.eu\/pl\/produkt\/extra-odzywczy-krem-do-rak\/","name":"Extra Od\u017cywczy Krem do R\u0105k z 40% aloesem do sk\u00f3ry suchej","isPartOf":{"@id":"https:\/\/www.lraloeverashop.eu\/pl\/#website"},"primaryImageOfPage":{"@id":"https:\/\/www.lraloeverashop.eu\/pl\/produkt\/extra-odzywczy-krem-do-rak\/#primaryimage"},"image":{"@id":"https:\/\/www.lraloeverashop.eu\/pl\/produkt\/extra-odzywczy-krem-do-rak\/#primaryimage"},"thumbnailUrl":"https:\/\/www.lraloeverashop.eu\/wp-content\/uploads\/2022\/10\/Lr-Aloe-Vera-Extra-Rich-Hand-Cream.jpg","datePublished":"2022-10-10T17:40:10+00:00","dateModified":"2025-10-26T07:04:13+00:00","description":"Je\u015bli sk\u00f3ra d\u0142oni jest wyj\u0105tkowo sucha, rozwi\u0105zaniem b\u0119dzie wyj\u0105tkowo Extra Od\u017cywczy Krem do R\u0105k z Aloesem. Zapewnia suchym d\u0142oniom intensywne nawil\u017cenie","breadcrumb":{"@id":"https:\/\/www.lraloeverashop.eu\/pl\/produkt\/extra-odzywczy-krem-do-rak\/#breadcrumb"},"inLanguage":"pl-PL","potentialAction":[{"@type":"ReadAction","target":["https:\/\/www.lraloeverashop.eu\/pl\/produkt\/extra-odzywczy-krem-do-rak\/"]}]},{"@type":"ImageObject","inLanguage":"pl-PL","@id":"https:\/\/www.lraloeverashop.eu\/pl\/produkt\/extra-odzywczy-krem-do-rak\/#primaryimage","url":"https:\/\/www.lraloeverashop.eu\/wp-content\/uploads\/2022\/10\/Lr-Aloe-Vera-Extra-Rich-Hand-Cream.jpg","contentUrl":"https:\/\/www.lraloeverashop.eu\/wp-content\/uploads\/2022\/10\/Lr-Aloe-Vera-Extra-Rich-Hand-Cream.jpg","width":1200,"height":1200,"caption":"Aloe Vera Od\u017cywczy krem do r\u0105k"},{"@type":"BreadcrumbList","@id":"https:\/\/www.lraloeverashop.eu\/pl\/produkt\/extra-odzywczy-krem-do-rak\/#breadcrumb","itemListElement":[{"@type":"ListItem","position":1,"name":"Home","item":"https:\/\/www.lraloeverashop.eu\/pl\/"},{"@type":"ListItem","position":2,"name":"Sklep","item":"https:\/\/www.lraloeverashop.eu\/pl\/sklep\/"},{"@type":"ListItem","position":3,"name":"Extra Od\u017cywczy Krem do R\u0105k"}]},{"@type":"WebSite","@id":"https:\/\/www.lraloeverashop.eu\/pl\/#website","url":"https:\/\/www.lraloeverashop.eu\/pl\/","name":"Lr Aloe Vera Shop","description":"High Quality Lr Aloe Vera Gel, Aloe Vera Cream and Shampoo","publisher":{"@id":"https:\/\/www.lraloeverashop.eu\/pl\/#organization"},"alternateName":"LR","potentialAction":[{"@type":"SearchAction","target":{"@type":"EntryPoint","urlTemplate":"https:\/\/www.lraloeverashop.eu\/pl\/?s={search_term_string}"},"query-input":{"@type":"PropertyValueSpecification","valueRequired":true,"valueName":"search_term_string"}}],"inLanguage":"pl-PL"},{"@type":"Organization","@id":"https:\/\/www.lraloeverashop.eu\/pl\/#organization","name":"Sklep Lr Aloe Vera","alternateName":"LR","url":"https:\/\/www.lraloeverashop.eu\/pl\/","logo":{"@type":"ImageObject","inLanguage":"pl-PL","@id":"https:\/\/www.lraloeverashop.eu\/pl\/#\/schema\/logo\/image\/","url":"https:\/\/www.lraloeverashop.eu\/wp-content\/uploads\/2022\/09\/cropped-Lr-Aloe-Vera-Shop.jpg","contentUrl":"https:\/\/www.lraloeverashop.eu\/wp-content\/uploads\/2022\/09\/cropped-Lr-Aloe-Vera-Shop.jpg","width":228,"height":76,"caption":"Sklep Lr Aloe Vera"},"image":{"@id":"https:\/\/www.lraloeverashop.eu\/pl\/#\/schema\/logo\/image\/"},"sameAs":["https:\/\/www.facebook.com\/lraloeverashop.eu","https:\/\/x.com\/natur__kosmetik","https:\/\/www.youtube.com\/channel\/UC5oN7BJ8nfYb8RpVtjwDEBA","https:\/\/www.instagram.com\/lrbeautyeu\/"],"description":"Sklep LR Aloe Vera to Twoje zaufane \u017ar\u00f3d\u0142o wysokiej jako\u015bci produkt\u00f3w LR Health & Beauty wyprodukowanych w Niemczech. Oferujemy wysokiej jako\u015bci produkty do piel\u0119gnacji sk\u00f3ry, od\u017cywiania i przeciwstarzeniowe z aloesem, stworzone z czystych sk\u0142adnik\u00f3w i poparte badaniami naukowymi. Odkryj naturaln\u0105 piel\u0119gnacj\u0119, kt\u00f3ra regeneruje, chroni i rewitalizuje Twoj\u0105 sk\u00f3r\u0119 \u2014 i korzystaj z ekskluzywnych comiesi\u0119cznych ofert na nasze bestsellerowe produkty LR Aloe Vera.\nRozpocznij swoj\u0105 naturaln\u0105 piel\u0119gnacj\u0119 sk\u00f3ry ju\u017c dzi\u015b i poczuj r\u00f3\u017cnic\u0119.","email":"info@lraloeverashop.eu","telephone":"+49 17670609653","legalName":"Lr Aloe Vera Shop","foundingDate":"2018-04-21","numberOfEmployees":{"@type":"QuantitativeValue","minValue":"1","maxValue":"10"}}]},"product_price_amount":"12.60","product_price_currency":"EUR","og_availability":"out of stock","product_availability":"out of stock","product_retailer_item_id":"20613-301PL","product_condition":"new"},"taxonomy_info":{"product_cat":[{"value":1059,"label":"Aloe Vera"},{"value":1061,"label":"Piel\u0119gnacja cia\u0142a"}],"product_tag":[{"value":1129,"label":"suche r\u0119ce"}]},"featured_image_src_large":["https:\/\/www.lraloeverashop.eu\/wp-content\/uploads\/2022\/10\/Lr-Aloe-Vera-Extra-Rich-Hand-Cream-1024x1024.jpg",1024,1024,true],"author_info":[],"comment_info":0,"_links":{"self":[{"href":"https:\/\/www.lraloeverashop.eu\/pl\/wp-json\/wp\/v2\/product\/29032","targetHints":{"allow":["GET"]}}],"collection":[{"href":"https:\/\/www.lraloeverashop.eu\/pl\/wp-json\/wp\/v2\/product"}],"about":[{"href":"https:\/\/www.lraloeverashop.eu\/pl\/wp-json\/wp\/v2\/types\/product"}],"replies":[{"embeddable":true,"href":"https:\/\/www.lraloeverashop.eu\/pl\/wp-json\/wp\/v2\/comments?post=29032"}],"wp:featuredmedia":[{"embeddable":true,"href":"https:\/\/www.lraloeverashop.eu\/pl\/wp-json\/wp\/v2\/media\/27307"}],"wp:attachment":[{"href":"https:\/\/www.lraloeverashop.eu\/pl\/wp-json\/wp\/v2\/media?parent=29032"}],"wp:term":[{"taxonomy":"product_brand","embeddable":true,"href":"https:\/\/www.lraloeverashop.eu\/pl\/wp-json\/wp\/v2\/product_brand?post=29032"},{"taxonomy":"product_cat","embeddable":true,"href":"https:\/\/www.lraloeverashop.eu\/pl\/wp-json\/wp\/v2\/product_cat?post=29032"},{"taxonomy":"product_tag","embeddable":true,"href":"https:\/\/www.lraloeverashop.eu\/pl\/wp-json\/wp\/v2\/product_tag?post=29032"}],"curies":[{"name":"wp","href":"https:\/\/api.w.org\/{rel}","templated":true}]}}