{"id":29020,"date":"2022-10-22T07:09:06","date_gmt":"2022-10-22T05:09:06","guid":{"rendered":"https:\/\/www.lraloeverashop.eu\/product\/zeitgard-pro-zestaw-do-oczyszczania-twarzy\/"},"modified":"2025-10-19T11:38:15","modified_gmt":"2025-10-19T09:38:15","slug":"zeitgard-pro-zestaw-do-oczyszczania-twarzy","status":"publish","type":"product","link":"https:\/\/www.lraloeverashop.eu\/pl\/produkt\/zeitgard-pro-zestaw-do-oczyszczania-twarzy\/","title":{"rendered":"Zeitgard Pro Zestaw do Oczyszczania Twarzy"},"content":{"rendered":"<h2><span style=\"font-size: 16pt; color: #000000;\"><strong>Zeitgard Pro Zestaw do Oczyszczania Twarzy<\/strong><\/span><\/h2>\n<p><span style=\"font-size: 14pt;\"><strong>Zeitgard Pro Zestaw do Oczyszczania Twarzy Idealny dla ka\u017cdego rodzaju sk\u00f3ry<\/strong><\/span><\/p>\n<p>Tradycyjne, r\u0119czne oczyszczanie cz\u0119sto pozostawia na sk\u00f3rze drobne cz\u0105steczki zanieczyszcze\u0144 i resztki makija\u017cu. Zeitgard Pro Zestaw do Oczyszczania Twarzy optymalizuje codzienne oczyszczanie twarzy, pozostawiaj\u0105c sk\u00f3r\u0119 dog\u0142\u0119bnie czyst\u0105, \u015bwie\u017c\u0105 i pe\u0142n\u0105 blasku \u2013 z efektem \u201ewow\u201d.<\/p>\n<p>Setki innowacyjnych w\u0142\u00f3kien szczoteczki delikatnie przesuwaj\u0105 si\u0119 po sk\u00f3rze, usuwaj\u0105c resztki, kt\u00f3re mog\u0105 zatyka\u0107 pory i powodowa\u0107 szarawy wygl\u0105d cery.<br \/>\nCodzienne stosowanie skutecznie oczyszcza i od\u015bwie\u017ca sk\u00f3r\u0119, a jego efektywno\u015b\u0107 zosta\u0142a potwierdzona \u2013 nawet 10 razy skuteczniejsze oczyszczanie ni\u017c przy u\u017cyciu d\u0142oni.*<\/p>\n<h3><span style=\"font-size: 16pt;\"><strong>Jak u\u017cywa\u0107<\/strong><\/span><\/h3>\n<p>Najlepiej rozpocznij dzie\u0144 z Zeitgard Pro Zestaw do Oczyszczania Twarzy.<br \/>\nZwil\u017c twarz i na\u0142\u00f3\u017c LR Zeitgard Pro Krem do Mycia Twarzy, kt\u00f3ry zosta\u0142 opracowany tak, by idealnie wsp\u00f3\u0142pracowa\u0107 ze szczoteczk\u0105 oczyszczaj\u0105c\u0105.<\/p>\n<p>Oscylacyjne ruchy urz\u0105dzenia tworz\u0105 delikatn\u0105, kremow\u0105 pian\u0119, kt\u00f3ra skutecznie usuwa zanieczyszczenia i nadmiar sebum, jednocze\u015bnie nie naruszaj\u0105c naturalnej warstwy ochronnej sk\u00f3ry.<br \/>\nW po\u0142\u0105czeniu ze Szczoteczk\u0105 Oczyszczaj\u0105c\u0105 Zeitgard Pro oczyszczanie jest nawet 10 razy bardziej efektywne ni\u017c manualne mycie.<\/p>\n<p>Zamocuj adapter szczoteczki oczyszczaj\u0105cej, a nast\u0119pnie na\u0142\u00f3\u017c g\u0142owic\u0119 Face Cleansing Brush na urz\u0105dzenie.<br \/>\nAntybakteryjne, zaokr\u0105glone w\u0142\u00f3kna szczoteczki poruszaj\u0105 si\u0119 z du\u017c\u0105 pr\u0119dko\u015bci\u0105 \u2013 podobnie jak elektryczna szczoteczka do z\u0119b\u00f3w \u2013 zapewniaj\u0105c dog\u0142\u0119bne, ale delikatne oczyszczenie sk\u00f3ry.<\/p>\n<p>W\u0142\u0105cz urz\u0105dzenie Zeitgard Pro i przesuwaj szczoteczk\u0119 po wybranych partiach twarzy.<br \/>\nMo\u017cesz samodzielnie dobra\u0107 czas i si\u0142\u0119 nacisku \u2013 je\u015bli odczuwasz dyskomfort, zmniejsz nacisk lub przejd\u017a do kolejnego obszaru.<\/p>\n<p>Oscylacyjne, wibruj\u0105ce ruchy Szczoteczki do Czyszczenia Twarzy Zeitgard Pro pobudzaj\u0105 mikrokr\u0105\u017cenie, dzi\u0119ki czemu sk\u00f3ra staje si\u0119 bardziej promienna i wygl\u0105da zdrowiej.<br \/>\nZako\u0144cz piel\u0119gnacj\u0119 stosuj\u0105c LR Zeitgard Facial Toner \u2013 Twoja sk\u00f3ra b\u0119dzie od\u015bwie\u017cona i gotowa na dalsze etapy piel\u0119gnacji.<\/p>\n<p>Wieczorem oczyszczaj ka\u017cd\u0105 strone twarzy przez oko\u0142o 20\u201330 sekund, w zale\u017cno\u015bci od ilo\u015bci u\u017cytego makija\u017cu.<br \/>\nPonownie zastosuj LR Zeitgard Tonik, kt\u00f3ry pozwoli kremom nocnym w pe\u0142ni zadzia\u0142a\u0107 na dok\u0142adnie oczyszczonej sk\u00f3rze.<\/p>\n<p>Dwa razy w tygodniu zalecamy wymieni\u0107 ko\u0144c\u00f3wk\u0119 szczoteczki za Ko\u0144c\u00f3wke do Peelingu, aby wykona\u0107 intensywne oczyszczanie detoksykuj\u0105ce.<\/p>\n<h3><span style=\"font-size: 16pt;\"><strong>Rezultaty:<\/strong><\/span><\/h3>\n<ul>\n<li>Widocznie poprawiona tekstura sk\u00f3ry dzi\u0119ki g\u0142\u0119bokiemu oczyszczaniu<\/li>\n<li>Lepsze przygotowanie sk\u00f3ry do dalszej piel\u0119gnacji<\/li>\n<li>\u015awie\u017ca i promienna cera dzi\u0119ki pobudzeniu kr\u0105\u017cenia<\/li>\n<\/ul>\n<p>Antybakteryjna technologia Microsilver utrzymuje szczoteczk\u0119 higienicznie czyst\u0105 do 3 miesi\u0119cy<\/p>\n<p>Do\u015bwiadcz efektu skutecznego oczyszczania z Zeitgard Pro Zestaw do Oczyszczania Twarzy \u2013 dla pi\u0119knej, zdrowej i ponadczasowej sk\u00f3ry.<\/p>\n<p>*Potwierdzone badaniem naukowym przeprowadzonym przez renomowany Instytut Dermatest GmbH (okres badawczy: 6 tygodni, liczba uczestnik\u00f3w: 40 os\u00f3b).<\/p>\n","protected":false},"excerpt":{"rendered":"<ul>\n<li class=\"ai-optimize-22\">Zestaw zawiera urz\u0105dzenie Zeitgard Pro, adapter, szczoteczk\u0119 oraz krem oczyszczaj\u0105cy<\/li>\n<li class=\"ai-optimize-22\">Oczyszcza nawet 10 razy skuteczniej ni\u017c mycie manualne<\/li>\n<li class=\"ai-optimize-22\">Zapewnia g\u0142adsz\u0105 i bardziej jednolit\u0105 cer\u0119<\/li>\n<li class=\"ai-optimize-22\">Odpowiedni do codziennego oczyszczania twarzy<\/li>\n<li class=\"ai-optimize-22\">Idealny dla ka\u017cdego typu sk\u00f3ry<\/li>\n<li class=\"ai-optimize-22\">Wyprodukowano w Niemczech<\/li>\n<\/ul>\n<p>&nbsp;<\/p>\n","protected":false},"featured_media":27058,"comment_status":"open","ping_status":"closed","template":"","meta":{"_kad_blocks_custom_css":"","_kad_blocks_head_custom_js":"","_kad_blocks_body_custom_js":"","_kad_blocks_footer_custom_js":"","_kadence_starter_templates_imported_post":false,"_kad_post_transparent":"default","_kad_post_title":"","_kad_post_layout":"default","_kad_post_sidebar_id":"","_kad_post_content_style":"default","_kad_post_vertical_padding":"default","_kad_post_feature":"","_kad_post_feature_position":"","_kad_post_header":false,"_kad_post_footer":false,"_kad_post_classname":""},"product_brand":[],"product_cat":[1072,1071,1070,1090,1069,1080,1073],"product_tag":[1133],"class_list":{"0":"post-29020","1":"product","2":"type-product","3":"status-publish","4":"has-post-thumbnail","6":"product_cat-kobiety-do-40","7":"product_cat-kobiety-po-40","8":"product_cat-mezczyzni-powyzej-25-lat","9":"product_cat-oferty","10":"product_cat-pielegnacja-anti-age","11":"product_cat-zeitgard-pl","12":"product_cat-zeitgard-pro-pl","13":"product_tag-oczyszczanie-twarzy","15":"first","16":"instock","17":"sale","18":"taxable","19":"shipping-taxable","20":"purchasable","21":"product-type-simple","22":"entry","23":"content-bg","24":"loop-entry"},"yoast_head":"<!-- This site is optimized with the Yoast SEO Premium plugin v27.5 (Yoast SEO v27.5) - https:\/\/yoast.com\/product\/yoast-seo-premium-wordpress\/ -->\n<title>Zeitgard Pro Zestaw do Oczyszczania Twarzy dla ka\u017cdego<\/title>\n<meta name=\"description\" content=\"Odkryj Zeitgard Pro Zestaw do Oczyszczania Twarzy \u2013 antybakteryjna szczoteczka do twarzy LR, kt\u00f3ra oczyszcza 10\u00d7 skuteczniej ni\u017c r\u0119cznie.\" \/>\n<meta name=\"robots\" content=\"index, follow, max-snippet:-1, max-image-preview:large, max-video-preview:-1\" \/>\n<link rel=\"canonical\" href=\"https:\/\/www.lraloeverashop.eu\/pl\/produkt\/zeitgard-pro-zestaw-do-oczyszczania-twarzy\/\" \/>\n<meta property=\"og:locale\" content=\"pl_PL\" \/>\n<meta property=\"og:type\" content=\"article\" \/>\n<meta property=\"og:title\" content=\"Zeitgard Pro Zestaw do Oczyszczania Twarzy\" \/>\n<meta property=\"og:description\" content=\"Odkryj Zeitgard Pro Zestaw do Oczyszczania Twarzy \u2013 antybakteryjna szczoteczka do twarzy LR, kt\u00f3ra oczyszcza 10\u00d7 skuteczniej ni\u017c r\u0119cznie.\" \/>\n<meta property=\"og:url\" content=\"https:\/\/www.lraloeverashop.eu\/pl\/produkt\/zeitgard-pro-zestaw-do-oczyszczania-twarzy\/\" \/>\n<meta property=\"og:site_name\" content=\"Lr Aloe Vera Shop\" \/>\n<meta property=\"article:publisher\" content=\"https:\/\/www.facebook.com\/lraloeverashop.eu\" \/>\n<meta property=\"article:modified_time\" content=\"2025-10-19T09:38:15+00:00\" \/>\n<meta property=\"og:image\" content=\"https:\/\/www.lraloeverashop.eu\/wp-content\/uploads\/2022\/10\/Zeitgard-Pro-Cleansing-Set.jpg\" \/>\n\t<meta property=\"og:image:width\" content=\"1200\" \/>\n\t<meta property=\"og:image:height\" content=\"1200\" \/>\n\t<meta property=\"og:image:type\" content=\"image\/jpeg\" \/>\n<meta name=\"twitter:card\" content=\"summary_large_image\" \/>\n<meta name=\"twitter:site\" content=\"@natur__kosmetik\" \/>\n<script type=\"application\/ld+json\" class=\"yoast-schema-graph\">{\"@context\":\"https:\\\/\\\/schema.org\",\"@graph\":[{\"@type\":[\"WebPage\",\"ItemPage\"],\"@id\":\"https:\\\/\\\/www.lraloeverashop.eu\\\/pl\\\/produkt\\\/zeitgard-pro-zestaw-do-oczyszczania-twarzy\\\/\",\"url\":\"https:\\\/\\\/www.lraloeverashop.eu\\\/pl\\\/produkt\\\/zeitgard-pro-zestaw-do-oczyszczania-twarzy\\\/\",\"name\":\"Zeitgard Pro Zestaw do Oczyszczania Twarzy dla ka\u017cdego\",\"isPartOf\":{\"@id\":\"https:\\\/\\\/www.lraloeverashop.eu\\\/pl\\\/#website\"},\"primaryImageOfPage\":{\"@id\":\"https:\\\/\\\/www.lraloeverashop.eu\\\/pl\\\/produkt\\\/zeitgard-pro-zestaw-do-oczyszczania-twarzy\\\/#primaryimage\"},\"image\":{\"@id\":\"https:\\\/\\\/www.lraloeverashop.eu\\\/pl\\\/produkt\\\/zeitgard-pro-zestaw-do-oczyszczania-twarzy\\\/#primaryimage\"},\"thumbnailUrl\":\"https:\\\/\\\/www.lraloeverashop.eu\\\/wp-content\\\/uploads\\\/2022\\\/10\\\/Zeitgard-Pro-Cleansing-Set.jpg\",\"datePublished\":\"2022-10-22T05:09:06+00:00\",\"dateModified\":\"2025-10-19T09:38:15+00:00\",\"description\":\"Odkryj Zeitgard Pro Zestaw do Oczyszczania Twarzy \u2013 antybakteryjna szczoteczka do twarzy LR, kt\u00f3ra oczyszcza 10\u00d7 skuteczniej ni\u017c r\u0119cznie.\",\"breadcrumb\":{\"@id\":\"https:\\\/\\\/www.lraloeverashop.eu\\\/pl\\\/produkt\\\/zeitgard-pro-zestaw-do-oczyszczania-twarzy\\\/#breadcrumb\"},\"inLanguage\":\"pl-PL\",\"potentialAction\":[{\"@type\":\"ReadAction\",\"target\":[\"https:\\\/\\\/www.lraloeverashop.eu\\\/pl\\\/produkt\\\/zeitgard-pro-zestaw-do-oczyszczania-twarzy\\\/\"]}]},{\"@type\":\"ImageObject\",\"inLanguage\":\"pl-PL\",\"@id\":\"https:\\\/\\\/www.lraloeverashop.eu\\\/pl\\\/produkt\\\/zeitgard-pro-zestaw-do-oczyszczania-twarzy\\\/#primaryimage\",\"url\":\"https:\\\/\\\/www.lraloeverashop.eu\\\/wp-content\\\/uploads\\\/2022\\\/10\\\/Zeitgard-Pro-Cleansing-Set.jpg\",\"contentUrl\":\"https:\\\/\\\/www.lraloeverashop.eu\\\/wp-content\\\/uploads\\\/2022\\\/10\\\/Zeitgard-Pro-Cleansing-Set.jpg\",\"width\":1200,\"height\":1200,\"caption\":\"Zeitgard Pro Zestaw oczyszczaj\u0105cy\"},{\"@type\":\"BreadcrumbList\",\"@id\":\"https:\\\/\\\/www.lraloeverashop.eu\\\/pl\\\/produkt\\\/zeitgard-pro-zestaw-do-oczyszczania-twarzy\\\/#breadcrumb\",\"itemListElement\":[{\"@type\":\"ListItem\",\"position\":1,\"name\":\"Home\",\"item\":\"https:\\\/\\\/www.lraloeverashop.eu\\\/pl\\\/\"},{\"@type\":\"ListItem\",\"position\":2,\"name\":\"Sklep\",\"item\":\"https:\\\/\\\/www.lraloeverashop.eu\\\/pl\\\/sklep\\\/\"},{\"@type\":\"ListItem\",\"position\":3,\"name\":\"Zeitgard Pro Zestaw do Oczyszczania Twarzy\"}]},{\"@type\":\"WebSite\",\"@id\":\"https:\\\/\\\/www.lraloeverashop.eu\\\/pl\\\/#website\",\"url\":\"https:\\\/\\\/www.lraloeverashop.eu\\\/pl\\\/\",\"name\":\"Lr Aloe Vera Shop\",\"description\":\"High Quality Lr Aloe Vera Gel, Aloe Vera Cream and Shampoo\",\"publisher\":{\"@id\":\"https:\\\/\\\/www.lraloeverashop.eu\\\/pl\\\/#organization\"},\"alternateName\":\"LR\",\"potentialAction\":[{\"@type\":\"SearchAction\",\"target\":{\"@type\":\"EntryPoint\",\"urlTemplate\":\"https:\\\/\\\/www.lraloeverashop.eu\\\/pl\\\/?s={search_term_string}\"},\"query-input\":{\"@type\":\"PropertyValueSpecification\",\"valueRequired\":true,\"valueName\":\"search_term_string\"}}],\"inLanguage\":\"pl-PL\"},{\"@type\":\"Organization\",\"@id\":\"https:\\\/\\\/www.lraloeverashop.eu\\\/pl\\\/#organization\",\"name\":\"Sklep Lr Aloe Vera\",\"alternateName\":\"LR\",\"url\":\"https:\\\/\\\/www.lraloeverashop.eu\\\/pl\\\/\",\"logo\":{\"@type\":\"ImageObject\",\"inLanguage\":\"pl-PL\",\"@id\":\"https:\\\/\\\/www.lraloeverashop.eu\\\/pl\\\/#\\\/schema\\\/logo\\\/image\\\/\",\"url\":\"https:\\\/\\\/www.lraloeverashop.eu\\\/wp-content\\\/uploads\\\/2022\\\/09\\\/cropped-Lr-Aloe-Vera-Shop.jpg\",\"contentUrl\":\"https:\\\/\\\/www.lraloeverashop.eu\\\/wp-content\\\/uploads\\\/2022\\\/09\\\/cropped-Lr-Aloe-Vera-Shop.jpg\",\"width\":228,\"height\":76,\"caption\":\"Sklep Lr Aloe Vera\"},\"image\":{\"@id\":\"https:\\\/\\\/www.lraloeverashop.eu\\\/pl\\\/#\\\/schema\\\/logo\\\/image\\\/\"},\"sameAs\":[\"https:\\\/\\\/www.facebook.com\\\/lraloeverashop.eu\",\"https:\\\/\\\/x.com\\\/natur__kosmetik\",\"https:\\\/\\\/www.youtube.com\\\/channel\\\/UC5oN7BJ8nfYb8RpVtjwDEBA\",\"https:\\\/\\\/www.instagram.com\\\/lrbeautyeu\\\/\"],\"description\":\"Sklep LR Aloe Vera to Twoje zaufane \u017ar\u00f3d\u0142o wysokiej jako\u015bci produkt\u00f3w LR Health & Beauty wyprodukowanych w Niemczech. Oferujemy wysokiej jako\u015bci produkty do piel\u0119gnacji sk\u00f3ry, od\u017cywiania i przeciwstarzeniowe z aloesem, stworzone z czystych sk\u0142adnik\u00f3w i poparte badaniami naukowymi. Odkryj naturaln\u0105 piel\u0119gnacj\u0119, kt\u00f3ra regeneruje, chroni i rewitalizuje Twoj\u0105 sk\u00f3r\u0119 \u2014 i korzystaj z ekskluzywnych comiesi\u0119cznych ofert na nasze bestsellerowe produkty LR Aloe Vera.\\nRozpocznij swoj\u0105 naturaln\u0105 piel\u0119gnacj\u0119 sk\u00f3ry ju\u017c dzi\u015b i poczuj r\u00f3\u017cnic\u0119.\",\"email\":\"info@lraloeverashop.eu\",\"telephone\":\"+49 17670609653\",\"legalName\":\"Lr Aloe Vera Shop\",\"foundingDate\":\"2018-04-21\",\"numberOfEmployees\":{\"@type\":\"QuantitativeValue\",\"minValue\":\"1\",\"maxValue\":\"10\"}}]}<\/script>\n<meta property=\"product:price:amount\" content=\"179.99\" \/>\n<meta property=\"product:price:currency\" content=\"EUR\" \/>\n<meta property=\"og:availability\" content=\"instock\" \/>\n<meta property=\"product:availability\" content=\"instock\" \/>\n<meta property=\"product:retailer_item_id\" content=\"70106-1PL\" \/>\n<meta property=\"product:condition\" content=\"new\" \/>\n<!-- \/ Yoast SEO Premium plugin. -->","yoast_head_json":{"title":"Zeitgard Pro Zestaw do Oczyszczania Twarzy dla ka\u017cdego","description":"Odkryj Zeitgard Pro Zestaw do Oczyszczania Twarzy \u2013 antybakteryjna szczoteczka do twarzy LR, kt\u00f3ra oczyszcza 10\u00d7 skuteczniej ni\u017c r\u0119cznie.","robots":{"index":"index","follow":"follow","max-snippet":"max-snippet:-1","max-image-preview":"max-image-preview:large","max-video-preview":"max-video-preview:-1"},"canonical":"https:\/\/www.lraloeverashop.eu\/pl\/produkt\/zeitgard-pro-zestaw-do-oczyszczania-twarzy\/","og_locale":"pl_PL","og_type":"article","og_title":"Zeitgard Pro Zestaw do Oczyszczania Twarzy","og_description":"Odkryj Zeitgard Pro Zestaw do Oczyszczania Twarzy \u2013 antybakteryjna szczoteczka do twarzy LR, kt\u00f3ra oczyszcza 10\u00d7 skuteczniej ni\u017c r\u0119cznie.","og_url":"https:\/\/www.lraloeverashop.eu\/pl\/produkt\/zeitgard-pro-zestaw-do-oczyszczania-twarzy\/","og_site_name":"Lr Aloe Vera Shop","article_publisher":"https:\/\/www.facebook.com\/lraloeverashop.eu","article_modified_time":"2025-10-19T09:38:15+00:00","og_image":[{"width":1200,"height":1200,"url":"https:\/\/www.lraloeverashop.eu\/wp-content\/uploads\/2022\/10\/Zeitgard-Pro-Cleansing-Set.jpg","type":"image\/jpeg"}],"twitter_card":"summary_large_image","twitter_site":"@natur__kosmetik","schema":{"@context":"https:\/\/schema.org","@graph":[{"@type":["WebPage","ItemPage"],"@id":"https:\/\/www.lraloeverashop.eu\/pl\/produkt\/zeitgard-pro-zestaw-do-oczyszczania-twarzy\/","url":"https:\/\/www.lraloeverashop.eu\/pl\/produkt\/zeitgard-pro-zestaw-do-oczyszczania-twarzy\/","name":"Zeitgard Pro Zestaw do Oczyszczania Twarzy dla ka\u017cdego","isPartOf":{"@id":"https:\/\/www.lraloeverashop.eu\/pl\/#website"},"primaryImageOfPage":{"@id":"https:\/\/www.lraloeverashop.eu\/pl\/produkt\/zeitgard-pro-zestaw-do-oczyszczania-twarzy\/#primaryimage"},"image":{"@id":"https:\/\/www.lraloeverashop.eu\/pl\/produkt\/zeitgard-pro-zestaw-do-oczyszczania-twarzy\/#primaryimage"},"thumbnailUrl":"https:\/\/www.lraloeverashop.eu\/wp-content\/uploads\/2022\/10\/Zeitgard-Pro-Cleansing-Set.jpg","datePublished":"2022-10-22T05:09:06+00:00","dateModified":"2025-10-19T09:38:15+00:00","description":"Odkryj Zeitgard Pro Zestaw do Oczyszczania Twarzy \u2013 antybakteryjna szczoteczka do twarzy LR, kt\u00f3ra oczyszcza 10\u00d7 skuteczniej ni\u017c r\u0119cznie.","breadcrumb":{"@id":"https:\/\/www.lraloeverashop.eu\/pl\/produkt\/zeitgard-pro-zestaw-do-oczyszczania-twarzy\/#breadcrumb"},"inLanguage":"pl-PL","potentialAction":[{"@type":"ReadAction","target":["https:\/\/www.lraloeverashop.eu\/pl\/produkt\/zeitgard-pro-zestaw-do-oczyszczania-twarzy\/"]}]},{"@type":"ImageObject","inLanguage":"pl-PL","@id":"https:\/\/www.lraloeverashop.eu\/pl\/produkt\/zeitgard-pro-zestaw-do-oczyszczania-twarzy\/#primaryimage","url":"https:\/\/www.lraloeverashop.eu\/wp-content\/uploads\/2022\/10\/Zeitgard-Pro-Cleansing-Set.jpg","contentUrl":"https:\/\/www.lraloeverashop.eu\/wp-content\/uploads\/2022\/10\/Zeitgard-Pro-Cleansing-Set.jpg","width":1200,"height":1200,"caption":"Zeitgard Pro Zestaw oczyszczaj\u0105cy"},{"@type":"BreadcrumbList","@id":"https:\/\/www.lraloeverashop.eu\/pl\/produkt\/zeitgard-pro-zestaw-do-oczyszczania-twarzy\/#breadcrumb","itemListElement":[{"@type":"ListItem","position":1,"name":"Home","item":"https:\/\/www.lraloeverashop.eu\/pl\/"},{"@type":"ListItem","position":2,"name":"Sklep","item":"https:\/\/www.lraloeverashop.eu\/pl\/sklep\/"},{"@type":"ListItem","position":3,"name":"Zeitgard Pro Zestaw do Oczyszczania Twarzy"}]},{"@type":"WebSite","@id":"https:\/\/www.lraloeverashop.eu\/pl\/#website","url":"https:\/\/www.lraloeverashop.eu\/pl\/","name":"Lr Aloe Vera Shop","description":"High Quality Lr Aloe Vera Gel, Aloe Vera Cream and Shampoo","publisher":{"@id":"https:\/\/www.lraloeverashop.eu\/pl\/#organization"},"alternateName":"LR","potentialAction":[{"@type":"SearchAction","target":{"@type":"EntryPoint","urlTemplate":"https:\/\/www.lraloeverashop.eu\/pl\/?s={search_term_string}"},"query-input":{"@type":"PropertyValueSpecification","valueRequired":true,"valueName":"search_term_string"}}],"inLanguage":"pl-PL"},{"@type":"Organization","@id":"https:\/\/www.lraloeverashop.eu\/pl\/#organization","name":"Sklep Lr Aloe Vera","alternateName":"LR","url":"https:\/\/www.lraloeverashop.eu\/pl\/","logo":{"@type":"ImageObject","inLanguage":"pl-PL","@id":"https:\/\/www.lraloeverashop.eu\/pl\/#\/schema\/logo\/image\/","url":"https:\/\/www.lraloeverashop.eu\/wp-content\/uploads\/2022\/09\/cropped-Lr-Aloe-Vera-Shop.jpg","contentUrl":"https:\/\/www.lraloeverashop.eu\/wp-content\/uploads\/2022\/09\/cropped-Lr-Aloe-Vera-Shop.jpg","width":228,"height":76,"caption":"Sklep Lr Aloe Vera"},"image":{"@id":"https:\/\/www.lraloeverashop.eu\/pl\/#\/schema\/logo\/image\/"},"sameAs":["https:\/\/www.facebook.com\/lraloeverashop.eu","https:\/\/x.com\/natur__kosmetik","https:\/\/www.youtube.com\/channel\/UC5oN7BJ8nfYb8RpVtjwDEBA","https:\/\/www.instagram.com\/lrbeautyeu\/"],"description":"Sklep LR Aloe Vera to Twoje zaufane \u017ar\u00f3d\u0142o wysokiej jako\u015bci produkt\u00f3w LR Health & Beauty wyprodukowanych w Niemczech. Oferujemy wysokiej jako\u015bci produkty do piel\u0119gnacji sk\u00f3ry, od\u017cywiania i przeciwstarzeniowe z aloesem, stworzone z czystych sk\u0142adnik\u00f3w i poparte badaniami naukowymi. Odkryj naturaln\u0105 piel\u0119gnacj\u0119, kt\u00f3ra regeneruje, chroni i rewitalizuje Twoj\u0105 sk\u00f3r\u0119 \u2014 i korzystaj z ekskluzywnych comiesi\u0119cznych ofert na nasze bestsellerowe produkty LR Aloe Vera.\nRozpocznij swoj\u0105 naturaln\u0105 piel\u0119gnacj\u0119 sk\u00f3ry ju\u017c dzi\u015b i poczuj r\u00f3\u017cnic\u0119.","email":"info@lraloeverashop.eu","telephone":"+49 17670609653","legalName":"Lr Aloe Vera Shop","foundingDate":"2018-04-21","numberOfEmployees":{"@type":"QuantitativeValue","minValue":"1","maxValue":"10"}}]},"product_price_amount":"179.99","product_price_currency":"EUR","og_availability":"instock","product_availability":"instock","product_retailer_item_id":"70106-1PL","product_condition":"new"},"taxonomy_info":{"product_cat":[{"value":1072,"label":"Kobiety do 40"},{"value":1071,"label":"Kobiety po 40"},{"value":1070,"label":"M\u0119\u017cczy\u017ani powy\u017cej 25 lat"},{"value":1090,"label":"Oferty"},{"value":1069,"label":"Piel\u0119gnacja Anti Age"},{"value":1080,"label":"Zeitgard"},{"value":1073,"label":"Zeitgard Pro"}],"product_tag":[{"value":1133,"label":"oczyszczanie twarzy"}]},"featured_image_src_large":["https:\/\/www.lraloeverashop.eu\/wp-content\/uploads\/2022\/10\/Zeitgard-Pro-Cleansing-Set-1024x1024.jpg",1024,1024,true],"author_info":[],"comment_info":0,"_links":{"self":[{"href":"https:\/\/www.lraloeverashop.eu\/pl\/wp-json\/wp\/v2\/product\/29020","targetHints":{"allow":["GET"]}}],"collection":[{"href":"https:\/\/www.lraloeverashop.eu\/pl\/wp-json\/wp\/v2\/product"}],"about":[{"href":"https:\/\/www.lraloeverashop.eu\/pl\/wp-json\/wp\/v2\/types\/product"}],"replies":[{"embeddable":true,"href":"https:\/\/www.lraloeverashop.eu\/pl\/wp-json\/wp\/v2\/comments?post=29020"}],"wp:featuredmedia":[{"embeddable":true,"href":"https:\/\/www.lraloeverashop.eu\/pl\/wp-json\/wp\/v2\/media\/27058"}],"wp:attachment":[{"href":"https:\/\/www.lraloeverashop.eu\/pl\/wp-json\/wp\/v2\/media?parent=29020"}],"wp:term":[{"taxonomy":"product_brand","embeddable":true,"href":"https:\/\/www.lraloeverashop.eu\/pl\/wp-json\/wp\/v2\/product_brand?post=29020"},{"taxonomy":"product_cat","embeddable":true,"href":"https:\/\/www.lraloeverashop.eu\/pl\/wp-json\/wp\/v2\/product_cat?post=29020"},{"taxonomy":"product_tag","embeddable":true,"href":"https:\/\/www.lraloeverashop.eu\/pl\/wp-json\/wp\/v2\/product_tag?post=29020"}],"curies":[{"name":"wp","href":"https:\/\/api.w.org\/{rel}","templated":true}]}}