{"id":29017,"date":"2022-10-19T18:28:08","date_gmt":"2022-10-19T16:28:08","guid":{"rendered":"https:\/\/www.lraloeverashop.eu\/product\/tonik-do-twarzy-zeitgard-pro\/"},"modified":"2025-10-19T10:10:43","modified_gmt":"2025-10-19T08:10:43","slug":"tonik-do-twarzy-zeitgard-pro","status":"publish","type":"product","link":"https:\/\/www.lraloeverashop.eu\/pl\/produkt\/tonik-do-twarzy-zeitgard-pro\/","title":{"rendered":"Tonik do Twarzy Zeitgard Pro"},"content":{"rendered":"<h2><span style=\"font-size: 16pt;\"><strong>Tonik do Twarzy Zeitgard Pro<\/strong><\/span><\/h2>\n<p><span style=\"font-size: 14pt;\"><strong>Tonik do Twarzy Zeitgard Pro \u2013 krok, kt\u00f3ry domyka oczyszczanie i koi sk\u00f3r\u0119<\/strong><\/span><\/p>\n<p>Tonik do Twarzy Zeitgard Pro to idealny tonik po oczyszczaniu, kt\u00f3ry przywraca naturalne pH Twojej sk\u00f3ry, koi podra\u017cnienia i przygotowuje cer\u0119 na kolejne etapy piel\u0119gnacji. Je\u015bli stosujesz szczoteczk\u0119 oczyszczaj\u0105c\u0105 lub robisz peelingi, to jest krok, kt\u00f3rego nie mo\u017cesz pomin\u0105\u0107.<\/p>\n<h3><span style=\"font-size: 16pt;\"><strong>Dlaczego warto?<\/strong><\/span><\/h3>\n<p>Ten wysokiej jako\u015bci tonik bez alkoholu dzia\u0142a \u0142agodnie, ale skutecznie. Usuwa ostatnie \u015blady makija\u017cu i zanieczyszcze\u0144 po etapie \u201eoczyszczaj\u0105cy krem\u201d lub szczoteczka, a przy tym:<\/p>\n<ul>\n<li><strong>tonizuje sk\u00f3r\u0119<\/strong> \u2013 przywraca fizjologiczne pH i wzmacnia barier\u0119 ochronn\u0105,<\/li>\n<li><strong>koi zaczerwienienia i podra\u017cnienia<\/strong> \u2013 idealny jako tonik koj\u0105cy zaczerwienienia przy cerze wra\u017cliwej,<\/li>\n<li><strong>wspiera r\u00f3wnowag\u0119 mikrobiomu sk\u00f3ry<\/strong> \u2013 sk\u0142adniki aktywne wspieraj\u0105 zdrowy wygl\u0105d cery,<\/li>\n<li><strong>jest odpowiedni do ka\u017cdego typu cery<\/strong> \u2013 normalnej, mieszanej, t\u0142ustej i wra\u017cliwej,<\/li>\n<li><strong>perfekcyjny jako tonik po peelingu<\/strong> lub po u\u017cyciu szczoteczki oczyszczaj\u0105cej, kt\u00f3ry przygotowuje sk\u00f3r\u0119 na serum i krem.<\/li>\n<\/ul>\n<h3><span style=\"font-size: 16pt;\"><strong>Sk\u0142adniki, kt\u00f3re robi\u0105 r\u00f3\u017cnic\u0119<\/strong><\/span><\/h3>\n<p>Formu\u0142a Toniku do Twarzy Zeitgard Pro \u0142\u0105czy starannie dobrane sk\u0142adniki aktywne:<\/p>\n<ul>\n<li><strong><span style=\"color: #800000;\">Zinc PCA<\/span><\/strong> \u2013 pomaga utrzyma\u0107 r\u00f3wnowag\u0119 sebum i wspiera naturaln\u0105 ochron\u0119 sk\u00f3ry,<\/li>\n<li><strong><span style=\"color: #800000;\">Alantoina<\/span><\/strong> \u2013 \u0142agodzi i zmniejsza dyskomfort, wspiera regeneracj\u0119 nask\u00f3rka,<\/li>\n<li><strong><span style=\"color: #800000;\">Pantenol<\/span><\/strong> \u2013 intensywnie nawil\u017ca, poprawia mi\u0119kko\u015b\u0107 i elastyczno\u015b\u0107 sk\u00f3ry,<\/li>\n<li><strong><span style=\"color: #800000;\">Gliceryna<\/span><\/strong> \u2013 przyci\u0105ga i wi\u0105\u017ce wod\u0119 w sk\u00f3rze, nadaj\u0105c jej g\u0142adko\u015b\u0107 i komfort,<\/li>\n<li><strong><span style=\"color: #800000;\">Ekstrakt z Harungany<\/span><\/strong> \u2013 wspiera odnow\u0119 i regeneracj\u0119 sk\u00f3ry po zabiegach,<\/li>\n<li><span style=\"color: #800000;\"><strong>Ekstrakt z zielonej herbaty i li\u015bci eukaliptusa<\/strong><\/span> \u2013 dzia\u0142aj\u0105 antyoksydacyjnie i \u0142agodz\u0105co, wspieraj\u0105c cer\u0119 wra\u017cliw\u0105.<\/li>\n<\/ul>\n<p>Dzi\u0119ki formule bez alkoholu, tonik nie szczypie, nie wysusza i jest doskona\u0142y nawet dla najbardziej wymagaj\u0105cej sk\u00f3ry.<\/p>\n<h3><span style=\"font-size: 16pt;\"><strong>Jak u\u017cywa\u0107 Tonik do Twarzy Zeitgard Pro?<\/strong><\/span><\/h3>\n<p>Po dok\u0142adnym oczyszczeniu twarzy np. po u\u017cyciu szczoteczki do mycia twarzy ZEITGARD Pro lub po peelingu na\u0142\u00f3\u017c niewielk\u0105 ilo\u015b\u0107 toniku na p\u0142atek kosmetyczny i delikatnie przetrzyj sk\u00f3r\u0119 twarzy, omijaj\u0105c okolice oczu. Stosuj rano i wieczorem. Nast\u0119pnie na\u0142\u00f3\u017c ulubione serum i krem. W ten spos\u00f3b tonik wspiera dzia\u0142anie ca\u0142ej rutyny i gwarantuje, \u017ce sk\u00f3ra jest przygotowana na kolejne etapy piel\u0119gnacji.<\/p>\n<p>Je\u015bli chcesz zadba\u0107 o cer\u0119 w pe\u0142ni to wybierz Tonik do Twarzy Zeitgard Pro. To dobry tonik po peelingu i oczyszczaniu<\/p>\n","protected":false},"excerpt":{"rendered":"<ul>\n<li><span class=\"jCAhz\"><span class=\"ryNqvb\">Bezalkoholowy tonik do twarzy premium<\/span><\/span><\/li>\n<li><span class=\"jCAhz\"><span class=\"ryNqvb\">Oczyszcza, \u0142agodzi i wzmacnia sk\u00f3r\u0119<\/span><\/span><\/li>\n<li><span class=\"jCAhz ChMk0b\"><span class=\"ryNqvb\">Z cynkiem, alantoin\u0105, pantenolem i ekstraktem z harungany<\/span><\/span><\/li>\n<li><span class=\"jCAhz ChMk0b\"><span class=\"ryNqvb\">Do stosowania po zabiegu szczoteczk\u0105 do oczyszczania twarzy lub narz\u0119dziem do peelingu twarzy<\/span><\/span><\/li>\n<li><span class=\"jCAhz ChMk0b\"><span class=\"ryNqvb\">Zawarto\u015b\u0107: 200 ml<\/span><\/span><\/li>\n<\/ul>\n<p>&nbsp;<\/p>\n","protected":false},"featured_media":27067,"comment_status":"open","ping_status":"closed","template":"","meta":{"_kad_blocks_custom_css":"","_kad_blocks_head_custom_js":"","_kad_blocks_body_custom_js":"","_kad_blocks_footer_custom_js":"","_kadence_starter_templates_imported_post":false,"_kad_post_transparent":"default","_kad_post_title":"","_kad_post_layout":"default","_kad_post_sidebar_id":"","_kad_post_content_style":"default","_kad_post_vertical_padding":"default","_kad_post_feature":"","_kad_post_feature_position":"","_kad_post_header":false,"_kad_post_footer":false,"_kad_post_classname":""},"product_brand":[],"product_cat":[1072,1071,1070,1069,1074,1080,1073],"product_tag":[1133],"class_list":{"0":"post-29017","1":"product","2":"type-product","3":"status-publish","4":"has-post-thumbnail","6":"product_cat-kobiety-do-40","7":"product_cat-kobiety-po-40","8":"product_cat-mezczyzni-powyzej-25-lat","9":"product_cat-pielegnacja-anti-age","10":"product_cat-produkty-anti-age","11":"product_cat-zeitgard-pl","12":"product_cat-zeitgard-pro-pl","13":"product_tag-oczyszczanie-twarzy","15":"first","16":"instock","17":"taxable","18":"shipping-taxable","19":"purchasable","20":"product-type-simple","21":"entry","22":"content-bg","23":"loop-entry"},"yoast_head":"<!-- This site is optimized with the Yoast SEO Premium plugin v27.5 (Yoast SEO v27.5) - https:\/\/yoast.com\/product\/yoast-seo-premium-wordpress\/ -->\n<title>Tonik do Twarzy Zeitgard Pro \u2013 Koj\u0105cy Tonik Bez Alkoholu<\/title>\n<meta name=\"description\" content=\"Tonik do Twarzy Zeitgard Pro z Zinc PCA, Alantoin\u0105 i Pantenolem. Koi, nawil\u017ca i przywraca pH sk\u00f3ry po oczyszczaniu. Tonik bez alkoholu dla cery wra\u017cliwej.\" \/>\n<meta name=\"robots\" content=\"index, follow, max-snippet:-1, max-image-preview:large, max-video-preview:-1\" \/>\n<link rel=\"canonical\" href=\"https:\/\/www.lraloeverashop.eu\/pl\/produkt\/tonik-do-twarzy-zeitgard-pro\/\" \/>\n<meta property=\"og:locale\" content=\"pl_PL\" \/>\n<meta property=\"og:type\" content=\"article\" \/>\n<meta property=\"og:title\" content=\"Tonik do Twarzy Zeitgard Pro\" \/>\n<meta property=\"og:description\" content=\"Tonik do Twarzy Zeitgard Pro z Zinc PCA, Alantoin\u0105 i Pantenolem. Koi, nawil\u017ca i przywraca pH sk\u00f3ry po oczyszczaniu. Tonik bez alkoholu dla cery wra\u017cliwej.\" \/>\n<meta property=\"og:url\" content=\"https:\/\/www.lraloeverashop.eu\/pl\/produkt\/tonik-do-twarzy-zeitgard-pro\/\" \/>\n<meta property=\"og:site_name\" content=\"Lr Aloe Vera Shop\" \/>\n<meta property=\"article:publisher\" content=\"https:\/\/www.facebook.com\/lraloeverashop.eu\" \/>\n<meta property=\"article:modified_time\" content=\"2025-10-19T08:10:43+00:00\" \/>\n<meta property=\"og:image\" content=\"https:\/\/www.lraloeverashop.eu\/wp-content\/uploads\/2022\/10\/Zaitgard-Pro-Facial-Toner.jpg\" \/>\n\t<meta property=\"og:image:width\" content=\"1200\" \/>\n\t<meta property=\"og:image:height\" content=\"1200\" \/>\n\t<meta property=\"og:image:type\" content=\"image\/jpeg\" \/>\n<meta name=\"twitter:card\" content=\"summary_large_image\" \/>\n<meta name=\"twitter:site\" content=\"@natur__kosmetik\" \/>\n<script type=\"application\/ld+json\" class=\"yoast-schema-graph\">{\"@context\":\"https:\\\/\\\/schema.org\",\"@graph\":[{\"@type\":[\"WebPage\",\"ItemPage\"],\"@id\":\"https:\\\/\\\/www.lraloeverashop.eu\\\/pl\\\/produkt\\\/tonik-do-twarzy-zeitgard-pro\\\/\",\"url\":\"https:\\\/\\\/www.lraloeverashop.eu\\\/pl\\\/produkt\\\/tonik-do-twarzy-zeitgard-pro\\\/\",\"name\":\"Tonik do Twarzy Zeitgard Pro \u2013 Koj\u0105cy Tonik Bez Alkoholu\",\"isPartOf\":{\"@id\":\"https:\\\/\\\/www.lraloeverashop.eu\\\/pl\\\/#website\"},\"primaryImageOfPage\":{\"@id\":\"https:\\\/\\\/www.lraloeverashop.eu\\\/pl\\\/produkt\\\/tonik-do-twarzy-zeitgard-pro\\\/#primaryimage\"},\"image\":{\"@id\":\"https:\\\/\\\/www.lraloeverashop.eu\\\/pl\\\/produkt\\\/tonik-do-twarzy-zeitgard-pro\\\/#primaryimage\"},\"thumbnailUrl\":\"https:\\\/\\\/www.lraloeverashop.eu\\\/wp-content\\\/uploads\\\/2022\\\/10\\\/Zaitgard-Pro-Facial-Toner.jpg\",\"datePublished\":\"2022-10-19T16:28:08+00:00\",\"dateModified\":\"2025-10-19T08:10:43+00:00\",\"description\":\"Tonik do Twarzy Zeitgard Pro z Zinc PCA, Alantoin\u0105 i Pantenolem. Koi, nawil\u017ca i przywraca pH sk\u00f3ry po oczyszczaniu. Tonik bez alkoholu dla cery wra\u017cliwej.\",\"breadcrumb\":{\"@id\":\"https:\\\/\\\/www.lraloeverashop.eu\\\/pl\\\/produkt\\\/tonik-do-twarzy-zeitgard-pro\\\/#breadcrumb\"},\"inLanguage\":\"pl-PL\",\"potentialAction\":[{\"@type\":\"ReadAction\",\"target\":[\"https:\\\/\\\/www.lraloeverashop.eu\\\/pl\\\/produkt\\\/tonik-do-twarzy-zeitgard-pro\\\/\"]}]},{\"@type\":\"ImageObject\",\"inLanguage\":\"pl-PL\",\"@id\":\"https:\\\/\\\/www.lraloeverashop.eu\\\/pl\\\/produkt\\\/tonik-do-twarzy-zeitgard-pro\\\/#primaryimage\",\"url\":\"https:\\\/\\\/www.lraloeverashop.eu\\\/wp-content\\\/uploads\\\/2022\\\/10\\\/Zaitgard-Pro-Facial-Toner.jpg\",\"contentUrl\":\"https:\\\/\\\/www.lraloeverashop.eu\\\/wp-content\\\/uploads\\\/2022\\\/10\\\/Zaitgard-Pro-Facial-Toner.jpg\",\"width\":1200,\"height\":1200,\"caption\":\"Tonik do twarzy Zeitgard Pro\"},{\"@type\":\"BreadcrumbList\",\"@id\":\"https:\\\/\\\/www.lraloeverashop.eu\\\/pl\\\/produkt\\\/tonik-do-twarzy-zeitgard-pro\\\/#breadcrumb\",\"itemListElement\":[{\"@type\":\"ListItem\",\"position\":1,\"name\":\"Home\",\"item\":\"https:\\\/\\\/www.lraloeverashop.eu\\\/pl\\\/\"},{\"@type\":\"ListItem\",\"position\":2,\"name\":\"Sklep\",\"item\":\"https:\\\/\\\/www.lraloeverashop.eu\\\/pl\\\/sklep\\\/\"},{\"@type\":\"ListItem\",\"position\":3,\"name\":\"Tonik do Twarzy Zeitgard Pro\"}]},{\"@type\":\"WebSite\",\"@id\":\"https:\\\/\\\/www.lraloeverashop.eu\\\/pl\\\/#website\",\"url\":\"https:\\\/\\\/www.lraloeverashop.eu\\\/pl\\\/\",\"name\":\"Lr Aloe Vera Shop\",\"description\":\"High Quality Lr Aloe Vera Gel, Aloe Vera Cream and Shampoo\",\"publisher\":{\"@id\":\"https:\\\/\\\/www.lraloeverashop.eu\\\/pl\\\/#organization\"},\"alternateName\":\"LR\",\"potentialAction\":[{\"@type\":\"SearchAction\",\"target\":{\"@type\":\"EntryPoint\",\"urlTemplate\":\"https:\\\/\\\/www.lraloeverashop.eu\\\/pl\\\/?s={search_term_string}\"},\"query-input\":{\"@type\":\"PropertyValueSpecification\",\"valueRequired\":true,\"valueName\":\"search_term_string\"}}],\"inLanguage\":\"pl-PL\"},{\"@type\":\"Organization\",\"@id\":\"https:\\\/\\\/www.lraloeverashop.eu\\\/pl\\\/#organization\",\"name\":\"Sklep Lr Aloe Vera\",\"alternateName\":\"LR\",\"url\":\"https:\\\/\\\/www.lraloeverashop.eu\\\/pl\\\/\",\"logo\":{\"@type\":\"ImageObject\",\"inLanguage\":\"pl-PL\",\"@id\":\"https:\\\/\\\/www.lraloeverashop.eu\\\/pl\\\/#\\\/schema\\\/logo\\\/image\\\/\",\"url\":\"https:\\\/\\\/www.lraloeverashop.eu\\\/wp-content\\\/uploads\\\/2022\\\/09\\\/cropped-Lr-Aloe-Vera-Shop.jpg\",\"contentUrl\":\"https:\\\/\\\/www.lraloeverashop.eu\\\/wp-content\\\/uploads\\\/2022\\\/09\\\/cropped-Lr-Aloe-Vera-Shop.jpg\",\"width\":228,\"height\":76,\"caption\":\"Sklep Lr Aloe Vera\"},\"image\":{\"@id\":\"https:\\\/\\\/www.lraloeverashop.eu\\\/pl\\\/#\\\/schema\\\/logo\\\/image\\\/\"},\"sameAs\":[\"https:\\\/\\\/www.facebook.com\\\/lraloeverashop.eu\",\"https:\\\/\\\/x.com\\\/natur__kosmetik\",\"https:\\\/\\\/www.youtube.com\\\/channel\\\/UC5oN7BJ8nfYb8RpVtjwDEBA\",\"https:\\\/\\\/www.instagram.com\\\/lrbeautyeu\\\/\"],\"description\":\"Sklep LR Aloe Vera to Twoje zaufane \u017ar\u00f3d\u0142o wysokiej jako\u015bci produkt\u00f3w LR Health & Beauty wyprodukowanych w Niemczech. Oferujemy wysokiej jako\u015bci produkty do piel\u0119gnacji sk\u00f3ry, od\u017cywiania i przeciwstarzeniowe z aloesem, stworzone z czystych sk\u0142adnik\u00f3w i poparte badaniami naukowymi. Odkryj naturaln\u0105 piel\u0119gnacj\u0119, kt\u00f3ra regeneruje, chroni i rewitalizuje Twoj\u0105 sk\u00f3r\u0119 \u2014 i korzystaj z ekskluzywnych comiesi\u0119cznych ofert na nasze bestsellerowe produkty LR Aloe Vera.\\nRozpocznij swoj\u0105 naturaln\u0105 piel\u0119gnacj\u0119 sk\u00f3ry ju\u017c dzi\u015b i poczuj r\u00f3\u017cnic\u0119.\",\"email\":\"info@lraloeverashop.eu\",\"telephone\":\"+49 17670609653\",\"legalName\":\"Lr Aloe Vera Shop\",\"foundingDate\":\"2018-04-21\",\"numberOfEmployees\":{\"@type\":\"QuantitativeValue\",\"minValue\":\"1\",\"maxValue\":\"10\"}}]}<\/script>\n<meta property=\"product:price:amount\" content=\"22.49\" \/>\n<meta property=\"product:price:currency\" content=\"EUR\" \/>\n<meta property=\"og:availability\" content=\"instock\" \/>\n<meta property=\"product:availability\" content=\"instock\" \/>\n<meta property=\"product:retailer_item_id\" content=\"28001-1PL\" \/>\n<meta property=\"product:condition\" content=\"new\" \/>\n<!-- \/ Yoast SEO Premium plugin. -->","yoast_head_json":{"title":"Tonik do Twarzy Zeitgard Pro \u2013 Koj\u0105cy Tonik Bez Alkoholu","description":"Tonik do Twarzy Zeitgard Pro z Zinc PCA, Alantoin\u0105 i Pantenolem. Koi, nawil\u017ca i przywraca pH sk\u00f3ry po oczyszczaniu. Tonik bez alkoholu dla cery wra\u017cliwej.","robots":{"index":"index","follow":"follow","max-snippet":"max-snippet:-1","max-image-preview":"max-image-preview:large","max-video-preview":"max-video-preview:-1"},"canonical":"https:\/\/www.lraloeverashop.eu\/pl\/produkt\/tonik-do-twarzy-zeitgard-pro\/","og_locale":"pl_PL","og_type":"article","og_title":"Tonik do Twarzy Zeitgard Pro","og_description":"Tonik do Twarzy Zeitgard Pro z Zinc PCA, Alantoin\u0105 i Pantenolem. Koi, nawil\u017ca i przywraca pH sk\u00f3ry po oczyszczaniu. Tonik bez alkoholu dla cery wra\u017cliwej.","og_url":"https:\/\/www.lraloeverashop.eu\/pl\/produkt\/tonik-do-twarzy-zeitgard-pro\/","og_site_name":"Lr Aloe Vera Shop","article_publisher":"https:\/\/www.facebook.com\/lraloeverashop.eu","article_modified_time":"2025-10-19T08:10:43+00:00","og_image":[{"width":1200,"height":1200,"url":"https:\/\/www.lraloeverashop.eu\/wp-content\/uploads\/2022\/10\/Zaitgard-Pro-Facial-Toner.jpg","type":"image\/jpeg"}],"twitter_card":"summary_large_image","twitter_site":"@natur__kosmetik","schema":{"@context":"https:\/\/schema.org","@graph":[{"@type":["WebPage","ItemPage"],"@id":"https:\/\/www.lraloeverashop.eu\/pl\/produkt\/tonik-do-twarzy-zeitgard-pro\/","url":"https:\/\/www.lraloeverashop.eu\/pl\/produkt\/tonik-do-twarzy-zeitgard-pro\/","name":"Tonik do Twarzy Zeitgard Pro \u2013 Koj\u0105cy Tonik Bez Alkoholu","isPartOf":{"@id":"https:\/\/www.lraloeverashop.eu\/pl\/#website"},"primaryImageOfPage":{"@id":"https:\/\/www.lraloeverashop.eu\/pl\/produkt\/tonik-do-twarzy-zeitgard-pro\/#primaryimage"},"image":{"@id":"https:\/\/www.lraloeverashop.eu\/pl\/produkt\/tonik-do-twarzy-zeitgard-pro\/#primaryimage"},"thumbnailUrl":"https:\/\/www.lraloeverashop.eu\/wp-content\/uploads\/2022\/10\/Zaitgard-Pro-Facial-Toner.jpg","datePublished":"2022-10-19T16:28:08+00:00","dateModified":"2025-10-19T08:10:43+00:00","description":"Tonik do Twarzy Zeitgard Pro z Zinc PCA, Alantoin\u0105 i Pantenolem. Koi, nawil\u017ca i przywraca pH sk\u00f3ry po oczyszczaniu. Tonik bez alkoholu dla cery wra\u017cliwej.","breadcrumb":{"@id":"https:\/\/www.lraloeverashop.eu\/pl\/produkt\/tonik-do-twarzy-zeitgard-pro\/#breadcrumb"},"inLanguage":"pl-PL","potentialAction":[{"@type":"ReadAction","target":["https:\/\/www.lraloeverashop.eu\/pl\/produkt\/tonik-do-twarzy-zeitgard-pro\/"]}]},{"@type":"ImageObject","inLanguage":"pl-PL","@id":"https:\/\/www.lraloeverashop.eu\/pl\/produkt\/tonik-do-twarzy-zeitgard-pro\/#primaryimage","url":"https:\/\/www.lraloeverashop.eu\/wp-content\/uploads\/2022\/10\/Zaitgard-Pro-Facial-Toner.jpg","contentUrl":"https:\/\/www.lraloeverashop.eu\/wp-content\/uploads\/2022\/10\/Zaitgard-Pro-Facial-Toner.jpg","width":1200,"height":1200,"caption":"Tonik do twarzy Zeitgard Pro"},{"@type":"BreadcrumbList","@id":"https:\/\/www.lraloeverashop.eu\/pl\/produkt\/tonik-do-twarzy-zeitgard-pro\/#breadcrumb","itemListElement":[{"@type":"ListItem","position":1,"name":"Home","item":"https:\/\/www.lraloeverashop.eu\/pl\/"},{"@type":"ListItem","position":2,"name":"Sklep","item":"https:\/\/www.lraloeverashop.eu\/pl\/sklep\/"},{"@type":"ListItem","position":3,"name":"Tonik do Twarzy Zeitgard Pro"}]},{"@type":"WebSite","@id":"https:\/\/www.lraloeverashop.eu\/pl\/#website","url":"https:\/\/www.lraloeverashop.eu\/pl\/","name":"Lr Aloe Vera Shop","description":"High Quality Lr Aloe Vera Gel, Aloe Vera Cream and Shampoo","publisher":{"@id":"https:\/\/www.lraloeverashop.eu\/pl\/#organization"},"alternateName":"LR","potentialAction":[{"@type":"SearchAction","target":{"@type":"EntryPoint","urlTemplate":"https:\/\/www.lraloeverashop.eu\/pl\/?s={search_term_string}"},"query-input":{"@type":"PropertyValueSpecification","valueRequired":true,"valueName":"search_term_string"}}],"inLanguage":"pl-PL"},{"@type":"Organization","@id":"https:\/\/www.lraloeverashop.eu\/pl\/#organization","name":"Sklep Lr Aloe Vera","alternateName":"LR","url":"https:\/\/www.lraloeverashop.eu\/pl\/","logo":{"@type":"ImageObject","inLanguage":"pl-PL","@id":"https:\/\/www.lraloeverashop.eu\/pl\/#\/schema\/logo\/image\/","url":"https:\/\/www.lraloeverashop.eu\/wp-content\/uploads\/2022\/09\/cropped-Lr-Aloe-Vera-Shop.jpg","contentUrl":"https:\/\/www.lraloeverashop.eu\/wp-content\/uploads\/2022\/09\/cropped-Lr-Aloe-Vera-Shop.jpg","width":228,"height":76,"caption":"Sklep Lr Aloe Vera"},"image":{"@id":"https:\/\/www.lraloeverashop.eu\/pl\/#\/schema\/logo\/image\/"},"sameAs":["https:\/\/www.facebook.com\/lraloeverashop.eu","https:\/\/x.com\/natur__kosmetik","https:\/\/www.youtube.com\/channel\/UC5oN7BJ8nfYb8RpVtjwDEBA","https:\/\/www.instagram.com\/lrbeautyeu\/"],"description":"Sklep LR Aloe Vera to Twoje zaufane \u017ar\u00f3d\u0142o wysokiej jako\u015bci produkt\u00f3w LR Health & Beauty wyprodukowanych w Niemczech. Oferujemy wysokiej jako\u015bci produkty do piel\u0119gnacji sk\u00f3ry, od\u017cywiania i przeciwstarzeniowe z aloesem, stworzone z czystych sk\u0142adnik\u00f3w i poparte badaniami naukowymi. Odkryj naturaln\u0105 piel\u0119gnacj\u0119, kt\u00f3ra regeneruje, chroni i rewitalizuje Twoj\u0105 sk\u00f3r\u0119 \u2014 i korzystaj z ekskluzywnych comiesi\u0119cznych ofert na nasze bestsellerowe produkty LR Aloe Vera.\nRozpocznij swoj\u0105 naturaln\u0105 piel\u0119gnacj\u0119 sk\u00f3ry ju\u017c dzi\u015b i poczuj r\u00f3\u017cnic\u0119.","email":"info@lraloeverashop.eu","telephone":"+49 17670609653","legalName":"Lr Aloe Vera Shop","foundingDate":"2018-04-21","numberOfEmployees":{"@type":"QuantitativeValue","minValue":"1","maxValue":"10"}}]},"product_price_amount":"22.49","product_price_currency":"EUR","og_availability":"instock","product_availability":"instock","product_retailer_item_id":"28001-1PL","product_condition":"new"},"taxonomy_info":{"product_cat":[{"value":1072,"label":"Kobiety do 40"},{"value":1071,"label":"Kobiety po 40"},{"value":1070,"label":"M\u0119\u017cczy\u017ani powy\u017cej 25 lat"},{"value":1069,"label":"Piel\u0119gnacja Anti Age"},{"value":1074,"label":"Produkty Anti Age"},{"value":1080,"label":"Zeitgard"},{"value":1073,"label":"Zeitgard Pro"}],"product_tag":[{"value":1133,"label":"oczyszczanie twarzy"}]},"featured_image_src_large":["https:\/\/www.lraloeverashop.eu\/wp-content\/uploads\/2022\/10\/Zaitgard-Pro-Facial-Toner-1024x1024.jpg",1024,1024,true],"author_info":[],"comment_info":0,"_links":{"self":[{"href":"https:\/\/www.lraloeverashop.eu\/pl\/wp-json\/wp\/v2\/product\/29017","targetHints":{"allow":["GET"]}}],"collection":[{"href":"https:\/\/www.lraloeverashop.eu\/pl\/wp-json\/wp\/v2\/product"}],"about":[{"href":"https:\/\/www.lraloeverashop.eu\/pl\/wp-json\/wp\/v2\/types\/product"}],"replies":[{"embeddable":true,"href":"https:\/\/www.lraloeverashop.eu\/pl\/wp-json\/wp\/v2\/comments?post=29017"}],"wp:featuredmedia":[{"embeddable":true,"href":"https:\/\/www.lraloeverashop.eu\/pl\/wp-json\/wp\/v2\/media\/27067"}],"wp:attachment":[{"href":"https:\/\/www.lraloeverashop.eu\/pl\/wp-json\/wp\/v2\/media?parent=29017"}],"wp:term":[{"taxonomy":"product_brand","embeddable":true,"href":"https:\/\/www.lraloeverashop.eu\/pl\/wp-json\/wp\/v2\/product_brand?post=29017"},{"taxonomy":"product_cat","embeddable":true,"href":"https:\/\/www.lraloeverashop.eu\/pl\/wp-json\/wp\/v2\/product_cat?post=29017"},{"taxonomy":"product_tag","embeddable":true,"href":"https:\/\/www.lraloeverashop.eu\/pl\/wp-json\/wp\/v2\/product_tag?post=29017"}],"curies":[{"name":"wp","href":"https:\/\/api.w.org\/{rel}","templated":true}]}}