{"id":29001,"date":"2022-10-15T18:00:56","date_gmt":"2022-10-15T16:00:56","guid":{"rendered":"https:\/\/www.lraloeverashop.eu\/product\/figu-active-platki-z-malinami\/"},"modified":"2025-10-14T18:47:10","modified_gmt":"2025-10-14T16:47:10","slug":"figu-active-platki-z-malinami","status":"publish","type":"product","link":"https:\/\/www.lraloeverashop.eu\/pl\/produkt\/figu-active-platki-z-malinami\/","title":{"rendered":"Figu Active P\u0142atki z Malinami"},"content":{"rendered":"<h2><span style=\"font-size: 16pt;\"><strong>Figu Active P\u0142atki z Malinami<\/strong><\/span><\/h2>\n<p><span style=\"font-size: 14pt;\"><strong>Figu Active P\u0142atki z Malinami &#8211; Odchudzanie mo\u017ce by\u0107 zabawne, chrupi\u0105ce i pyszne<\/strong><\/span><\/p>\n<p>Utrata wagi cz\u0119sto kojarzy si\u0119 z rezygnacj\u0105 z naszych ulubionych potraw. Je\u015bli nie mo\u017cesz \u017cy\u0107 bez chrupi\u0105cych p\u0142atk\u00f3w \u015bniadaniowych, P\u0142atki z Malinami to doskona\u0142y wyb\u00f3r \u2013 stanowi\u0105 alternatyw\u0119 dla pysznego \u015bniadania, dostarczaj\u0105c wszystkich niezb\u0119dnych sk\u0142adnik\u00f3w od\u017cywczych przy zaledwie po\u0142owie kalorii!<\/p>\n<p>Niezale\u017cnie od tego, czy chcesz schudn\u0105\u0107, utrzyma\u0107 wag\u0119, czy po prostu zaoszcz\u0119dzi\u0107 czas \u2013 Chrupi\u0105ce Figu Active P\u0142atki z Malinami s\u0105 nieodparcie pyszne, zast\u0119puj\u0105 pe\u0142ny posi\u0142ek i zawieraj\u0105 wiele cennych, naturalnych sk\u0142adnik\u00f3w. To pe\u0142nowarto\u015bciowy zamiennik posi\u0142ku, kt\u00f3ry zapewnia idealn\u0105 r\u00f3wnowag\u0119 mi\u0119dzy redukcj\u0105 kalorii a dostarczaniem wszystkich niezb\u0119dnych sk\u0142adnik\u00f3w od\u017cywczych.<\/p>\n<p>Z dodatkiem \u015bwie\u017cego jogurtu, owocowej maliny, orzech\u00f3w i delikatnych kawa\u0142k\u00f3w czekolady, Tw\u00f3j posi\u0142ek Figu Active jest smaczny i przyjemny. Niezale\u017cnie od tego, czy chcesz pozby\u0107 si\u0119 zb\u0119dnych kilogram\u00f3w, czy utrzyma\u0107 wymarzon\u0105 wag\u0119 \u2013 te \u0142atwe i przyjemne p\u0142atki przybli\u017c\u0105 Ci\u0119 do celu. Wystarczy, \u017ce zast\u0105pisz\u00b9 dwa z trzech codziennych posi\u0142k\u00f3w produktem Figu Active!<\/p>\n<p>Ciesz si\u0119 Figu Active Chrupi\u0105cymi P\u0142atkami Malinowymi tak, jak lubisz \u2013 na \u015bniadanie, obiad lub kolacj\u0119. Dzi\u0119ki produktom Figu Active mo\u017cesz zast\u0105pi\u0107 pe\u0142ny posi\u0142ek zbilansowanym zamiennikiem o niskiej kaloryczno\u015bci. Dbaj o siebie bez wyrzecze\u0144!<\/p>\n<p>Chrupi\u0105ce Figu Active P\u0142atki z Malinami zawieraj\u0105 inulin\u0119. Poniewa\u017c inulina ma dzia\u0142anie stymuluj\u0105ce funkcje jelit oraz flor\u0119 jelitow\u0105, zwi\u0119kszone spo\u017cycie mo\u017ce prowadzi\u0107 do problem\u00f3w trawiennych (wzd\u0119cia, biegunki). Osoby z wra\u017cliwym uk\u0142adem pokarmowym powinny skonsultowa\u0107 si\u0119 z lekarzem przed spo\u017cyciem produktu.<\/p>\n<p>&nbsp;<\/p>\n<h3><strong><span style=\"font-size: 16pt;\"><a href=\"https:\/\/www.lraloeverashop.eu\/wp-content\/uploads\/2024\/09\/weight-loss-diet-review-300x300.jpeg\"><img loading=\"lazy\" decoding=\"async\" class=\"alignleft size-medium wp-image-16348\" src=\"https:\/\/www.lraloeverashop.eu\/wp-content\/uploads\/2024\/09\/weight-loss-diet-review-300x300.jpeg\" alt=\"Weight loss diet review\" width=\"300\" height=\"300\" srcset=\"https:\/\/www.lraloeverashop.eu\/wp-content\/uploads\/2024\/09\/weight-loss-diet-review-300x300.jpeg 300w, https:\/\/www.lraloeverashop.eu\/wp-content\/uploads\/2024\/09\/weight-loss-diet-review-1024x1024.jpeg 1024w, https:\/\/www.lraloeverashop.eu\/wp-content\/uploads\/2024\/09\/weight-loss-diet-review-150x150.jpeg 150w, https:\/\/www.lraloeverashop.eu\/wp-content\/uploads\/2024\/09\/weight-loss-diet-review-768x768.jpeg 768w, https:\/\/www.lraloeverashop.eu\/wp-content\/uploads\/2024\/09\/weight-loss-diet-review-600x600.jpeg 600w, https:\/\/www.lraloeverashop.eu\/wp-content\/uploads\/2024\/09\/weight-loss-diet-review-100x100.jpeg 100w, https:\/\/www.lraloeverashop.eu\/wp-content\/uploads\/2024\/09\/weight-loss-diet-review.jpeg 1200w\" sizes=\"auto, (max-width: 300px) 100vw, 300px\" \/><\/a> Spos\u00f3b u\u017cycia<\/span><\/strong><\/h3>\n<p>Figu Active P\u0142atki z Malinami wspomagaj\u0105 odchudzanie i pomagaj\u0105 w utrzymaniu wymarzonej wagi.<\/p>\n<p>Wymieszaj 6 \u0142y\u017cek produktu z 300 ml mleka bez laktozy o niskiej zawarto\u015bci t\u0142uszczu (1,5%) w du\u017cym kubku o pojemno\u015bci co najmniej 500 ml. Odstaw na chwil\u0119, ponownie wymieszaj i Tw\u00f3j posi\u0142ek \u2013 \u015bniadanie, obiad lub kolacja \u2013 jest gotowy!<\/p>\n<p>Spo\u017cyj bezpo\u015brednio po przygotowaniu.<\/p>\n<p>Podczas stosowania diety pami\u0119taj o odpowiednim nawodnieniu. Zaleca si\u0119 picie 2\u20133 litr\u00f3w p\u0142yn\u00f3w dziennie \u2013 najlepiej bezkalorycznej lub nies\u0142odzonej herbaty.<\/p>\n<p>&nbsp;<\/p>\n<p>&nbsp;<\/p>\n<p><a href=\"https:\/\/www.lraloeverashop.eu\/wp-content\/uploads\/2024\/09\/man-weight-loss-before-and-after-300x300.jpeg\"><img loading=\"lazy\" decoding=\"async\" class=\"alignleft size-medium wp-image-16355\" src=\"https:\/\/www.lraloeverashop.eu\/wp-content\/uploads\/2024\/09\/man-weight-loss-before-and-after-300x300.jpeg\" alt=\"Man weight loss before and after\" width=\"300\" height=\"300\" srcset=\"https:\/\/www.lraloeverashop.eu\/wp-content\/uploads\/2024\/09\/man-weight-loss-before-and-after-300x300.jpeg 300w, https:\/\/www.lraloeverashop.eu\/wp-content\/uploads\/2024\/09\/man-weight-loss-before-and-after-1024x1024.jpeg 1024w, https:\/\/www.lraloeverashop.eu\/wp-content\/uploads\/2024\/09\/man-weight-loss-before-and-after-150x150.jpeg 150w, https:\/\/www.lraloeverashop.eu\/wp-content\/uploads\/2024\/09\/man-weight-loss-before-and-after-768x768.jpeg 768w, https:\/\/www.lraloeverashop.eu\/wp-content\/uploads\/2024\/09\/man-weight-loss-before-and-after-600x600.jpeg 600w, https:\/\/www.lraloeverashop.eu\/wp-content\/uploads\/2024\/09\/man-weight-loss-before-and-after-100x100.jpeg 100w, https:\/\/www.lraloeverashop.eu\/wp-content\/uploads\/2024\/09\/man-weight-loss-before-and-after.jpeg 1200w\" sizes=\"auto, (max-width: 300px) 100vw, 300px\" \/><\/a><\/p>\n<p>Produkt spe\u0142nia swoje zadanie tylko w ramach diety niskokalorycznej lub o obni\u017conej kaloryczno\u015bci. Dbaj o zr\u00f3\u017cnicowan\u0105, zbilansowan\u0105 diet\u0119 oraz zdrowy styl \u017cycia. Twoja dieta powinna zawiera\u0107 r\u00f3wnie\u017c inne produkty spo\u017cywcze.<\/p>\n<p>Obj\u0119to\u015b\u0107 nape\u0142nienia opakowania mo\u017ce si\u0119 r\u00f3\u017cni\u0107 z przyczyn technicznych. Przechowywa\u0107 Figu Active P\u0142atki z Malinami w suchym i ch\u0142odnym miejscu. Spo\u017cy\u0107 w kr\u00f3tkim czasie po otwarciu.<\/p>\n<p>\u00b9 Zast\u0105pienie dw\u00f3ch codziennych posi\u0142k\u00f3w w ramach diety niskokalorycznej przyczynia si\u0119 do utraty wagi.<\/p>\n<p>\u00b2 Zast\u0105pienie jednego posi\u0142ku dziennie w ramach diety niskokalorycznej pomaga w utrzymaniu po\u017c\u0105danej wagi po odchudzaniu.<\/p>\n","protected":false},"excerpt":{"rendered":"<ul>\n<li>Chrupi\u0105ce p\u0142atki z malinami, orzechami i delikatnymi kawa\u0142kami czekolady<\/li>\n<li>Ka\u017cda porcja zast\u0119puje pe\u0142nowarto\u015bciowy posi\u0142ek<\/li>\n<li>Wspomaga odchudzanie \u2013 tylko 220 kcal na porcj\u0119<\/li>\n<li>100% wega\u0144skie, s\u0142odzone stewi\u0105, wy\u0142\u0105cznie naturalne aromaty<\/li>\n<li>Wysoka zawarto\u015b\u0107 b\u0142onnika i bia\u0142ka<\/li>\n<li>Bez laktozy, oleju palmowego, sztucznych barwnik\u00f3w i wzmacniaczy smaku<\/li>\n<li>Zawarto\u015b\u0107: 420 g<\/li>\n<\/ul>\n<p>&nbsp;<\/p>\n","protected":false},"featured_media":27023,"comment_status":"open","ping_status":"closed","template":"","meta":{"_kad_blocks_custom_css":"","_kad_blocks_head_custom_js":"","_kad_blocks_body_custom_js":"","_kad_blocks_footer_custom_js":"","_kadence_starter_templates_imported_post":false,"_kad_post_transparent":"default","_kad_post_title":"","_kad_post_layout":"default","_kad_post_sidebar_id":"","_kad_post_content_style":"default","_kad_post_vertical_padding":"default","_kad_post_feature":"","_kad_post_feature_position":"","_kad_post_header":false,"_kad_post_footer":false,"_kad_post_classname":""},"product_brand":[],"product_cat":[1087,1085],"product_tag":[1126],"class_list":{"0":"post-29001","1":"product","2":"type-product","3":"status-publish","4":"has-post-thumbnail","6":"product_cat-platki","7":"product_cat-zamienniki-posilkow","8":"product_tag-dieta-pl","10":"first","11":"instock","12":"taxable","13":"shipping-taxable","14":"purchasable","15":"product-type-simple","16":"entry","17":"content-bg","18":"loop-entry"},"yoast_head":"<!-- This site is optimized with the Yoast SEO Premium plugin v27.5 (Yoast SEO v27.5) - https:\/\/yoast.com\/product\/yoast-seo-premium-wordpress\/ -->\n<title>Figu Active P\u0142atki z Malinami \u2013 100% Wega\u0144skie i Niskokaloryczne<\/title>\n<meta name=\"description\" content=\"Figu Active P\u0142atki z Malinami to pyszny, niskokaloryczny zamiennik posi\u0142ku (220 kcal). Wega\u0144skie, pe\u0142ne b\u0142onnika i bia\u0142ka \u2013 idealne na diet\u0119 i odchudzanie!\" \/>\n<meta name=\"robots\" content=\"index, follow, max-snippet:-1, max-image-preview:large, max-video-preview:-1\" \/>\n<link rel=\"canonical\" href=\"https:\/\/www.lraloeverashop.eu\/pl\/produkt\/figu-active-platki-z-malinami\/\" \/>\n<meta property=\"og:locale\" content=\"pl_PL\" \/>\n<meta property=\"og:type\" content=\"article\" \/>\n<meta property=\"og:title\" content=\"Figu Active P\u0142atki z Malinami\" \/>\n<meta property=\"og:description\" content=\"Figu Active P\u0142atki z Malinami to pyszny, niskokaloryczny zamiennik posi\u0142ku (220 kcal). Wega\u0144skie, pe\u0142ne b\u0142onnika i bia\u0142ka \u2013 idealne na diet\u0119 i odchudzanie!\" \/>\n<meta property=\"og:url\" content=\"https:\/\/www.lraloeverashop.eu\/pl\/produkt\/figu-active-platki-z-malinami\/\" \/>\n<meta property=\"og:site_name\" content=\"Lr Aloe Vera Shop\" \/>\n<meta property=\"article:publisher\" content=\"https:\/\/www.facebook.com\/lraloeverashop.eu\" \/>\n<meta property=\"article:modified_time\" content=\"2025-10-14T16:47:10+00:00\" \/>\n<meta property=\"og:image\" content=\"https:\/\/www.lraloeverashop.eu\/wp-content\/uploads\/2023\/01\/Figuactive-Flakes-with-Raspberry.jpg\" \/>\n\t<meta property=\"og:image:width\" content=\"1200\" \/>\n\t<meta property=\"og:image:height\" content=\"1200\" \/>\n\t<meta property=\"og:image:type\" content=\"image\/jpeg\" \/>\n<meta name=\"twitter:card\" content=\"summary_large_image\" \/>\n<meta name=\"twitter:site\" content=\"@natur__kosmetik\" \/>\n<script type=\"application\/ld+json\" class=\"yoast-schema-graph\">{\"@context\":\"https:\\\/\\\/schema.org\",\"@graph\":[{\"@type\":[\"WebPage\",\"ItemPage\"],\"@id\":\"https:\\\/\\\/www.lraloeverashop.eu\\\/pl\\\/produkt\\\/figu-active-platki-z-malinami\\\/\",\"url\":\"https:\\\/\\\/www.lraloeverashop.eu\\\/pl\\\/produkt\\\/figu-active-platki-z-malinami\\\/\",\"name\":\"Figu Active P\u0142atki z Malinami \u2013 100% Wega\u0144skie i Niskokaloryczne\",\"isPartOf\":{\"@id\":\"https:\\\/\\\/www.lraloeverashop.eu\\\/pl\\\/#website\"},\"primaryImageOfPage\":{\"@id\":\"https:\\\/\\\/www.lraloeverashop.eu\\\/pl\\\/produkt\\\/figu-active-platki-z-malinami\\\/#primaryimage\"},\"image\":{\"@id\":\"https:\\\/\\\/www.lraloeverashop.eu\\\/pl\\\/produkt\\\/figu-active-platki-z-malinami\\\/#primaryimage\"},\"thumbnailUrl\":\"https:\\\/\\\/www.lraloeverashop.eu\\\/wp-content\\\/uploads\\\/2023\\\/01\\\/Figuactive-Flakes-with-Raspberry.jpg\",\"datePublished\":\"2022-10-15T16:00:56+00:00\",\"dateModified\":\"2025-10-14T16:47:10+00:00\",\"description\":\"Figu Active P\u0142atki z Malinami to pyszny, niskokaloryczny zamiennik posi\u0142ku (220 kcal). Wega\u0144skie, pe\u0142ne b\u0142onnika i bia\u0142ka \u2013 idealne na diet\u0119 i odchudzanie!\",\"breadcrumb\":{\"@id\":\"https:\\\/\\\/www.lraloeverashop.eu\\\/pl\\\/produkt\\\/figu-active-platki-z-malinami\\\/#breadcrumb\"},\"inLanguage\":\"pl-PL\",\"potentialAction\":[{\"@type\":\"ReadAction\",\"target\":[\"https:\\\/\\\/www.lraloeverashop.eu\\\/pl\\\/produkt\\\/figu-active-platki-z-malinami\\\/\"]}]},{\"@type\":\"ImageObject\",\"inLanguage\":\"pl-PL\",\"@id\":\"https:\\\/\\\/www.lraloeverashop.eu\\\/pl\\\/produkt\\\/figu-active-platki-z-malinami\\\/#primaryimage\",\"url\":\"https:\\\/\\\/www.lraloeverashop.eu\\\/wp-content\\\/uploads\\\/2023\\\/01\\\/Figuactive-Flakes-with-Raspberry.jpg\",\"contentUrl\":\"https:\\\/\\\/www.lraloeverashop.eu\\\/wp-content\\\/uploads\\\/2023\\\/01\\\/Figuactive-Flakes-with-Raspberry.jpg\",\"width\":1200,\"height\":1200,\"caption\":\"P\u0142atki Figuactive z malinami\"},{\"@type\":\"BreadcrumbList\",\"@id\":\"https:\\\/\\\/www.lraloeverashop.eu\\\/pl\\\/produkt\\\/figu-active-platki-z-malinami\\\/#breadcrumb\",\"itemListElement\":[{\"@type\":\"ListItem\",\"position\":1,\"name\":\"Home\",\"item\":\"https:\\\/\\\/www.lraloeverashop.eu\\\/pl\\\/\"},{\"@type\":\"ListItem\",\"position\":2,\"name\":\"Sklep\",\"item\":\"https:\\\/\\\/www.lraloeverashop.eu\\\/pl\\\/sklep\\\/\"},{\"@type\":\"ListItem\",\"position\":3,\"name\":\"Figu Active P\u0142atki z Malinami\"}]},{\"@type\":\"WebSite\",\"@id\":\"https:\\\/\\\/www.lraloeverashop.eu\\\/pl\\\/#website\",\"url\":\"https:\\\/\\\/www.lraloeverashop.eu\\\/pl\\\/\",\"name\":\"Lr Aloe Vera Shop\",\"description\":\"High Quality Lr Aloe Vera Gel, Aloe Vera Cream and Shampoo\",\"publisher\":{\"@id\":\"https:\\\/\\\/www.lraloeverashop.eu\\\/pl\\\/#organization\"},\"alternateName\":\"LR\",\"potentialAction\":[{\"@type\":\"SearchAction\",\"target\":{\"@type\":\"EntryPoint\",\"urlTemplate\":\"https:\\\/\\\/www.lraloeverashop.eu\\\/pl\\\/?s={search_term_string}\"},\"query-input\":{\"@type\":\"PropertyValueSpecification\",\"valueRequired\":true,\"valueName\":\"search_term_string\"}}],\"inLanguage\":\"pl-PL\"},{\"@type\":\"Organization\",\"@id\":\"https:\\\/\\\/www.lraloeverashop.eu\\\/pl\\\/#organization\",\"name\":\"Sklep Lr Aloe Vera\",\"alternateName\":\"LR\",\"url\":\"https:\\\/\\\/www.lraloeverashop.eu\\\/pl\\\/\",\"logo\":{\"@type\":\"ImageObject\",\"inLanguage\":\"pl-PL\",\"@id\":\"https:\\\/\\\/www.lraloeverashop.eu\\\/pl\\\/#\\\/schema\\\/logo\\\/image\\\/\",\"url\":\"https:\\\/\\\/www.lraloeverashop.eu\\\/wp-content\\\/uploads\\\/2022\\\/09\\\/cropped-Lr-Aloe-Vera-Shop.jpg\",\"contentUrl\":\"https:\\\/\\\/www.lraloeverashop.eu\\\/wp-content\\\/uploads\\\/2022\\\/09\\\/cropped-Lr-Aloe-Vera-Shop.jpg\",\"width\":228,\"height\":76,\"caption\":\"Sklep Lr Aloe Vera\"},\"image\":{\"@id\":\"https:\\\/\\\/www.lraloeverashop.eu\\\/pl\\\/#\\\/schema\\\/logo\\\/image\\\/\"},\"sameAs\":[\"https:\\\/\\\/www.facebook.com\\\/lraloeverashop.eu\",\"https:\\\/\\\/x.com\\\/natur__kosmetik\",\"https:\\\/\\\/www.youtube.com\\\/channel\\\/UC5oN7BJ8nfYb8RpVtjwDEBA\",\"https:\\\/\\\/www.instagram.com\\\/lrbeautyeu\\\/\"],\"description\":\"Sklep LR Aloe Vera to Twoje zaufane \u017ar\u00f3d\u0142o wysokiej jako\u015bci produkt\u00f3w LR Health & Beauty wyprodukowanych w Niemczech. Oferujemy wysokiej jako\u015bci produkty do piel\u0119gnacji sk\u00f3ry, od\u017cywiania i przeciwstarzeniowe z aloesem, stworzone z czystych sk\u0142adnik\u00f3w i poparte badaniami naukowymi. Odkryj naturaln\u0105 piel\u0119gnacj\u0119, kt\u00f3ra regeneruje, chroni i rewitalizuje Twoj\u0105 sk\u00f3r\u0119 \u2014 i korzystaj z ekskluzywnych comiesi\u0119cznych ofert na nasze bestsellerowe produkty LR Aloe Vera.\\nRozpocznij swoj\u0105 naturaln\u0105 piel\u0119gnacj\u0119 sk\u00f3ry ju\u017c dzi\u015b i poczuj r\u00f3\u017cnic\u0119.\",\"email\":\"info@lraloeverashop.eu\",\"telephone\":\"+49 17670609653\",\"legalName\":\"Lr Aloe Vera Shop\",\"foundingDate\":\"2018-04-21\",\"numberOfEmployees\":{\"@type\":\"QuantitativeValue\",\"minValue\":\"1\",\"maxValue\":\"10\"}}]}<\/script>\n<meta property=\"product:price:amount\" content=\"48.59\" \/>\n<meta property=\"product:price:currency\" content=\"EUR\" \/>\n<meta property=\"og:availability\" content=\"instock\" \/>\n<meta property=\"product:availability\" content=\"instock\" \/>\n<meta property=\"product:retailer_item_id\" content=\"81247-1PL\" \/>\n<meta property=\"product:condition\" content=\"new\" \/>\n<!-- \/ Yoast SEO Premium plugin. -->","yoast_head_json":{"title":"Figu Active P\u0142atki z Malinami \u2013 100% Wega\u0144skie i Niskokaloryczne","description":"Figu Active P\u0142atki z Malinami to pyszny, niskokaloryczny zamiennik posi\u0142ku (220 kcal). Wega\u0144skie, pe\u0142ne b\u0142onnika i bia\u0142ka \u2013 idealne na diet\u0119 i odchudzanie!","robots":{"index":"index","follow":"follow","max-snippet":"max-snippet:-1","max-image-preview":"max-image-preview:large","max-video-preview":"max-video-preview:-1"},"canonical":"https:\/\/www.lraloeverashop.eu\/pl\/produkt\/figu-active-platki-z-malinami\/","og_locale":"pl_PL","og_type":"article","og_title":"Figu Active P\u0142atki z Malinami","og_description":"Figu Active P\u0142atki z Malinami to pyszny, niskokaloryczny zamiennik posi\u0142ku (220 kcal). Wega\u0144skie, pe\u0142ne b\u0142onnika i bia\u0142ka \u2013 idealne na diet\u0119 i odchudzanie!","og_url":"https:\/\/www.lraloeverashop.eu\/pl\/produkt\/figu-active-platki-z-malinami\/","og_site_name":"Lr Aloe Vera Shop","article_publisher":"https:\/\/www.facebook.com\/lraloeverashop.eu","article_modified_time":"2025-10-14T16:47:10+00:00","og_image":[{"width":1200,"height":1200,"url":"https:\/\/www.lraloeverashop.eu\/wp-content\/uploads\/2023\/01\/Figuactive-Flakes-with-Raspberry.jpg","type":"image\/jpeg"}],"twitter_card":"summary_large_image","twitter_site":"@natur__kosmetik","schema":{"@context":"https:\/\/schema.org","@graph":[{"@type":["WebPage","ItemPage"],"@id":"https:\/\/www.lraloeverashop.eu\/pl\/produkt\/figu-active-platki-z-malinami\/","url":"https:\/\/www.lraloeverashop.eu\/pl\/produkt\/figu-active-platki-z-malinami\/","name":"Figu Active P\u0142atki z Malinami \u2013 100% Wega\u0144skie i Niskokaloryczne","isPartOf":{"@id":"https:\/\/www.lraloeverashop.eu\/pl\/#website"},"primaryImageOfPage":{"@id":"https:\/\/www.lraloeverashop.eu\/pl\/produkt\/figu-active-platki-z-malinami\/#primaryimage"},"image":{"@id":"https:\/\/www.lraloeverashop.eu\/pl\/produkt\/figu-active-platki-z-malinami\/#primaryimage"},"thumbnailUrl":"https:\/\/www.lraloeverashop.eu\/wp-content\/uploads\/2023\/01\/Figuactive-Flakes-with-Raspberry.jpg","datePublished":"2022-10-15T16:00:56+00:00","dateModified":"2025-10-14T16:47:10+00:00","description":"Figu Active P\u0142atki z Malinami to pyszny, niskokaloryczny zamiennik posi\u0142ku (220 kcal). Wega\u0144skie, pe\u0142ne b\u0142onnika i bia\u0142ka \u2013 idealne na diet\u0119 i odchudzanie!","breadcrumb":{"@id":"https:\/\/www.lraloeverashop.eu\/pl\/produkt\/figu-active-platki-z-malinami\/#breadcrumb"},"inLanguage":"pl-PL","potentialAction":[{"@type":"ReadAction","target":["https:\/\/www.lraloeverashop.eu\/pl\/produkt\/figu-active-platki-z-malinami\/"]}]},{"@type":"ImageObject","inLanguage":"pl-PL","@id":"https:\/\/www.lraloeverashop.eu\/pl\/produkt\/figu-active-platki-z-malinami\/#primaryimage","url":"https:\/\/www.lraloeverashop.eu\/wp-content\/uploads\/2023\/01\/Figuactive-Flakes-with-Raspberry.jpg","contentUrl":"https:\/\/www.lraloeverashop.eu\/wp-content\/uploads\/2023\/01\/Figuactive-Flakes-with-Raspberry.jpg","width":1200,"height":1200,"caption":"P\u0142atki Figuactive z malinami"},{"@type":"BreadcrumbList","@id":"https:\/\/www.lraloeverashop.eu\/pl\/produkt\/figu-active-platki-z-malinami\/#breadcrumb","itemListElement":[{"@type":"ListItem","position":1,"name":"Home","item":"https:\/\/www.lraloeverashop.eu\/pl\/"},{"@type":"ListItem","position":2,"name":"Sklep","item":"https:\/\/www.lraloeverashop.eu\/pl\/sklep\/"},{"@type":"ListItem","position":3,"name":"Figu Active P\u0142atki z Malinami"}]},{"@type":"WebSite","@id":"https:\/\/www.lraloeverashop.eu\/pl\/#website","url":"https:\/\/www.lraloeverashop.eu\/pl\/","name":"Lr Aloe Vera Shop","description":"High Quality Lr Aloe Vera Gel, Aloe Vera Cream and Shampoo","publisher":{"@id":"https:\/\/www.lraloeverashop.eu\/pl\/#organization"},"alternateName":"LR","potentialAction":[{"@type":"SearchAction","target":{"@type":"EntryPoint","urlTemplate":"https:\/\/www.lraloeverashop.eu\/pl\/?s={search_term_string}"},"query-input":{"@type":"PropertyValueSpecification","valueRequired":true,"valueName":"search_term_string"}}],"inLanguage":"pl-PL"},{"@type":"Organization","@id":"https:\/\/www.lraloeverashop.eu\/pl\/#organization","name":"Sklep Lr Aloe Vera","alternateName":"LR","url":"https:\/\/www.lraloeverashop.eu\/pl\/","logo":{"@type":"ImageObject","inLanguage":"pl-PL","@id":"https:\/\/www.lraloeverashop.eu\/pl\/#\/schema\/logo\/image\/","url":"https:\/\/www.lraloeverashop.eu\/wp-content\/uploads\/2022\/09\/cropped-Lr-Aloe-Vera-Shop.jpg","contentUrl":"https:\/\/www.lraloeverashop.eu\/wp-content\/uploads\/2022\/09\/cropped-Lr-Aloe-Vera-Shop.jpg","width":228,"height":76,"caption":"Sklep Lr Aloe Vera"},"image":{"@id":"https:\/\/www.lraloeverashop.eu\/pl\/#\/schema\/logo\/image\/"},"sameAs":["https:\/\/www.facebook.com\/lraloeverashop.eu","https:\/\/x.com\/natur__kosmetik","https:\/\/www.youtube.com\/channel\/UC5oN7BJ8nfYb8RpVtjwDEBA","https:\/\/www.instagram.com\/lrbeautyeu\/"],"description":"Sklep LR Aloe Vera to Twoje zaufane \u017ar\u00f3d\u0142o wysokiej jako\u015bci produkt\u00f3w LR Health & Beauty wyprodukowanych w Niemczech. Oferujemy wysokiej jako\u015bci produkty do piel\u0119gnacji sk\u00f3ry, od\u017cywiania i przeciwstarzeniowe z aloesem, stworzone z czystych sk\u0142adnik\u00f3w i poparte badaniami naukowymi. Odkryj naturaln\u0105 piel\u0119gnacj\u0119, kt\u00f3ra regeneruje, chroni i rewitalizuje Twoj\u0105 sk\u00f3r\u0119 \u2014 i korzystaj z ekskluzywnych comiesi\u0119cznych ofert na nasze bestsellerowe produkty LR Aloe Vera.\nRozpocznij swoj\u0105 naturaln\u0105 piel\u0119gnacj\u0119 sk\u00f3ry ju\u017c dzi\u015b i poczuj r\u00f3\u017cnic\u0119.","email":"info@lraloeverashop.eu","telephone":"+49 17670609653","legalName":"Lr Aloe Vera Shop","foundingDate":"2018-04-21","numberOfEmployees":{"@type":"QuantitativeValue","minValue":"1","maxValue":"10"}}]},"product_price_amount":"48.59","product_price_currency":"EUR","og_availability":"instock","product_availability":"instock","product_retailer_item_id":"81247-1PL","product_condition":"new"},"taxonomy_info":{"product_cat":[{"value":1087,"label":"P\u0142atki"},{"value":1085,"label":"Zamienniki posi\u0142k\u00f3w"}],"product_tag":[{"value":1126,"label":"dieta"}]},"featured_image_src_large":["https:\/\/www.lraloeverashop.eu\/wp-content\/uploads\/2023\/01\/Figuactive-Flakes-with-Raspberry-1024x1024.jpg",1024,1024,true],"author_info":[],"comment_info":0,"_links":{"self":[{"href":"https:\/\/www.lraloeverashop.eu\/pl\/wp-json\/wp\/v2\/product\/29001","targetHints":{"allow":["GET"]}}],"collection":[{"href":"https:\/\/www.lraloeverashop.eu\/pl\/wp-json\/wp\/v2\/product"}],"about":[{"href":"https:\/\/www.lraloeverashop.eu\/pl\/wp-json\/wp\/v2\/types\/product"}],"replies":[{"embeddable":true,"href":"https:\/\/www.lraloeverashop.eu\/pl\/wp-json\/wp\/v2\/comments?post=29001"}],"wp:featuredmedia":[{"embeddable":true,"href":"https:\/\/www.lraloeverashop.eu\/pl\/wp-json\/wp\/v2\/media\/27023"}],"wp:attachment":[{"href":"https:\/\/www.lraloeverashop.eu\/pl\/wp-json\/wp\/v2\/media?parent=29001"}],"wp:term":[{"taxonomy":"product_brand","embeddable":true,"href":"https:\/\/www.lraloeverashop.eu\/pl\/wp-json\/wp\/v2\/product_brand?post=29001"},{"taxonomy":"product_cat","embeddable":true,"href":"https:\/\/www.lraloeverashop.eu\/pl\/wp-json\/wp\/v2\/product_cat?post=29001"},{"taxonomy":"product_tag","embeddable":true,"href":"https:\/\/www.lraloeverashop.eu\/pl\/wp-json\/wp\/v2\/product_tag?post=29001"}],"curies":[{"name":"wp","href":"https:\/\/api.w.org\/{rel}","templated":true}]}}