{"id":28983,"date":"2022-10-15T20:17:57","date_gmt":"2022-10-15T18:17:57","guid":{"rendered":"https:\/\/www.lraloeverashop.eu\/product\/koktajl-truskawkowy-na-odchudzanie\/"},"modified":"2025-10-04T08:32:08","modified_gmt":"2025-10-04T06:32:08","slug":"koktajl-truskawkowy-na-odchudzanie","status":"publish","type":"product","link":"https:\/\/www.lraloeverashop.eu\/pl\/produkt\/koktajl-truskawkowy-na-odchudzanie\/","title":{"rendered":"Koktajl Truskawkowy na Odchudzanie"},"content":{"rendered":"<h2><span style=\"font-size: 16pt;\"><strong>Koktajl Truskawkowy na Odchudzanie<\/strong><\/span><\/h2>\n<p><span style=\"font-size: 14pt;\"><strong>Koktajl Truskawkowy na Odchudzanie &#8211; tylko 217 kcal na porcj\u0119<\/strong><\/span><\/p>\n<p>Chcesz schudn\u0105\u0107? Koktajl Figu Active pomo\u017ce Ci osi\u0105gn\u0105\u0107 wymarzon\u0105 wag\u0119 w prosty spos\u00f3b. Dla mi\u0142o\u015bnik\u00f3w owoc\u00f3w polecamy smak truskawkowy!<\/p>\n<p>Ten koktajl z truskawek na odchudzanie jest pyszny, \u0142atwo i szybko si\u0119 przygotowuje, a do tego zast\u0119puje pe\u0142nowarto\u015bciowy posi\u0142ek. Jedna porcja dostarcza organizmowi wszystkich niezb\u0119dnych sk\u0142adnik\u00f3w od\u017cywczych, takich jak witaminy, minera\u0142y, pierwiastki \u015bladowe i aminokwasy \u2013 tak jak \u201enormalny\u201d posi\u0142ek, ale z mniejsz\u0105 ilo\u015bci\u0105 kalorii. Nie musisz ju\u017c gotowa\u0107, liczy\u0107 kalorii ani stosowa\u0107 skomplikowanych diet.<\/p>\n<p>Figu Active Koktajl Truskawkowy na Odchudzaniey zawiera inulin\u0119. Poniewa\u017c inulina stymuluje prac\u0119 jelit i flor\u0119 jelitow\u0105, zwi\u0119kszone jej spo\u017cycie mo\u017ce prowadzi\u0107 do problem\u00f3w trawiennych (wzd\u0119cia, biegunka). Osoby z wra\u017cliwym uk\u0142adem pokarmowym powinny konsultowa\u0107 si\u0119 z lekarzem przed rozpocz\u0119ciem stosowania produktu.<\/p>\n<p><strong>Kontrola wagi:<\/strong><\/p>\n<h3><span style=\"font-size: 16pt;\"><strong><img loading=\"lazy\" decoding=\"async\" class=\"alignright size-full wp-image-9048\" style=\"margin-left: var(--global-md-spacing);\" src=\"https:\/\/www.lraloeverashop.eu\/wp-content\/uploads\/2022\/12\/Lifetakt-Weight-loss-diet.jpg\" alt=\"Lifetakt Weight loss diet\" width=\"248\" height=\"379\" srcset=\"https:\/\/www.lraloeverashop.eu\/wp-content\/uploads\/2022\/12\/Lifetakt-Weight-loss-diet.jpg 248w, https:\/\/www.lraloeverashop.eu\/wp-content\/uploads\/2022\/12\/Lifetakt-Weight-loss-diet-196x300.jpg 196w\" sizes=\"auto, (max-width: 248px) 100vw, 248px\" \/><\/strong><\/span><\/h3>\n<p><strong>Utrata wagi:<\/strong><br \/>\nZast\u0105pienie dw\u00f3ch dziennych posi\u0142k\u00f3w w ramach niskokalorycznej diety, Figu Active Koktajl Truskawkowy na Odchudzanie przyczynia si\u0119 do utraty wagi. Aby osi\u0105gn\u0105\u0107 ten cel, nale\u017cy zast\u0105pi\u0107 dwa posi\u0142ki dziennie. Dzi\u0119ki specjalnej kompozycji, zawieraj\u0105cej wszystkie niezb\u0119dne sk\u0142adniki od\u017cywcze, shake jest doskona\u0142ym zamiennikiem posi\u0142ku, kt\u00f3ry mo\u017cna stosowa\u0107 przez d\u0142u\u017cszy czas.<\/p>\n<p><strong>Utrzymanie wagi:<\/strong><br \/>\nZast\u0105pienie jednego z codziennych posi\u0142k\u00f3w w ramach niskokalorycznej diety, Figu Active Koktajl z Truskawek na Odchudzanie pomaga utrzyma\u0107 wag\u0119 po odchudzaniu. Po prostu zamie\u0144 jeden posi\u0142ek dziennie na shake. Produkty Figu Active sprawiaj\u0105, \u017ce odchudzanie staje si\u0119 zr\u00f3wnowa\u017cone, proste i przyjemne. Ciesz si\u0119 Figu Active Koktajl Truskawkowym na Odchudzanie jako zr\u00f3wnowa\u017conym \u015bniadaniem, obiadem lub syc\u0105c\u0105 kolacj\u0105.<\/p>\n<p>Wysoka zawarto\u015b\u0107 cennych b\u0142onnik\u00f3w pokarmowych oraz starannie dobrana mieszanka bia\u0142ek ro\u015blinnych wspieraj\u0105 Twoj\u0105 diet\u0119 w naturalny spos\u00f3b.<\/p>\n<p>&nbsp;<\/p>\n<h3><span style=\"font-size: 16pt;\"><strong>Spos\u00f3b u\u017cycia<br \/>\n<\/strong><\/span><\/h3>\n<p>Koktajl Truskawkowy na Odchudzanie &#8211; Wymieszaj 3 \u0142y\u017cki sto\u0142owe (28 g proszku) z 300 ml mleka bez laktozy o niskiej zawarto\u015bci t\u0142uszczu (1,5%) w du\u017cej szklance o pojemno\u015bci co najmniej 350 ml. Zaleca si\u0119 u\u017cycie shaker&#8217;a LR. Odstaw na chwil\u0119, zamieszaj ponownie i Tw\u00f3j posi\u0142ek \u2013 \u015bniadanie, obiad lub kolacja \u2013 jest gotowy! Spo\u017cyj bezpo\u015brednio po przygotowaniu.<\/p>\n<p>Pami\u0119taj, aby podczas diety pi\u0107 du\u017co p\u0142yn\u00f3w. Zaleca si\u0119 2\u20133 litry napoj\u00f3w bez kalorii lub nies\u0142odzonych herbat dziennie. Produkt spe\u0142nia swoj\u0105 funkcj\u0119 wy\u0142\u0105cznie w kontek\u015bcie diety niskokalorycznej. Dbaj o zr\u00f3\u017cnicowan\u0105, zbilansowan\u0105 diet\u0119 i zdrowy tryb \u017cycia. Twoja dieta powinna obejmowa\u0107 r\u00f3wnie\u017c inne produkty spo\u017cywcze.<\/p>\n<p>Gotowy posi\u0142ek zawiera wszystkie niezb\u0119dne sk\u0142adniki od\u017cywcze w odpowiednich ilo\u015bciach. Figu Active Koktajl Truskawkowy na Odchudzanie zawiera naturalnie wyst\u0119puj\u0105ce cukry.<\/p>\n<p>Wstrz\u0105\u015bnij opakowaniem przed u\u017cyciem. Obj\u0119to\u015b\u0107 nape\u0142nienia produktu mo\u017ce r\u00f3\u017cni\u0107 si\u0119 ze wzgl\u0119d\u00f3w technicznych. Przechowywa\u0107 w ch\u0142odnym i suchym miejscu. Spo\u017cy\u0107 w kr\u00f3tkim czasie po otwarciu.<\/p>\n<p><strong>Wa\u017cna wskaz\u00f3wka:<\/strong><br \/>\nNieprzestrzeganie instrukcji przygotowania mo\u017ce wp\u0142yn\u0105\u0107 na warto\u015b\u0107 od\u017cywcz\u0105 przygotowanego posi\u0142ku, a tym samym na skuteczno\u015b\u0107 diety. Skuteczno\u015b\u0107 produkt\u00f3w Figu Active jest najwi\u0119ksza przy stosowaniu si\u0119 do zalece\u0144 zawartych na opakowaniu.<\/p>\n<p>&nbsp;<\/p>\n<h4><span style=\"font-size: 16pt;\"><strong><a href=\"https:\/\/www.lraloeverashop.eu\/wp-content\/uploads\/2024\/09\/weight-loss-diet-review-300x300.jpeg\"><img loading=\"lazy\" decoding=\"async\" class=\"alignleft size-medium wp-image-16348\" src=\"https:\/\/www.lraloeverashop.eu\/wp-content\/uploads\/2024\/09\/weight-loss-diet-review-300x300.jpeg\" alt=\"Koktajl Truskawkowy na Odchudzanie ma tylko 217 kcal na porcj\u0119\" width=\"300\" height=\"300\" srcset=\"https:\/\/www.lraloeverashop.eu\/wp-content\/uploads\/2024\/09\/weight-loss-diet-review-300x300.jpeg 300w, https:\/\/www.lraloeverashop.eu\/wp-content\/uploads\/2024\/09\/weight-loss-diet-review-1024x1024.jpeg 1024w, https:\/\/www.lraloeverashop.eu\/wp-content\/uploads\/2024\/09\/weight-loss-diet-review-150x150.jpeg 150w, https:\/\/www.lraloeverashop.eu\/wp-content\/uploads\/2024\/09\/weight-loss-diet-review-768x768.jpeg 768w, https:\/\/www.lraloeverashop.eu\/wp-content\/uploads\/2024\/09\/weight-loss-diet-review-600x600.jpeg 600w, https:\/\/www.lraloeverashop.eu\/wp-content\/uploads\/2024\/09\/weight-loss-diet-review-100x100.jpeg 100w, https:\/\/www.lraloeverashop.eu\/wp-content\/uploads\/2024\/09\/weight-loss-diet-review.jpeg 1200w\" sizes=\"auto, (max-width: 300px) 100vw, 300px\" \/><\/a>Cz\u0119sto zadawane pytania<\/strong><\/span><\/h4>\n<p><strong>Czym jest Figu Active?<\/strong><\/p>\n<p>LR Figu Active to linia produkt\u00f3w wspieraj\u0105cych zdrow\u0105 kontrol\u0119 wagi. Obejmuje shake\u2019i, p\u0142atki oraz zupy. Produkty zast\u0119puj\u0105ce posi\u0142ki mog\u0105 zast\u0105pi\u0107 pe\u0142nowarto\u015bciowy posi\u0142ek, zawieraj\u0105c wszystkie niezb\u0119dne sk\u0142adniki od\u017cywcze: witaminy, minera\u0142y, aminokwasy, pierwiastki \u015bladowe itp., kt\u00f3re s\u0105 niezb\u0119dne dla organizmu.<\/p>\n<p>Jednak\u017ce zawieraj\u0105 mniej kalorii ni\u017c zwyk\u0142y posi\u0142ek. Zamiennik posi\u0142ku mo\u017cna \u0142\u0105czy\u0107 z innymi produktami wspomagaj\u0105cymi odchudzanie, takimi jak: zio\u0142owa herbata Figu Active, \u017cel do picia Aloe Vera o smaku brzoskwiniowym oraz Fiber Boost wspomagaj\u0105cy trawienie i utrat\u0119 wagi.<\/p>\n<p>&nbsp;<\/p>\n<p>&nbsp;<\/p>\n<h4><span style=\"font-size: 16pt;\"><strong><a style=\"transition-property: all; outline: 0px;\" href=\"https:\/\/www.lraloeverashop.eu\/wp-content\/uploads\/2024\/09\/man-weight-loss-before-and-after-300x300.jpeg\"><img loading=\"lazy\" decoding=\"async\" class=\"alignleft size-medium wp-image-16355\" style=\"margin-right: var(--global-md-spacing);\" src=\"https:\/\/www.lraloeverashop.eu\/wp-content\/uploads\/2024\/09\/man-weight-loss-before-and-after-300x300.jpeg\" alt=\"Koktajl z truskawek na odchudzanie stymuluje metabolizm\" width=\"300\" height=\"300\" srcset=\"https:\/\/www.lraloeverashop.eu\/wp-content\/uploads\/2024\/09\/man-weight-loss-before-and-after-300x300.jpeg 300w, https:\/\/www.lraloeverashop.eu\/wp-content\/uploads\/2024\/09\/man-weight-loss-before-and-after-1024x1024.jpeg 1024w, https:\/\/www.lraloeverashop.eu\/wp-content\/uploads\/2024\/09\/man-weight-loss-before-and-after-150x150.jpeg 150w, https:\/\/www.lraloeverashop.eu\/wp-content\/uploads\/2024\/09\/man-weight-loss-before-and-after-768x768.jpeg 768w, https:\/\/www.lraloeverashop.eu\/wp-content\/uploads\/2024\/09\/man-weight-loss-before-and-after-600x600.jpeg 600w, https:\/\/www.lraloeverashop.eu\/wp-content\/uploads\/2024\/09\/man-weight-loss-before-and-after-100x100.jpeg 100w, https:\/\/www.lraloeverashop.eu\/wp-content\/uploads\/2024\/09\/man-weight-loss-before-and-after.jpeg 1200w\" sizes=\"auto, (max-width: 300px) 100vw, 300px\" \/><\/a><\/strong><\/span><\/h4>\n<p><strong>Kt\u00f3re i ile posi\u0142k\u00f3w mog\u0119 zast\u0105pi\u0107 Figu Active?<\/strong><\/p>\n<p>Masz wiele mo\u017cliwo\u015bci: dzi\u0119ki produktom Figu Active mo\u017cesz zast\u0105pi\u0107 jeden, dwa, a nawet wszystkie trzy posi\u0142ki dziennie. Rekomendujemy zast\u0105pienie jednego posi\u0142ku dziennie w celu utrzymania wagi oraz dw\u00f3ch posi\u0142k\u00f3w dziennie w celu redukcji masy cia\u0142a \u2013 w po\u0142\u0105czeniu z trzecim, zbilansowanym, niskot\u0142uszczowym posi\u0142kiem.<\/p>\n<p>To Ty decydujesz, kt\u00f3re posi\u0142ki chcesz zast\u0105pi\u0107. Mo\u017cesz wybra\u0107 Koktajl Truskawkowy na Odchudzanie na \u015bniadanie, zbilansowany niskot\u0142uszczowy posi\u0142ek (np. ryba, warzywa lub sa\u0142atka) na obiad i pyszn\u0105 zup\u0119 Figu Active na kolacj\u0119. Pami\u0119taj, aby nigdy nie pomija\u0107 \u015bniadania.<\/p>\n<p>\u015aniadanie pobudza metabolizm i zapobiega aktywacji mechanizm\u00f3w oszcz\u0119dzania energii (kalorii). Shake\u2019i Figu Active lub p\u0142atki Figu Active to doskona\u0142y wyb\u00f3r na zbilansowane \u015bniadanie.<\/p>\n","protected":false},"excerpt":{"rendered":"<ul>\n<li>Kremowy Koktajl o smaku truskawkowym<\/li>\n<li>Ka\u017cda porcja zast\u0119puje pe\u0142nowarto\u015bciowy posi\u0142ek<\/li>\n<li>Na utrat\u0119 i utrzymanie wagi<\/li>\n<li>Wspomaga odchudzanie przy zaledwie 217 kaloriach na porcj\u0119<\/li>\n<li>100% wega\u0144skie, s\u0142odzone stewi\u0105, tylko naturalne aromaty<\/li>\n<li>Wysoka zawarto\u015b\u0107 b\u0142onnika i bia\u0142ka<\/li>\n<li>Nie zawiera glutenu, laktozy, oleju palmowego i wzmacniaczy smaku<\/li>\n<li>Zawarto\u015b\u0107: 496g<\/li>\n<\/ul>\n<p>&nbsp;<\/p>\n","protected":false},"featured_media":27022,"comment_status":"open","ping_status":"closed","template":"","meta":{"_kad_blocks_custom_css":"","_kad_blocks_head_custom_js":"","_kad_blocks_body_custom_js":"","_kad_blocks_footer_custom_js":"","_kadence_starter_templates_imported_post":false,"_kad_post_transparent":"default","_kad_post_title":"","_kad_post_layout":"default","_kad_post_sidebar_id":"","_kad_post_content_style":"default","_kad_post_vertical_padding":"default","_kad_post_feature":"","_kad_post_feature_position":"","_kad_post_header":false,"_kad_post_footer":false,"_kad_post_classname":""},"product_brand":[],"product_cat":[1088,1085],"product_tag":[1126],"class_list":{"0":"post-28983","1":"product","2":"type-product","3":"status-publish","4":"has-post-thumbnail","6":"product_cat-koktajle","7":"product_cat-zamienniki-posilkow","8":"product_tag-dieta-pl","10":"first","11":"instock","12":"taxable","13":"shipping-taxable","14":"purchasable","15":"product-type-simple","16":"entry","17":"content-bg","18":"loop-entry"},"yoast_head":"<!-- This site is optimized with the Yoast SEO Premium plugin v27.5 (Yoast SEO v27.5) - https:\/\/yoast.com\/product\/yoast-seo-premium-wordpress\/ -->\n<title>Koktajl Truskawkowy na Odchudzanie - tylko 217 kalorii na porcj\u0119<\/title>\n<meta name=\"description\" content=\"Chcesz schudn\u0105\u0107? Koktajle pomog\u0105 Ci osi\u0105gn\u0105\u0107 po\u017c\u0105dan\u0105 wag\u0119 bez wysi\u0142ku. Dla tych, kt\u00f3rzy kochaj\u0105 owoce, polecamy Koktajl Truskawkowy na Odchudzanie\" \/>\n<meta name=\"robots\" content=\"index, follow, max-snippet:-1, max-image-preview:large, max-video-preview:-1\" \/>\n<link rel=\"canonical\" href=\"https:\/\/www.lraloeverashop.eu\/pl\/produkt\/koktajl-truskawkowy-na-odchudzanie\/\" \/>\n<meta property=\"og:locale\" content=\"pl_PL\" \/>\n<meta property=\"og:type\" content=\"article\" \/>\n<meta property=\"og:title\" content=\"Koktajl Truskawkowy na Odchudzanie\" \/>\n<meta property=\"og:description\" content=\"Chcesz schudn\u0105\u0107? Koktajle pomog\u0105 Ci osi\u0105gn\u0105\u0107 po\u017c\u0105dan\u0105 wag\u0119 bez wysi\u0142ku. Dla tych, kt\u00f3rzy kochaj\u0105 owoce, polecamy Koktajl Truskawkowy na Odchudzanie\" \/>\n<meta property=\"og:url\" content=\"https:\/\/www.lraloeverashop.eu\/pl\/produkt\/koktajl-truskawkowy-na-odchudzanie\/\" \/>\n<meta property=\"og:site_name\" content=\"Lr Aloe Vera Shop\" \/>\n<meta property=\"article:publisher\" content=\"https:\/\/www.facebook.com\/lraloeverashop.eu\" \/>\n<meta property=\"article:modified_time\" content=\"2025-10-04T06:32:08+00:00\" \/>\n<meta property=\"og:image\" content=\"https:\/\/www.lraloeverashop.eu\/wp-content\/uploads\/2023\/01\/Figuactive-Shake-Strawberry.jpg\" \/>\n\t<meta property=\"og:image:width\" content=\"1200\" \/>\n\t<meta property=\"og:image:height\" content=\"1200\" \/>\n\t<meta property=\"og:image:type\" content=\"image\/jpeg\" \/>\n<meta name=\"twitter:card\" content=\"summary_large_image\" \/>\n<meta name=\"twitter:site\" content=\"@natur__kosmetik\" \/>\n<script type=\"application\/ld+json\" class=\"yoast-schema-graph\">{\"@context\":\"https:\\\/\\\/schema.org\",\"@graph\":[{\"@type\":[\"WebPage\",\"ItemPage\"],\"@id\":\"https:\\\/\\\/www.lraloeverashop.eu\\\/pl\\\/produkt\\\/koktajl-truskawkowy-na-odchudzanie\\\/\",\"url\":\"https:\\\/\\\/www.lraloeverashop.eu\\\/pl\\\/produkt\\\/koktajl-truskawkowy-na-odchudzanie\\\/\",\"name\":\"Koktajl Truskawkowy na Odchudzanie - tylko 217 kalorii na porcj\u0119\",\"isPartOf\":{\"@id\":\"https:\\\/\\\/www.lraloeverashop.eu\\\/pl\\\/#website\"},\"primaryImageOfPage\":{\"@id\":\"https:\\\/\\\/www.lraloeverashop.eu\\\/pl\\\/produkt\\\/koktajl-truskawkowy-na-odchudzanie\\\/#primaryimage\"},\"image\":{\"@id\":\"https:\\\/\\\/www.lraloeverashop.eu\\\/pl\\\/produkt\\\/koktajl-truskawkowy-na-odchudzanie\\\/#primaryimage\"},\"thumbnailUrl\":\"https:\\\/\\\/www.lraloeverashop.eu\\\/wp-content\\\/uploads\\\/2023\\\/01\\\/Figuactive-Shake-Strawberry.jpg\",\"datePublished\":\"2022-10-15T18:17:57+00:00\",\"dateModified\":\"2025-10-04T06:32:08+00:00\",\"description\":\"Chcesz schudn\u0105\u0107? Koktajle pomog\u0105 Ci osi\u0105gn\u0105\u0107 po\u017c\u0105dan\u0105 wag\u0119 bez wysi\u0142ku. Dla tych, kt\u00f3rzy kochaj\u0105 owoce, polecamy Koktajl Truskawkowy na Odchudzanie\",\"breadcrumb\":{\"@id\":\"https:\\\/\\\/www.lraloeverashop.eu\\\/pl\\\/produkt\\\/koktajl-truskawkowy-na-odchudzanie\\\/#breadcrumb\"},\"inLanguage\":\"pl-PL\",\"potentialAction\":[{\"@type\":\"ReadAction\",\"target\":[\"https:\\\/\\\/www.lraloeverashop.eu\\\/pl\\\/produkt\\\/koktajl-truskawkowy-na-odchudzanie\\\/\"]}]},{\"@type\":\"ImageObject\",\"inLanguage\":\"pl-PL\",\"@id\":\"https:\\\/\\\/www.lraloeverashop.eu\\\/pl\\\/produkt\\\/koktajl-truskawkowy-na-odchudzanie\\\/#primaryimage\",\"url\":\"https:\\\/\\\/www.lraloeverashop.eu\\\/wp-content\\\/uploads\\\/2023\\\/01\\\/Figuactive-Shake-Strawberry.jpg\",\"contentUrl\":\"https:\\\/\\\/www.lraloeverashop.eu\\\/wp-content\\\/uploads\\\/2023\\\/01\\\/Figuactive-Shake-Strawberry.jpg\",\"width\":1200,\"height\":1200,\"caption\":\"Figuactive Shake Truskawkowy\"},{\"@type\":\"BreadcrumbList\",\"@id\":\"https:\\\/\\\/www.lraloeverashop.eu\\\/pl\\\/produkt\\\/koktajl-truskawkowy-na-odchudzanie\\\/#breadcrumb\",\"itemListElement\":[{\"@type\":\"ListItem\",\"position\":1,\"name\":\"Home\",\"item\":\"https:\\\/\\\/www.lraloeverashop.eu\\\/pl\\\/\"},{\"@type\":\"ListItem\",\"position\":2,\"name\":\"Sklep\",\"item\":\"https:\\\/\\\/www.lraloeverashop.eu\\\/pl\\\/sklep\\\/\"},{\"@type\":\"ListItem\",\"position\":3,\"name\":\"Koktajl Truskawkowy na Odchudzanie\"}]},{\"@type\":\"WebSite\",\"@id\":\"https:\\\/\\\/www.lraloeverashop.eu\\\/pl\\\/#website\",\"url\":\"https:\\\/\\\/www.lraloeverashop.eu\\\/pl\\\/\",\"name\":\"Lr Aloe Vera Shop\",\"description\":\"High Quality Lr Aloe Vera Gel, Aloe Vera Cream and Shampoo\",\"publisher\":{\"@id\":\"https:\\\/\\\/www.lraloeverashop.eu\\\/pl\\\/#organization\"},\"alternateName\":\"LR\",\"potentialAction\":[{\"@type\":\"SearchAction\",\"target\":{\"@type\":\"EntryPoint\",\"urlTemplate\":\"https:\\\/\\\/www.lraloeverashop.eu\\\/pl\\\/?s={search_term_string}\"},\"query-input\":{\"@type\":\"PropertyValueSpecification\",\"valueRequired\":true,\"valueName\":\"search_term_string\"}}],\"inLanguage\":\"pl-PL\"},{\"@type\":\"Organization\",\"@id\":\"https:\\\/\\\/www.lraloeverashop.eu\\\/pl\\\/#organization\",\"name\":\"Sklep Lr Aloe Vera\",\"alternateName\":\"LR\",\"url\":\"https:\\\/\\\/www.lraloeverashop.eu\\\/pl\\\/\",\"logo\":{\"@type\":\"ImageObject\",\"inLanguage\":\"pl-PL\",\"@id\":\"https:\\\/\\\/www.lraloeverashop.eu\\\/pl\\\/#\\\/schema\\\/logo\\\/image\\\/\",\"url\":\"https:\\\/\\\/www.lraloeverashop.eu\\\/wp-content\\\/uploads\\\/2022\\\/09\\\/cropped-Lr-Aloe-Vera-Shop.jpg\",\"contentUrl\":\"https:\\\/\\\/www.lraloeverashop.eu\\\/wp-content\\\/uploads\\\/2022\\\/09\\\/cropped-Lr-Aloe-Vera-Shop.jpg\",\"width\":228,\"height\":76,\"caption\":\"Sklep Lr Aloe Vera\"},\"image\":{\"@id\":\"https:\\\/\\\/www.lraloeverashop.eu\\\/pl\\\/#\\\/schema\\\/logo\\\/image\\\/\"},\"sameAs\":[\"https:\\\/\\\/www.facebook.com\\\/lraloeverashop.eu\",\"https:\\\/\\\/x.com\\\/natur__kosmetik\",\"https:\\\/\\\/www.youtube.com\\\/channel\\\/UC5oN7BJ8nfYb8RpVtjwDEBA\",\"https:\\\/\\\/www.instagram.com\\\/lrbeautyeu\\\/\"],\"description\":\"Sklep LR Aloe Vera to Twoje zaufane \u017ar\u00f3d\u0142o wysokiej jako\u015bci produkt\u00f3w LR Health & Beauty wyprodukowanych w Niemczech. Oferujemy wysokiej jako\u015bci produkty do piel\u0119gnacji sk\u00f3ry, od\u017cywiania i przeciwstarzeniowe z aloesem, stworzone z czystych sk\u0142adnik\u00f3w i poparte badaniami naukowymi. Odkryj naturaln\u0105 piel\u0119gnacj\u0119, kt\u00f3ra regeneruje, chroni i rewitalizuje Twoj\u0105 sk\u00f3r\u0119 \u2014 i korzystaj z ekskluzywnych comiesi\u0119cznych ofert na nasze bestsellerowe produkty LR Aloe Vera.\\nRozpocznij swoj\u0105 naturaln\u0105 piel\u0119gnacj\u0119 sk\u00f3ry ju\u017c dzi\u015b i poczuj r\u00f3\u017cnic\u0119.\",\"email\":\"info@lraloeverashop.eu\",\"telephone\":\"+49 17670609653\",\"legalName\":\"Lr Aloe Vera Shop\",\"foundingDate\":\"2018-04-21\",\"numberOfEmployees\":{\"@type\":\"QuantitativeValue\",\"minValue\":\"1\",\"maxValue\":\"10\"}}]}<\/script>\n<meta property=\"product:price:amount\" content=\"48.59\" \/>\n<meta property=\"product:price:currency\" content=\"EUR\" \/>\n<meta property=\"og:availability\" content=\"instock\" \/>\n<meta property=\"product:availability\" content=\"instock\" \/>\n<meta property=\"product:retailer_item_id\" content=\"81241-1PL\" \/>\n<meta property=\"product:condition\" content=\"new\" \/>\n<!-- \/ Yoast SEO Premium plugin. -->","yoast_head_json":{"title":"Koktajl Truskawkowy na Odchudzanie - tylko 217 kalorii na porcj\u0119","description":"Chcesz schudn\u0105\u0107? Koktajle pomog\u0105 Ci osi\u0105gn\u0105\u0107 po\u017c\u0105dan\u0105 wag\u0119 bez wysi\u0142ku. Dla tych, kt\u00f3rzy kochaj\u0105 owoce, polecamy Koktajl Truskawkowy na Odchudzanie","robots":{"index":"index","follow":"follow","max-snippet":"max-snippet:-1","max-image-preview":"max-image-preview:large","max-video-preview":"max-video-preview:-1"},"canonical":"https:\/\/www.lraloeverashop.eu\/pl\/produkt\/koktajl-truskawkowy-na-odchudzanie\/","og_locale":"pl_PL","og_type":"article","og_title":"Koktajl Truskawkowy na Odchudzanie","og_description":"Chcesz schudn\u0105\u0107? Koktajle pomog\u0105 Ci osi\u0105gn\u0105\u0107 po\u017c\u0105dan\u0105 wag\u0119 bez wysi\u0142ku. Dla tych, kt\u00f3rzy kochaj\u0105 owoce, polecamy Koktajl Truskawkowy na Odchudzanie","og_url":"https:\/\/www.lraloeverashop.eu\/pl\/produkt\/koktajl-truskawkowy-na-odchudzanie\/","og_site_name":"Lr Aloe Vera Shop","article_publisher":"https:\/\/www.facebook.com\/lraloeverashop.eu","article_modified_time":"2025-10-04T06:32:08+00:00","og_image":[{"width":1200,"height":1200,"url":"https:\/\/www.lraloeverashop.eu\/wp-content\/uploads\/2023\/01\/Figuactive-Shake-Strawberry.jpg","type":"image\/jpeg"}],"twitter_card":"summary_large_image","twitter_site":"@natur__kosmetik","schema":{"@context":"https:\/\/schema.org","@graph":[{"@type":["WebPage","ItemPage"],"@id":"https:\/\/www.lraloeverashop.eu\/pl\/produkt\/koktajl-truskawkowy-na-odchudzanie\/","url":"https:\/\/www.lraloeverashop.eu\/pl\/produkt\/koktajl-truskawkowy-na-odchudzanie\/","name":"Koktajl Truskawkowy na Odchudzanie - tylko 217 kalorii na porcj\u0119","isPartOf":{"@id":"https:\/\/www.lraloeverashop.eu\/pl\/#website"},"primaryImageOfPage":{"@id":"https:\/\/www.lraloeverashop.eu\/pl\/produkt\/koktajl-truskawkowy-na-odchudzanie\/#primaryimage"},"image":{"@id":"https:\/\/www.lraloeverashop.eu\/pl\/produkt\/koktajl-truskawkowy-na-odchudzanie\/#primaryimage"},"thumbnailUrl":"https:\/\/www.lraloeverashop.eu\/wp-content\/uploads\/2023\/01\/Figuactive-Shake-Strawberry.jpg","datePublished":"2022-10-15T18:17:57+00:00","dateModified":"2025-10-04T06:32:08+00:00","description":"Chcesz schudn\u0105\u0107? Koktajle pomog\u0105 Ci osi\u0105gn\u0105\u0107 po\u017c\u0105dan\u0105 wag\u0119 bez wysi\u0142ku. Dla tych, kt\u00f3rzy kochaj\u0105 owoce, polecamy Koktajl Truskawkowy na Odchudzanie","breadcrumb":{"@id":"https:\/\/www.lraloeverashop.eu\/pl\/produkt\/koktajl-truskawkowy-na-odchudzanie\/#breadcrumb"},"inLanguage":"pl-PL","potentialAction":[{"@type":"ReadAction","target":["https:\/\/www.lraloeverashop.eu\/pl\/produkt\/koktajl-truskawkowy-na-odchudzanie\/"]}]},{"@type":"ImageObject","inLanguage":"pl-PL","@id":"https:\/\/www.lraloeverashop.eu\/pl\/produkt\/koktajl-truskawkowy-na-odchudzanie\/#primaryimage","url":"https:\/\/www.lraloeverashop.eu\/wp-content\/uploads\/2023\/01\/Figuactive-Shake-Strawberry.jpg","contentUrl":"https:\/\/www.lraloeverashop.eu\/wp-content\/uploads\/2023\/01\/Figuactive-Shake-Strawberry.jpg","width":1200,"height":1200,"caption":"Figuactive Shake Truskawkowy"},{"@type":"BreadcrumbList","@id":"https:\/\/www.lraloeverashop.eu\/pl\/produkt\/koktajl-truskawkowy-na-odchudzanie\/#breadcrumb","itemListElement":[{"@type":"ListItem","position":1,"name":"Home","item":"https:\/\/www.lraloeverashop.eu\/pl\/"},{"@type":"ListItem","position":2,"name":"Sklep","item":"https:\/\/www.lraloeverashop.eu\/pl\/sklep\/"},{"@type":"ListItem","position":3,"name":"Koktajl Truskawkowy na Odchudzanie"}]},{"@type":"WebSite","@id":"https:\/\/www.lraloeverashop.eu\/pl\/#website","url":"https:\/\/www.lraloeverashop.eu\/pl\/","name":"Lr Aloe Vera Shop","description":"High Quality Lr Aloe Vera Gel, Aloe Vera Cream and Shampoo","publisher":{"@id":"https:\/\/www.lraloeverashop.eu\/pl\/#organization"},"alternateName":"LR","potentialAction":[{"@type":"SearchAction","target":{"@type":"EntryPoint","urlTemplate":"https:\/\/www.lraloeverashop.eu\/pl\/?s={search_term_string}"},"query-input":{"@type":"PropertyValueSpecification","valueRequired":true,"valueName":"search_term_string"}}],"inLanguage":"pl-PL"},{"@type":"Organization","@id":"https:\/\/www.lraloeverashop.eu\/pl\/#organization","name":"Sklep Lr Aloe Vera","alternateName":"LR","url":"https:\/\/www.lraloeverashop.eu\/pl\/","logo":{"@type":"ImageObject","inLanguage":"pl-PL","@id":"https:\/\/www.lraloeverashop.eu\/pl\/#\/schema\/logo\/image\/","url":"https:\/\/www.lraloeverashop.eu\/wp-content\/uploads\/2022\/09\/cropped-Lr-Aloe-Vera-Shop.jpg","contentUrl":"https:\/\/www.lraloeverashop.eu\/wp-content\/uploads\/2022\/09\/cropped-Lr-Aloe-Vera-Shop.jpg","width":228,"height":76,"caption":"Sklep Lr Aloe Vera"},"image":{"@id":"https:\/\/www.lraloeverashop.eu\/pl\/#\/schema\/logo\/image\/"},"sameAs":["https:\/\/www.facebook.com\/lraloeverashop.eu","https:\/\/x.com\/natur__kosmetik","https:\/\/www.youtube.com\/channel\/UC5oN7BJ8nfYb8RpVtjwDEBA","https:\/\/www.instagram.com\/lrbeautyeu\/"],"description":"Sklep LR Aloe Vera to Twoje zaufane \u017ar\u00f3d\u0142o wysokiej jako\u015bci produkt\u00f3w LR Health & Beauty wyprodukowanych w Niemczech. Oferujemy wysokiej jako\u015bci produkty do piel\u0119gnacji sk\u00f3ry, od\u017cywiania i przeciwstarzeniowe z aloesem, stworzone z czystych sk\u0142adnik\u00f3w i poparte badaniami naukowymi. Odkryj naturaln\u0105 piel\u0119gnacj\u0119, kt\u00f3ra regeneruje, chroni i rewitalizuje Twoj\u0105 sk\u00f3r\u0119 \u2014 i korzystaj z ekskluzywnych comiesi\u0119cznych ofert na nasze bestsellerowe produkty LR Aloe Vera.\nRozpocznij swoj\u0105 naturaln\u0105 piel\u0119gnacj\u0119 sk\u00f3ry ju\u017c dzi\u015b i poczuj r\u00f3\u017cnic\u0119.","email":"info@lraloeverashop.eu","telephone":"+49 17670609653","legalName":"Lr Aloe Vera Shop","foundingDate":"2018-04-21","numberOfEmployees":{"@type":"QuantitativeValue","minValue":"1","maxValue":"10"}}]},"product_price_amount":"48.59","product_price_currency":"EUR","og_availability":"instock","product_availability":"instock","product_retailer_item_id":"81241-1PL","product_condition":"new"},"taxonomy_info":{"product_cat":[{"value":1088,"label":"Koktajle"},{"value":1085,"label":"Zamienniki posi\u0142k\u00f3w"}],"product_tag":[{"value":1126,"label":"dieta"}]},"featured_image_src_large":["https:\/\/www.lraloeverashop.eu\/wp-content\/uploads\/2023\/01\/Figuactive-Shake-Strawberry-1024x1024.jpg",1024,1024,true],"author_info":[],"comment_info":0,"_links":{"self":[{"href":"https:\/\/www.lraloeverashop.eu\/pl\/wp-json\/wp\/v2\/product\/28983","targetHints":{"allow":["GET"]}}],"collection":[{"href":"https:\/\/www.lraloeverashop.eu\/pl\/wp-json\/wp\/v2\/product"}],"about":[{"href":"https:\/\/www.lraloeverashop.eu\/pl\/wp-json\/wp\/v2\/types\/product"}],"replies":[{"embeddable":true,"href":"https:\/\/www.lraloeverashop.eu\/pl\/wp-json\/wp\/v2\/comments?post=28983"}],"wp:featuredmedia":[{"embeddable":true,"href":"https:\/\/www.lraloeverashop.eu\/pl\/wp-json\/wp\/v2\/media\/27022"}],"wp:attachment":[{"href":"https:\/\/www.lraloeverashop.eu\/pl\/wp-json\/wp\/v2\/media?parent=28983"}],"wp:term":[{"taxonomy":"product_brand","embeddable":true,"href":"https:\/\/www.lraloeverashop.eu\/pl\/wp-json\/wp\/v2\/product_brand?post=28983"},{"taxonomy":"product_cat","embeddable":true,"href":"https:\/\/www.lraloeverashop.eu\/pl\/wp-json\/wp\/v2\/product_cat?post=28983"},{"taxonomy":"product_tag","embeddable":true,"href":"https:\/\/www.lraloeverashop.eu\/pl\/wp-json\/wp\/v2\/product_tag?post=28983"}],"curies":[{"name":"wp","href":"https:\/\/api.w.org\/{rel}","templated":true}]}}